{"id":69189,"date":"2025-03-20T07:14:30","date_gmt":"2025-03-20T07:14:30","guid":{"rendered":"https:\/\/aztex.ee\/?post_type=product&#038;p=69189"},"modified":"2026-03-27T14:59:31","modified_gmt":"2026-03-27T14:59:31","slug":"cuscino-coperta-2-in-1","status":"publish","type":"product","link":"https:\/\/aztex.ee\/it\/pood\/mondo-dei-bambini\/cuscino-coperta-2-in-1\/","title":{"rendered":"Cuscino Coperta 2 in 1"},"content":{"rendered":"<p><strong>Cuscino e coperta per bambini 2 in 1: comfort e praticit\u00e0 perfetti in ogni situazione<\/strong><\/p>\n<p><strong>Una soluzione compatta e salvaspazio per ogni ambiente<\/strong><\/p>\n<p>Il cuscino e la coperta per bambini 2 in 1 sono la soluzione ideale per i bambini che hanno bisogno di comfort e calore in ogni situazione. Il design compatto e facile da trasportare lo rende un&#8217;ottima scelta per la casa, i viaggi o le camerette dei bambini. L&#8217;eccezionale design salvaspazio assicura che il prodotto si adatti perfettamente anche all&#8217;auto, offrendo ai bambini calore e comfort in qualsiasi momento ne abbiano pi\u00f9 bisogno. Non importa se sei a casa o in viaggio: questa soluzione 2 in 1 assicura una vacanza confortevole ovunque.<\/p>\n<p><strong>Versatile e pratico in ogni situazione<\/strong><\/p>\n<p>Questo prodotto versatile \u00e8 adatto a ogni occasione, inclusa la vita quotidiana dei bambini. Che si tratti di rilassarsi a casa dopo la scuola o in viaggio, questo prodotto offre esattamente ci\u00f2 di cui il tuo bambino ha bisogno in qualsiasi momento. Compatto e facile da usare, \u00e8 perfetto anche per il campeggio, le vacanze e persino i viaggi in auto. Questo prodotto fornisce calore e comfort ai bambini ovunque ne abbiano bisogno.<\/p>\n<p><strong>Facile da usare e mantenere<\/strong><\/p>\n<p>Il cuscino e la coperta per bambini 2 in 1 sono realizzati con i migliori materiali per garantire una lunga durata. \u00c8 progettato per essere facile non solo da usare, ma anche da mantenere. Per le famiglie con bambini, dove velocit\u00e0 e semplicit\u00e0 sono importanti, questo prodotto offre grande comfort e praticit\u00e0. Grazie alla sua facile manutenzione, pu\u00f2 essere facilmente lavato per garantire igiene e freschezza nell&#8217;uso quotidiano.<\/p>\n<p><strong>Il compagno di viaggio perfetto e l&#8217;aggiunta alla casa per i bambini<\/strong><\/p>\n<p>Questo cuscino e coperta 2 in 1 \u00e8 il compagno di viaggio ideale, poich\u00e9 \u00e8 leggero, compatto e pratico. Portalo sempre con te per garantire relax e calore ai bambini in qualsiasi momento. A casa, completer\u00e0 perfettamente la stanza dei bambini, offrendo un comfort perfetto per ogni utente. Che tu stia viaggiando o rilassandoti a casa, il cuscino e la coperta 2 in 1 renderanno ogni momento pi\u00f9 piacevole, essendo il compagno perfetto per ogni piccola avventura.<\/p>\n","protected":false},"excerpt":{"rendered":"<ul>\n<li>Materiale: Vello di corallo<\/li>\n<li>Dimensioni: 40&#215;40 cm \u2013 aperto 105&#215;155 cm<\/li>\n<li>Peso: 1,1 kg<\/li>\n<\/ul>\n","protected":false},"featured_media":69307,"comment_status":"open","ping_status":"closed","template":"","meta":[],"product_brand":[],"product_cat":[2238,2216],"product_tag":[],"class_list":{"0":"post-69189","1":"product","2":"type-product","3":"status-publish","4":"has-post-thumbnail","6":"product_cat-coperte-per-bambini","7":"product_cat-mondo-dei-bambini","9":"first","10":"instock","11":"shipping-taxable","12":"purchasable","13":"product-type-variable"},"yoast_head":"<!-- This site is optimized with the Yoast SEO plugin v27.3 - https:\/\/yoast.com\/product\/yoast-seo-wordpress\/ -->\n<title>Cuscino Coperta 2 in 1 | AZTEX<\/title>\n<meta name=\"description\" content=\"Il cuscino e coperta per bambini 2 in 1 \u00e8 una soluzione compatta, di alta qualit\u00e0 e salvaspazio, ideale per rilassarsi a casa o in viaggio.\" \/>\n<meta name=\"robots\" content=\"index, follow, max-snippet:-1, max-image-preview:large, max-video-preview:-1\" \/>\n<link rel=\"canonical\" href=\"https:\/\/aztex.ee\/it\/pood\/mondo-dei-bambini\/cuscino-coperta-2-in-1\/\" \/>\n<meta property=\"og:locale\" content=\"it_IT\" \/>\n<meta property=\"og:type\" content=\"article\" \/>\n<meta property=\"og:title\" content=\"Cuscino Coperta 2 in 1 | AZTEX\" \/>\n<meta property=\"og:description\" content=\"Il cuscino e coperta per bambini 2 in 1 \u00e8 una soluzione compatta, di alta qualit\u00e0 e salvaspazio, ideale per rilassarsi a casa o in viaggio.\" \/>\n<meta property=\"og:url\" content=\"https:\/\/aztex.ee\/it\/pood\/mondo-dei-bambini\/cuscino-coperta-2-in-1\/\" \/>\n<meta property=\"og:site_name\" content=\"AZTEX\" \/>\n<meta property=\"article:publisher\" content=\"https:\/\/www.facebook.com\/AztexEE\" \/>\n<meta property=\"article:modified_time\" content=\"2026-03-27T14:59:31+00:00\" \/>\n<meta property=\"og:image\" content=\"https:\/\/aztex.ee\/wp-content\/uploads\/2025\/03\/Padi-ja-tekk-2-in-1.jpg\" \/>\n\t<meta property=\"og:image:width\" content=\"800\" \/>\n\t<meta property=\"og:image:height\" content=\"800\" \/>\n\t<meta property=\"og:image:type\" content=\"image\/jpeg\" \/>\n<meta name=\"twitter:card\" content=\"summary_large_image\" \/>\n<meta name=\"twitter:label1\" content=\"Tempo di lettura stimato\" \/>\n\t<meta name=\"twitter:data1\" content=\"3 minuti\" \/>\n<script type=\"application\/ld+json\" class=\"yoast-schema-graph\">{\"@context\":\"https:\\\/\\\/schema.org\",\"@graph\":[{\"@type\":[\"WebPage\",\"ItemPage\"],\"@id\":\"https:\\\/\\\/aztex.ee\\\/it\\\/pood\\\/mondo-dei-bambini\\\/cuscino-coperta-2-in-1\\\/\",\"url\":\"https:\\\/\\\/aztex.ee\\\/it\\\/pood\\\/mondo-dei-bambini\\\/cuscino-coperta-2-in-1\\\/\",\"name\":\"Cuscino Coperta 2 in 1 | AZTEX\",\"isPartOf\":{\"@id\":\"https:\\\/\\\/aztex.ee\\\/it\\\/#website\"},\"primaryImageOfPage\":{\"@id\":\"https:\\\/\\\/aztex.ee\\\/it\\\/pood\\\/mondo-dei-bambini\\\/cuscino-coperta-2-in-1\\\/#primaryimage\"},\"image\":{\"@id\":\"https:\\\/\\\/aztex.ee\\\/it\\\/pood\\\/mondo-dei-bambini\\\/cuscino-coperta-2-in-1\\\/#primaryimage\"},\"thumbnailUrl\":\"https:\\\/\\\/aztex.ee\\\/wp-content\\\/uploads\\\/2025\\\/03\\\/Padi-ja-tekk-2-in-1.jpg\",\"datePublished\":\"2025-03-20T07:14:30+00:00\",\"dateModified\":\"2026-03-27T14:59:31+00:00\",\"description\":\"Il cuscino e coperta per bambini 2 in 1 \u00e8 una soluzione compatta, di alta qualit\u00e0 e salvaspazio, ideale per rilassarsi a casa o in viaggio.\",\"breadcrumb\":{\"@id\":\"https:\\\/\\\/aztex.ee\\\/it\\\/pood\\\/mondo-dei-bambini\\\/cuscino-coperta-2-in-1\\\/#breadcrumb\"},\"inLanguage\":\"it-IT\",\"potentialAction\":[{\"@type\":\"ReadAction\",\"target\":[\"https:\\\/\\\/aztex.ee\\\/it\\\/pood\\\/mondo-dei-bambini\\\/cuscino-coperta-2-in-1\\\/\"]}]},{\"@type\":\"ImageObject\",\"inLanguage\":\"it-IT\",\"@id\":\"https:\\\/\\\/aztex.ee\\\/it\\\/pood\\\/mondo-dei-bambini\\\/cuscino-coperta-2-in-1\\\/#primaryimage\",\"url\":\"https:\\\/\\\/aztex.ee\\\/wp-content\\\/uploads\\\/2025\\\/03\\\/Padi-ja-tekk-2-in-1.jpg\",\"contentUrl\":\"https:\\\/\\\/aztex.ee\\\/wp-content\\\/uploads\\\/2025\\\/03\\\/Padi-ja-tekk-2-in-1.jpg\",\"width\":800,\"height\":800,\"caption\":\"Padi ja tekk 2 in 1\"},{\"@type\":\"BreadcrumbList\",\"@id\":\"https:\\\/\\\/aztex.ee\\\/it\\\/pood\\\/mondo-dei-bambini\\\/cuscino-coperta-2-in-1\\\/#breadcrumb\",\"itemListElement\":[{\"@type\":\"ListItem\",\"position\":1,\"name\":\"Pagina Iniziale\",\"item\":\"https:\\\/\\\/aztex.ee\\\/it\\\/\"},{\"@type\":\"ListItem\",\"position\":2,\"name\":\"Negozio\",\"item\":\"https:\\\/\\\/aztex.ee\\\/it\\\/negozio\\\/\"},{\"@type\":\"ListItem\",\"position\":3,\"name\":\"Cuscino Coperta 2 in 1\"}]},{\"@type\":\"WebSite\",\"@id\":\"https:\\\/\\\/aztex.ee\\\/it\\\/#website\",\"url\":\"https:\\\/\\\/aztex.ee\\\/it\\\/\",\"name\":\"AZTEX\",\"description\":\"\",\"publisher\":{\"@id\":\"https:\\\/\\\/aztex.ee\\\/it\\\/#organization\"},\"potentialAction\":[{\"@type\":\"SearchAction\",\"target\":{\"@type\":\"EntryPoint\",\"urlTemplate\":\"https:\\\/\\\/aztex.ee\\\/it\\\/?s={search_term_string}\"},\"query-input\":{\"@type\":\"PropertyValueSpecification\",\"valueRequired\":true,\"valueName\":\"search_term_string\"}}],\"inLanguage\":\"it-IT\"},{\"@type\":\"Organization\",\"@id\":\"https:\\\/\\\/aztex.ee\\\/it\\\/#organization\",\"name\":\"AZTEX\",\"url\":\"https:\\\/\\\/aztex.ee\\\/it\\\/\",\"logo\":{\"@type\":\"ImageObject\",\"inLanguage\":\"it-IT\",\"@id\":\"https:\\\/\\\/aztex.ee\\\/it\\\/#\\\/schema\\\/logo\\\/image\\\/\",\"url\":\"https:\\\/\\\/aztex.ee\\\/wp-content\\\/uploads\\\/2026\\\/01\\\/AZTEX.png\",\"contentUrl\":\"https:\\\/\\\/aztex.ee\\\/wp-content\\\/uploads\\\/2026\\\/01\\\/AZTEX.png\",\"width\":500,\"height\":500,\"caption\":\"AZTEX\"},\"image\":{\"@id\":\"https:\\\/\\\/aztex.ee\\\/it\\\/#\\\/schema\\\/logo\\\/image\\\/\"},\"sameAs\":[\"https:\\\/\\\/www.facebook.com\\\/AztexEE\",\"https:\\\/\\\/www.instagram.com\\\/aztexeesti\\\/\",\"https:\\\/\\\/www.youtube.com\\\/@AZTEXEE\",\"https:\\\/\\\/www.pinterest.com\\\/aztex_eesti\\\/\",\"https:\\\/\\\/www.tiktok.com\\\/@aztexeesti\",\"https:\\\/\\\/www.trustpilot.com\\\/review\\\/aztex.ee\",\"https:\\\/\\\/www.linkedin.com\\\/company\\\/aztex-ee\\\/\",\"https:\\\/\\\/www.wikidata.org\\\/wiki\\\/Q137560182\"]}]}<\/script>\n<!-- \/ Yoast SEO plugin. -->","yoast_head_json":{"title":"Cuscino Coperta 2 in 1 | AZTEX","description":"Il cuscino e coperta per bambini 2 in 1 \u00e8 una soluzione compatta, di alta qualit\u00e0 e salvaspazio, ideale per rilassarsi a casa o in viaggio.","robots":{"index":"index","follow":"follow","max-snippet":"max-snippet:-1","max-image-preview":"max-image-preview:large","max-video-preview":"max-video-preview:-1"},"canonical":"https:\/\/aztex.ee\/it\/pood\/mondo-dei-bambini\/cuscino-coperta-2-in-1\/","og_locale":"it_IT","og_type":"article","og_title":"Cuscino Coperta 2 in 1 | AZTEX","og_description":"Il cuscino e coperta per bambini 2 in 1 \u00e8 una soluzione compatta, di alta qualit\u00e0 e salvaspazio, ideale per rilassarsi a casa o in viaggio.","og_url":"https:\/\/aztex.ee\/it\/pood\/mondo-dei-bambini\/cuscino-coperta-2-in-1\/","og_site_name":"AZTEX","article_publisher":"https:\/\/www.facebook.com\/AztexEE","article_modified_time":"2026-03-27T14:59:31+00:00","og_image":[{"width":800,"height":800,"url":"https:\/\/aztex.ee\/wp-content\/uploads\/2025\/03\/Padi-ja-tekk-2-in-1.jpg","type":"image\/jpeg"}],"twitter_card":"summary_large_image","twitter_misc":{"Tempo di lettura stimato":"3 minuti"},"schema":{"@context":"https:\/\/schema.org","@graph":[{"@type":["WebPage","ItemPage"],"@id":"https:\/\/aztex.ee\/it\/pood\/mondo-dei-bambini\/cuscino-coperta-2-in-1\/","url":"https:\/\/aztex.ee\/it\/pood\/mondo-dei-bambini\/cuscino-coperta-2-in-1\/","name":"Cuscino Coperta 2 in 1 | AZTEX","isPartOf":{"@id":"https:\/\/aztex.ee\/it\/#website"},"primaryImageOfPage":{"@id":"https:\/\/aztex.ee\/it\/pood\/mondo-dei-bambini\/cuscino-coperta-2-in-1\/#primaryimage"},"image":{"@id":"https:\/\/aztex.ee\/it\/pood\/mondo-dei-bambini\/cuscino-coperta-2-in-1\/#primaryimage"},"thumbnailUrl":"https:\/\/aztex.ee\/wp-content\/uploads\/2025\/03\/Padi-ja-tekk-2-in-1.jpg","datePublished":"2025-03-20T07:14:30+00:00","dateModified":"2026-03-27T14:59:31+00:00","description":"Il cuscino e coperta per bambini 2 in 1 \u00e8 una soluzione compatta, di alta qualit\u00e0 e salvaspazio, ideale per rilassarsi a casa o in viaggio.","breadcrumb":{"@id":"https:\/\/aztex.ee\/it\/pood\/mondo-dei-bambini\/cuscino-coperta-2-in-1\/#breadcrumb"},"inLanguage":"it-IT","potentialAction":[{"@type":"ReadAction","target":["https:\/\/aztex.ee\/it\/pood\/mondo-dei-bambini\/cuscino-coperta-2-in-1\/"]}]},{"@type":"ImageObject","inLanguage":"it-IT","@id":"https:\/\/aztex.ee\/it\/pood\/mondo-dei-bambini\/cuscino-coperta-2-in-1\/#primaryimage","url":"https:\/\/aztex.ee\/wp-content\/uploads\/2025\/03\/Padi-ja-tekk-2-in-1.jpg","contentUrl":"https:\/\/aztex.ee\/wp-content\/uploads\/2025\/03\/Padi-ja-tekk-2-in-1.jpg","width":800,"height":800,"caption":"Padi ja tekk 2 in 1"},{"@type":"BreadcrumbList","@id":"https:\/\/aztex.ee\/it\/pood\/mondo-dei-bambini\/cuscino-coperta-2-in-1\/#breadcrumb","itemListElement":[{"@type":"ListItem","position":1,"name":"Pagina Iniziale","item":"https:\/\/aztex.ee\/it\/"},{"@type":"ListItem","position":2,"name":"Negozio","item":"https:\/\/aztex.ee\/it\/negozio\/"},{"@type":"ListItem","position":3,"name":"Cuscino Coperta 2 in 1"}]},{"@type":"WebSite","@id":"https:\/\/aztex.ee\/it\/#website","url":"https:\/\/aztex.ee\/it\/","name":"AZTEX","description":"","publisher":{"@id":"https:\/\/aztex.ee\/it\/#organization"},"potentialAction":[{"@type":"SearchAction","target":{"@type":"EntryPoint","urlTemplate":"https:\/\/aztex.ee\/it\/?s={search_term_string}"},"query-input":{"@type":"PropertyValueSpecification","valueRequired":true,"valueName":"search_term_string"}}],"inLanguage":"it-IT"},{"@type":"Organization","@id":"https:\/\/aztex.ee\/it\/#organization","name":"AZTEX","url":"https:\/\/aztex.ee\/it\/","logo":{"@type":"ImageObject","inLanguage":"it-IT","@id":"https:\/\/aztex.ee\/it\/#\/schema\/logo\/image\/","url":"https:\/\/aztex.ee\/wp-content\/uploads\/2026\/01\/AZTEX.png","contentUrl":"https:\/\/aztex.ee\/wp-content\/uploads\/2026\/01\/AZTEX.png","width":500,"height":500,"caption":"AZTEX"},"image":{"@id":"https:\/\/aztex.ee\/it\/#\/schema\/logo\/image\/"},"sameAs":["https:\/\/www.facebook.com\/AztexEE","https:\/\/www.instagram.com\/aztexeesti\/","https:\/\/www.youtube.com\/@AZTEXEE","https:\/\/www.pinterest.com\/aztex_eesti\/","https:\/\/www.tiktok.com\/@aztexeesti","https:\/\/www.trustpilot.com\/review\/aztex.ee","https:\/\/www.linkedin.com\/company\/aztex-ee\/","https:\/\/www.wikidata.org\/wiki\/Q137560182"]}]}},"_links":{"self":[{"href":"https:\/\/aztex.ee\/it\/wp-json\/wp\/v2\/product\/69189","targetHints":{"allow":["GET"]}}],"collection":[{"href":"https:\/\/aztex.ee\/it\/wp-json\/wp\/v2\/product"}],"about":[{"href":"https:\/\/aztex.ee\/it\/wp-json\/wp\/v2\/types\/product"}],"replies":[{"embeddable":true,"href":"https:\/\/aztex.ee\/it\/wp-json\/wp\/v2\/comments?post=69189"}],"version-history":[{"count":0,"href":"https:\/\/aztex.ee\/it\/wp-json\/wp\/v2\/product\/69189\/revisions"}],"wp:featuredmedia":[{"embeddable":true,"href":"https:\/\/aztex.ee\/it\/wp-json\/wp\/v2\/media\/69307"}],"wp:attachment":[{"href":"https:\/\/aztex.ee\/it\/wp-json\/wp\/v2\/media?parent=69189"}],"wp:term":[{"taxonomy":"product_brand","embeddable":true,"href":"https:\/\/aztex.ee\/it\/wp-json\/wp\/v2\/product_brand?post=69189"},{"taxonomy":"product_cat","embeddable":true,"href":"https:\/\/aztex.ee\/it\/wp-json\/wp\/v2\/product_cat?post=69189"},{"taxonomy":"product_tag","embeddable":true,"href":"https:\/\/aztex.ee\/it\/wp-json\/wp\/v2\/product_tag?post=69189"}],"curies":[{"name":"wp","href":"https:\/\/api.w.org\/{rel}","templated":true}]}}