{"id":68845,"date":"2025-03-19T15:50:35","date_gmt":"2025-03-19T15:50:35","guid":{"rendered":"https:\/\/aztex.ee\/pood\/senza-categoria\/laste-voodipesukomplekt\/"},"modified":"2026-03-08T15:03:16","modified_gmt":"2026-03-08T15:03:16","slug":"set-di-biancheria-da-letto-per-bambini","status":"publish","type":"product","link":"https:\/\/aztex.ee\/it\/pood\/mondo-dei-bambini\/set-di-biancheria-da-letto-per-bambini\/","title":{"rendered":"Set di biancheria da letto per bambini"},"content":{"rendered":"<p><strong>Set di biancheria da letto per bambini: morbidezza e gioia in ogni sogno<\/strong><\/p>\n<p><strong>100% cotone: naturalmente morbido e traspirante<\/strong><\/p>\n<p>Il sonno di un bambino \u00e8 fondamentale per la crescita e il riposo. Per garantire una notte confortevole e tranquilla, questa biancheria da letto \u00e8 realizzata in 100% cotone traspirante e morbido. Il tessuto di cotone assorbe bene l&#8217;umidit\u00e0, aiuta il corpo a mantenere una temperatura ottimale ed \u00e8 delicato sulla pelle, anche per le pelli sensibili. Ci\u00f2 garantisce un sonno piacevole e sicuro tutto l&#8217;anno. Mantiene fresco d&#8217;estate e caldo d&#8217;inverno. Inoltre, la biancheria da letto \u00e8 leggera e delicata, offrendo al bambino una sensazione di morbidezza e comfort, che lo aiuta a rilassarsi e ad addormentarsi pi\u00f9 velocemente.<\/p>\n<p><strong>Motivi giocosi per una stanza gioiosa<\/strong><\/p>\n<p>I bambini scoprono il mondo attraverso il gioco, i colori e le forme. Questo set di biancheria da letto presenta stampe carine e allegre, rendendo la camera da letto pi\u00f9 calda e invitante. Ci sono vari design tra cui scegliere per fornire a ogni bambino un posto dove dormire che gli piace. I divertenti motivi non sono solo decorativi, ma contribuiscono anche allo sviluppo dell&#8217;immaginazione del bambino, trasformando il letto non solo in un posto dove dormire, ma anche in un ambiente creativo in cui pu\u00f2 iniziare la prossima avventura.<\/p>\n<p><strong>Comfort e praticit\u00e0 per l&#8217;uso quotidiano<\/strong><\/p>\n<p>Oltre al suo bell&#8217;aspetto, questo set di biancheria da letto \u00e8 anche pratico e durevole. Poich\u00e9 la biancheria da letto per bambini necessita di lavaggi frequenti, il set \u00e8 realizzato in materiale di facile manutenzione: \u00e8 lavabile in lavatrice, si asciuga rapidamente e mantiene i suoi colori e la sua morbidezza anche dopo ripetuti lavaggi. Il tessuto di cotone \u00e8 durevole e resistente all&#8217;usura, motivo per cui rimane bello a lungo e resiste all&#8217;uso attivo. Il tessuto non perde la sua forma o diventa ruvido durante il lavaggio, mantenendo sempre una piacevole morbidezza.<\/p>\n<p><strong>Adatto a ogni stanza dei bambini: ampia gamma di colori e motivi<\/strong><\/p>\n<p>Il set di biancheria da letto per bambini \u00e8 disponibile in diversi colori e motivi per adattarsi a ogni stanza dei bambini. Che la stanza sia minimalista o piena di colori vivaci, questo set aggiunge intimit\u00e0 e crea un&#8217;atmosfera piacevole in cui il bambino si sente al sicuro e a suo agio.<\/p>\n<p><strong>Set di biancheria da letto per bambini in cotone: l&#8217;inizio dei sogni che diventano realt\u00e0<\/strong><\/p>\n<p>Un buon sonno \u00e8 essenziale per il benessere e lo sviluppo di un bambino. Un set di biancheria da letto morbido, traspirante e dal design grazioso render\u00e0 l&#8217;ora di andare a letto un momento gradito ogni sera e contribuir\u00e0 a un sonno tranquillo e ristoratore.<\/p>\n","protected":false},"excerpt":{"rendered":"<ul>\n<li>Materiale: 100% Cotone<\/li>\n<li>Copripiumino: 120&#215;150 cm<\/li>\n<li>Coprimaterasso: 60&#215;135 cm<\/li>\n<li>Federe: 30&#215;50 cm<\/li>\n<\/ul>\n","protected":false},"featured_media":68014,"comment_status":"open","ping_status":"closed","template":"","meta":[],"product_brand":[],"product_cat":[2260,2216],"product_tag":[],"class_list":{"0":"post-68845","1":"product","2":"type-product","3":"status-publish","4":"has-post-thumbnail","6":"product_cat-biancheria-da-letto-per-bambini","7":"product_cat-mondo-dei-bambini","9":"first","10":"instock","11":"shipping-taxable","12":"purchasable","13":"product-type-variable"},"yoast_head":"<!-- This site is optimized with the Yoast SEO plugin v27.3 - https:\/\/yoast.com\/product\/yoast-seo-wordpress\/ -->\n<title>Set di biancheria da letto per bambini | AZTEX<\/title>\n<meta name=\"description\" content=\"Questo set di biancheria da letto per bambini in cotone \u00e8 morbido, traspirante e delicato sulla pelle. Motivi carini, facile da pulire e qualit\u00e0 durevole\" \/>\n<meta name=\"robots\" content=\"index, follow, max-snippet:-1, max-image-preview:large, max-video-preview:-1\" \/>\n<link rel=\"canonical\" href=\"https:\/\/aztex.ee\/it\/pood\/mondo-dei-bambini\/set-di-biancheria-da-letto-per-bambini\/\" \/>\n<meta property=\"og:locale\" content=\"it_IT\" \/>\n<meta property=\"og:type\" content=\"article\" \/>\n<meta property=\"og:title\" content=\"Set di biancheria da letto per bambini | AZTEX\" \/>\n<meta property=\"og:description\" content=\"Questo set di biancheria da letto per bambini in cotone \u00e8 morbido, traspirante e delicato sulla pelle. Motivi carini, facile da pulire e qualit\u00e0 durevole\" \/>\n<meta property=\"og:url\" content=\"https:\/\/aztex.ee\/it\/pood\/mondo-dei-bambini\/set-di-biancheria-da-letto-per-bambini\/\" \/>\n<meta property=\"og:site_name\" content=\"AZTEX\" \/>\n<meta property=\"article:publisher\" content=\"https:\/\/www.facebook.com\/AztexEE\" \/>\n<meta property=\"article:modified_time\" content=\"2026-03-08T15:03:16+00:00\" \/>\n<meta property=\"og:image\" content=\"https:\/\/aztex.ee\/wp-content\/uploads\/2025\/03\/Laste-voodipesukomplekt-Kosmos-1.jpg\" \/>\n\t<meta property=\"og:image:width\" content=\"800\" \/>\n\t<meta property=\"og:image:height\" content=\"800\" \/>\n\t<meta property=\"og:image:type\" content=\"image\/jpeg\" \/>\n<meta name=\"twitter:card\" content=\"summary_large_image\" \/>\n<meta name=\"twitter:label1\" content=\"Tempo di lettura stimato\" \/>\n\t<meta name=\"twitter:data1\" content=\"3 minuti\" \/>\n<script type=\"application\/ld+json\" class=\"yoast-schema-graph\">{\"@context\":\"https:\\\/\\\/schema.org\",\"@graph\":[{\"@type\":[\"WebPage\",\"ItemPage\"],\"@id\":\"https:\\\/\\\/aztex.ee\\\/it\\\/pood\\\/mondo-dei-bambini\\\/set-di-biancheria-da-letto-per-bambini\\\/\",\"url\":\"https:\\\/\\\/aztex.ee\\\/it\\\/pood\\\/mondo-dei-bambini\\\/set-di-biancheria-da-letto-per-bambini\\\/\",\"name\":\"Set di biancheria da letto per bambini | AZTEX\",\"isPartOf\":{\"@id\":\"https:\\\/\\\/aztex.ee\\\/it\\\/#website\"},\"primaryImageOfPage\":{\"@id\":\"https:\\\/\\\/aztex.ee\\\/it\\\/pood\\\/mondo-dei-bambini\\\/set-di-biancheria-da-letto-per-bambini\\\/#primaryimage\"},\"image\":{\"@id\":\"https:\\\/\\\/aztex.ee\\\/it\\\/pood\\\/mondo-dei-bambini\\\/set-di-biancheria-da-letto-per-bambini\\\/#primaryimage\"},\"thumbnailUrl\":\"https:\\\/\\\/aztex.ee\\\/wp-content\\\/uploads\\\/2025\\\/03\\\/Laste-voodipesukomplekt-Kosmos-1.jpg\",\"datePublished\":\"2025-03-19T15:50:35+00:00\",\"dateModified\":\"2026-03-08T15:03:16+00:00\",\"description\":\"Questo set di biancheria da letto per bambini in cotone \u00e8 morbido, traspirante e delicato sulla pelle. Motivi carini, facile da pulire e qualit\u00e0 durevole\",\"breadcrumb\":{\"@id\":\"https:\\\/\\\/aztex.ee\\\/it\\\/pood\\\/mondo-dei-bambini\\\/set-di-biancheria-da-letto-per-bambini\\\/#breadcrumb\"},\"inLanguage\":\"it-IT\",\"potentialAction\":[{\"@type\":\"ReadAction\",\"target\":[\"https:\\\/\\\/aztex.ee\\\/it\\\/pood\\\/mondo-dei-bambini\\\/set-di-biancheria-da-letto-per-bambini\\\/\"]}]},{\"@type\":\"ImageObject\",\"inLanguage\":\"it-IT\",\"@id\":\"https:\\\/\\\/aztex.ee\\\/it\\\/pood\\\/mondo-dei-bambini\\\/set-di-biancheria-da-letto-per-bambini\\\/#primaryimage\",\"url\":\"https:\\\/\\\/aztex.ee\\\/wp-content\\\/uploads\\\/2025\\\/03\\\/Laste-voodipesukomplekt-Kosmos-1.jpg\",\"contentUrl\":\"https:\\\/\\\/aztex.ee\\\/wp-content\\\/uploads\\\/2025\\\/03\\\/Laste-voodipesukomplekt-Kosmos-1.jpg\",\"width\":800,\"height\":800,\"caption\":\"Laste voodipesukomplekt\"},{\"@type\":\"BreadcrumbList\",\"@id\":\"https:\\\/\\\/aztex.ee\\\/it\\\/pood\\\/mondo-dei-bambini\\\/set-di-biancheria-da-letto-per-bambini\\\/#breadcrumb\",\"itemListElement\":[{\"@type\":\"ListItem\",\"position\":1,\"name\":\"Pagina Iniziale\",\"item\":\"https:\\\/\\\/aztex.ee\\\/it\\\/\"},{\"@type\":\"ListItem\",\"position\":2,\"name\":\"Negozio\",\"item\":\"https:\\\/\\\/aztex.ee\\\/it\\\/negozio\\\/\"},{\"@type\":\"ListItem\",\"position\":3,\"name\":\"Set di biancheria da letto per bambini\"}]},{\"@type\":\"WebSite\",\"@id\":\"https:\\\/\\\/aztex.ee\\\/it\\\/#website\",\"url\":\"https:\\\/\\\/aztex.ee\\\/it\\\/\",\"name\":\"AZTEX\",\"description\":\"\",\"publisher\":{\"@id\":\"https:\\\/\\\/aztex.ee\\\/it\\\/#organization\"},\"potentialAction\":[{\"@type\":\"SearchAction\",\"target\":{\"@type\":\"EntryPoint\",\"urlTemplate\":\"https:\\\/\\\/aztex.ee\\\/it\\\/?s={search_term_string}\"},\"query-input\":{\"@type\":\"PropertyValueSpecification\",\"valueRequired\":true,\"valueName\":\"search_term_string\"}}],\"inLanguage\":\"it-IT\"},{\"@type\":\"Organization\",\"@id\":\"https:\\\/\\\/aztex.ee\\\/it\\\/#organization\",\"name\":\"AZTEX\",\"url\":\"https:\\\/\\\/aztex.ee\\\/it\\\/\",\"logo\":{\"@type\":\"ImageObject\",\"inLanguage\":\"it-IT\",\"@id\":\"https:\\\/\\\/aztex.ee\\\/it\\\/#\\\/schema\\\/logo\\\/image\\\/\",\"url\":\"https:\\\/\\\/aztex.ee\\\/wp-content\\\/uploads\\\/2026\\\/01\\\/AZTEX.png\",\"contentUrl\":\"https:\\\/\\\/aztex.ee\\\/wp-content\\\/uploads\\\/2026\\\/01\\\/AZTEX.png\",\"width\":500,\"height\":500,\"caption\":\"AZTEX\"},\"image\":{\"@id\":\"https:\\\/\\\/aztex.ee\\\/it\\\/#\\\/schema\\\/logo\\\/image\\\/\"},\"sameAs\":[\"https:\\\/\\\/www.facebook.com\\\/AztexEE\",\"https:\\\/\\\/www.instagram.com\\\/aztexeesti\\\/\",\"https:\\\/\\\/www.youtube.com\\\/@AZTEXEE\",\"https:\\\/\\\/www.pinterest.com\\\/aztex_eesti\\\/\",\"https:\\\/\\\/www.tiktok.com\\\/@aztexeesti\",\"https:\\\/\\\/www.trustpilot.com\\\/review\\\/aztex.ee\",\"https:\\\/\\\/www.linkedin.com\\\/company\\\/aztex-ee\\\/\",\"https:\\\/\\\/www.wikidata.org\\\/wiki\\\/Q137560182\"]}]}<\/script>\n<!-- \/ Yoast SEO plugin. -->","yoast_head_json":{"title":"Set di biancheria da letto per bambini | AZTEX","description":"Questo set di biancheria da letto per bambini in cotone \u00e8 morbido, traspirante e delicato sulla pelle. Motivi carini, facile da pulire e qualit\u00e0 durevole","robots":{"index":"index","follow":"follow","max-snippet":"max-snippet:-1","max-image-preview":"max-image-preview:large","max-video-preview":"max-video-preview:-1"},"canonical":"https:\/\/aztex.ee\/it\/pood\/mondo-dei-bambini\/set-di-biancheria-da-letto-per-bambini\/","og_locale":"it_IT","og_type":"article","og_title":"Set di biancheria da letto per bambini | AZTEX","og_description":"Questo set di biancheria da letto per bambini in cotone \u00e8 morbido, traspirante e delicato sulla pelle. Motivi carini, facile da pulire e qualit\u00e0 durevole","og_url":"https:\/\/aztex.ee\/it\/pood\/mondo-dei-bambini\/set-di-biancheria-da-letto-per-bambini\/","og_site_name":"AZTEX","article_publisher":"https:\/\/www.facebook.com\/AztexEE","article_modified_time":"2026-03-08T15:03:16+00:00","og_image":[{"width":800,"height":800,"url":"https:\/\/aztex.ee\/wp-content\/uploads\/2025\/03\/Laste-voodipesukomplekt-Kosmos-1.jpg","type":"image\/jpeg"}],"twitter_card":"summary_large_image","twitter_misc":{"Tempo di lettura stimato":"3 minuti"},"schema":{"@context":"https:\/\/schema.org","@graph":[{"@type":["WebPage","ItemPage"],"@id":"https:\/\/aztex.ee\/it\/pood\/mondo-dei-bambini\/set-di-biancheria-da-letto-per-bambini\/","url":"https:\/\/aztex.ee\/it\/pood\/mondo-dei-bambini\/set-di-biancheria-da-letto-per-bambini\/","name":"Set di biancheria da letto per bambini | AZTEX","isPartOf":{"@id":"https:\/\/aztex.ee\/it\/#website"},"primaryImageOfPage":{"@id":"https:\/\/aztex.ee\/it\/pood\/mondo-dei-bambini\/set-di-biancheria-da-letto-per-bambini\/#primaryimage"},"image":{"@id":"https:\/\/aztex.ee\/it\/pood\/mondo-dei-bambini\/set-di-biancheria-da-letto-per-bambini\/#primaryimage"},"thumbnailUrl":"https:\/\/aztex.ee\/wp-content\/uploads\/2025\/03\/Laste-voodipesukomplekt-Kosmos-1.jpg","datePublished":"2025-03-19T15:50:35+00:00","dateModified":"2026-03-08T15:03:16+00:00","description":"Questo set di biancheria da letto per bambini in cotone \u00e8 morbido, traspirante e delicato sulla pelle. Motivi carini, facile da pulire e qualit\u00e0 durevole","breadcrumb":{"@id":"https:\/\/aztex.ee\/it\/pood\/mondo-dei-bambini\/set-di-biancheria-da-letto-per-bambini\/#breadcrumb"},"inLanguage":"it-IT","potentialAction":[{"@type":"ReadAction","target":["https:\/\/aztex.ee\/it\/pood\/mondo-dei-bambini\/set-di-biancheria-da-letto-per-bambini\/"]}]},{"@type":"ImageObject","inLanguage":"it-IT","@id":"https:\/\/aztex.ee\/it\/pood\/mondo-dei-bambini\/set-di-biancheria-da-letto-per-bambini\/#primaryimage","url":"https:\/\/aztex.ee\/wp-content\/uploads\/2025\/03\/Laste-voodipesukomplekt-Kosmos-1.jpg","contentUrl":"https:\/\/aztex.ee\/wp-content\/uploads\/2025\/03\/Laste-voodipesukomplekt-Kosmos-1.jpg","width":800,"height":800,"caption":"Laste voodipesukomplekt"},{"@type":"BreadcrumbList","@id":"https:\/\/aztex.ee\/it\/pood\/mondo-dei-bambini\/set-di-biancheria-da-letto-per-bambini\/#breadcrumb","itemListElement":[{"@type":"ListItem","position":1,"name":"Pagina Iniziale","item":"https:\/\/aztex.ee\/it\/"},{"@type":"ListItem","position":2,"name":"Negozio","item":"https:\/\/aztex.ee\/it\/negozio\/"},{"@type":"ListItem","position":3,"name":"Set di biancheria da letto per bambini"}]},{"@type":"WebSite","@id":"https:\/\/aztex.ee\/it\/#website","url":"https:\/\/aztex.ee\/it\/","name":"AZTEX","description":"","publisher":{"@id":"https:\/\/aztex.ee\/it\/#organization"},"potentialAction":[{"@type":"SearchAction","target":{"@type":"EntryPoint","urlTemplate":"https:\/\/aztex.ee\/it\/?s={search_term_string}"},"query-input":{"@type":"PropertyValueSpecification","valueRequired":true,"valueName":"search_term_string"}}],"inLanguage":"it-IT"},{"@type":"Organization","@id":"https:\/\/aztex.ee\/it\/#organization","name":"AZTEX","url":"https:\/\/aztex.ee\/it\/","logo":{"@type":"ImageObject","inLanguage":"it-IT","@id":"https:\/\/aztex.ee\/it\/#\/schema\/logo\/image\/","url":"https:\/\/aztex.ee\/wp-content\/uploads\/2026\/01\/AZTEX.png","contentUrl":"https:\/\/aztex.ee\/wp-content\/uploads\/2026\/01\/AZTEX.png","width":500,"height":500,"caption":"AZTEX"},"image":{"@id":"https:\/\/aztex.ee\/it\/#\/schema\/logo\/image\/"},"sameAs":["https:\/\/www.facebook.com\/AztexEE","https:\/\/www.instagram.com\/aztexeesti\/","https:\/\/www.youtube.com\/@AZTEXEE","https:\/\/www.pinterest.com\/aztex_eesti\/","https:\/\/www.tiktok.com\/@aztexeesti","https:\/\/www.trustpilot.com\/review\/aztex.ee","https:\/\/www.linkedin.com\/company\/aztex-ee\/","https:\/\/www.wikidata.org\/wiki\/Q137560182"]}]}},"_links":{"self":[{"href":"https:\/\/aztex.ee\/it\/wp-json\/wp\/v2\/product\/68845","targetHints":{"allow":["GET"]}}],"collection":[{"href":"https:\/\/aztex.ee\/it\/wp-json\/wp\/v2\/product"}],"about":[{"href":"https:\/\/aztex.ee\/it\/wp-json\/wp\/v2\/types\/product"}],"replies":[{"embeddable":true,"href":"https:\/\/aztex.ee\/it\/wp-json\/wp\/v2\/comments?post=68845"}],"version-history":[{"count":0,"href":"https:\/\/aztex.ee\/it\/wp-json\/wp\/v2\/product\/68845\/revisions"}],"wp:featuredmedia":[{"embeddable":true,"href":"https:\/\/aztex.ee\/it\/wp-json\/wp\/v2\/media\/68014"}],"wp:attachment":[{"href":"https:\/\/aztex.ee\/it\/wp-json\/wp\/v2\/media?parent=68845"}],"wp:term":[{"taxonomy":"product_brand","embeddable":true,"href":"https:\/\/aztex.ee\/it\/wp-json\/wp\/v2\/product_brand?post=68845"},{"taxonomy":"product_cat","embeddable":true,"href":"https:\/\/aztex.ee\/it\/wp-json\/wp\/v2\/product_cat?post=68845"},{"taxonomy":"product_tag","embeddable":true,"href":"https:\/\/aztex.ee\/it\/wp-json\/wp\/v2\/product_tag?post=68845"}],"curies":[{"name":"wp","href":"https:\/\/api.w.org\/{rel}","templated":true}]}}