{"id":65810,"date":"2025-03-14T00:14:30","date_gmt":"2025-03-14T00:14:30","guid":{"rendered":"https:\/\/aztex.ee\/?post_type=product&#038;p=65810"},"modified":"2026-04-11T12:19:43","modified_gmt":"2026-04-11T12:19:43","slug":"telo-da-bagno-70x140-cm","status":"publish","type":"product","link":"https:\/\/aztex.ee\/it\/pood\/asciugamani-e-teli-da-bagno\/telo-da-bagno-70x140-cm\/","title":{"rendered":"Telo da bagno 70&#215;140 cm"},"content":{"rendered":"<p><strong>Asciugamano da bagno in cotone di alta qualit\u00e0, piacevolmente delicato sulla pelle<\/strong><\/p>\n<p>L&#8217;asciugamano da bagno in cotone morbido e assorbente da 70&#215;140 cm \u00e8 progettato per offrire comfort e qualit\u00e0 quotidiani. Realizzato in cotone di alta qualit\u00e0, noto per la sua eccellente assorbenza e morbidezza, questo asciugamano si asciuga rapidamente e mantiene la pelle pulita e fresca dopo il bagno o la doccia.<\/p>\n<p><strong>Uso durevole e duraturo<\/strong><br \/>\nGrazie alla sua durevolezza e qualit\u00e0, questo asciugamano \u00e8 durevole e adatto all&#8217;uso quotidiano. Anche dopo diversi lavaggi, mantiene la sua morbidezza e assorbenza, rendendolo un&#8217;eccellente scelta per un comfort a lungo termine. L&#8217;asciugamano da bagno facile da pulire e ad asciugatura rapida \u00e8 un&#8217;aggiunta pratica a qualsiasi casa.<\/p>\n<p><strong>Creare un&#8217;atmosfera calda e familiare<\/strong><br \/>\nUn asciugamano da bagno in cotone aggiunge un&#8217;atmosfera calda e familiare a qualsiasi bagno. \u00c8 una scelta ideale non solo per uso personale, ma anche come regalo per amici, familiari o nuovi proprietari di casa. Se stai cercando un asciugamano da bagno affidabile e di alta qualit\u00e0, questo asciugamano da bagno in cotone \u00e8 la scelta perfetta per qualsiasi casa.<\/p>\n<p><strong>Facile da pulire e di qualit\u00e0 duratura<\/strong><br \/>\nL&#8217;asciugamano da bagno in cotone \u00e8 facile da pulire e mantiene la sua qualit\u00e0 anche dopo numerosi lavaggi. Grazie alla sua durevolezza e alla rapida asciugatura, \u00e8 la scelta ideale per l&#8217;uso quotidiano. L&#8217;asciugamano non perde la sua morbidezza o assorbenza anche con un uso costante, offrendo una scelta affidabile e confortevole per qualsiasi casa.<\/p>\n","protected":false},"excerpt":{"rendered":"<ul>\n<li>Materiale: 100% cotone<\/li>\n<li>Dimensioni: 70&#215;140 cm \u00b13<\/li>\n<li>Peso: 400g\/m2<\/li>\n<\/ul>\n","protected":false},"featured_media":65897,"comment_status":"open","ping_status":"closed","template":"","meta":[],"product_brand":[],"product_cat":[1594,1711,483],"product_tag":[],"class_list":{"0":"post-65810","1":"product","2":"type-product","3":"status-publish","4":"has-post-thumbnail","6":"product_cat-asciugamani-da-bagno","7":"product_cat-asciugamani-da-bagno-70x140-cm","8":"product_cat-asciugamani-e-teli-da-bagno","10":"first","11":"instock","12":"shipping-taxable","13":"purchasable","14":"product-type-variable"},"yoast_head":"<!-- This site is optimized with the Yoast SEO plugin v27.6 - https:\/\/yoast.com\/product\/yoast-seo-wordpress\/ -->\n<title>Telo da bagno 70x140 cm - Naturale e Morbido | AZTEX<\/title>\n<meta name=\"description\" content=\"Asciugamano da bagno in cotone morbido e assorbente che garantisce un&#039;asciugatura rapida, un comfort eccellente, una sensazione di morbidezza, una lunga\" \/>\n<meta name=\"robots\" content=\"index, follow, max-snippet:-1, max-image-preview:large, max-video-preview:-1\" \/>\n<link rel=\"canonical\" href=\"https:\/\/aztex.ee\/it\/pood\/asciugamani-e-teli-da-bagno\/telo-da-bagno-70x140-cm\/\" \/>\n<meta property=\"og:locale\" content=\"it_IT\" \/>\n<meta property=\"og:type\" content=\"article\" \/>\n<meta property=\"og:title\" content=\"Telo da bagno 70x140 cm - Naturale e Morbido | AZTEX\" \/>\n<meta property=\"og:description\" content=\"Asciugamano da bagno in cotone morbido e assorbente che garantisce un&#039;asciugatura rapida, un comfort eccellente, una sensazione di morbidezza, una lunga\" \/>\n<meta property=\"og:url\" content=\"https:\/\/aztex.ee\/it\/pood\/asciugamani-e-teli-da-bagno\/telo-da-bagno-70x140-cm\/\" \/>\n<meta property=\"og:site_name\" content=\"AZTEX\" \/>\n<meta property=\"article:publisher\" content=\"https:\/\/www.facebook.com\/AztexEE\" \/>\n<meta property=\"article:modified_time\" content=\"2026-04-11T12:19:43+00:00\" \/>\n<meta property=\"og:image\" content=\"https:\/\/aztex.ee\/wp-content\/uploads\/2025\/03\/Vanniratik-70x140-1.jpg\" \/>\n\t<meta property=\"og:image:width\" content=\"800\" \/>\n\t<meta property=\"og:image:height\" content=\"800\" \/>\n\t<meta property=\"og:image:type\" content=\"image\/jpeg\" \/>\n<meta name=\"twitter:card\" content=\"summary_large_image\" \/>\n<meta name=\"twitter:label1\" content=\"Tempo di lettura stimato\" \/>\n\t<meta name=\"twitter:data1\" content=\"2 minuti\" \/>\n<script type=\"application\/ld+json\" class=\"yoast-schema-graph\">{\"@context\":\"https:\\\/\\\/schema.org\",\"@graph\":[{\"@type\":[\"WebPage\",\"ItemPage\"],\"@id\":\"https:\\\/\\\/aztex.ee\\\/it\\\/pood\\\/asciugamani-e-teli-da-bagno\\\/telo-da-bagno-70x140-cm\\\/\",\"url\":\"https:\\\/\\\/aztex.ee\\\/it\\\/pood\\\/asciugamani-e-teli-da-bagno\\\/telo-da-bagno-70x140-cm\\\/\",\"name\":\"Telo da bagno 70x140 cm - Naturale e Morbido | AZTEX\",\"isPartOf\":{\"@id\":\"https:\\\/\\\/aztex.ee\\\/it\\\/#website\"},\"primaryImageOfPage\":{\"@id\":\"https:\\\/\\\/aztex.ee\\\/it\\\/pood\\\/asciugamani-e-teli-da-bagno\\\/telo-da-bagno-70x140-cm\\\/#primaryimage\"},\"image\":{\"@id\":\"https:\\\/\\\/aztex.ee\\\/it\\\/pood\\\/asciugamani-e-teli-da-bagno\\\/telo-da-bagno-70x140-cm\\\/#primaryimage\"},\"thumbnailUrl\":\"https:\\\/\\\/aztex.ee\\\/wp-content\\\/uploads\\\/2025\\\/03\\\/Vanniratik-70x140-1.jpg\",\"datePublished\":\"2025-03-14T00:14:30+00:00\",\"dateModified\":\"2026-04-11T12:19:43+00:00\",\"description\":\"Asciugamano da bagno in cotone morbido e assorbente che garantisce un'asciugatura rapida, un comfort eccellente, una sensazione di morbidezza, una lunga\",\"breadcrumb\":{\"@id\":\"https:\\\/\\\/aztex.ee\\\/it\\\/pood\\\/asciugamani-e-teli-da-bagno\\\/telo-da-bagno-70x140-cm\\\/#breadcrumb\"},\"inLanguage\":\"it-IT\",\"potentialAction\":[{\"@type\":\"ReadAction\",\"target\":[\"https:\\\/\\\/aztex.ee\\\/it\\\/pood\\\/asciugamani-e-teli-da-bagno\\\/telo-da-bagno-70x140-cm\\\/\"]}]},{\"@type\":\"ImageObject\",\"inLanguage\":\"it-IT\",\"@id\":\"https:\\\/\\\/aztex.ee\\\/it\\\/pood\\\/asciugamani-e-teli-da-bagno\\\/telo-da-bagno-70x140-cm\\\/#primaryimage\",\"url\":\"https:\\\/\\\/aztex.ee\\\/wp-content\\\/uploads\\\/2025\\\/03\\\/Vanniratik-70x140-1.jpg\",\"contentUrl\":\"https:\\\/\\\/aztex.ee\\\/wp-content\\\/uploads\\\/2025\\\/03\\\/Vanniratik-70x140-1.jpg\",\"width\":800,\"height\":800,\"caption\":\"Vannir\u00e4tik 70x140\"},{\"@type\":\"BreadcrumbList\",\"@id\":\"https:\\\/\\\/aztex.ee\\\/it\\\/pood\\\/asciugamani-e-teli-da-bagno\\\/telo-da-bagno-70x140-cm\\\/#breadcrumb\",\"itemListElement\":[{\"@type\":\"ListItem\",\"position\":1,\"name\":\"Pagina Iniziale\",\"item\":\"https:\\\/\\\/aztex.ee\\\/it\\\/\"},{\"@type\":\"ListItem\",\"position\":2,\"name\":\"Negozio\",\"item\":\"https:\\\/\\\/aztex.ee\\\/it\\\/negozio\\\/\"},{\"@type\":\"ListItem\",\"position\":3,\"name\":\"Telo da bagno 70&#215;140 cm\"}]},{\"@type\":\"WebSite\",\"@id\":\"https:\\\/\\\/aztex.ee\\\/it\\\/#website\",\"url\":\"https:\\\/\\\/aztex.ee\\\/it\\\/\",\"name\":\"AZTEX\",\"description\":\"\",\"publisher\":{\"@id\":\"https:\\\/\\\/aztex.ee\\\/it\\\/#organization\"},\"potentialAction\":[{\"@type\":\"SearchAction\",\"target\":{\"@type\":\"EntryPoint\",\"urlTemplate\":\"https:\\\/\\\/aztex.ee\\\/it\\\/?s={search_term_string}\"},\"query-input\":{\"@type\":\"PropertyValueSpecification\",\"valueRequired\":true,\"valueName\":\"search_term_string\"}}],\"inLanguage\":\"it-IT\"},{\"@type\":\"Organization\",\"@id\":\"https:\\\/\\\/aztex.ee\\\/it\\\/#organization\",\"name\":\"AZTEX\",\"url\":\"https:\\\/\\\/aztex.ee\\\/it\\\/\",\"logo\":{\"@type\":\"ImageObject\",\"inLanguage\":\"it-IT\",\"@id\":\"https:\\\/\\\/aztex.ee\\\/it\\\/#\\\/schema\\\/logo\\\/image\\\/\",\"url\":\"https:\\\/\\\/aztex.ee\\\/wp-content\\\/uploads\\\/2026\\\/01\\\/AZTEX.png\",\"contentUrl\":\"https:\\\/\\\/aztex.ee\\\/wp-content\\\/uploads\\\/2026\\\/01\\\/AZTEX.png\",\"width\":500,\"height\":500,\"caption\":\"AZTEX\"},\"image\":{\"@id\":\"https:\\\/\\\/aztex.ee\\\/it\\\/#\\\/schema\\\/logo\\\/image\\\/\"},\"sameAs\":[\"https:\\\/\\\/www.facebook.com\\\/AztexEE\",\"https:\\\/\\\/www.instagram.com\\\/aztexeesti\\\/\",\"https:\\\/\\\/www.youtube.com\\\/@AZTEXEE\",\"https:\\\/\\\/www.pinterest.com\\\/aztex_eesti\\\/\",\"https:\\\/\\\/www.tiktok.com\\\/@aztexeesti\",\"https:\\\/\\\/www.trustpilot.com\\\/review\\\/aztex.ee\",\"https:\\\/\\\/www.linkedin.com\\\/company\\\/aztex-ee\\\/\",\"https:\\\/\\\/www.wikidata.org\\\/wiki\\\/Q137560182\"]}]}<\/script>\n<!-- \/ Yoast SEO plugin. -->","yoast_head_json":{"title":"Telo da bagno 70x140 cm - Naturale e Morbido | AZTEX","description":"Asciugamano da bagno in cotone morbido e assorbente che garantisce un'asciugatura rapida, un comfort eccellente, una sensazione di morbidezza, una lunga","robots":{"index":"index","follow":"follow","max-snippet":"max-snippet:-1","max-image-preview":"max-image-preview:large","max-video-preview":"max-video-preview:-1"},"canonical":"https:\/\/aztex.ee\/it\/pood\/asciugamani-e-teli-da-bagno\/telo-da-bagno-70x140-cm\/","og_locale":"it_IT","og_type":"article","og_title":"Telo da bagno 70x140 cm - Naturale e Morbido | AZTEX","og_description":"Asciugamano da bagno in cotone morbido e assorbente che garantisce un'asciugatura rapida, un comfort eccellente, una sensazione di morbidezza, una lunga","og_url":"https:\/\/aztex.ee\/it\/pood\/asciugamani-e-teli-da-bagno\/telo-da-bagno-70x140-cm\/","og_site_name":"AZTEX","article_publisher":"https:\/\/www.facebook.com\/AztexEE","article_modified_time":"2026-04-11T12:19:43+00:00","og_image":[{"width":800,"height":800,"url":"https:\/\/aztex.ee\/wp-content\/uploads\/2025\/03\/Vanniratik-70x140-1.jpg","type":"image\/jpeg"}],"twitter_card":"summary_large_image","twitter_misc":{"Tempo di lettura stimato":"2 minuti"},"schema":{"@context":"https:\/\/schema.org","@graph":[{"@type":["WebPage","ItemPage"],"@id":"https:\/\/aztex.ee\/it\/pood\/asciugamani-e-teli-da-bagno\/telo-da-bagno-70x140-cm\/","url":"https:\/\/aztex.ee\/it\/pood\/asciugamani-e-teli-da-bagno\/telo-da-bagno-70x140-cm\/","name":"Telo da bagno 70x140 cm - Naturale e Morbido | AZTEX","isPartOf":{"@id":"https:\/\/aztex.ee\/it\/#website"},"primaryImageOfPage":{"@id":"https:\/\/aztex.ee\/it\/pood\/asciugamani-e-teli-da-bagno\/telo-da-bagno-70x140-cm\/#primaryimage"},"image":{"@id":"https:\/\/aztex.ee\/it\/pood\/asciugamani-e-teli-da-bagno\/telo-da-bagno-70x140-cm\/#primaryimage"},"thumbnailUrl":"https:\/\/aztex.ee\/wp-content\/uploads\/2025\/03\/Vanniratik-70x140-1.jpg","datePublished":"2025-03-14T00:14:30+00:00","dateModified":"2026-04-11T12:19:43+00:00","description":"Asciugamano da bagno in cotone morbido e assorbente che garantisce un'asciugatura rapida, un comfort eccellente, una sensazione di morbidezza, una lunga","breadcrumb":{"@id":"https:\/\/aztex.ee\/it\/pood\/asciugamani-e-teli-da-bagno\/telo-da-bagno-70x140-cm\/#breadcrumb"},"inLanguage":"it-IT","potentialAction":[{"@type":"ReadAction","target":["https:\/\/aztex.ee\/it\/pood\/asciugamani-e-teli-da-bagno\/telo-da-bagno-70x140-cm\/"]}]},{"@type":"ImageObject","inLanguage":"it-IT","@id":"https:\/\/aztex.ee\/it\/pood\/asciugamani-e-teli-da-bagno\/telo-da-bagno-70x140-cm\/#primaryimage","url":"https:\/\/aztex.ee\/wp-content\/uploads\/2025\/03\/Vanniratik-70x140-1.jpg","contentUrl":"https:\/\/aztex.ee\/wp-content\/uploads\/2025\/03\/Vanniratik-70x140-1.jpg","width":800,"height":800,"caption":"Vannir\u00e4tik 70x140"},{"@type":"BreadcrumbList","@id":"https:\/\/aztex.ee\/it\/pood\/asciugamani-e-teli-da-bagno\/telo-da-bagno-70x140-cm\/#breadcrumb","itemListElement":[{"@type":"ListItem","position":1,"name":"Pagina Iniziale","item":"https:\/\/aztex.ee\/it\/"},{"@type":"ListItem","position":2,"name":"Negozio","item":"https:\/\/aztex.ee\/it\/negozio\/"},{"@type":"ListItem","position":3,"name":"Telo da bagno 70&#215;140 cm"}]},{"@type":"WebSite","@id":"https:\/\/aztex.ee\/it\/#website","url":"https:\/\/aztex.ee\/it\/","name":"AZTEX","description":"","publisher":{"@id":"https:\/\/aztex.ee\/it\/#organization"},"potentialAction":[{"@type":"SearchAction","target":{"@type":"EntryPoint","urlTemplate":"https:\/\/aztex.ee\/it\/?s={search_term_string}"},"query-input":{"@type":"PropertyValueSpecification","valueRequired":true,"valueName":"search_term_string"}}],"inLanguage":"it-IT"},{"@type":"Organization","@id":"https:\/\/aztex.ee\/it\/#organization","name":"AZTEX","url":"https:\/\/aztex.ee\/it\/","logo":{"@type":"ImageObject","inLanguage":"it-IT","@id":"https:\/\/aztex.ee\/it\/#\/schema\/logo\/image\/","url":"https:\/\/aztex.ee\/wp-content\/uploads\/2026\/01\/AZTEX.png","contentUrl":"https:\/\/aztex.ee\/wp-content\/uploads\/2026\/01\/AZTEX.png","width":500,"height":500,"caption":"AZTEX"},"image":{"@id":"https:\/\/aztex.ee\/it\/#\/schema\/logo\/image\/"},"sameAs":["https:\/\/www.facebook.com\/AztexEE","https:\/\/www.instagram.com\/aztexeesti\/","https:\/\/www.youtube.com\/@AZTEXEE","https:\/\/www.pinterest.com\/aztex_eesti\/","https:\/\/www.tiktok.com\/@aztexeesti","https:\/\/www.trustpilot.com\/review\/aztex.ee","https:\/\/www.linkedin.com\/company\/aztex-ee\/","https:\/\/www.wikidata.org\/wiki\/Q137560182"]}]}},"_links":{"self":[{"href":"https:\/\/aztex.ee\/it\/wp-json\/wp\/v2\/product\/65810","targetHints":{"allow":["GET"]}}],"collection":[{"href":"https:\/\/aztex.ee\/it\/wp-json\/wp\/v2\/product"}],"about":[{"href":"https:\/\/aztex.ee\/it\/wp-json\/wp\/v2\/types\/product"}],"replies":[{"embeddable":true,"href":"https:\/\/aztex.ee\/it\/wp-json\/wp\/v2\/comments?post=65810"}],"version-history":[{"count":0,"href":"https:\/\/aztex.ee\/it\/wp-json\/wp\/v2\/product\/65810\/revisions"}],"wp:featuredmedia":[{"embeddable":true,"href":"https:\/\/aztex.ee\/it\/wp-json\/wp\/v2\/media\/65897"}],"wp:attachment":[{"href":"https:\/\/aztex.ee\/it\/wp-json\/wp\/v2\/media?parent=65810"}],"wp:term":[{"taxonomy":"product_brand","embeddable":true,"href":"https:\/\/aztex.ee\/it\/wp-json\/wp\/v2\/product_brand?post=65810"},{"taxonomy":"product_cat","embeddable":true,"href":"https:\/\/aztex.ee\/it\/wp-json\/wp\/v2\/product_cat?post=65810"},{"taxonomy":"product_tag","embeddable":true,"href":"https:\/\/aztex.ee\/it\/wp-json\/wp\/v2\/product_tag?post=65810"}],"curies":[{"name":"wp","href":"https:\/\/api.w.org\/{rel}","templated":true}]}}