{"id":64378,"date":"2025-03-08T22:43:38","date_gmt":"2025-03-08T22:43:38","guid":{"rendered":"https:\/\/aztex.ee\/?post_type=product&#038;p=64378"},"modified":"2025-03-09T19:30:34","modified_gmt":"2025-03-09T19:30:34","slug":"set-biancheria-da-letto-tencel-verde-chiaro","status":"publish","type":"product","link":"https:\/\/aztex.ee\/it\/pood\/biancheria-da-letto\/set-biancheria-da-letto-tencel-verde-chiaro\/","title":{"rendered":"Set biancheria da letto Tencel | Verde chiaro"},"content":{"rendered":"<p><strong>Lussuoso set di biancheria da letto in eucalipto Tencel: morbido come la seta, traspirante ed eccezionalmente confortevole<\/strong><\/p>\n<p><strong>Comfort e qualit\u00e0 straordinari<\/strong><br \/>\nIl set di biancheria da letto in Tencel \u00e8 progettato per garantire il sonno pi\u00f9 riposante e ristoratore, offrendo comfort e qualit\u00e0 eccezionali. \u00c8 realizzato in tessuto Tencel, derivato dall&#8217;albero di eucalipto, noto per la sua morbidezza setosa, traspirabilit\u00e0 e propriet\u00e0 di assorbimento dell&#8217;umidit\u00e0. La biancheria da letto in Tencel ti mantiene fresco d&#8217;estate e caldo d&#8217;inverno, in modo che il tuo sonno sia sempre rinfrescante e ristoratore.<\/p>\n<p><strong>Texture lussuosa e aspetto elegante<\/strong><br \/>\nIl tessuto \u00e8 liscio, delicato e piacevole sulla pelle, offrendo un&#8217;esperienza davvero lussuosa durante il sonno. La biancheria da letto in Tencel cade magnificamente, conferendo al letto un aspetto elegante e invitante, rendendo la camera da letto un luogo alla moda. L&#8217;ariosit\u00e0 e la leggerezza aiutano a garantire un costante movimento dell&#8217;aria per prevenire le sudorazioni notturne e mantenere la biancheria da letto sempre fresca.<\/p>\n<p><strong>Durata e resistenza<\/strong><br \/>\nLa biancheria da letto Tencel \u00e8 durevole e duratura: anche dopo diversi lavaggi, mantiene la sua morbidezza, la sua bella caduta e la sua qualit\u00e0. Andare a letto ogni sera diventa un vero piacere, poich\u00e9 la biancheria da letto rimane fresca e piacevole, offrendo la migliore esperienza di sonno.<\/p>\n<p><strong>La scelta ideale per gli amanti della natura e del comfort<\/strong><br \/>\nIl set di biancheria da letto Tencel \u00e8 la scelta ideale per coloro che apprezzano i materiali naturali e desiderano godere di una qualit\u00e0 superiore, di un comfort lussuoso e di un sonno perfetto.<\/p>\n","protected":false},"excerpt":{"rendered":"<p>Il set di biancheria da letto in Tencel di eucalipto ecologico al 100% \u00e8 eccezionalmente morbido, traspirante e lussuoso.<\/p>\n<ul>\n<li>Materiale: 100% Tencel<\/li>\n<li>Conteggio fili: 60S \/ 300TC<\/li>\n<li>Copripiumino: 200\u00d7220 cm<\/li>\n<li>Federa: 50\u00d770 cm (2 pezzi)<\/li>\n<li>Lenzuolo: 220\u00d7240 cm<\/li>\n<\/ul>\n<p><img loading=\"lazy\" decoding=\"async\" class=\"alignnone wp-image-63145\" src=\"https:\/\/aztex.ee\/wp-content\/uploads\/2025\/03\/tencel-certified-400x129.png\" alt=\"\" width=\"131\" height=\"42\" srcset=\"https:\/\/aztex.ee\/wp-content\/uploads\/2025\/03\/tencel-certified-400x129.png 400w, https:\/\/aztex.ee\/wp-content\/uploads\/2025\/03\/tencel-certified-430x139.png 430w, https:\/\/aztex.ee\/wp-content\/uploads\/2025\/03\/tencel-certified-150x49.png 150w, https:\/\/aztex.ee\/wp-content\/uploads\/2025\/03\/tencel-certified.png 516w\" sizes=\"auto, (max-width: 131px) 100vw, 131px\" \/><img loading=\"lazy\" decoding=\"async\" class=\"alignnone wp-image-63168\" src=\"https:\/\/aztex.ee\/wp-content\/uploads\/2025\/03\/oeko-tex-standard-100.png\" alt=\"\" width=\"130\" height=\"43\" srcset=\"https:\/\/aztex.ee\/wp-content\/uploads\/2025\/03\/oeko-tex-standard-100.png 200w, https:\/\/aztex.ee\/wp-content\/uploads\/2025\/03\/oeko-tex-standard-100-150x50.png 150w\" sizes=\"auto, (max-width: 130px) 100vw, 130px\" \/><\/p>\n<p>Il set di biancheria da letto in Tencel \u00e8 confezionato in una borsa realizzata nello stesso tessuto Tencel, il che aggiunge ulteriore eleganza al prodotto e lo rende ancora pi\u00f9 speciale.<\/p>\n","protected":false},"featured_media":64403,"comment_status":"open","ping_status":"closed","template":"","meta":[],"product_brand":[],"product_cat":[109,182,500,4563],"product_tag":[],"class_list":{"0":"post-64378","1":"product","2":"type-product","3":"status-publish","4":"has-post-thumbnail","6":"product_cat-biancheria-da-letto","7":"product_cat-biancheria-da-letto-tencel","8":"product_cat-set-di-biancheria-da-letto","9":"product_cat-set-di-biancheria-da-letto-in-tencel","11":"first","12":"outofstock","13":"shipping-taxable","14":"purchasable","15":"product-type-simple"},"yoast_head":"<!-- This site is optimized with the Yoast SEO plugin v27.4 - https:\/\/yoast.com\/product\/yoast-seo-wordpress\/ -->\n<title>Set biancheria da letto Tencel - Verde chiaro | AZTEX<\/title>\n<meta name=\"description\" content=\"Il lussuoso set di biancheria da letto in TENCEL\u2122 Lyocell Verde chiaro \u00e8 setoso, morbido, traspirante e delicato sulla pelle. La sua consistenza leggera\" \/>\n<meta name=\"robots\" content=\"index, follow, max-snippet:-1, max-image-preview:large, max-video-preview:-1\" \/>\n<link rel=\"canonical\" href=\"https:\/\/aztex.ee\/it\/pood\/biancheria-da-letto\/set-biancheria-da-letto-tencel-verde-chiaro\/\" \/>\n<meta property=\"og:locale\" content=\"it_IT\" \/>\n<meta property=\"og:type\" content=\"article\" \/>\n<meta property=\"og:title\" content=\"Set biancheria da letto Tencel - Verde chiaro | AZTEX\" \/>\n<meta property=\"og:description\" content=\"Il lussuoso set di biancheria da letto in TENCEL\u2122 Lyocell Verde chiaro \u00e8 setoso, morbido, traspirante e delicato sulla pelle. La sua consistenza leggera\" \/>\n<meta property=\"og:url\" content=\"https:\/\/aztex.ee\/it\/pood\/biancheria-da-letto\/set-biancheria-da-letto-tencel-verde-chiaro\/\" \/>\n<meta property=\"og:site_name\" content=\"AZTEX\" \/>\n<meta property=\"article:publisher\" content=\"https:\/\/www.facebook.com\/AztexEE\" \/>\n<meta property=\"article:modified_time\" content=\"2025-03-09T19:30:34+00:00\" \/>\n<meta property=\"og:image\" content=\"https:\/\/aztex.ee\/wp-content\/uploads\/2025\/03\/Tencel-voodipesukomplekt-Heleroheline.jpg\" \/>\n\t<meta property=\"og:image:width\" content=\"800\" \/>\n\t<meta property=\"og:image:height\" content=\"800\" \/>\n\t<meta property=\"og:image:type\" content=\"image\/jpeg\" \/>\n<meta name=\"twitter:card\" content=\"summary_large_image\" \/>\n<meta name=\"twitter:label1\" content=\"Tempo di lettura stimato\" \/>\n\t<meta name=\"twitter:data1\" content=\"2 minuti\" \/>\n<script type=\"application\/ld+json\" class=\"yoast-schema-graph\">{\"@context\":\"https:\\\/\\\/schema.org\",\"@graph\":[{\"@type\":[\"WebPage\",\"ItemPage\"],\"@id\":\"https:\\\/\\\/aztex.ee\\\/it\\\/pood\\\/biancheria-da-letto\\\/set-biancheria-da-letto-tencel-verde-chiaro\\\/\",\"url\":\"https:\\\/\\\/aztex.ee\\\/it\\\/pood\\\/biancheria-da-letto\\\/set-biancheria-da-letto-tencel-verde-chiaro\\\/\",\"name\":\"Set biancheria da letto Tencel - Verde chiaro | AZTEX\",\"isPartOf\":{\"@id\":\"https:\\\/\\\/aztex.ee\\\/it\\\/#website\"},\"primaryImageOfPage\":{\"@id\":\"https:\\\/\\\/aztex.ee\\\/it\\\/pood\\\/biancheria-da-letto\\\/set-biancheria-da-letto-tencel-verde-chiaro\\\/#primaryimage\"},\"image\":{\"@id\":\"https:\\\/\\\/aztex.ee\\\/it\\\/pood\\\/biancheria-da-letto\\\/set-biancheria-da-letto-tencel-verde-chiaro\\\/#primaryimage\"},\"thumbnailUrl\":\"https:\\\/\\\/aztex.ee\\\/wp-content\\\/uploads\\\/2025\\\/03\\\/Tencel-voodipesukomplekt-Heleroheline.jpg\",\"datePublished\":\"2025-03-08T22:43:38+00:00\",\"dateModified\":\"2025-03-09T19:30:34+00:00\",\"description\":\"Il lussuoso set di biancheria da letto in TENCEL\u2122 Lyocell Verde chiaro \u00e8 setoso, morbido, traspirante e delicato sulla pelle. La sua consistenza leggera\",\"breadcrumb\":{\"@id\":\"https:\\\/\\\/aztex.ee\\\/it\\\/pood\\\/biancheria-da-letto\\\/set-biancheria-da-letto-tencel-verde-chiaro\\\/#breadcrumb\"},\"inLanguage\":\"it-IT\",\"potentialAction\":[{\"@type\":\"ReadAction\",\"target\":[\"https:\\\/\\\/aztex.ee\\\/it\\\/pood\\\/biancheria-da-letto\\\/set-biancheria-da-letto-tencel-verde-chiaro\\\/\"]}]},{\"@type\":\"ImageObject\",\"inLanguage\":\"it-IT\",\"@id\":\"https:\\\/\\\/aztex.ee\\\/it\\\/pood\\\/biancheria-da-letto\\\/set-biancheria-da-letto-tencel-verde-chiaro\\\/#primaryimage\",\"url\":\"https:\\\/\\\/aztex.ee\\\/wp-content\\\/uploads\\\/2025\\\/03\\\/Tencel-voodipesukomplekt-Heleroheline.jpg\",\"contentUrl\":\"https:\\\/\\\/aztex.ee\\\/wp-content\\\/uploads\\\/2025\\\/03\\\/Tencel-voodipesukomplekt-Heleroheline.jpg\",\"width\":800,\"height\":800,\"caption\":\"Tencel voodipesukomplekt Heleroheline\"},{\"@type\":\"BreadcrumbList\",\"@id\":\"https:\\\/\\\/aztex.ee\\\/it\\\/pood\\\/biancheria-da-letto\\\/set-biancheria-da-letto-tencel-verde-chiaro\\\/#breadcrumb\",\"itemListElement\":[{\"@type\":\"ListItem\",\"position\":1,\"name\":\"Pagina Iniziale\",\"item\":\"https:\\\/\\\/aztex.ee\\\/it\\\/\"},{\"@type\":\"ListItem\",\"position\":2,\"name\":\"Negozio\",\"item\":\"https:\\\/\\\/aztex.ee\\\/it\\\/negozio\\\/\"},{\"@type\":\"ListItem\",\"position\":3,\"name\":\"Set biancheria da letto Tencel | Verde chiaro\"}]},{\"@type\":\"WebSite\",\"@id\":\"https:\\\/\\\/aztex.ee\\\/it\\\/#website\",\"url\":\"https:\\\/\\\/aztex.ee\\\/it\\\/\",\"name\":\"AZTEX\",\"description\":\"\",\"publisher\":{\"@id\":\"https:\\\/\\\/aztex.ee\\\/it\\\/#organization\"},\"potentialAction\":[{\"@type\":\"SearchAction\",\"target\":{\"@type\":\"EntryPoint\",\"urlTemplate\":\"https:\\\/\\\/aztex.ee\\\/it\\\/?s={search_term_string}\"},\"query-input\":{\"@type\":\"PropertyValueSpecification\",\"valueRequired\":true,\"valueName\":\"search_term_string\"}}],\"inLanguage\":\"it-IT\"},{\"@type\":\"Organization\",\"@id\":\"https:\\\/\\\/aztex.ee\\\/it\\\/#organization\",\"name\":\"AZTEX\",\"url\":\"https:\\\/\\\/aztex.ee\\\/it\\\/\",\"logo\":{\"@type\":\"ImageObject\",\"inLanguage\":\"it-IT\",\"@id\":\"https:\\\/\\\/aztex.ee\\\/it\\\/#\\\/schema\\\/logo\\\/image\\\/\",\"url\":\"https:\\\/\\\/aztex.ee\\\/wp-content\\\/uploads\\\/2026\\\/01\\\/AZTEX.png\",\"contentUrl\":\"https:\\\/\\\/aztex.ee\\\/wp-content\\\/uploads\\\/2026\\\/01\\\/AZTEX.png\",\"width\":500,\"height\":500,\"caption\":\"AZTEX\"},\"image\":{\"@id\":\"https:\\\/\\\/aztex.ee\\\/it\\\/#\\\/schema\\\/logo\\\/image\\\/\"},\"sameAs\":[\"https:\\\/\\\/www.facebook.com\\\/AztexEE\",\"https:\\\/\\\/www.instagram.com\\\/aztexeesti\\\/\",\"https:\\\/\\\/www.youtube.com\\\/@AZTEXEE\",\"https:\\\/\\\/www.pinterest.com\\\/aztex_eesti\\\/\",\"https:\\\/\\\/www.tiktok.com\\\/@aztexeesti\",\"https:\\\/\\\/www.trustpilot.com\\\/review\\\/aztex.ee\",\"https:\\\/\\\/www.linkedin.com\\\/company\\\/aztex-ee\\\/\",\"https:\\\/\\\/www.wikidata.org\\\/wiki\\\/Q137560182\"]}]}<\/script>\n<!-- \/ Yoast SEO plugin. -->","yoast_head_json":{"title":"Set biancheria da letto Tencel - Verde chiaro | AZTEX","description":"Il lussuoso set di biancheria da letto in TENCEL\u2122 Lyocell Verde chiaro \u00e8 setoso, morbido, traspirante e delicato sulla pelle. La sua consistenza leggera","robots":{"index":"index","follow":"follow","max-snippet":"max-snippet:-1","max-image-preview":"max-image-preview:large","max-video-preview":"max-video-preview:-1"},"canonical":"https:\/\/aztex.ee\/it\/pood\/biancheria-da-letto\/set-biancheria-da-letto-tencel-verde-chiaro\/","og_locale":"it_IT","og_type":"article","og_title":"Set biancheria da letto Tencel - Verde chiaro | AZTEX","og_description":"Il lussuoso set di biancheria da letto in TENCEL\u2122 Lyocell Verde chiaro \u00e8 setoso, morbido, traspirante e delicato sulla pelle. La sua consistenza leggera","og_url":"https:\/\/aztex.ee\/it\/pood\/biancheria-da-letto\/set-biancheria-da-letto-tencel-verde-chiaro\/","og_site_name":"AZTEX","article_publisher":"https:\/\/www.facebook.com\/AztexEE","article_modified_time":"2025-03-09T19:30:34+00:00","og_image":[{"width":800,"height":800,"url":"https:\/\/aztex.ee\/wp-content\/uploads\/2025\/03\/Tencel-voodipesukomplekt-Heleroheline.jpg","type":"image\/jpeg"}],"twitter_card":"summary_large_image","twitter_misc":{"Tempo di lettura stimato":"2 minuti"},"schema":{"@context":"https:\/\/schema.org","@graph":[{"@type":["WebPage","ItemPage"],"@id":"https:\/\/aztex.ee\/it\/pood\/biancheria-da-letto\/set-biancheria-da-letto-tencel-verde-chiaro\/","url":"https:\/\/aztex.ee\/it\/pood\/biancheria-da-letto\/set-biancheria-da-letto-tencel-verde-chiaro\/","name":"Set biancheria da letto Tencel - Verde chiaro | AZTEX","isPartOf":{"@id":"https:\/\/aztex.ee\/it\/#website"},"primaryImageOfPage":{"@id":"https:\/\/aztex.ee\/it\/pood\/biancheria-da-letto\/set-biancheria-da-letto-tencel-verde-chiaro\/#primaryimage"},"image":{"@id":"https:\/\/aztex.ee\/it\/pood\/biancheria-da-letto\/set-biancheria-da-letto-tencel-verde-chiaro\/#primaryimage"},"thumbnailUrl":"https:\/\/aztex.ee\/wp-content\/uploads\/2025\/03\/Tencel-voodipesukomplekt-Heleroheline.jpg","datePublished":"2025-03-08T22:43:38+00:00","dateModified":"2025-03-09T19:30:34+00:00","description":"Il lussuoso set di biancheria da letto in TENCEL\u2122 Lyocell Verde chiaro \u00e8 setoso, morbido, traspirante e delicato sulla pelle. La sua consistenza leggera","breadcrumb":{"@id":"https:\/\/aztex.ee\/it\/pood\/biancheria-da-letto\/set-biancheria-da-letto-tencel-verde-chiaro\/#breadcrumb"},"inLanguage":"it-IT","potentialAction":[{"@type":"ReadAction","target":["https:\/\/aztex.ee\/it\/pood\/biancheria-da-letto\/set-biancheria-da-letto-tencel-verde-chiaro\/"]}]},{"@type":"ImageObject","inLanguage":"it-IT","@id":"https:\/\/aztex.ee\/it\/pood\/biancheria-da-letto\/set-biancheria-da-letto-tencel-verde-chiaro\/#primaryimage","url":"https:\/\/aztex.ee\/wp-content\/uploads\/2025\/03\/Tencel-voodipesukomplekt-Heleroheline.jpg","contentUrl":"https:\/\/aztex.ee\/wp-content\/uploads\/2025\/03\/Tencel-voodipesukomplekt-Heleroheline.jpg","width":800,"height":800,"caption":"Tencel voodipesukomplekt Heleroheline"},{"@type":"BreadcrumbList","@id":"https:\/\/aztex.ee\/it\/pood\/biancheria-da-letto\/set-biancheria-da-letto-tencel-verde-chiaro\/#breadcrumb","itemListElement":[{"@type":"ListItem","position":1,"name":"Pagina Iniziale","item":"https:\/\/aztex.ee\/it\/"},{"@type":"ListItem","position":2,"name":"Negozio","item":"https:\/\/aztex.ee\/it\/negozio\/"},{"@type":"ListItem","position":3,"name":"Set biancheria da letto Tencel | Verde chiaro"}]},{"@type":"WebSite","@id":"https:\/\/aztex.ee\/it\/#website","url":"https:\/\/aztex.ee\/it\/","name":"AZTEX","description":"","publisher":{"@id":"https:\/\/aztex.ee\/it\/#organization"},"potentialAction":[{"@type":"SearchAction","target":{"@type":"EntryPoint","urlTemplate":"https:\/\/aztex.ee\/it\/?s={search_term_string}"},"query-input":{"@type":"PropertyValueSpecification","valueRequired":true,"valueName":"search_term_string"}}],"inLanguage":"it-IT"},{"@type":"Organization","@id":"https:\/\/aztex.ee\/it\/#organization","name":"AZTEX","url":"https:\/\/aztex.ee\/it\/","logo":{"@type":"ImageObject","inLanguage":"it-IT","@id":"https:\/\/aztex.ee\/it\/#\/schema\/logo\/image\/","url":"https:\/\/aztex.ee\/wp-content\/uploads\/2026\/01\/AZTEX.png","contentUrl":"https:\/\/aztex.ee\/wp-content\/uploads\/2026\/01\/AZTEX.png","width":500,"height":500,"caption":"AZTEX"},"image":{"@id":"https:\/\/aztex.ee\/it\/#\/schema\/logo\/image\/"},"sameAs":["https:\/\/www.facebook.com\/AztexEE","https:\/\/www.instagram.com\/aztexeesti\/","https:\/\/www.youtube.com\/@AZTEXEE","https:\/\/www.pinterest.com\/aztex_eesti\/","https:\/\/www.tiktok.com\/@aztexeesti","https:\/\/www.trustpilot.com\/review\/aztex.ee","https:\/\/www.linkedin.com\/company\/aztex-ee\/","https:\/\/www.wikidata.org\/wiki\/Q137560182"]}]}},"_links":{"self":[{"href":"https:\/\/aztex.ee\/it\/wp-json\/wp\/v2\/product\/64378","targetHints":{"allow":["GET"]}}],"collection":[{"href":"https:\/\/aztex.ee\/it\/wp-json\/wp\/v2\/product"}],"about":[{"href":"https:\/\/aztex.ee\/it\/wp-json\/wp\/v2\/types\/product"}],"replies":[{"embeddable":true,"href":"https:\/\/aztex.ee\/it\/wp-json\/wp\/v2\/comments?post=64378"}],"version-history":[{"count":0,"href":"https:\/\/aztex.ee\/it\/wp-json\/wp\/v2\/product\/64378\/revisions"}],"wp:featuredmedia":[{"embeddable":true,"href":"https:\/\/aztex.ee\/it\/wp-json\/wp\/v2\/media\/64403"}],"wp:attachment":[{"href":"https:\/\/aztex.ee\/it\/wp-json\/wp\/v2\/media?parent=64378"}],"wp:term":[{"taxonomy":"product_brand","embeddable":true,"href":"https:\/\/aztex.ee\/it\/wp-json\/wp\/v2\/product_brand?post=64378"},{"taxonomy":"product_cat","embeddable":true,"href":"https:\/\/aztex.ee\/it\/wp-json\/wp\/v2\/product_cat?post=64378"},{"taxonomy":"product_tag","embeddable":true,"href":"https:\/\/aztex.ee\/it\/wp-json\/wp\/v2\/product_tag?post=64378"}],"curies":[{"name":"wp","href":"https:\/\/api.w.org\/{rel}","templated":true}]}}