{"id":59835,"date":"2025-02-26T09:58:55","date_gmt":"2025-02-26T09:58:55","guid":{"rendered":"https:\/\/aztex.ee\/?post_type=product&#038;p=59835"},"modified":"2026-02-01T16:43:45","modified_gmt":"2026-02-01T16:43:45","slug":"coperta-in-pile-sherpa-150x200-cm","status":"publish","type":"product","link":"https:\/\/aztex.ee\/it\/pood\/coperte-e-plaid\/coperta-in-pile-sherpa-150x200-cm\/","title":{"rendered":"Coperta in pile sherpa 150&#215;200 cm"},"content":{"rendered":"<p><strong>Coperta in pile Sherpa 150\u00d7200 cm \u2013 Morbida e calda<\/strong><\/p>\n<p>Sentiti sempre a tuo agio e al caldo a casa con questa coperta in pile Sherpa di alta qualit\u00e0. Questa coperta \u00e8 progettata per offrire il massimo calore e intimit\u00e0 per rendere i momenti quotidiani ancora pi\u00f9 piacevoli.<\/p>\n<p><strong>Comfort in ogni situazione<\/strong><br \/>\nLe dimensioni della coperta in pile Sherpa 150\u00d7200 cm la rendono perfetta per ogni situazione. Che si tratti di rilassarsi sul divano, di fornire calore extra sul letto o di dormire, la coperta in pile Sherpa offre leggerezza e calore perfetti in ogni utilizzo. Le dimensioni sono adatte anche per gli ospiti o come coperta extra sul letto per rendere ogni giorno pieno di calore.<\/p>\n<p><strong>Facile da curare e resistente<\/strong><br \/>\nLa cura della coperta in pile Sherpa \u00e8 facile e comoda, poich\u00e9 \u00e8 lavabile in lavatrice. Dopo il lavaggio, rimane morbida, offrendo calore e qualit\u00e0 duraturi. Consigliamo di lavare a basse temperature per mantenere la bellezza e la durata del prodotto. La coperta in pile si asciuga rapidamente e non richiede un&#8217;asciugatura separata, il che la rende ancora pi\u00f9 pratica nella vita di tutti i giorni.<\/p>\n<p><strong>Comodit\u00e0 e calore in ogni momento<\/strong><br \/>\nUna coperta in pile Sherpa non \u00e8 solo calda, ma offre anche un perfetto relax quotidiano. Che si tratti di una serata accogliente a casa, di leggere un libro o di fare le faccende domestiche, una coperta in pile Sherpa rende ogni momento speciale.<\/p>\n","protected":false},"excerpt":{"rendered":"<ul>\n<li>Materiale: Vello di corallo<\/li>\n<li>Dimensioni: 150&#215;200 cm \u00b13<\/li>\n<li>Peso: 1,1 kg<\/li>\n<\/ul>\n","protected":false},"featured_media":59962,"comment_status":"open","ping_status":"closed","template":"","meta":[],"product_brand":[],"product_cat":[1870,4471,4486],"product_tag":[],"class_list":{"0":"post-59835","1":"product","2":"type-product","3":"status-publish","4":"has-post-thumbnail","6":"product_cat-coperte-e-plaid","7":"product_cat-coperte-in-pile-sherpa","8":"product_cat-coperte-in-pile-sherpa-150x200-cm","10":"first","11":"instock","12":"shipping-taxable","13":"purchasable","14":"product-type-variable"},"yoast_head":"<!-- This site is optimized with the Yoast SEO plugin v27.3 - https:\/\/yoast.com\/product\/yoast-seo-wordpress\/ -->\n<title>Coperta in pile sherpa 150x200 cm | AZTEX<\/title>\n<meta name=\"description\" content=\"Una coperta in pile Sherpa da 150x200 cm ultra morbida e calda che offre il massimo comfort. La compagna perfetta per le serate pi\u00f9 fredde e per il relax.\" \/>\n<meta name=\"robots\" content=\"index, follow, max-snippet:-1, max-image-preview:large, max-video-preview:-1\" \/>\n<link rel=\"canonical\" href=\"https:\/\/aztex.ee\/it\/pood\/coperte-e-plaid\/coperta-in-pile-sherpa-150x200-cm\/\" \/>\n<meta property=\"og:locale\" content=\"it_IT\" \/>\n<meta property=\"og:type\" content=\"article\" \/>\n<meta property=\"og:title\" content=\"Coperta in pile sherpa 150x200 cm | AZTEX\" \/>\n<meta property=\"og:description\" content=\"Una coperta in pile Sherpa da 150x200 cm ultra morbida e calda che offre il massimo comfort. La compagna perfetta per le serate pi\u00f9 fredde e per il relax.\" \/>\n<meta property=\"og:url\" content=\"https:\/\/aztex.ee\/it\/pood\/coperte-e-plaid\/coperta-in-pile-sherpa-150x200-cm\/\" \/>\n<meta property=\"og:site_name\" content=\"AZTEX\" \/>\n<meta property=\"article:publisher\" content=\"https:\/\/www.facebook.com\/AztexEE\" \/>\n<meta property=\"article:modified_time\" content=\"2026-02-01T16:43:45+00:00\" \/>\n<meta property=\"og:image\" content=\"https:\/\/aztex.ee\/wp-content\/uploads\/2025\/02\/Sherpa-fliis-tekk-150x200-cm.jpg\" \/>\n\t<meta property=\"og:image:width\" content=\"800\" \/>\n\t<meta property=\"og:image:height\" content=\"800\" \/>\n\t<meta property=\"og:image:type\" content=\"image\/jpeg\" \/>\n<meta name=\"twitter:card\" content=\"summary_large_image\" \/>\n<meta name=\"twitter:label1\" content=\"Tempo di lettura stimato\" \/>\n\t<meta name=\"twitter:data1\" content=\"2 minuti\" \/>\n<script type=\"application\/ld+json\" class=\"yoast-schema-graph\">{\"@context\":\"https:\\\/\\\/schema.org\",\"@graph\":[{\"@type\":[\"WebPage\",\"ItemPage\"],\"@id\":\"https:\\\/\\\/aztex.ee\\\/it\\\/pood\\\/coperte-e-plaid\\\/coperta-in-pile-sherpa-150x200-cm\\\/\",\"url\":\"https:\\\/\\\/aztex.ee\\\/it\\\/pood\\\/coperte-e-plaid\\\/coperta-in-pile-sherpa-150x200-cm\\\/\",\"name\":\"Coperta in pile sherpa 150x200 cm | AZTEX\",\"isPartOf\":{\"@id\":\"https:\\\/\\\/aztex.ee\\\/it\\\/#website\"},\"primaryImageOfPage\":{\"@id\":\"https:\\\/\\\/aztex.ee\\\/it\\\/pood\\\/coperte-e-plaid\\\/coperta-in-pile-sherpa-150x200-cm\\\/#primaryimage\"},\"image\":{\"@id\":\"https:\\\/\\\/aztex.ee\\\/it\\\/pood\\\/coperte-e-plaid\\\/coperta-in-pile-sherpa-150x200-cm\\\/#primaryimage\"},\"thumbnailUrl\":\"https:\\\/\\\/aztex.ee\\\/wp-content\\\/uploads\\\/2025\\\/02\\\/Sherpa-fliis-tekk-150x200-cm.jpg\",\"datePublished\":\"2025-02-26T09:58:55+00:00\",\"dateModified\":\"2026-02-01T16:43:45+00:00\",\"description\":\"Una coperta in pile Sherpa da 150x200 cm ultra morbida e calda che offre il massimo comfort. La compagna perfetta per le serate pi\u00f9 fredde e per il relax.\",\"breadcrumb\":{\"@id\":\"https:\\\/\\\/aztex.ee\\\/it\\\/pood\\\/coperte-e-plaid\\\/coperta-in-pile-sherpa-150x200-cm\\\/#breadcrumb\"},\"inLanguage\":\"it-IT\",\"potentialAction\":[{\"@type\":\"ReadAction\",\"target\":[\"https:\\\/\\\/aztex.ee\\\/it\\\/pood\\\/coperte-e-plaid\\\/coperta-in-pile-sherpa-150x200-cm\\\/\"]}]},{\"@type\":\"ImageObject\",\"inLanguage\":\"it-IT\",\"@id\":\"https:\\\/\\\/aztex.ee\\\/it\\\/pood\\\/coperte-e-plaid\\\/coperta-in-pile-sherpa-150x200-cm\\\/#primaryimage\",\"url\":\"https:\\\/\\\/aztex.ee\\\/wp-content\\\/uploads\\\/2025\\\/02\\\/Sherpa-fliis-tekk-150x200-cm.jpg\",\"contentUrl\":\"https:\\\/\\\/aztex.ee\\\/wp-content\\\/uploads\\\/2025\\\/02\\\/Sherpa-fliis-tekk-150x200-cm.jpg\",\"width\":800,\"height\":800,\"caption\":\"Sherpa fliis tekk 150x200 cm\"},{\"@type\":\"BreadcrumbList\",\"@id\":\"https:\\\/\\\/aztex.ee\\\/it\\\/pood\\\/coperte-e-plaid\\\/coperta-in-pile-sherpa-150x200-cm\\\/#breadcrumb\",\"itemListElement\":[{\"@type\":\"ListItem\",\"position\":1,\"name\":\"Pagina Iniziale\",\"item\":\"https:\\\/\\\/aztex.ee\\\/it\\\/\"},{\"@type\":\"ListItem\",\"position\":2,\"name\":\"Negozio\",\"item\":\"https:\\\/\\\/aztex.ee\\\/it\\\/negozio\\\/\"},{\"@type\":\"ListItem\",\"position\":3,\"name\":\"Coperta in pile sherpa 150&#215;200 cm\"}]},{\"@type\":\"WebSite\",\"@id\":\"https:\\\/\\\/aztex.ee\\\/it\\\/#website\",\"url\":\"https:\\\/\\\/aztex.ee\\\/it\\\/\",\"name\":\"AZTEX\",\"description\":\"\",\"publisher\":{\"@id\":\"https:\\\/\\\/aztex.ee\\\/it\\\/#organization\"},\"potentialAction\":[{\"@type\":\"SearchAction\",\"target\":{\"@type\":\"EntryPoint\",\"urlTemplate\":\"https:\\\/\\\/aztex.ee\\\/it\\\/?s={search_term_string}\"},\"query-input\":{\"@type\":\"PropertyValueSpecification\",\"valueRequired\":true,\"valueName\":\"search_term_string\"}}],\"inLanguage\":\"it-IT\"},{\"@type\":\"Organization\",\"@id\":\"https:\\\/\\\/aztex.ee\\\/it\\\/#organization\",\"name\":\"AZTEX\",\"url\":\"https:\\\/\\\/aztex.ee\\\/it\\\/\",\"logo\":{\"@type\":\"ImageObject\",\"inLanguage\":\"it-IT\",\"@id\":\"https:\\\/\\\/aztex.ee\\\/it\\\/#\\\/schema\\\/logo\\\/image\\\/\",\"url\":\"https:\\\/\\\/aztex.ee\\\/wp-content\\\/uploads\\\/2026\\\/01\\\/AZTEX.png\",\"contentUrl\":\"https:\\\/\\\/aztex.ee\\\/wp-content\\\/uploads\\\/2026\\\/01\\\/AZTEX.png\",\"width\":500,\"height\":500,\"caption\":\"AZTEX\"},\"image\":{\"@id\":\"https:\\\/\\\/aztex.ee\\\/it\\\/#\\\/schema\\\/logo\\\/image\\\/\"},\"sameAs\":[\"https:\\\/\\\/www.facebook.com\\\/AztexEE\",\"https:\\\/\\\/www.instagram.com\\\/aztexeesti\\\/\",\"https:\\\/\\\/www.youtube.com\\\/@AZTEXEE\",\"https:\\\/\\\/www.pinterest.com\\\/aztex_eesti\\\/\",\"https:\\\/\\\/www.tiktok.com\\\/@aztexeesti\",\"https:\\\/\\\/www.trustpilot.com\\\/review\\\/aztex.ee\",\"https:\\\/\\\/www.linkedin.com\\\/company\\\/aztex-ee\\\/\",\"https:\\\/\\\/www.wikidata.org\\\/wiki\\\/Q137560182\"]}]}<\/script>\n<!-- \/ Yoast SEO plugin. -->","yoast_head_json":{"title":"Coperta in pile sherpa 150x200 cm | AZTEX","description":"Una coperta in pile Sherpa da 150x200 cm ultra morbida e calda che offre il massimo comfort. La compagna perfetta per le serate pi\u00f9 fredde e per il relax.","robots":{"index":"index","follow":"follow","max-snippet":"max-snippet:-1","max-image-preview":"max-image-preview:large","max-video-preview":"max-video-preview:-1"},"canonical":"https:\/\/aztex.ee\/it\/pood\/coperte-e-plaid\/coperta-in-pile-sherpa-150x200-cm\/","og_locale":"it_IT","og_type":"article","og_title":"Coperta in pile sherpa 150x200 cm | AZTEX","og_description":"Una coperta in pile Sherpa da 150x200 cm ultra morbida e calda che offre il massimo comfort. La compagna perfetta per le serate pi\u00f9 fredde e per il relax.","og_url":"https:\/\/aztex.ee\/it\/pood\/coperte-e-plaid\/coperta-in-pile-sherpa-150x200-cm\/","og_site_name":"AZTEX","article_publisher":"https:\/\/www.facebook.com\/AztexEE","article_modified_time":"2026-02-01T16:43:45+00:00","og_image":[{"width":800,"height":800,"url":"https:\/\/aztex.ee\/wp-content\/uploads\/2025\/02\/Sherpa-fliis-tekk-150x200-cm.jpg","type":"image\/jpeg"}],"twitter_card":"summary_large_image","twitter_misc":{"Tempo di lettura stimato":"2 minuti"},"schema":{"@context":"https:\/\/schema.org","@graph":[{"@type":["WebPage","ItemPage"],"@id":"https:\/\/aztex.ee\/it\/pood\/coperte-e-plaid\/coperta-in-pile-sherpa-150x200-cm\/","url":"https:\/\/aztex.ee\/it\/pood\/coperte-e-plaid\/coperta-in-pile-sherpa-150x200-cm\/","name":"Coperta in pile sherpa 150x200 cm | AZTEX","isPartOf":{"@id":"https:\/\/aztex.ee\/it\/#website"},"primaryImageOfPage":{"@id":"https:\/\/aztex.ee\/it\/pood\/coperte-e-plaid\/coperta-in-pile-sherpa-150x200-cm\/#primaryimage"},"image":{"@id":"https:\/\/aztex.ee\/it\/pood\/coperte-e-plaid\/coperta-in-pile-sherpa-150x200-cm\/#primaryimage"},"thumbnailUrl":"https:\/\/aztex.ee\/wp-content\/uploads\/2025\/02\/Sherpa-fliis-tekk-150x200-cm.jpg","datePublished":"2025-02-26T09:58:55+00:00","dateModified":"2026-02-01T16:43:45+00:00","description":"Una coperta in pile Sherpa da 150x200 cm ultra morbida e calda che offre il massimo comfort. La compagna perfetta per le serate pi\u00f9 fredde e per il relax.","breadcrumb":{"@id":"https:\/\/aztex.ee\/it\/pood\/coperte-e-plaid\/coperta-in-pile-sherpa-150x200-cm\/#breadcrumb"},"inLanguage":"it-IT","potentialAction":[{"@type":"ReadAction","target":["https:\/\/aztex.ee\/it\/pood\/coperte-e-plaid\/coperta-in-pile-sherpa-150x200-cm\/"]}]},{"@type":"ImageObject","inLanguage":"it-IT","@id":"https:\/\/aztex.ee\/it\/pood\/coperte-e-plaid\/coperta-in-pile-sherpa-150x200-cm\/#primaryimage","url":"https:\/\/aztex.ee\/wp-content\/uploads\/2025\/02\/Sherpa-fliis-tekk-150x200-cm.jpg","contentUrl":"https:\/\/aztex.ee\/wp-content\/uploads\/2025\/02\/Sherpa-fliis-tekk-150x200-cm.jpg","width":800,"height":800,"caption":"Sherpa fliis tekk 150x200 cm"},{"@type":"BreadcrumbList","@id":"https:\/\/aztex.ee\/it\/pood\/coperte-e-plaid\/coperta-in-pile-sherpa-150x200-cm\/#breadcrumb","itemListElement":[{"@type":"ListItem","position":1,"name":"Pagina Iniziale","item":"https:\/\/aztex.ee\/it\/"},{"@type":"ListItem","position":2,"name":"Negozio","item":"https:\/\/aztex.ee\/it\/negozio\/"},{"@type":"ListItem","position":3,"name":"Coperta in pile sherpa 150&#215;200 cm"}]},{"@type":"WebSite","@id":"https:\/\/aztex.ee\/it\/#website","url":"https:\/\/aztex.ee\/it\/","name":"AZTEX","description":"","publisher":{"@id":"https:\/\/aztex.ee\/it\/#organization"},"potentialAction":[{"@type":"SearchAction","target":{"@type":"EntryPoint","urlTemplate":"https:\/\/aztex.ee\/it\/?s={search_term_string}"},"query-input":{"@type":"PropertyValueSpecification","valueRequired":true,"valueName":"search_term_string"}}],"inLanguage":"it-IT"},{"@type":"Organization","@id":"https:\/\/aztex.ee\/it\/#organization","name":"AZTEX","url":"https:\/\/aztex.ee\/it\/","logo":{"@type":"ImageObject","inLanguage":"it-IT","@id":"https:\/\/aztex.ee\/it\/#\/schema\/logo\/image\/","url":"https:\/\/aztex.ee\/wp-content\/uploads\/2026\/01\/AZTEX.png","contentUrl":"https:\/\/aztex.ee\/wp-content\/uploads\/2026\/01\/AZTEX.png","width":500,"height":500,"caption":"AZTEX"},"image":{"@id":"https:\/\/aztex.ee\/it\/#\/schema\/logo\/image\/"},"sameAs":["https:\/\/www.facebook.com\/AztexEE","https:\/\/www.instagram.com\/aztexeesti\/","https:\/\/www.youtube.com\/@AZTEXEE","https:\/\/www.pinterest.com\/aztex_eesti\/","https:\/\/www.tiktok.com\/@aztexeesti","https:\/\/www.trustpilot.com\/review\/aztex.ee","https:\/\/www.linkedin.com\/company\/aztex-ee\/","https:\/\/www.wikidata.org\/wiki\/Q137560182"]}]}},"_links":{"self":[{"href":"https:\/\/aztex.ee\/it\/wp-json\/wp\/v2\/product\/59835","targetHints":{"allow":["GET"]}}],"collection":[{"href":"https:\/\/aztex.ee\/it\/wp-json\/wp\/v2\/product"}],"about":[{"href":"https:\/\/aztex.ee\/it\/wp-json\/wp\/v2\/types\/product"}],"replies":[{"embeddable":true,"href":"https:\/\/aztex.ee\/it\/wp-json\/wp\/v2\/comments?post=59835"}],"version-history":[{"count":0,"href":"https:\/\/aztex.ee\/it\/wp-json\/wp\/v2\/product\/59835\/revisions"}],"wp:featuredmedia":[{"embeddable":true,"href":"https:\/\/aztex.ee\/it\/wp-json\/wp\/v2\/media\/59962"}],"wp:attachment":[{"href":"https:\/\/aztex.ee\/it\/wp-json\/wp\/v2\/media?parent=59835"}],"wp:term":[{"taxonomy":"product_brand","embeddable":true,"href":"https:\/\/aztex.ee\/it\/wp-json\/wp\/v2\/product_brand?post=59835"},{"taxonomy":"product_cat","embeddable":true,"href":"https:\/\/aztex.ee\/it\/wp-json\/wp\/v2\/product_cat?post=59835"},{"taxonomy":"product_tag","embeddable":true,"href":"https:\/\/aztex.ee\/it\/wp-json\/wp\/v2\/product_tag?post=59835"}],"curies":[{"name":"wp","href":"https:\/\/api.w.org\/{rel}","templated":true}]}}