{"id":58628,"date":"2025-02-21T17:50:38","date_gmt":"2025-02-21T17:50:38","guid":{"rendered":"https:\/\/aztex.ee\/?post_type=product&#038;p=58628"},"modified":"2026-04-03T15:10:34","modified_gmt":"2026-04-03T15:10:34","slug":"plaid","status":"publish","type":"product","link":"https:\/\/aztex.ee\/it\/pood\/coperte-e-plaid\/plaid\/","title":{"rendered":"Plaid 130&#215;180 cm"},"content":{"rendered":"<p><strong>Un plaid morbido e caldo che offre calore e comfort in qualsiasi momento.<\/strong><\/p>\n<p>Il grazioso plaid \u00e8 progettato per offrire calore e comfort, pur essendo elegante e pratico. La sua bella consistenza e il suo colore lo rendono l&#8217;accessorio perfetto per qualsiasi stanza, aggiungendo calore e intimit\u00e0. La scelta ideale per rilassarsi dopo una lunga giornata o per addormentarsi completamente a proprio agio.<\/p>\n<p><strong>Uso versatile<\/strong><br \/>\nLe dimensioni e il design del plaid lo rendono ideale, sia che l&#8217;obiettivo sia quello di fornire calore extra in una fredda serata o di decorare la tua casa. Il plaid offre il perfetto equilibrio tra comfort e stile, rendendo qualsiasi stanza ancora pi\u00f9 piacevole.<\/p>\n<p><strong>Facile da curare<\/strong><br \/>\nIl plaid \u00e8 facile e comodo da curare, poich\u00e9 \u00e8 lavabile in lavatrice. \u00c8 ideale per l&#8217;uso quotidiano, essendo resistente e facile da mantenere.<\/p>\n<p><strong>Design elegante<\/strong><br \/>\nIl design elegante e senza tempo rende il plaid un&#8217;aggiunta adatta a qualsiasi interno. L&#8217;aspetto minimalista e i dettagli raffinati creano un&#8217;atmosfera calda e invitante, aggiungendo ulteriore stile a qualsiasi stanza. Questa coperta valorizzer\u00e0 la tua casa e aggiunger\u00e0 calore.<\/p>\n<p>Che tu lo usi da solo o lo regali, \u00e8 un accessorio pratico ed elegante che render\u00e0 la vita di tutti i giorni ancora pi\u00f9 piacevole. Questa coperta \u00e8 la scelta perfetta per portare calore, comfort e stile in ogni casa.<\/p>\n","protected":false},"excerpt":{"rendered":"<ul>\n<li>Materiale: Acrilico<\/li>\n<li>Dimensioni: 130&#215;180 cm \u00b13<\/li>\n<li>Peso: 0,560 kg<\/li>\n<\/ul>\n","protected":false},"featured_media":58807,"comment_status":"open","ping_status":"closed","template":"","meta":[],"product_brand":[],"product_cat":[1870,3480],"product_tag":[],"class_list":{"0":"post-58628","1":"product","2":"type-product","3":"status-publish","4":"has-post-thumbnail","6":"product_cat-coperte-e-plaid","7":"product_cat-plaid","9":"first","10":"instock","11":"shipping-taxable","12":"purchasable","13":"product-type-variable"},"yoast_head":"<!-- This site is optimized with the Yoast SEO plugin v27.3 - https:\/\/yoast.com\/product\/yoast-seo-wordpress\/ -->\n<title>Coperta morbida divano | AZTEX<\/title>\n<meta name=\"description\" content=\"Un plaid morbido e caldo che aggiunge comfort a ogni giorno. Perfetto per serate rilassanti, fredde o momenti di relax. | Tessili per la casa AZTEX\" \/>\n<meta name=\"robots\" content=\"index, follow, max-snippet:-1, max-image-preview:large, max-video-preview:-1\" \/>\n<link rel=\"canonical\" href=\"https:\/\/aztex.ee\/it\/pood\/coperte-e-plaid\/plaid\/\" \/>\n<meta property=\"og:locale\" content=\"it_IT\" \/>\n<meta property=\"og:type\" content=\"article\" \/>\n<meta property=\"og:title\" content=\"Coperta morbida divano | AZTEX\" \/>\n<meta property=\"og:description\" content=\"Un plaid morbido e caldo che aggiunge comfort a ogni giorno. Perfetto per serate rilassanti, fredde o momenti di relax. | Tessili per la casa AZTEX\" \/>\n<meta property=\"og:url\" content=\"https:\/\/aztex.ee\/it\/pood\/coperte-e-plaid\/plaid\/\" \/>\n<meta property=\"og:site_name\" content=\"AZTEX\" \/>\n<meta property=\"article:publisher\" content=\"https:\/\/www.facebook.com\/AztexEE\" \/>\n<meta property=\"article:modified_time\" content=\"2026-04-03T15:10:34+00:00\" \/>\n<meta property=\"og:image\" content=\"https:\/\/aztex.ee\/wp-content\/uploads\/2025\/02\/Pleed-130x180-cm-1.jpg\" \/>\n\t<meta property=\"og:image:width\" content=\"800\" \/>\n\t<meta property=\"og:image:height\" content=\"800\" \/>\n\t<meta property=\"og:image:type\" content=\"image\/jpeg\" \/>\n<meta name=\"twitter:card\" content=\"summary_large_image\" \/>\n<meta name=\"twitter:label1\" content=\"Tempo di lettura stimato\" \/>\n\t<meta name=\"twitter:data1\" content=\"2 minuti\" \/>\n<script type=\"application\/ld+json\" class=\"yoast-schema-graph\">{\"@context\":\"https:\\\/\\\/schema.org\",\"@graph\":[{\"@type\":[\"WebPage\",\"ItemPage\"],\"@id\":\"https:\\\/\\\/aztex.ee\\\/it\\\/pood\\\/coperte-e-plaid\\\/plaid\\\/\",\"url\":\"https:\\\/\\\/aztex.ee\\\/it\\\/pood\\\/coperte-e-plaid\\\/plaid\\\/\",\"name\":\"Coperta morbida divano | AZTEX\",\"isPartOf\":{\"@id\":\"https:\\\/\\\/aztex.ee\\\/it\\\/#website\"},\"primaryImageOfPage\":{\"@id\":\"https:\\\/\\\/aztex.ee\\\/it\\\/pood\\\/coperte-e-plaid\\\/plaid\\\/#primaryimage\"},\"image\":{\"@id\":\"https:\\\/\\\/aztex.ee\\\/it\\\/pood\\\/coperte-e-plaid\\\/plaid\\\/#primaryimage\"},\"thumbnailUrl\":\"https:\\\/\\\/aztex.ee\\\/wp-content\\\/uploads\\\/2025\\\/02\\\/Pleed-130x180-cm-1.jpg\",\"datePublished\":\"2025-02-21T17:50:38+00:00\",\"dateModified\":\"2026-04-03T15:10:34+00:00\",\"description\":\"Un plaid morbido e caldo che aggiunge comfort a ogni giorno. Perfetto per serate rilassanti, fredde o momenti di relax. | Tessili per la casa AZTEX\",\"breadcrumb\":{\"@id\":\"https:\\\/\\\/aztex.ee\\\/it\\\/pood\\\/coperte-e-plaid\\\/plaid\\\/#breadcrumb\"},\"inLanguage\":\"it-IT\",\"potentialAction\":[{\"@type\":\"ReadAction\",\"target\":[\"https:\\\/\\\/aztex.ee\\\/it\\\/pood\\\/coperte-e-plaid\\\/plaid\\\/\"]}]},{\"@type\":\"ImageObject\",\"inLanguage\":\"it-IT\",\"@id\":\"https:\\\/\\\/aztex.ee\\\/it\\\/pood\\\/coperte-e-plaid\\\/plaid\\\/#primaryimage\",\"url\":\"https:\\\/\\\/aztex.ee\\\/wp-content\\\/uploads\\\/2025\\\/02\\\/Pleed-130x180-cm-1.jpg\",\"contentUrl\":\"https:\\\/\\\/aztex.ee\\\/wp-content\\\/uploads\\\/2025\\\/02\\\/Pleed-130x180-cm-1.jpg\",\"width\":800,\"height\":800,\"caption\":\"Pleed 130x180 cm\"},{\"@type\":\"BreadcrumbList\",\"@id\":\"https:\\\/\\\/aztex.ee\\\/it\\\/pood\\\/coperte-e-plaid\\\/plaid\\\/#breadcrumb\",\"itemListElement\":[{\"@type\":\"ListItem\",\"position\":1,\"name\":\"Pagina Iniziale\",\"item\":\"https:\\\/\\\/aztex.ee\\\/it\\\/\"},{\"@type\":\"ListItem\",\"position\":2,\"name\":\"Negozio\",\"item\":\"https:\\\/\\\/aztex.ee\\\/it\\\/negozio\\\/\"},{\"@type\":\"ListItem\",\"position\":3,\"name\":\"Plaid 130&#215;180 cm\"}]},{\"@type\":\"WebSite\",\"@id\":\"https:\\\/\\\/aztex.ee\\\/it\\\/#website\",\"url\":\"https:\\\/\\\/aztex.ee\\\/it\\\/\",\"name\":\"AZTEX\",\"description\":\"\",\"publisher\":{\"@id\":\"https:\\\/\\\/aztex.ee\\\/it\\\/#organization\"},\"potentialAction\":[{\"@type\":\"SearchAction\",\"target\":{\"@type\":\"EntryPoint\",\"urlTemplate\":\"https:\\\/\\\/aztex.ee\\\/it\\\/?s={search_term_string}\"},\"query-input\":{\"@type\":\"PropertyValueSpecification\",\"valueRequired\":true,\"valueName\":\"search_term_string\"}}],\"inLanguage\":\"it-IT\"},{\"@type\":\"Organization\",\"@id\":\"https:\\\/\\\/aztex.ee\\\/it\\\/#organization\",\"name\":\"AZTEX\",\"url\":\"https:\\\/\\\/aztex.ee\\\/it\\\/\",\"logo\":{\"@type\":\"ImageObject\",\"inLanguage\":\"it-IT\",\"@id\":\"https:\\\/\\\/aztex.ee\\\/it\\\/#\\\/schema\\\/logo\\\/image\\\/\",\"url\":\"https:\\\/\\\/aztex.ee\\\/wp-content\\\/uploads\\\/2026\\\/01\\\/AZTEX.png\",\"contentUrl\":\"https:\\\/\\\/aztex.ee\\\/wp-content\\\/uploads\\\/2026\\\/01\\\/AZTEX.png\",\"width\":500,\"height\":500,\"caption\":\"AZTEX\"},\"image\":{\"@id\":\"https:\\\/\\\/aztex.ee\\\/it\\\/#\\\/schema\\\/logo\\\/image\\\/\"},\"sameAs\":[\"https:\\\/\\\/www.facebook.com\\\/AztexEE\",\"https:\\\/\\\/www.instagram.com\\\/aztexeesti\\\/\",\"https:\\\/\\\/www.youtube.com\\\/@AZTEXEE\",\"https:\\\/\\\/www.pinterest.com\\\/aztex_eesti\\\/\",\"https:\\\/\\\/www.tiktok.com\\\/@aztexeesti\",\"https:\\\/\\\/www.trustpilot.com\\\/review\\\/aztex.ee\",\"https:\\\/\\\/www.linkedin.com\\\/company\\\/aztex-ee\\\/\",\"https:\\\/\\\/www.wikidata.org\\\/wiki\\\/Q137560182\"]}]}<\/script>\n<!-- \/ Yoast SEO plugin. -->","yoast_head_json":{"title":"Coperta morbida divano | AZTEX","description":"Un plaid morbido e caldo che aggiunge comfort a ogni giorno. Perfetto per serate rilassanti, fredde o momenti di relax. | Tessili per la casa AZTEX","robots":{"index":"index","follow":"follow","max-snippet":"max-snippet:-1","max-image-preview":"max-image-preview:large","max-video-preview":"max-video-preview:-1"},"canonical":"https:\/\/aztex.ee\/it\/pood\/coperte-e-plaid\/plaid\/","og_locale":"it_IT","og_type":"article","og_title":"Coperta morbida divano | AZTEX","og_description":"Un plaid morbido e caldo che aggiunge comfort a ogni giorno. Perfetto per serate rilassanti, fredde o momenti di relax. | Tessili per la casa AZTEX","og_url":"https:\/\/aztex.ee\/it\/pood\/coperte-e-plaid\/plaid\/","og_site_name":"AZTEX","article_publisher":"https:\/\/www.facebook.com\/AztexEE","article_modified_time":"2026-04-03T15:10:34+00:00","og_image":[{"width":800,"height":800,"url":"https:\/\/aztex.ee\/wp-content\/uploads\/2025\/02\/Pleed-130x180-cm-1.jpg","type":"image\/jpeg"}],"twitter_card":"summary_large_image","twitter_misc":{"Tempo di lettura stimato":"2 minuti"},"schema":{"@context":"https:\/\/schema.org","@graph":[{"@type":["WebPage","ItemPage"],"@id":"https:\/\/aztex.ee\/it\/pood\/coperte-e-plaid\/plaid\/","url":"https:\/\/aztex.ee\/it\/pood\/coperte-e-plaid\/plaid\/","name":"Coperta morbida divano | AZTEX","isPartOf":{"@id":"https:\/\/aztex.ee\/it\/#website"},"primaryImageOfPage":{"@id":"https:\/\/aztex.ee\/it\/pood\/coperte-e-plaid\/plaid\/#primaryimage"},"image":{"@id":"https:\/\/aztex.ee\/it\/pood\/coperte-e-plaid\/plaid\/#primaryimage"},"thumbnailUrl":"https:\/\/aztex.ee\/wp-content\/uploads\/2025\/02\/Pleed-130x180-cm-1.jpg","datePublished":"2025-02-21T17:50:38+00:00","dateModified":"2026-04-03T15:10:34+00:00","description":"Un plaid morbido e caldo che aggiunge comfort a ogni giorno. Perfetto per serate rilassanti, fredde o momenti di relax. | Tessili per la casa AZTEX","breadcrumb":{"@id":"https:\/\/aztex.ee\/it\/pood\/coperte-e-plaid\/plaid\/#breadcrumb"},"inLanguage":"it-IT","potentialAction":[{"@type":"ReadAction","target":["https:\/\/aztex.ee\/it\/pood\/coperte-e-plaid\/plaid\/"]}]},{"@type":"ImageObject","inLanguage":"it-IT","@id":"https:\/\/aztex.ee\/it\/pood\/coperte-e-plaid\/plaid\/#primaryimage","url":"https:\/\/aztex.ee\/wp-content\/uploads\/2025\/02\/Pleed-130x180-cm-1.jpg","contentUrl":"https:\/\/aztex.ee\/wp-content\/uploads\/2025\/02\/Pleed-130x180-cm-1.jpg","width":800,"height":800,"caption":"Pleed 130x180 cm"},{"@type":"BreadcrumbList","@id":"https:\/\/aztex.ee\/it\/pood\/coperte-e-plaid\/plaid\/#breadcrumb","itemListElement":[{"@type":"ListItem","position":1,"name":"Pagina Iniziale","item":"https:\/\/aztex.ee\/it\/"},{"@type":"ListItem","position":2,"name":"Negozio","item":"https:\/\/aztex.ee\/it\/negozio\/"},{"@type":"ListItem","position":3,"name":"Plaid 130&#215;180 cm"}]},{"@type":"WebSite","@id":"https:\/\/aztex.ee\/it\/#website","url":"https:\/\/aztex.ee\/it\/","name":"AZTEX","description":"","publisher":{"@id":"https:\/\/aztex.ee\/it\/#organization"},"potentialAction":[{"@type":"SearchAction","target":{"@type":"EntryPoint","urlTemplate":"https:\/\/aztex.ee\/it\/?s={search_term_string}"},"query-input":{"@type":"PropertyValueSpecification","valueRequired":true,"valueName":"search_term_string"}}],"inLanguage":"it-IT"},{"@type":"Organization","@id":"https:\/\/aztex.ee\/it\/#organization","name":"AZTEX","url":"https:\/\/aztex.ee\/it\/","logo":{"@type":"ImageObject","inLanguage":"it-IT","@id":"https:\/\/aztex.ee\/it\/#\/schema\/logo\/image\/","url":"https:\/\/aztex.ee\/wp-content\/uploads\/2026\/01\/AZTEX.png","contentUrl":"https:\/\/aztex.ee\/wp-content\/uploads\/2026\/01\/AZTEX.png","width":500,"height":500,"caption":"AZTEX"},"image":{"@id":"https:\/\/aztex.ee\/it\/#\/schema\/logo\/image\/"},"sameAs":["https:\/\/www.facebook.com\/AztexEE","https:\/\/www.instagram.com\/aztexeesti\/","https:\/\/www.youtube.com\/@AZTEXEE","https:\/\/www.pinterest.com\/aztex_eesti\/","https:\/\/www.tiktok.com\/@aztexeesti","https:\/\/www.trustpilot.com\/review\/aztex.ee","https:\/\/www.linkedin.com\/company\/aztex-ee\/","https:\/\/www.wikidata.org\/wiki\/Q137560182"]}]}},"_links":{"self":[{"href":"https:\/\/aztex.ee\/it\/wp-json\/wp\/v2\/product\/58628","targetHints":{"allow":["GET"]}}],"collection":[{"href":"https:\/\/aztex.ee\/it\/wp-json\/wp\/v2\/product"}],"about":[{"href":"https:\/\/aztex.ee\/it\/wp-json\/wp\/v2\/types\/product"}],"replies":[{"embeddable":true,"href":"https:\/\/aztex.ee\/it\/wp-json\/wp\/v2\/comments?post=58628"}],"version-history":[{"count":0,"href":"https:\/\/aztex.ee\/it\/wp-json\/wp\/v2\/product\/58628\/revisions"}],"wp:featuredmedia":[{"embeddable":true,"href":"https:\/\/aztex.ee\/it\/wp-json\/wp\/v2\/media\/58807"}],"wp:attachment":[{"href":"https:\/\/aztex.ee\/it\/wp-json\/wp\/v2\/media?parent=58628"}],"wp:term":[{"taxonomy":"product_brand","embeddable":true,"href":"https:\/\/aztex.ee\/it\/wp-json\/wp\/v2\/product_brand?post=58628"},{"taxonomy":"product_cat","embeddable":true,"href":"https:\/\/aztex.ee\/it\/wp-json\/wp\/v2\/product_cat?post=58628"},{"taxonomy":"product_tag","embeddable":true,"href":"https:\/\/aztex.ee\/it\/wp-json\/wp\/v2\/product_tag?post=58628"}],"curies":[{"name":"wp","href":"https:\/\/api.w.org\/{rel}","templated":true}]}}