{"id":55209,"date":"2025-02-13T18:53:53","date_gmt":"2025-02-13T18:53:53","guid":{"rendered":"https:\/\/aztex.ee\/?post_type=product&#038;p=55209"},"modified":"2026-03-29T18:06:27","modified_gmt":"2026-03-29T18:06:27","slug":"coperta-in-pile-morbido-180x200-cm","status":"publish","type":"product","link":"https:\/\/aztex.ee\/it\/pood\/coperte-e-plaid\/coperta-in-pile-morbido-180x200-cm\/","title":{"rendered":"Coperta in pile morbido 180&#215;200 cm"},"content":{"rendered":"<p><strong>Coperta in pile morbida e calda 180\u00d7200 cm: comfort per tutti i giorni<\/strong><\/p>\n<p>Goditi il \u200b\u200bmassimo comfort con una coperta in pile morbida e di alta qualit\u00e0! La grande coperta da 180\u00d7200 cm \u00e8 perfetta sia per il letto che per il divano, offrendo calore e comfort in ogni stagione. Il suo materiale leggero, traspirante e resistente rende ogni momento di riposo ancora pi\u00f9 piacevole.<\/p>\n<p><strong>Materiale di alta qualit\u00e0 e resistente<\/strong><br \/>\nIl materiale in pile assicura il perfetto equilibrio tra calore e movimento dell&#8217;aria. La coperta \u00e8 leggera ma calda, offrendo comfort anche nelle serate pi\u00f9 fresche. Il tessuto resistente mantiene la sua forma e il suo colore anche dopo ripetuti lavaggi, rendendola una scelta duratura.<\/p>\n<p><strong>Facile da pulire e pratico<\/strong><br \/>\nLa coperta in pile \u00e8 progettata per l&#8217;uso quotidiano ed \u00e8 facile da pulire. Il materiale lavabile in lavatrice non perde la sua morbidezza o il suo colore anche dopo diversi lavaggi. Inoltre, la coperta si asciuga rapidamente, rendendola ideale per chi apprezza praticit\u00e0 e comfort.<\/p>\n<p><strong>Uso versatile<\/strong><br \/>\nLa coperta \u00e8 perfetta sia per il letto che per il divano, offrendo calore e morbidezza extra. Grazie alla sua leggerezza, \u00e8 un&#8217;ottima compagna per viaggi, campeggio e picnic: \u00e8 facile da piegare e portare con s\u00e9. Nelle serate fresche, la coperta fornisce anche calore mentre si \u00e8 seduti in terrazza o sul balcone.<\/p>\n<p><strong>Ottima idea regalo<\/strong><br \/>\nUna coperta in pile \u00e8 il regalo perfetto per i propri cari che amano godersi la comodit\u00e0 e il calore. Il suo materiale morbido e lussuoso la rende un&#8217;amata compagna in ogni casa.<\/p>\n<p>Aggiungi pi\u00f9 comfort e calore alla tua vita con questa morbida coperta in pile e goditi momenti accoglienti in ogni stagione!<\/p>\n","protected":false},"excerpt":{"rendered":"<ul>\n<li>Materiale: Vello di corallo<\/li>\n<li>Dimensioni: 180&#215;200 cm \u00b13<\/li>\n<li>Peso: 1,2 kg<\/li>\n<\/ul>\n","protected":false},"featured_media":55359,"comment_status":"open","ping_status":"closed","template":"","meta":[],"product_brand":[],"product_cat":[1870,3135,3429],"product_tag":[],"class_list":{"0":"post-55209","1":"product","2":"type-product","3":"status-publish","4":"has-post-thumbnail","6":"product_cat-coperte-e-plaid","7":"product_cat-coperte-in-pile","8":"product_cat-coperte-in-pile-180x200-cm","10":"first","11":"instock","12":"shipping-taxable","13":"purchasable","14":"product-type-variable"},"yoast_head":"<!-- This site is optimized with the Yoast SEO plugin v27.3 - https:\/\/yoast.com\/product\/yoast-seo-wordpress\/ -->\n<title>Coperta in pile morbido 180x200 cm | AZTEX<\/title>\n<meta name=\"description\" content=\"Coperta in pile comoda e calda nella misura 180x200 cm. Ideale per l&#039;uso quotidiano, offre una piacevole morbidezza sulla pelle che crea una buona\" \/>\n<meta name=\"robots\" content=\"index, follow, max-snippet:-1, max-image-preview:large, max-video-preview:-1\" \/>\n<link rel=\"canonical\" href=\"https:\/\/aztex.ee\/it\/pood\/coperte-e-plaid\/coperta-in-pile-morbido-180x200-cm\/\" \/>\n<meta property=\"og:locale\" content=\"it_IT\" \/>\n<meta property=\"og:type\" content=\"article\" \/>\n<meta property=\"og:title\" content=\"Coperta in pile morbido 180x200 cm | AZTEX\" \/>\n<meta property=\"og:description\" content=\"Coperta in pile comoda e calda nella misura 180x200 cm. Ideale per l&#039;uso quotidiano, offre una piacevole morbidezza sulla pelle che crea una buona\" \/>\n<meta property=\"og:url\" content=\"https:\/\/aztex.ee\/it\/pood\/coperte-e-plaid\/coperta-in-pile-morbido-180x200-cm\/\" \/>\n<meta property=\"og:site_name\" content=\"AZTEX\" \/>\n<meta property=\"article:publisher\" content=\"https:\/\/www.facebook.com\/AztexEE\" \/>\n<meta property=\"article:modified_time\" content=\"2026-03-29T18:06:27+00:00\" \/>\n<meta property=\"og:image\" content=\"https:\/\/aztex.ee\/wp-content\/uploads\/2025\/02\/Pehme-fliistekk-180\u00d7200-cm.jpg\" \/>\n\t<meta property=\"og:image:width\" content=\"800\" \/>\n\t<meta property=\"og:image:height\" content=\"800\" \/>\n\t<meta property=\"og:image:type\" content=\"image\/jpeg\" \/>\n<meta name=\"twitter:card\" content=\"summary_large_image\" \/>\n<meta name=\"twitter:label1\" content=\"Tempo di lettura stimato\" \/>\n\t<meta name=\"twitter:data1\" content=\"2 minuti\" \/>\n<script type=\"application\/ld+json\" class=\"yoast-schema-graph\">{\"@context\":\"https:\\\/\\\/schema.org\",\"@graph\":[{\"@type\":[\"WebPage\",\"ItemPage\"],\"@id\":\"https:\\\/\\\/aztex.ee\\\/it\\\/pood\\\/coperte-e-plaid\\\/coperta-in-pile-morbido-180x200-cm\\\/\",\"url\":\"https:\\\/\\\/aztex.ee\\\/it\\\/pood\\\/coperte-e-plaid\\\/coperta-in-pile-morbido-180x200-cm\\\/\",\"name\":\"Coperta in pile morbido 180x200 cm | AZTEX\",\"isPartOf\":{\"@id\":\"https:\\\/\\\/aztex.ee\\\/it\\\/#website\"},\"primaryImageOfPage\":{\"@id\":\"https:\\\/\\\/aztex.ee\\\/it\\\/pood\\\/coperte-e-plaid\\\/coperta-in-pile-morbido-180x200-cm\\\/#primaryimage\"},\"image\":{\"@id\":\"https:\\\/\\\/aztex.ee\\\/it\\\/pood\\\/coperte-e-plaid\\\/coperta-in-pile-morbido-180x200-cm\\\/#primaryimage\"},\"thumbnailUrl\":\"https:\\\/\\\/aztex.ee\\\/wp-content\\\/uploads\\\/2025\\\/02\\\/Pehme-fliistekk-180\u00d7200-cm.jpg\",\"datePublished\":\"2025-02-13T18:53:53+00:00\",\"dateModified\":\"2026-03-29T18:06:27+00:00\",\"description\":\"Coperta in pile comoda e calda nella misura 180x200 cm. Ideale per l'uso quotidiano, offre una piacevole morbidezza sulla pelle che crea una buona\",\"breadcrumb\":{\"@id\":\"https:\\\/\\\/aztex.ee\\\/it\\\/pood\\\/coperte-e-plaid\\\/coperta-in-pile-morbido-180x200-cm\\\/#breadcrumb\"},\"inLanguage\":\"it-IT\",\"potentialAction\":[{\"@type\":\"ReadAction\",\"target\":[\"https:\\\/\\\/aztex.ee\\\/it\\\/pood\\\/coperte-e-plaid\\\/coperta-in-pile-morbido-180x200-cm\\\/\"]}]},{\"@type\":\"ImageObject\",\"inLanguage\":\"it-IT\",\"@id\":\"https:\\\/\\\/aztex.ee\\\/it\\\/pood\\\/coperte-e-plaid\\\/coperta-in-pile-morbido-180x200-cm\\\/#primaryimage\",\"url\":\"https:\\\/\\\/aztex.ee\\\/wp-content\\\/uploads\\\/2025\\\/02\\\/Pehme-fliistekk-180\u00d7200-cm.jpg\",\"contentUrl\":\"https:\\\/\\\/aztex.ee\\\/wp-content\\\/uploads\\\/2025\\\/02\\\/Pehme-fliistekk-180\u00d7200-cm.jpg\",\"width\":800,\"height\":800,\"caption\":\"Pehme fliistekk 180\u00d7200 cm\"},{\"@type\":\"BreadcrumbList\",\"@id\":\"https:\\\/\\\/aztex.ee\\\/it\\\/pood\\\/coperte-e-plaid\\\/coperta-in-pile-morbido-180x200-cm\\\/#breadcrumb\",\"itemListElement\":[{\"@type\":\"ListItem\",\"position\":1,\"name\":\"Pagina Iniziale\",\"item\":\"https:\\\/\\\/aztex.ee\\\/it\\\/\"},{\"@type\":\"ListItem\",\"position\":2,\"name\":\"Negozio\",\"item\":\"https:\\\/\\\/aztex.ee\\\/it\\\/negozio\\\/\"},{\"@type\":\"ListItem\",\"position\":3,\"name\":\"Coperta in pile morbido 180&#215;200 cm\"}]},{\"@type\":\"WebSite\",\"@id\":\"https:\\\/\\\/aztex.ee\\\/it\\\/#website\",\"url\":\"https:\\\/\\\/aztex.ee\\\/it\\\/\",\"name\":\"AZTEX\",\"description\":\"\",\"publisher\":{\"@id\":\"https:\\\/\\\/aztex.ee\\\/it\\\/#organization\"},\"potentialAction\":[{\"@type\":\"SearchAction\",\"target\":{\"@type\":\"EntryPoint\",\"urlTemplate\":\"https:\\\/\\\/aztex.ee\\\/it\\\/?s={search_term_string}\"},\"query-input\":{\"@type\":\"PropertyValueSpecification\",\"valueRequired\":true,\"valueName\":\"search_term_string\"}}],\"inLanguage\":\"it-IT\"},{\"@type\":\"Organization\",\"@id\":\"https:\\\/\\\/aztex.ee\\\/it\\\/#organization\",\"name\":\"AZTEX\",\"url\":\"https:\\\/\\\/aztex.ee\\\/it\\\/\",\"logo\":{\"@type\":\"ImageObject\",\"inLanguage\":\"it-IT\",\"@id\":\"https:\\\/\\\/aztex.ee\\\/it\\\/#\\\/schema\\\/logo\\\/image\\\/\",\"url\":\"https:\\\/\\\/aztex.ee\\\/wp-content\\\/uploads\\\/2026\\\/01\\\/AZTEX.png\",\"contentUrl\":\"https:\\\/\\\/aztex.ee\\\/wp-content\\\/uploads\\\/2026\\\/01\\\/AZTEX.png\",\"width\":500,\"height\":500,\"caption\":\"AZTEX\"},\"image\":{\"@id\":\"https:\\\/\\\/aztex.ee\\\/it\\\/#\\\/schema\\\/logo\\\/image\\\/\"},\"sameAs\":[\"https:\\\/\\\/www.facebook.com\\\/AztexEE\",\"https:\\\/\\\/www.instagram.com\\\/aztexeesti\\\/\",\"https:\\\/\\\/www.youtube.com\\\/@AZTEXEE\",\"https:\\\/\\\/www.pinterest.com\\\/aztex_eesti\\\/\",\"https:\\\/\\\/www.tiktok.com\\\/@aztexeesti\",\"https:\\\/\\\/www.trustpilot.com\\\/review\\\/aztex.ee\",\"https:\\\/\\\/www.linkedin.com\\\/company\\\/aztex-ee\\\/\",\"https:\\\/\\\/www.wikidata.org\\\/wiki\\\/Q137560182\"]}]}<\/script>\n<!-- \/ Yoast SEO plugin. -->","yoast_head_json":{"title":"Coperta in pile morbido 180x200 cm | AZTEX","description":"Coperta in pile comoda e calda nella misura 180x200 cm. Ideale per l'uso quotidiano, offre una piacevole morbidezza sulla pelle che crea una buona","robots":{"index":"index","follow":"follow","max-snippet":"max-snippet:-1","max-image-preview":"max-image-preview:large","max-video-preview":"max-video-preview:-1"},"canonical":"https:\/\/aztex.ee\/it\/pood\/coperte-e-plaid\/coperta-in-pile-morbido-180x200-cm\/","og_locale":"it_IT","og_type":"article","og_title":"Coperta in pile morbido 180x200 cm | AZTEX","og_description":"Coperta in pile comoda e calda nella misura 180x200 cm. Ideale per l'uso quotidiano, offre una piacevole morbidezza sulla pelle che crea una buona","og_url":"https:\/\/aztex.ee\/it\/pood\/coperte-e-plaid\/coperta-in-pile-morbido-180x200-cm\/","og_site_name":"AZTEX","article_publisher":"https:\/\/www.facebook.com\/AztexEE","article_modified_time":"2026-03-29T18:06:27+00:00","og_image":[{"width":800,"height":800,"url":"https:\/\/aztex.ee\/wp-content\/uploads\/2025\/02\/Pehme-fliistekk-180\u00d7200-cm.jpg","type":"image\/jpeg"}],"twitter_card":"summary_large_image","twitter_misc":{"Tempo di lettura stimato":"2 minuti"},"schema":{"@context":"https:\/\/schema.org","@graph":[{"@type":["WebPage","ItemPage"],"@id":"https:\/\/aztex.ee\/it\/pood\/coperte-e-plaid\/coperta-in-pile-morbido-180x200-cm\/","url":"https:\/\/aztex.ee\/it\/pood\/coperte-e-plaid\/coperta-in-pile-morbido-180x200-cm\/","name":"Coperta in pile morbido 180x200 cm | AZTEX","isPartOf":{"@id":"https:\/\/aztex.ee\/it\/#website"},"primaryImageOfPage":{"@id":"https:\/\/aztex.ee\/it\/pood\/coperte-e-plaid\/coperta-in-pile-morbido-180x200-cm\/#primaryimage"},"image":{"@id":"https:\/\/aztex.ee\/it\/pood\/coperte-e-plaid\/coperta-in-pile-morbido-180x200-cm\/#primaryimage"},"thumbnailUrl":"https:\/\/aztex.ee\/wp-content\/uploads\/2025\/02\/Pehme-fliistekk-180\u00d7200-cm.jpg","datePublished":"2025-02-13T18:53:53+00:00","dateModified":"2026-03-29T18:06:27+00:00","description":"Coperta in pile comoda e calda nella misura 180x200 cm. Ideale per l'uso quotidiano, offre una piacevole morbidezza sulla pelle che crea una buona","breadcrumb":{"@id":"https:\/\/aztex.ee\/it\/pood\/coperte-e-plaid\/coperta-in-pile-morbido-180x200-cm\/#breadcrumb"},"inLanguage":"it-IT","potentialAction":[{"@type":"ReadAction","target":["https:\/\/aztex.ee\/it\/pood\/coperte-e-plaid\/coperta-in-pile-morbido-180x200-cm\/"]}]},{"@type":"ImageObject","inLanguage":"it-IT","@id":"https:\/\/aztex.ee\/it\/pood\/coperte-e-plaid\/coperta-in-pile-morbido-180x200-cm\/#primaryimage","url":"https:\/\/aztex.ee\/wp-content\/uploads\/2025\/02\/Pehme-fliistekk-180\u00d7200-cm.jpg","contentUrl":"https:\/\/aztex.ee\/wp-content\/uploads\/2025\/02\/Pehme-fliistekk-180\u00d7200-cm.jpg","width":800,"height":800,"caption":"Pehme fliistekk 180\u00d7200 cm"},{"@type":"BreadcrumbList","@id":"https:\/\/aztex.ee\/it\/pood\/coperte-e-plaid\/coperta-in-pile-morbido-180x200-cm\/#breadcrumb","itemListElement":[{"@type":"ListItem","position":1,"name":"Pagina Iniziale","item":"https:\/\/aztex.ee\/it\/"},{"@type":"ListItem","position":2,"name":"Negozio","item":"https:\/\/aztex.ee\/it\/negozio\/"},{"@type":"ListItem","position":3,"name":"Coperta in pile morbido 180&#215;200 cm"}]},{"@type":"WebSite","@id":"https:\/\/aztex.ee\/it\/#website","url":"https:\/\/aztex.ee\/it\/","name":"AZTEX","description":"","publisher":{"@id":"https:\/\/aztex.ee\/it\/#organization"},"potentialAction":[{"@type":"SearchAction","target":{"@type":"EntryPoint","urlTemplate":"https:\/\/aztex.ee\/it\/?s={search_term_string}"},"query-input":{"@type":"PropertyValueSpecification","valueRequired":true,"valueName":"search_term_string"}}],"inLanguage":"it-IT"},{"@type":"Organization","@id":"https:\/\/aztex.ee\/it\/#organization","name":"AZTEX","url":"https:\/\/aztex.ee\/it\/","logo":{"@type":"ImageObject","inLanguage":"it-IT","@id":"https:\/\/aztex.ee\/it\/#\/schema\/logo\/image\/","url":"https:\/\/aztex.ee\/wp-content\/uploads\/2026\/01\/AZTEX.png","contentUrl":"https:\/\/aztex.ee\/wp-content\/uploads\/2026\/01\/AZTEX.png","width":500,"height":500,"caption":"AZTEX"},"image":{"@id":"https:\/\/aztex.ee\/it\/#\/schema\/logo\/image\/"},"sameAs":["https:\/\/www.facebook.com\/AztexEE","https:\/\/www.instagram.com\/aztexeesti\/","https:\/\/www.youtube.com\/@AZTEXEE","https:\/\/www.pinterest.com\/aztex_eesti\/","https:\/\/www.tiktok.com\/@aztexeesti","https:\/\/www.trustpilot.com\/review\/aztex.ee","https:\/\/www.linkedin.com\/company\/aztex-ee\/","https:\/\/www.wikidata.org\/wiki\/Q137560182"]}]}},"_links":{"self":[{"href":"https:\/\/aztex.ee\/it\/wp-json\/wp\/v2\/product\/55209","targetHints":{"allow":["GET"]}}],"collection":[{"href":"https:\/\/aztex.ee\/it\/wp-json\/wp\/v2\/product"}],"about":[{"href":"https:\/\/aztex.ee\/it\/wp-json\/wp\/v2\/types\/product"}],"replies":[{"embeddable":true,"href":"https:\/\/aztex.ee\/it\/wp-json\/wp\/v2\/comments?post=55209"}],"version-history":[{"count":0,"href":"https:\/\/aztex.ee\/it\/wp-json\/wp\/v2\/product\/55209\/revisions"}],"wp:featuredmedia":[{"embeddable":true,"href":"https:\/\/aztex.ee\/it\/wp-json\/wp\/v2\/media\/55359"}],"wp:attachment":[{"href":"https:\/\/aztex.ee\/it\/wp-json\/wp\/v2\/media?parent=55209"}],"wp:term":[{"taxonomy":"product_brand","embeddable":true,"href":"https:\/\/aztex.ee\/it\/wp-json\/wp\/v2\/product_brand?post=55209"},{"taxonomy":"product_cat","embeddable":true,"href":"https:\/\/aztex.ee\/it\/wp-json\/wp\/v2\/product_cat?post=55209"},{"taxonomy":"product_tag","embeddable":true,"href":"https:\/\/aztex.ee\/it\/wp-json\/wp\/v2\/product_tag?post=55209"}],"curies":[{"name":"wp","href":"https:\/\/api.w.org\/{rel}","templated":true}]}}