{"id":50145,"date":"2025-02-05T22:02:46","date_gmt":"2025-02-05T22:02:46","guid":{"rendered":"https:\/\/aztex.ee\/?post_type=product&#038;p=50145"},"modified":"2026-04-29T11:46:28","modified_gmt":"2026-04-29T11:46:28","slug":"coperta-raschel-200x230-cm","status":"publish","type":"product","link":"https:\/\/aztex.ee\/it\/pood\/coperte-e-plaid\/coperta-raschel-200x230-cm\/","title":{"rendered":"Coperta Raschel 200&#215;230 cm | 3,5 kg"},"content":{"rendered":"<p><strong>Coperta Raschel: morbidezza e stile lussuosi<\/strong><\/p>\n<p>Una coperta Raschel unisce calore, comfort e stile in un unico prodotto. La morbidezza lussuosa rende l&#8217;uso quotidiano accogliente e piacevole. La consistenza della coperta offre un&#8217;esperienza piacevole, essendo morbida e allo stesso tempo abbastanza resistente da garantire un uso a lungo termine. Diverse tonalit\u00e0 di colore e bellissimi motivi si adattano a qualsiasi design d&#8217;interni, donando alle stanze calore, eleganza e stile.<\/p>\n<p>Una coperta Raschel \u00e8 progettata per essere utilizzata non solo a letto, ma anche sul divano o in altre stanze in cui si desidera aggiungere calore e un&#8217;atmosfera lussuosa. Lo spessore della coperta Raschel garantisce un effetto di ritenzione del calore, mentre la consistenza morbida rende ogni utilizzo speciale e confortevole.<\/p>\n<p><strong>Calore e comfort<\/strong><\/p>\n<p>Una coperta Raschel offre calore e comfort eccezionali, essendo la scelta perfetta per le giornate pi\u00f9 fredde. Le sue propriet\u00e0 di ritenzione del calore assicurano un ambiente piacevole e accogliente, fornendo ulteriore comfort quando sono necessari ambienti caldi e accoglienti. Il design della coperta \u00e8 progettato per fornire un ulteriore senso di calore, senza essere troppo pesante o scomodo.<\/p>\n<p><strong>Eleganza e stile in ogni stanza<\/strong><\/p>\n<p>Il design della coperta \u00e8 semplice ed elegante, adattandosi a qualsiasi interno. La variet\u00e0 di colori, dai classici neutri ai toni pi\u00f9 audaci, rende la coperta Raschel adatta a qualsiasi stanza, sia essa classica, moderna o minimalista. La coperta aggiunge calore e stile a qualsiasi stanza, essendo l&#8217;aggiunta perfetta a qualsiasi design d&#8217;interni. Il design della coperta completa qualsiasi stanza, aggiungendo calore e un&#8217;atmosfera lussuosa. La coperta Raschel \u00e8 il prodotto ideale che unisce calore, comfort e stile in un&#8217;unica lussuosa esperienza.<\/p>\n","protected":false},"excerpt":{"rendered":"<ul>\n<li>Materiale: Poliestere<\/li>\n<li>Dimensioni: 200&#215;230 cm \u00b13<\/li>\n<li>Peso: 3,5 kg<\/li>\n<\/ul>\n","protected":false},"featured_media":50246,"comment_status":"open","ping_status":"closed","template":"","meta":[],"product_brand":[],"product_cat":[1870,3045,3085],"product_tag":[],"class_list":{"0":"post-50145","1":"product","2":"type-product","3":"status-publish","4":"has-post-thumbnail","6":"product_cat-coperte-e-plaid","7":"product_cat-coperte-raschel","8":"product_cat-coperte-raschel-200x230-cm","10":"first","11":"instock","12":"shipping-taxable","13":"purchasable","14":"product-type-variable"},"yoast_head":"<!-- This site is optimized with the Yoast SEO plugin v27.6 - https:\/\/yoast.com\/product\/yoast-seo-wordpress\/ -->\n<title>Coperta morbida a doppio strato 200x230 cm | AZTEX<\/title>\n<meta name=\"description\" content=\"La coperta Raschel unisce morbidezza ed eleganza, adattandosi a qualsiasi interno. Offrendo calore e comfort lussuoso, \u00e8 la scelta perfetta per uno stile\" \/>\n<meta name=\"robots\" content=\"index, follow, max-snippet:-1, max-image-preview:large, max-video-preview:-1\" \/>\n<link rel=\"canonical\" href=\"https:\/\/aztex.ee\/it\/pood\/coperte-e-plaid\/coperta-raschel-200x230-cm\/\" \/>\n<meta property=\"og:locale\" content=\"it_IT\" \/>\n<meta property=\"og:type\" content=\"article\" \/>\n<meta property=\"og:title\" content=\"Coperta morbida a doppio strato 200x230 cm | AZTEX\" \/>\n<meta property=\"og:description\" content=\"La coperta Raschel unisce morbidezza ed eleganza, adattandosi a qualsiasi interno. Offrendo calore e comfort lussuoso, \u00e8 la scelta perfetta per uno stile\" \/>\n<meta property=\"og:url\" content=\"https:\/\/aztex.ee\/it\/pood\/coperte-e-plaid\/coperta-raschel-200x230-cm\/\" \/>\n<meta property=\"og:site_name\" content=\"AZTEX\" \/>\n<meta property=\"article:publisher\" content=\"https:\/\/www.facebook.com\/AztexEE\" \/>\n<meta property=\"article:modified_time\" content=\"2026-04-29T11:46:28+00:00\" \/>\n<meta property=\"og:image\" content=\"https:\/\/aztex.ee\/wp-content\/uploads\/2025\/02\/Raschel-tekk.jpg\" \/>\n\t<meta property=\"og:image:width\" content=\"800\" \/>\n\t<meta property=\"og:image:height\" content=\"800\" \/>\n\t<meta property=\"og:image:type\" content=\"image\/jpeg\" \/>\n<meta name=\"twitter:card\" content=\"summary_large_image\" \/>\n<meta name=\"twitter:label1\" content=\"Tempo di lettura stimato\" \/>\n\t<meta name=\"twitter:data1\" content=\"2 minuti\" \/>\n<script type=\"application\/ld+json\" class=\"yoast-schema-graph\">{\"@context\":\"https:\\\/\\\/schema.org\",\"@graph\":[{\"@type\":[\"WebPage\",\"ItemPage\"],\"@id\":\"https:\\\/\\\/aztex.ee\\\/it\\\/pood\\\/coperte-e-plaid\\\/coperta-raschel-200x230-cm\\\/\",\"url\":\"https:\\\/\\\/aztex.ee\\\/it\\\/pood\\\/coperte-e-plaid\\\/coperta-raschel-200x230-cm\\\/\",\"name\":\"Coperta morbida a doppio strato 200x230 cm | AZTEX\",\"isPartOf\":{\"@id\":\"https:\\\/\\\/aztex.ee\\\/it\\\/#website\"},\"primaryImageOfPage\":{\"@id\":\"https:\\\/\\\/aztex.ee\\\/it\\\/pood\\\/coperte-e-plaid\\\/coperta-raschel-200x230-cm\\\/#primaryimage\"},\"image\":{\"@id\":\"https:\\\/\\\/aztex.ee\\\/it\\\/pood\\\/coperte-e-plaid\\\/coperta-raschel-200x230-cm\\\/#primaryimage\"},\"thumbnailUrl\":\"https:\\\/\\\/aztex.ee\\\/wp-content\\\/uploads\\\/2025\\\/02\\\/Raschel-tekk.jpg\",\"datePublished\":\"2025-02-05T22:02:46+00:00\",\"dateModified\":\"2026-04-29T11:46:28+00:00\",\"description\":\"La coperta Raschel unisce morbidezza ed eleganza, adattandosi a qualsiasi interno. Offrendo calore e comfort lussuoso, \u00e8 la scelta perfetta per uno stile\",\"breadcrumb\":{\"@id\":\"https:\\\/\\\/aztex.ee\\\/it\\\/pood\\\/coperte-e-plaid\\\/coperta-raschel-200x230-cm\\\/#breadcrumb\"},\"inLanguage\":\"it-IT\",\"potentialAction\":[{\"@type\":\"ReadAction\",\"target\":[\"https:\\\/\\\/aztex.ee\\\/it\\\/pood\\\/coperte-e-plaid\\\/coperta-raschel-200x230-cm\\\/\"]}]},{\"@type\":\"ImageObject\",\"inLanguage\":\"it-IT\",\"@id\":\"https:\\\/\\\/aztex.ee\\\/it\\\/pood\\\/coperte-e-plaid\\\/coperta-raschel-200x230-cm\\\/#primaryimage\",\"url\":\"https:\\\/\\\/aztex.ee\\\/wp-content\\\/uploads\\\/2025\\\/02\\\/Raschel-tekk.jpg\",\"contentUrl\":\"https:\\\/\\\/aztex.ee\\\/wp-content\\\/uploads\\\/2025\\\/02\\\/Raschel-tekk.jpg\",\"width\":800,\"height\":800,\"caption\":\"Raschel tekk\"},{\"@type\":\"BreadcrumbList\",\"@id\":\"https:\\\/\\\/aztex.ee\\\/it\\\/pood\\\/coperte-e-plaid\\\/coperta-raschel-200x230-cm\\\/#breadcrumb\",\"itemListElement\":[{\"@type\":\"ListItem\",\"position\":1,\"name\":\"Pagina Iniziale\",\"item\":\"https:\\\/\\\/aztex.ee\\\/it\\\/\"},{\"@type\":\"ListItem\",\"position\":2,\"name\":\"Negozio\",\"item\":\"https:\\\/\\\/aztex.ee\\\/it\\\/negozio\\\/\"},{\"@type\":\"ListItem\",\"position\":3,\"name\":\"Coperta Raschel 200&#215;230 cm | 3,5 kg\"}]},{\"@type\":\"WebSite\",\"@id\":\"https:\\\/\\\/aztex.ee\\\/it\\\/#website\",\"url\":\"https:\\\/\\\/aztex.ee\\\/it\\\/\",\"name\":\"AZTEX\",\"description\":\"\",\"publisher\":{\"@id\":\"https:\\\/\\\/aztex.ee\\\/it\\\/#organization\"},\"potentialAction\":[{\"@type\":\"SearchAction\",\"target\":{\"@type\":\"EntryPoint\",\"urlTemplate\":\"https:\\\/\\\/aztex.ee\\\/it\\\/?s={search_term_string}\"},\"query-input\":{\"@type\":\"PropertyValueSpecification\",\"valueRequired\":true,\"valueName\":\"search_term_string\"}}],\"inLanguage\":\"it-IT\"},{\"@type\":\"Organization\",\"@id\":\"https:\\\/\\\/aztex.ee\\\/it\\\/#organization\",\"name\":\"AZTEX\",\"url\":\"https:\\\/\\\/aztex.ee\\\/it\\\/\",\"logo\":{\"@type\":\"ImageObject\",\"inLanguage\":\"it-IT\",\"@id\":\"https:\\\/\\\/aztex.ee\\\/it\\\/#\\\/schema\\\/logo\\\/image\\\/\",\"url\":\"https:\\\/\\\/aztex.ee\\\/wp-content\\\/uploads\\\/2026\\\/01\\\/AZTEX.png\",\"contentUrl\":\"https:\\\/\\\/aztex.ee\\\/wp-content\\\/uploads\\\/2026\\\/01\\\/AZTEX.png\",\"width\":500,\"height\":500,\"caption\":\"AZTEX\"},\"image\":{\"@id\":\"https:\\\/\\\/aztex.ee\\\/it\\\/#\\\/schema\\\/logo\\\/image\\\/\"},\"sameAs\":[\"https:\\\/\\\/www.facebook.com\\\/AztexEE\",\"https:\\\/\\\/www.instagram.com\\\/aztexeesti\\\/\",\"https:\\\/\\\/www.youtube.com\\\/@AZTEXEE\",\"https:\\\/\\\/www.pinterest.com\\\/aztex_eesti\\\/\",\"https:\\\/\\\/www.tiktok.com\\\/@aztexeesti\",\"https:\\\/\\\/www.trustpilot.com\\\/review\\\/aztex.ee\",\"https:\\\/\\\/www.linkedin.com\\\/company\\\/aztex-ee\\\/\",\"https:\\\/\\\/www.wikidata.org\\\/wiki\\\/Q137560182\"]}]}<\/script>\n<!-- \/ Yoast SEO plugin. -->","yoast_head_json":{"title":"Coperta morbida a doppio strato 200x230 cm | AZTEX","description":"La coperta Raschel unisce morbidezza ed eleganza, adattandosi a qualsiasi interno. Offrendo calore e comfort lussuoso, \u00e8 la scelta perfetta per uno stile","robots":{"index":"index","follow":"follow","max-snippet":"max-snippet:-1","max-image-preview":"max-image-preview:large","max-video-preview":"max-video-preview:-1"},"canonical":"https:\/\/aztex.ee\/it\/pood\/coperte-e-plaid\/coperta-raschel-200x230-cm\/","og_locale":"it_IT","og_type":"article","og_title":"Coperta morbida a doppio strato 200x230 cm | AZTEX","og_description":"La coperta Raschel unisce morbidezza ed eleganza, adattandosi a qualsiasi interno. Offrendo calore e comfort lussuoso, \u00e8 la scelta perfetta per uno stile","og_url":"https:\/\/aztex.ee\/it\/pood\/coperte-e-plaid\/coperta-raschel-200x230-cm\/","og_site_name":"AZTEX","article_publisher":"https:\/\/www.facebook.com\/AztexEE","article_modified_time":"2026-04-29T11:46:28+00:00","og_image":[{"width":800,"height":800,"url":"https:\/\/aztex.ee\/wp-content\/uploads\/2025\/02\/Raschel-tekk.jpg","type":"image\/jpeg"}],"twitter_card":"summary_large_image","twitter_misc":{"Tempo di lettura stimato":"2 minuti"},"schema":{"@context":"https:\/\/schema.org","@graph":[{"@type":["WebPage","ItemPage"],"@id":"https:\/\/aztex.ee\/it\/pood\/coperte-e-plaid\/coperta-raschel-200x230-cm\/","url":"https:\/\/aztex.ee\/it\/pood\/coperte-e-plaid\/coperta-raschel-200x230-cm\/","name":"Coperta morbida a doppio strato 200x230 cm | AZTEX","isPartOf":{"@id":"https:\/\/aztex.ee\/it\/#website"},"primaryImageOfPage":{"@id":"https:\/\/aztex.ee\/it\/pood\/coperte-e-plaid\/coperta-raschel-200x230-cm\/#primaryimage"},"image":{"@id":"https:\/\/aztex.ee\/it\/pood\/coperte-e-plaid\/coperta-raschel-200x230-cm\/#primaryimage"},"thumbnailUrl":"https:\/\/aztex.ee\/wp-content\/uploads\/2025\/02\/Raschel-tekk.jpg","datePublished":"2025-02-05T22:02:46+00:00","dateModified":"2026-04-29T11:46:28+00:00","description":"La coperta Raschel unisce morbidezza ed eleganza, adattandosi a qualsiasi interno. Offrendo calore e comfort lussuoso, \u00e8 la scelta perfetta per uno stile","breadcrumb":{"@id":"https:\/\/aztex.ee\/it\/pood\/coperte-e-plaid\/coperta-raschel-200x230-cm\/#breadcrumb"},"inLanguage":"it-IT","potentialAction":[{"@type":"ReadAction","target":["https:\/\/aztex.ee\/it\/pood\/coperte-e-plaid\/coperta-raschel-200x230-cm\/"]}]},{"@type":"ImageObject","inLanguage":"it-IT","@id":"https:\/\/aztex.ee\/it\/pood\/coperte-e-plaid\/coperta-raschel-200x230-cm\/#primaryimage","url":"https:\/\/aztex.ee\/wp-content\/uploads\/2025\/02\/Raschel-tekk.jpg","contentUrl":"https:\/\/aztex.ee\/wp-content\/uploads\/2025\/02\/Raschel-tekk.jpg","width":800,"height":800,"caption":"Raschel tekk"},{"@type":"BreadcrumbList","@id":"https:\/\/aztex.ee\/it\/pood\/coperte-e-plaid\/coperta-raschel-200x230-cm\/#breadcrumb","itemListElement":[{"@type":"ListItem","position":1,"name":"Pagina Iniziale","item":"https:\/\/aztex.ee\/it\/"},{"@type":"ListItem","position":2,"name":"Negozio","item":"https:\/\/aztex.ee\/it\/negozio\/"},{"@type":"ListItem","position":3,"name":"Coperta Raschel 200&#215;230 cm | 3,5 kg"}]},{"@type":"WebSite","@id":"https:\/\/aztex.ee\/it\/#website","url":"https:\/\/aztex.ee\/it\/","name":"AZTEX","description":"","publisher":{"@id":"https:\/\/aztex.ee\/it\/#organization"},"potentialAction":[{"@type":"SearchAction","target":{"@type":"EntryPoint","urlTemplate":"https:\/\/aztex.ee\/it\/?s={search_term_string}"},"query-input":{"@type":"PropertyValueSpecification","valueRequired":true,"valueName":"search_term_string"}}],"inLanguage":"it-IT"},{"@type":"Organization","@id":"https:\/\/aztex.ee\/it\/#organization","name":"AZTEX","url":"https:\/\/aztex.ee\/it\/","logo":{"@type":"ImageObject","inLanguage":"it-IT","@id":"https:\/\/aztex.ee\/it\/#\/schema\/logo\/image\/","url":"https:\/\/aztex.ee\/wp-content\/uploads\/2026\/01\/AZTEX.png","contentUrl":"https:\/\/aztex.ee\/wp-content\/uploads\/2026\/01\/AZTEX.png","width":500,"height":500,"caption":"AZTEX"},"image":{"@id":"https:\/\/aztex.ee\/it\/#\/schema\/logo\/image\/"},"sameAs":["https:\/\/www.facebook.com\/AztexEE","https:\/\/www.instagram.com\/aztexeesti\/","https:\/\/www.youtube.com\/@AZTEXEE","https:\/\/www.pinterest.com\/aztex_eesti\/","https:\/\/www.tiktok.com\/@aztexeesti","https:\/\/www.trustpilot.com\/review\/aztex.ee","https:\/\/www.linkedin.com\/company\/aztex-ee\/","https:\/\/www.wikidata.org\/wiki\/Q137560182"]}]}},"_links":{"self":[{"href":"https:\/\/aztex.ee\/it\/wp-json\/wp\/v2\/product\/50145","targetHints":{"allow":["GET"]}}],"collection":[{"href":"https:\/\/aztex.ee\/it\/wp-json\/wp\/v2\/product"}],"about":[{"href":"https:\/\/aztex.ee\/it\/wp-json\/wp\/v2\/types\/product"}],"replies":[{"embeddable":true,"href":"https:\/\/aztex.ee\/it\/wp-json\/wp\/v2\/comments?post=50145"}],"version-history":[{"count":0,"href":"https:\/\/aztex.ee\/it\/wp-json\/wp\/v2\/product\/50145\/revisions"}],"wp:featuredmedia":[{"embeddable":true,"href":"https:\/\/aztex.ee\/it\/wp-json\/wp\/v2\/media\/50246"}],"wp:attachment":[{"href":"https:\/\/aztex.ee\/it\/wp-json\/wp\/v2\/media?parent=50145"}],"wp:term":[{"taxonomy":"product_brand","embeddable":true,"href":"https:\/\/aztex.ee\/it\/wp-json\/wp\/v2\/product_brand?post=50145"},{"taxonomy":"product_cat","embeddable":true,"href":"https:\/\/aztex.ee\/it\/wp-json\/wp\/v2\/product_cat?post=50145"},{"taxonomy":"product_tag","embeddable":true,"href":"https:\/\/aztex.ee\/it\/wp-json\/wp\/v2\/product_tag?post=50145"}],"curies":[{"name":"wp","href":"https:\/\/api.w.org\/{rel}","templated":true}]}}