{"id":45998,"date":"2025-01-25T10:24:23","date_gmt":"2025-01-25T10:24:23","guid":{"rendered":"https:\/\/aztex.ee\/?post_type=product&#038;p=45998"},"modified":"2026-04-11T12:19:50","modified_gmt":"2026-04-11T12:19:50","slug":"telo-da-bagno-in-bambu-70x140-cm","status":"publish","type":"product","link":"https:\/\/aztex.ee\/it\/pood\/asciugamani-e-teli-da-bagno\/telo-da-bagno-in-bambu-70x140-cm\/","title":{"rendered":"Telo da bagno in bamb\u00f9 70&#215;140 cm"},"content":{"rendered":"<p><strong>Asciugamano da bagno in bamb\u00f9: lusso e praticit\u00e0 nella tua vita quotidiana<\/strong><\/p>\n<p>Un asciugamano da bagno in bamb\u00f9 \u00e8 la combinazione perfetta di praticit\u00e0 e lusso, offrendo pi\u00f9 della semplice morbidezza. Le dimensioni di 70&#215;140 cm rendono questo asciugamano da bagno la scelta ideale per l&#8217;uso quotidiano, offrendo un comfort piacevole, pur essendo un&#8217;aggiunta elegante e funzionale al tuo bagno.<\/p>\n<p><strong>Perch\u00e9 scegliere un asciugamano in bamb\u00f9?<\/strong><\/p>\n<p><strong>Super assorbente e ad asciugatura rapida:<\/strong><br \/>\nLe fibre di bamb\u00f9 sono note per la loro eccezionale capacit\u00e0 di assorbimento. L&#8217;asciugamano assorbe istantaneamente l&#8217;umidit\u00e0, lasciando la pelle asciutta e fresca, mentre l&#8217;asciugamano stesso si asciuga pi\u00f9 velocemente dei normali asciugamani in cotone. Questa caratteristica lo rende anche un&#8217;eccellente scelta per stili di vita attivi e un uso frequente.<\/p>\n<p><strong>Naturalmente antibatterico:<\/strong><br \/>\nLe propriet\u00e0 antibatteriche naturali delle fibre di bamb\u00f9 mantengono l&#8217;asciugamano fresco pi\u00f9 a lungo, prevenendo la formazione di odori sgradevoli e garantendo l&#8217;igiene anche dopo un uso prolungato. Un asciugamano da bagno in bamb\u00f9 \u00e8 anche un&#8217;ottima scelta per le persone con pelle sensibile.<\/p>\n<p><strong>Morbidezza e comfort:<\/strong><br \/>\nLa consistenza setosa delle fibre di bamb\u00f9 coccola la pelle a ogni tocco. L&#8217;asciugamano da bagno \u00e8 ideale per chi apprezza una sensazione di lusso ogni giorno e si prende cura del benessere della propria pelle.<\/p>\n<p><strong>Design senza tempo ed elegante:<\/strong><br \/>\nL&#8217;aspetto naturale e il design minimalista rendono questo asciugamano da bagno adatto a qualsiasi bagno, moderno, classico o ispirato alla natura.<\/p>\n<p><strong>Durata e sostenibilit\u00e0:<\/strong><br \/>\nUn asciugamano da bagno in bamb\u00f9 non \u00e8 solo bello e pratico, ma anche una scelta ecologica. Il bamb\u00f9 \u00e8 una risorsa rapidamente rinnovabile che utilizza meno acqua e sostanze chimiche per crescere rispetto alle fibre tradizionali. Quindi puoi goderti il \u200b\u200blusso di un asciugamano, sapendo che stai facendo qualcosa di buono per la natura.<\/p>\n<p>Questo asciugamano non \u00e8 solo un articolo di consumo, \u00e8 un piacere quotidiano che unisce comfort, qualit\u00e0 e cura per la natura. Una volta provato, non vorrai pi\u00f9 tornare agli asciugamani normali. Ordina oggi e aggiungi morbidezza al tuo bagno che durer\u00e0 per anni!<\/p>\n","protected":false},"excerpt":{"rendered":"<ul>\n<li>Materiale: 100% bamb\u00f9<\/li>\n<li>Dimensioni: 70\u00d7140 cm \u00b13<\/li>\n<li>Peso: 520g\/m2<\/li>\n<\/ul>\n","protected":false},"featured_media":46112,"comment_status":"open","ping_status":"closed","template":"","meta":[],"product_brand":[],"product_cat":[1594,1711,1645,988,483],"product_tag":[],"class_list":{"0":"post-45998","1":"product","2":"type-product","3":"status-publish","4":"has-post-thumbnail","6":"product_cat-asciugamani-da-bagno","7":"product_cat-asciugamani-da-bagno-70x140-cm","8":"product_cat-asciugamani-da-bagno-in-bambu","9":"product_cat-asciugamani-di-bambu","10":"product_cat-asciugamani-e-teli-da-bagno","12":"first","13":"instock","14":"shipping-taxable","15":"purchasable","16":"product-type-variable"},"yoast_head":"<!-- This site is optimized with the Yoast SEO plugin v27.4 - https:\/\/yoast.com\/product\/yoast-seo-wordpress\/ -->\n<title>Telo da bagno in bamb\u00f9 70x140 cm | 100% bamb\u00f9 - AZTEX<\/title>\n<meta name=\"description\" content=\"Lussuoso e morbido asciugamano da bagno in bamb\u00f9 da 70x140 cm, offre il massimo comfort, un&#039;eccellente assorbenza ed \u00e8 delicato sulla pelle.\" \/>\n<meta name=\"robots\" content=\"index, follow, max-snippet:-1, max-image-preview:large, max-video-preview:-1\" \/>\n<link rel=\"canonical\" href=\"https:\/\/aztex.ee\/it\/pood\/asciugamani-e-teli-da-bagno\/telo-da-bagno-in-bambu-70x140-cm\/\" \/>\n<meta property=\"og:locale\" content=\"it_IT\" \/>\n<meta property=\"og:type\" content=\"article\" \/>\n<meta property=\"og:title\" content=\"Telo da bagno in bamb\u00f9 70x140 cm | 100% bamb\u00f9 - AZTEX\" \/>\n<meta property=\"og:description\" content=\"Lussuoso e morbido asciugamano da bagno in bamb\u00f9 da 70x140 cm, offre il massimo comfort, un&#039;eccellente assorbenza ed \u00e8 delicato sulla pelle.\" \/>\n<meta property=\"og:url\" content=\"https:\/\/aztex.ee\/it\/pood\/asciugamani-e-teli-da-bagno\/telo-da-bagno-in-bambu-70x140-cm\/\" \/>\n<meta property=\"og:site_name\" content=\"AZTEX\" \/>\n<meta property=\"article:publisher\" content=\"https:\/\/www.facebook.com\/AztexEE\" \/>\n<meta property=\"article:modified_time\" content=\"2026-04-11T12:19:50+00:00\" \/>\n<meta property=\"og:image\" content=\"https:\/\/aztex.ee\/wp-content\/uploads\/2025\/01\/Bambusest-vanniratikud.jpg\" \/>\n\t<meta property=\"og:image:width\" content=\"800\" \/>\n\t<meta property=\"og:image:height\" content=\"800\" \/>\n\t<meta property=\"og:image:type\" content=\"image\/jpeg\" \/>\n<meta name=\"twitter:card\" content=\"summary_large_image\" \/>\n<meta name=\"twitter:label1\" content=\"Tempo di lettura stimato\" \/>\n\t<meta name=\"twitter:data1\" content=\"3 minuti\" \/>\n<script type=\"application\/ld+json\" class=\"yoast-schema-graph\">{\"@context\":\"https:\\\/\\\/schema.org\",\"@graph\":[{\"@type\":[\"WebPage\",\"ItemPage\"],\"@id\":\"https:\\\/\\\/aztex.ee\\\/it\\\/pood\\\/asciugamani-e-teli-da-bagno\\\/telo-da-bagno-in-bambu-70x140-cm\\\/\",\"url\":\"https:\\\/\\\/aztex.ee\\\/it\\\/pood\\\/asciugamani-e-teli-da-bagno\\\/telo-da-bagno-in-bambu-70x140-cm\\\/\",\"name\":\"Telo da bagno in bamb\u00f9 70x140 cm | 100% bamb\u00f9 - AZTEX\",\"isPartOf\":{\"@id\":\"https:\\\/\\\/aztex.ee\\\/it\\\/#website\"},\"primaryImageOfPage\":{\"@id\":\"https:\\\/\\\/aztex.ee\\\/it\\\/pood\\\/asciugamani-e-teli-da-bagno\\\/telo-da-bagno-in-bambu-70x140-cm\\\/#primaryimage\"},\"image\":{\"@id\":\"https:\\\/\\\/aztex.ee\\\/it\\\/pood\\\/asciugamani-e-teli-da-bagno\\\/telo-da-bagno-in-bambu-70x140-cm\\\/#primaryimage\"},\"thumbnailUrl\":\"https:\\\/\\\/aztex.ee\\\/wp-content\\\/uploads\\\/2025\\\/01\\\/Bambusest-vanniratikud.jpg\",\"datePublished\":\"2025-01-25T10:24:23+00:00\",\"dateModified\":\"2026-04-11T12:19:50+00:00\",\"description\":\"Lussuoso e morbido asciugamano da bagno in bamb\u00f9 da 70x140 cm, offre il massimo comfort, un'eccellente assorbenza ed \u00e8 delicato sulla pelle.\",\"breadcrumb\":{\"@id\":\"https:\\\/\\\/aztex.ee\\\/it\\\/pood\\\/asciugamani-e-teli-da-bagno\\\/telo-da-bagno-in-bambu-70x140-cm\\\/#breadcrumb\"},\"inLanguage\":\"it-IT\",\"potentialAction\":[{\"@type\":\"ReadAction\",\"target\":[\"https:\\\/\\\/aztex.ee\\\/it\\\/pood\\\/asciugamani-e-teli-da-bagno\\\/telo-da-bagno-in-bambu-70x140-cm\\\/\"]}]},{\"@type\":\"ImageObject\",\"inLanguage\":\"it-IT\",\"@id\":\"https:\\\/\\\/aztex.ee\\\/it\\\/pood\\\/asciugamani-e-teli-da-bagno\\\/telo-da-bagno-in-bambu-70x140-cm\\\/#primaryimage\",\"url\":\"https:\\\/\\\/aztex.ee\\\/wp-content\\\/uploads\\\/2025\\\/01\\\/Bambusest-vanniratikud.jpg\",\"contentUrl\":\"https:\\\/\\\/aztex.ee\\\/wp-content\\\/uploads\\\/2025\\\/01\\\/Bambusest-vanniratikud.jpg\",\"width\":800,\"height\":800,\"caption\":\"Bambusest vannir\u00e4tikud\"},{\"@type\":\"BreadcrumbList\",\"@id\":\"https:\\\/\\\/aztex.ee\\\/it\\\/pood\\\/asciugamani-e-teli-da-bagno\\\/telo-da-bagno-in-bambu-70x140-cm\\\/#breadcrumb\",\"itemListElement\":[{\"@type\":\"ListItem\",\"position\":1,\"name\":\"Pagina Iniziale\",\"item\":\"https:\\\/\\\/aztex.ee\\\/it\\\/\"},{\"@type\":\"ListItem\",\"position\":2,\"name\":\"Negozio\",\"item\":\"https:\\\/\\\/aztex.ee\\\/it\\\/negozio\\\/\"},{\"@type\":\"ListItem\",\"position\":3,\"name\":\"Telo da bagno in bamb\u00f9 70&#215;140 cm\"}]},{\"@type\":\"WebSite\",\"@id\":\"https:\\\/\\\/aztex.ee\\\/it\\\/#website\",\"url\":\"https:\\\/\\\/aztex.ee\\\/it\\\/\",\"name\":\"AZTEX\",\"description\":\"\",\"publisher\":{\"@id\":\"https:\\\/\\\/aztex.ee\\\/it\\\/#organization\"},\"potentialAction\":[{\"@type\":\"SearchAction\",\"target\":{\"@type\":\"EntryPoint\",\"urlTemplate\":\"https:\\\/\\\/aztex.ee\\\/it\\\/?s={search_term_string}\"},\"query-input\":{\"@type\":\"PropertyValueSpecification\",\"valueRequired\":true,\"valueName\":\"search_term_string\"}}],\"inLanguage\":\"it-IT\"},{\"@type\":\"Organization\",\"@id\":\"https:\\\/\\\/aztex.ee\\\/it\\\/#organization\",\"name\":\"AZTEX\",\"url\":\"https:\\\/\\\/aztex.ee\\\/it\\\/\",\"logo\":{\"@type\":\"ImageObject\",\"inLanguage\":\"it-IT\",\"@id\":\"https:\\\/\\\/aztex.ee\\\/it\\\/#\\\/schema\\\/logo\\\/image\\\/\",\"url\":\"https:\\\/\\\/aztex.ee\\\/wp-content\\\/uploads\\\/2026\\\/01\\\/AZTEX.png\",\"contentUrl\":\"https:\\\/\\\/aztex.ee\\\/wp-content\\\/uploads\\\/2026\\\/01\\\/AZTEX.png\",\"width\":500,\"height\":500,\"caption\":\"AZTEX\"},\"image\":{\"@id\":\"https:\\\/\\\/aztex.ee\\\/it\\\/#\\\/schema\\\/logo\\\/image\\\/\"},\"sameAs\":[\"https:\\\/\\\/www.facebook.com\\\/AztexEE\",\"https:\\\/\\\/www.instagram.com\\\/aztexeesti\\\/\",\"https:\\\/\\\/www.youtube.com\\\/@AZTEXEE\",\"https:\\\/\\\/www.pinterest.com\\\/aztex_eesti\\\/\",\"https:\\\/\\\/www.tiktok.com\\\/@aztexeesti\",\"https:\\\/\\\/www.trustpilot.com\\\/review\\\/aztex.ee\",\"https:\\\/\\\/www.linkedin.com\\\/company\\\/aztex-ee\\\/\",\"https:\\\/\\\/www.wikidata.org\\\/wiki\\\/Q137560182\"]}]}<\/script>\n<!-- \/ Yoast SEO plugin. -->","yoast_head_json":{"title":"Telo da bagno in bamb\u00f9 70x140 cm | 100% bamb\u00f9 - AZTEX","description":"Lussuoso e morbido asciugamano da bagno in bamb\u00f9 da 70x140 cm, offre il massimo comfort, un'eccellente assorbenza ed \u00e8 delicato sulla pelle.","robots":{"index":"index","follow":"follow","max-snippet":"max-snippet:-1","max-image-preview":"max-image-preview:large","max-video-preview":"max-video-preview:-1"},"canonical":"https:\/\/aztex.ee\/it\/pood\/asciugamani-e-teli-da-bagno\/telo-da-bagno-in-bambu-70x140-cm\/","og_locale":"it_IT","og_type":"article","og_title":"Telo da bagno in bamb\u00f9 70x140 cm | 100% bamb\u00f9 - AZTEX","og_description":"Lussuoso e morbido asciugamano da bagno in bamb\u00f9 da 70x140 cm, offre il massimo comfort, un'eccellente assorbenza ed \u00e8 delicato sulla pelle.","og_url":"https:\/\/aztex.ee\/it\/pood\/asciugamani-e-teli-da-bagno\/telo-da-bagno-in-bambu-70x140-cm\/","og_site_name":"AZTEX","article_publisher":"https:\/\/www.facebook.com\/AztexEE","article_modified_time":"2026-04-11T12:19:50+00:00","og_image":[{"width":800,"height":800,"url":"https:\/\/aztex.ee\/wp-content\/uploads\/2025\/01\/Bambusest-vanniratikud.jpg","type":"image\/jpeg"}],"twitter_card":"summary_large_image","twitter_misc":{"Tempo di lettura stimato":"3 minuti"},"schema":{"@context":"https:\/\/schema.org","@graph":[{"@type":["WebPage","ItemPage"],"@id":"https:\/\/aztex.ee\/it\/pood\/asciugamani-e-teli-da-bagno\/telo-da-bagno-in-bambu-70x140-cm\/","url":"https:\/\/aztex.ee\/it\/pood\/asciugamani-e-teli-da-bagno\/telo-da-bagno-in-bambu-70x140-cm\/","name":"Telo da bagno in bamb\u00f9 70x140 cm | 100% bamb\u00f9 - AZTEX","isPartOf":{"@id":"https:\/\/aztex.ee\/it\/#website"},"primaryImageOfPage":{"@id":"https:\/\/aztex.ee\/it\/pood\/asciugamani-e-teli-da-bagno\/telo-da-bagno-in-bambu-70x140-cm\/#primaryimage"},"image":{"@id":"https:\/\/aztex.ee\/it\/pood\/asciugamani-e-teli-da-bagno\/telo-da-bagno-in-bambu-70x140-cm\/#primaryimage"},"thumbnailUrl":"https:\/\/aztex.ee\/wp-content\/uploads\/2025\/01\/Bambusest-vanniratikud.jpg","datePublished":"2025-01-25T10:24:23+00:00","dateModified":"2026-04-11T12:19:50+00:00","description":"Lussuoso e morbido asciugamano da bagno in bamb\u00f9 da 70x140 cm, offre il massimo comfort, un'eccellente assorbenza ed \u00e8 delicato sulla pelle.","breadcrumb":{"@id":"https:\/\/aztex.ee\/it\/pood\/asciugamani-e-teli-da-bagno\/telo-da-bagno-in-bambu-70x140-cm\/#breadcrumb"},"inLanguage":"it-IT","potentialAction":[{"@type":"ReadAction","target":["https:\/\/aztex.ee\/it\/pood\/asciugamani-e-teli-da-bagno\/telo-da-bagno-in-bambu-70x140-cm\/"]}]},{"@type":"ImageObject","inLanguage":"it-IT","@id":"https:\/\/aztex.ee\/it\/pood\/asciugamani-e-teli-da-bagno\/telo-da-bagno-in-bambu-70x140-cm\/#primaryimage","url":"https:\/\/aztex.ee\/wp-content\/uploads\/2025\/01\/Bambusest-vanniratikud.jpg","contentUrl":"https:\/\/aztex.ee\/wp-content\/uploads\/2025\/01\/Bambusest-vanniratikud.jpg","width":800,"height":800,"caption":"Bambusest vannir\u00e4tikud"},{"@type":"BreadcrumbList","@id":"https:\/\/aztex.ee\/it\/pood\/asciugamani-e-teli-da-bagno\/telo-da-bagno-in-bambu-70x140-cm\/#breadcrumb","itemListElement":[{"@type":"ListItem","position":1,"name":"Pagina Iniziale","item":"https:\/\/aztex.ee\/it\/"},{"@type":"ListItem","position":2,"name":"Negozio","item":"https:\/\/aztex.ee\/it\/negozio\/"},{"@type":"ListItem","position":3,"name":"Telo da bagno in bamb\u00f9 70&#215;140 cm"}]},{"@type":"WebSite","@id":"https:\/\/aztex.ee\/it\/#website","url":"https:\/\/aztex.ee\/it\/","name":"AZTEX","description":"","publisher":{"@id":"https:\/\/aztex.ee\/it\/#organization"},"potentialAction":[{"@type":"SearchAction","target":{"@type":"EntryPoint","urlTemplate":"https:\/\/aztex.ee\/it\/?s={search_term_string}"},"query-input":{"@type":"PropertyValueSpecification","valueRequired":true,"valueName":"search_term_string"}}],"inLanguage":"it-IT"},{"@type":"Organization","@id":"https:\/\/aztex.ee\/it\/#organization","name":"AZTEX","url":"https:\/\/aztex.ee\/it\/","logo":{"@type":"ImageObject","inLanguage":"it-IT","@id":"https:\/\/aztex.ee\/it\/#\/schema\/logo\/image\/","url":"https:\/\/aztex.ee\/wp-content\/uploads\/2026\/01\/AZTEX.png","contentUrl":"https:\/\/aztex.ee\/wp-content\/uploads\/2026\/01\/AZTEX.png","width":500,"height":500,"caption":"AZTEX"},"image":{"@id":"https:\/\/aztex.ee\/it\/#\/schema\/logo\/image\/"},"sameAs":["https:\/\/www.facebook.com\/AztexEE","https:\/\/www.instagram.com\/aztexeesti\/","https:\/\/www.youtube.com\/@AZTEXEE","https:\/\/www.pinterest.com\/aztex_eesti\/","https:\/\/www.tiktok.com\/@aztexeesti","https:\/\/www.trustpilot.com\/review\/aztex.ee","https:\/\/www.linkedin.com\/company\/aztex-ee\/","https:\/\/www.wikidata.org\/wiki\/Q137560182"]}]}},"_links":{"self":[{"href":"https:\/\/aztex.ee\/it\/wp-json\/wp\/v2\/product\/45998","targetHints":{"allow":["GET"]}}],"collection":[{"href":"https:\/\/aztex.ee\/it\/wp-json\/wp\/v2\/product"}],"about":[{"href":"https:\/\/aztex.ee\/it\/wp-json\/wp\/v2\/types\/product"}],"replies":[{"embeddable":true,"href":"https:\/\/aztex.ee\/it\/wp-json\/wp\/v2\/comments?post=45998"}],"version-history":[{"count":0,"href":"https:\/\/aztex.ee\/it\/wp-json\/wp\/v2\/product\/45998\/revisions"}],"wp:featuredmedia":[{"embeddable":true,"href":"https:\/\/aztex.ee\/it\/wp-json\/wp\/v2\/media\/46112"}],"wp:attachment":[{"href":"https:\/\/aztex.ee\/it\/wp-json\/wp\/v2\/media?parent=45998"}],"wp:term":[{"taxonomy":"product_brand","embeddable":true,"href":"https:\/\/aztex.ee\/it\/wp-json\/wp\/v2\/product_brand?post=45998"},{"taxonomy":"product_cat","embeddable":true,"href":"https:\/\/aztex.ee\/it\/wp-json\/wp\/v2\/product_cat?post=45998"},{"taxonomy":"product_tag","embeddable":true,"href":"https:\/\/aztex.ee\/it\/wp-json\/wp\/v2\/product_tag?post=45998"}],"curies":[{"name":"wp","href":"https:\/\/api.w.org\/{rel}","templated":true}]}}