{"id":39774,"date":"2024-12-21T22:40:25","date_gmt":"2024-12-21T22:40:25","guid":{"rendered":"https:\/\/aztex.ee\/pood\/senza-categoria\/asciugamano-di-bambu\/"},"modified":"2026-04-08T10:48:37","modified_gmt":"2026-04-08T10:48:37","slug":"asciugamano-di-bambu","status":"publish","type":"product","link":"https:\/\/aztex.ee\/it\/pood\/asciugamani-e-teli-da-bagno\/asciugamano-di-bambu\/","title":{"rendered":"Asciugamano di bamb\u00f9"},"content":{"rendered":"<p>La naturale morbidezza ed eleganza del bamb\u00f9 con il nostro asciugamano in bamb\u00f9 di alta qualit\u00e0!<\/p>\n<p>L&#8217;asciugamano in bamb\u00f9 \u00e8 realizzato al 100% in fibra di bamb\u00f9, offrendo eccezionale morbidezza e durata. L&#8217;eccellente assorbenza delle fibre di bamb\u00f9 assicura che l&#8217;asciugamano si asciughi rapidamente e sia sempre pronto per il prossimo utilizzo. Le propriet\u00e0 antibatteriche e ipoallergeniche naturali del bamb\u00f9 lo rendono ideale per le pelli sensibili, aiutando a mantenere la pelle sana e fresca. \u00c8 la scelta migliore sia per l&#8217;uso quotidiano che per le persone con problemi di pelle sensibile che cercano una soluzione delicata e premurosa.<\/p>\n<p>La praticit\u00e0 dell&#8217;asciugamano non si limita alla sua facilit\u00e0 d&#8217;uso. Grazie alla durata delle fibre di bamb\u00f9, \u00e8 facile da curare e ha una lunga durata. Fare una scelta ecologicamente consapevole non \u00e8 mai stato cos\u00ec facile: il bamb\u00f9 \u00e8 un materiale sostenibile e rapidamente rinnovabile, il che lo rende una scelta ecologicamente responsabile ed elegante. Nella coltivazione del bamb\u00f9 non vengono utilizzati pesticidi o erbicidi, rendendo questo materiale sicuro sia per l&#8217;ambiente che per gli esseri umani.<\/p>\n<p>Aggiungi un comfort lussuoso alla tua vita quotidiana che valorizzer\u00e0 anche l&#8217;interno del tuo bagno. Un asciugamano di bamb\u00f9 \u00e8 un&#8217;aggiunta estetica e funzionale a qualsiasi casa, offrendo una combinazione di qualit\u00e0 naturale e praticit\u00e0 pratica. Il suo design elegante e il tocco morbido portano armonia e cura a ogni giorno.<\/p>\n<p>Prenditi cura di te stesso e della natura con questo asciugamano di bamb\u00f9 morbido, resistente ed ecologico!<\/p>\n","protected":false},"excerpt":{"rendered":"<ul>\n<li>Materiale: 100% bamb\u00f9<\/li>\n<li>Dimensioni: 35\u00d775 cm \u00b13<\/li>\n<li>Peso: 420g\/m2<\/li>\n<\/ul>\n","protected":false},"featured_media":39086,"comment_status":"open","ping_status":"closed","template":"","meta":[],"product_brand":[],"product_cat":[1733,778,988,483,1623],"product_tag":[],"class_list":{"0":"post-39774","1":"product","2":"type-product","3":"status-publish","4":"has-post-thumbnail","6":"product_cat-asciugamani","7":"product_cat-asciugamani-35x75-cm","8":"product_cat-asciugamani-di-bambu","9":"product_cat-asciugamani-e-teli-da-bagno","10":"product_cat-asciugamani-in-bambu","12":"first","13":"instock","14":"shipping-taxable","15":"purchasable","16":"product-type-variable"},"yoast_head":"<!-- This site is optimized with the Yoast SEO plugin v27.4 - https:\/\/yoast.com\/product\/yoast-seo-wordpress\/ -->\n<title>Asciugamano di bamb\u00f9 | AZTEX<\/title>\n<meta name=\"description\" content=\"L&#039;asciugamano in bamb\u00f9 offre la combinazione perfetta di qualit\u00e0 naturale e praticit\u00e0. Questo asciugamano \u00e8 realizzato interamente in fibra di bamb\u00f9.\" \/>\n<meta name=\"robots\" content=\"index, follow, max-snippet:-1, max-image-preview:large, max-video-preview:-1\" \/>\n<link rel=\"canonical\" href=\"https:\/\/aztex.ee\/it\/pood\/asciugamani-e-teli-da-bagno\/asciugamano-di-bambu\/\" \/>\n<meta property=\"og:locale\" content=\"it_IT\" \/>\n<meta property=\"og:type\" content=\"article\" \/>\n<meta property=\"og:title\" content=\"Asciugamano di bamb\u00f9 | AZTEX\" \/>\n<meta property=\"og:description\" content=\"L&#039;asciugamano in bamb\u00f9 offre la combinazione perfetta di qualit\u00e0 naturale e praticit\u00e0. Questo asciugamano \u00e8 realizzato interamente in fibra di bamb\u00f9.\" \/>\n<meta property=\"og:url\" content=\"https:\/\/aztex.ee\/it\/pood\/asciugamani-e-teli-da-bagno\/asciugamano-di-bambu\/\" \/>\n<meta property=\"og:site_name\" content=\"AZTEX\" \/>\n<meta property=\"article:publisher\" content=\"https:\/\/www.facebook.com\/AztexEE\" \/>\n<meta property=\"article:modified_time\" content=\"2026-04-08T10:48:37+00:00\" \/>\n<meta property=\"og:image\" content=\"https:\/\/aztex.ee\/wp-content\/uploads\/2024\/12\/Bambusest-ratikud-1-1.jpg\" \/>\n\t<meta property=\"og:image:width\" content=\"800\" \/>\n\t<meta property=\"og:image:height\" content=\"800\" \/>\n\t<meta property=\"og:image:type\" content=\"image\/jpeg\" \/>\n<meta name=\"twitter:card\" content=\"summary_large_image\" \/>\n<meta name=\"twitter:label1\" content=\"Tempo di lettura stimato\" \/>\n\t<meta name=\"twitter:data1\" content=\"2 minuti\" \/>\n<script type=\"application\/ld+json\" class=\"yoast-schema-graph\">{\"@context\":\"https:\\\/\\\/schema.org\",\"@graph\":[{\"@type\":[\"WebPage\",\"ItemPage\"],\"@id\":\"https:\\\/\\\/aztex.ee\\\/it\\\/pood\\\/asciugamani-e-teli-da-bagno\\\/asciugamano-di-bambu\\\/\",\"url\":\"https:\\\/\\\/aztex.ee\\\/it\\\/pood\\\/asciugamani-e-teli-da-bagno\\\/asciugamano-di-bambu\\\/\",\"name\":\"Asciugamano di bamb\u00f9 | AZTEX\",\"isPartOf\":{\"@id\":\"https:\\\/\\\/aztex.ee\\\/it\\\/#website\"},\"primaryImageOfPage\":{\"@id\":\"https:\\\/\\\/aztex.ee\\\/it\\\/pood\\\/asciugamani-e-teli-da-bagno\\\/asciugamano-di-bambu\\\/#primaryimage\"},\"image\":{\"@id\":\"https:\\\/\\\/aztex.ee\\\/it\\\/pood\\\/asciugamani-e-teli-da-bagno\\\/asciugamano-di-bambu\\\/#primaryimage\"},\"thumbnailUrl\":\"https:\\\/\\\/aztex.ee\\\/wp-content\\\/uploads\\\/2024\\\/12\\\/Bambusest-ratikud-1-1.jpg\",\"datePublished\":\"2024-12-21T22:40:25+00:00\",\"dateModified\":\"2026-04-08T10:48:37+00:00\",\"description\":\"L'asciugamano in bamb\u00f9 offre la combinazione perfetta di qualit\u00e0 naturale e praticit\u00e0. Questo asciugamano \u00e8 realizzato interamente in fibra di bamb\u00f9.\",\"breadcrumb\":{\"@id\":\"https:\\\/\\\/aztex.ee\\\/it\\\/pood\\\/asciugamani-e-teli-da-bagno\\\/asciugamano-di-bambu\\\/#breadcrumb\"},\"inLanguage\":\"it-IT\",\"potentialAction\":[{\"@type\":\"ReadAction\",\"target\":[\"https:\\\/\\\/aztex.ee\\\/it\\\/pood\\\/asciugamani-e-teli-da-bagno\\\/asciugamano-di-bambu\\\/\"]}]},{\"@type\":\"ImageObject\",\"inLanguage\":\"it-IT\",\"@id\":\"https:\\\/\\\/aztex.ee\\\/it\\\/pood\\\/asciugamani-e-teli-da-bagno\\\/asciugamano-di-bambu\\\/#primaryimage\",\"url\":\"https:\\\/\\\/aztex.ee\\\/wp-content\\\/uploads\\\/2024\\\/12\\\/Bambusest-ratikud-1-1.jpg\",\"contentUrl\":\"https:\\\/\\\/aztex.ee\\\/wp-content\\\/uploads\\\/2024\\\/12\\\/Bambusest-ratikud-1-1.jpg\",\"width\":800,\"height\":800,\"caption\":\"Asciugamano di bamb\u00f9\"},{\"@type\":\"BreadcrumbList\",\"@id\":\"https:\\\/\\\/aztex.ee\\\/it\\\/pood\\\/asciugamani-e-teli-da-bagno\\\/asciugamano-di-bambu\\\/#breadcrumb\",\"itemListElement\":[{\"@type\":\"ListItem\",\"position\":1,\"name\":\"Pagina Iniziale\",\"item\":\"https:\\\/\\\/aztex.ee\\\/it\\\/\"},{\"@type\":\"ListItem\",\"position\":2,\"name\":\"Negozio\",\"item\":\"https:\\\/\\\/aztex.ee\\\/it\\\/negozio\\\/\"},{\"@type\":\"ListItem\",\"position\":3,\"name\":\"Asciugamano di bamb\u00f9\"}]},{\"@type\":\"WebSite\",\"@id\":\"https:\\\/\\\/aztex.ee\\\/it\\\/#website\",\"url\":\"https:\\\/\\\/aztex.ee\\\/it\\\/\",\"name\":\"AZTEX\",\"description\":\"\",\"publisher\":{\"@id\":\"https:\\\/\\\/aztex.ee\\\/it\\\/#organization\"},\"potentialAction\":[{\"@type\":\"SearchAction\",\"target\":{\"@type\":\"EntryPoint\",\"urlTemplate\":\"https:\\\/\\\/aztex.ee\\\/it\\\/?s={search_term_string}\"},\"query-input\":{\"@type\":\"PropertyValueSpecification\",\"valueRequired\":true,\"valueName\":\"search_term_string\"}}],\"inLanguage\":\"it-IT\"},{\"@type\":\"Organization\",\"@id\":\"https:\\\/\\\/aztex.ee\\\/it\\\/#organization\",\"name\":\"AZTEX\",\"url\":\"https:\\\/\\\/aztex.ee\\\/it\\\/\",\"logo\":{\"@type\":\"ImageObject\",\"inLanguage\":\"it-IT\",\"@id\":\"https:\\\/\\\/aztex.ee\\\/it\\\/#\\\/schema\\\/logo\\\/image\\\/\",\"url\":\"https:\\\/\\\/aztex.ee\\\/wp-content\\\/uploads\\\/2026\\\/01\\\/AZTEX.png\",\"contentUrl\":\"https:\\\/\\\/aztex.ee\\\/wp-content\\\/uploads\\\/2026\\\/01\\\/AZTEX.png\",\"width\":500,\"height\":500,\"caption\":\"AZTEX\"},\"image\":{\"@id\":\"https:\\\/\\\/aztex.ee\\\/it\\\/#\\\/schema\\\/logo\\\/image\\\/\"},\"sameAs\":[\"https:\\\/\\\/www.facebook.com\\\/AztexEE\",\"https:\\\/\\\/www.instagram.com\\\/aztexeesti\\\/\",\"https:\\\/\\\/www.youtube.com\\\/@AZTEXEE\",\"https:\\\/\\\/www.pinterest.com\\\/aztex_eesti\\\/\",\"https:\\\/\\\/www.tiktok.com\\\/@aztexeesti\",\"https:\\\/\\\/www.trustpilot.com\\\/review\\\/aztex.ee\",\"https:\\\/\\\/www.linkedin.com\\\/company\\\/aztex-ee\\\/\",\"https:\\\/\\\/www.wikidata.org\\\/wiki\\\/Q137560182\"]}]}<\/script>\n<!-- \/ Yoast SEO plugin. -->","yoast_head_json":{"title":"Asciugamano di bamb\u00f9 | AZTEX","description":"L'asciugamano in bamb\u00f9 offre la combinazione perfetta di qualit\u00e0 naturale e praticit\u00e0. Questo asciugamano \u00e8 realizzato interamente in fibra di bamb\u00f9.","robots":{"index":"index","follow":"follow","max-snippet":"max-snippet:-1","max-image-preview":"max-image-preview:large","max-video-preview":"max-video-preview:-1"},"canonical":"https:\/\/aztex.ee\/it\/pood\/asciugamani-e-teli-da-bagno\/asciugamano-di-bambu\/","og_locale":"it_IT","og_type":"article","og_title":"Asciugamano di bamb\u00f9 | AZTEX","og_description":"L'asciugamano in bamb\u00f9 offre la combinazione perfetta di qualit\u00e0 naturale e praticit\u00e0. Questo asciugamano \u00e8 realizzato interamente in fibra di bamb\u00f9.","og_url":"https:\/\/aztex.ee\/it\/pood\/asciugamani-e-teli-da-bagno\/asciugamano-di-bambu\/","og_site_name":"AZTEX","article_publisher":"https:\/\/www.facebook.com\/AztexEE","article_modified_time":"2026-04-08T10:48:37+00:00","og_image":[{"width":800,"height":800,"url":"https:\/\/aztex.ee\/wp-content\/uploads\/2024\/12\/Bambusest-ratikud-1-1.jpg","type":"image\/jpeg"}],"twitter_card":"summary_large_image","twitter_misc":{"Tempo di lettura stimato":"2 minuti"},"schema":{"@context":"https:\/\/schema.org","@graph":[{"@type":["WebPage","ItemPage"],"@id":"https:\/\/aztex.ee\/it\/pood\/asciugamani-e-teli-da-bagno\/asciugamano-di-bambu\/","url":"https:\/\/aztex.ee\/it\/pood\/asciugamani-e-teli-da-bagno\/asciugamano-di-bambu\/","name":"Asciugamano di bamb\u00f9 | AZTEX","isPartOf":{"@id":"https:\/\/aztex.ee\/it\/#website"},"primaryImageOfPage":{"@id":"https:\/\/aztex.ee\/it\/pood\/asciugamani-e-teli-da-bagno\/asciugamano-di-bambu\/#primaryimage"},"image":{"@id":"https:\/\/aztex.ee\/it\/pood\/asciugamani-e-teli-da-bagno\/asciugamano-di-bambu\/#primaryimage"},"thumbnailUrl":"https:\/\/aztex.ee\/wp-content\/uploads\/2024\/12\/Bambusest-ratikud-1-1.jpg","datePublished":"2024-12-21T22:40:25+00:00","dateModified":"2026-04-08T10:48:37+00:00","description":"L'asciugamano in bamb\u00f9 offre la combinazione perfetta di qualit\u00e0 naturale e praticit\u00e0. Questo asciugamano \u00e8 realizzato interamente in fibra di bamb\u00f9.","breadcrumb":{"@id":"https:\/\/aztex.ee\/it\/pood\/asciugamani-e-teli-da-bagno\/asciugamano-di-bambu\/#breadcrumb"},"inLanguage":"it-IT","potentialAction":[{"@type":"ReadAction","target":["https:\/\/aztex.ee\/it\/pood\/asciugamani-e-teli-da-bagno\/asciugamano-di-bambu\/"]}]},{"@type":"ImageObject","inLanguage":"it-IT","@id":"https:\/\/aztex.ee\/it\/pood\/asciugamani-e-teli-da-bagno\/asciugamano-di-bambu\/#primaryimage","url":"https:\/\/aztex.ee\/wp-content\/uploads\/2024\/12\/Bambusest-ratikud-1-1.jpg","contentUrl":"https:\/\/aztex.ee\/wp-content\/uploads\/2024\/12\/Bambusest-ratikud-1-1.jpg","width":800,"height":800,"caption":"Asciugamano di bamb\u00f9"},{"@type":"BreadcrumbList","@id":"https:\/\/aztex.ee\/it\/pood\/asciugamani-e-teli-da-bagno\/asciugamano-di-bambu\/#breadcrumb","itemListElement":[{"@type":"ListItem","position":1,"name":"Pagina Iniziale","item":"https:\/\/aztex.ee\/it\/"},{"@type":"ListItem","position":2,"name":"Negozio","item":"https:\/\/aztex.ee\/it\/negozio\/"},{"@type":"ListItem","position":3,"name":"Asciugamano di bamb\u00f9"}]},{"@type":"WebSite","@id":"https:\/\/aztex.ee\/it\/#website","url":"https:\/\/aztex.ee\/it\/","name":"AZTEX","description":"","publisher":{"@id":"https:\/\/aztex.ee\/it\/#organization"},"potentialAction":[{"@type":"SearchAction","target":{"@type":"EntryPoint","urlTemplate":"https:\/\/aztex.ee\/it\/?s={search_term_string}"},"query-input":{"@type":"PropertyValueSpecification","valueRequired":true,"valueName":"search_term_string"}}],"inLanguage":"it-IT"},{"@type":"Organization","@id":"https:\/\/aztex.ee\/it\/#organization","name":"AZTEX","url":"https:\/\/aztex.ee\/it\/","logo":{"@type":"ImageObject","inLanguage":"it-IT","@id":"https:\/\/aztex.ee\/it\/#\/schema\/logo\/image\/","url":"https:\/\/aztex.ee\/wp-content\/uploads\/2026\/01\/AZTEX.png","contentUrl":"https:\/\/aztex.ee\/wp-content\/uploads\/2026\/01\/AZTEX.png","width":500,"height":500,"caption":"AZTEX"},"image":{"@id":"https:\/\/aztex.ee\/it\/#\/schema\/logo\/image\/"},"sameAs":["https:\/\/www.facebook.com\/AztexEE","https:\/\/www.instagram.com\/aztexeesti\/","https:\/\/www.youtube.com\/@AZTEXEE","https:\/\/www.pinterest.com\/aztex_eesti\/","https:\/\/www.tiktok.com\/@aztexeesti","https:\/\/www.trustpilot.com\/review\/aztex.ee","https:\/\/www.linkedin.com\/company\/aztex-ee\/","https:\/\/www.wikidata.org\/wiki\/Q137560182"]}]}},"_links":{"self":[{"href":"https:\/\/aztex.ee\/it\/wp-json\/wp\/v2\/product\/39774","targetHints":{"allow":["GET"]}}],"collection":[{"href":"https:\/\/aztex.ee\/it\/wp-json\/wp\/v2\/product"}],"about":[{"href":"https:\/\/aztex.ee\/it\/wp-json\/wp\/v2\/types\/product"}],"replies":[{"embeddable":true,"href":"https:\/\/aztex.ee\/it\/wp-json\/wp\/v2\/comments?post=39774"}],"version-history":[{"count":0,"href":"https:\/\/aztex.ee\/it\/wp-json\/wp\/v2\/product\/39774\/revisions"}],"wp:featuredmedia":[{"embeddable":true,"href":"https:\/\/aztex.ee\/it\/wp-json\/wp\/v2\/media\/39086"}],"wp:attachment":[{"href":"https:\/\/aztex.ee\/it\/wp-json\/wp\/v2\/media?parent=39774"}],"wp:term":[{"taxonomy":"product_brand","embeddable":true,"href":"https:\/\/aztex.ee\/it\/wp-json\/wp\/v2\/product_brand?post=39774"},{"taxonomy":"product_cat","embeddable":true,"href":"https:\/\/aztex.ee\/it\/wp-json\/wp\/v2\/product_cat?post=39774"},{"taxonomy":"product_tag","embeddable":true,"href":"https:\/\/aztex.ee\/it\/wp-json\/wp\/v2\/product_tag?post=39774"}],"curies":[{"name":"wp","href":"https:\/\/api.w.org\/{rel}","templated":true}]}}