{"id":31565,"date":"2024-11-11T15:15:25","date_gmt":"2024-11-11T15:15:25","guid":{"rendered":"https:\/\/aztex.ee\/?post_type=product&#038;p=31565"},"modified":"2026-01-27T17:54:15","modified_gmt":"2026-01-27T17:54:15","slug":"set-copripiumino-wild-rose","status":"publish","type":"product","link":"https:\/\/aztex.ee\/it\/pood\/biancheria-da-letto\/set-copripiumino-wild-rose\/","title":{"rendered":"Set copripiumino | Wild rose"},"content":{"rendered":"<p>Il set di biancheria da letto in 100% cotone dona morbidezza e comfort naturali alla tua camera da letto, che apprezzerai molto. Questa biancheria da letto \u00e8 realizzata in cotone traspirante e genuino, che aiuta il corpo a mantenere la temperatura ideale durante la notte, offrendo freschezza nelle notti calde e calore in quelle pi\u00f9 fredde. \u00c8 un&#8217;ottima scelta per chi cerca un materiale naturale che sia delicato anche sulla pelle sensibile.<\/p>\n<p>Il design senza tempo ed elegante della biancheria da letto valorizzer\u00e0 qualsiasi camera da letto, donando morbidezza e serenit\u00e0 alla stanza. Il cotone di alta qualit\u00e0 rimane resistente e diventa ancora pi\u00f9 morbido a ogni lavaggio, offrendo una sensazione di lusso che dura nel tempo. Goditi ogni notte una vacanza davvero accogliente e a contatto con la natura con la biancheria da letto in 100% cotone.<\/p>\n","protected":false},"excerpt":{"rendered":"<p>Set di biancheria da letto in 100% cotone, naturalmente morbido e traspirante, che assicura un sonno confortevole e ristoratore.<\/p>\n<ul>\n<li>Materiale: 100% cotone<\/li>\n<li>Tessuto: Raso<\/li>\n<li>Conteggio dei fili: 255 TC<\/li>\n<li>Copripiumino: 200\u00d7230 cm<\/li>\n<li>Federe: 50\u00d775 cm (2 pezzi)<\/li>\n<li>Lenzuolo: Non incluso<\/li>\n<li>Comfort: Texture traspirante e morbida<\/li>\n<\/ul>\n<p><img loading=\"lazy\" decoding=\"async\" class=\"alignnone size-full wp-image-30413\" src=\"https:\/\/aztex.ee\/wp-content\/uploads\/2024\/11\/100puuvilll.png\" alt=\"\" width=\"275\" height=\"76\" srcset=\"https:\/\/aztex.ee\/wp-content\/uploads\/2024\/11\/100puuvilll.png 275w, https:\/\/aztex.ee\/wp-content\/uploads\/2024\/11\/100puuvilll-150x41.png 150w\" sizes=\"auto, (max-width: 275px) 100vw, 275px\" \/><\/p>\n","protected":false},"featured_media":31586,"comment_status":"open","ping_status":"closed","template":"","meta":[],"product_brand":[],"product_cat":[109,168,384,500,281,601],"product_tag":[],"class_list":{"0":"post-31565","1":"product","2":"type-product","3":"status-publish","4":"has-post-thumbnail","6":"product_cat-biancheria-da-letto","7":"product_cat-biancheria-da-letto-in-cotone","8":"product_cat-biancheria-da-letto-in-raso","9":"product_cat-set-di-biancheria-da-letto","10":"product_cat-set-di-biancheria-da-letto-in-cotone-200-230","11":"product_cat-set-di-biancheria-da-letto-in-raso","13":"first","14":"instock","15":"shipping-taxable","16":"purchasable","17":"product-type-simple"},"yoast_head":"<!-- This site is optimized with the Yoast SEO plugin v27.3 - https:\/\/yoast.com\/product\/yoast-seo-wordpress\/ -->\n<title>Set copripiumino | Wild rose | AZTEX<\/title>\n<meta name=\"description\" content=\"Set di biancheria da letto in cotone 200x230 cm Wild rose, la scelta perfetta per un sonno morbido e confortevole. Offre un&#039;esperienza di sonno di qualit\u00e0\" \/>\n<meta name=\"robots\" content=\"index, follow, max-snippet:-1, max-image-preview:large, max-video-preview:-1\" \/>\n<link rel=\"canonical\" href=\"https:\/\/aztex.ee\/it\/pood\/biancheria-da-letto\/set-copripiumino-wild-rose\/\" \/>\n<meta property=\"og:locale\" content=\"it_IT\" \/>\n<meta property=\"og:type\" content=\"article\" \/>\n<meta property=\"og:title\" content=\"Set copripiumino | Wild rose | AZTEX\" \/>\n<meta property=\"og:description\" content=\"Set di biancheria da letto in cotone 200x230 cm Wild rose, la scelta perfetta per un sonno morbido e confortevole. Offre un&#039;esperienza di sonno di qualit\u00e0\" \/>\n<meta property=\"og:url\" content=\"https:\/\/aztex.ee\/it\/pood\/biancheria-da-letto\/set-copripiumino-wild-rose\/\" \/>\n<meta property=\"og:site_name\" content=\"AZTEX\" \/>\n<meta property=\"article:publisher\" content=\"https:\/\/www.facebook.com\/AztexEE\" \/>\n<meta property=\"article:modified_time\" content=\"2026-01-27T17:54:15+00:00\" \/>\n<meta property=\"og:image\" content=\"https:\/\/aztex.ee\/wp-content\/uploads\/2024\/11\/Voodipesukomplekt-3-1.jpg\" \/>\n\t<meta property=\"og:image:width\" content=\"800\" \/>\n\t<meta property=\"og:image:height\" content=\"800\" \/>\n\t<meta property=\"og:image:type\" content=\"image\/jpeg\" \/>\n<meta name=\"twitter:card\" content=\"summary_large_image\" \/>\n<meta name=\"twitter:label1\" content=\"Tempo di lettura stimato\" \/>\n\t<meta name=\"twitter:data1\" content=\"1 minuto\" \/>\n<script type=\"application\/ld+json\" class=\"yoast-schema-graph\">{\"@context\":\"https:\\\/\\\/schema.org\",\"@graph\":[{\"@type\":[\"WebPage\",\"ItemPage\"],\"@id\":\"https:\\\/\\\/aztex.ee\\\/it\\\/pood\\\/biancheria-da-letto\\\/set-copripiumino-wild-rose\\\/\",\"url\":\"https:\\\/\\\/aztex.ee\\\/it\\\/pood\\\/biancheria-da-letto\\\/set-copripiumino-wild-rose\\\/\",\"name\":\"Set copripiumino | Wild rose | AZTEX\",\"isPartOf\":{\"@id\":\"https:\\\/\\\/aztex.ee\\\/it\\\/#website\"},\"primaryImageOfPage\":{\"@id\":\"https:\\\/\\\/aztex.ee\\\/it\\\/pood\\\/biancheria-da-letto\\\/set-copripiumino-wild-rose\\\/#primaryimage\"},\"image\":{\"@id\":\"https:\\\/\\\/aztex.ee\\\/it\\\/pood\\\/biancheria-da-letto\\\/set-copripiumino-wild-rose\\\/#primaryimage\"},\"thumbnailUrl\":\"https:\\\/\\\/aztex.ee\\\/wp-content\\\/uploads\\\/2024\\\/11\\\/Voodipesukomplekt-3-1.jpg\",\"datePublished\":\"2024-11-11T15:15:25+00:00\",\"dateModified\":\"2026-01-27T17:54:15+00:00\",\"description\":\"Set di biancheria da letto in cotone 200x230 cm Wild rose, la scelta perfetta per un sonno morbido e confortevole. Offre un'esperienza di sonno di qualit\u00e0\",\"breadcrumb\":{\"@id\":\"https:\\\/\\\/aztex.ee\\\/it\\\/pood\\\/biancheria-da-letto\\\/set-copripiumino-wild-rose\\\/#breadcrumb\"},\"inLanguage\":\"it-IT\",\"potentialAction\":[{\"@type\":\"ReadAction\",\"target\":[\"https:\\\/\\\/aztex.ee\\\/it\\\/pood\\\/biancheria-da-letto\\\/set-copripiumino-wild-rose\\\/\"]}]},{\"@type\":\"ImageObject\",\"inLanguage\":\"it-IT\",\"@id\":\"https:\\\/\\\/aztex.ee\\\/it\\\/pood\\\/biancheria-da-letto\\\/set-copripiumino-wild-rose\\\/#primaryimage\",\"url\":\"https:\\\/\\\/aztex.ee\\\/wp-content\\\/uploads\\\/2024\\\/11\\\/Voodipesukomplekt-3-1.jpg\",\"contentUrl\":\"https:\\\/\\\/aztex.ee\\\/wp-content\\\/uploads\\\/2024\\\/11\\\/Voodipesukomplekt-3-1.jpg\",\"width\":800,\"height\":800,\"caption\":\"Voodipesukomplekt\"},{\"@type\":\"BreadcrumbList\",\"@id\":\"https:\\\/\\\/aztex.ee\\\/it\\\/pood\\\/biancheria-da-letto\\\/set-copripiumino-wild-rose\\\/#breadcrumb\",\"itemListElement\":[{\"@type\":\"ListItem\",\"position\":1,\"name\":\"Pagina Iniziale\",\"item\":\"https:\\\/\\\/aztex.ee\\\/it\\\/\"},{\"@type\":\"ListItem\",\"position\":2,\"name\":\"Negozio\",\"item\":\"https:\\\/\\\/aztex.ee\\\/it\\\/negozio\\\/\"},{\"@type\":\"ListItem\",\"position\":3,\"name\":\"Set copripiumino | Wild rose\"}]},{\"@type\":\"WebSite\",\"@id\":\"https:\\\/\\\/aztex.ee\\\/it\\\/#website\",\"url\":\"https:\\\/\\\/aztex.ee\\\/it\\\/\",\"name\":\"AZTEX\",\"description\":\"\",\"publisher\":{\"@id\":\"https:\\\/\\\/aztex.ee\\\/it\\\/#organization\"},\"potentialAction\":[{\"@type\":\"SearchAction\",\"target\":{\"@type\":\"EntryPoint\",\"urlTemplate\":\"https:\\\/\\\/aztex.ee\\\/it\\\/?s={search_term_string}\"},\"query-input\":{\"@type\":\"PropertyValueSpecification\",\"valueRequired\":true,\"valueName\":\"search_term_string\"}}],\"inLanguage\":\"it-IT\"},{\"@type\":\"Organization\",\"@id\":\"https:\\\/\\\/aztex.ee\\\/it\\\/#organization\",\"name\":\"AZTEX\",\"url\":\"https:\\\/\\\/aztex.ee\\\/it\\\/\",\"logo\":{\"@type\":\"ImageObject\",\"inLanguage\":\"it-IT\",\"@id\":\"https:\\\/\\\/aztex.ee\\\/it\\\/#\\\/schema\\\/logo\\\/image\\\/\",\"url\":\"https:\\\/\\\/aztex.ee\\\/wp-content\\\/uploads\\\/2026\\\/01\\\/AZTEX.png\",\"contentUrl\":\"https:\\\/\\\/aztex.ee\\\/wp-content\\\/uploads\\\/2026\\\/01\\\/AZTEX.png\",\"width\":500,\"height\":500,\"caption\":\"AZTEX\"},\"image\":{\"@id\":\"https:\\\/\\\/aztex.ee\\\/it\\\/#\\\/schema\\\/logo\\\/image\\\/\"},\"sameAs\":[\"https:\\\/\\\/www.facebook.com\\\/AztexEE\",\"https:\\\/\\\/www.instagram.com\\\/aztexeesti\\\/\",\"https:\\\/\\\/www.youtube.com\\\/@AZTEXEE\",\"https:\\\/\\\/www.pinterest.com\\\/aztex_eesti\\\/\",\"https:\\\/\\\/www.tiktok.com\\\/@aztexeesti\",\"https:\\\/\\\/www.trustpilot.com\\\/review\\\/aztex.ee\",\"https:\\\/\\\/www.linkedin.com\\\/company\\\/aztex-ee\\\/\",\"https:\\\/\\\/www.wikidata.org\\\/wiki\\\/Q137560182\"]}]}<\/script>\n<!-- \/ Yoast SEO plugin. -->","yoast_head_json":{"title":"Set copripiumino | Wild rose | AZTEX","description":"Set di biancheria da letto in cotone 200x230 cm Wild rose, la scelta perfetta per un sonno morbido e confortevole. Offre un'esperienza di sonno di qualit\u00e0","robots":{"index":"index","follow":"follow","max-snippet":"max-snippet:-1","max-image-preview":"max-image-preview:large","max-video-preview":"max-video-preview:-1"},"canonical":"https:\/\/aztex.ee\/it\/pood\/biancheria-da-letto\/set-copripiumino-wild-rose\/","og_locale":"it_IT","og_type":"article","og_title":"Set copripiumino | Wild rose | AZTEX","og_description":"Set di biancheria da letto in cotone 200x230 cm Wild rose, la scelta perfetta per un sonno morbido e confortevole. Offre un'esperienza di sonno di qualit\u00e0","og_url":"https:\/\/aztex.ee\/it\/pood\/biancheria-da-letto\/set-copripiumino-wild-rose\/","og_site_name":"AZTEX","article_publisher":"https:\/\/www.facebook.com\/AztexEE","article_modified_time":"2026-01-27T17:54:15+00:00","og_image":[{"width":800,"height":800,"url":"https:\/\/aztex.ee\/wp-content\/uploads\/2024\/11\/Voodipesukomplekt-3-1.jpg","type":"image\/jpeg"}],"twitter_card":"summary_large_image","twitter_misc":{"Tempo di lettura stimato":"1 minuto"},"schema":{"@context":"https:\/\/schema.org","@graph":[{"@type":["WebPage","ItemPage"],"@id":"https:\/\/aztex.ee\/it\/pood\/biancheria-da-letto\/set-copripiumino-wild-rose\/","url":"https:\/\/aztex.ee\/it\/pood\/biancheria-da-letto\/set-copripiumino-wild-rose\/","name":"Set copripiumino | Wild rose | AZTEX","isPartOf":{"@id":"https:\/\/aztex.ee\/it\/#website"},"primaryImageOfPage":{"@id":"https:\/\/aztex.ee\/it\/pood\/biancheria-da-letto\/set-copripiumino-wild-rose\/#primaryimage"},"image":{"@id":"https:\/\/aztex.ee\/it\/pood\/biancheria-da-letto\/set-copripiumino-wild-rose\/#primaryimage"},"thumbnailUrl":"https:\/\/aztex.ee\/wp-content\/uploads\/2024\/11\/Voodipesukomplekt-3-1.jpg","datePublished":"2024-11-11T15:15:25+00:00","dateModified":"2026-01-27T17:54:15+00:00","description":"Set di biancheria da letto in cotone 200x230 cm Wild rose, la scelta perfetta per un sonno morbido e confortevole. Offre un'esperienza di sonno di qualit\u00e0","breadcrumb":{"@id":"https:\/\/aztex.ee\/it\/pood\/biancheria-da-letto\/set-copripiumino-wild-rose\/#breadcrumb"},"inLanguage":"it-IT","potentialAction":[{"@type":"ReadAction","target":["https:\/\/aztex.ee\/it\/pood\/biancheria-da-letto\/set-copripiumino-wild-rose\/"]}]},{"@type":"ImageObject","inLanguage":"it-IT","@id":"https:\/\/aztex.ee\/it\/pood\/biancheria-da-letto\/set-copripiumino-wild-rose\/#primaryimage","url":"https:\/\/aztex.ee\/wp-content\/uploads\/2024\/11\/Voodipesukomplekt-3-1.jpg","contentUrl":"https:\/\/aztex.ee\/wp-content\/uploads\/2024\/11\/Voodipesukomplekt-3-1.jpg","width":800,"height":800,"caption":"Voodipesukomplekt"},{"@type":"BreadcrumbList","@id":"https:\/\/aztex.ee\/it\/pood\/biancheria-da-letto\/set-copripiumino-wild-rose\/#breadcrumb","itemListElement":[{"@type":"ListItem","position":1,"name":"Pagina Iniziale","item":"https:\/\/aztex.ee\/it\/"},{"@type":"ListItem","position":2,"name":"Negozio","item":"https:\/\/aztex.ee\/it\/negozio\/"},{"@type":"ListItem","position":3,"name":"Set copripiumino | Wild rose"}]},{"@type":"WebSite","@id":"https:\/\/aztex.ee\/it\/#website","url":"https:\/\/aztex.ee\/it\/","name":"AZTEX","description":"","publisher":{"@id":"https:\/\/aztex.ee\/it\/#organization"},"potentialAction":[{"@type":"SearchAction","target":{"@type":"EntryPoint","urlTemplate":"https:\/\/aztex.ee\/it\/?s={search_term_string}"},"query-input":{"@type":"PropertyValueSpecification","valueRequired":true,"valueName":"search_term_string"}}],"inLanguage":"it-IT"},{"@type":"Organization","@id":"https:\/\/aztex.ee\/it\/#organization","name":"AZTEX","url":"https:\/\/aztex.ee\/it\/","logo":{"@type":"ImageObject","inLanguage":"it-IT","@id":"https:\/\/aztex.ee\/it\/#\/schema\/logo\/image\/","url":"https:\/\/aztex.ee\/wp-content\/uploads\/2026\/01\/AZTEX.png","contentUrl":"https:\/\/aztex.ee\/wp-content\/uploads\/2026\/01\/AZTEX.png","width":500,"height":500,"caption":"AZTEX"},"image":{"@id":"https:\/\/aztex.ee\/it\/#\/schema\/logo\/image\/"},"sameAs":["https:\/\/www.facebook.com\/AztexEE","https:\/\/www.instagram.com\/aztexeesti\/","https:\/\/www.youtube.com\/@AZTEXEE","https:\/\/www.pinterest.com\/aztex_eesti\/","https:\/\/www.tiktok.com\/@aztexeesti","https:\/\/www.trustpilot.com\/review\/aztex.ee","https:\/\/www.linkedin.com\/company\/aztex-ee\/","https:\/\/www.wikidata.org\/wiki\/Q137560182"]}]}},"_links":{"self":[{"href":"https:\/\/aztex.ee\/it\/wp-json\/wp\/v2\/product\/31565","targetHints":{"allow":["GET"]}}],"collection":[{"href":"https:\/\/aztex.ee\/it\/wp-json\/wp\/v2\/product"}],"about":[{"href":"https:\/\/aztex.ee\/it\/wp-json\/wp\/v2\/types\/product"}],"replies":[{"embeddable":true,"href":"https:\/\/aztex.ee\/it\/wp-json\/wp\/v2\/comments?post=31565"}],"version-history":[{"count":0,"href":"https:\/\/aztex.ee\/it\/wp-json\/wp\/v2\/product\/31565\/revisions"}],"wp:featuredmedia":[{"embeddable":true,"href":"https:\/\/aztex.ee\/it\/wp-json\/wp\/v2\/media\/31586"}],"wp:attachment":[{"href":"https:\/\/aztex.ee\/it\/wp-json\/wp\/v2\/media?parent=31565"}],"wp:term":[{"taxonomy":"product_brand","embeddable":true,"href":"https:\/\/aztex.ee\/it\/wp-json\/wp\/v2\/product_brand?post=31565"},{"taxonomy":"product_cat","embeddable":true,"href":"https:\/\/aztex.ee\/it\/wp-json\/wp\/v2\/product_cat?post=31565"},{"taxonomy":"product_tag","embeddable":true,"href":"https:\/\/aztex.ee\/it\/wp-json\/wp\/v2\/product_tag?post=31565"}],"curies":[{"name":"wp","href":"https:\/\/api.w.org\/{rel}","templated":true}]}}