{"id":25107,"date":"2024-09-29T10:00:13","date_gmt":"2024-09-29T10:00:13","guid":{"rendered":"https:\/\/aztex.ee\/?post_type=product&#038;p=25107"},"modified":"2026-01-11T15:53:23","modified_gmt":"2026-01-11T15:53:23","slug":"set-di-biancheria-da-letto-in-raso-love","status":"publish","type":"product","link":"https:\/\/aztex.ee\/it\/pood\/biancheria-da-letto\/set-di-biancheria-da-letto-in-raso-love\/","title":{"rendered":"Set di biancheria da letto in raso | Love"},"content":{"rendered":"<p>Il set di biancheria da letto in raso \u00e8 la scelta perfetta se cerchi morbidezza ed eleganza nella tua camera da letto. Realizzato in cotone di alta qualit\u00e0 che accarezza la pelle e crea un&#8217;esperienza di sonno lussuosa. Il materiale traspirante regola la temperatura corporea, assicurandoti di dormire comodamente in qualsiasi stagione, che sia pi\u00f9 fresco d&#8217;estate o pi\u00f9 caldo d&#8217;inverno. Inoltre, la biancheria da letto \u00e8 facile da pulire e lavabile in lavatrice, rendendola perfetta per l&#8217;uso quotidiano. Rinnova la tua camera da letto con il nostro splendido set di biancheria da letto in raso e goditi il \u200b\u200bcomfort lussuoso che hai sempre desiderato!<\/p>\n","protected":false},"excerpt":{"rendered":"<p>Il set di biancheria da letto in raso \u00e8 delicato sulla pelle e traspirante, garantendo un ambiente ideale per il sonno.<\/p>\n<ul>\n<li>Materiale: 100% cotone<\/li>\n<li>Tessuto: Raso<\/li>\n<li>Conteggio dei fili: 300 TC<\/li>\n<li>Copripiumino: 200\u00d7220 cm<\/li>\n<li>Federe: 50\u00d775 cm (2 pezzi)<\/li>\n<li>Lenzuolo: Non incluso<\/li>\n<li>Comfort: Texture traspirante e morbida<\/li>\n<\/ul>\n<p><img loading=\"lazy\" decoding=\"async\" class=\"alignnone size-full wp-image-24733\" src=\"https:\/\/aztex.ee\/wp-content\/uploads\/2024\/09\/cottonlogo33.png\" alt=\"\" width=\"165\" height=\"73\" srcset=\"https:\/\/aztex.ee\/wp-content\/uploads\/2024\/09\/cottonlogo33.png 165w, https:\/\/aztex.ee\/wp-content\/uploads\/2024\/09\/cottonlogo33-150x66.png 150w\" sizes=\"auto, (max-width: 165px) 100vw, 165px\" \/><\/p>\n","protected":false},"featured_media":25128,"comment_status":"open","ping_status":"closed","template":"","meta":[],"product_brand":[],"product_cat":[109,168,384,500,280,601],"product_tag":[],"class_list":{"0":"post-25107","1":"product","2":"type-product","3":"status-publish","4":"has-post-thumbnail","6":"product_cat-biancheria-da-letto","7":"product_cat-biancheria-da-letto-in-cotone","8":"product_cat-biancheria-da-letto-in-raso","9":"product_cat-set-di-biancheria-da-letto","10":"product_cat-set-di-biancheria-da-letto-in-cotone-200-220","11":"product_cat-set-di-biancheria-da-letto-in-raso","13":"first","14":"instock","15":"shipping-taxable","16":"purchasable","17":"product-type-simple"},"yoast_head":"<!-- This site is optimized with the Yoast SEO plugin v27.4 - https:\/\/yoast.com\/product\/yoast-seo-wordpress\/ -->\n<title>Set di biancheria da letto in raso | Love | AZTEX<\/title>\n<meta name=\"description\" content=\"Il set di biancheria da letto in raso di cotone al 100% con eleganti motivi color lavanda dona un&#039;eleganza ispirata alla natura alla tua camera da letto..\" \/>\n<meta name=\"robots\" content=\"index, follow, max-snippet:-1, max-image-preview:large, max-video-preview:-1\" \/>\n<link rel=\"canonical\" href=\"https:\/\/aztex.ee\/it\/pood\/biancheria-da-letto\/set-di-biancheria-da-letto-in-raso-love\/\" \/>\n<meta property=\"og:locale\" content=\"it_IT\" \/>\n<meta property=\"og:type\" content=\"article\" \/>\n<meta property=\"og:title\" content=\"Set di biancheria da letto in raso | Love | AZTEX\" \/>\n<meta property=\"og:description\" content=\"Il set di biancheria da letto in raso di cotone al 100% con eleganti motivi color lavanda dona un&#039;eleganza ispirata alla natura alla tua camera da letto..\" \/>\n<meta property=\"og:url\" content=\"https:\/\/aztex.ee\/it\/pood\/biancheria-da-letto\/set-di-biancheria-da-letto-in-raso-love\/\" \/>\n<meta property=\"og:site_name\" content=\"AZTEX\" \/>\n<meta property=\"article:publisher\" content=\"https:\/\/www.facebook.com\/AztexEE\" \/>\n<meta property=\"article:modified_time\" content=\"2026-01-11T15:53:23+00:00\" \/>\n<meta property=\"og:image\" content=\"https:\/\/aztex.ee\/wp-content\/uploads\/2024\/09\/Satiinist-voodipesukomplekt-1-2.jpg\" \/>\n\t<meta property=\"og:image:width\" content=\"800\" \/>\n\t<meta property=\"og:image:height\" content=\"800\" \/>\n\t<meta property=\"og:image:type\" content=\"image\/jpeg\" \/>\n<meta name=\"twitter:card\" content=\"summary_large_image\" \/>\n<meta name=\"twitter:label1\" content=\"Tempo di lettura stimato\" \/>\n\t<meta name=\"twitter:data1\" content=\"1 minuto\" \/>\n<script type=\"application\/ld+json\" class=\"yoast-schema-graph\">{\"@context\":\"https:\\\/\\\/schema.org\",\"@graph\":[{\"@type\":[\"WebPage\",\"ItemPage\"],\"@id\":\"https:\\\/\\\/aztex.ee\\\/it\\\/pood\\\/biancheria-da-letto\\\/set-di-biancheria-da-letto-in-raso-love\\\/\",\"url\":\"https:\\\/\\\/aztex.ee\\\/it\\\/pood\\\/biancheria-da-letto\\\/set-di-biancheria-da-letto-in-raso-love\\\/\",\"name\":\"Set di biancheria da letto in raso | Love | AZTEX\",\"isPartOf\":{\"@id\":\"https:\\\/\\\/aztex.ee\\\/it\\\/#website\"},\"primaryImageOfPage\":{\"@id\":\"https:\\\/\\\/aztex.ee\\\/it\\\/pood\\\/biancheria-da-letto\\\/set-di-biancheria-da-letto-in-raso-love\\\/#primaryimage\"},\"image\":{\"@id\":\"https:\\\/\\\/aztex.ee\\\/it\\\/pood\\\/biancheria-da-letto\\\/set-di-biancheria-da-letto-in-raso-love\\\/#primaryimage\"},\"thumbnailUrl\":\"https:\\\/\\\/aztex.ee\\\/wp-content\\\/uploads\\\/2024\\\/09\\\/Satiinist-voodipesukomplekt-1-2.jpg\",\"datePublished\":\"2024-09-29T10:00:13+00:00\",\"dateModified\":\"2026-01-11T15:53:23+00:00\",\"description\":\"Il set di biancheria da letto in raso di cotone al 100% con eleganti motivi color lavanda dona un'eleganza ispirata alla natura alla tua camera da letto..\",\"breadcrumb\":{\"@id\":\"https:\\\/\\\/aztex.ee\\\/it\\\/pood\\\/biancheria-da-letto\\\/set-di-biancheria-da-letto-in-raso-love\\\/#breadcrumb\"},\"inLanguage\":\"it-IT\",\"potentialAction\":[{\"@type\":\"ReadAction\",\"target\":[\"https:\\\/\\\/aztex.ee\\\/it\\\/pood\\\/biancheria-da-letto\\\/set-di-biancheria-da-letto-in-raso-love\\\/\"]}]},{\"@type\":\"ImageObject\",\"inLanguage\":\"it-IT\",\"@id\":\"https:\\\/\\\/aztex.ee\\\/it\\\/pood\\\/biancheria-da-letto\\\/set-di-biancheria-da-letto-in-raso-love\\\/#primaryimage\",\"url\":\"https:\\\/\\\/aztex.ee\\\/wp-content\\\/uploads\\\/2024\\\/09\\\/Satiinist-voodipesukomplekt-1-2.jpg\",\"contentUrl\":\"https:\\\/\\\/aztex.ee\\\/wp-content\\\/uploads\\\/2024\\\/09\\\/Satiinist-voodipesukomplekt-1-2.jpg\",\"width\":800,\"height\":800},{\"@type\":\"BreadcrumbList\",\"@id\":\"https:\\\/\\\/aztex.ee\\\/it\\\/pood\\\/biancheria-da-letto\\\/set-di-biancheria-da-letto-in-raso-love\\\/#breadcrumb\",\"itemListElement\":[{\"@type\":\"ListItem\",\"position\":1,\"name\":\"Pagina Iniziale\",\"item\":\"https:\\\/\\\/aztex.ee\\\/it\\\/\"},{\"@type\":\"ListItem\",\"position\":2,\"name\":\"Negozio\",\"item\":\"https:\\\/\\\/aztex.ee\\\/it\\\/negozio\\\/\"},{\"@type\":\"ListItem\",\"position\":3,\"name\":\"Set di biancheria da letto in raso | Love\"}]},{\"@type\":\"WebSite\",\"@id\":\"https:\\\/\\\/aztex.ee\\\/it\\\/#website\",\"url\":\"https:\\\/\\\/aztex.ee\\\/it\\\/\",\"name\":\"AZTEX\",\"description\":\"\",\"publisher\":{\"@id\":\"https:\\\/\\\/aztex.ee\\\/it\\\/#organization\"},\"potentialAction\":[{\"@type\":\"SearchAction\",\"target\":{\"@type\":\"EntryPoint\",\"urlTemplate\":\"https:\\\/\\\/aztex.ee\\\/it\\\/?s={search_term_string}\"},\"query-input\":{\"@type\":\"PropertyValueSpecification\",\"valueRequired\":true,\"valueName\":\"search_term_string\"}}],\"inLanguage\":\"it-IT\"},{\"@type\":\"Organization\",\"@id\":\"https:\\\/\\\/aztex.ee\\\/it\\\/#organization\",\"name\":\"AZTEX\",\"url\":\"https:\\\/\\\/aztex.ee\\\/it\\\/\",\"logo\":{\"@type\":\"ImageObject\",\"inLanguage\":\"it-IT\",\"@id\":\"https:\\\/\\\/aztex.ee\\\/it\\\/#\\\/schema\\\/logo\\\/image\\\/\",\"url\":\"https:\\\/\\\/aztex.ee\\\/wp-content\\\/uploads\\\/2026\\\/01\\\/AZTEX.png\",\"contentUrl\":\"https:\\\/\\\/aztex.ee\\\/wp-content\\\/uploads\\\/2026\\\/01\\\/AZTEX.png\",\"width\":500,\"height\":500,\"caption\":\"AZTEX\"},\"image\":{\"@id\":\"https:\\\/\\\/aztex.ee\\\/it\\\/#\\\/schema\\\/logo\\\/image\\\/\"},\"sameAs\":[\"https:\\\/\\\/www.facebook.com\\\/AztexEE\",\"https:\\\/\\\/www.instagram.com\\\/aztexeesti\\\/\",\"https:\\\/\\\/www.youtube.com\\\/@AZTEXEE\",\"https:\\\/\\\/www.pinterest.com\\\/aztex_eesti\\\/\",\"https:\\\/\\\/www.tiktok.com\\\/@aztexeesti\",\"https:\\\/\\\/www.trustpilot.com\\\/review\\\/aztex.ee\",\"https:\\\/\\\/www.linkedin.com\\\/company\\\/aztex-ee\\\/\",\"https:\\\/\\\/www.wikidata.org\\\/wiki\\\/Q137560182\"]}]}<\/script>\n<!-- \/ Yoast SEO plugin. -->","yoast_head_json":{"title":"Set di biancheria da letto in raso | Love | AZTEX","description":"Il set di biancheria da letto in raso di cotone al 100% con eleganti motivi color lavanda dona un'eleganza ispirata alla natura alla tua camera da letto..","robots":{"index":"index","follow":"follow","max-snippet":"max-snippet:-1","max-image-preview":"max-image-preview:large","max-video-preview":"max-video-preview:-1"},"canonical":"https:\/\/aztex.ee\/it\/pood\/biancheria-da-letto\/set-di-biancheria-da-letto-in-raso-love\/","og_locale":"it_IT","og_type":"article","og_title":"Set di biancheria da letto in raso | Love | AZTEX","og_description":"Il set di biancheria da letto in raso di cotone al 100% con eleganti motivi color lavanda dona un'eleganza ispirata alla natura alla tua camera da letto..","og_url":"https:\/\/aztex.ee\/it\/pood\/biancheria-da-letto\/set-di-biancheria-da-letto-in-raso-love\/","og_site_name":"AZTEX","article_publisher":"https:\/\/www.facebook.com\/AztexEE","article_modified_time":"2026-01-11T15:53:23+00:00","og_image":[{"width":800,"height":800,"url":"https:\/\/aztex.ee\/wp-content\/uploads\/2024\/09\/Satiinist-voodipesukomplekt-1-2.jpg","type":"image\/jpeg"}],"twitter_card":"summary_large_image","twitter_misc":{"Tempo di lettura stimato":"1 minuto"},"schema":{"@context":"https:\/\/schema.org","@graph":[{"@type":["WebPage","ItemPage"],"@id":"https:\/\/aztex.ee\/it\/pood\/biancheria-da-letto\/set-di-biancheria-da-letto-in-raso-love\/","url":"https:\/\/aztex.ee\/it\/pood\/biancheria-da-letto\/set-di-biancheria-da-letto-in-raso-love\/","name":"Set di biancheria da letto in raso | Love | AZTEX","isPartOf":{"@id":"https:\/\/aztex.ee\/it\/#website"},"primaryImageOfPage":{"@id":"https:\/\/aztex.ee\/it\/pood\/biancheria-da-letto\/set-di-biancheria-da-letto-in-raso-love\/#primaryimage"},"image":{"@id":"https:\/\/aztex.ee\/it\/pood\/biancheria-da-letto\/set-di-biancheria-da-letto-in-raso-love\/#primaryimage"},"thumbnailUrl":"https:\/\/aztex.ee\/wp-content\/uploads\/2024\/09\/Satiinist-voodipesukomplekt-1-2.jpg","datePublished":"2024-09-29T10:00:13+00:00","dateModified":"2026-01-11T15:53:23+00:00","description":"Il set di biancheria da letto in raso di cotone al 100% con eleganti motivi color lavanda dona un'eleganza ispirata alla natura alla tua camera da letto..","breadcrumb":{"@id":"https:\/\/aztex.ee\/it\/pood\/biancheria-da-letto\/set-di-biancheria-da-letto-in-raso-love\/#breadcrumb"},"inLanguage":"it-IT","potentialAction":[{"@type":"ReadAction","target":["https:\/\/aztex.ee\/it\/pood\/biancheria-da-letto\/set-di-biancheria-da-letto-in-raso-love\/"]}]},{"@type":"ImageObject","inLanguage":"it-IT","@id":"https:\/\/aztex.ee\/it\/pood\/biancheria-da-letto\/set-di-biancheria-da-letto-in-raso-love\/#primaryimage","url":"https:\/\/aztex.ee\/wp-content\/uploads\/2024\/09\/Satiinist-voodipesukomplekt-1-2.jpg","contentUrl":"https:\/\/aztex.ee\/wp-content\/uploads\/2024\/09\/Satiinist-voodipesukomplekt-1-2.jpg","width":800,"height":800},{"@type":"BreadcrumbList","@id":"https:\/\/aztex.ee\/it\/pood\/biancheria-da-letto\/set-di-biancheria-da-letto-in-raso-love\/#breadcrumb","itemListElement":[{"@type":"ListItem","position":1,"name":"Pagina Iniziale","item":"https:\/\/aztex.ee\/it\/"},{"@type":"ListItem","position":2,"name":"Negozio","item":"https:\/\/aztex.ee\/it\/negozio\/"},{"@type":"ListItem","position":3,"name":"Set di biancheria da letto in raso | Love"}]},{"@type":"WebSite","@id":"https:\/\/aztex.ee\/it\/#website","url":"https:\/\/aztex.ee\/it\/","name":"AZTEX","description":"","publisher":{"@id":"https:\/\/aztex.ee\/it\/#organization"},"potentialAction":[{"@type":"SearchAction","target":{"@type":"EntryPoint","urlTemplate":"https:\/\/aztex.ee\/it\/?s={search_term_string}"},"query-input":{"@type":"PropertyValueSpecification","valueRequired":true,"valueName":"search_term_string"}}],"inLanguage":"it-IT"},{"@type":"Organization","@id":"https:\/\/aztex.ee\/it\/#organization","name":"AZTEX","url":"https:\/\/aztex.ee\/it\/","logo":{"@type":"ImageObject","inLanguage":"it-IT","@id":"https:\/\/aztex.ee\/it\/#\/schema\/logo\/image\/","url":"https:\/\/aztex.ee\/wp-content\/uploads\/2026\/01\/AZTEX.png","contentUrl":"https:\/\/aztex.ee\/wp-content\/uploads\/2026\/01\/AZTEX.png","width":500,"height":500,"caption":"AZTEX"},"image":{"@id":"https:\/\/aztex.ee\/it\/#\/schema\/logo\/image\/"},"sameAs":["https:\/\/www.facebook.com\/AztexEE","https:\/\/www.instagram.com\/aztexeesti\/","https:\/\/www.youtube.com\/@AZTEXEE","https:\/\/www.pinterest.com\/aztex_eesti\/","https:\/\/www.tiktok.com\/@aztexeesti","https:\/\/www.trustpilot.com\/review\/aztex.ee","https:\/\/www.linkedin.com\/company\/aztex-ee\/","https:\/\/www.wikidata.org\/wiki\/Q137560182"]}]}},"_links":{"self":[{"href":"https:\/\/aztex.ee\/it\/wp-json\/wp\/v2\/product\/25107","targetHints":{"allow":["GET"]}}],"collection":[{"href":"https:\/\/aztex.ee\/it\/wp-json\/wp\/v2\/product"}],"about":[{"href":"https:\/\/aztex.ee\/it\/wp-json\/wp\/v2\/types\/product"}],"replies":[{"embeddable":true,"href":"https:\/\/aztex.ee\/it\/wp-json\/wp\/v2\/comments?post=25107"}],"version-history":[{"count":0,"href":"https:\/\/aztex.ee\/it\/wp-json\/wp\/v2\/product\/25107\/revisions"}],"wp:featuredmedia":[{"embeddable":true,"href":"https:\/\/aztex.ee\/it\/wp-json\/wp\/v2\/media\/25128"}],"wp:attachment":[{"href":"https:\/\/aztex.ee\/it\/wp-json\/wp\/v2\/media?parent=25107"}],"wp:term":[{"taxonomy":"product_brand","embeddable":true,"href":"https:\/\/aztex.ee\/it\/wp-json\/wp\/v2\/product_brand?post=25107"},{"taxonomy":"product_cat","embeddable":true,"href":"https:\/\/aztex.ee\/it\/wp-json\/wp\/v2\/product_cat?post=25107"},{"taxonomy":"product_tag","embeddable":true,"href":"https:\/\/aztex.ee\/it\/wp-json\/wp\/v2\/product_tag?post=25107"}],"curies":[{"name":"wp","href":"https:\/\/api.w.org\/{rel}","templated":true}]}}