{"id":21196,"date":"2024-09-15T09:12:32","date_gmt":"2024-09-15T09:12:32","guid":{"rendered":"https:\/\/aztex.ee\/?post_type=product&#038;p=21196"},"modified":"2025-05-13T15:40:33","modified_gmt":"2025-05-13T15:40:33","slug":"set-di-biancheria-in-canapa-rosa-chiaro","status":"publish","type":"product","link":"https:\/\/aztex.ee\/it\/pood\/biancheria-da-letto\/set-di-biancheria-in-canapa-rosa-chiaro\/","title":{"rendered":"Set di biancheria in canapa | Rosa chiaro"},"content":{"rendered":"<p>La biancheria da letto in canapa \u00e8 una scelta ecologica e durevole. \u00c8 composto dalle fibre naturali della pianta di canapa, che hanno vari benefici. Le fibre di canapa sono molto resistenti e durevoli, quindi i copripiumini in canapa durano pi\u00f9 a lungo della maggior parte degli altri tessuti e diventano pi\u00f9 morbidi e confortevoli ad ogni lavaggio.<\/p>\n<p>La canapa ha propriet\u00e0 antibatteriche naturali che rendono la biancheria da letto igienica e aiutano a ridurre la quantit\u00e0 di batteri e allergeni nella biancheria da letto. Questa biancheria da letto \u00e8 perfetta in caso di allergie o malattie della pelle e garantisce un sonno pi\u00f9 igienico. Poich\u00e9 la canapa \u00e8 considerata un materiale ipoallergenico, la biancheria da letto in canapa generalmente non provoca reazioni allergiche.<\/p>\n<p>-Il set di biancheria da letto in canapa \u00e8 facile da pulire, la canapa \u00e8 lavabile in lavatrice e si asciuga rapidamente.<br \/>\n-\u00c8 meglio lavare la biancheria da letto in canapa in acqua tiepida in modo che rimanga fresca e bella pi\u00f9 a lungo. La temperatura dell&#8217;acqua dovrebbe essere di 30-40 \u2103 gradi.<br \/>\n-Si consiglia di asciugare a bassa velocit\u00e0 per evitare che il tessuto si strappi.<br \/>\n-L&#8217;aspetto naturale della canapa \u00e8 leggermente rugoso. Tuttavia, se vuoi che le lenzuola siano lisce, puoi stirarle a fuoco basso.<\/p>\n<p>I set di biancheria da letto in canapa sono confezionati in un sacchetto dello stesso tessuto.<\/p>\n","protected":false},"excerpt":{"rendered":"<p>Il set di biancheria da letto in canapa al 100% \u00e8 ipoallergenico e antibatterico.<\/p>\n<p>Colore: Rosa chiaro<br \/>\nMateriale: 100% Canapa, 180 g\/m2<br \/>\nCopripiumino: 200\u00d7220 cm<br \/>\nFedera: 50\u00d770 cm (2 pezzi)<\/p>\n<p><img loading=\"lazy\" decoding=\"async\" class=\"alignnone size-full wp-image-20226\" src=\"https:\/\/aztex.ee\/wp-content\/uploads\/2024\/09\/oekotex100.png\" alt=\"\" width=\"204\" height=\"72\" srcset=\"https:\/\/aztex.ee\/wp-content\/uploads\/2024\/09\/oekotex100.png 204w, https:\/\/aztex.ee\/wp-content\/uploads\/2024\/09\/oekotex100-150x53.png 150w\" sizes=\"auto, (max-width: 204px) 100vw, 204px\" \/><img loading=\"lazy\" decoding=\"async\" class=\"alignnone wp-image-20896\" src=\"https:\/\/aztex.ee\/wp-content\/uploads\/2024\/09\/NATURALHEMP.png\" alt=\"\" width=\"79\" height=\"79\" srcset=\"https:\/\/aztex.ee\/wp-content\/uploads\/2024\/09\/NATURALHEMP.png 300w, https:\/\/aztex.ee\/wp-content\/uploads\/2024\/09\/NATURALHEMP-150x150.png 150w\" sizes=\"auto, (max-width: 79px) 100vw, 79px\" \/><\/p>\n","protected":false},"featured_media":21213,"comment_status":"open","ping_status":"closed","template":"","meta":[],"product_brand":[],"product_cat":[109,155,500,426],"product_tag":[],"class_list":{"0":"post-21196","1":"product","2":"type-product","3":"status-publish","4":"has-post-thumbnail","6":"product_cat-biancheria-da-letto","7":"product_cat-biancheria-da-letto-in-canapa","8":"product_cat-set-di-biancheria-da-letto","9":"product_cat-set-di-biancheria-da-letto-in-canapa","11":"first","12":"instock","13":"sale","14":"shipping-taxable","15":"purchasable","16":"product-type-simple"},"yoast_head":"<!-- This site is optimized with the Yoast SEO plugin v27.4 - https:\/\/yoast.com\/product\/yoast-seo-wordpress\/ -->\n<title>Set di biancheria in canapa | Rosa chiaro | AZTEX<\/title>\n<meta name=\"description\" content=\"La biancheria da letto in canapa \u00e8 una scelta ecologica e durevole. \u00c8 composto dalle fibre naturali della pianta di canapa, che hanno vari benefici...\" \/>\n<meta name=\"robots\" content=\"index, follow, max-snippet:-1, max-image-preview:large, max-video-preview:-1\" \/>\n<link rel=\"canonical\" href=\"https:\/\/aztex.ee\/it\/pood\/biancheria-da-letto\/set-di-biancheria-in-canapa-rosa-chiaro\/\" \/>\n<meta property=\"og:locale\" content=\"it_IT\" \/>\n<meta property=\"og:type\" content=\"article\" \/>\n<meta property=\"og:title\" content=\"Set di biancheria in canapa | Rosa chiaro | AZTEX\" \/>\n<meta property=\"og:description\" content=\"La biancheria da letto in canapa \u00e8 una scelta ecologica e durevole. \u00c8 composto dalle fibre naturali della pianta di canapa, che hanno vari benefici...\" \/>\n<meta property=\"og:url\" content=\"https:\/\/aztex.ee\/it\/pood\/biancheria-da-letto\/set-di-biancheria-in-canapa-rosa-chiaro\/\" \/>\n<meta property=\"og:site_name\" content=\"AZTEX\" \/>\n<meta property=\"article:publisher\" content=\"https:\/\/www.facebook.com\/AztexEE\" \/>\n<meta property=\"article:modified_time\" content=\"2025-05-13T15:40:33+00:00\" \/>\n<meta property=\"og:image\" content=\"https:\/\/aztex.ee\/wp-content\/uploads\/2024\/09\/Kanepist-voodipesu-12.jpg\" \/>\n\t<meta property=\"og:image:width\" content=\"800\" \/>\n\t<meta property=\"og:image:height\" content=\"800\" \/>\n\t<meta property=\"og:image:type\" content=\"image\/jpeg\" \/>\n<meta name=\"twitter:card\" content=\"summary_large_image\" \/>\n<meta name=\"twitter:label1\" content=\"Tempo di lettura stimato\" \/>\n\t<meta name=\"twitter:data1\" content=\"2 minuti\" \/>\n<script type=\"application\/ld+json\" class=\"yoast-schema-graph\">{\"@context\":\"https:\\\/\\\/schema.org\",\"@graph\":[{\"@type\":[\"WebPage\",\"ItemPage\"],\"@id\":\"https:\\\/\\\/aztex.ee\\\/it\\\/pood\\\/biancheria-da-letto\\\/set-di-biancheria-in-canapa-rosa-chiaro\\\/\",\"url\":\"https:\\\/\\\/aztex.ee\\\/it\\\/pood\\\/biancheria-da-letto\\\/set-di-biancheria-in-canapa-rosa-chiaro\\\/\",\"name\":\"Set di biancheria in canapa | Rosa chiaro | AZTEX\",\"isPartOf\":{\"@id\":\"https:\\\/\\\/aztex.ee\\\/it\\\/#website\"},\"primaryImageOfPage\":{\"@id\":\"https:\\\/\\\/aztex.ee\\\/it\\\/pood\\\/biancheria-da-letto\\\/set-di-biancheria-in-canapa-rosa-chiaro\\\/#primaryimage\"},\"image\":{\"@id\":\"https:\\\/\\\/aztex.ee\\\/it\\\/pood\\\/biancheria-da-letto\\\/set-di-biancheria-in-canapa-rosa-chiaro\\\/#primaryimage\"},\"thumbnailUrl\":\"https:\\\/\\\/aztex.ee\\\/wp-content\\\/uploads\\\/2024\\\/09\\\/Kanepist-voodipesu-12.jpg\",\"datePublished\":\"2024-09-15T09:12:32+00:00\",\"dateModified\":\"2025-05-13T15:40:33+00:00\",\"description\":\"La biancheria da letto in canapa \u00e8 una scelta ecologica e durevole. \u00c8 composto dalle fibre naturali della pianta di canapa, che hanno vari benefici...\",\"breadcrumb\":{\"@id\":\"https:\\\/\\\/aztex.ee\\\/it\\\/pood\\\/biancheria-da-letto\\\/set-di-biancheria-in-canapa-rosa-chiaro\\\/#breadcrumb\"},\"inLanguage\":\"it-IT\",\"potentialAction\":[{\"@type\":\"ReadAction\",\"target\":[\"https:\\\/\\\/aztex.ee\\\/it\\\/pood\\\/biancheria-da-letto\\\/set-di-biancheria-in-canapa-rosa-chiaro\\\/\"]}]},{\"@type\":\"ImageObject\",\"inLanguage\":\"it-IT\",\"@id\":\"https:\\\/\\\/aztex.ee\\\/it\\\/pood\\\/biancheria-da-letto\\\/set-di-biancheria-in-canapa-rosa-chiaro\\\/#primaryimage\",\"url\":\"https:\\\/\\\/aztex.ee\\\/wp-content\\\/uploads\\\/2024\\\/09\\\/Kanepist-voodipesu-12.jpg\",\"contentUrl\":\"https:\\\/\\\/aztex.ee\\\/wp-content\\\/uploads\\\/2024\\\/09\\\/Kanepist-voodipesu-12.jpg\",\"width\":800,\"height\":800,\"caption\":\"Kanepist voodilina\"},{\"@type\":\"BreadcrumbList\",\"@id\":\"https:\\\/\\\/aztex.ee\\\/it\\\/pood\\\/biancheria-da-letto\\\/set-di-biancheria-in-canapa-rosa-chiaro\\\/#breadcrumb\",\"itemListElement\":[{\"@type\":\"ListItem\",\"position\":1,\"name\":\"Pagina Iniziale\",\"item\":\"https:\\\/\\\/aztex.ee\\\/it\\\/\"},{\"@type\":\"ListItem\",\"position\":2,\"name\":\"Negozio\",\"item\":\"https:\\\/\\\/aztex.ee\\\/it\\\/negozio\\\/\"},{\"@type\":\"ListItem\",\"position\":3,\"name\":\"Set di biancheria in canapa | Rosa chiaro\"}]},{\"@type\":\"WebSite\",\"@id\":\"https:\\\/\\\/aztex.ee\\\/it\\\/#website\",\"url\":\"https:\\\/\\\/aztex.ee\\\/it\\\/\",\"name\":\"AZTEX\",\"description\":\"\",\"publisher\":{\"@id\":\"https:\\\/\\\/aztex.ee\\\/it\\\/#organization\"},\"potentialAction\":[{\"@type\":\"SearchAction\",\"target\":{\"@type\":\"EntryPoint\",\"urlTemplate\":\"https:\\\/\\\/aztex.ee\\\/it\\\/?s={search_term_string}\"},\"query-input\":{\"@type\":\"PropertyValueSpecification\",\"valueRequired\":true,\"valueName\":\"search_term_string\"}}],\"inLanguage\":\"it-IT\"},{\"@type\":\"Organization\",\"@id\":\"https:\\\/\\\/aztex.ee\\\/it\\\/#organization\",\"name\":\"AZTEX\",\"url\":\"https:\\\/\\\/aztex.ee\\\/it\\\/\",\"logo\":{\"@type\":\"ImageObject\",\"inLanguage\":\"it-IT\",\"@id\":\"https:\\\/\\\/aztex.ee\\\/it\\\/#\\\/schema\\\/logo\\\/image\\\/\",\"url\":\"https:\\\/\\\/aztex.ee\\\/wp-content\\\/uploads\\\/2026\\\/01\\\/AZTEX.png\",\"contentUrl\":\"https:\\\/\\\/aztex.ee\\\/wp-content\\\/uploads\\\/2026\\\/01\\\/AZTEX.png\",\"width\":500,\"height\":500,\"caption\":\"AZTEX\"},\"image\":{\"@id\":\"https:\\\/\\\/aztex.ee\\\/it\\\/#\\\/schema\\\/logo\\\/image\\\/\"},\"sameAs\":[\"https:\\\/\\\/www.facebook.com\\\/AztexEE\",\"https:\\\/\\\/www.instagram.com\\\/aztexeesti\\\/\",\"https:\\\/\\\/www.youtube.com\\\/@AZTEXEE\",\"https:\\\/\\\/www.pinterest.com\\\/aztex_eesti\\\/\",\"https:\\\/\\\/www.tiktok.com\\\/@aztexeesti\",\"https:\\\/\\\/www.trustpilot.com\\\/review\\\/aztex.ee\",\"https:\\\/\\\/www.linkedin.com\\\/company\\\/aztex-ee\\\/\",\"https:\\\/\\\/www.wikidata.org\\\/wiki\\\/Q137560182\"]}]}<\/script>\n<!-- \/ Yoast SEO plugin. -->","yoast_head_json":{"title":"Set di biancheria in canapa | Rosa chiaro | AZTEX","description":"La biancheria da letto in canapa \u00e8 una scelta ecologica e durevole. \u00c8 composto dalle fibre naturali della pianta di canapa, che hanno vari benefici...","robots":{"index":"index","follow":"follow","max-snippet":"max-snippet:-1","max-image-preview":"max-image-preview:large","max-video-preview":"max-video-preview:-1"},"canonical":"https:\/\/aztex.ee\/it\/pood\/biancheria-da-letto\/set-di-biancheria-in-canapa-rosa-chiaro\/","og_locale":"it_IT","og_type":"article","og_title":"Set di biancheria in canapa | Rosa chiaro | AZTEX","og_description":"La biancheria da letto in canapa \u00e8 una scelta ecologica e durevole. \u00c8 composto dalle fibre naturali della pianta di canapa, che hanno vari benefici...","og_url":"https:\/\/aztex.ee\/it\/pood\/biancheria-da-letto\/set-di-biancheria-in-canapa-rosa-chiaro\/","og_site_name":"AZTEX","article_publisher":"https:\/\/www.facebook.com\/AztexEE","article_modified_time":"2025-05-13T15:40:33+00:00","og_image":[{"width":800,"height":800,"url":"https:\/\/aztex.ee\/wp-content\/uploads\/2024\/09\/Kanepist-voodipesu-12.jpg","type":"image\/jpeg"}],"twitter_card":"summary_large_image","twitter_misc":{"Tempo di lettura stimato":"2 minuti"},"schema":{"@context":"https:\/\/schema.org","@graph":[{"@type":["WebPage","ItemPage"],"@id":"https:\/\/aztex.ee\/it\/pood\/biancheria-da-letto\/set-di-biancheria-in-canapa-rosa-chiaro\/","url":"https:\/\/aztex.ee\/it\/pood\/biancheria-da-letto\/set-di-biancheria-in-canapa-rosa-chiaro\/","name":"Set di biancheria in canapa | Rosa chiaro | AZTEX","isPartOf":{"@id":"https:\/\/aztex.ee\/it\/#website"},"primaryImageOfPage":{"@id":"https:\/\/aztex.ee\/it\/pood\/biancheria-da-letto\/set-di-biancheria-in-canapa-rosa-chiaro\/#primaryimage"},"image":{"@id":"https:\/\/aztex.ee\/it\/pood\/biancheria-da-letto\/set-di-biancheria-in-canapa-rosa-chiaro\/#primaryimage"},"thumbnailUrl":"https:\/\/aztex.ee\/wp-content\/uploads\/2024\/09\/Kanepist-voodipesu-12.jpg","datePublished":"2024-09-15T09:12:32+00:00","dateModified":"2025-05-13T15:40:33+00:00","description":"La biancheria da letto in canapa \u00e8 una scelta ecologica e durevole. \u00c8 composto dalle fibre naturali della pianta di canapa, che hanno vari benefici...","breadcrumb":{"@id":"https:\/\/aztex.ee\/it\/pood\/biancheria-da-letto\/set-di-biancheria-in-canapa-rosa-chiaro\/#breadcrumb"},"inLanguage":"it-IT","potentialAction":[{"@type":"ReadAction","target":["https:\/\/aztex.ee\/it\/pood\/biancheria-da-letto\/set-di-biancheria-in-canapa-rosa-chiaro\/"]}]},{"@type":"ImageObject","inLanguage":"it-IT","@id":"https:\/\/aztex.ee\/it\/pood\/biancheria-da-letto\/set-di-biancheria-in-canapa-rosa-chiaro\/#primaryimage","url":"https:\/\/aztex.ee\/wp-content\/uploads\/2024\/09\/Kanepist-voodipesu-12.jpg","contentUrl":"https:\/\/aztex.ee\/wp-content\/uploads\/2024\/09\/Kanepist-voodipesu-12.jpg","width":800,"height":800,"caption":"Kanepist voodilina"},{"@type":"BreadcrumbList","@id":"https:\/\/aztex.ee\/it\/pood\/biancheria-da-letto\/set-di-biancheria-in-canapa-rosa-chiaro\/#breadcrumb","itemListElement":[{"@type":"ListItem","position":1,"name":"Pagina Iniziale","item":"https:\/\/aztex.ee\/it\/"},{"@type":"ListItem","position":2,"name":"Negozio","item":"https:\/\/aztex.ee\/it\/negozio\/"},{"@type":"ListItem","position":3,"name":"Set di biancheria in canapa | Rosa chiaro"}]},{"@type":"WebSite","@id":"https:\/\/aztex.ee\/it\/#website","url":"https:\/\/aztex.ee\/it\/","name":"AZTEX","description":"","publisher":{"@id":"https:\/\/aztex.ee\/it\/#organization"},"potentialAction":[{"@type":"SearchAction","target":{"@type":"EntryPoint","urlTemplate":"https:\/\/aztex.ee\/it\/?s={search_term_string}"},"query-input":{"@type":"PropertyValueSpecification","valueRequired":true,"valueName":"search_term_string"}}],"inLanguage":"it-IT"},{"@type":"Organization","@id":"https:\/\/aztex.ee\/it\/#organization","name":"AZTEX","url":"https:\/\/aztex.ee\/it\/","logo":{"@type":"ImageObject","inLanguage":"it-IT","@id":"https:\/\/aztex.ee\/it\/#\/schema\/logo\/image\/","url":"https:\/\/aztex.ee\/wp-content\/uploads\/2026\/01\/AZTEX.png","contentUrl":"https:\/\/aztex.ee\/wp-content\/uploads\/2026\/01\/AZTEX.png","width":500,"height":500,"caption":"AZTEX"},"image":{"@id":"https:\/\/aztex.ee\/it\/#\/schema\/logo\/image\/"},"sameAs":["https:\/\/www.facebook.com\/AztexEE","https:\/\/www.instagram.com\/aztexeesti\/","https:\/\/www.youtube.com\/@AZTEXEE","https:\/\/www.pinterest.com\/aztex_eesti\/","https:\/\/www.tiktok.com\/@aztexeesti","https:\/\/www.trustpilot.com\/review\/aztex.ee","https:\/\/www.linkedin.com\/company\/aztex-ee\/","https:\/\/www.wikidata.org\/wiki\/Q137560182"]}]}},"_links":{"self":[{"href":"https:\/\/aztex.ee\/it\/wp-json\/wp\/v2\/product\/21196","targetHints":{"allow":["GET"]}}],"collection":[{"href":"https:\/\/aztex.ee\/it\/wp-json\/wp\/v2\/product"}],"about":[{"href":"https:\/\/aztex.ee\/it\/wp-json\/wp\/v2\/types\/product"}],"replies":[{"embeddable":true,"href":"https:\/\/aztex.ee\/it\/wp-json\/wp\/v2\/comments?post=21196"}],"version-history":[{"count":0,"href":"https:\/\/aztex.ee\/it\/wp-json\/wp\/v2\/product\/21196\/revisions"}],"wp:featuredmedia":[{"embeddable":true,"href":"https:\/\/aztex.ee\/it\/wp-json\/wp\/v2\/media\/21213"}],"wp:attachment":[{"href":"https:\/\/aztex.ee\/it\/wp-json\/wp\/v2\/media?parent=21196"}],"wp:term":[{"taxonomy":"product_brand","embeddable":true,"href":"https:\/\/aztex.ee\/it\/wp-json\/wp\/v2\/product_brand?post=21196"},{"taxonomy":"product_cat","embeddable":true,"href":"https:\/\/aztex.ee\/it\/wp-json\/wp\/v2\/product_cat?post=21196"},{"taxonomy":"product_tag","embeddable":true,"href":"https:\/\/aztex.ee\/it\/wp-json\/wp\/v2\/product_tag?post=21196"}],"curies":[{"name":"wp","href":"https:\/\/api.w.org\/{rel}","templated":true}]}}