{"id":103507,"date":"2026-02-17T16:48:25","date_gmt":"2026-02-17T16:48:25","guid":{"rendered":"https:\/\/aztex.ee\/?post_type=product&#038;p=103507"},"modified":"2026-02-17T17:28:30","modified_gmt":"2026-02-17T17:28:30","slug":"lenzuolo-di-lino-ghiaccio-azzurro","status":"publish","type":"product","link":"https:\/\/aztex.ee\/it\/pood\/lenzuola\/lenzuolo-di-lino-ghiaccio-azzurro\/","title":{"rendered":"Lenzuolo di lino | Ghiaccio azzurro"},"content":{"rendered":"<p><strong>Lenzuolo di lino \u2013 comfort naturale<\/strong><\/p>\n<p><strong>Lino francese 100% naturale<\/strong><\/p>\n<p>Il lenzuolo di lino \u00e8 realizzato in tessuto di lino accuratamente selezionato, caratterizzato da una struttura robusta e durevole, pur essendo morbido e piacevole sulla pelle. Il lino francese \u00e8 apprezzato per la sua eccezionale qualit\u00e0 e la lunga durata: ogni fibra mantiene la sua resistenza anche dopo ripetuti lavaggi e il lenzuolo rimane bello per molti anni. Il lenzuolo di lino \u00e8 naturale e delicato sulla pelle, permettendoti di godere di un sonno confortevole e tranquillo ogni notte. Grazie al materiale traspirante, il lino regola la temperatura corporea e permette alla pelle di respirare liberamente, rendendolo la scelta ideale per chi soffre di allergie. Questo lenzuolo unisce praticit\u00e0, durevolezza a lungo termine e una sensazione di lusso, che rende ogni notte speciale.<\/p>\n<p><strong>Freschezza naturale e sonno riequilibrato<\/strong><\/p>\n<p>Il principale vantaggio del lenzuolo di lino \u00e8 la sua naturale capacit\u00e0 di regolare sia la temperatura corporea che l&#8217;umidit\u00e0. Nelle notti pi\u00f9 calde, il lino mantiene il corpo pi\u00f9 fresco, mentre nelle giornate pi\u00f9 fresche mantiene un piacevole calore, offrendo un ambiente di sonno equilibrato e tranquillo. Grazie all&#8217;eccellente assorbimento dell&#8217;umidit\u00e0 e alla rapida asciugatura, il lenzuolo rimane fresco, asciutto e confortevole per tutta la notte. Il lino riduce la sudorazione e l&#8217;accumulo eccessivo di umidit\u00e0, mantenendo il letto piacevolmente fresco. Questa \u00e8 la soluzione ideale per chi apprezza la qualit\u00e0 del sonno e desidera svegliarsi riposati al mattino.<\/p>\n<p><strong>Pi\u00f9 morbido e pi\u00f9 bello nel tempo<\/strong><\/p>\n<p>Il lino, inizialmente robusto e strutturato, diventa pi\u00f9 morbido a ogni lavaggio, senza perdere la sua resistenza. Le fibre mantengono la loro forma e struttura, ma col tempo acquisiscono un aspetto naturale, leggermente vivace, che aggiunge profondit\u00e0 e intimit\u00e0 al letto. Il lino non perde il suo valore: ogni utilizzo e lavaggio rende questo lenzuolo ancora pi\u00f9 piacevole e confortevole. Grazie a questo, il lenzuolo rimane bello, comodo e affidabile nel corso degli anni, offrendo sia praticit\u00e0 che piacere estetico.<\/p>\n<p><strong>Adatto a qualsiasi interno<\/strong><\/p>\n<p>La texture naturale del tessuto di lino e la gamma di tonalit\u00e0 tenui rendono la biancheria da letto adatta a qualsiasi camera da letto, moderna, minimalista o classica. La gamma di colori tenui aggiunge morbidezza ed equilibrio alla stanza senza sovrastarla. Le lenzuola in lino si abbinano perfettamente a diversi set di biancheria da letto e agli elementi d&#8217;arredo, creando un effetto completo e armonioso. Grazie alla combinazione di un design senza tempo e di tonalit\u00e0 naturali, questa biancheria da letto \u00e8 un investimento che non passa mai di moda e completa la stanza in qualsiasi momento.<\/p>\n<p><strong>Facile da pulire e di lunga durata<\/strong><\/p>\n<p>Le lenzuola in lino resistono a lavaggi frequenti. Il tessuto \u00e8 lavabile in lavatrice, si asciuga rapidamente e non necessita di stiratura: la naturale stropicciatura fa parte della natura del lino e gli conferisce un aspetto unico e autentico. Grazie alle fibre resistenti, il lino mantiene forma, colore e qualit\u00e0 a lungo, garantendo un valore solido e duraturo. Questo rende le lenzuola in lino una scelta pratica, comoda ed elegante per qualsiasi camera da letto, che unisce resistenza, una sensazione di lusso e comfort quotidiano.<\/p>\n","protected":false},"excerpt":{"rendered":"<p>Lenzuolo di lino delicato sulla pelle grazie alle fibre 100% naturali.<\/p>\n<ul>\n<li>Colore: Ghiaccio azzurro<\/li>\n<li>Materiale: 100% Lino, 160 g\/m2<\/li>\n<li>Dimensione: 220\u00d7240 cm<\/li>\n<\/ul>\n<p><img loading=\"lazy\" decoding=\"async\" class=\"alignnone wp-image-20226\" src=\"https:\/\/aztex.ee\/wp-content\/uploads\/2024\/09\/oekotex100.png\" alt=\"\" width=\"113\" height=\"40\" srcset=\"https:\/\/aztex.ee\/wp-content\/uploads\/2024\/09\/oekotex100.png 204w, https:\/\/aztex.ee\/wp-content\/uploads\/2024\/09\/oekotex100-150x53.png 150w\" sizes=\"auto, (max-width: 113px) 100vw, 113px\" \/><img loading=\"lazy\" decoding=\"async\" class=\"alignnone wp-image-100270\" src=\"https:\/\/aztex.ee\/wp-content\/uploads\/2026\/01\/europeanflaxaztex.png\" alt=\"\" width=\"182\" height=\"40\" srcset=\"https:\/\/aztex.ee\/wp-content\/uploads\/2026\/01\/europeanflaxaztex.png 352w, https:\/\/aztex.ee\/wp-content\/uploads\/2026\/01\/europeanflaxaztex-150x33.png 150w\" sizes=\"auto, (max-width: 182px) 100vw, 182px\" \/><\/p>\n","protected":false},"featured_media":103528,"comment_status":"open","ping_status":"closed","template":"","meta":[],"product_brand":[],"product_cat":[1800,6768],"product_tag":[],"class_list":{"0":"post-103507","1":"product","2":"type-product","3":"status-publish","4":"has-post-thumbnail","6":"product_cat-lenzuola","7":"product_cat-lenzuola-di-lino","9":"first","10":"instock","11":"sale","12":"shipping-taxable","13":"purchasable","14":"product-type-simple"},"yoast_head":"<!-- This site is optimized with the Yoast SEO plugin v27.3 - https:\/\/yoast.com\/product\/yoast-seo-wordpress\/ -->\n<title>Lenzuolo in lino elegante \u2013 Ghiaccio azzurro | AZTEX<\/title>\n<meta name=\"description\" content=\"Lenzuolo in lino 100% elegante, realizzato in lino europeo biologico. Naturalmente traspirante e assorbente, offre un comfort equilibrato tutto l\u2019anno.\" \/>\n<meta name=\"robots\" content=\"index, follow, max-snippet:-1, max-image-preview:large, max-video-preview:-1\" \/>\n<link rel=\"canonical\" href=\"https:\/\/aztex.ee\/it\/pood\/lenzuola\/lenzuolo-di-lino-ghiaccio-azzurro\/\" \/>\n<meta property=\"og:locale\" content=\"it_IT\" \/>\n<meta property=\"og:type\" content=\"article\" \/>\n<meta property=\"og:title\" content=\"Lenzuolo in lino elegante \u2013 Ghiaccio azzurro | AZTEX\" \/>\n<meta property=\"og:description\" content=\"Lenzuolo in lino 100% elegante, realizzato in lino europeo biologico. Naturalmente traspirante e assorbente, offre un comfort equilibrato tutto l\u2019anno.\" \/>\n<meta property=\"og:url\" content=\"https:\/\/aztex.ee\/it\/pood\/lenzuola\/lenzuolo-di-lino-ghiaccio-azzurro\/\" \/>\n<meta property=\"og:site_name\" content=\"AZTEX\" \/>\n<meta property=\"article:publisher\" content=\"https:\/\/www.facebook.com\/AztexEE\" \/>\n<meta property=\"article:modified_time\" content=\"2026-02-17T17:28:30+00:00\" \/>\n<meta property=\"og:image\" content=\"https:\/\/aztex.ee\/wp-content\/uploads\/2026\/02\/Linane-voodilina-Jaasinine.jpg\" \/>\n\t<meta property=\"og:image:width\" content=\"800\" \/>\n\t<meta property=\"og:image:height\" content=\"800\" \/>\n\t<meta property=\"og:image:type\" content=\"image\/jpeg\" \/>\n<meta name=\"twitter:card\" content=\"summary_large_image\" \/>\n<meta name=\"twitter:label1\" content=\"Tempo di lettura stimato\" \/>\n\t<meta name=\"twitter:data1\" content=\"4 minuti\" \/>\n<script type=\"application\/ld+json\" class=\"yoast-schema-graph\">{\"@context\":\"https:\\\/\\\/schema.org\",\"@graph\":[{\"@type\":[\"WebPage\",\"ItemPage\"],\"@id\":\"https:\\\/\\\/aztex.ee\\\/it\\\/pood\\\/lenzuola\\\/lenzuolo-di-lino-ghiaccio-azzurro\\\/\",\"url\":\"https:\\\/\\\/aztex.ee\\\/it\\\/pood\\\/lenzuola\\\/lenzuolo-di-lino-ghiaccio-azzurro\\\/\",\"name\":\"Lenzuolo in lino elegante \u2013 Ghiaccio azzurro | AZTEX\",\"isPartOf\":{\"@id\":\"https:\\\/\\\/aztex.ee\\\/it\\\/#website\"},\"primaryImageOfPage\":{\"@id\":\"https:\\\/\\\/aztex.ee\\\/it\\\/pood\\\/lenzuola\\\/lenzuolo-di-lino-ghiaccio-azzurro\\\/#primaryimage\"},\"image\":{\"@id\":\"https:\\\/\\\/aztex.ee\\\/it\\\/pood\\\/lenzuola\\\/lenzuolo-di-lino-ghiaccio-azzurro\\\/#primaryimage\"},\"thumbnailUrl\":\"https:\\\/\\\/aztex.ee\\\/wp-content\\\/uploads\\\/2026\\\/02\\\/Linane-voodilina-Jaasinine.jpg\",\"datePublished\":\"2026-02-17T16:48:25+00:00\",\"dateModified\":\"2026-02-17T17:28:30+00:00\",\"description\":\"Lenzuolo in lino 100% elegante, realizzato in lino europeo biologico. Naturalmente traspirante e assorbente, offre un comfort equilibrato tutto l\u2019anno.\",\"breadcrumb\":{\"@id\":\"https:\\\/\\\/aztex.ee\\\/it\\\/pood\\\/lenzuola\\\/lenzuolo-di-lino-ghiaccio-azzurro\\\/#breadcrumb\"},\"inLanguage\":\"it-IT\",\"potentialAction\":[{\"@type\":\"ReadAction\",\"target\":[\"https:\\\/\\\/aztex.ee\\\/it\\\/pood\\\/lenzuola\\\/lenzuolo-di-lino-ghiaccio-azzurro\\\/\"]}]},{\"@type\":\"ImageObject\",\"inLanguage\":\"it-IT\",\"@id\":\"https:\\\/\\\/aztex.ee\\\/it\\\/pood\\\/lenzuola\\\/lenzuolo-di-lino-ghiaccio-azzurro\\\/#primaryimage\",\"url\":\"https:\\\/\\\/aztex.ee\\\/wp-content\\\/uploads\\\/2026\\\/02\\\/Linane-voodilina-Jaasinine.jpg\",\"contentUrl\":\"https:\\\/\\\/aztex.ee\\\/wp-content\\\/uploads\\\/2026\\\/02\\\/Linane-voodilina-Jaasinine.jpg\",\"width\":800,\"height\":800,\"caption\":\"Linane voodilina J\u00e4\u00e4sinine\"},{\"@type\":\"BreadcrumbList\",\"@id\":\"https:\\\/\\\/aztex.ee\\\/it\\\/pood\\\/lenzuola\\\/lenzuolo-di-lino-ghiaccio-azzurro\\\/#breadcrumb\",\"itemListElement\":[{\"@type\":\"ListItem\",\"position\":1,\"name\":\"Pagina Iniziale\",\"item\":\"https:\\\/\\\/aztex.ee\\\/it\\\/\"},{\"@type\":\"ListItem\",\"position\":2,\"name\":\"Negozio\",\"item\":\"https:\\\/\\\/aztex.ee\\\/it\\\/negozio\\\/\"},{\"@type\":\"ListItem\",\"position\":3,\"name\":\"Lenzuolo di lino | Ghiaccio azzurro\"}]},{\"@type\":\"WebSite\",\"@id\":\"https:\\\/\\\/aztex.ee\\\/it\\\/#website\",\"url\":\"https:\\\/\\\/aztex.ee\\\/it\\\/\",\"name\":\"AZTEX\",\"description\":\"\",\"publisher\":{\"@id\":\"https:\\\/\\\/aztex.ee\\\/it\\\/#organization\"},\"potentialAction\":[{\"@type\":\"SearchAction\",\"target\":{\"@type\":\"EntryPoint\",\"urlTemplate\":\"https:\\\/\\\/aztex.ee\\\/it\\\/?s={search_term_string}\"},\"query-input\":{\"@type\":\"PropertyValueSpecification\",\"valueRequired\":true,\"valueName\":\"search_term_string\"}}],\"inLanguage\":\"it-IT\"},{\"@type\":\"Organization\",\"@id\":\"https:\\\/\\\/aztex.ee\\\/it\\\/#organization\",\"name\":\"AZTEX\",\"url\":\"https:\\\/\\\/aztex.ee\\\/it\\\/\",\"logo\":{\"@type\":\"ImageObject\",\"inLanguage\":\"it-IT\",\"@id\":\"https:\\\/\\\/aztex.ee\\\/it\\\/#\\\/schema\\\/logo\\\/image\\\/\",\"url\":\"https:\\\/\\\/aztex.ee\\\/wp-content\\\/uploads\\\/2026\\\/01\\\/AZTEX.png\",\"contentUrl\":\"https:\\\/\\\/aztex.ee\\\/wp-content\\\/uploads\\\/2026\\\/01\\\/AZTEX.png\",\"width\":500,\"height\":500,\"caption\":\"AZTEX\"},\"image\":{\"@id\":\"https:\\\/\\\/aztex.ee\\\/it\\\/#\\\/schema\\\/logo\\\/image\\\/\"},\"sameAs\":[\"https:\\\/\\\/www.facebook.com\\\/AztexEE\",\"https:\\\/\\\/www.instagram.com\\\/aztexeesti\\\/\",\"https:\\\/\\\/www.youtube.com\\\/@AZTEXEE\",\"https:\\\/\\\/www.pinterest.com\\\/aztex_eesti\\\/\",\"https:\\\/\\\/www.tiktok.com\\\/@aztexeesti\",\"https:\\\/\\\/www.trustpilot.com\\\/review\\\/aztex.ee\",\"https:\\\/\\\/www.linkedin.com\\\/company\\\/aztex-ee\\\/\",\"https:\\\/\\\/www.wikidata.org\\\/wiki\\\/Q137560182\"]}]}<\/script>\n<!-- \/ Yoast SEO plugin. -->","yoast_head_json":{"title":"Lenzuolo in lino elegante \u2013 Ghiaccio azzurro | AZTEX","description":"Lenzuolo in lino 100% elegante, realizzato in lino europeo biologico. Naturalmente traspirante e assorbente, offre un comfort equilibrato tutto l\u2019anno.","robots":{"index":"index","follow":"follow","max-snippet":"max-snippet:-1","max-image-preview":"max-image-preview:large","max-video-preview":"max-video-preview:-1"},"canonical":"https:\/\/aztex.ee\/it\/pood\/lenzuola\/lenzuolo-di-lino-ghiaccio-azzurro\/","og_locale":"it_IT","og_type":"article","og_title":"Lenzuolo in lino elegante \u2013 Ghiaccio azzurro | AZTEX","og_description":"Lenzuolo in lino 100% elegante, realizzato in lino europeo biologico. Naturalmente traspirante e assorbente, offre un comfort equilibrato tutto l\u2019anno.","og_url":"https:\/\/aztex.ee\/it\/pood\/lenzuola\/lenzuolo-di-lino-ghiaccio-azzurro\/","og_site_name":"AZTEX","article_publisher":"https:\/\/www.facebook.com\/AztexEE","article_modified_time":"2026-02-17T17:28:30+00:00","og_image":[{"width":800,"height":800,"url":"https:\/\/aztex.ee\/wp-content\/uploads\/2026\/02\/Linane-voodilina-Jaasinine.jpg","type":"image\/jpeg"}],"twitter_card":"summary_large_image","twitter_misc":{"Tempo di lettura stimato":"4 minuti"},"schema":{"@context":"https:\/\/schema.org","@graph":[{"@type":["WebPage","ItemPage"],"@id":"https:\/\/aztex.ee\/it\/pood\/lenzuola\/lenzuolo-di-lino-ghiaccio-azzurro\/","url":"https:\/\/aztex.ee\/it\/pood\/lenzuola\/lenzuolo-di-lino-ghiaccio-azzurro\/","name":"Lenzuolo in lino elegante \u2013 Ghiaccio azzurro | AZTEX","isPartOf":{"@id":"https:\/\/aztex.ee\/it\/#website"},"primaryImageOfPage":{"@id":"https:\/\/aztex.ee\/it\/pood\/lenzuola\/lenzuolo-di-lino-ghiaccio-azzurro\/#primaryimage"},"image":{"@id":"https:\/\/aztex.ee\/it\/pood\/lenzuola\/lenzuolo-di-lino-ghiaccio-azzurro\/#primaryimage"},"thumbnailUrl":"https:\/\/aztex.ee\/wp-content\/uploads\/2026\/02\/Linane-voodilina-Jaasinine.jpg","datePublished":"2026-02-17T16:48:25+00:00","dateModified":"2026-02-17T17:28:30+00:00","description":"Lenzuolo in lino 100% elegante, realizzato in lino europeo biologico. Naturalmente traspirante e assorbente, offre un comfort equilibrato tutto l\u2019anno.","breadcrumb":{"@id":"https:\/\/aztex.ee\/it\/pood\/lenzuola\/lenzuolo-di-lino-ghiaccio-azzurro\/#breadcrumb"},"inLanguage":"it-IT","potentialAction":[{"@type":"ReadAction","target":["https:\/\/aztex.ee\/it\/pood\/lenzuola\/lenzuolo-di-lino-ghiaccio-azzurro\/"]}]},{"@type":"ImageObject","inLanguage":"it-IT","@id":"https:\/\/aztex.ee\/it\/pood\/lenzuola\/lenzuolo-di-lino-ghiaccio-azzurro\/#primaryimage","url":"https:\/\/aztex.ee\/wp-content\/uploads\/2026\/02\/Linane-voodilina-Jaasinine.jpg","contentUrl":"https:\/\/aztex.ee\/wp-content\/uploads\/2026\/02\/Linane-voodilina-Jaasinine.jpg","width":800,"height":800,"caption":"Linane voodilina J\u00e4\u00e4sinine"},{"@type":"BreadcrumbList","@id":"https:\/\/aztex.ee\/it\/pood\/lenzuola\/lenzuolo-di-lino-ghiaccio-azzurro\/#breadcrumb","itemListElement":[{"@type":"ListItem","position":1,"name":"Pagina Iniziale","item":"https:\/\/aztex.ee\/it\/"},{"@type":"ListItem","position":2,"name":"Negozio","item":"https:\/\/aztex.ee\/it\/negozio\/"},{"@type":"ListItem","position":3,"name":"Lenzuolo di lino | Ghiaccio azzurro"}]},{"@type":"WebSite","@id":"https:\/\/aztex.ee\/it\/#website","url":"https:\/\/aztex.ee\/it\/","name":"AZTEX","description":"","publisher":{"@id":"https:\/\/aztex.ee\/it\/#organization"},"potentialAction":[{"@type":"SearchAction","target":{"@type":"EntryPoint","urlTemplate":"https:\/\/aztex.ee\/it\/?s={search_term_string}"},"query-input":{"@type":"PropertyValueSpecification","valueRequired":true,"valueName":"search_term_string"}}],"inLanguage":"it-IT"},{"@type":"Organization","@id":"https:\/\/aztex.ee\/it\/#organization","name":"AZTEX","url":"https:\/\/aztex.ee\/it\/","logo":{"@type":"ImageObject","inLanguage":"it-IT","@id":"https:\/\/aztex.ee\/it\/#\/schema\/logo\/image\/","url":"https:\/\/aztex.ee\/wp-content\/uploads\/2026\/01\/AZTEX.png","contentUrl":"https:\/\/aztex.ee\/wp-content\/uploads\/2026\/01\/AZTEX.png","width":500,"height":500,"caption":"AZTEX"},"image":{"@id":"https:\/\/aztex.ee\/it\/#\/schema\/logo\/image\/"},"sameAs":["https:\/\/www.facebook.com\/AztexEE","https:\/\/www.instagram.com\/aztexeesti\/","https:\/\/www.youtube.com\/@AZTEXEE","https:\/\/www.pinterest.com\/aztex_eesti\/","https:\/\/www.tiktok.com\/@aztexeesti","https:\/\/www.trustpilot.com\/review\/aztex.ee","https:\/\/www.linkedin.com\/company\/aztex-ee\/","https:\/\/www.wikidata.org\/wiki\/Q137560182"]}]}},"_links":{"self":[{"href":"https:\/\/aztex.ee\/it\/wp-json\/wp\/v2\/product\/103507","targetHints":{"allow":["GET"]}}],"collection":[{"href":"https:\/\/aztex.ee\/it\/wp-json\/wp\/v2\/product"}],"about":[{"href":"https:\/\/aztex.ee\/it\/wp-json\/wp\/v2\/types\/product"}],"replies":[{"embeddable":true,"href":"https:\/\/aztex.ee\/it\/wp-json\/wp\/v2\/comments?post=103507"}],"version-history":[{"count":2,"href":"https:\/\/aztex.ee\/it\/wp-json\/wp\/v2\/product\/103507\/revisions"}],"predecessor-version":[{"id":103605,"href":"https:\/\/aztex.ee\/it\/wp-json\/wp\/v2\/product\/103507\/revisions\/103605"}],"wp:featuredmedia":[{"embeddable":true,"href":"https:\/\/aztex.ee\/it\/wp-json\/wp\/v2\/media\/103528"}],"wp:attachment":[{"href":"https:\/\/aztex.ee\/it\/wp-json\/wp\/v2\/media?parent=103507"}],"wp:term":[{"taxonomy":"product_brand","embeddable":true,"href":"https:\/\/aztex.ee\/it\/wp-json\/wp\/v2\/product_brand?post=103507"},{"taxonomy":"product_cat","embeddable":true,"href":"https:\/\/aztex.ee\/it\/wp-json\/wp\/v2\/product_cat?post=103507"},{"taxonomy":"product_tag","embeddable":true,"href":"https:\/\/aztex.ee\/it\/wp-json\/wp\/v2\/product_tag?post=103507"}],"curies":[{"name":"wp","href":"https:\/\/api.w.org\/{rel}","templated":true}]}}