{"id":101930,"date":"2026-02-07T18:59:24","date_gmt":"2026-02-07T18:59:24","guid":{"rendered":"https:\/\/aztex.ee\/?post_type=product&#038;p=101930"},"modified":"2026-04-10T13:00:54","modified_gmt":"2026-04-10T13:00:54","slug":"asciugamano-in-spugna-di-cotone","status":"publish","type":"product","link":"https:\/\/aztex.ee\/it\/pood\/asciugamani-e-teli-da-bagno\/asciugamano-in-spugna-di-cotone\/","title":{"rendered":"Asciugamano in spugna di cotone"},"content":{"rendered":"<p><strong>Asciugamano in spugna di cotone: morbidezza e lusso per ogni giorno<\/strong><\/p>\n<p><strong>Lussuosamente morbido<\/strong><\/p>\n<p>Ogni asciugamano in spugna di cotone \u00e8 realizzato in cotone di alta qualit\u00e0 accuratamente selezionato, eccezionalmente morbido e coccola la pelle a ogni tocco. Il delicato tessuto in spugna rende la doccia o il bagno un&#8217;esperienza rilassante e piacevole, offrendo un vero momento di lusso ogni giorno. L&#8217;asciugamano \u00e8 ideale anche per le persone con pelle sensibile che desiderano delicatezza, comfort e una piacevole morbidezza a ogni utilizzo.<\/p>\n<p><strong>Assorbimento efficiente e asciugatura rapida<\/strong><\/p>\n<p>L&#8217;asciugamano in spugna \u00e8 progettato per un&#8217;asciugatura rapida ed efficiente. Grazie alla fibra di cotone densa e di alta qualit\u00e0, assorbe l&#8217;umidit\u00e0 in un istante, mantenendo la pelle asciutta e fresca. Ogni strato \u00e8 progettato per ottenere il massimo assorbimento, rendendo l&#8217;asciugamano il compagno ideale per tutti i giorni. Combina praticit\u00e0 e lusso, offrendo un&#8217;esperienza piacevole a ogni utilizzo.<\/p>\n<p><strong>Qualit\u00e0 durevole e duratura<\/strong><\/p>\n<p>L&#8217;asciugamano in spugna di cotone \u00e8 progettato per durare. Le resistenti fibre di cotone mantengono la forma, la morbidezza e il colore dell&#8217;asciugamano anche dopo ripetuti lavaggi. L&#8217;asciugamano rimarr\u00e0 come nuovo per anni, offrendo la stessa sensazione di comfort e lusso. La qualit\u00e0 durevole lo rende una scelta affidabile per qualsiasi casa che valorizzi comfort, longevit\u00e0 e lusso quotidiano.<\/p>\n<p><strong>Lusso quotidiano elegante e pratico<\/strong><\/p>\n<p>L&#8217;asciugamano in spugna di cotone aggiunge stile e lusso a qualsiasi bagno. Il suo design senza tempo, la piacevole consistenza e il materiale accuratamente selezionato lo rendono un regalo ideale o per l&#8217;uso quotidiano. Le dimensioni e il peso dell&#8217;asciugamano sono ideali: sufficientemente spazioso, ma allo stesso tempo facile da maneggiare, garantendo una cura lussuosa e un&#8217;esperienza piacevole ogni volta.<\/p>\n<p><strong>Cura pratica e uso quotidiano<\/strong><\/p>\n<p>L&#8217;asciugamano \u00e8 facile e veloce da pulire: un normale lavaggio in lavatrice alla temperatura appropriata \u00e8 sufficiente per renderlo nuovamente pronto all&#8217;uso. Il tessuto ad asciugatura rapida garantisce che l&#8217;asciugamano sia sempre a portata di mano e pronto per ogni situazione. Ideale per chi ha un ritmo di vita frenetico e uno stile di vita attivo e desidera comfort, qualit\u00e0 e lusso in ogni dettaglio.<\/p>\n<p>Se questo asciugamano non soddisfa le tue aspettative, consultare altri <a href=\"https:\/\/aztex.ee\/it\/categoria-prodotto\/asciugamani-e-teli-da-bagno\/\">Asciugamani<\/a> aiuta a confrontare materiali, dimensioni e caratteristiche per trovare la scelta migliore.<\/p>\n","protected":false},"excerpt":{"rendered":"<ul>\n<li>Materiale: 100% cotone<\/li>\n<li>Dimensioni: 35\u00d775 cm \u00b13<\/li>\n<li>Peso: 500g\/m2<\/li>\n<\/ul>\n","protected":false},"featured_media":102254,"comment_status":"open","ping_status":"closed","template":"","meta":[],"product_brand":[],"product_cat":[1733,778,483],"product_tag":[],"class_list":{"0":"post-101930","1":"product","2":"type-product","3":"status-publish","4":"has-post-thumbnail","6":"product_cat-asciugamani","7":"product_cat-asciugamani-35x75-cm","8":"product_cat-asciugamani-e-teli-da-bagno","10":"first","11":"instock","12":"sale","13":"shipping-taxable","14":"purchasable","15":"product-type-variable"},"yoast_head":"<!-- This site is optimized with the Yoast SEO plugin v27.3 - https:\/\/yoast.com\/product\/yoast-seo-wordpress\/ -->\n<title>Asciugamano in spugna 100% cotone | AZTEX<\/title>\n<meta name=\"description\" content=\"Questo asciugamano in spugna di cotone di alta qualit\u00e0 \u00e8 morbido, altamente assorbente e resistente. Adatto all&#039;uso quotidiano e mantiene la forma anche dopo ripetuti lavaggi.\" \/>\n<meta name=\"robots\" content=\"index, follow, max-snippet:-1, max-image-preview:large, max-video-preview:-1\" \/>\n<link rel=\"canonical\" href=\"https:\/\/aztex.ee\/it\/pood\/asciugamani-e-teli-da-bagno\/asciugamano-in-spugna-di-cotone\/\" \/>\n<meta property=\"og:locale\" content=\"it_IT\" \/>\n<meta property=\"og:type\" content=\"article\" \/>\n<meta property=\"og:title\" content=\"Asciugamano in spugna 100% cotone | AZTEX\" \/>\n<meta property=\"og:description\" content=\"Questo asciugamano in spugna di cotone di alta qualit\u00e0 \u00e8 morbido, altamente assorbente e resistente. Adatto all&#039;uso quotidiano e mantiene la forma anche dopo ripetuti lavaggi.\" \/>\n<meta property=\"og:url\" content=\"https:\/\/aztex.ee\/it\/pood\/asciugamani-e-teli-da-bagno\/asciugamano-in-spugna-di-cotone\/\" \/>\n<meta property=\"og:site_name\" content=\"AZTEX\" \/>\n<meta property=\"article:publisher\" content=\"https:\/\/www.facebook.com\/AztexEE\" \/>\n<meta property=\"article:modified_time\" content=\"2026-04-10T13:00:54+00:00\" \/>\n<meta property=\"og:image\" content=\"https:\/\/aztex.ee\/wp-content\/uploads\/2026\/02\/Puuvillane-froteeratik.jpg\" \/>\n\t<meta property=\"og:image:width\" content=\"800\" \/>\n\t<meta property=\"og:image:height\" content=\"800\" \/>\n\t<meta property=\"og:image:type\" content=\"image\/jpeg\" \/>\n<meta name=\"twitter:card\" content=\"summary_large_image\" \/>\n<meta name=\"twitter:label1\" content=\"Tempo di lettura stimato\" \/>\n\t<meta name=\"twitter:data1\" content=\"3 minuti\" \/>\n<script type=\"application\/ld+json\" class=\"yoast-schema-graph\">{\"@context\":\"https:\\\/\\\/schema.org\",\"@graph\":[{\"@type\":[\"WebPage\",\"ItemPage\"],\"@id\":\"https:\\\/\\\/aztex.ee\\\/it\\\/pood\\\/asciugamani-e-teli-da-bagno\\\/asciugamano-in-spugna-di-cotone\\\/\",\"url\":\"https:\\\/\\\/aztex.ee\\\/it\\\/pood\\\/asciugamani-e-teli-da-bagno\\\/asciugamano-in-spugna-di-cotone\\\/\",\"name\":\"Asciugamano in spugna 100% cotone | AZTEX\",\"isPartOf\":{\"@id\":\"https:\\\/\\\/aztex.ee\\\/it\\\/#website\"},\"primaryImageOfPage\":{\"@id\":\"https:\\\/\\\/aztex.ee\\\/it\\\/pood\\\/asciugamani-e-teli-da-bagno\\\/asciugamano-in-spugna-di-cotone\\\/#primaryimage\"},\"image\":{\"@id\":\"https:\\\/\\\/aztex.ee\\\/it\\\/pood\\\/asciugamani-e-teli-da-bagno\\\/asciugamano-in-spugna-di-cotone\\\/#primaryimage\"},\"thumbnailUrl\":\"https:\\\/\\\/aztex.ee\\\/wp-content\\\/uploads\\\/2026\\\/02\\\/Puuvillane-froteeratik.jpg\",\"datePublished\":\"2026-02-07T18:59:24+00:00\",\"dateModified\":\"2026-04-10T13:00:54+00:00\",\"description\":\"Questo asciugamano in spugna di cotone di alta qualit\u00e0 \u00e8 morbido, altamente assorbente e resistente. Adatto all'uso quotidiano e mantiene la forma anche dopo ripetuti lavaggi.\",\"breadcrumb\":{\"@id\":\"https:\\\/\\\/aztex.ee\\\/it\\\/pood\\\/asciugamani-e-teli-da-bagno\\\/asciugamano-in-spugna-di-cotone\\\/#breadcrumb\"},\"inLanguage\":\"it-IT\",\"potentialAction\":[{\"@type\":\"ReadAction\",\"target\":[\"https:\\\/\\\/aztex.ee\\\/it\\\/pood\\\/asciugamani-e-teli-da-bagno\\\/asciugamano-in-spugna-di-cotone\\\/\"]}]},{\"@type\":\"ImageObject\",\"inLanguage\":\"it-IT\",\"@id\":\"https:\\\/\\\/aztex.ee\\\/it\\\/pood\\\/asciugamani-e-teli-da-bagno\\\/asciugamano-in-spugna-di-cotone\\\/#primaryimage\",\"url\":\"https:\\\/\\\/aztex.ee\\\/wp-content\\\/uploads\\\/2026\\\/02\\\/Puuvillane-froteeratik.jpg\",\"contentUrl\":\"https:\\\/\\\/aztex.ee\\\/wp-content\\\/uploads\\\/2026\\\/02\\\/Puuvillane-froteeratik.jpg\",\"width\":800,\"height\":800,\"caption\":\"Puuvillane froteer\u00e4tik\"},{\"@type\":\"BreadcrumbList\",\"@id\":\"https:\\\/\\\/aztex.ee\\\/it\\\/pood\\\/asciugamani-e-teli-da-bagno\\\/asciugamano-in-spugna-di-cotone\\\/#breadcrumb\",\"itemListElement\":[{\"@type\":\"ListItem\",\"position\":1,\"name\":\"Pagina Iniziale\",\"item\":\"https:\\\/\\\/aztex.ee\\\/it\\\/\"},{\"@type\":\"ListItem\",\"position\":2,\"name\":\"Negozio\",\"item\":\"https:\\\/\\\/aztex.ee\\\/it\\\/negozio\\\/\"},{\"@type\":\"ListItem\",\"position\":3,\"name\":\"Asciugamano in spugna di cotone\"}]},{\"@type\":\"WebSite\",\"@id\":\"https:\\\/\\\/aztex.ee\\\/it\\\/#website\",\"url\":\"https:\\\/\\\/aztex.ee\\\/it\\\/\",\"name\":\"AZTEX\",\"description\":\"\",\"publisher\":{\"@id\":\"https:\\\/\\\/aztex.ee\\\/it\\\/#organization\"},\"potentialAction\":[{\"@type\":\"SearchAction\",\"target\":{\"@type\":\"EntryPoint\",\"urlTemplate\":\"https:\\\/\\\/aztex.ee\\\/it\\\/?s={search_term_string}\"},\"query-input\":{\"@type\":\"PropertyValueSpecification\",\"valueRequired\":true,\"valueName\":\"search_term_string\"}}],\"inLanguage\":\"it-IT\"},{\"@type\":\"Organization\",\"@id\":\"https:\\\/\\\/aztex.ee\\\/it\\\/#organization\",\"name\":\"AZTEX\",\"url\":\"https:\\\/\\\/aztex.ee\\\/it\\\/\",\"logo\":{\"@type\":\"ImageObject\",\"inLanguage\":\"it-IT\",\"@id\":\"https:\\\/\\\/aztex.ee\\\/it\\\/#\\\/schema\\\/logo\\\/image\\\/\",\"url\":\"https:\\\/\\\/aztex.ee\\\/wp-content\\\/uploads\\\/2026\\\/01\\\/AZTEX.png\",\"contentUrl\":\"https:\\\/\\\/aztex.ee\\\/wp-content\\\/uploads\\\/2026\\\/01\\\/AZTEX.png\",\"width\":500,\"height\":500,\"caption\":\"AZTEX\"},\"image\":{\"@id\":\"https:\\\/\\\/aztex.ee\\\/it\\\/#\\\/schema\\\/logo\\\/image\\\/\"},\"sameAs\":[\"https:\\\/\\\/www.facebook.com\\\/AztexEE\",\"https:\\\/\\\/www.instagram.com\\\/aztexeesti\\\/\",\"https:\\\/\\\/www.youtube.com\\\/@AZTEXEE\",\"https:\\\/\\\/www.pinterest.com\\\/aztex_eesti\\\/\",\"https:\\\/\\\/www.tiktok.com\\\/@aztexeesti\",\"https:\\\/\\\/www.trustpilot.com\\\/review\\\/aztex.ee\",\"https:\\\/\\\/www.linkedin.com\\\/company\\\/aztex-ee\\\/\",\"https:\\\/\\\/www.wikidata.org\\\/wiki\\\/Q137560182\"]}]}<\/script>\n<!-- \/ Yoast SEO plugin. -->","yoast_head_json":{"title":"Asciugamano in spugna 100% cotone | AZTEX","description":"Questo asciugamano in spugna di cotone di alta qualit\u00e0 \u00e8 morbido, altamente assorbente e resistente. Adatto all'uso quotidiano e mantiene la forma anche dopo ripetuti lavaggi.","robots":{"index":"index","follow":"follow","max-snippet":"max-snippet:-1","max-image-preview":"max-image-preview:large","max-video-preview":"max-video-preview:-1"},"canonical":"https:\/\/aztex.ee\/it\/pood\/asciugamani-e-teli-da-bagno\/asciugamano-in-spugna-di-cotone\/","og_locale":"it_IT","og_type":"article","og_title":"Asciugamano in spugna 100% cotone | AZTEX","og_description":"Questo asciugamano in spugna di cotone di alta qualit\u00e0 \u00e8 morbido, altamente assorbente e resistente. Adatto all'uso quotidiano e mantiene la forma anche dopo ripetuti lavaggi.","og_url":"https:\/\/aztex.ee\/it\/pood\/asciugamani-e-teli-da-bagno\/asciugamano-in-spugna-di-cotone\/","og_site_name":"AZTEX","article_publisher":"https:\/\/www.facebook.com\/AztexEE","article_modified_time":"2026-04-10T13:00:54+00:00","og_image":[{"width":800,"height":800,"url":"https:\/\/aztex.ee\/wp-content\/uploads\/2026\/02\/Puuvillane-froteeratik.jpg","type":"image\/jpeg"}],"twitter_card":"summary_large_image","twitter_misc":{"Tempo di lettura stimato":"3 minuti"},"schema":{"@context":"https:\/\/schema.org","@graph":[{"@type":["WebPage","ItemPage"],"@id":"https:\/\/aztex.ee\/it\/pood\/asciugamani-e-teli-da-bagno\/asciugamano-in-spugna-di-cotone\/","url":"https:\/\/aztex.ee\/it\/pood\/asciugamani-e-teli-da-bagno\/asciugamano-in-spugna-di-cotone\/","name":"Asciugamano in spugna 100% cotone | AZTEX","isPartOf":{"@id":"https:\/\/aztex.ee\/it\/#website"},"primaryImageOfPage":{"@id":"https:\/\/aztex.ee\/it\/pood\/asciugamani-e-teli-da-bagno\/asciugamano-in-spugna-di-cotone\/#primaryimage"},"image":{"@id":"https:\/\/aztex.ee\/it\/pood\/asciugamani-e-teli-da-bagno\/asciugamano-in-spugna-di-cotone\/#primaryimage"},"thumbnailUrl":"https:\/\/aztex.ee\/wp-content\/uploads\/2026\/02\/Puuvillane-froteeratik.jpg","datePublished":"2026-02-07T18:59:24+00:00","dateModified":"2026-04-10T13:00:54+00:00","description":"Questo asciugamano in spugna di cotone di alta qualit\u00e0 \u00e8 morbido, altamente assorbente e resistente. Adatto all'uso quotidiano e mantiene la forma anche dopo ripetuti lavaggi.","breadcrumb":{"@id":"https:\/\/aztex.ee\/it\/pood\/asciugamani-e-teli-da-bagno\/asciugamano-in-spugna-di-cotone\/#breadcrumb"},"inLanguage":"it-IT","potentialAction":[{"@type":"ReadAction","target":["https:\/\/aztex.ee\/it\/pood\/asciugamani-e-teli-da-bagno\/asciugamano-in-spugna-di-cotone\/"]}]},{"@type":"ImageObject","inLanguage":"it-IT","@id":"https:\/\/aztex.ee\/it\/pood\/asciugamani-e-teli-da-bagno\/asciugamano-in-spugna-di-cotone\/#primaryimage","url":"https:\/\/aztex.ee\/wp-content\/uploads\/2026\/02\/Puuvillane-froteeratik.jpg","contentUrl":"https:\/\/aztex.ee\/wp-content\/uploads\/2026\/02\/Puuvillane-froteeratik.jpg","width":800,"height":800,"caption":"Puuvillane froteer\u00e4tik"},{"@type":"BreadcrumbList","@id":"https:\/\/aztex.ee\/it\/pood\/asciugamani-e-teli-da-bagno\/asciugamano-in-spugna-di-cotone\/#breadcrumb","itemListElement":[{"@type":"ListItem","position":1,"name":"Pagina Iniziale","item":"https:\/\/aztex.ee\/it\/"},{"@type":"ListItem","position":2,"name":"Negozio","item":"https:\/\/aztex.ee\/it\/negozio\/"},{"@type":"ListItem","position":3,"name":"Asciugamano in spugna di cotone"}]},{"@type":"WebSite","@id":"https:\/\/aztex.ee\/it\/#website","url":"https:\/\/aztex.ee\/it\/","name":"AZTEX","description":"","publisher":{"@id":"https:\/\/aztex.ee\/it\/#organization"},"potentialAction":[{"@type":"SearchAction","target":{"@type":"EntryPoint","urlTemplate":"https:\/\/aztex.ee\/it\/?s={search_term_string}"},"query-input":{"@type":"PropertyValueSpecification","valueRequired":true,"valueName":"search_term_string"}}],"inLanguage":"it-IT"},{"@type":"Organization","@id":"https:\/\/aztex.ee\/it\/#organization","name":"AZTEX","url":"https:\/\/aztex.ee\/it\/","logo":{"@type":"ImageObject","inLanguage":"it-IT","@id":"https:\/\/aztex.ee\/it\/#\/schema\/logo\/image\/","url":"https:\/\/aztex.ee\/wp-content\/uploads\/2026\/01\/AZTEX.png","contentUrl":"https:\/\/aztex.ee\/wp-content\/uploads\/2026\/01\/AZTEX.png","width":500,"height":500,"caption":"AZTEX"},"image":{"@id":"https:\/\/aztex.ee\/it\/#\/schema\/logo\/image\/"},"sameAs":["https:\/\/www.facebook.com\/AztexEE","https:\/\/www.instagram.com\/aztexeesti\/","https:\/\/www.youtube.com\/@AZTEXEE","https:\/\/www.pinterest.com\/aztex_eesti\/","https:\/\/www.tiktok.com\/@aztexeesti","https:\/\/www.trustpilot.com\/review\/aztex.ee","https:\/\/www.linkedin.com\/company\/aztex-ee\/","https:\/\/www.wikidata.org\/wiki\/Q137560182"]}]}},"_links":{"self":[{"href":"https:\/\/aztex.ee\/it\/wp-json\/wp\/v2\/product\/101930","targetHints":{"allow":["GET"]}}],"collection":[{"href":"https:\/\/aztex.ee\/it\/wp-json\/wp\/v2\/product"}],"about":[{"href":"https:\/\/aztex.ee\/it\/wp-json\/wp\/v2\/types\/product"}],"replies":[{"embeddable":true,"href":"https:\/\/aztex.ee\/it\/wp-json\/wp\/v2\/comments?post=101930"}],"version-history":[{"count":3,"href":"https:\/\/aztex.ee\/it\/wp-json\/wp\/v2\/product\/101930\/revisions"}],"predecessor-version":[{"id":102463,"href":"https:\/\/aztex.ee\/it\/wp-json\/wp\/v2\/product\/101930\/revisions\/102463"}],"wp:featuredmedia":[{"embeddable":true,"href":"https:\/\/aztex.ee\/it\/wp-json\/wp\/v2\/media\/102254"}],"wp:attachment":[{"href":"https:\/\/aztex.ee\/it\/wp-json\/wp\/v2\/media?parent=101930"}],"wp:term":[{"taxonomy":"product_brand","embeddable":true,"href":"https:\/\/aztex.ee\/it\/wp-json\/wp\/v2\/product_brand?post=101930"},{"taxonomy":"product_cat","embeddable":true,"href":"https:\/\/aztex.ee\/it\/wp-json\/wp\/v2\/product_cat?post=101930"},{"taxonomy":"product_tag","embeddable":true,"href":"https:\/\/aztex.ee\/it\/wp-json\/wp\/v2\/product_tag?post=101930"}],"curies":[{"name":"wp","href":"https:\/\/api.w.org\/{rel}","templated":true}]}}