{"id":18931,"date":"2024-08-15T14:36:01","date_gmt":"2024-08-15T14:36:01","guid":{"rendered":"https:\/\/aztex.ee\/muugitingimused\/"},"modified":"2024-10-01T20:21:35","modified_gmt":"2024-10-01T20:21:35","slug":"condizioni-di-vendita","status":"publish","type":"page","link":"https:\/\/aztex.ee\/it\/condizioni-di-vendita\/","title":{"rendered":"Condizioni di vendita"},"content":{"rendered":"\n<p>Il proprietario del negozio online <strong>aztex.ee<\/strong> (di seguito denominato Negozio online) \u00e8 <strong>Minu Baltic O\u00dc<\/strong> (codice di registrazione <strong>16809904<\/strong>), con sede nella contea di Ida-Viru, citt\u00e0 di L\u00fcganuse, Papli 4-6, codice postale 43301<\/p>\n\n\n\n<ol class=\"wp-block-list\">\n<li>Validit\u00e0 del contratto di vendita, informazioni su prodotti e prezzi<\/li>\n<\/ol>\n\n\n\n<p>Le condizioni di vendita si applicano all&#8217;acquisto di beni dal negozio online di Minu Baltic O\u00dc. I prezzi dei prodotti venduti nel negozio online sono indicati accanto ai prodotti. Il prezzo include una commissione per la consegna dei beni, salvo diversa indicazione. I prezzi dei prodotti venduti nel negozio online sono in euro e anche il pagamento viene effettuato in euro. Le informazioni sul prodotto sono fornite nel negozio online direttamente accanto al prodotto.<\/p>\n\n\n\n<ol start=\"2\" class=\"wp-block-list\">\n<li>Formazione dell&#8217;ordine \/ opzioni di pagamento<\/li>\n<\/ol>\n\n\n\n<p>Per ordinare i beni, \u00e8 necessario aggiungere i prodotti desiderati al carrello. Per completare l&#8217;ordine, \u00e8 necessario compilare i campi dati richiesti e scegliere il metodo di consegna del prodotto appropriato. L&#8217;importo della commissione viene quindi visualizzato sullo schermo, che pu\u00f2 essere pagato in modo sicuro tramite i seguenti metodi di pagamento:<\/p>\n\n\n\n<p>\u2013 Bonifico bancario;<\/p>\n\n\n\n<p>\u2013 Link bancari estoni, lettoni, lituani e finlandesi;<\/p>\n\n\n\n<p>\u2013 Pagamento con carta di credito.<\/p>\n\n\n\n<p>Per pagare con un link bancario, clicca sul logo della tua banca di casa e verrai indirizzato alla pagina della banca online, dove ti attende un ordine di pagamento precompilato. Assicurati che l&#8217;importo sia corretto e conferma la transazione. Quindi non dimenticare di cliccare sul pulsante &#8220;Torna al commerciante&#8221;: questo \u00e8 l&#8217;unico modo per ricevere immediatamente un messaggio dal nostro sistema che hai effettuato correttamente il pagamento.<\/p>\n\n\n\n<p>Inserisci i tuoi dati bancari direttamente nel sistema Bank Card Center. Le informazioni relative al tuo conto bancario e al pagamento non vengono salvate, per il trasferimento dei dati viene utilizzata una connessione SSL sicura.<\/p>\n\n\n\n<p>Minu Baltic O\u00dc \u00e8 il titolare del trattamento dei dati personali, Minu Baltic O\u00dc trasferisce i dati personali necessari per effettuare i pagamenti al processore autorizzato <strong>Maksekeskus AS<\/strong>.<\/p>\n\n\n\n<p>Il contratto entra in vigore dal ricevimento dell&#8217;importo da versare sul conto corrente del negozio online.<\/p>\n\n\n\n<ol start=\"3\" class=\"wp-block-list\">\n<li>Consegna<\/li>\n<\/ol>\n\n\n\n<p>La merce viene spedita nei seguenti paesi: Estonia e altri paesi europei in base al prezzo visualizzato nel carrello e alla modalit\u00e0 di trasporto. Spedizione in altri paesi e regioni tramite accordo separato.<\/p>\n\n\n\n<p>I prodotti acquistati sono soggetti a spese postali (salvo diversa indicazione), che sono a carico dell&#8217;acquirente. Consegniamo gli ordini in base alla modalit\u00e0 di trasporto da te scelta. Invieremo il tuo ordine entro 1-3 giorni lavorativi, dopo che l&#8217;importo da te pagato per l&#8217;ordine sar\u00e0 ricevuto sul conto corrente di Minu Baltic O\u00dc. In casi eccezionali, i tempi di consegna potrebbero essere pi\u00f9 lunghi, nel qual caso ti informeremo separatamente.<\/p>\n\n\n\n<p>Se la merce ordinata non pu\u00f2 essere consegnata a causa della fine della merce o per qualche altro motivo, l&#8217;acquirente ne verr\u00e0 informato il prima possibile e il denaro pagato (compresi i costi di consegna della merce) verr\u00e0 restituito senza indugio, ma non oltre 14 giorni dall&#8217;invio della notifica.<\/p>\n\n\n\n<ol start=\"4\" class=\"wp-block-list\">\n<li>Prodotti e disponibilit\u00e0 dei prodotti<\/li>\n<\/ol>\n\n\n\n<p>Aggiorniamo costantemente la gamma di prodotti. Tuttavia, pu\u00f2 accadere che la disponibilit\u00e0 del prodotto termini prima che il catalogo prodotti venga aggiornato. In questo caso, ti contatteremo e, previo accordo, sostituiremo il prodotto o annulleremo l&#8217;ordine. Se l&#8217;ordine viene annullato per esaurimento scorte, emetteremo un rimborso entro 7 giorni lavorativi.<\/p>\n\n\n\n<ol start=\"5\" class=\"wp-block-list\">\n<li>Altre condizioni<\/li>\n<\/ol>\n\n\n\n<p>Ci riserviamo il diritto di modificare e integrare i prezzi dei prodotti offerti. Le modifiche in merito entreranno in vigore dal momento in cui compaiono nel nostro negozio online.<\/p>\n\n\n\n<p>Il venditore non \u00e8 responsabile per difetti del prodotto verificatisi per colpa dell&#8217;acquirente o se il difetto si \u00e8 verificato a seguito di un uso improprio del prodotto.<\/p>\n\n\n\n<p>Il venditore ha il diritto di recedere dall&#8217;ordine se lo stock di merce ordinata \u00e8 stato esaurito.<\/p>\n\n\n\n<p>Se, a causa di un errore tecnico, il prezzo del prodotto offerto nell&#8217;e-shop \u00e8 cambiato\/\u00e8 stato reso irragionevolmente pi\u00f9 basso rispetto al normale prezzo di mercato del prodotto, il venditore ha il diritto di recedere dalla transazione di vendita del prodotto con un prezzo errato a causa dell&#8217;errore tecnico, a condizione che il venditore non abbia ancora spedito il prodotto all&#8217;acquirente.<\/p>\n\n\n\n<ol start=\"6\" class=\"wp-block-list\">\n<li>Presentazione di reclami e restituzione della merce<\/li>\n<\/ol>\n\n\n\n<p>Tutti i prodotti sono soggetti al periodo di presentazione del reclamo ai sensi del \u00a7 218 del Codice civile. La fattura di acquisto \u00e8 valida come prova di reso. Nel caso di prodotti, seguire le istruzioni per l&#8217;uso e la cura fornite con il prodotto e le istruzioni corrispondenti. Il diritto di presentare un reclamo non si applica se la mancanza di merce \u00e8 dovuta a un uso improprio del prodotto o a danni al prodotto. Per presentare un reclamo, inviare una descrizione accurata del difetto, il nome della persona che ha inviato l&#8217;ordine, il numero di telefono di contatto e il numero dell&#8217;ordine a info@aztex.ee<\/p>\n\n\n\n<p>Il diritto di restituzione della merce \u00e8 di 14 giorni. La merce deve essere nella confezione originale con la fattura originale e tutte le marcature. La merce non deve essere utilizzata. Dopo aver ricevuto la dichiarazione di recesso, l&#8217;imprenditore restituir\u00e0 al consumatore senza indugio, ma non oltre 14 giorni, tutte le commissioni ricevute dal consumatore sulla base del contratto, comprese le spese di consegna del caso del consumatore. Se il consumatore ha scelto esplicitamente un metodo di consegna diverso dal metodo di consegna pi\u00f9 economico usuale offerto dall&#8217;imprenditore, l&#8217;imprenditore non deve restituire al consumatore il costo che supera il costo associato al metodo di consegna usuale (V\u00d5S \u00a7 492). Se il prodotto soggetto a reso \u00e8 stato aperto o danneggiato in qualsiasi altro modo, il prodotto non \u00e8 soggetto a reso ed \u00e8 considerato usato. L&#8217;indirizzo di reso e il metodo di consegna sono concordati in ogni caso.<\/p>\n\n\n\n<p>Per restituire la merce, \u00e8 necessario presentare una domanda di recesso dall&#8217;acquisto della merce, il cui modulo pu\u00f2 essere trovato qui: domanda di recesso e inviarla all&#8217;indirizzo e-mail info@aztex.ee<br>al pi\u00f9 tardi entro 14 giorni dal ricevimento della merce.<\/p>\n\n\n\n<p>Il costo della restituzione della merce \u00e8 a carico dell&#8217;acquirente, a meno che il motivo della restituzione non risieda nel fatto che il prodotto da restituire non corrisponde a quello ordinato (ad esempio un prodotto sbagliato o difettoso).<\/p>\n\n\n\n<p>Se il Cliente non ritira l&#8217;ordine presso l&#8217;ufficio postale\/macchina per pacchi entro il tempo di deposito, l&#8217;ordine verr\u00e0 restituito a Minu Baltic O\u00dc. Per ricevere l&#8217;ordine, il cliente deve pagare a Minu Baltic O\u00dc il costo della restituzione e della rispedizione del pacco in base al listino prezzi Omniva\/Itella Smartpost\/DPD corrente. Il costo di trasporto iniziale non \u00e8 rimborsabile ai sensi del punto menzionato.<\/p>\n\n\n\n<p>Il fornitore del servizio \u00e8 responsabile per le non conformit\u00e0 o i difetti della merce venduta alle condizioni contrattuali che si manifestano entro due anni dalla consegna della merce al consumatore. Entro i primi sei mesi dalla consegna dell&#8217;articolo all&#8217;acquirente, si presume che il difetto fosse gi\u00e0 presente al momento della consegna dell&#8217;articolo.<\/p>\n\n\n\n<p>In caso di difetto dell&#8217;articolo, il consumatore deve informarne il venditore entro due mesi al massimo, oppure presentare un reclamo (V\u00d5S \u00a7 220 (1)).<\/p>\n\n\n\n<p>Se viene scoperto un difetto, l&#8217;uso del prodotto deve essere immediatamente interrotto.<\/p>\n\n\n\n<p>Il reclamo deve essere presentato in un modulo che consenta la riproduzione scritta e deve indicare:<\/p>\n\n\n\n<p>\u2013 nome e recapiti del consumatore;<\/p>\n\n\n\n<p>\u2013 data di presentazione del reclamo;<\/p>\n\n\n\n<p>\u2013 mancanza di beni o servizi;<\/p>\n\n\n\n<p>\u2013 reclamo all&#8217;imprenditore;<\/p>\n\n\n\n<p>\u2013 un documento che certifichi l&#8217;esecuzione della transazione o una garanzia deve essere menzionato o una copia di esso deve essere allegata al reclamo.<\/p>\n\n\n\n<ol start=\"7\" class=\"wp-block-list\">\n<li>Disaccordi<\/li>\n<\/ol>\n\n\n\n<p>Tutti i disaccordi saranno risolti tramite una ragionevole negoziazione reciproca. Se le parti non raggiungono un accordo, i disaccordi saranno risolti in conformit\u00e0 con la legislazione della Repubblica di Estonia.<\/p>\n","protected":false},"excerpt":{"rendered":"<p>Il proprietario del negozio online aztex.ee (di seguito denominato Negozio online) \u00e8 Minu Baltic O\u00dc (codice di registrazione 16809904), con<\/p>\n","protected":false},"author":1,"featured_media":0,"parent":0,"menu_order":0,"comment_status":"closed","ping_status":"closed","template":"","meta":{"footnotes":""},"class_list":["post-18931","page","type-page","status-publish","hentry"],"yoast_head":"<!-- This site is optimized with the Yoast SEO plugin v27.4 - https:\/\/yoast.com\/product\/yoast-seo-wordpress\/ -->\n<title>Condizioni di vendita | AZTEX<\/title>\n<meta name=\"description\" content=\"Il proprietario del negozio online aztex.ee (di seguito denominato Negozio online) \u00e8 Minu Baltic O\u00dc (codice di registrazione 16809904)\" \/>\n<meta name=\"robots\" content=\"index, follow, max-snippet:-1, max-image-preview:large, max-video-preview:-1\" \/>\n<link rel=\"canonical\" href=\"https:\/\/aztex.ee\/it\/condizioni-di-vendita\/\" \/>\n<meta property=\"og:locale\" content=\"it_IT\" \/>\n<meta property=\"og:type\" content=\"article\" \/>\n<meta property=\"og:title\" content=\"Condizioni di vendita | AZTEX\" \/>\n<meta property=\"og:description\" content=\"Il proprietario del negozio online aztex.ee (di seguito denominato Negozio online) \u00e8 Minu Baltic O\u00dc (codice di registrazione 16809904)\" \/>\n<meta property=\"og:url\" content=\"https:\/\/aztex.ee\/it\/condizioni-di-vendita\/\" \/>\n<meta property=\"og:site_name\" content=\"AZTEX\" \/>\n<meta property=\"article:publisher\" content=\"https:\/\/www.facebook.com\/AztexEE\" \/>\n<meta property=\"article:modified_time\" content=\"2024-10-01T20:21:35+00:00\" \/>\n<meta name=\"twitter:card\" content=\"summary_large_image\" \/>\n<meta name=\"twitter:label1\" content=\"Tempo di lettura stimato\" \/>\n\t<meta name=\"twitter:data1\" content=\"7 minuti\" \/>\n<script type=\"application\/ld+json\" class=\"yoast-schema-graph\">{\"@context\":\"https:\\\/\\\/schema.org\",\"@graph\":[{\"@type\":\"WebPage\",\"@id\":\"https:\\\/\\\/aztex.ee\\\/it\\\/condizioni-di-vendita\\\/\",\"url\":\"https:\\\/\\\/aztex.ee\\\/it\\\/condizioni-di-vendita\\\/\",\"name\":\"Condizioni di vendita | AZTEX\",\"isPartOf\":{\"@id\":\"https:\\\/\\\/aztex.ee\\\/it\\\/#website\"},\"datePublished\":\"2024-08-15T14:36:01+00:00\",\"dateModified\":\"2024-10-01T20:21:35+00:00\",\"description\":\"Il proprietario del negozio online aztex.ee (di seguito denominato Negozio online) \u00e8 Minu Baltic O\u00dc (codice di registrazione 16809904)\",\"breadcrumb\":{\"@id\":\"https:\\\/\\\/aztex.ee\\\/it\\\/condizioni-di-vendita\\\/#breadcrumb\"},\"inLanguage\":\"it-IT\",\"potentialAction\":[{\"@type\":\"ReadAction\",\"target\":[\"https:\\\/\\\/aztex.ee\\\/it\\\/condizioni-di-vendita\\\/\"]}]},{\"@type\":\"BreadcrumbList\",\"@id\":\"https:\\\/\\\/aztex.ee\\\/it\\\/condizioni-di-vendita\\\/#breadcrumb\",\"itemListElement\":[{\"@type\":\"ListItem\",\"position\":1,\"name\":\"Pagina Iniziale\",\"item\":\"https:\\\/\\\/aztex.ee\\\/it\\\/\"},{\"@type\":\"ListItem\",\"position\":2,\"name\":\"Condizioni di vendita\"}]},{\"@type\":\"WebSite\",\"@id\":\"https:\\\/\\\/aztex.ee\\\/it\\\/#website\",\"url\":\"https:\\\/\\\/aztex.ee\\\/it\\\/\",\"name\":\"AZTEX\",\"description\":\"\",\"publisher\":{\"@id\":\"https:\\\/\\\/aztex.ee\\\/it\\\/#organization\"},\"potentialAction\":[{\"@type\":\"SearchAction\",\"target\":{\"@type\":\"EntryPoint\",\"urlTemplate\":\"https:\\\/\\\/aztex.ee\\\/it\\\/?s={search_term_string}\"},\"query-input\":{\"@type\":\"PropertyValueSpecification\",\"valueRequired\":true,\"valueName\":\"search_term_string\"}}],\"inLanguage\":\"it-IT\"},{\"@type\":\"Organization\",\"@id\":\"https:\\\/\\\/aztex.ee\\\/it\\\/#organization\",\"name\":\"AZTEX\",\"url\":\"https:\\\/\\\/aztex.ee\\\/it\\\/\",\"logo\":{\"@type\":\"ImageObject\",\"inLanguage\":\"it-IT\",\"@id\":\"https:\\\/\\\/aztex.ee\\\/it\\\/#\\\/schema\\\/logo\\\/image\\\/\",\"url\":\"https:\\\/\\\/aztex.ee\\\/wp-content\\\/uploads\\\/2026\\\/01\\\/AZTEX.png\",\"contentUrl\":\"https:\\\/\\\/aztex.ee\\\/wp-content\\\/uploads\\\/2026\\\/01\\\/AZTEX.png\",\"width\":500,\"height\":500,\"caption\":\"AZTEX\"},\"image\":{\"@id\":\"https:\\\/\\\/aztex.ee\\\/it\\\/#\\\/schema\\\/logo\\\/image\\\/\"},\"sameAs\":[\"https:\\\/\\\/www.facebook.com\\\/AztexEE\",\"https:\\\/\\\/www.instagram.com\\\/aztexeesti\\\/\",\"https:\\\/\\\/www.youtube.com\\\/@AZTEXEE\",\"https:\\\/\\\/www.pinterest.com\\\/aztex_eesti\\\/\",\"https:\\\/\\\/www.tiktok.com\\\/@aztexeesti\",\"https:\\\/\\\/www.trustpilot.com\\\/review\\\/aztex.ee\",\"https:\\\/\\\/www.linkedin.com\\\/company\\\/aztex-ee\\\/\",\"https:\\\/\\\/www.wikidata.org\\\/wiki\\\/Q137560182\"]}]}<\/script>\n<!-- \/ Yoast SEO plugin. -->","yoast_head_json":{"title":"Condizioni di vendita | AZTEX","description":"Il proprietario del negozio online aztex.ee (di seguito denominato Negozio online) \u00e8 Minu Baltic O\u00dc (codice di registrazione 16809904)","robots":{"index":"index","follow":"follow","max-snippet":"max-snippet:-1","max-image-preview":"max-image-preview:large","max-video-preview":"max-video-preview:-1"},"canonical":"https:\/\/aztex.ee\/it\/condizioni-di-vendita\/","og_locale":"it_IT","og_type":"article","og_title":"Condizioni di vendita | AZTEX","og_description":"Il proprietario del negozio online aztex.ee (di seguito denominato Negozio online) \u00e8 Minu Baltic O\u00dc (codice di registrazione 16809904)","og_url":"https:\/\/aztex.ee\/it\/condizioni-di-vendita\/","og_site_name":"AZTEX","article_publisher":"https:\/\/www.facebook.com\/AztexEE","article_modified_time":"2024-10-01T20:21:35+00:00","twitter_card":"summary_large_image","twitter_misc":{"Tempo di lettura stimato":"7 minuti"},"schema":{"@context":"https:\/\/schema.org","@graph":[{"@type":"WebPage","@id":"https:\/\/aztex.ee\/it\/condizioni-di-vendita\/","url":"https:\/\/aztex.ee\/it\/condizioni-di-vendita\/","name":"Condizioni di vendita | AZTEX","isPartOf":{"@id":"https:\/\/aztex.ee\/it\/#website"},"datePublished":"2024-08-15T14:36:01+00:00","dateModified":"2024-10-01T20:21:35+00:00","description":"Il proprietario del negozio online aztex.ee (di seguito denominato Negozio online) \u00e8 Minu Baltic O\u00dc (codice di registrazione 16809904)","breadcrumb":{"@id":"https:\/\/aztex.ee\/it\/condizioni-di-vendita\/#breadcrumb"},"inLanguage":"it-IT","potentialAction":[{"@type":"ReadAction","target":["https:\/\/aztex.ee\/it\/condizioni-di-vendita\/"]}]},{"@type":"BreadcrumbList","@id":"https:\/\/aztex.ee\/it\/condizioni-di-vendita\/#breadcrumb","itemListElement":[{"@type":"ListItem","position":1,"name":"Pagina Iniziale","item":"https:\/\/aztex.ee\/it\/"},{"@type":"ListItem","position":2,"name":"Condizioni di vendita"}]},{"@type":"WebSite","@id":"https:\/\/aztex.ee\/it\/#website","url":"https:\/\/aztex.ee\/it\/","name":"AZTEX","description":"","publisher":{"@id":"https:\/\/aztex.ee\/it\/#organization"},"potentialAction":[{"@type":"SearchAction","target":{"@type":"EntryPoint","urlTemplate":"https:\/\/aztex.ee\/it\/?s={search_term_string}"},"query-input":{"@type":"PropertyValueSpecification","valueRequired":true,"valueName":"search_term_string"}}],"inLanguage":"it-IT"},{"@type":"Organization","@id":"https:\/\/aztex.ee\/it\/#organization","name":"AZTEX","url":"https:\/\/aztex.ee\/it\/","logo":{"@type":"ImageObject","inLanguage":"it-IT","@id":"https:\/\/aztex.ee\/it\/#\/schema\/logo\/image\/","url":"https:\/\/aztex.ee\/wp-content\/uploads\/2026\/01\/AZTEX.png","contentUrl":"https:\/\/aztex.ee\/wp-content\/uploads\/2026\/01\/AZTEX.png","width":500,"height":500,"caption":"AZTEX"},"image":{"@id":"https:\/\/aztex.ee\/it\/#\/schema\/logo\/image\/"},"sameAs":["https:\/\/www.facebook.com\/AztexEE","https:\/\/www.instagram.com\/aztexeesti\/","https:\/\/www.youtube.com\/@AZTEXEE","https:\/\/www.pinterest.com\/aztex_eesti\/","https:\/\/www.tiktok.com\/@aztexeesti","https:\/\/www.trustpilot.com\/review\/aztex.ee","https:\/\/www.linkedin.com\/company\/aztex-ee\/","https:\/\/www.wikidata.org\/wiki\/Q137560182"]}]}},"_links":{"self":[{"href":"https:\/\/aztex.ee\/it\/wp-json\/wp\/v2\/pages\/18931","targetHints":{"allow":["GET"]}}],"collection":[{"href":"https:\/\/aztex.ee\/it\/wp-json\/wp\/v2\/pages"}],"about":[{"href":"https:\/\/aztex.ee\/it\/wp-json\/wp\/v2\/types\/page"}],"author":[{"embeddable":true,"href":"https:\/\/aztex.ee\/it\/wp-json\/wp\/v2\/users\/1"}],"replies":[{"embeddable":true,"href":"https:\/\/aztex.ee\/it\/wp-json\/wp\/v2\/comments?post=18931"}],"version-history":[{"count":0,"href":"https:\/\/aztex.ee\/it\/wp-json\/wp\/v2\/pages\/18931\/revisions"}],"wp:attachment":[{"href":"https:\/\/aztex.ee\/it\/wp-json\/wp\/v2\/media?parent=18931"}],"curies":[{"name":"wp","href":"https:\/\/api.w.org\/{rel}","templated":true}]}}