{"id":107155,"date":"2026-03-16T07:17:40","date_gmt":"2026-03-16T07:17:40","guid":{"rendered":"https:\/\/aztex.ee\/meist\/"},"modified":"2026-03-16T10:22:58","modified_gmt":"2026-03-16T10:22:58","slug":"a-proposito-di-aztex","status":"publish","type":"page","link":"https:\/\/aztex.ee\/it\/a-proposito-di-aztex\/","title":{"rendered":"A proposito di AZTEX"},"content":{"rendered":"\n<p class=\"wp-block-wd-paragraph wd-d6e6c192\"><strong>AZTEX<\/strong> \u00e8 un <strong>marchio internazionale di tessili per la casa<\/strong> che offre biancheria da letto e prodotti tessili di alta qualit\u00e0 a clienti in tutto il mondo. Il marchio \u00e8 gestito da <strong>AZTEX Eesti O\u00dc<\/strong>, una filiale di <strong>Minu Baltic O\u00dc<\/strong>. AZTEX \u00e8 stata fondata dall&#8217;imprenditore <strong>Farid Ismayilov<\/strong>.<\/p>\n\n\n\n<p class=\"wp-block-wd-paragraph wd-2c40e9c4\">Il nostro obiettivo \u00e8 fornire prodotti tessili per la casa affidabili e di qualit\u00e0, che aiutino a creare un <strong>ambiente domestico confortevole e sano<\/strong>. Crediamo che un buon riposo e una casa accogliente inizino con materiali pregiati e prodotti accuratamente selezionati.<\/p>\n\n\n\n<p class=\"wp-block-wd-paragraph wd-7309e803\">Oggi, AZTEX vende i suoi prodotti in <strong>oltre 35 paesi<\/strong> in tutto il mondo, tra cui: <strong>Italia, Estonia, Svezia, Danimarca, Norvegia, Finlandia, Polonia, Repubblica Ceca, Ungheria, Paesi Bassi, Slovacchia, Germania, Austria, Svizzera, Islanda, Isole Faroe, Lettonia, Lituania, Kosovo, Bulgaria, Romania, Francia, Regno Unito, Slovenia, Macedonia del Nord, Croazia, Spagna, Bosnia ed Erzegovina, Serbia, Montenegro, Grecia, Albania, Malta, Portogallo, Irlanda, Stati Uniti, Canada e Messico.<\/strong><\/p>\n\n\n\n<p class=\"wp-block-wd-paragraph wd-ced86eec\">AZTEX si concentra sulla qualit\u00e0, sul comfort e sui materiali naturali. La nostra gamma di prodotti comprende tessuti accuratamente selezionati come <strong>cotone, lino, bamb\u00f9, Tencel (Lyocell), canapa e seta.<\/strong> Questi materiali sono traspiranti, delicati sulla pelle e resistenti, garantendo un&#8217;esperienza di riposo confortevole e di alta qualit\u00e0.<\/p>\n\n\n\n<p class=\"wp-block-wd-paragraph wd-765dd2a2\">Per noi \u00e8 fondamentale che i tessili per la casa non siano solo pratici, ma anche estetici e durevoli. Per questo motivo, prestiamo grande attenzione sia alla qualit\u00e0 dei materiali che al design dei nostri prodotti.<\/p>\n\n\n\n<h3 class=\"wp-block-wd-title title wd-59bf2cb4\"><strong>Perch\u00e9 i clienti si fidano di noi?<\/strong><\/h3>\n\n\n\n<p class=\"wp-block-wd-paragraph wd-684c9ade\"><strong>Materiali di alta qualit\u00e0<\/strong> Selezioniamo i nostri prodotti con grande cura per garantirne la durata e il comfort.<\/p>\n\n\n\n<p class=\"wp-block-wd-paragraph wd-fee739bd\"><strong>Esperienza internazionale<\/strong> Serviamo clienti in tutto il mondo e offriamo assistenza in <strong>19 lingue diverse<\/strong>.<\/p>\n\n\n\n<p class=\"wp-block-wd-paragraph wd-2ee95907\"><strong>Soddisfazione del cliente<\/strong> La nostra valutazione di <strong><a href=\"https:\/\/www.trustpilot.com\/review\/aztex.ee\" type=\"link\" id=\"https:\/\/www.trustpilot.com\/review\/aztex.ee\" target=\"_blank\" rel=\"noreferrer noopener\">4.8 \/ 5 su Trustpilot<\/a><\/strong> dimostra che i nostri clienti apprezzano la qualit\u00e0 dei nostri prodotti e del nostro servizio.<\/p>\n\n\n\n<p class=\"wp-block-wd-paragraph wd-b1c2adda\">Grazie per aver scelto <strong>AZTEX<\/strong> per la vostra casa. La nostra missione \u00e8 offrire una scelta affidabile e di qualit\u00e0 nel mondo del tessile per la casa.<\/p>\n","protected":false},"excerpt":{"rendered":"","protected":false},"author":1,"featured_media":0,"parent":0,"menu_order":0,"comment_status":"closed","ping_status":"closed","template":"","meta":{"footnotes":""},"class_list":["post-107155","page","type-page","status-publish","hentry"],"yoast_head":"<!-- This site is optimized with the Yoast SEO plugin v27.6 - https:\/\/yoast.com\/product\/yoast-seo-wordpress\/ -->\n<title>A proposito di AZTEX | Tessili per la casa e biancheria da letto di qualit\u00e0<\/title>\n<meta name=\"description\" content=\"AZTEX \u00e8 un marchio internazionale di tessili per la casa che offre biancheria da letto e prodotti tessili di alta qualit\u00e0 a clienti in tutto il mondo. Il marchio \u00e8 gestito da AZTEX Eesti O\u00dc, una filiale di Minu Baltic O\u00dc. AZTEX \u00e8 stata fondata dall&#039;imprenditore Farid Ismayilov.\" \/>\n<meta name=\"robots\" content=\"index, follow, max-snippet:-1, max-image-preview:large, max-video-preview:-1\" \/>\n<link rel=\"canonical\" href=\"https:\/\/aztex.ee\/it\/a-proposito-di-aztex\/\" \/>\n<meta property=\"og:locale\" content=\"it_IT\" \/>\n<meta property=\"og:type\" content=\"article\" \/>\n<meta property=\"og:title\" content=\"A proposito di AZTEX | Tessili per la casa e biancheria da letto di qualit\u00e0\" \/>\n<meta property=\"og:description\" content=\"AZTEX \u00e8 un marchio internazionale di tessili per la casa che offre biancheria da letto e prodotti tessili di alta qualit\u00e0 a clienti in tutto il mondo. Il marchio \u00e8 gestito da AZTEX Eesti O\u00dc, una filiale di Minu Baltic O\u00dc. AZTEX \u00e8 stata fondata dall&#039;imprenditore Farid Ismayilov.\" \/>\n<meta property=\"og:url\" content=\"https:\/\/aztex.ee\/it\/a-proposito-di-aztex\/\" \/>\n<meta property=\"og:site_name\" content=\"AZTEX\" \/>\n<meta property=\"article:publisher\" content=\"https:\/\/www.facebook.com\/AztexEE\" \/>\n<meta property=\"article:modified_time\" content=\"2026-03-16T10:22:58+00:00\" \/>\n<meta name=\"twitter:card\" content=\"summary_large_image\" \/>\n<meta name=\"twitter:label1\" content=\"Tempo di lettura stimato\" \/>\n\t<meta name=\"twitter:data1\" content=\"2 minuti\" \/>\n<script type=\"application\/ld+json\" class=\"yoast-schema-graph\">{\"@context\":\"https:\\\/\\\/schema.org\",\"@graph\":[{\"@type\":\"WebPage\",\"@id\":\"https:\\\/\\\/aztex.ee\\\/it\\\/a-proposito-di-aztex\\\/\",\"url\":\"https:\\\/\\\/aztex.ee\\\/it\\\/a-proposito-di-aztex\\\/\",\"name\":\"A proposito di AZTEX | Tessili per la casa e biancheria da letto di qualit\u00e0\",\"isPartOf\":{\"@id\":\"https:\\\/\\\/aztex.ee\\\/it\\\/#website\"},\"datePublished\":\"2026-03-16T07:17:40+00:00\",\"dateModified\":\"2026-03-16T10:22:58+00:00\",\"description\":\"AZTEX \u00e8 un marchio internazionale di tessili per la casa che offre biancheria da letto e prodotti tessili di alta qualit\u00e0 a clienti in tutto il mondo. Il marchio \u00e8 gestito da AZTEX Eesti O\u00dc, una filiale di Minu Baltic O\u00dc. AZTEX \u00e8 stata fondata dall'imprenditore Farid Ismayilov.\",\"breadcrumb\":{\"@id\":\"https:\\\/\\\/aztex.ee\\\/it\\\/a-proposito-di-aztex\\\/#breadcrumb\"},\"inLanguage\":\"it-IT\",\"potentialAction\":[{\"@type\":\"ReadAction\",\"target\":[\"https:\\\/\\\/aztex.ee\\\/it\\\/a-proposito-di-aztex\\\/\"]}]},{\"@type\":\"BreadcrumbList\",\"@id\":\"https:\\\/\\\/aztex.ee\\\/it\\\/a-proposito-di-aztex\\\/#breadcrumb\",\"itemListElement\":[{\"@type\":\"ListItem\",\"position\":1,\"name\":\"Pagina Iniziale\",\"item\":\"https:\\\/\\\/aztex.ee\\\/it\\\/\"},{\"@type\":\"ListItem\",\"position\":2,\"name\":\"A proposito di AZTEX\"}]},{\"@type\":\"WebSite\",\"@id\":\"https:\\\/\\\/aztex.ee\\\/it\\\/#website\",\"url\":\"https:\\\/\\\/aztex.ee\\\/it\\\/\",\"name\":\"AZTEX\",\"description\":\"\",\"publisher\":{\"@id\":\"https:\\\/\\\/aztex.ee\\\/it\\\/#organization\"},\"potentialAction\":[{\"@type\":\"SearchAction\",\"target\":{\"@type\":\"EntryPoint\",\"urlTemplate\":\"https:\\\/\\\/aztex.ee\\\/it\\\/?s={search_term_string}\"},\"query-input\":{\"@type\":\"PropertyValueSpecification\",\"valueRequired\":true,\"valueName\":\"search_term_string\"}}],\"inLanguage\":\"it-IT\"},{\"@type\":\"Organization\",\"@id\":\"https:\\\/\\\/aztex.ee\\\/it\\\/#organization\",\"name\":\"AZTEX\",\"url\":\"https:\\\/\\\/aztex.ee\\\/it\\\/\",\"logo\":{\"@type\":\"ImageObject\",\"inLanguage\":\"it-IT\",\"@id\":\"https:\\\/\\\/aztex.ee\\\/it\\\/#\\\/schema\\\/logo\\\/image\\\/\",\"url\":\"https:\\\/\\\/aztex.ee\\\/wp-content\\\/uploads\\\/2026\\\/01\\\/AZTEX.png\",\"contentUrl\":\"https:\\\/\\\/aztex.ee\\\/wp-content\\\/uploads\\\/2026\\\/01\\\/AZTEX.png\",\"width\":500,\"height\":500,\"caption\":\"AZTEX\"},\"image\":{\"@id\":\"https:\\\/\\\/aztex.ee\\\/it\\\/#\\\/schema\\\/logo\\\/image\\\/\"},\"sameAs\":[\"https:\\\/\\\/www.facebook.com\\\/AztexEE\",\"https:\\\/\\\/www.instagram.com\\\/aztexeesti\\\/\",\"https:\\\/\\\/www.youtube.com\\\/@AZTEXEE\",\"https:\\\/\\\/www.pinterest.com\\\/aztex_eesti\\\/\",\"https:\\\/\\\/www.tiktok.com\\\/@aztexeesti\",\"https:\\\/\\\/www.trustpilot.com\\\/review\\\/aztex.ee\",\"https:\\\/\\\/www.linkedin.com\\\/company\\\/aztex-ee\\\/\",\"https:\\\/\\\/www.wikidata.org\\\/wiki\\\/Q137560182\"]}]}<\/script>\n<!-- \/ Yoast SEO plugin. -->","yoast_head_json":{"title":"A proposito di AZTEX | Tessili per la casa e biancheria da letto di qualit\u00e0","description":"AZTEX \u00e8 un marchio internazionale di tessili per la casa che offre biancheria da letto e prodotti tessili di alta qualit\u00e0 a clienti in tutto il mondo. Il marchio \u00e8 gestito da AZTEX Eesti O\u00dc, una filiale di Minu Baltic O\u00dc. AZTEX \u00e8 stata fondata dall'imprenditore Farid Ismayilov.","robots":{"index":"index","follow":"follow","max-snippet":"max-snippet:-1","max-image-preview":"max-image-preview:large","max-video-preview":"max-video-preview:-1"},"canonical":"https:\/\/aztex.ee\/it\/a-proposito-di-aztex\/","og_locale":"it_IT","og_type":"article","og_title":"A proposito di AZTEX | Tessili per la casa e biancheria da letto di qualit\u00e0","og_description":"AZTEX \u00e8 un marchio internazionale di tessili per la casa che offre biancheria da letto e prodotti tessili di alta qualit\u00e0 a clienti in tutto il mondo. Il marchio \u00e8 gestito da AZTEX Eesti O\u00dc, una filiale di Minu Baltic O\u00dc. AZTEX \u00e8 stata fondata dall'imprenditore Farid Ismayilov.","og_url":"https:\/\/aztex.ee\/it\/a-proposito-di-aztex\/","og_site_name":"AZTEX","article_publisher":"https:\/\/www.facebook.com\/AztexEE","article_modified_time":"2026-03-16T10:22:58+00:00","twitter_card":"summary_large_image","twitter_misc":{"Tempo di lettura stimato":"2 minuti"},"schema":{"@context":"https:\/\/schema.org","@graph":[{"@type":"WebPage","@id":"https:\/\/aztex.ee\/it\/a-proposito-di-aztex\/","url":"https:\/\/aztex.ee\/it\/a-proposito-di-aztex\/","name":"A proposito di AZTEX | Tessili per la casa e biancheria da letto di qualit\u00e0","isPartOf":{"@id":"https:\/\/aztex.ee\/it\/#website"},"datePublished":"2026-03-16T07:17:40+00:00","dateModified":"2026-03-16T10:22:58+00:00","description":"AZTEX \u00e8 un marchio internazionale di tessili per la casa che offre biancheria da letto e prodotti tessili di alta qualit\u00e0 a clienti in tutto il mondo. Il marchio \u00e8 gestito da AZTEX Eesti O\u00dc, una filiale di Minu Baltic O\u00dc. AZTEX \u00e8 stata fondata dall'imprenditore Farid Ismayilov.","breadcrumb":{"@id":"https:\/\/aztex.ee\/it\/a-proposito-di-aztex\/#breadcrumb"},"inLanguage":"it-IT","potentialAction":[{"@type":"ReadAction","target":["https:\/\/aztex.ee\/it\/a-proposito-di-aztex\/"]}]},{"@type":"BreadcrumbList","@id":"https:\/\/aztex.ee\/it\/a-proposito-di-aztex\/#breadcrumb","itemListElement":[{"@type":"ListItem","position":1,"name":"Pagina Iniziale","item":"https:\/\/aztex.ee\/it\/"},{"@type":"ListItem","position":2,"name":"A proposito di AZTEX"}]},{"@type":"WebSite","@id":"https:\/\/aztex.ee\/it\/#website","url":"https:\/\/aztex.ee\/it\/","name":"AZTEX","description":"","publisher":{"@id":"https:\/\/aztex.ee\/it\/#organization"},"potentialAction":[{"@type":"SearchAction","target":{"@type":"EntryPoint","urlTemplate":"https:\/\/aztex.ee\/it\/?s={search_term_string}"},"query-input":{"@type":"PropertyValueSpecification","valueRequired":true,"valueName":"search_term_string"}}],"inLanguage":"it-IT"},{"@type":"Organization","@id":"https:\/\/aztex.ee\/it\/#organization","name":"AZTEX","url":"https:\/\/aztex.ee\/it\/","logo":{"@type":"ImageObject","inLanguage":"it-IT","@id":"https:\/\/aztex.ee\/it\/#\/schema\/logo\/image\/","url":"https:\/\/aztex.ee\/wp-content\/uploads\/2026\/01\/AZTEX.png","contentUrl":"https:\/\/aztex.ee\/wp-content\/uploads\/2026\/01\/AZTEX.png","width":500,"height":500,"caption":"AZTEX"},"image":{"@id":"https:\/\/aztex.ee\/it\/#\/schema\/logo\/image\/"},"sameAs":["https:\/\/www.facebook.com\/AztexEE","https:\/\/www.instagram.com\/aztexeesti\/","https:\/\/www.youtube.com\/@AZTEXEE","https:\/\/www.pinterest.com\/aztex_eesti\/","https:\/\/www.tiktok.com\/@aztexeesti","https:\/\/www.trustpilot.com\/review\/aztex.ee","https:\/\/www.linkedin.com\/company\/aztex-ee\/","https:\/\/www.wikidata.org\/wiki\/Q137560182"]}]}},"_links":{"self":[{"href":"https:\/\/aztex.ee\/it\/wp-json\/wp\/v2\/pages\/107155","targetHints":{"allow":["GET"]}}],"collection":[{"href":"https:\/\/aztex.ee\/it\/wp-json\/wp\/v2\/pages"}],"about":[{"href":"https:\/\/aztex.ee\/it\/wp-json\/wp\/v2\/types\/page"}],"author":[{"embeddable":true,"href":"https:\/\/aztex.ee\/it\/wp-json\/wp\/v2\/users\/1"}],"replies":[{"embeddable":true,"href":"https:\/\/aztex.ee\/it\/wp-json\/wp\/v2\/comments?post=107155"}],"version-history":[{"count":4,"href":"https:\/\/aztex.ee\/it\/wp-json\/wp\/v2\/pages\/107155\/revisions"}],"predecessor-version":[{"id":107216,"href":"https:\/\/aztex.ee\/it\/wp-json\/wp\/v2\/pages\/107155\/revisions\/107216"}],"wp:attachment":[{"href":"https:\/\/aztex.ee\/it\/wp-json\/wp\/v2\/media?parent=107155"}],"curies":[{"name":"wp","href":"https:\/\/api.w.org\/{rel}","templated":true}]}}