{"id":97218,"date":"2025-11-29T19:00:55","date_gmt":"2025-11-29T19:00:55","guid":{"rendered":"https:\/\/aztex.ee\/?post_type=product&#038;p=97218"},"modified":"2026-04-07T12:51:20","modified_gmt":"2026-04-07T12:51:20","slug":"pamut-torolkozo-szett-6-db","status":"publish","type":"product","link":"https:\/\/aztex.ee\/hu\/pood\/torolkozok-es-furdolepedok\/pamut-torolkozo-szett-6-db\/","title":{"rendered":"Pamut t\u00f6r\u00f6lk\u00f6z\u0151 szett 6 db"},"content":{"rendered":"<p><strong>6 darabos pamut t\u00f6r\u00f6lk\u00f6z\u0151 szett<\/strong><\/p>\n<p><strong>Anyag \u00e9s m\u00e9retek<\/strong><br \/>\nA 6 darabos pamut t\u00f6r\u00f6lk\u00f6z\u0151 szett 100%-ban term\u00e9szetes pamutb\u00f3l k\u00e9sz\u00fclt. Mind a hat t\u00f6r\u00f6lk\u00f6z\u0151 m\u00e9rete 35&#215;75 cm. A puha \u00e9s l\u00e9g\u00e1tereszt\u0151 anyag kiv\u00e1l\u00f3 nedvsz\u00edv\u00f3 k\u00e9pess\u00e9get \u00e9s k\u00e9nyelmet biztos\u00edt minden helyzetben. A kiv\u00e1l\u00f3 min\u0151s\u00e9g azt jelenti, hogy a t\u00f6r\u00f6lk\u00f6z\u0151k ism\u00e9telt mos\u00e1s ut\u00e1n is meg\u0151rzik form\u00e1jukat \u00e9s puhas\u00e1gukat, \u00edgy hossz\u00fa \u00e9lettartamot biztos\u00edtanak.<\/p>\n<p><strong>Diz\u00e1jn \u00e9s st\u00edlus<\/strong><br \/>\nAz egyszer\u0171 kialak\u00edt\u00e1s\u00fa pamutt\u00f6r\u00f6lk\u00f6z\u0151k b\u00e1rmilyen f\u00fcrd\u0151szob\u00e1ba \u00e9s konyh\u00e1ba alkalmasak. Semleges t\u00f3nus\u00fa \u00e9s minimalista kidolgoz\u00e1s\u00fa t\u00f6r\u00f6lk\u00f6z\u0151k st\u00edlust \u00e9s eleganci\u00e1t k\u00f6lcs\u00f6n\u00f6znek a helyis\u00e9gnek, mik\u00f6zben praktikusak \u00e9s k\u00f6nnyen kombin\u00e1lhat\u00f3k m\u00e1s f\u00fcrd\u0151szobai kieg\u00e9sz\u00edt\u0151kkel. Klasszikus \u00e9s modern enteri\u0151r\u00f6kbe egyar\u00e1nt alkalmasak.<\/p>\n<p><strong>Tart\u00f3ss\u00e1g \u00e9s \u00e1pol\u00e1s<\/strong><br \/>\nA t\u00f6r\u00f6lk\u00f6z\u0151k er\u0151sek \u00e9s tart\u00f3sak, ami hossz\u00fa t\u00e1v\u00fa haszn\u00e1latot biztos\u00edt. A kiv\u00e1l\u00f3 min\u0151s\u00e9g\u0171 varr\u00e1snak \u00e9s a s\u0171r\u0171 sz\u00f6v\u00e9s\u0171 anyagnak k\u00f6sz\u00f6nhet\u0151en t\u00f6bbsz\u00f6ri mos\u00e1s ut\u00e1n is meg\u0151rzik form\u00e1jukat \u00e9s puhas\u00e1gukat. A norm\u00e1l h\u0151m\u00e9rs\u00e9kleten t\u00f6rt\u00e9n\u0151 mos\u00f3g\u00e9pben t\u00f6rt\u00e9n\u0151 mos\u00e1s egyszer\u0171v\u00e9 \u00e9s k\u00e9nyelmess\u00e9 teszi az \u00e1pol\u00e1st, \u00e9s a t\u00f6r\u00f6lk\u00f6z\u0151k sok\u00e1ig sz\u00e9pek maradnak.<\/p>\n<p><strong>Nedvsz\u00edv\u00f3 k\u00e9pess\u00e9g \u00e9s k\u00e9nyelem<\/strong><br \/>\nA k\u00e9szletben tal\u00e1lhat\u00f3 t\u00f6r\u00f6lk\u00f6z\u0151k nagy nedvsz\u00edv\u00f3 k\u00e9pess\u00e9g\u0171ek, \u00edgy biztos\u00edtva a gyors \u00e9s hat\u00e9kony sz\u00e1rad\u00e1st. A puha text\u00fara kellemess\u00e9 teszi a t\u00f6r\u00f6lk\u00f6z\u0151k haszn\u00e1lat\u00e1t, \u00e9s luxus\u00e9rzetet k\u00f6lcs\u00f6n\u00f6z a mindennapi f\u00fcrd\u0151szobai \u00e9lm\u00e9nynek. A t\u00f6r\u00f6lk\u00f6z\u0151k kiv\u00e1l\u00f3an alkalmasak wellness- vagy nyaral\u00e1si kir\u00e1ndul\u00e1sokra is, ahol a k\u00e9nyelem \u00e9s a min\u0151s\u00e9g a legfontosabb.<\/p>\n<p><strong>Felhaszn\u00e1l\u00e1si lehet\u0151s\u00e9gek \u00e9s praktikum<\/strong><br \/>\nA k\u00e9szlet ide\u00e1lis mindennapi otthoni, wellness- vagy nyaral\u00e1sbeli haszn\u00e1latra. Mind a hat t\u00f6r\u00f6lk\u00f6z\u0151 35&#215;75 cm m\u00e9ret\u0171, \u00edgy a k\u00e9szlet k\u00f6nnyen haszn\u00e1lhat\u00f3 \u00e9s praktikus megold\u00e1st k\u00edn\u00e1l b\u00e1rmilyen f\u00fcrd\u0151szob\u00e1ba vagy konyh\u00e1ba. A k\u00e9szlet ide\u00e1lis aj\u00e1nd\u00e9k is, amely k\u00e9nyelmet \u00e9s st\u00edlust visz b\u00e1rmilyen helyis\u00e9gbe.<\/p>\n","protected":false},"excerpt":{"rendered":"<ul>\n<li>Anyaga: 100% pamut<\/li>\n<li>M\u00e9rete: 35\u00d775 cm \u00b13<\/li>\n<li>S\u00faly: 420g\/m2<\/li>\n<li>A k\u00e9szlet tartalma: 6 db<\/li>\n<\/ul>\n","protected":false},"featured_media":97744,"comment_status":"open","ping_status":"closed","template":"","meta":[],"product_brand":[],"product_cat":[777,1571,1732,482],"product_tag":[],"class_list":{"0":"post-97218","1":"product","2":"type-product","3":"status-publish","4":"has-post-thumbnail","6":"product_cat-torolkozo-35x75-cm","7":"product_cat-torolkozo-szettek","8":"product_cat-torolkozok","9":"product_cat-torolkozok-es-furdolepedok","11":"first","12":"instock","13":"shipping-taxable","14":"purchasable","15":"product-type-variable"},"yoast_head":"<!-- This site is optimized with the Yoast SEO plugin v27.4 - https:\/\/yoast.com\/product\/yoast-seo-wordpress\/ -->\n<title>Pamut t\u00f6r\u00f6lk\u00f6z\u0151 szett 6 db | AZTEX<\/title>\n<meta name=\"description\" content=\"V\u00e1s\u00e1rolj 6 darabos pamut t\u00f6r\u00f6lk\u00f6z\u0151 szettet kedvez\u0151 \u00e1ron. A puha, nedvsz\u00edv\u00f3 pamut kellemes \u00e9lm\u00e9nyt ny\u00fajt, m\u00edg a kiv\u00e1l\u00f3 min\u0151s\u00e9g\u0171 kidolgoz\u00e1s tart\u00f3s k\u00e9nyelmet biztos\u00edt b\u00e1rmely otthonban.\" \/>\n<meta name=\"robots\" content=\"index, follow, max-snippet:-1, max-image-preview:large, max-video-preview:-1\" \/>\n<link rel=\"canonical\" href=\"https:\/\/aztex.ee\/hu\/pood\/torolkozok-es-furdolepedok\/pamut-torolkozo-szett-6-db\/\" \/>\n<meta property=\"og:locale\" content=\"hu_HU\" \/>\n<meta property=\"og:type\" content=\"article\" \/>\n<meta property=\"og:title\" content=\"Pamut t\u00f6r\u00f6lk\u00f6z\u0151 szett 6 db | AZTEX\" \/>\n<meta property=\"og:description\" content=\"V\u00e1s\u00e1rolj 6 darabos pamut t\u00f6r\u00f6lk\u00f6z\u0151 szettet kedvez\u0151 \u00e1ron. A puha, nedvsz\u00edv\u00f3 pamut kellemes \u00e9lm\u00e9nyt ny\u00fajt, m\u00edg a kiv\u00e1l\u00f3 min\u0151s\u00e9g\u0171 kidolgoz\u00e1s tart\u00f3s k\u00e9nyelmet biztos\u00edt b\u00e1rmely otthonban.\" \/>\n<meta property=\"og:url\" content=\"https:\/\/aztex.ee\/hu\/pood\/torolkozok-es-furdolepedok\/pamut-torolkozo-szett-6-db\/\" \/>\n<meta property=\"og:site_name\" content=\"AZTEX\" \/>\n<meta property=\"article:publisher\" content=\"https:\/\/www.facebook.com\/AztexEE\" \/>\n<meta property=\"article:modified_time\" content=\"2026-04-07T12:51:20+00:00\" \/>\n<meta property=\"og:image\" content=\"https:\/\/aztex.ee\/wp-content\/uploads\/2025\/11\/Puuvillaste-ratikute-komplekt-6-tk-Seguvarvid-2.jpg\" \/>\n\t<meta property=\"og:image:width\" content=\"800\" \/>\n\t<meta property=\"og:image:height\" content=\"800\" \/>\n\t<meta property=\"og:image:type\" content=\"image\/jpeg\" \/>\n<meta name=\"twitter:card\" content=\"summary_large_image\" \/>\n<meta name=\"twitter:label1\" content=\"Becs\u00fclt olvas\u00e1si id\u0151\" \/>\n\t<meta name=\"twitter:data1\" content=\"2 perc\" \/>\n<script type=\"application\/ld+json\" class=\"yoast-schema-graph\">{\"@context\":\"https:\\\/\\\/schema.org\",\"@graph\":[{\"@type\":[\"WebPage\",\"ItemPage\"],\"@id\":\"https:\\\/\\\/aztex.ee\\\/hu\\\/pood\\\/torolkozok-es-furdolepedok\\\/pamut-torolkozo-szett-6-db\\\/\",\"url\":\"https:\\\/\\\/aztex.ee\\\/hu\\\/pood\\\/torolkozok-es-furdolepedok\\\/pamut-torolkozo-szett-6-db\\\/\",\"name\":\"Pamut t\u00f6r\u00f6lk\u00f6z\u0151 szett 6 db | AZTEX\",\"isPartOf\":{\"@id\":\"https:\\\/\\\/aztex.ee\\\/hu\\\/#website\"},\"primaryImageOfPage\":{\"@id\":\"https:\\\/\\\/aztex.ee\\\/hu\\\/pood\\\/torolkozok-es-furdolepedok\\\/pamut-torolkozo-szett-6-db\\\/#primaryimage\"},\"image\":{\"@id\":\"https:\\\/\\\/aztex.ee\\\/hu\\\/pood\\\/torolkozok-es-furdolepedok\\\/pamut-torolkozo-szett-6-db\\\/#primaryimage\"},\"thumbnailUrl\":\"https:\\\/\\\/aztex.ee\\\/wp-content\\\/uploads\\\/2025\\\/11\\\/Puuvillaste-ratikute-komplekt-6-tk-Seguvarvid-2.jpg\",\"datePublished\":\"2025-11-29T19:00:55+00:00\",\"dateModified\":\"2026-04-07T12:51:20+00:00\",\"description\":\"V\u00e1s\u00e1rolj 6 darabos pamut t\u00f6r\u00f6lk\u00f6z\u0151 szettet kedvez\u0151 \u00e1ron. A puha, nedvsz\u00edv\u00f3 pamut kellemes \u00e9lm\u00e9nyt ny\u00fajt, m\u00edg a kiv\u00e1l\u00f3 min\u0151s\u00e9g\u0171 kidolgoz\u00e1s tart\u00f3s k\u00e9nyelmet biztos\u00edt b\u00e1rmely otthonban.\",\"breadcrumb\":{\"@id\":\"https:\\\/\\\/aztex.ee\\\/hu\\\/pood\\\/torolkozok-es-furdolepedok\\\/pamut-torolkozo-szett-6-db\\\/#breadcrumb\"},\"inLanguage\":\"hu\",\"potentialAction\":[{\"@type\":\"ReadAction\",\"target\":[\"https:\\\/\\\/aztex.ee\\\/hu\\\/pood\\\/torolkozok-es-furdolepedok\\\/pamut-torolkozo-szett-6-db\\\/\"]}]},{\"@type\":\"ImageObject\",\"inLanguage\":\"hu\",\"@id\":\"https:\\\/\\\/aztex.ee\\\/hu\\\/pood\\\/torolkozok-es-furdolepedok\\\/pamut-torolkozo-szett-6-db\\\/#primaryimage\",\"url\":\"https:\\\/\\\/aztex.ee\\\/wp-content\\\/uploads\\\/2025\\\/11\\\/Puuvillaste-ratikute-komplekt-6-tk-Seguvarvid-2.jpg\",\"contentUrl\":\"https:\\\/\\\/aztex.ee\\\/wp-content\\\/uploads\\\/2025\\\/11\\\/Puuvillaste-ratikute-komplekt-6-tk-Seguvarvid-2.jpg\",\"width\":800,\"height\":800,\"caption\":\"Puuvillaste r\u00e4tikute komplekt 6 tk Seguv\u00e4rvid 2\"},{\"@type\":\"BreadcrumbList\",\"@id\":\"https:\\\/\\\/aztex.ee\\\/hu\\\/pood\\\/torolkozok-es-furdolepedok\\\/pamut-torolkozo-szett-6-db\\\/#breadcrumb\",\"itemListElement\":[{\"@type\":\"ListItem\",\"position\":1,\"name\":\"F\u0151oldal\",\"item\":\"https:\\\/\\\/aztex.ee\\\/hu\\\/\"},{\"@type\":\"ListItem\",\"position\":2,\"name\":\"Web\u00e1ruh\u00e1z\",\"item\":\"https:\\\/\\\/aztex.ee\\\/hu\\\/webaruhaz\\\/\"},{\"@type\":\"ListItem\",\"position\":3,\"name\":\"Pamut t\u00f6r\u00f6lk\u00f6z\u0151 szett 6 db\"}]},{\"@type\":\"WebSite\",\"@id\":\"https:\\\/\\\/aztex.ee\\\/hu\\\/#website\",\"url\":\"https:\\\/\\\/aztex.ee\\\/hu\\\/\",\"name\":\"AZTEX\",\"description\":\"\",\"publisher\":{\"@id\":\"https:\\\/\\\/aztex.ee\\\/hu\\\/#organization\"},\"potentialAction\":[{\"@type\":\"SearchAction\",\"target\":{\"@type\":\"EntryPoint\",\"urlTemplate\":\"https:\\\/\\\/aztex.ee\\\/hu\\\/?s={search_term_string}\"},\"query-input\":{\"@type\":\"PropertyValueSpecification\",\"valueRequired\":true,\"valueName\":\"search_term_string\"}}],\"inLanguage\":\"hu\"},{\"@type\":\"Organization\",\"@id\":\"https:\\\/\\\/aztex.ee\\\/hu\\\/#organization\",\"name\":\"AZTEX\",\"url\":\"https:\\\/\\\/aztex.ee\\\/hu\\\/\",\"logo\":{\"@type\":\"ImageObject\",\"inLanguage\":\"hu\",\"@id\":\"https:\\\/\\\/aztex.ee\\\/hu\\\/#\\\/schema\\\/logo\\\/image\\\/\",\"url\":\"https:\\\/\\\/aztex.ee\\\/wp-content\\\/uploads\\\/2026\\\/01\\\/AZTEX.png\",\"contentUrl\":\"https:\\\/\\\/aztex.ee\\\/wp-content\\\/uploads\\\/2026\\\/01\\\/AZTEX.png\",\"width\":500,\"height\":500,\"caption\":\"AZTEX\"},\"image\":{\"@id\":\"https:\\\/\\\/aztex.ee\\\/hu\\\/#\\\/schema\\\/logo\\\/image\\\/\"},\"sameAs\":[\"https:\\\/\\\/www.facebook.com\\\/AztexEE\",\"https:\\\/\\\/www.instagram.com\\\/aztexeesti\\\/\",\"https:\\\/\\\/www.youtube.com\\\/@AZTEXEE\",\"https:\\\/\\\/www.pinterest.com\\\/aztex_eesti\\\/\",\"https:\\\/\\\/www.tiktok.com\\\/@aztexeesti\",\"https:\\\/\\\/www.trustpilot.com\\\/review\\\/aztex.ee\",\"https:\\\/\\\/www.linkedin.com\\\/company\\\/aztex-ee\\\/\",\"https:\\\/\\\/www.wikidata.org\\\/wiki\\\/Q137560182\"]}]}<\/script>\n<!-- \/ Yoast SEO plugin. -->","yoast_head_json":{"title":"Pamut t\u00f6r\u00f6lk\u00f6z\u0151 szett 6 db | AZTEX","description":"V\u00e1s\u00e1rolj 6 darabos pamut t\u00f6r\u00f6lk\u00f6z\u0151 szettet kedvez\u0151 \u00e1ron. A puha, nedvsz\u00edv\u00f3 pamut kellemes \u00e9lm\u00e9nyt ny\u00fajt, m\u00edg a kiv\u00e1l\u00f3 min\u0151s\u00e9g\u0171 kidolgoz\u00e1s tart\u00f3s k\u00e9nyelmet biztos\u00edt b\u00e1rmely otthonban.","robots":{"index":"index","follow":"follow","max-snippet":"max-snippet:-1","max-image-preview":"max-image-preview:large","max-video-preview":"max-video-preview:-1"},"canonical":"https:\/\/aztex.ee\/hu\/pood\/torolkozok-es-furdolepedok\/pamut-torolkozo-szett-6-db\/","og_locale":"hu_HU","og_type":"article","og_title":"Pamut t\u00f6r\u00f6lk\u00f6z\u0151 szett 6 db | AZTEX","og_description":"V\u00e1s\u00e1rolj 6 darabos pamut t\u00f6r\u00f6lk\u00f6z\u0151 szettet kedvez\u0151 \u00e1ron. A puha, nedvsz\u00edv\u00f3 pamut kellemes \u00e9lm\u00e9nyt ny\u00fajt, m\u00edg a kiv\u00e1l\u00f3 min\u0151s\u00e9g\u0171 kidolgoz\u00e1s tart\u00f3s k\u00e9nyelmet biztos\u00edt b\u00e1rmely otthonban.","og_url":"https:\/\/aztex.ee\/hu\/pood\/torolkozok-es-furdolepedok\/pamut-torolkozo-szett-6-db\/","og_site_name":"AZTEX","article_publisher":"https:\/\/www.facebook.com\/AztexEE","article_modified_time":"2026-04-07T12:51:20+00:00","og_image":[{"width":800,"height":800,"url":"https:\/\/aztex.ee\/wp-content\/uploads\/2025\/11\/Puuvillaste-ratikute-komplekt-6-tk-Seguvarvid-2.jpg","type":"image\/jpeg"}],"twitter_card":"summary_large_image","twitter_misc":{"Becs\u00fclt olvas\u00e1si id\u0151":"2 perc"},"schema":{"@context":"https:\/\/schema.org","@graph":[{"@type":["WebPage","ItemPage"],"@id":"https:\/\/aztex.ee\/hu\/pood\/torolkozok-es-furdolepedok\/pamut-torolkozo-szett-6-db\/","url":"https:\/\/aztex.ee\/hu\/pood\/torolkozok-es-furdolepedok\/pamut-torolkozo-szett-6-db\/","name":"Pamut t\u00f6r\u00f6lk\u00f6z\u0151 szett 6 db | AZTEX","isPartOf":{"@id":"https:\/\/aztex.ee\/hu\/#website"},"primaryImageOfPage":{"@id":"https:\/\/aztex.ee\/hu\/pood\/torolkozok-es-furdolepedok\/pamut-torolkozo-szett-6-db\/#primaryimage"},"image":{"@id":"https:\/\/aztex.ee\/hu\/pood\/torolkozok-es-furdolepedok\/pamut-torolkozo-szett-6-db\/#primaryimage"},"thumbnailUrl":"https:\/\/aztex.ee\/wp-content\/uploads\/2025\/11\/Puuvillaste-ratikute-komplekt-6-tk-Seguvarvid-2.jpg","datePublished":"2025-11-29T19:00:55+00:00","dateModified":"2026-04-07T12:51:20+00:00","description":"V\u00e1s\u00e1rolj 6 darabos pamut t\u00f6r\u00f6lk\u00f6z\u0151 szettet kedvez\u0151 \u00e1ron. A puha, nedvsz\u00edv\u00f3 pamut kellemes \u00e9lm\u00e9nyt ny\u00fajt, m\u00edg a kiv\u00e1l\u00f3 min\u0151s\u00e9g\u0171 kidolgoz\u00e1s tart\u00f3s k\u00e9nyelmet biztos\u00edt b\u00e1rmely otthonban.","breadcrumb":{"@id":"https:\/\/aztex.ee\/hu\/pood\/torolkozok-es-furdolepedok\/pamut-torolkozo-szett-6-db\/#breadcrumb"},"inLanguage":"hu","potentialAction":[{"@type":"ReadAction","target":["https:\/\/aztex.ee\/hu\/pood\/torolkozok-es-furdolepedok\/pamut-torolkozo-szett-6-db\/"]}]},{"@type":"ImageObject","inLanguage":"hu","@id":"https:\/\/aztex.ee\/hu\/pood\/torolkozok-es-furdolepedok\/pamut-torolkozo-szett-6-db\/#primaryimage","url":"https:\/\/aztex.ee\/wp-content\/uploads\/2025\/11\/Puuvillaste-ratikute-komplekt-6-tk-Seguvarvid-2.jpg","contentUrl":"https:\/\/aztex.ee\/wp-content\/uploads\/2025\/11\/Puuvillaste-ratikute-komplekt-6-tk-Seguvarvid-2.jpg","width":800,"height":800,"caption":"Puuvillaste r\u00e4tikute komplekt 6 tk Seguv\u00e4rvid 2"},{"@type":"BreadcrumbList","@id":"https:\/\/aztex.ee\/hu\/pood\/torolkozok-es-furdolepedok\/pamut-torolkozo-szett-6-db\/#breadcrumb","itemListElement":[{"@type":"ListItem","position":1,"name":"F\u0151oldal","item":"https:\/\/aztex.ee\/hu\/"},{"@type":"ListItem","position":2,"name":"Web\u00e1ruh\u00e1z","item":"https:\/\/aztex.ee\/hu\/webaruhaz\/"},{"@type":"ListItem","position":3,"name":"Pamut t\u00f6r\u00f6lk\u00f6z\u0151 szett 6 db"}]},{"@type":"WebSite","@id":"https:\/\/aztex.ee\/hu\/#website","url":"https:\/\/aztex.ee\/hu\/","name":"AZTEX","description":"","publisher":{"@id":"https:\/\/aztex.ee\/hu\/#organization"},"potentialAction":[{"@type":"SearchAction","target":{"@type":"EntryPoint","urlTemplate":"https:\/\/aztex.ee\/hu\/?s={search_term_string}"},"query-input":{"@type":"PropertyValueSpecification","valueRequired":true,"valueName":"search_term_string"}}],"inLanguage":"hu"},{"@type":"Organization","@id":"https:\/\/aztex.ee\/hu\/#organization","name":"AZTEX","url":"https:\/\/aztex.ee\/hu\/","logo":{"@type":"ImageObject","inLanguage":"hu","@id":"https:\/\/aztex.ee\/hu\/#\/schema\/logo\/image\/","url":"https:\/\/aztex.ee\/wp-content\/uploads\/2026\/01\/AZTEX.png","contentUrl":"https:\/\/aztex.ee\/wp-content\/uploads\/2026\/01\/AZTEX.png","width":500,"height":500,"caption":"AZTEX"},"image":{"@id":"https:\/\/aztex.ee\/hu\/#\/schema\/logo\/image\/"},"sameAs":["https:\/\/www.facebook.com\/AztexEE","https:\/\/www.instagram.com\/aztexeesti\/","https:\/\/www.youtube.com\/@AZTEXEE","https:\/\/www.pinterest.com\/aztex_eesti\/","https:\/\/www.tiktok.com\/@aztexeesti","https:\/\/www.trustpilot.com\/review\/aztex.ee","https:\/\/www.linkedin.com\/company\/aztex-ee\/","https:\/\/www.wikidata.org\/wiki\/Q137560182"]}]}},"_links":{"self":[{"href":"https:\/\/aztex.ee\/hu\/wp-json\/wp\/v2\/product\/97218","targetHints":{"allow":["GET"]}}],"collection":[{"href":"https:\/\/aztex.ee\/hu\/wp-json\/wp\/v2\/product"}],"about":[{"href":"https:\/\/aztex.ee\/hu\/wp-json\/wp\/v2\/types\/product"}],"replies":[{"embeddable":true,"href":"https:\/\/aztex.ee\/hu\/wp-json\/wp\/v2\/comments?post=97218"}],"version-history":[{"count":3,"href":"https:\/\/aztex.ee\/hu\/wp-json\/wp\/v2\/product\/97218\/revisions"}],"predecessor-version":[{"id":97971,"href":"https:\/\/aztex.ee\/hu\/wp-json\/wp\/v2\/product\/97218\/revisions\/97971"}],"wp:featuredmedia":[{"embeddable":true,"href":"https:\/\/aztex.ee\/hu\/wp-json\/wp\/v2\/media\/97744"}],"wp:attachment":[{"href":"https:\/\/aztex.ee\/hu\/wp-json\/wp\/v2\/media?parent=97218"}],"wp:term":[{"taxonomy":"product_brand","embeddable":true,"href":"https:\/\/aztex.ee\/hu\/wp-json\/wp\/v2\/product_brand?post=97218"},{"taxonomy":"product_cat","embeddable":true,"href":"https:\/\/aztex.ee\/hu\/wp-json\/wp\/v2\/product_cat?post=97218"},{"taxonomy":"product_tag","embeddable":true,"href":"https:\/\/aztex.ee\/hu\/wp-json\/wp\/v2\/product_tag?post=97218"}],"curies":[{"name":"wp","href":"https:\/\/api.w.org\/{rel}","templated":true}]}}