{"id":95334,"date":"2025-10-07T06:07:07","date_gmt":"2025-10-07T06:07:07","guid":{"rendered":"https:\/\/aztex.ee\/?post_type=product&#038;p=95334"},"modified":"2026-04-12T12:51:08","modified_gmt":"2026-04-12T12:51:08","slug":"pamut-szaten-agynemuhuzatok-gyongykert","status":"publish","type":"product","link":"https:\/\/aztex.ee\/hu\/pood\/agynemuk\/pamut-szaten-agynemuhuzatok-gyongykert\/","title":{"rendered":"Pamut szat\u00e9n \u00e1gynem\u0171huzatok | Gy\u00f6ngykert"},"content":{"rendered":"<p>Pamut szat\u00e9n \u00e1gynem\u0171k\u00e9szlet puhas\u00e1got \u00e9s k\u00e9nyelmet k\u00f6lcs\u00f6n\u00f6z h\u00e1l\u00f3szob\u00e1j\u00e1nak. A pamut term\u00e9szetess\u00e9g\u00e9t a szat\u00e9n simas\u00e1g\u00e1val \u00f6tv\u00f6zi, l\u00e9legz\u0151 \u00e9s b\u0151rbar\u00e1t anyagot k\u00edn\u00e1lva, amely ide\u00e1lis a mindennapi haszn\u00e1latra. Az anyag strapab\u00edr\u00f3 \u00e9s k\u00f6nnyen \u00e1polhat\u00f3, t\u00f6bbsz\u00f6ri mos\u00e1s ut\u00e1n is meg\u0151rzi puhas\u00e1g\u00e1t. A pamut szat\u00e9n \u00e1gynem\u0171 nagyszer\u0171 v\u00e1laszt\u00e1s, ha \u00e9rt\u00e9keli a min\u0151s\u00e9gi alv\u00e1st \u00e9s a kellemes \u00e9jszakai \u00e9rint\u00e9st.<\/p>\n","protected":false},"excerpt":{"rendered":"<p>Pamut szat\u00e9n \u00e1gynem\u0171garnit\u00fara biztos\u00edtja a k\u00e9nyelmet \u00e9s a min\u0151s\u00e9gi alv\u00e1st.<\/p>\n<ul>\n<li>Anyaga: 100% pamut<\/li>\n<li>Sz\u00f6vet: Szat\u00e9n<\/li>\n<li>Sz\u00e1lak sz\u00e1ma: 300 TC<\/li>\n<li>Paplanhuzat: 200\u00d7220 cm<\/li>\n<li>P\u00e1rnahuzat: 50\u00d775 cm (2db)<\/li>\n<li>Leped\u0151: Nem tartoz\u00e9k<\/li>\n<li>K\u00e9nyelem: L\u00e9g\u00e1tereszt\u0151 \u00e9s puha text\u00fara<\/li>\n<\/ul>\n<p><img loading=\"lazy\" decoding=\"async\" class=\"alignnone size-full wp-image-25956\" src=\"https:\/\/aztex.ee\/wp-content\/uploads\/2024\/09\/cotton87.png\" alt=\"\" width=\"188\" height=\"71\" srcset=\"https:\/\/aztex.ee\/wp-content\/uploads\/2024\/09\/cotton87.png 188w, https:\/\/aztex.ee\/wp-content\/uploads\/2024\/09\/cotton87-150x57.png 150w\" sizes=\"auto, (max-width: 188px) 100vw, 188px\" \/><\/p>\n","protected":false},"featured_media":95356,"comment_status":"open","ping_status":"closed","template":"","meta":[],"product_brand":[],"product_cat":[499,202,276,205,383,600],"product_tag":[],"class_list":{"0":"post-95334","1":"product","2":"type-product","3":"status-publish","4":"has-post-thumbnail","6":"product_cat-agynemu-szettek","7":"product_cat-agynemuk","8":"product_cat-pamut-agynemu-200-220","9":"product_cat-pamut-agynemuk","10":"product_cat-szaten-agynemu","11":"product_cat-szaten-agynemu-szettek","13":"first","14":"instock","15":"shipping-taxable","16":"purchasable","17":"product-type-simple"},"yoast_head":"<!-- This site is optimized with the Yoast SEO plugin v27.3 - https:\/\/yoast.com\/product\/yoast-seo-wordpress\/ -->\n<title>Dupla \u00e1gynem\u0171huzat 200x220 - Gy\u00f6ngykert | AZTEX<\/title>\n<meta name=\"description\" content=\"200x220-as \u00e1gynem\u0171 garnit\u00fara - luxus pamut szat\u00e9n \u00e1gynem\u0171. 100% kiv\u00e1l\u00f3 min\u0151s\u00e9g\u0171 pamut szat\u00e9nb\u00f3l k\u00e9sz\u00fclt a k\u00e9nyelmes alv\u00e1s \u00e9s az eleg\u00e1ns h\u00e1l\u00f3szoba \u00e9rdek\u00e9ben.\" \/>\n<meta name=\"robots\" content=\"index, follow, max-snippet:-1, max-image-preview:large, max-video-preview:-1\" \/>\n<link rel=\"canonical\" href=\"https:\/\/aztex.ee\/hu\/pood\/agynemuk\/pamut-szaten-agynemuhuzatok-gyongykert\/\" \/>\n<meta property=\"og:locale\" content=\"hu_HU\" \/>\n<meta property=\"og:type\" content=\"article\" \/>\n<meta property=\"og:title\" content=\"Dupla \u00e1gynem\u0171huzat 200x220 - Gy\u00f6ngykert | AZTEX\" \/>\n<meta property=\"og:description\" content=\"200x220-as \u00e1gynem\u0171 garnit\u00fara - luxus pamut szat\u00e9n \u00e1gynem\u0171. 100% kiv\u00e1l\u00f3 min\u0151s\u00e9g\u0171 pamut szat\u00e9nb\u00f3l k\u00e9sz\u00fclt a k\u00e9nyelmes alv\u00e1s \u00e9s az eleg\u00e1ns h\u00e1l\u00f3szoba \u00e9rdek\u00e9ben.\" \/>\n<meta property=\"og:url\" content=\"https:\/\/aztex.ee\/hu\/pood\/agynemuk\/pamut-szaten-agynemuhuzatok-gyongykert\/\" \/>\n<meta property=\"og:site_name\" content=\"AZTEX\" \/>\n<meta property=\"article:publisher\" content=\"https:\/\/www.facebook.com\/AztexEE\" \/>\n<meta property=\"article:modified_time\" content=\"2026-04-12T12:51:08+00:00\" \/>\n<meta property=\"og:image\" content=\"https:\/\/aztex.ee\/wp-content\/uploads\/2025\/10\/Voodipesukomplekt-200x220-Parliaed.jpg\" \/>\n\t<meta property=\"og:image:width\" content=\"800\" \/>\n\t<meta property=\"og:image:height\" content=\"800\" \/>\n\t<meta property=\"og:image:type\" content=\"image\/jpeg\" \/>\n<meta name=\"twitter:card\" content=\"summary_large_image\" \/>\n<meta name=\"twitter:label1\" content=\"Becs\u00fclt olvas\u00e1si id\u0151\" \/>\n\t<meta name=\"twitter:data1\" content=\"1 perc\" \/>\n<script type=\"application\/ld+json\" class=\"yoast-schema-graph\">{\"@context\":\"https:\\\/\\\/schema.org\",\"@graph\":[{\"@type\":[\"WebPage\",\"ItemPage\"],\"@id\":\"https:\\\/\\\/aztex.ee\\\/hu\\\/pood\\\/agynemuk\\\/pamut-szaten-agynemuhuzatok-gyongykert\\\/\",\"url\":\"https:\\\/\\\/aztex.ee\\\/hu\\\/pood\\\/agynemuk\\\/pamut-szaten-agynemuhuzatok-gyongykert\\\/\",\"name\":\"Dupla \u00e1gynem\u0171huzat 200x220 - Gy\u00f6ngykert | AZTEX\",\"isPartOf\":{\"@id\":\"https:\\\/\\\/aztex.ee\\\/hu\\\/#website\"},\"primaryImageOfPage\":{\"@id\":\"https:\\\/\\\/aztex.ee\\\/hu\\\/pood\\\/agynemuk\\\/pamut-szaten-agynemuhuzatok-gyongykert\\\/#primaryimage\"},\"image\":{\"@id\":\"https:\\\/\\\/aztex.ee\\\/hu\\\/pood\\\/agynemuk\\\/pamut-szaten-agynemuhuzatok-gyongykert\\\/#primaryimage\"},\"thumbnailUrl\":\"https:\\\/\\\/aztex.ee\\\/wp-content\\\/uploads\\\/2025\\\/10\\\/Voodipesukomplekt-200x220-Parliaed.jpg\",\"datePublished\":\"2025-10-07T06:07:07+00:00\",\"dateModified\":\"2026-04-12T12:51:08+00:00\",\"description\":\"200x220-as \u00e1gynem\u0171 garnit\u00fara - luxus pamut szat\u00e9n \u00e1gynem\u0171. 100% kiv\u00e1l\u00f3 min\u0151s\u00e9g\u0171 pamut szat\u00e9nb\u00f3l k\u00e9sz\u00fclt a k\u00e9nyelmes alv\u00e1s \u00e9s az eleg\u00e1ns h\u00e1l\u00f3szoba \u00e9rdek\u00e9ben.\",\"breadcrumb\":{\"@id\":\"https:\\\/\\\/aztex.ee\\\/hu\\\/pood\\\/agynemuk\\\/pamut-szaten-agynemuhuzatok-gyongykert\\\/#breadcrumb\"},\"inLanguage\":\"hu\",\"potentialAction\":[{\"@type\":\"ReadAction\",\"target\":[\"https:\\\/\\\/aztex.ee\\\/hu\\\/pood\\\/agynemuk\\\/pamut-szaten-agynemuhuzatok-gyongykert\\\/\"]}]},{\"@type\":\"ImageObject\",\"inLanguage\":\"hu\",\"@id\":\"https:\\\/\\\/aztex.ee\\\/hu\\\/pood\\\/agynemuk\\\/pamut-szaten-agynemuhuzatok-gyongykert\\\/#primaryimage\",\"url\":\"https:\\\/\\\/aztex.ee\\\/wp-content\\\/uploads\\\/2025\\\/10\\\/Voodipesukomplekt-200x220-Parliaed.jpg\",\"contentUrl\":\"https:\\\/\\\/aztex.ee\\\/wp-content\\\/uploads\\\/2025\\\/10\\\/Voodipesukomplekt-200x220-Parliaed.jpg\",\"width\":800,\"height\":800,\"caption\":\"Voodipesukomplekt 200x220 P\u00e4rliaed\"},{\"@type\":\"BreadcrumbList\",\"@id\":\"https:\\\/\\\/aztex.ee\\\/hu\\\/pood\\\/agynemuk\\\/pamut-szaten-agynemuhuzatok-gyongykert\\\/#breadcrumb\",\"itemListElement\":[{\"@type\":\"ListItem\",\"position\":1,\"name\":\"F\u0151oldal\",\"item\":\"https:\\\/\\\/aztex.ee\\\/hu\\\/\"},{\"@type\":\"ListItem\",\"position\":2,\"name\":\"Web\u00e1ruh\u00e1z\",\"item\":\"https:\\\/\\\/aztex.ee\\\/hu\\\/webaruhaz\\\/\"},{\"@type\":\"ListItem\",\"position\":3,\"name\":\"Pamut szat\u00e9n \u00e1gynem\u0171huzatok | Gy\u00f6ngykert\"}]},{\"@type\":\"WebSite\",\"@id\":\"https:\\\/\\\/aztex.ee\\\/hu\\\/#website\",\"url\":\"https:\\\/\\\/aztex.ee\\\/hu\\\/\",\"name\":\"AZTEX\",\"description\":\"\",\"publisher\":{\"@id\":\"https:\\\/\\\/aztex.ee\\\/hu\\\/#organization\"},\"potentialAction\":[{\"@type\":\"SearchAction\",\"target\":{\"@type\":\"EntryPoint\",\"urlTemplate\":\"https:\\\/\\\/aztex.ee\\\/hu\\\/?s={search_term_string}\"},\"query-input\":{\"@type\":\"PropertyValueSpecification\",\"valueRequired\":true,\"valueName\":\"search_term_string\"}}],\"inLanguage\":\"hu\"},{\"@type\":\"Organization\",\"@id\":\"https:\\\/\\\/aztex.ee\\\/hu\\\/#organization\",\"name\":\"AZTEX\",\"url\":\"https:\\\/\\\/aztex.ee\\\/hu\\\/\",\"logo\":{\"@type\":\"ImageObject\",\"inLanguage\":\"hu\",\"@id\":\"https:\\\/\\\/aztex.ee\\\/hu\\\/#\\\/schema\\\/logo\\\/image\\\/\",\"url\":\"https:\\\/\\\/aztex.ee\\\/wp-content\\\/uploads\\\/2026\\\/01\\\/AZTEX.png\",\"contentUrl\":\"https:\\\/\\\/aztex.ee\\\/wp-content\\\/uploads\\\/2026\\\/01\\\/AZTEX.png\",\"width\":500,\"height\":500,\"caption\":\"AZTEX\"},\"image\":{\"@id\":\"https:\\\/\\\/aztex.ee\\\/hu\\\/#\\\/schema\\\/logo\\\/image\\\/\"},\"sameAs\":[\"https:\\\/\\\/www.facebook.com\\\/AztexEE\",\"https:\\\/\\\/www.instagram.com\\\/aztexeesti\\\/\",\"https:\\\/\\\/www.youtube.com\\\/@AZTEXEE\",\"https:\\\/\\\/www.pinterest.com\\\/aztex_eesti\\\/\",\"https:\\\/\\\/www.tiktok.com\\\/@aztexeesti\",\"https:\\\/\\\/www.trustpilot.com\\\/review\\\/aztex.ee\",\"https:\\\/\\\/www.linkedin.com\\\/company\\\/aztex-ee\\\/\",\"https:\\\/\\\/www.wikidata.org\\\/wiki\\\/Q137560182\"]}]}<\/script>\n<!-- \/ Yoast SEO plugin. -->","yoast_head_json":{"title":"Dupla \u00e1gynem\u0171huzat 200x220 - Gy\u00f6ngykert | AZTEX","description":"200x220-as \u00e1gynem\u0171 garnit\u00fara - luxus pamut szat\u00e9n \u00e1gynem\u0171. 100% kiv\u00e1l\u00f3 min\u0151s\u00e9g\u0171 pamut szat\u00e9nb\u00f3l k\u00e9sz\u00fclt a k\u00e9nyelmes alv\u00e1s \u00e9s az eleg\u00e1ns h\u00e1l\u00f3szoba \u00e9rdek\u00e9ben.","robots":{"index":"index","follow":"follow","max-snippet":"max-snippet:-1","max-image-preview":"max-image-preview:large","max-video-preview":"max-video-preview:-1"},"canonical":"https:\/\/aztex.ee\/hu\/pood\/agynemuk\/pamut-szaten-agynemuhuzatok-gyongykert\/","og_locale":"hu_HU","og_type":"article","og_title":"Dupla \u00e1gynem\u0171huzat 200x220 - Gy\u00f6ngykert | AZTEX","og_description":"200x220-as \u00e1gynem\u0171 garnit\u00fara - luxus pamut szat\u00e9n \u00e1gynem\u0171. 100% kiv\u00e1l\u00f3 min\u0151s\u00e9g\u0171 pamut szat\u00e9nb\u00f3l k\u00e9sz\u00fclt a k\u00e9nyelmes alv\u00e1s \u00e9s az eleg\u00e1ns h\u00e1l\u00f3szoba \u00e9rdek\u00e9ben.","og_url":"https:\/\/aztex.ee\/hu\/pood\/agynemuk\/pamut-szaten-agynemuhuzatok-gyongykert\/","og_site_name":"AZTEX","article_publisher":"https:\/\/www.facebook.com\/AztexEE","article_modified_time":"2026-04-12T12:51:08+00:00","og_image":[{"width":800,"height":800,"url":"https:\/\/aztex.ee\/wp-content\/uploads\/2025\/10\/Voodipesukomplekt-200x220-Parliaed.jpg","type":"image\/jpeg"}],"twitter_card":"summary_large_image","twitter_misc":{"Becs\u00fclt olvas\u00e1si id\u0151":"1 perc"},"schema":{"@context":"https:\/\/schema.org","@graph":[{"@type":["WebPage","ItemPage"],"@id":"https:\/\/aztex.ee\/hu\/pood\/agynemuk\/pamut-szaten-agynemuhuzatok-gyongykert\/","url":"https:\/\/aztex.ee\/hu\/pood\/agynemuk\/pamut-szaten-agynemuhuzatok-gyongykert\/","name":"Dupla \u00e1gynem\u0171huzat 200x220 - Gy\u00f6ngykert | AZTEX","isPartOf":{"@id":"https:\/\/aztex.ee\/hu\/#website"},"primaryImageOfPage":{"@id":"https:\/\/aztex.ee\/hu\/pood\/agynemuk\/pamut-szaten-agynemuhuzatok-gyongykert\/#primaryimage"},"image":{"@id":"https:\/\/aztex.ee\/hu\/pood\/agynemuk\/pamut-szaten-agynemuhuzatok-gyongykert\/#primaryimage"},"thumbnailUrl":"https:\/\/aztex.ee\/wp-content\/uploads\/2025\/10\/Voodipesukomplekt-200x220-Parliaed.jpg","datePublished":"2025-10-07T06:07:07+00:00","dateModified":"2026-04-12T12:51:08+00:00","description":"200x220-as \u00e1gynem\u0171 garnit\u00fara - luxus pamut szat\u00e9n \u00e1gynem\u0171. 100% kiv\u00e1l\u00f3 min\u0151s\u00e9g\u0171 pamut szat\u00e9nb\u00f3l k\u00e9sz\u00fclt a k\u00e9nyelmes alv\u00e1s \u00e9s az eleg\u00e1ns h\u00e1l\u00f3szoba \u00e9rdek\u00e9ben.","breadcrumb":{"@id":"https:\/\/aztex.ee\/hu\/pood\/agynemuk\/pamut-szaten-agynemuhuzatok-gyongykert\/#breadcrumb"},"inLanguage":"hu","potentialAction":[{"@type":"ReadAction","target":["https:\/\/aztex.ee\/hu\/pood\/agynemuk\/pamut-szaten-agynemuhuzatok-gyongykert\/"]}]},{"@type":"ImageObject","inLanguage":"hu","@id":"https:\/\/aztex.ee\/hu\/pood\/agynemuk\/pamut-szaten-agynemuhuzatok-gyongykert\/#primaryimage","url":"https:\/\/aztex.ee\/wp-content\/uploads\/2025\/10\/Voodipesukomplekt-200x220-Parliaed.jpg","contentUrl":"https:\/\/aztex.ee\/wp-content\/uploads\/2025\/10\/Voodipesukomplekt-200x220-Parliaed.jpg","width":800,"height":800,"caption":"Voodipesukomplekt 200x220 P\u00e4rliaed"},{"@type":"BreadcrumbList","@id":"https:\/\/aztex.ee\/hu\/pood\/agynemuk\/pamut-szaten-agynemuhuzatok-gyongykert\/#breadcrumb","itemListElement":[{"@type":"ListItem","position":1,"name":"F\u0151oldal","item":"https:\/\/aztex.ee\/hu\/"},{"@type":"ListItem","position":2,"name":"Web\u00e1ruh\u00e1z","item":"https:\/\/aztex.ee\/hu\/webaruhaz\/"},{"@type":"ListItem","position":3,"name":"Pamut szat\u00e9n \u00e1gynem\u0171huzatok | Gy\u00f6ngykert"}]},{"@type":"WebSite","@id":"https:\/\/aztex.ee\/hu\/#website","url":"https:\/\/aztex.ee\/hu\/","name":"AZTEX","description":"","publisher":{"@id":"https:\/\/aztex.ee\/hu\/#organization"},"potentialAction":[{"@type":"SearchAction","target":{"@type":"EntryPoint","urlTemplate":"https:\/\/aztex.ee\/hu\/?s={search_term_string}"},"query-input":{"@type":"PropertyValueSpecification","valueRequired":true,"valueName":"search_term_string"}}],"inLanguage":"hu"},{"@type":"Organization","@id":"https:\/\/aztex.ee\/hu\/#organization","name":"AZTEX","url":"https:\/\/aztex.ee\/hu\/","logo":{"@type":"ImageObject","inLanguage":"hu","@id":"https:\/\/aztex.ee\/hu\/#\/schema\/logo\/image\/","url":"https:\/\/aztex.ee\/wp-content\/uploads\/2026\/01\/AZTEX.png","contentUrl":"https:\/\/aztex.ee\/wp-content\/uploads\/2026\/01\/AZTEX.png","width":500,"height":500,"caption":"AZTEX"},"image":{"@id":"https:\/\/aztex.ee\/hu\/#\/schema\/logo\/image\/"},"sameAs":["https:\/\/www.facebook.com\/AztexEE","https:\/\/www.instagram.com\/aztexeesti\/","https:\/\/www.youtube.com\/@AZTEXEE","https:\/\/www.pinterest.com\/aztex_eesti\/","https:\/\/www.tiktok.com\/@aztexeesti","https:\/\/www.trustpilot.com\/review\/aztex.ee","https:\/\/www.linkedin.com\/company\/aztex-ee\/","https:\/\/www.wikidata.org\/wiki\/Q137560182"]}]}},"_links":{"self":[{"href":"https:\/\/aztex.ee\/hu\/wp-json\/wp\/v2\/product\/95334","targetHints":{"allow":["GET"]}}],"collection":[{"href":"https:\/\/aztex.ee\/hu\/wp-json\/wp\/v2\/product"}],"about":[{"href":"https:\/\/aztex.ee\/hu\/wp-json\/wp\/v2\/types\/product"}],"replies":[{"embeddable":true,"href":"https:\/\/aztex.ee\/hu\/wp-json\/wp\/v2\/comments?post=95334"}],"version-history":[{"count":2,"href":"https:\/\/aztex.ee\/hu\/wp-json\/wp\/v2\/product\/95334\/revisions"}],"predecessor-version":[{"id":95453,"href":"https:\/\/aztex.ee\/hu\/wp-json\/wp\/v2\/product\/95334\/revisions\/95453"}],"wp:featuredmedia":[{"embeddable":true,"href":"https:\/\/aztex.ee\/hu\/wp-json\/wp\/v2\/media\/95356"}],"wp:attachment":[{"href":"https:\/\/aztex.ee\/hu\/wp-json\/wp\/v2\/media?parent=95334"}],"wp:term":[{"taxonomy":"product_brand","embeddable":true,"href":"https:\/\/aztex.ee\/hu\/wp-json\/wp\/v2\/product_brand?post=95334"},{"taxonomy":"product_cat","embeddable":true,"href":"https:\/\/aztex.ee\/hu\/wp-json\/wp\/v2\/product_cat?post=95334"},{"taxonomy":"product_tag","embeddable":true,"href":"https:\/\/aztex.ee\/hu\/wp-json\/wp\/v2\/product_tag?post=95334"}],"curies":[{"name":"wp","href":"https:\/\/api.w.org\/{rel}","templated":true}]}}