{"id":95075,"date":"2025-09-29T06:49:05","date_gmt":"2025-09-29T06:49:05","guid":{"rendered":"https:\/\/aztex.ee\/pood\/nem-kategorizalt\/pamut-torolkozo-50x100-cm-2-db\/"},"modified":"2026-04-01T14:29:25","modified_gmt":"2026-04-01T14:29:25","slug":"pamut-torolkozo-50x100-cm-2-db","status":"publish","type":"product","link":"https:\/\/aztex.ee\/hu\/pood\/torolkozok-es-furdolepedok\/pamut-torolkozo-50x100-cm-2-db\/","title":{"rendered":"Pamut t\u00f6r\u00f6lk\u00f6z\u0151 50&#215;100 cm | 2 db"},"content":{"rendered":"<p><strong>100% pamut \u2013 term\u00e9szetesen puha \u00e9s b\u0151rbar\u00e1t<\/strong><\/p>\n<p>Az 50&#215;100 cm-es pamut t\u00f6r\u00f6lk\u00f6z\u0151 kiv\u00e1l\u00f3 min\u0151s\u00e9g\u0171 term\u00e9szetes pamutb\u00f3l k\u00e9sz\u00fclt, amelyet term\u00e9szetes puhas\u00e1g\u00e1\u00e9rt \u00e9s tart\u00f3ss\u00e1g\u00e1\u00e9rt \u00e9rt\u00e9kelnek. A term\u00e9szetes sz\u00e1lak j\u00f3l l\u00e9legznek, gyorsan felsz\u00edvj\u00e1k a nedvsz\u00edv\u00f3 k\u00e9pess\u00e9get \u00e9s nem irrit\u00e1lj\u00e1k a b\u0151rt, \u00edgy a t\u00f6r\u00f6lk\u00f6z\u0151 m\u00e9g a leg\u00e9rz\u00e9kenyebb b\u0151r\u0171ek sz\u00e1m\u00e1ra is alkalmas. A pamut text\u00far\u00e1ja gyeng\u00e9d a b\u0151r\u00f6n, minden haszn\u00e1lat sor\u00e1n kellemes k\u00e9nyelmet biztos\u00edt.<\/p>\n<p><strong>T\u00f6k\u00e9letes m\u00e9ret mindennapi haszn\u00e1latra<\/strong><\/p>\n<p>Az 50&#215;100 cm-es t\u00f6r\u00f6lk\u00f6z\u0151t \u00fagy tervezt\u00e9k, hogy egyszerre legyen praktikus \u00e9s kompakt. Ez a m\u00e9ret lehet\u0151v\u00e9 teszi, hogy k\u00e9nyelmesen sz\u00e1r\u00edtsa mind a test\u00e9t, mind a haj\u00e1t, ugyanakkor a t\u00f6r\u00f6lk\u00f6z\u0151 el\u00e9g k\u00f6nny\u0171 \u00e9s helytakar\u00e9kos ahhoz, hogy k\u00f6nnyen mag\u00e1val vigye. Ak\u00e1r b\u0151r\u00f6ndben, sportt\u00e1sk\u00e1ban vagy strandt\u00e1sk\u00e1ban van \u2013 ez a t\u00f6r\u00f6lk\u00f6z\u0151 nem foglal sok helyet, de mindig biztos\u00edtja a sz\u00fcks\u00e9ges k\u00e9nyelmet.<\/p>\n<p><strong>Kiv\u00e1l\u00f3 nedvsz\u00edv\u00f3 k\u00e9pess\u00e9g<\/strong><\/p>\n<p>A pamutsz\u00e1lak term\u00e9szetes nedvsz\u00edv\u00f3 k\u00e9pess\u00e9g\u0171ek, ami azt jelenti, hogy a t\u00f6r\u00f6lk\u00f6z\u0151 gyorsan \u00e9s hat\u00e9konyan sz\u00e1r\u00edtja a b\u0151rt. Ez a pamut t\u00f6r\u00f6lk\u00f6z\u0151 nem hagy kellemetlen, nedves \u00e9rzetet, de gyors sz\u00e1rad\u00e1s\u00e1nak k\u00f6sz\u00f6nhet\u0151en a t\u00f6r\u00f6lk\u00f6z\u0151 gyakori haszn\u00e1lat eset\u00e9n is friss \u00e9s higi\u00e9nikus marad. Ez a tulajdons\u00e1g n\u00e9lk\u00fcl\u00f6zhetetlen t\u00e1rss\u00e1 teszi a t\u00f6r\u00f6lk\u00f6z\u0151t egy napi zuhanyz\u00e1s, szaunaeste vagy intenz\u00edv edz\u00e9s ut\u00e1n.<\/p>\n<p><strong>Sokoldal\u00fa minden helyzetben<\/strong><\/p>\n<p>Ez a t\u00f6r\u00f6lk\u00f6z\u0151 igazi univerz\u00e1lis seg\u00edt\u0151. Az otthoni f\u00fcrd\u0151szob\u00e1ban kieg\u00e9sz\u00edti a bels\u0151 teret, \u00e9s puhas\u00e1got k\u00f6lcs\u00f6n\u00f6z a mindennapoknak. R\u00e1ad\u00e1sul ez a t\u00f6r\u00f6lk\u00f6z\u0151 k\u00f6nny\u0171, \u00f6sszecsukhat\u00f3 \u00e9s k\u00f6nnyen hordozhat\u00f3. Az id\u0151tlen \u00e9s egyszer\u0171 kialak\u00edt\u00e1s lehet\u0151v\u00e9 teszi, hogy a t\u00f6r\u00f6lk\u00f6z\u0151 b\u00e1rmilyen st\u00edlusba illeszkedjen, legyen az modern, klasszikus vagy skandin\u00e1v minimalista az otthon.<\/p>\n<p><strong>K\u00f6nny\u0171 kezelhet\u0151s\u00e9g \u00e9s tart\u00f3s min\u0151s\u00e9g<\/strong><\/p>\n<p>A pamut t\u00f6r\u00f6lk\u00f6z\u0151t mindennapi haszn\u00e1latra tervezt\u00e9k, \u00e9s gond n\u00e9lk\u00fcl ellen\u00e1ll a mos\u00f3g\u00e9pben t\u00f6rt\u00e9n\u0151 mos\u00e1snak. Form\u00e1j\u00e1t, sz\u00edn\u00e9t \u00e9s puhas\u00e1g\u00e1t ism\u00e9telt mos\u00e1sok ut\u00e1n is meg\u0151rzi. Id\u0151vel a pamut m\u00e9g puh\u00e1bb\u00e1 \u00e9s k\u00e9nyelmesebb\u00e9 v\u00e1lik, val\u00f3di haszn\u00e1lati k\u00e9nyelmet biztos\u00edtva. Tart\u00f3ss\u00e1g\u00e1nak \u00e9s k\u00f6nnyen kezelhet\u0151 tulajdons\u00e1gainak k\u00f6sz\u00f6nhet\u0151en ez a t\u00f6r\u00f6lk\u00f6z\u0151 praktikus \u00e9s hossz\u00fa \u00e9lettartam\u00fa v\u00e1laszt\u00e1s minden h\u00e1ztart\u00e1s sz\u00e1m\u00e1ra.<\/p>\n<p><strong>Puha k\u00e9nyelem minden pillanatban<\/strong><\/p>\n<p>Az 50&#215;100 cm-es pamut t\u00f6r\u00f6lk\u00f6z\u0151 nemcsak praktikus t\u00e1rgy, hanem a mindennapi j\u00f3l\u00e9t r\u00e9sze. Egyes\u00edti a term\u00e9szetes tulajdons\u00e1gokat, a tart\u00f3ss\u00e1got \u00e9s az id\u0151tlen sz\u00e9ps\u00e9get. Alkalmas mind a mindennapi rutinhoz, mind a k\u00fcl\u00f6nleges pillanatokhoz &#8211; mindig puha, gondoskod\u00f3 \u00e9s megb\u00edzhat\u00f3. Ez egy olyan t\u00f6r\u00f6lk\u00f6z\u0151, amihez \u00fajra \u00e9s \u00fajra ny\u00falni fogsz, mert mindig biztons\u00e1gos \u00e9s kellemes \u00e9lm\u00e9nyt ny\u00fajt.<\/p>\n","protected":false},"excerpt":{"rendered":"<ul>\n<li>Anyaga: 100% pamut<\/li>\n<li>M\u00e9rete: 50&#215;100 cm \u00b13<\/li>\n<li>S\u00faly: 500g\/m2<\/li>\n<li>Term\u00e9kcsomagok sz\u00e1ma: 2 db<\/li>\n<\/ul>\n","protected":false},"featured_media":95066,"comment_status":"open","ping_status":"closed","template":"","meta":[],"product_brand":[],"product_cat":[6190,1571,1732,482],"product_tag":[],"class_list":{"0":"post-95075","1":"product","2":"type-product","3":"status-publish","4":"has-post-thumbnail","6":"product_cat-torolkozo-50x100","7":"product_cat-torolkozo-szettek","8":"product_cat-torolkozok","9":"product_cat-torolkozok-es-furdolepedok","11":"first","12":"instock","13":"shipping-taxable","14":"purchasable","15":"product-type-variable"},"yoast_head":"<!-- This site is optimized with the Yoast SEO plugin v27.3 - https:\/\/yoast.com\/product\/yoast-seo-wordpress\/ -->\n<title>Pamut t\u00f6r\u00f6lk\u00f6z\u0151 50x100 cm | AZTEX<\/title>\n<meta name=\"description\" content=\"Az 50x100 cm-es t\u00f6r\u00f6lk\u00f6z\u0151 luxuspuha, gyorsan sz\u00e1rad\u00f3, tart\u00f3s \u00e9s praktikus, kiv\u00e1l\u00f3 min\u0151s\u00e9get, k\u00e9nyelmet \u00e9s megb\u00edzhat\u00f3 sokoldal\u00fas\u00e1got k\u00edn\u00e1l.\" \/>\n<meta name=\"robots\" content=\"index, follow, max-snippet:-1, max-image-preview:large, max-video-preview:-1\" \/>\n<link rel=\"canonical\" href=\"https:\/\/aztex.ee\/hu\/pood\/torolkozok-es-furdolepedok\/pamut-torolkozo-50x100-cm-2-db\/\" \/>\n<meta property=\"og:locale\" content=\"hu_HU\" \/>\n<meta property=\"og:type\" content=\"article\" \/>\n<meta property=\"og:title\" content=\"Pamut t\u00f6r\u00f6lk\u00f6z\u0151 50x100 cm | AZTEX\" \/>\n<meta property=\"og:description\" content=\"Az 50x100 cm-es t\u00f6r\u00f6lk\u00f6z\u0151 luxuspuha, gyorsan sz\u00e1rad\u00f3, tart\u00f3s \u00e9s praktikus, kiv\u00e1l\u00f3 min\u0151s\u00e9get, k\u00e9nyelmet \u00e9s megb\u00edzhat\u00f3 sokoldal\u00fas\u00e1got k\u00edn\u00e1l.\" \/>\n<meta property=\"og:url\" content=\"https:\/\/aztex.ee\/hu\/pood\/torolkozok-es-furdolepedok\/pamut-torolkozo-50x100-cm-2-db\/\" \/>\n<meta property=\"og:site_name\" content=\"AZTEX\" \/>\n<meta property=\"article:publisher\" content=\"https:\/\/www.facebook.com\/AztexEE\" \/>\n<meta property=\"article:modified_time\" content=\"2026-04-01T14:29:25+00:00\" \/>\n<meta property=\"og:image\" content=\"https:\/\/aztex.ee\/wp-content\/uploads\/2025\/09\/Puuvillane-ratik-50x100-cm.jpg\" \/>\n\t<meta property=\"og:image:width\" content=\"800\" \/>\n\t<meta property=\"og:image:height\" content=\"800\" \/>\n\t<meta property=\"og:image:type\" content=\"image\/jpeg\" \/>\n<meta name=\"twitter:card\" content=\"summary_large_image\" \/>\n<meta name=\"twitter:label1\" content=\"Becs\u00fclt olvas\u00e1si id\u0151\" \/>\n\t<meta name=\"twitter:data1\" content=\"3 perc\" \/>\n<script type=\"application\/ld+json\" class=\"yoast-schema-graph\">{\"@context\":\"https:\\\/\\\/schema.org\",\"@graph\":[{\"@type\":[\"WebPage\",\"ItemPage\"],\"@id\":\"https:\\\/\\\/aztex.ee\\\/hu\\\/pood\\\/torolkozok-es-furdolepedok\\\/pamut-torolkozo-50x100-cm-2-db\\\/\",\"url\":\"https:\\\/\\\/aztex.ee\\\/hu\\\/pood\\\/torolkozok-es-furdolepedok\\\/pamut-torolkozo-50x100-cm-2-db\\\/\",\"name\":\"Pamut t\u00f6r\u00f6lk\u00f6z\u0151 50x100 cm | AZTEX\",\"isPartOf\":{\"@id\":\"https:\\\/\\\/aztex.ee\\\/hu\\\/#website\"},\"primaryImageOfPage\":{\"@id\":\"https:\\\/\\\/aztex.ee\\\/hu\\\/pood\\\/torolkozok-es-furdolepedok\\\/pamut-torolkozo-50x100-cm-2-db\\\/#primaryimage\"},\"image\":{\"@id\":\"https:\\\/\\\/aztex.ee\\\/hu\\\/pood\\\/torolkozok-es-furdolepedok\\\/pamut-torolkozo-50x100-cm-2-db\\\/#primaryimage\"},\"thumbnailUrl\":\"https:\\\/\\\/aztex.ee\\\/wp-content\\\/uploads\\\/2025\\\/09\\\/Puuvillane-ratik-50x100-cm.jpg\",\"datePublished\":\"2025-09-29T06:49:05+00:00\",\"dateModified\":\"2026-04-01T14:29:25+00:00\",\"description\":\"Az 50x100 cm-es t\u00f6r\u00f6lk\u00f6z\u0151 luxuspuha, gyorsan sz\u00e1rad\u00f3, tart\u00f3s \u00e9s praktikus, kiv\u00e1l\u00f3 min\u0151s\u00e9get, k\u00e9nyelmet \u00e9s megb\u00edzhat\u00f3 sokoldal\u00fas\u00e1got k\u00edn\u00e1l.\",\"breadcrumb\":{\"@id\":\"https:\\\/\\\/aztex.ee\\\/hu\\\/pood\\\/torolkozok-es-furdolepedok\\\/pamut-torolkozo-50x100-cm-2-db\\\/#breadcrumb\"},\"inLanguage\":\"hu\",\"potentialAction\":[{\"@type\":\"ReadAction\",\"target\":[\"https:\\\/\\\/aztex.ee\\\/hu\\\/pood\\\/torolkozok-es-furdolepedok\\\/pamut-torolkozo-50x100-cm-2-db\\\/\"]}]},{\"@type\":\"ImageObject\",\"inLanguage\":\"hu\",\"@id\":\"https:\\\/\\\/aztex.ee\\\/hu\\\/pood\\\/torolkozok-es-furdolepedok\\\/pamut-torolkozo-50x100-cm-2-db\\\/#primaryimage\",\"url\":\"https:\\\/\\\/aztex.ee\\\/wp-content\\\/uploads\\\/2025\\\/09\\\/Puuvillane-ratik-50x100-cm.jpg\",\"contentUrl\":\"https:\\\/\\\/aztex.ee\\\/wp-content\\\/uploads\\\/2025\\\/09\\\/Puuvillane-ratik-50x100-cm.jpg\",\"width\":800,\"height\":800,\"caption\":\"Pamut t\u00f6r\u00f6lk\u00f6z\u0151 50x100 cm\"},{\"@type\":\"BreadcrumbList\",\"@id\":\"https:\\\/\\\/aztex.ee\\\/hu\\\/pood\\\/torolkozok-es-furdolepedok\\\/pamut-torolkozo-50x100-cm-2-db\\\/#breadcrumb\",\"itemListElement\":[{\"@type\":\"ListItem\",\"position\":1,\"name\":\"F\u0151oldal\",\"item\":\"https:\\\/\\\/aztex.ee\\\/hu\\\/\"},{\"@type\":\"ListItem\",\"position\":2,\"name\":\"Web\u00e1ruh\u00e1z\",\"item\":\"https:\\\/\\\/aztex.ee\\\/hu\\\/webaruhaz\\\/\"},{\"@type\":\"ListItem\",\"position\":3,\"name\":\"Pamut t\u00f6r\u00f6lk\u00f6z\u0151 50&#215;100 cm | 2 db\"}]},{\"@type\":\"WebSite\",\"@id\":\"https:\\\/\\\/aztex.ee\\\/hu\\\/#website\",\"url\":\"https:\\\/\\\/aztex.ee\\\/hu\\\/\",\"name\":\"AZTEX\",\"description\":\"\",\"publisher\":{\"@id\":\"https:\\\/\\\/aztex.ee\\\/hu\\\/#organization\"},\"potentialAction\":[{\"@type\":\"SearchAction\",\"target\":{\"@type\":\"EntryPoint\",\"urlTemplate\":\"https:\\\/\\\/aztex.ee\\\/hu\\\/?s={search_term_string}\"},\"query-input\":{\"@type\":\"PropertyValueSpecification\",\"valueRequired\":true,\"valueName\":\"search_term_string\"}}],\"inLanguage\":\"hu\"},{\"@type\":\"Organization\",\"@id\":\"https:\\\/\\\/aztex.ee\\\/hu\\\/#organization\",\"name\":\"AZTEX\",\"url\":\"https:\\\/\\\/aztex.ee\\\/hu\\\/\",\"logo\":{\"@type\":\"ImageObject\",\"inLanguage\":\"hu\",\"@id\":\"https:\\\/\\\/aztex.ee\\\/hu\\\/#\\\/schema\\\/logo\\\/image\\\/\",\"url\":\"https:\\\/\\\/aztex.ee\\\/wp-content\\\/uploads\\\/2026\\\/01\\\/AZTEX.png\",\"contentUrl\":\"https:\\\/\\\/aztex.ee\\\/wp-content\\\/uploads\\\/2026\\\/01\\\/AZTEX.png\",\"width\":500,\"height\":500,\"caption\":\"AZTEX\"},\"image\":{\"@id\":\"https:\\\/\\\/aztex.ee\\\/hu\\\/#\\\/schema\\\/logo\\\/image\\\/\"},\"sameAs\":[\"https:\\\/\\\/www.facebook.com\\\/AztexEE\",\"https:\\\/\\\/www.instagram.com\\\/aztexeesti\\\/\",\"https:\\\/\\\/www.youtube.com\\\/@AZTEXEE\",\"https:\\\/\\\/www.pinterest.com\\\/aztex_eesti\\\/\",\"https:\\\/\\\/www.tiktok.com\\\/@aztexeesti\",\"https:\\\/\\\/www.trustpilot.com\\\/review\\\/aztex.ee\",\"https:\\\/\\\/www.linkedin.com\\\/company\\\/aztex-ee\\\/\",\"https:\\\/\\\/www.wikidata.org\\\/wiki\\\/Q137560182\"]}]}<\/script>\n<!-- \/ Yoast SEO plugin. -->","yoast_head_json":{"title":"Pamut t\u00f6r\u00f6lk\u00f6z\u0151 50x100 cm | AZTEX","description":"Az 50x100 cm-es t\u00f6r\u00f6lk\u00f6z\u0151 luxuspuha, gyorsan sz\u00e1rad\u00f3, tart\u00f3s \u00e9s praktikus, kiv\u00e1l\u00f3 min\u0151s\u00e9get, k\u00e9nyelmet \u00e9s megb\u00edzhat\u00f3 sokoldal\u00fas\u00e1got k\u00edn\u00e1l.","robots":{"index":"index","follow":"follow","max-snippet":"max-snippet:-1","max-image-preview":"max-image-preview:large","max-video-preview":"max-video-preview:-1"},"canonical":"https:\/\/aztex.ee\/hu\/pood\/torolkozok-es-furdolepedok\/pamut-torolkozo-50x100-cm-2-db\/","og_locale":"hu_HU","og_type":"article","og_title":"Pamut t\u00f6r\u00f6lk\u00f6z\u0151 50x100 cm | AZTEX","og_description":"Az 50x100 cm-es t\u00f6r\u00f6lk\u00f6z\u0151 luxuspuha, gyorsan sz\u00e1rad\u00f3, tart\u00f3s \u00e9s praktikus, kiv\u00e1l\u00f3 min\u0151s\u00e9get, k\u00e9nyelmet \u00e9s megb\u00edzhat\u00f3 sokoldal\u00fas\u00e1got k\u00edn\u00e1l.","og_url":"https:\/\/aztex.ee\/hu\/pood\/torolkozok-es-furdolepedok\/pamut-torolkozo-50x100-cm-2-db\/","og_site_name":"AZTEX","article_publisher":"https:\/\/www.facebook.com\/AztexEE","article_modified_time":"2026-04-01T14:29:25+00:00","og_image":[{"width":800,"height":800,"url":"https:\/\/aztex.ee\/wp-content\/uploads\/2025\/09\/Puuvillane-ratik-50x100-cm.jpg","type":"image\/jpeg"}],"twitter_card":"summary_large_image","twitter_misc":{"Becs\u00fclt olvas\u00e1si id\u0151":"3 perc"},"schema":{"@context":"https:\/\/schema.org","@graph":[{"@type":["WebPage","ItemPage"],"@id":"https:\/\/aztex.ee\/hu\/pood\/torolkozok-es-furdolepedok\/pamut-torolkozo-50x100-cm-2-db\/","url":"https:\/\/aztex.ee\/hu\/pood\/torolkozok-es-furdolepedok\/pamut-torolkozo-50x100-cm-2-db\/","name":"Pamut t\u00f6r\u00f6lk\u00f6z\u0151 50x100 cm | AZTEX","isPartOf":{"@id":"https:\/\/aztex.ee\/hu\/#website"},"primaryImageOfPage":{"@id":"https:\/\/aztex.ee\/hu\/pood\/torolkozok-es-furdolepedok\/pamut-torolkozo-50x100-cm-2-db\/#primaryimage"},"image":{"@id":"https:\/\/aztex.ee\/hu\/pood\/torolkozok-es-furdolepedok\/pamut-torolkozo-50x100-cm-2-db\/#primaryimage"},"thumbnailUrl":"https:\/\/aztex.ee\/wp-content\/uploads\/2025\/09\/Puuvillane-ratik-50x100-cm.jpg","datePublished":"2025-09-29T06:49:05+00:00","dateModified":"2026-04-01T14:29:25+00:00","description":"Az 50x100 cm-es t\u00f6r\u00f6lk\u00f6z\u0151 luxuspuha, gyorsan sz\u00e1rad\u00f3, tart\u00f3s \u00e9s praktikus, kiv\u00e1l\u00f3 min\u0151s\u00e9get, k\u00e9nyelmet \u00e9s megb\u00edzhat\u00f3 sokoldal\u00fas\u00e1got k\u00edn\u00e1l.","breadcrumb":{"@id":"https:\/\/aztex.ee\/hu\/pood\/torolkozok-es-furdolepedok\/pamut-torolkozo-50x100-cm-2-db\/#breadcrumb"},"inLanguage":"hu","potentialAction":[{"@type":"ReadAction","target":["https:\/\/aztex.ee\/hu\/pood\/torolkozok-es-furdolepedok\/pamut-torolkozo-50x100-cm-2-db\/"]}]},{"@type":"ImageObject","inLanguage":"hu","@id":"https:\/\/aztex.ee\/hu\/pood\/torolkozok-es-furdolepedok\/pamut-torolkozo-50x100-cm-2-db\/#primaryimage","url":"https:\/\/aztex.ee\/wp-content\/uploads\/2025\/09\/Puuvillane-ratik-50x100-cm.jpg","contentUrl":"https:\/\/aztex.ee\/wp-content\/uploads\/2025\/09\/Puuvillane-ratik-50x100-cm.jpg","width":800,"height":800,"caption":"Pamut t\u00f6r\u00f6lk\u00f6z\u0151 50x100 cm"},{"@type":"BreadcrumbList","@id":"https:\/\/aztex.ee\/hu\/pood\/torolkozok-es-furdolepedok\/pamut-torolkozo-50x100-cm-2-db\/#breadcrumb","itemListElement":[{"@type":"ListItem","position":1,"name":"F\u0151oldal","item":"https:\/\/aztex.ee\/hu\/"},{"@type":"ListItem","position":2,"name":"Web\u00e1ruh\u00e1z","item":"https:\/\/aztex.ee\/hu\/webaruhaz\/"},{"@type":"ListItem","position":3,"name":"Pamut t\u00f6r\u00f6lk\u00f6z\u0151 50&#215;100 cm | 2 db"}]},{"@type":"WebSite","@id":"https:\/\/aztex.ee\/hu\/#website","url":"https:\/\/aztex.ee\/hu\/","name":"AZTEX","description":"","publisher":{"@id":"https:\/\/aztex.ee\/hu\/#organization"},"potentialAction":[{"@type":"SearchAction","target":{"@type":"EntryPoint","urlTemplate":"https:\/\/aztex.ee\/hu\/?s={search_term_string}"},"query-input":{"@type":"PropertyValueSpecification","valueRequired":true,"valueName":"search_term_string"}}],"inLanguage":"hu"},{"@type":"Organization","@id":"https:\/\/aztex.ee\/hu\/#organization","name":"AZTEX","url":"https:\/\/aztex.ee\/hu\/","logo":{"@type":"ImageObject","inLanguage":"hu","@id":"https:\/\/aztex.ee\/hu\/#\/schema\/logo\/image\/","url":"https:\/\/aztex.ee\/wp-content\/uploads\/2026\/01\/AZTEX.png","contentUrl":"https:\/\/aztex.ee\/wp-content\/uploads\/2026\/01\/AZTEX.png","width":500,"height":500,"caption":"AZTEX"},"image":{"@id":"https:\/\/aztex.ee\/hu\/#\/schema\/logo\/image\/"},"sameAs":["https:\/\/www.facebook.com\/AztexEE","https:\/\/www.instagram.com\/aztexeesti\/","https:\/\/www.youtube.com\/@AZTEXEE","https:\/\/www.pinterest.com\/aztex_eesti\/","https:\/\/www.tiktok.com\/@aztexeesti","https:\/\/www.trustpilot.com\/review\/aztex.ee","https:\/\/www.linkedin.com\/company\/aztex-ee\/","https:\/\/www.wikidata.org\/wiki\/Q137560182"]}]}},"_links":{"self":[{"href":"https:\/\/aztex.ee\/hu\/wp-json\/wp\/v2\/product\/95075","targetHints":{"allow":["GET"]}}],"collection":[{"href":"https:\/\/aztex.ee\/hu\/wp-json\/wp\/v2\/product"}],"about":[{"href":"https:\/\/aztex.ee\/hu\/wp-json\/wp\/v2\/types\/product"}],"replies":[{"embeddable":true,"href":"https:\/\/aztex.ee\/hu\/wp-json\/wp\/v2\/comments?post=95075"}],"version-history":[{"count":2,"href":"https:\/\/aztex.ee\/hu\/wp-json\/wp\/v2\/product\/95075\/revisions"}],"predecessor-version":[{"id":95289,"href":"https:\/\/aztex.ee\/hu\/wp-json\/wp\/v2\/product\/95075\/revisions\/95289"}],"wp:featuredmedia":[{"embeddable":true,"href":"https:\/\/aztex.ee\/hu\/wp-json\/wp\/v2\/media\/95066"}],"wp:attachment":[{"href":"https:\/\/aztex.ee\/hu\/wp-json\/wp\/v2\/media?parent=95075"}],"wp:term":[{"taxonomy":"product_brand","embeddable":true,"href":"https:\/\/aztex.ee\/hu\/wp-json\/wp\/v2\/product_brand?post=95075"},{"taxonomy":"product_cat","embeddable":true,"href":"https:\/\/aztex.ee\/hu\/wp-json\/wp\/v2\/product_cat?post=95075"},{"taxonomy":"product_tag","embeddable":true,"href":"https:\/\/aztex.ee\/hu\/wp-json\/wp\/v2\/product_tag?post=95075"}],"curies":[{"name":"wp","href":"https:\/\/api.w.org\/{rel}","templated":true}]}}