{"id":93036,"date":"2025-08-24T05:52:39","date_gmt":"2025-08-24T05:52:39","guid":{"rendered":"https:\/\/aztex.ee\/?post_type=product&#038;p=93036"},"modified":"2026-03-17T19:30:53","modified_gmt":"2026-03-17T19:30:53","slug":"pamutszaten-agynemuhuzat-200x200-cm-ezustkert","status":"publish","type":"product","link":"https:\/\/aztex.ee\/hu\/pood\/agynemuk\/pamutszaten-agynemuhuzat-200x200-cm-ezustkert\/","title":{"rendered":"Pamut \u00e1gynem\u0171huzat szett 200&#215;200 | Ez\u00fcstkert"},"content":{"rendered":"<p><strong>100% pamut \u00e1gynem\u0171huzat \u2013 term\u00e9szetes puhas\u00e1g \u00e9s kiv\u00e1l\u00f3 min\u0151s\u00e9g\u0171 anyag biztos\u00edtja a pihentet\u0151 alv\u00e1st<\/strong><\/p>\n<p>A pamut egy term\u00e9szetes rost, amelyet \u00e9vsz\u00e1zadok \u00f3ta nagyra \u00e9rt\u00e9kelnek kiv\u00e9teles puhas\u00e1ga \u00e9s l\u00e9g\u00e1tereszt\u0151 k\u00e9pess\u00e9ge miatt. A 100% pamut \u00e1gynem\u0171huzat lehet\u0151v\u00e9 teszi a test l\u00e9gz\u00e9s\u00e9t, \u00e9s seg\u00edt szab\u00e1lyozni a testh\u0151m\u00e9rs\u00e9kletet az \u00e9jszaka folyam\u00e1n, biztos\u00edtva a m\u00e9ly \u00e9s friss\u00edt\u0151 alv\u00e1st. Finom text\u00far\u00e1j\u00e1nak k\u00f6sz\u00f6nhet\u0151en k\u00fcl\u00f6n\u00f6sen alkalmas \u00e9rz\u00e9keny b\u0151r\u0171ek \u00e9s allergi\u00e1sok sz\u00e1m\u00e1ra, cs\u00f6kkentve a b\u0151rirrit\u00e1ci\u00f3t \u00e9s maxim\u00e1lis k\u00e9nyelmet biztos\u00edtva.<\/p>\n<p><strong>Tart\u00f3ss\u00e1g \u00e9s k\u00f6nny\u0171 kezelhet\u0151s\u00e9g<\/strong><\/p>\n<p>A pamut \u00e1gynem\u0171huzat ism\u00e9telt mos\u00e1s ut\u00e1n is meg\u0151rzi min\u0151s\u00e9g\u00e9t, puhas\u00e1g\u00e1t \u00e9s sz\u00edn\u00e9t. A szett mos\u00f3g\u00e9pben moshat\u00f3, \u00e9s ellen\u00e1ll a rendszeres haszn\u00e1latnak, meg\u0151rzi form\u00e1j\u00e1t \u00e9s text\u00far\u00e1j\u00e1t. Ezenk\u00edv\u00fcl az anyag l\u00e9g\u00e1tereszt\u0151 \u00e9s nedvsz\u00edv\u00f3, ami seg\u00edt frissen tartani az \u00e1gynem\u0171t, \u00e9s cs\u00f6kkenti a bakt\u00e9riumok elszaporod\u00e1s\u00e1nak lehet\u0151s\u00e9g\u00e9t. A gy\u0171r\u0151d\u00e9sg\u00e1tl\u00f3 tulajdons\u00e1gok \u00e9s a k\u00f6nny\u0171 vasal\u00e1s praktikus v\u00e1laszt\u00e1ss\u00e1 teszik, ahol a k\u00e9nyelem \u00e9s az eszt\u00e9tika k\u00e9z a k\u00e9zben j\u00e1rnak.<\/p>\n<p><strong>A t\u00f6k\u00e9letes szett k\u00fcl\u00f6nb\u00f6z\u0151 ig\u00e9nyekre<\/strong><\/p>\n<p>A szett egy paplanhuzatot \u00e9s k\u00e9t p\u00e1rnahuzatot tartalmaz, amelyek k\u00fcl\u00f6nb\u00f6z\u0151 m\u00e9ret\u0171 \u00e1gyakhoz alkalmasak \u00e9s megfelelnek a modern szabv\u00e1nyoknak. A n\u00e9pszer\u0171 200&#215;200 cm-es m\u00e9ret t\u00f6k\u00e9letes egy francia\u00e1gyhoz, elegend\u0151 helyet \u00e9s k\u00e9nyelmet biztos\u00edtva. A garnit\u00fara univerz\u00e1lis kialak\u00edt\u00e1sa \u00e9s praktikuss\u00e1ga j\u00f3l illik mind otthoni haszn\u00e1latra, mind vend\u00e9gszob\u00e1kba.<\/p>\n<p><strong>Id\u0151tlen diz\u00e1jn \u00e9s v\u00e1ltozatos sz\u00ednv\u00e1laszt\u00e9k<\/strong><\/p>\n<p>A diz\u00e1jn egyszer\u0171 \u00e9s eleg\u00e1ns, lehet\u0151v\u00e9 t\u00e9ve, hogy az \u00e1gynem\u0171garnit\u00fara k\u00fcl\u00f6nb\u00f6z\u0151 bels\u0151\u00e9p\u00edt\u00e9szeti st\u00edlusokkal kombin\u00e1lhat\u00f3 legyen. Legyen sz\u00f3 klasszikus, modern vagy skandin\u00e1v st\u00edlusr\u00f3l, otthonoss\u00e1got \u00e9s frissess\u00e9get k\u00f6lcs\u00f6n\u00f6z a h\u00e1l\u00f3szob\u00e1nak. A sz\u00e9les sz\u00ednv\u00e1laszt\u00e9k \u00e9s a v\u00e1ltozatos mint\u00e1k lehet\u0151s\u00e9get adnak arra, hogy kiv\u00e1lassza a szoba \u00e1ltal\u00e1nos hangulat\u00e1hoz legink\u00e1bb ill\u0151 t\u00f3nust \u00e9s st\u00edlust, \u00e9s nyugtat\u00f3, h\u00edvogat\u00f3 k\u00f6rnyezetet teremtsen.<\/p>\n<p><strong>K\u00f6rnyezetbar\u00e1t v\u00e1laszt\u00e1s \u00e9s k\u00e9nyelem minden r\u00e9szletben<\/strong><\/p>\n<p>A 100%-ban pamut \u00e1gynem\u0171garnit\u00far\u00e1t a felhaszn\u00e1l\u00f3 j\u00f3l\u00e9te \u00e9s a term\u00e9szet v\u00e9delme \u00e9rdek\u00e9ben tervezt\u00e9k. A pamut biol\u00f3giailag leboml\u00f3, \u00e9s a fenntarthat\u00f3 mez\u0151gazdas\u00e1g elvei szerint, minim\u00e1lis vegyszerfelhaszn\u00e1l\u00e1ssal k\u00e9sz\u00fcl. A puha \u00e9s b\u0151rbar\u00e1t anyag t\u00e1mogatja az eg\u00e9szs\u00e9ges alv\u00e1st, \u00e9s seg\u00edt cs\u00f6kkenteni az allergia \u00e9s az irrit\u00e1ci\u00f3 kock\u00e1zat\u00e1t. A praktikus kialak\u00edt\u00e1s \u00e9s a k\u00f6nny\u0171 kezelhet\u0151s\u00e9g alkalmass\u00e1 teszi a mindennapi haszn\u00e1latra, \u00edgy a h\u00e1l\u00f3szoba mindig tisztas\u00e1ggal \u00e9s frissess\u00e9ggel ragyoghat.<\/p>\n","protected":false},"excerpt":{"rendered":"<p>Term\u00e9szetesen puha \u00e9s l\u00e9g\u00e1tereszt\u0151 pamut \u00e1gynem\u0171 garnit\u00fara, amely biztos\u00edtja a j\u00f3 alv\u00e1st \u00e9s a k\u00e9nyelmet.<\/p>\n<ul>\n<li>Anyaga: 100% pamut<\/li>\n<li>Sz\u00f6vet: Szat\u00e9n<\/li>\n<li>Sz\u00e1lak sz\u00e1ma: 255 TC<\/li>\n<li>Paplanhuzat: 200\u00d7200 cm<\/li>\n<li>P\u00e1rnahuzat: 50\u00d775 cm (2db)<\/li>\n<li>Leped\u0151: Nem tartoz\u00e9k<\/li>\n<li>K\u00e9nyelem: L\u00e9g\u00e1tereszt\u0151 \u00e9s puha text\u00fara<\/li>\n<\/ul>\n<p><img loading=\"lazy\" decoding=\"async\" class=\"alignnone wp-image-21477\" src=\"https:\/\/aztex.ee\/wp-content\/uploads\/2024\/09\/cotton-sertifika.png\" alt=\"\" width=\"185\" height=\"63\" srcset=\"https:\/\/aztex.ee\/wp-content\/uploads\/2024\/09\/cotton-sertifika.png 250w, https:\/\/aztex.ee\/wp-content\/uploads\/2024\/09\/cotton-sertifika-150x51.png 150w\" sizes=\"auto, (max-width: 185px) 100vw, 185px\" \/><\/p>\n","protected":false},"featured_media":93058,"comment_status":"open","ping_status":"closed","template":"","meta":[],"product_brand":[],"product_cat":[499,202,6053,205,383,600],"product_tag":[],"class_list":{"0":"post-93036","1":"product","2":"type-product","3":"status-publish","4":"has-post-thumbnail","6":"product_cat-agynemu-szettek","7":"product_cat-agynemuk","8":"product_cat-pamut-agynemu-200x200","9":"product_cat-pamut-agynemuk","10":"product_cat-szaten-agynemu","11":"product_cat-szaten-agynemu-szettek","13":"first","14":"instock","15":"shipping-taxable","16":"purchasable","17":"product-type-simple"},"yoast_head":"<!-- This site is optimized with the Yoast SEO plugin v27.3 - https:\/\/yoast.com\/product\/yoast-seo-wordpress\/ -->\n<title>Pamutszat\u00e9n \u00e1gynem\u0171huzat 200x200 cm - Ez\u00fcstkert | AZTEX<\/title>\n<meta name=\"description\" content=\"A 200x200-as paplanhuzat t\u00f6k\u00e9letes azok sz\u00e1m\u00e1ra, akik \u00e9rt\u00e9kelik a puhas\u00e1got \u00e9s a tart\u00f3ss\u00e1got. A kiv\u00e1l\u00f3 min\u0151s\u00e9g\u0171 anyag nyugodt alv\u00e1st biztos\u00edt, \u00e9s gyakori mos\u00e1s ut\u00e1n is sz\u00e9p marad.\" \/>\n<meta name=\"robots\" content=\"index, follow, max-snippet:-1, max-image-preview:large, max-video-preview:-1\" \/>\n<link rel=\"canonical\" href=\"https:\/\/aztex.ee\/hu\/pood\/agynemuk\/pamutszaten-agynemuhuzat-200x200-cm-ezustkert\/\" \/>\n<meta property=\"og:locale\" content=\"hu_HU\" \/>\n<meta property=\"og:type\" content=\"article\" \/>\n<meta property=\"og:title\" content=\"Pamutszat\u00e9n \u00e1gynem\u0171huzat 200x200 cm - Ez\u00fcstkert | AZTEX\" \/>\n<meta property=\"og:description\" content=\"A 200x200-as paplanhuzat t\u00f6k\u00e9letes azok sz\u00e1m\u00e1ra, akik \u00e9rt\u00e9kelik a puhas\u00e1got \u00e9s a tart\u00f3ss\u00e1got. A kiv\u00e1l\u00f3 min\u0151s\u00e9g\u0171 anyag nyugodt alv\u00e1st biztos\u00edt, \u00e9s gyakori mos\u00e1s ut\u00e1n is sz\u00e9p marad.\" \/>\n<meta property=\"og:url\" content=\"https:\/\/aztex.ee\/hu\/pood\/agynemuk\/pamutszaten-agynemuhuzat-200x200-cm-ezustkert\/\" \/>\n<meta property=\"og:site_name\" content=\"AZTEX\" \/>\n<meta property=\"article:publisher\" content=\"https:\/\/www.facebook.com\/AztexEE\" \/>\n<meta property=\"article:modified_time\" content=\"2026-03-17T19:30:53+00:00\" \/>\n<meta property=\"og:image\" content=\"https:\/\/aztex.ee\/wp-content\/uploads\/2025\/08\/Voodipesukomplekt-200x200-cm-Hobedane-aed.jpg\" \/>\n\t<meta property=\"og:image:width\" content=\"800\" \/>\n\t<meta property=\"og:image:height\" content=\"800\" \/>\n\t<meta property=\"og:image:type\" content=\"image\/jpeg\" \/>\n<meta name=\"twitter:card\" content=\"summary_large_image\" \/>\n<meta name=\"twitter:label1\" content=\"Becs\u00fclt olvas\u00e1si id\u0151\" \/>\n\t<meta name=\"twitter:data1\" content=\"2 perc\" \/>\n<script type=\"application\/ld+json\" class=\"yoast-schema-graph\">{\"@context\":\"https:\\\/\\\/schema.org\",\"@graph\":[{\"@type\":[\"WebPage\",\"ItemPage\"],\"@id\":\"https:\\\/\\\/aztex.ee\\\/hu\\\/pood\\\/agynemuk\\\/pamutszaten-agynemuhuzat-200x200-cm-ezustkert\\\/\",\"url\":\"https:\\\/\\\/aztex.ee\\\/hu\\\/pood\\\/agynemuk\\\/pamutszaten-agynemuhuzat-200x200-cm-ezustkert\\\/\",\"name\":\"Pamutszat\u00e9n \u00e1gynem\u0171huzat 200x200 cm - Ez\u00fcstkert | AZTEX\",\"isPartOf\":{\"@id\":\"https:\\\/\\\/aztex.ee\\\/hu\\\/#website\"},\"primaryImageOfPage\":{\"@id\":\"https:\\\/\\\/aztex.ee\\\/hu\\\/pood\\\/agynemuk\\\/pamutszaten-agynemuhuzat-200x200-cm-ezustkert\\\/#primaryimage\"},\"image\":{\"@id\":\"https:\\\/\\\/aztex.ee\\\/hu\\\/pood\\\/agynemuk\\\/pamutszaten-agynemuhuzat-200x200-cm-ezustkert\\\/#primaryimage\"},\"thumbnailUrl\":\"https:\\\/\\\/aztex.ee\\\/wp-content\\\/uploads\\\/2025\\\/08\\\/Voodipesukomplekt-200x200-cm-Hobedane-aed.jpg\",\"datePublished\":\"2025-08-24T05:52:39+00:00\",\"dateModified\":\"2026-03-17T19:30:53+00:00\",\"description\":\"A 200x200-as paplanhuzat t\u00f6k\u00e9letes azok sz\u00e1m\u00e1ra, akik \u00e9rt\u00e9kelik a puhas\u00e1got \u00e9s a tart\u00f3ss\u00e1got. A kiv\u00e1l\u00f3 min\u0151s\u00e9g\u0171 anyag nyugodt alv\u00e1st biztos\u00edt, \u00e9s gyakori mos\u00e1s ut\u00e1n is sz\u00e9p marad.\",\"breadcrumb\":{\"@id\":\"https:\\\/\\\/aztex.ee\\\/hu\\\/pood\\\/agynemuk\\\/pamutszaten-agynemuhuzat-200x200-cm-ezustkert\\\/#breadcrumb\"},\"inLanguage\":\"hu\",\"potentialAction\":[{\"@type\":\"ReadAction\",\"target\":[\"https:\\\/\\\/aztex.ee\\\/hu\\\/pood\\\/agynemuk\\\/pamutszaten-agynemuhuzat-200x200-cm-ezustkert\\\/\"]}]},{\"@type\":\"ImageObject\",\"inLanguage\":\"hu\",\"@id\":\"https:\\\/\\\/aztex.ee\\\/hu\\\/pood\\\/agynemuk\\\/pamutszaten-agynemuhuzat-200x200-cm-ezustkert\\\/#primaryimage\",\"url\":\"https:\\\/\\\/aztex.ee\\\/wp-content\\\/uploads\\\/2025\\\/08\\\/Voodipesukomplekt-200x200-cm-Hobedane-aed.jpg\",\"contentUrl\":\"https:\\\/\\\/aztex.ee\\\/wp-content\\\/uploads\\\/2025\\\/08\\\/Voodipesukomplekt-200x200-cm-Hobedane-aed.jpg\",\"width\":800,\"height\":800,\"caption\":\"Voodipesukomplekt 200x200 cm H\u00f5bedane aed\"},{\"@type\":\"BreadcrumbList\",\"@id\":\"https:\\\/\\\/aztex.ee\\\/hu\\\/pood\\\/agynemuk\\\/pamutszaten-agynemuhuzat-200x200-cm-ezustkert\\\/#breadcrumb\",\"itemListElement\":[{\"@type\":\"ListItem\",\"position\":1,\"name\":\"F\u0151oldal\",\"item\":\"https:\\\/\\\/aztex.ee\\\/hu\\\/\"},{\"@type\":\"ListItem\",\"position\":2,\"name\":\"Web\u00e1ruh\u00e1z\",\"item\":\"https:\\\/\\\/aztex.ee\\\/hu\\\/webaruhaz\\\/\"},{\"@type\":\"ListItem\",\"position\":3,\"name\":\"Pamut \u00e1gynem\u0171huzat szett 200&#215;200 | Ez\u00fcstkert\"}]},{\"@type\":\"WebSite\",\"@id\":\"https:\\\/\\\/aztex.ee\\\/hu\\\/#website\",\"url\":\"https:\\\/\\\/aztex.ee\\\/hu\\\/\",\"name\":\"AZTEX\",\"description\":\"\",\"publisher\":{\"@id\":\"https:\\\/\\\/aztex.ee\\\/hu\\\/#organization\"},\"potentialAction\":[{\"@type\":\"SearchAction\",\"target\":{\"@type\":\"EntryPoint\",\"urlTemplate\":\"https:\\\/\\\/aztex.ee\\\/hu\\\/?s={search_term_string}\"},\"query-input\":{\"@type\":\"PropertyValueSpecification\",\"valueRequired\":true,\"valueName\":\"search_term_string\"}}],\"inLanguage\":\"hu\"},{\"@type\":\"Organization\",\"@id\":\"https:\\\/\\\/aztex.ee\\\/hu\\\/#organization\",\"name\":\"AZTEX\",\"url\":\"https:\\\/\\\/aztex.ee\\\/hu\\\/\",\"logo\":{\"@type\":\"ImageObject\",\"inLanguage\":\"hu\",\"@id\":\"https:\\\/\\\/aztex.ee\\\/hu\\\/#\\\/schema\\\/logo\\\/image\\\/\",\"url\":\"https:\\\/\\\/aztex.ee\\\/wp-content\\\/uploads\\\/2026\\\/01\\\/AZTEX.png\",\"contentUrl\":\"https:\\\/\\\/aztex.ee\\\/wp-content\\\/uploads\\\/2026\\\/01\\\/AZTEX.png\",\"width\":500,\"height\":500,\"caption\":\"AZTEX\"},\"image\":{\"@id\":\"https:\\\/\\\/aztex.ee\\\/hu\\\/#\\\/schema\\\/logo\\\/image\\\/\"},\"sameAs\":[\"https:\\\/\\\/www.facebook.com\\\/AztexEE\",\"https:\\\/\\\/www.instagram.com\\\/aztexeesti\\\/\",\"https:\\\/\\\/www.youtube.com\\\/@AZTEXEE\",\"https:\\\/\\\/www.pinterest.com\\\/aztex_eesti\\\/\",\"https:\\\/\\\/www.tiktok.com\\\/@aztexeesti\",\"https:\\\/\\\/www.trustpilot.com\\\/review\\\/aztex.ee\",\"https:\\\/\\\/www.linkedin.com\\\/company\\\/aztex-ee\\\/\",\"https:\\\/\\\/www.wikidata.org\\\/wiki\\\/Q137560182\"]}]}<\/script>\n<!-- \/ Yoast SEO plugin. -->","yoast_head_json":{"title":"Pamutszat\u00e9n \u00e1gynem\u0171huzat 200x200 cm - Ez\u00fcstkert | AZTEX","description":"A 200x200-as paplanhuzat t\u00f6k\u00e9letes azok sz\u00e1m\u00e1ra, akik \u00e9rt\u00e9kelik a puhas\u00e1got \u00e9s a tart\u00f3ss\u00e1got. A kiv\u00e1l\u00f3 min\u0151s\u00e9g\u0171 anyag nyugodt alv\u00e1st biztos\u00edt, \u00e9s gyakori mos\u00e1s ut\u00e1n is sz\u00e9p marad.","robots":{"index":"index","follow":"follow","max-snippet":"max-snippet:-1","max-image-preview":"max-image-preview:large","max-video-preview":"max-video-preview:-1"},"canonical":"https:\/\/aztex.ee\/hu\/pood\/agynemuk\/pamutszaten-agynemuhuzat-200x200-cm-ezustkert\/","og_locale":"hu_HU","og_type":"article","og_title":"Pamutszat\u00e9n \u00e1gynem\u0171huzat 200x200 cm - Ez\u00fcstkert | AZTEX","og_description":"A 200x200-as paplanhuzat t\u00f6k\u00e9letes azok sz\u00e1m\u00e1ra, akik \u00e9rt\u00e9kelik a puhas\u00e1got \u00e9s a tart\u00f3ss\u00e1got. A kiv\u00e1l\u00f3 min\u0151s\u00e9g\u0171 anyag nyugodt alv\u00e1st biztos\u00edt, \u00e9s gyakori mos\u00e1s ut\u00e1n is sz\u00e9p marad.","og_url":"https:\/\/aztex.ee\/hu\/pood\/agynemuk\/pamutszaten-agynemuhuzat-200x200-cm-ezustkert\/","og_site_name":"AZTEX","article_publisher":"https:\/\/www.facebook.com\/AztexEE","article_modified_time":"2026-03-17T19:30:53+00:00","og_image":[{"width":800,"height":800,"url":"https:\/\/aztex.ee\/wp-content\/uploads\/2025\/08\/Voodipesukomplekt-200x200-cm-Hobedane-aed.jpg","type":"image\/jpeg"}],"twitter_card":"summary_large_image","twitter_misc":{"Becs\u00fclt olvas\u00e1si id\u0151":"2 perc"},"schema":{"@context":"https:\/\/schema.org","@graph":[{"@type":["WebPage","ItemPage"],"@id":"https:\/\/aztex.ee\/hu\/pood\/agynemuk\/pamutszaten-agynemuhuzat-200x200-cm-ezustkert\/","url":"https:\/\/aztex.ee\/hu\/pood\/agynemuk\/pamutszaten-agynemuhuzat-200x200-cm-ezustkert\/","name":"Pamutszat\u00e9n \u00e1gynem\u0171huzat 200x200 cm - Ez\u00fcstkert | AZTEX","isPartOf":{"@id":"https:\/\/aztex.ee\/hu\/#website"},"primaryImageOfPage":{"@id":"https:\/\/aztex.ee\/hu\/pood\/agynemuk\/pamutszaten-agynemuhuzat-200x200-cm-ezustkert\/#primaryimage"},"image":{"@id":"https:\/\/aztex.ee\/hu\/pood\/agynemuk\/pamutszaten-agynemuhuzat-200x200-cm-ezustkert\/#primaryimage"},"thumbnailUrl":"https:\/\/aztex.ee\/wp-content\/uploads\/2025\/08\/Voodipesukomplekt-200x200-cm-Hobedane-aed.jpg","datePublished":"2025-08-24T05:52:39+00:00","dateModified":"2026-03-17T19:30:53+00:00","description":"A 200x200-as paplanhuzat t\u00f6k\u00e9letes azok sz\u00e1m\u00e1ra, akik \u00e9rt\u00e9kelik a puhas\u00e1got \u00e9s a tart\u00f3ss\u00e1got. A kiv\u00e1l\u00f3 min\u0151s\u00e9g\u0171 anyag nyugodt alv\u00e1st biztos\u00edt, \u00e9s gyakori mos\u00e1s ut\u00e1n is sz\u00e9p marad.","breadcrumb":{"@id":"https:\/\/aztex.ee\/hu\/pood\/agynemuk\/pamutszaten-agynemuhuzat-200x200-cm-ezustkert\/#breadcrumb"},"inLanguage":"hu","potentialAction":[{"@type":"ReadAction","target":["https:\/\/aztex.ee\/hu\/pood\/agynemuk\/pamutszaten-agynemuhuzat-200x200-cm-ezustkert\/"]}]},{"@type":"ImageObject","inLanguage":"hu","@id":"https:\/\/aztex.ee\/hu\/pood\/agynemuk\/pamutszaten-agynemuhuzat-200x200-cm-ezustkert\/#primaryimage","url":"https:\/\/aztex.ee\/wp-content\/uploads\/2025\/08\/Voodipesukomplekt-200x200-cm-Hobedane-aed.jpg","contentUrl":"https:\/\/aztex.ee\/wp-content\/uploads\/2025\/08\/Voodipesukomplekt-200x200-cm-Hobedane-aed.jpg","width":800,"height":800,"caption":"Voodipesukomplekt 200x200 cm H\u00f5bedane aed"},{"@type":"BreadcrumbList","@id":"https:\/\/aztex.ee\/hu\/pood\/agynemuk\/pamutszaten-agynemuhuzat-200x200-cm-ezustkert\/#breadcrumb","itemListElement":[{"@type":"ListItem","position":1,"name":"F\u0151oldal","item":"https:\/\/aztex.ee\/hu\/"},{"@type":"ListItem","position":2,"name":"Web\u00e1ruh\u00e1z","item":"https:\/\/aztex.ee\/hu\/webaruhaz\/"},{"@type":"ListItem","position":3,"name":"Pamut \u00e1gynem\u0171huzat szett 200&#215;200 | Ez\u00fcstkert"}]},{"@type":"WebSite","@id":"https:\/\/aztex.ee\/hu\/#website","url":"https:\/\/aztex.ee\/hu\/","name":"AZTEX","description":"","publisher":{"@id":"https:\/\/aztex.ee\/hu\/#organization"},"potentialAction":[{"@type":"SearchAction","target":{"@type":"EntryPoint","urlTemplate":"https:\/\/aztex.ee\/hu\/?s={search_term_string}"},"query-input":{"@type":"PropertyValueSpecification","valueRequired":true,"valueName":"search_term_string"}}],"inLanguage":"hu"},{"@type":"Organization","@id":"https:\/\/aztex.ee\/hu\/#organization","name":"AZTEX","url":"https:\/\/aztex.ee\/hu\/","logo":{"@type":"ImageObject","inLanguage":"hu","@id":"https:\/\/aztex.ee\/hu\/#\/schema\/logo\/image\/","url":"https:\/\/aztex.ee\/wp-content\/uploads\/2026\/01\/AZTEX.png","contentUrl":"https:\/\/aztex.ee\/wp-content\/uploads\/2026\/01\/AZTEX.png","width":500,"height":500,"caption":"AZTEX"},"image":{"@id":"https:\/\/aztex.ee\/hu\/#\/schema\/logo\/image\/"},"sameAs":["https:\/\/www.facebook.com\/AztexEE","https:\/\/www.instagram.com\/aztexeesti\/","https:\/\/www.youtube.com\/@AZTEXEE","https:\/\/www.pinterest.com\/aztex_eesti\/","https:\/\/www.tiktok.com\/@aztexeesti","https:\/\/www.trustpilot.com\/review\/aztex.ee","https:\/\/www.linkedin.com\/company\/aztex-ee\/","https:\/\/www.wikidata.org\/wiki\/Q137560182"]}]}},"_links":{"self":[{"href":"https:\/\/aztex.ee\/hu\/wp-json\/wp\/v2\/product\/93036","targetHints":{"allow":["GET"]}}],"collection":[{"href":"https:\/\/aztex.ee\/hu\/wp-json\/wp\/v2\/product"}],"about":[{"href":"https:\/\/aztex.ee\/hu\/wp-json\/wp\/v2\/types\/product"}],"replies":[{"embeddable":true,"href":"https:\/\/aztex.ee\/hu\/wp-json\/wp\/v2\/comments?post=93036"}],"version-history":[{"count":0,"href":"https:\/\/aztex.ee\/hu\/wp-json\/wp\/v2\/product\/93036\/revisions"}],"wp:featuredmedia":[{"embeddable":true,"href":"https:\/\/aztex.ee\/hu\/wp-json\/wp\/v2\/media\/93058"}],"wp:attachment":[{"href":"https:\/\/aztex.ee\/hu\/wp-json\/wp\/v2\/media?parent=93036"}],"wp:term":[{"taxonomy":"product_brand","embeddable":true,"href":"https:\/\/aztex.ee\/hu\/wp-json\/wp\/v2\/product_brand?post=93036"},{"taxonomy":"product_cat","embeddable":true,"href":"https:\/\/aztex.ee\/hu\/wp-json\/wp\/v2\/product_cat?post=93036"},{"taxonomy":"product_tag","embeddable":true,"href":"https:\/\/aztex.ee\/hu\/wp-json\/wp\/v2\/product_tag?post=93036"}],"curies":[{"name":"wp","href":"https:\/\/api.w.org\/{rel}","templated":true}]}}