{"id":91645,"date":"2025-08-16T16:03:53","date_gmt":"2025-08-16T16:03:53","guid":{"rendered":"https:\/\/aztex.ee\/?post_type=product&#038;p=91645"},"modified":"2025-08-16T16:58:09","modified_gmt":"2025-08-16T16:58:09","slug":"kender-lepedo-szurke","status":"publish","type":"product","link":"https:\/\/aztex.ee\/hu\/pood\/kender-lepedok\/kender-lepedo-szurke\/","title":{"rendered":"Kender leped\u0151 | Sz\u00fcrke"},"content":{"rendered":"<p>A kender leped\u0151 a t\u00f6k\u00e9letes v\u00e1laszt\u00e1s, amely egyes\u00edti a praktikum, a tart\u00f3ss\u00e1g \u00e9s a st\u00edlus b\u00e1rmely h\u00e1l\u00f3szob\u00e1j\u00e1ban. A kendersz\u00f6vet term\u00e9szetes text\u00far\u00e1ja \u00e9s semleges sz\u00edne eleg\u00e1ns \u00e9s rusztikus atmoszf\u00e9r\u00e1t teremt, amely kieg\u00e9sz\u00edti a k\u00fcl\u00f6nb\u00f6z\u0151 bels\u0151 st\u00edlusokat. A k\u00e9nyelem mellett a kender leped\u0151 allergiamentes \u00e9s antibakteri\u00e1lis is, l\u00e9legz\u0151 \u00e9s eg\u00e9szs\u00e9ges alv\u00e1st biztos\u00edt eg\u00e9sz \u00e9jszaka.<\/p>\n<p>A kender \u00e1gynem\u0171 gondoz\u00e1sa egyszer\u0171 &#8211; mos\u00f3g\u00e9pben moshat\u00f3 \u00e9s sz\u00e1mos mos\u00e1s ut\u00e1n is meg\u0151rzi min\u0151s\u00e9g\u00e9t. A kenderrostok gyorsan sz\u00e1radnak, ami ide\u00e1lis azok sz\u00e1m\u00e1ra, akik \u00e9rt\u00e9kelik a praktikumot \u00e9s a k\u00e9nyelmet. Emellett a kender k\u00f6rnyezetbar\u00e1t anyag, mert termeszt\u00e9se k\u00f6rnyezetbar\u00e1t \u00e9s fenntarthat\u00f3, \u00edgy a kender \u00e1gynem\u0171 k\u00f6rnyezet- \u00e9s term\u00e9szetbar\u00e1t v\u00e1laszt\u00e1s.<\/p>\n","protected":false},"excerpt":{"rendered":"<p>A 100% kender leped\u0151 hipoallerg\u00e9n \u00e9s antibakteri\u00e1lis.<\/p>\n<ul>\n<li>Sz\u00edn: Sz\u00fcrke<\/li>\n<li>Anyaga: 100% kender, 180 g\/m2<\/li>\n<li>M\u00e9ret: 220\u00d7240 cm<\/li>\n<\/ul>\n<p><img loading=\"lazy\" decoding=\"async\" class=\"alignnone size-full wp-image-20226\" src=\"https:\/\/aztex.ee\/wp-content\/uploads\/2024\/09\/oekotex100.png\" alt=\"\" width=\"204\" height=\"72\" srcset=\"https:\/\/aztex.ee\/wp-content\/uploads\/2024\/09\/oekotex100.png 204w, https:\/\/aztex.ee\/wp-content\/uploads\/2024\/09\/oekotex100-150x53.png 150w\" sizes=\"auto, (max-width: 204px) 100vw, 204px\" \/><img loading=\"lazy\" decoding=\"async\" class=\"alignnone wp-image-20896\" src=\"https:\/\/aztex.ee\/wp-content\/uploads\/2024\/09\/NATURALHEMP.png\" alt=\"\" width=\"79\" height=\"79\" srcset=\"https:\/\/aztex.ee\/wp-content\/uploads\/2024\/09\/NATURALHEMP.png 300w, https:\/\/aztex.ee\/wp-content\/uploads\/2024\/09\/NATURALHEMP-150x150.png 150w\" sizes=\"auto, (max-width: 79px) 100vw, 79px\" \/><\/p>\n","protected":false},"featured_media":91667,"comment_status":"open","ping_status":"closed","template":"","meta":[],"product_brand":[],"product_cat":[444,1799],"product_tag":[],"class_list":{"0":"post-91645","1":"product","2":"type-product","3":"status-publish","4":"has-post-thumbnail","6":"product_cat-kender-lepedok","7":"product_cat-lepedok","9":"first","10":"instock","11":"shipping-taxable","12":"purchasable","13":"product-type-simple"},"yoast_head":"<!-- This site is optimized with the Yoast SEO plugin v27.3 - https:\/\/yoast.com\/product\/yoast-seo-wordpress\/ -->\n<title>Kender leped\u0151 220x240 cm - Sz\u00fcrke | AZTEX<\/title>\n<meta name=\"description\" content=\"A kender \u00e1gynem\u0171k term\u00e9szetesek, l\u00e9g\u00e1tereszt\u0151ek, antibakteri\u00e1lisak \u00e9s tart\u00f3sak. A k\u00f6rnyezetbar\u00e1t \u00e9s kiv\u00e1l\u00f3 min\u0151s\u00e9g\u0171 \u00e1gynem\u0171 k\u00e9nyelmet, frissess\u00e9get, nyugodt alv\u00e1st \u00e9s eg\u00e9szs\u00e9ges alv\u00e1si \u00e9lm\u00e9nyt biztos\u00edt minden este.\" \/>\n<meta name=\"robots\" content=\"index, follow, max-snippet:-1, max-image-preview:large, max-video-preview:-1\" \/>\n<link rel=\"canonical\" href=\"https:\/\/aztex.ee\/hu\/pood\/kender-lepedok\/kender-lepedo-szurke\/\" \/>\n<meta property=\"og:locale\" content=\"hu_HU\" \/>\n<meta property=\"og:type\" content=\"article\" \/>\n<meta property=\"og:title\" content=\"Kender leped\u0151 220x240 cm - Sz\u00fcrke | AZTEX\" \/>\n<meta property=\"og:description\" content=\"A kender \u00e1gynem\u0171k term\u00e9szetesek, l\u00e9g\u00e1tereszt\u0151ek, antibakteri\u00e1lisak \u00e9s tart\u00f3sak. A k\u00f6rnyezetbar\u00e1t \u00e9s kiv\u00e1l\u00f3 min\u0151s\u00e9g\u0171 \u00e1gynem\u0171 k\u00e9nyelmet, frissess\u00e9get, nyugodt alv\u00e1st \u00e9s eg\u00e9szs\u00e9ges alv\u00e1si \u00e9lm\u00e9nyt biztos\u00edt minden este.\" \/>\n<meta property=\"og:url\" content=\"https:\/\/aztex.ee\/hu\/pood\/kender-lepedok\/kender-lepedo-szurke\/\" \/>\n<meta property=\"og:site_name\" content=\"AZTEX\" \/>\n<meta property=\"article:publisher\" content=\"https:\/\/www.facebook.com\/AztexEE\" \/>\n<meta property=\"article:modified_time\" content=\"2025-08-16T16:58:09+00:00\" \/>\n<meta property=\"og:image\" content=\"https:\/\/aztex.ee\/wp-content\/uploads\/2025\/08\/Kanepist-voodilina-Hall.jpg\" \/>\n\t<meta property=\"og:image:width\" content=\"800\" \/>\n\t<meta property=\"og:image:height\" content=\"800\" \/>\n\t<meta property=\"og:image:type\" content=\"image\/jpeg\" \/>\n<meta name=\"twitter:card\" content=\"summary_large_image\" \/>\n<meta name=\"twitter:label1\" content=\"Becs\u00fclt olvas\u00e1si id\u0151\" \/>\n\t<meta name=\"twitter:data1\" content=\"1 perc\" \/>\n<script type=\"application\/ld+json\" class=\"yoast-schema-graph\">{\"@context\":\"https:\\\/\\\/schema.org\",\"@graph\":[{\"@type\":[\"WebPage\",\"ItemPage\"],\"@id\":\"https:\\\/\\\/aztex.ee\\\/hu\\\/pood\\\/kender-lepedok\\\/kender-lepedo-szurke\\\/\",\"url\":\"https:\\\/\\\/aztex.ee\\\/hu\\\/pood\\\/kender-lepedok\\\/kender-lepedo-szurke\\\/\",\"name\":\"Kender leped\u0151 220x240 cm - Sz\u00fcrke | AZTEX\",\"isPartOf\":{\"@id\":\"https:\\\/\\\/aztex.ee\\\/hu\\\/#website\"},\"primaryImageOfPage\":{\"@id\":\"https:\\\/\\\/aztex.ee\\\/hu\\\/pood\\\/kender-lepedok\\\/kender-lepedo-szurke\\\/#primaryimage\"},\"image\":{\"@id\":\"https:\\\/\\\/aztex.ee\\\/hu\\\/pood\\\/kender-lepedok\\\/kender-lepedo-szurke\\\/#primaryimage\"},\"thumbnailUrl\":\"https:\\\/\\\/aztex.ee\\\/wp-content\\\/uploads\\\/2025\\\/08\\\/Kanepist-voodilina-Hall.jpg\",\"datePublished\":\"2025-08-16T16:03:53+00:00\",\"dateModified\":\"2025-08-16T16:58:09+00:00\",\"description\":\"A kender \u00e1gynem\u0171k term\u00e9szetesek, l\u00e9g\u00e1tereszt\u0151ek, antibakteri\u00e1lisak \u00e9s tart\u00f3sak. A k\u00f6rnyezetbar\u00e1t \u00e9s kiv\u00e1l\u00f3 min\u0151s\u00e9g\u0171 \u00e1gynem\u0171 k\u00e9nyelmet, frissess\u00e9get, nyugodt alv\u00e1st \u00e9s eg\u00e9szs\u00e9ges alv\u00e1si \u00e9lm\u00e9nyt biztos\u00edt minden este.\",\"breadcrumb\":{\"@id\":\"https:\\\/\\\/aztex.ee\\\/hu\\\/pood\\\/kender-lepedok\\\/kender-lepedo-szurke\\\/#breadcrumb\"},\"inLanguage\":\"hu\",\"potentialAction\":[{\"@type\":\"ReadAction\",\"target\":[\"https:\\\/\\\/aztex.ee\\\/hu\\\/pood\\\/kender-lepedok\\\/kender-lepedo-szurke\\\/\"]}]},{\"@type\":\"ImageObject\",\"inLanguage\":\"hu\",\"@id\":\"https:\\\/\\\/aztex.ee\\\/hu\\\/pood\\\/kender-lepedok\\\/kender-lepedo-szurke\\\/#primaryimage\",\"url\":\"https:\\\/\\\/aztex.ee\\\/wp-content\\\/uploads\\\/2025\\\/08\\\/Kanepist-voodilina-Hall.jpg\",\"contentUrl\":\"https:\\\/\\\/aztex.ee\\\/wp-content\\\/uploads\\\/2025\\\/08\\\/Kanepist-voodilina-Hall.jpg\",\"width\":800,\"height\":800,\"caption\":\"Kanepist voodilina Hall\"},{\"@type\":\"BreadcrumbList\",\"@id\":\"https:\\\/\\\/aztex.ee\\\/hu\\\/pood\\\/kender-lepedok\\\/kender-lepedo-szurke\\\/#breadcrumb\",\"itemListElement\":[{\"@type\":\"ListItem\",\"position\":1,\"name\":\"F\u0151oldal\",\"item\":\"https:\\\/\\\/aztex.ee\\\/hu\\\/\"},{\"@type\":\"ListItem\",\"position\":2,\"name\":\"Web\u00e1ruh\u00e1z\",\"item\":\"https:\\\/\\\/aztex.ee\\\/hu\\\/webaruhaz\\\/\"},{\"@type\":\"ListItem\",\"position\":3,\"name\":\"Kender leped\u0151 | Sz\u00fcrke\"}]},{\"@type\":\"WebSite\",\"@id\":\"https:\\\/\\\/aztex.ee\\\/hu\\\/#website\",\"url\":\"https:\\\/\\\/aztex.ee\\\/hu\\\/\",\"name\":\"AZTEX\",\"description\":\"\",\"publisher\":{\"@id\":\"https:\\\/\\\/aztex.ee\\\/hu\\\/#organization\"},\"potentialAction\":[{\"@type\":\"SearchAction\",\"target\":{\"@type\":\"EntryPoint\",\"urlTemplate\":\"https:\\\/\\\/aztex.ee\\\/hu\\\/?s={search_term_string}\"},\"query-input\":{\"@type\":\"PropertyValueSpecification\",\"valueRequired\":true,\"valueName\":\"search_term_string\"}}],\"inLanguage\":\"hu\"},{\"@type\":\"Organization\",\"@id\":\"https:\\\/\\\/aztex.ee\\\/hu\\\/#organization\",\"name\":\"AZTEX\",\"url\":\"https:\\\/\\\/aztex.ee\\\/hu\\\/\",\"logo\":{\"@type\":\"ImageObject\",\"inLanguage\":\"hu\",\"@id\":\"https:\\\/\\\/aztex.ee\\\/hu\\\/#\\\/schema\\\/logo\\\/image\\\/\",\"url\":\"https:\\\/\\\/aztex.ee\\\/wp-content\\\/uploads\\\/2026\\\/01\\\/AZTEX.png\",\"contentUrl\":\"https:\\\/\\\/aztex.ee\\\/wp-content\\\/uploads\\\/2026\\\/01\\\/AZTEX.png\",\"width\":500,\"height\":500,\"caption\":\"AZTEX\"},\"image\":{\"@id\":\"https:\\\/\\\/aztex.ee\\\/hu\\\/#\\\/schema\\\/logo\\\/image\\\/\"},\"sameAs\":[\"https:\\\/\\\/www.facebook.com\\\/AztexEE\",\"https:\\\/\\\/www.instagram.com\\\/aztexeesti\\\/\",\"https:\\\/\\\/www.youtube.com\\\/@AZTEXEE\",\"https:\\\/\\\/www.pinterest.com\\\/aztex_eesti\\\/\",\"https:\\\/\\\/www.tiktok.com\\\/@aztexeesti\",\"https:\\\/\\\/www.trustpilot.com\\\/review\\\/aztex.ee\",\"https:\\\/\\\/www.linkedin.com\\\/company\\\/aztex-ee\\\/\",\"https:\\\/\\\/www.wikidata.org\\\/wiki\\\/Q137560182\"]}]}<\/script>\n<!-- \/ Yoast SEO plugin. -->","yoast_head_json":{"title":"Kender leped\u0151 220x240 cm - Sz\u00fcrke | AZTEX","description":"A kender \u00e1gynem\u0171k term\u00e9szetesek, l\u00e9g\u00e1tereszt\u0151ek, antibakteri\u00e1lisak \u00e9s tart\u00f3sak. A k\u00f6rnyezetbar\u00e1t \u00e9s kiv\u00e1l\u00f3 min\u0151s\u00e9g\u0171 \u00e1gynem\u0171 k\u00e9nyelmet, frissess\u00e9get, nyugodt alv\u00e1st \u00e9s eg\u00e9szs\u00e9ges alv\u00e1si \u00e9lm\u00e9nyt biztos\u00edt minden este.","robots":{"index":"index","follow":"follow","max-snippet":"max-snippet:-1","max-image-preview":"max-image-preview:large","max-video-preview":"max-video-preview:-1"},"canonical":"https:\/\/aztex.ee\/hu\/pood\/kender-lepedok\/kender-lepedo-szurke\/","og_locale":"hu_HU","og_type":"article","og_title":"Kender leped\u0151 220x240 cm - Sz\u00fcrke | AZTEX","og_description":"A kender \u00e1gynem\u0171k term\u00e9szetesek, l\u00e9g\u00e1tereszt\u0151ek, antibakteri\u00e1lisak \u00e9s tart\u00f3sak. A k\u00f6rnyezetbar\u00e1t \u00e9s kiv\u00e1l\u00f3 min\u0151s\u00e9g\u0171 \u00e1gynem\u0171 k\u00e9nyelmet, frissess\u00e9get, nyugodt alv\u00e1st \u00e9s eg\u00e9szs\u00e9ges alv\u00e1si \u00e9lm\u00e9nyt biztos\u00edt minden este.","og_url":"https:\/\/aztex.ee\/hu\/pood\/kender-lepedok\/kender-lepedo-szurke\/","og_site_name":"AZTEX","article_publisher":"https:\/\/www.facebook.com\/AztexEE","article_modified_time":"2025-08-16T16:58:09+00:00","og_image":[{"width":800,"height":800,"url":"https:\/\/aztex.ee\/wp-content\/uploads\/2025\/08\/Kanepist-voodilina-Hall.jpg","type":"image\/jpeg"}],"twitter_card":"summary_large_image","twitter_misc":{"Becs\u00fclt olvas\u00e1si id\u0151":"1 perc"},"schema":{"@context":"https:\/\/schema.org","@graph":[{"@type":["WebPage","ItemPage"],"@id":"https:\/\/aztex.ee\/hu\/pood\/kender-lepedok\/kender-lepedo-szurke\/","url":"https:\/\/aztex.ee\/hu\/pood\/kender-lepedok\/kender-lepedo-szurke\/","name":"Kender leped\u0151 220x240 cm - Sz\u00fcrke | AZTEX","isPartOf":{"@id":"https:\/\/aztex.ee\/hu\/#website"},"primaryImageOfPage":{"@id":"https:\/\/aztex.ee\/hu\/pood\/kender-lepedok\/kender-lepedo-szurke\/#primaryimage"},"image":{"@id":"https:\/\/aztex.ee\/hu\/pood\/kender-lepedok\/kender-lepedo-szurke\/#primaryimage"},"thumbnailUrl":"https:\/\/aztex.ee\/wp-content\/uploads\/2025\/08\/Kanepist-voodilina-Hall.jpg","datePublished":"2025-08-16T16:03:53+00:00","dateModified":"2025-08-16T16:58:09+00:00","description":"A kender \u00e1gynem\u0171k term\u00e9szetesek, l\u00e9g\u00e1tereszt\u0151ek, antibakteri\u00e1lisak \u00e9s tart\u00f3sak. A k\u00f6rnyezetbar\u00e1t \u00e9s kiv\u00e1l\u00f3 min\u0151s\u00e9g\u0171 \u00e1gynem\u0171 k\u00e9nyelmet, frissess\u00e9get, nyugodt alv\u00e1st \u00e9s eg\u00e9szs\u00e9ges alv\u00e1si \u00e9lm\u00e9nyt biztos\u00edt minden este.","breadcrumb":{"@id":"https:\/\/aztex.ee\/hu\/pood\/kender-lepedok\/kender-lepedo-szurke\/#breadcrumb"},"inLanguage":"hu","potentialAction":[{"@type":"ReadAction","target":["https:\/\/aztex.ee\/hu\/pood\/kender-lepedok\/kender-lepedo-szurke\/"]}]},{"@type":"ImageObject","inLanguage":"hu","@id":"https:\/\/aztex.ee\/hu\/pood\/kender-lepedok\/kender-lepedo-szurke\/#primaryimage","url":"https:\/\/aztex.ee\/wp-content\/uploads\/2025\/08\/Kanepist-voodilina-Hall.jpg","contentUrl":"https:\/\/aztex.ee\/wp-content\/uploads\/2025\/08\/Kanepist-voodilina-Hall.jpg","width":800,"height":800,"caption":"Kanepist voodilina Hall"},{"@type":"BreadcrumbList","@id":"https:\/\/aztex.ee\/hu\/pood\/kender-lepedok\/kender-lepedo-szurke\/#breadcrumb","itemListElement":[{"@type":"ListItem","position":1,"name":"F\u0151oldal","item":"https:\/\/aztex.ee\/hu\/"},{"@type":"ListItem","position":2,"name":"Web\u00e1ruh\u00e1z","item":"https:\/\/aztex.ee\/hu\/webaruhaz\/"},{"@type":"ListItem","position":3,"name":"Kender leped\u0151 | Sz\u00fcrke"}]},{"@type":"WebSite","@id":"https:\/\/aztex.ee\/hu\/#website","url":"https:\/\/aztex.ee\/hu\/","name":"AZTEX","description":"","publisher":{"@id":"https:\/\/aztex.ee\/hu\/#organization"},"potentialAction":[{"@type":"SearchAction","target":{"@type":"EntryPoint","urlTemplate":"https:\/\/aztex.ee\/hu\/?s={search_term_string}"},"query-input":{"@type":"PropertyValueSpecification","valueRequired":true,"valueName":"search_term_string"}}],"inLanguage":"hu"},{"@type":"Organization","@id":"https:\/\/aztex.ee\/hu\/#organization","name":"AZTEX","url":"https:\/\/aztex.ee\/hu\/","logo":{"@type":"ImageObject","inLanguage":"hu","@id":"https:\/\/aztex.ee\/hu\/#\/schema\/logo\/image\/","url":"https:\/\/aztex.ee\/wp-content\/uploads\/2026\/01\/AZTEX.png","contentUrl":"https:\/\/aztex.ee\/wp-content\/uploads\/2026\/01\/AZTEX.png","width":500,"height":500,"caption":"AZTEX"},"image":{"@id":"https:\/\/aztex.ee\/hu\/#\/schema\/logo\/image\/"},"sameAs":["https:\/\/www.facebook.com\/AztexEE","https:\/\/www.instagram.com\/aztexeesti\/","https:\/\/www.youtube.com\/@AZTEXEE","https:\/\/www.pinterest.com\/aztex_eesti\/","https:\/\/www.tiktok.com\/@aztexeesti","https:\/\/www.trustpilot.com\/review\/aztex.ee","https:\/\/www.linkedin.com\/company\/aztex-ee\/","https:\/\/www.wikidata.org\/wiki\/Q137560182"]}]}},"_links":{"self":[{"href":"https:\/\/aztex.ee\/hu\/wp-json\/wp\/v2\/product\/91645","targetHints":{"allow":["GET"]}}],"collection":[{"href":"https:\/\/aztex.ee\/hu\/wp-json\/wp\/v2\/product"}],"about":[{"href":"https:\/\/aztex.ee\/hu\/wp-json\/wp\/v2\/types\/product"}],"replies":[{"embeddable":true,"href":"https:\/\/aztex.ee\/hu\/wp-json\/wp\/v2\/comments?post=91645"}],"version-history":[{"count":0,"href":"https:\/\/aztex.ee\/hu\/wp-json\/wp\/v2\/product\/91645\/revisions"}],"wp:featuredmedia":[{"embeddable":true,"href":"https:\/\/aztex.ee\/hu\/wp-json\/wp\/v2\/media\/91667"}],"wp:attachment":[{"href":"https:\/\/aztex.ee\/hu\/wp-json\/wp\/v2\/media?parent=91645"}],"wp:term":[{"taxonomy":"product_brand","embeddable":true,"href":"https:\/\/aztex.ee\/hu\/wp-json\/wp\/v2\/product_brand?post=91645"},{"taxonomy":"product_cat","embeddable":true,"href":"https:\/\/aztex.ee\/hu\/wp-json\/wp\/v2\/product_cat?post=91645"},{"taxonomy":"product_tag","embeddable":true,"href":"https:\/\/aztex.ee\/hu\/wp-json\/wp\/v2\/product_tag?post=91645"}],"curies":[{"name":"wp","href":"https:\/\/api.w.org\/{rel}","templated":true}]}}