{"id":91469,"date":"2025-08-16T00:37:50","date_gmt":"2025-08-16T00:37:50","guid":{"rendered":"https:\/\/aztex.ee\/?post_type=product&#038;p=91469"},"modified":"2025-12-17T01:19:43","modified_gmt":"2025-12-17T01:19:43","slug":"kender-agynemu-szett-szurke","status":"publish","type":"product","link":"https:\/\/aztex.ee\/hu\/pood\/agynemuk\/kender-agynemu-szett-szurke\/","title":{"rendered":"Kender \u00e1gynem\u0171 szett | Sz\u00fcrke"},"content":{"rendered":"<p>A kender \u00e1gynem\u0171 k\u00f6rnyezetbar\u00e1t \u00e9s tart\u00f3s v\u00e1laszt\u00e1s. A kender n\u00f6v\u00e9ny term\u00e9szetes rostjaib\u00f3l k\u00e9sz\u00fcl, amelyek k\u00fcl\u00f6nf\u00e9le el\u0151ny\u00f6kkel j\u00e1rnak. A kendersz\u00e1lak nagyon er\u0151sek \u00e9s tart\u00f3sak, \u00edgy a kender paplanhuzatok tov\u00e1bb tartanak, mint a legt\u00f6bb m\u00e1s sz\u00f6vet, \u00e9s minden mos\u00e1ssal puh\u00e1bbak \u00e9s k\u00e9nyelmesebbek lesznek.<\/p>\n<p>A kender term\u00e9szetes antibakteri\u00e1lis tulajdons\u00e1gokkal rendelkezik, amelyek higi\u00e9nikuss\u00e1 teszik az \u00e1gynem\u0171t, \u00e9s seg\u00edtenek cs\u00f6kkenteni a bakt\u00e9riumok \u00e9s allerg\u00e9nek mennyis\u00e9g\u00e9t az \u00e1gynem\u0171ben. Ez az \u00e1gynem\u0171 t\u00f6k\u00e9letes allergi\u00e1k vagy b\u0151rbetegs\u00e9gek eset\u00e9n, \u00e9s higi\u00e9nikusabb alv\u00e1st biztos\u00edt. Mivel a kender hipoallerg\u00e9n anyagnak sz\u00e1m\u00edt, a kender \u00e1gynem\u0171 \u00e1ltal\u00e1ban nem okoz allergi\u00e1s reakci\u00f3kat.<\/p>\n<p>-Kender \u00e1gynem\u0171garnit\u00fara k\u00f6nnyen gondozhat\u00f3, a kender g\u00e9pben moshat\u00f3 \u00e9s gyorsan sz\u00e1rad.<br \/>\n-A kender \u00e1gynem\u0171t legjobb meleg v\u00edzben kimosni, hogy tov\u00e1bb maradjon friss \u00e9s sz\u00e9p az \u00e1gynem\u0171. A v\u00edz h\u0151m\u00e9rs\u00e9klet\u00e9nek 30-40 fokosnak kell lennie.<br \/>\n-Az anyag elszakad\u00e1s\u00e1nak megel\u0151z\u00e9se \u00e9rdek\u00e9ben aj\u00e1nlott alacsony sebess\u00e9ggel sz\u00e1r\u00edtani.<br \/>\n-A kender term\u00e9szetes megjelen\u00e9se enyh\u00e9n r\u00e1ncos. Ha azonban azt szeretn\u00e9nk, hogy a lapok simaak legyenek, akkor vasalhatjuk \u0151ket alacsony l\u00e1ngon.<\/p>\n<p>A kender \u00e1gynem\u0171garnit\u00far\u00e1k azonos anyagb\u00f3l k\u00e9sz\u00fclt zacsk\u00f3ba vannak csomagolva.<\/p>\n","protected":false},"excerpt":{"rendered":"<p>A 100% kender \u00e1gynem\u0171garnit\u00fara hipoallerg\u00e9n \u00e9s antibakteri\u00e1lis.<\/p>\n<ul>\n<li>Sz\u00edn: Sz\u00fcrke<\/li>\n<li>Anyaga: 100% kender, 180 g\/m2<\/li>\n<li>Paplanhuzat: 200\u00d7220 cm<\/li>\n<li>P\u00e1rnahuzat: 50\u00d770 cm (2 db)<\/li>\n<\/ul>\n<p><img loading=\"lazy\" decoding=\"async\" class=\"alignnone size-full wp-image-20226\" src=\"https:\/\/aztex.ee\/wp-content\/uploads\/2024\/09\/oekotex100.png\" alt=\"\" width=\"204\" height=\"72\" srcset=\"https:\/\/aztex.ee\/wp-content\/uploads\/2024\/09\/oekotex100.png 204w, https:\/\/aztex.ee\/wp-content\/uploads\/2024\/09\/oekotex100-150x53.png 150w\" sizes=\"auto, (max-width: 204px) 100vw, 204px\" \/><img loading=\"lazy\" decoding=\"async\" class=\"alignnone wp-image-20896\" src=\"https:\/\/aztex.ee\/wp-content\/uploads\/2024\/09\/NATURALHEMP.png\" alt=\"\" width=\"79\" height=\"79\" srcset=\"https:\/\/aztex.ee\/wp-content\/uploads\/2024\/09\/NATURALHEMP.png 300w, https:\/\/aztex.ee\/wp-content\/uploads\/2024\/09\/NATURALHEMP-150x150.png 150w\" sizes=\"auto, (max-width: 79px) 100vw, 79px\" \/><\/p>\n","protected":false},"featured_media":91491,"comment_status":"open","ping_status":"closed","template":"","meta":[],"product_brand":[],"product_cat":[499,202,425,211],"product_tag":[],"class_list":{"0":"post-91469","1":"product","2":"type-product","3":"status-publish","4":"has-post-thumbnail","6":"product_cat-agynemu-szettek","7":"product_cat-agynemuk","8":"product_cat-kender-agynemu-szettek","9":"product_cat-kender-agynemuk","11":"first","12":"outofstock","13":"sale","14":"shipping-taxable","15":"purchasable","16":"product-type-simple"},"yoast_head":"<!-- This site is optimized with the Yoast SEO plugin v27.3 - https:\/\/yoast.com\/product\/yoast-seo-wordpress\/ -->\n<title>Kender paplanhuzat szett - Sz\u00fcrke | AZTEX<\/title>\n<meta name=\"description\" content=\"A bio kender paplanhuzat garnit\u00fara k\u00fcl\u00f6n\u00f6sen luxus \u00e9s term\u00e9szetes alv\u00e1si k\u00f6rnyezetet teremt minden \u00e9vszakban, antibakteri\u00e1lis tulajdons\u00e1gokkal \u00e9s puha, l\u00e9g\u00e1tereszt\u0151 text\u00far\u00e1val.\" \/>\n<meta name=\"robots\" content=\"index, follow, max-snippet:-1, max-image-preview:large, max-video-preview:-1\" \/>\n<link rel=\"canonical\" href=\"https:\/\/aztex.ee\/hu\/pood\/agynemuk\/kender-agynemu-szett-szurke\/\" \/>\n<meta property=\"og:locale\" content=\"hu_HU\" \/>\n<meta property=\"og:type\" content=\"article\" \/>\n<meta property=\"og:title\" content=\"Kender paplanhuzat szett - Sz\u00fcrke | AZTEX\" \/>\n<meta property=\"og:description\" content=\"A bio kender paplanhuzat garnit\u00fara k\u00fcl\u00f6n\u00f6sen luxus \u00e9s term\u00e9szetes alv\u00e1si k\u00f6rnyezetet teremt minden \u00e9vszakban, antibakteri\u00e1lis tulajdons\u00e1gokkal \u00e9s puha, l\u00e9g\u00e1tereszt\u0151 text\u00far\u00e1val.\" \/>\n<meta property=\"og:url\" content=\"https:\/\/aztex.ee\/hu\/pood\/agynemuk\/kender-agynemu-szett-szurke\/\" \/>\n<meta property=\"og:site_name\" content=\"AZTEX\" \/>\n<meta property=\"article:publisher\" content=\"https:\/\/www.facebook.com\/AztexEE\" \/>\n<meta property=\"article:modified_time\" content=\"2025-12-17T01:19:43+00:00\" \/>\n<meta property=\"og:image\" content=\"https:\/\/aztex.ee\/wp-content\/uploads\/2025\/08\/Kanepist-voodipesukomplekt-Hall.jpg\" \/>\n\t<meta property=\"og:image:width\" content=\"800\" \/>\n\t<meta property=\"og:image:height\" content=\"800\" \/>\n\t<meta property=\"og:image:type\" content=\"image\/jpeg\" \/>\n<meta name=\"twitter:card\" content=\"summary_large_image\" \/>\n<meta name=\"twitter:label1\" content=\"Becs\u00fclt olvas\u00e1si id\u0151\" \/>\n\t<meta name=\"twitter:data1\" content=\"2 perc\" \/>\n<script type=\"application\/ld+json\" class=\"yoast-schema-graph\">{\"@context\":\"https:\\\/\\\/schema.org\",\"@graph\":[{\"@type\":[\"WebPage\",\"ItemPage\"],\"@id\":\"https:\\\/\\\/aztex.ee\\\/hu\\\/pood\\\/agynemuk\\\/kender-agynemu-szett-szurke\\\/\",\"url\":\"https:\\\/\\\/aztex.ee\\\/hu\\\/pood\\\/agynemuk\\\/kender-agynemu-szett-szurke\\\/\",\"name\":\"Kender paplanhuzat szett - Sz\u00fcrke | AZTEX\",\"isPartOf\":{\"@id\":\"https:\\\/\\\/aztex.ee\\\/hu\\\/#website\"},\"primaryImageOfPage\":{\"@id\":\"https:\\\/\\\/aztex.ee\\\/hu\\\/pood\\\/agynemuk\\\/kender-agynemu-szett-szurke\\\/#primaryimage\"},\"image\":{\"@id\":\"https:\\\/\\\/aztex.ee\\\/hu\\\/pood\\\/agynemuk\\\/kender-agynemu-szett-szurke\\\/#primaryimage\"},\"thumbnailUrl\":\"https:\\\/\\\/aztex.ee\\\/wp-content\\\/uploads\\\/2025\\\/08\\\/Kanepist-voodipesukomplekt-Hall.jpg\",\"datePublished\":\"2025-08-16T00:37:50+00:00\",\"dateModified\":\"2025-12-17T01:19:43+00:00\",\"description\":\"A bio kender paplanhuzat garnit\u00fara k\u00fcl\u00f6n\u00f6sen luxus \u00e9s term\u00e9szetes alv\u00e1si k\u00f6rnyezetet teremt minden \u00e9vszakban, antibakteri\u00e1lis tulajdons\u00e1gokkal \u00e9s puha, l\u00e9g\u00e1tereszt\u0151 text\u00far\u00e1val.\",\"breadcrumb\":{\"@id\":\"https:\\\/\\\/aztex.ee\\\/hu\\\/pood\\\/agynemuk\\\/kender-agynemu-szett-szurke\\\/#breadcrumb\"},\"inLanguage\":\"hu\",\"potentialAction\":[{\"@type\":\"ReadAction\",\"target\":[\"https:\\\/\\\/aztex.ee\\\/hu\\\/pood\\\/agynemuk\\\/kender-agynemu-szett-szurke\\\/\"]}]},{\"@type\":\"ImageObject\",\"inLanguage\":\"hu\",\"@id\":\"https:\\\/\\\/aztex.ee\\\/hu\\\/pood\\\/agynemuk\\\/kender-agynemu-szett-szurke\\\/#primaryimage\",\"url\":\"https:\\\/\\\/aztex.ee\\\/wp-content\\\/uploads\\\/2025\\\/08\\\/Kanepist-voodipesukomplekt-Hall.jpg\",\"contentUrl\":\"https:\\\/\\\/aztex.ee\\\/wp-content\\\/uploads\\\/2025\\\/08\\\/Kanepist-voodipesukomplekt-Hall.jpg\",\"width\":800,\"height\":800,\"caption\":\"Kanepist voodipesukomplekt Hall\"},{\"@type\":\"BreadcrumbList\",\"@id\":\"https:\\\/\\\/aztex.ee\\\/hu\\\/pood\\\/agynemuk\\\/kender-agynemu-szett-szurke\\\/#breadcrumb\",\"itemListElement\":[{\"@type\":\"ListItem\",\"position\":1,\"name\":\"F\u0151oldal\",\"item\":\"https:\\\/\\\/aztex.ee\\\/hu\\\/\"},{\"@type\":\"ListItem\",\"position\":2,\"name\":\"Web\u00e1ruh\u00e1z\",\"item\":\"https:\\\/\\\/aztex.ee\\\/hu\\\/webaruhaz\\\/\"},{\"@type\":\"ListItem\",\"position\":3,\"name\":\"Kender \u00e1gynem\u0171 szett | Sz\u00fcrke\"}]},{\"@type\":\"WebSite\",\"@id\":\"https:\\\/\\\/aztex.ee\\\/hu\\\/#website\",\"url\":\"https:\\\/\\\/aztex.ee\\\/hu\\\/\",\"name\":\"AZTEX\",\"description\":\"\",\"publisher\":{\"@id\":\"https:\\\/\\\/aztex.ee\\\/hu\\\/#organization\"},\"potentialAction\":[{\"@type\":\"SearchAction\",\"target\":{\"@type\":\"EntryPoint\",\"urlTemplate\":\"https:\\\/\\\/aztex.ee\\\/hu\\\/?s={search_term_string}\"},\"query-input\":{\"@type\":\"PropertyValueSpecification\",\"valueRequired\":true,\"valueName\":\"search_term_string\"}}],\"inLanguage\":\"hu\"},{\"@type\":\"Organization\",\"@id\":\"https:\\\/\\\/aztex.ee\\\/hu\\\/#organization\",\"name\":\"AZTEX\",\"url\":\"https:\\\/\\\/aztex.ee\\\/hu\\\/\",\"logo\":{\"@type\":\"ImageObject\",\"inLanguage\":\"hu\",\"@id\":\"https:\\\/\\\/aztex.ee\\\/hu\\\/#\\\/schema\\\/logo\\\/image\\\/\",\"url\":\"https:\\\/\\\/aztex.ee\\\/wp-content\\\/uploads\\\/2026\\\/01\\\/AZTEX.png\",\"contentUrl\":\"https:\\\/\\\/aztex.ee\\\/wp-content\\\/uploads\\\/2026\\\/01\\\/AZTEX.png\",\"width\":500,\"height\":500,\"caption\":\"AZTEX\"},\"image\":{\"@id\":\"https:\\\/\\\/aztex.ee\\\/hu\\\/#\\\/schema\\\/logo\\\/image\\\/\"},\"sameAs\":[\"https:\\\/\\\/www.facebook.com\\\/AztexEE\",\"https:\\\/\\\/www.instagram.com\\\/aztexeesti\\\/\",\"https:\\\/\\\/www.youtube.com\\\/@AZTEXEE\",\"https:\\\/\\\/www.pinterest.com\\\/aztex_eesti\\\/\",\"https:\\\/\\\/www.tiktok.com\\\/@aztexeesti\",\"https:\\\/\\\/www.trustpilot.com\\\/review\\\/aztex.ee\",\"https:\\\/\\\/www.linkedin.com\\\/company\\\/aztex-ee\\\/\",\"https:\\\/\\\/www.wikidata.org\\\/wiki\\\/Q137560182\"]}]}<\/script>\n<!-- \/ Yoast SEO plugin. -->","yoast_head_json":{"title":"Kender paplanhuzat szett - Sz\u00fcrke | AZTEX","description":"A bio kender paplanhuzat garnit\u00fara k\u00fcl\u00f6n\u00f6sen luxus \u00e9s term\u00e9szetes alv\u00e1si k\u00f6rnyezetet teremt minden \u00e9vszakban, antibakteri\u00e1lis tulajdons\u00e1gokkal \u00e9s puha, l\u00e9g\u00e1tereszt\u0151 text\u00far\u00e1val.","robots":{"index":"index","follow":"follow","max-snippet":"max-snippet:-1","max-image-preview":"max-image-preview:large","max-video-preview":"max-video-preview:-1"},"canonical":"https:\/\/aztex.ee\/hu\/pood\/agynemuk\/kender-agynemu-szett-szurke\/","og_locale":"hu_HU","og_type":"article","og_title":"Kender paplanhuzat szett - Sz\u00fcrke | AZTEX","og_description":"A bio kender paplanhuzat garnit\u00fara k\u00fcl\u00f6n\u00f6sen luxus \u00e9s term\u00e9szetes alv\u00e1si k\u00f6rnyezetet teremt minden \u00e9vszakban, antibakteri\u00e1lis tulajdons\u00e1gokkal \u00e9s puha, l\u00e9g\u00e1tereszt\u0151 text\u00far\u00e1val.","og_url":"https:\/\/aztex.ee\/hu\/pood\/agynemuk\/kender-agynemu-szett-szurke\/","og_site_name":"AZTEX","article_publisher":"https:\/\/www.facebook.com\/AztexEE","article_modified_time":"2025-12-17T01:19:43+00:00","og_image":[{"width":800,"height":800,"url":"https:\/\/aztex.ee\/wp-content\/uploads\/2025\/08\/Kanepist-voodipesukomplekt-Hall.jpg","type":"image\/jpeg"}],"twitter_card":"summary_large_image","twitter_misc":{"Becs\u00fclt olvas\u00e1si id\u0151":"2 perc"},"schema":{"@context":"https:\/\/schema.org","@graph":[{"@type":["WebPage","ItemPage"],"@id":"https:\/\/aztex.ee\/hu\/pood\/agynemuk\/kender-agynemu-szett-szurke\/","url":"https:\/\/aztex.ee\/hu\/pood\/agynemuk\/kender-agynemu-szett-szurke\/","name":"Kender paplanhuzat szett - Sz\u00fcrke | AZTEX","isPartOf":{"@id":"https:\/\/aztex.ee\/hu\/#website"},"primaryImageOfPage":{"@id":"https:\/\/aztex.ee\/hu\/pood\/agynemuk\/kender-agynemu-szett-szurke\/#primaryimage"},"image":{"@id":"https:\/\/aztex.ee\/hu\/pood\/agynemuk\/kender-agynemu-szett-szurke\/#primaryimage"},"thumbnailUrl":"https:\/\/aztex.ee\/wp-content\/uploads\/2025\/08\/Kanepist-voodipesukomplekt-Hall.jpg","datePublished":"2025-08-16T00:37:50+00:00","dateModified":"2025-12-17T01:19:43+00:00","description":"A bio kender paplanhuzat garnit\u00fara k\u00fcl\u00f6n\u00f6sen luxus \u00e9s term\u00e9szetes alv\u00e1si k\u00f6rnyezetet teremt minden \u00e9vszakban, antibakteri\u00e1lis tulajdons\u00e1gokkal \u00e9s puha, l\u00e9g\u00e1tereszt\u0151 text\u00far\u00e1val.","breadcrumb":{"@id":"https:\/\/aztex.ee\/hu\/pood\/agynemuk\/kender-agynemu-szett-szurke\/#breadcrumb"},"inLanguage":"hu","potentialAction":[{"@type":"ReadAction","target":["https:\/\/aztex.ee\/hu\/pood\/agynemuk\/kender-agynemu-szett-szurke\/"]}]},{"@type":"ImageObject","inLanguage":"hu","@id":"https:\/\/aztex.ee\/hu\/pood\/agynemuk\/kender-agynemu-szett-szurke\/#primaryimage","url":"https:\/\/aztex.ee\/wp-content\/uploads\/2025\/08\/Kanepist-voodipesukomplekt-Hall.jpg","contentUrl":"https:\/\/aztex.ee\/wp-content\/uploads\/2025\/08\/Kanepist-voodipesukomplekt-Hall.jpg","width":800,"height":800,"caption":"Kanepist voodipesukomplekt Hall"},{"@type":"BreadcrumbList","@id":"https:\/\/aztex.ee\/hu\/pood\/agynemuk\/kender-agynemu-szett-szurke\/#breadcrumb","itemListElement":[{"@type":"ListItem","position":1,"name":"F\u0151oldal","item":"https:\/\/aztex.ee\/hu\/"},{"@type":"ListItem","position":2,"name":"Web\u00e1ruh\u00e1z","item":"https:\/\/aztex.ee\/hu\/webaruhaz\/"},{"@type":"ListItem","position":3,"name":"Kender \u00e1gynem\u0171 szett | Sz\u00fcrke"}]},{"@type":"WebSite","@id":"https:\/\/aztex.ee\/hu\/#website","url":"https:\/\/aztex.ee\/hu\/","name":"AZTEX","description":"","publisher":{"@id":"https:\/\/aztex.ee\/hu\/#organization"},"potentialAction":[{"@type":"SearchAction","target":{"@type":"EntryPoint","urlTemplate":"https:\/\/aztex.ee\/hu\/?s={search_term_string}"},"query-input":{"@type":"PropertyValueSpecification","valueRequired":true,"valueName":"search_term_string"}}],"inLanguage":"hu"},{"@type":"Organization","@id":"https:\/\/aztex.ee\/hu\/#organization","name":"AZTEX","url":"https:\/\/aztex.ee\/hu\/","logo":{"@type":"ImageObject","inLanguage":"hu","@id":"https:\/\/aztex.ee\/hu\/#\/schema\/logo\/image\/","url":"https:\/\/aztex.ee\/wp-content\/uploads\/2026\/01\/AZTEX.png","contentUrl":"https:\/\/aztex.ee\/wp-content\/uploads\/2026\/01\/AZTEX.png","width":500,"height":500,"caption":"AZTEX"},"image":{"@id":"https:\/\/aztex.ee\/hu\/#\/schema\/logo\/image\/"},"sameAs":["https:\/\/www.facebook.com\/AztexEE","https:\/\/www.instagram.com\/aztexeesti\/","https:\/\/www.youtube.com\/@AZTEXEE","https:\/\/www.pinterest.com\/aztex_eesti\/","https:\/\/www.tiktok.com\/@aztexeesti","https:\/\/www.trustpilot.com\/review\/aztex.ee","https:\/\/www.linkedin.com\/company\/aztex-ee\/","https:\/\/www.wikidata.org\/wiki\/Q137560182"]}]}},"_links":{"self":[{"href":"https:\/\/aztex.ee\/hu\/wp-json\/wp\/v2\/product\/91469","targetHints":{"allow":["GET"]}}],"collection":[{"href":"https:\/\/aztex.ee\/hu\/wp-json\/wp\/v2\/product"}],"about":[{"href":"https:\/\/aztex.ee\/hu\/wp-json\/wp\/v2\/types\/product"}],"replies":[{"embeddable":true,"href":"https:\/\/aztex.ee\/hu\/wp-json\/wp\/v2\/comments?post=91469"}],"version-history":[{"count":0,"href":"https:\/\/aztex.ee\/hu\/wp-json\/wp\/v2\/product\/91469\/revisions"}],"wp:featuredmedia":[{"embeddable":true,"href":"https:\/\/aztex.ee\/hu\/wp-json\/wp\/v2\/media\/91491"}],"wp:attachment":[{"href":"https:\/\/aztex.ee\/hu\/wp-json\/wp\/v2\/media?parent=91469"}],"wp:term":[{"taxonomy":"product_brand","embeddable":true,"href":"https:\/\/aztex.ee\/hu\/wp-json\/wp\/v2\/product_brand?post=91469"},{"taxonomy":"product_cat","embeddable":true,"href":"https:\/\/aztex.ee\/hu\/wp-json\/wp\/v2\/product_cat?post=91469"},{"taxonomy":"product_tag","embeddable":true,"href":"https:\/\/aztex.ee\/hu\/wp-json\/wp\/v2\/product_tag?post=91469"}],"curies":[{"name":"wp","href":"https:\/\/api.w.org\/{rel}","templated":true}]}}