{"id":87176,"date":"2025-05-17T20:18:23","date_gmt":"2025-05-17T20:18:23","guid":{"rendered":"https:\/\/aztex.ee\/?post_type=product&#038;p=87176"},"modified":"2025-10-20T11:06:19","modified_gmt":"2025-10-20T11:06:19","slug":"premium-agynemu-szett-bambusz-kobaltkek","status":"publish","type":"product","link":"https:\/\/aztex.ee\/hu\/pood\/agynemuk\/premium-agynemu-szett-bambusz-kobaltkek\/","title":{"rendered":"Pr\u00e9mium \u00e1gynem\u0171 szett 100% bambusz | Kobaltk\u00e9k"},"content":{"rendered":"<p>A bambusz \u00e1gynem\u0171 garnit\u00far\u00e1 kiv\u00e1l\u00f3 min\u0151s\u00e9g\u0171, puha \u00e9s l\u00e9legz\u0151 textilterm\u00e9kek, amelyek term\u00e9szetes bambuszsz\u00e1lb\u00f3l k\u00e9sz\u00fclnek. Ezeket a k\u00e9szleteket kifejezetten a k\u00e9nyelmes alv\u00e1s biztos\u00edt\u00e1s\u00e1ra tervezt\u00e9k. A bambuszsz\u00e1l term\u00e9szetesen l\u00e9legz\u0151, \u00e9s k\u00e9pes elvezetni a nedvess\u00e9get, ami megakad\u00e1lyozza az izzad\u00e1st, \u00e9s tov\u00e1bb tart tiszt\u00e1n \u00e9s frissen.<\/p>\n<p>A bambusz \u00e1gynem\u0171k\u00e9szletek \u00e1ltal\u00e1ban k\u00f6rnyezetbar\u00e1t \u00e9s fenntarthat\u00f3 anyagokat haszn\u00e1lnak. A bambusz n\u00f6v\u00e9ny gyors n\u00f6veked\u00e9s\u00e9r\u0151l \u00e9s alacsony v\u00edzfogyaszt\u00e1s\u00e1r\u00f3l ismert, ami cs\u00f6kkenti a termel\u00e9si folyamat k\u00f6rnyezetterhel\u00e9s\u00e9t. Ezenk\u00edv\u00fcl a bambuszsz\u00e1l puha text\u00far\u00e1j\u00e1val f\u00e9ny\u0171z\u0151 \u00e9rzetet kelt, \u00e9s k\u00edm\u00e9letes a b\u0151rh\u00f6z an\u00e9lk\u00fcl, hogy k\u00e1ros\u00edtan\u00e1 azt.<\/p>\n<p>A bambusz \u00e1gynem\u0171 garnit\u00far\u00e1k term\u00e9szetes antibakteri\u00e1lis \u00e9s antiallerg\u00e9n tulajdons\u00e1gokkal rendelkeznek, amelyek fenntartj\u00e1k a higi\u00e9ni\u00e1t \u00e9s k\u00e9nyelmet biztos\u00edtanak alv\u00e1s k\u00f6zben. Meleg id\u0151ben friss\u00edt\u0151 \u00e9s h\u0171s\u00edt\u0151 hat\u00e1sukr\u00f3l ismertek.<\/p>\n<p>Ennek eredm\u00e9nyek\u00e9nt a bambusz \u00e1gynem\u0171 garnit\u00far\u00e1k k\u00f6rnyezetbar\u00e1t \u00e9s k\u00e9nyelmes term\u00e9kek, amelyek min\u0151s\u00e9gi alv\u00e1st k\u00edn\u00e1lnak felhaszn\u00e1l\u00f3iknak.<\/p>\n","protected":false},"excerpt":{"rendered":"<p>A 100%-ban fenntarthat\u00f3an termesztett bambuszb\u00f3l k\u00e9sz\u00fclt \u00e1gynem\u0171 hipoallerg\u00e9n \u00e9s antibakteri\u00e1lis.<\/p>\n<ul>\n<li>Sz\u00edn: Kobaltk\u00e9k<\/li>\n<li>Anyaga: 100% bambusz<\/li>\n<li>Sz\u00e1lak sz\u00e1ma: 300 TC<\/li>\n<li>Paplanhuzat: 200\u00d7220 cm<\/li>\n<li>P\u00e1rnahuzat: 50\u00d770 cm (2 db)<\/li>\n<li>Leped\u0151: 220\u00d7240 cm<\/li>\n<\/ul>\n<p><img loading=\"lazy\" decoding=\"async\" class=\"alignnone wp-image-20226\" src=\"https:\/\/aztex.ee\/wp-content\/uploads\/2024\/09\/oekotex100.png\" alt=\"\" width=\"196\" height=\"69\" srcset=\"https:\/\/aztex.ee\/wp-content\/uploads\/2024\/09\/oekotex100.png 204w, https:\/\/aztex.ee\/wp-content\/uploads\/2024\/09\/oekotex100-150x53.png 150w\" sizes=\"auto, (max-width: 196px) 100vw, 196px\" \/><img loading=\"lazy\" decoding=\"async\" class=\"alignnone wp-image-20260\" src=\"https:\/\/aztex.ee\/wp-content\/uploads\/2024\/09\/bambuuss.png\" alt=\"\" width=\"75\" height=\"75\" srcset=\"https:\/\/aztex.ee\/wp-content\/uploads\/2024\/09\/bambuuss.png 204w, https:\/\/aztex.ee\/wp-content\/uploads\/2024\/09\/bambuuss-150x150.png 150w\" sizes=\"auto, (max-width: 75px) 100vw, 75px\" \/><\/p>\n<p>Hipoallerg\u00e9n \u00e9s nedvess\u00e9gelvezet\u0151.<br \/>\nIde\u00e1lis v\u00e1laszt\u00e1s \u00e9rz\u00e9keny b\u0151rre vagy ekc\u00e9m\u00e1ra, k\u00fcl\u00f6n\u00f6sen azok sz\u00e1m\u00e1ra, akik hajlamosak \u00e9jszakai izzad\u00e1sra. A bambusz \u00e1gynem\u0171garnit\u00far\u00e1k ugyanabb\u00f3l az anyagb\u00f3l k\u00e9sz\u00fclt tasakba vannak csomagolva<\/p>\n","protected":false},"featured_media":87189,"comment_status":"open","ping_status":"closed","template":"","meta":[],"product_brand":[],"product_cat":[499,202,403,214],"product_tag":[],"class_list":{"0":"post-87176","1":"product","2":"type-product","3":"status-publish","4":"has-post-thumbnail","6":"product_cat-agynemu-szettek","7":"product_cat-agynemuk","8":"product_cat-bambusz-agynemu-szettek","9":"product_cat-bambusz-agynemuk","11":"first","12":"instock","13":"sale","14":"shipping-taxable","15":"purchasable","16":"product-type-simple"},"yoast_head":"<!-- This site is optimized with the Yoast SEO plugin v27.3 - https:\/\/yoast.com\/product\/yoast-seo-wordpress\/ -->\n<title>100% Organikus Bambusz \u00c1gynem\u0171 garnit\u00fara | Kobaltk\u00e9k<\/title>\n<meta name=\"description\" content=\"Antibakteri\u00e1lis \u00e9s tart\u00f3s, ez a bambusz \u00e1gynem\u0171 garnit\u00fara nagyszer\u0171 v\u00e1laszt\u00e1s azok sz\u00e1m\u00e1ra, akik \u00e9rt\u00e9kelik a min\u0151s\u00e9get, a hossz\u00fa \u00e9lettartamot \u00e9s a puha tapint\u00e1st.\" \/>\n<meta name=\"robots\" content=\"index, follow, max-snippet:-1, max-image-preview:large, max-video-preview:-1\" \/>\n<link rel=\"canonical\" href=\"https:\/\/aztex.ee\/hu\/pood\/agynemuk\/premium-agynemu-szett-bambusz-kobaltkek\/\" \/>\n<meta property=\"og:locale\" content=\"hu_HU\" \/>\n<meta property=\"og:type\" content=\"article\" \/>\n<meta property=\"og:title\" content=\"100% Organikus Bambusz \u00c1gynem\u0171 garnit\u00fara | Kobaltk\u00e9k\" \/>\n<meta property=\"og:description\" content=\"Antibakteri\u00e1lis \u00e9s tart\u00f3s, ez a bambusz \u00e1gynem\u0171 garnit\u00fara nagyszer\u0171 v\u00e1laszt\u00e1s azok sz\u00e1m\u00e1ra, akik \u00e9rt\u00e9kelik a min\u0151s\u00e9get, a hossz\u00fa \u00e9lettartamot \u00e9s a puha tapint\u00e1st.\" \/>\n<meta property=\"og:url\" content=\"https:\/\/aztex.ee\/hu\/pood\/agynemuk\/premium-agynemu-szett-bambusz-kobaltkek\/\" \/>\n<meta property=\"og:site_name\" content=\"AZTEX\" \/>\n<meta property=\"article:publisher\" content=\"https:\/\/www.facebook.com\/AztexEE\" \/>\n<meta property=\"article:modified_time\" content=\"2025-10-20T11:06:19+00:00\" \/>\n<meta property=\"og:image\" content=\"https:\/\/aztex.ee\/wp-content\/uploads\/2025\/05\/Voodipesukomplekt-bambus-Koobaltsinine.jpg\" \/>\n\t<meta property=\"og:image:width\" content=\"800\" \/>\n\t<meta property=\"og:image:height\" content=\"800\" \/>\n\t<meta property=\"og:image:type\" content=\"image\/jpeg\" \/>\n<meta name=\"twitter:card\" content=\"summary_large_image\" \/>\n<meta name=\"twitter:label1\" content=\"Becs\u00fclt olvas\u00e1si id\u0151\" \/>\n\t<meta name=\"twitter:data1\" content=\"1 perc\" \/>\n<script type=\"application\/ld+json\" class=\"yoast-schema-graph\">{\"@context\":\"https:\\\/\\\/schema.org\",\"@graph\":[{\"@type\":[\"WebPage\",\"ItemPage\"],\"@id\":\"https:\\\/\\\/aztex.ee\\\/hu\\\/pood\\\/agynemuk\\\/premium-agynemu-szett-bambusz-kobaltkek\\\/\",\"url\":\"https:\\\/\\\/aztex.ee\\\/hu\\\/pood\\\/agynemuk\\\/premium-agynemu-szett-bambusz-kobaltkek\\\/\",\"name\":\"100% Organikus Bambusz \u00c1gynem\u0171 garnit\u00fara | Kobaltk\u00e9k\",\"isPartOf\":{\"@id\":\"https:\\\/\\\/aztex.ee\\\/hu\\\/#website\"},\"primaryImageOfPage\":{\"@id\":\"https:\\\/\\\/aztex.ee\\\/hu\\\/pood\\\/agynemuk\\\/premium-agynemu-szett-bambusz-kobaltkek\\\/#primaryimage\"},\"image\":{\"@id\":\"https:\\\/\\\/aztex.ee\\\/hu\\\/pood\\\/agynemuk\\\/premium-agynemu-szett-bambusz-kobaltkek\\\/#primaryimage\"},\"thumbnailUrl\":\"https:\\\/\\\/aztex.ee\\\/wp-content\\\/uploads\\\/2025\\\/05\\\/Voodipesukomplekt-bambus-Koobaltsinine.jpg\",\"datePublished\":\"2025-05-17T20:18:23+00:00\",\"dateModified\":\"2025-10-20T11:06:19+00:00\",\"description\":\"Antibakteri\u00e1lis \u00e9s tart\u00f3s, ez a bambusz \u00e1gynem\u0171 garnit\u00fara nagyszer\u0171 v\u00e1laszt\u00e1s azok sz\u00e1m\u00e1ra, akik \u00e9rt\u00e9kelik a min\u0151s\u00e9get, a hossz\u00fa \u00e9lettartamot \u00e9s a puha tapint\u00e1st.\",\"breadcrumb\":{\"@id\":\"https:\\\/\\\/aztex.ee\\\/hu\\\/pood\\\/agynemuk\\\/premium-agynemu-szett-bambusz-kobaltkek\\\/#breadcrumb\"},\"inLanguage\":\"hu\",\"potentialAction\":[{\"@type\":\"ReadAction\",\"target\":[\"https:\\\/\\\/aztex.ee\\\/hu\\\/pood\\\/agynemuk\\\/premium-agynemu-szett-bambusz-kobaltkek\\\/\"]}]},{\"@type\":\"ImageObject\",\"inLanguage\":\"hu\",\"@id\":\"https:\\\/\\\/aztex.ee\\\/hu\\\/pood\\\/agynemuk\\\/premium-agynemu-szett-bambusz-kobaltkek\\\/#primaryimage\",\"url\":\"https:\\\/\\\/aztex.ee\\\/wp-content\\\/uploads\\\/2025\\\/05\\\/Voodipesukomplekt-bambus-Koobaltsinine.jpg\",\"contentUrl\":\"https:\\\/\\\/aztex.ee\\\/wp-content\\\/uploads\\\/2025\\\/05\\\/Voodipesukomplekt-bambus-Koobaltsinine.jpg\",\"width\":800,\"height\":800,\"caption\":\"Voodipesukomplekt bambus Koobaltsinine\"},{\"@type\":\"BreadcrumbList\",\"@id\":\"https:\\\/\\\/aztex.ee\\\/hu\\\/pood\\\/agynemuk\\\/premium-agynemu-szett-bambusz-kobaltkek\\\/#breadcrumb\",\"itemListElement\":[{\"@type\":\"ListItem\",\"position\":1,\"name\":\"F\u0151oldal\",\"item\":\"https:\\\/\\\/aztex.ee\\\/hu\\\/\"},{\"@type\":\"ListItem\",\"position\":2,\"name\":\"Web\u00e1ruh\u00e1z\",\"item\":\"https:\\\/\\\/aztex.ee\\\/hu\\\/webaruhaz\\\/\"},{\"@type\":\"ListItem\",\"position\":3,\"name\":\"Pr\u00e9mium \u00e1gynem\u0171 szett 100% bambusz | Kobaltk\u00e9k\"}]},{\"@type\":\"WebSite\",\"@id\":\"https:\\\/\\\/aztex.ee\\\/hu\\\/#website\",\"url\":\"https:\\\/\\\/aztex.ee\\\/hu\\\/\",\"name\":\"AZTEX\",\"description\":\"\",\"publisher\":{\"@id\":\"https:\\\/\\\/aztex.ee\\\/hu\\\/#organization\"},\"potentialAction\":[{\"@type\":\"SearchAction\",\"target\":{\"@type\":\"EntryPoint\",\"urlTemplate\":\"https:\\\/\\\/aztex.ee\\\/hu\\\/?s={search_term_string}\"},\"query-input\":{\"@type\":\"PropertyValueSpecification\",\"valueRequired\":true,\"valueName\":\"search_term_string\"}}],\"inLanguage\":\"hu\"},{\"@type\":\"Organization\",\"@id\":\"https:\\\/\\\/aztex.ee\\\/hu\\\/#organization\",\"name\":\"AZTEX\",\"url\":\"https:\\\/\\\/aztex.ee\\\/hu\\\/\",\"logo\":{\"@type\":\"ImageObject\",\"inLanguage\":\"hu\",\"@id\":\"https:\\\/\\\/aztex.ee\\\/hu\\\/#\\\/schema\\\/logo\\\/image\\\/\",\"url\":\"https:\\\/\\\/aztex.ee\\\/wp-content\\\/uploads\\\/2026\\\/01\\\/AZTEX.png\",\"contentUrl\":\"https:\\\/\\\/aztex.ee\\\/wp-content\\\/uploads\\\/2026\\\/01\\\/AZTEX.png\",\"width\":500,\"height\":500,\"caption\":\"AZTEX\"},\"image\":{\"@id\":\"https:\\\/\\\/aztex.ee\\\/hu\\\/#\\\/schema\\\/logo\\\/image\\\/\"},\"sameAs\":[\"https:\\\/\\\/www.facebook.com\\\/AztexEE\",\"https:\\\/\\\/www.instagram.com\\\/aztexeesti\\\/\",\"https:\\\/\\\/www.youtube.com\\\/@AZTEXEE\",\"https:\\\/\\\/www.pinterest.com\\\/aztex_eesti\\\/\",\"https:\\\/\\\/www.tiktok.com\\\/@aztexeesti\",\"https:\\\/\\\/www.trustpilot.com\\\/review\\\/aztex.ee\",\"https:\\\/\\\/www.linkedin.com\\\/company\\\/aztex-ee\\\/\",\"https:\\\/\\\/www.wikidata.org\\\/wiki\\\/Q137560182\"]}]}<\/script>\n<!-- \/ Yoast SEO plugin. -->","yoast_head_json":{"title":"100% Organikus Bambusz \u00c1gynem\u0171 garnit\u00fara | Kobaltk\u00e9k","description":"Antibakteri\u00e1lis \u00e9s tart\u00f3s, ez a bambusz \u00e1gynem\u0171 garnit\u00fara nagyszer\u0171 v\u00e1laszt\u00e1s azok sz\u00e1m\u00e1ra, akik \u00e9rt\u00e9kelik a min\u0151s\u00e9get, a hossz\u00fa \u00e9lettartamot \u00e9s a puha tapint\u00e1st.","robots":{"index":"index","follow":"follow","max-snippet":"max-snippet:-1","max-image-preview":"max-image-preview:large","max-video-preview":"max-video-preview:-1"},"canonical":"https:\/\/aztex.ee\/hu\/pood\/agynemuk\/premium-agynemu-szett-bambusz-kobaltkek\/","og_locale":"hu_HU","og_type":"article","og_title":"100% Organikus Bambusz \u00c1gynem\u0171 garnit\u00fara | Kobaltk\u00e9k","og_description":"Antibakteri\u00e1lis \u00e9s tart\u00f3s, ez a bambusz \u00e1gynem\u0171 garnit\u00fara nagyszer\u0171 v\u00e1laszt\u00e1s azok sz\u00e1m\u00e1ra, akik \u00e9rt\u00e9kelik a min\u0151s\u00e9get, a hossz\u00fa \u00e9lettartamot \u00e9s a puha tapint\u00e1st.","og_url":"https:\/\/aztex.ee\/hu\/pood\/agynemuk\/premium-agynemu-szett-bambusz-kobaltkek\/","og_site_name":"AZTEX","article_publisher":"https:\/\/www.facebook.com\/AztexEE","article_modified_time":"2025-10-20T11:06:19+00:00","og_image":[{"width":800,"height":800,"url":"https:\/\/aztex.ee\/wp-content\/uploads\/2025\/05\/Voodipesukomplekt-bambus-Koobaltsinine.jpg","type":"image\/jpeg"}],"twitter_card":"summary_large_image","twitter_misc":{"Becs\u00fclt olvas\u00e1si id\u0151":"1 perc"},"schema":{"@context":"https:\/\/schema.org","@graph":[{"@type":["WebPage","ItemPage"],"@id":"https:\/\/aztex.ee\/hu\/pood\/agynemuk\/premium-agynemu-szett-bambusz-kobaltkek\/","url":"https:\/\/aztex.ee\/hu\/pood\/agynemuk\/premium-agynemu-szett-bambusz-kobaltkek\/","name":"100% Organikus Bambusz \u00c1gynem\u0171 garnit\u00fara | Kobaltk\u00e9k","isPartOf":{"@id":"https:\/\/aztex.ee\/hu\/#website"},"primaryImageOfPage":{"@id":"https:\/\/aztex.ee\/hu\/pood\/agynemuk\/premium-agynemu-szett-bambusz-kobaltkek\/#primaryimage"},"image":{"@id":"https:\/\/aztex.ee\/hu\/pood\/agynemuk\/premium-agynemu-szett-bambusz-kobaltkek\/#primaryimage"},"thumbnailUrl":"https:\/\/aztex.ee\/wp-content\/uploads\/2025\/05\/Voodipesukomplekt-bambus-Koobaltsinine.jpg","datePublished":"2025-05-17T20:18:23+00:00","dateModified":"2025-10-20T11:06:19+00:00","description":"Antibakteri\u00e1lis \u00e9s tart\u00f3s, ez a bambusz \u00e1gynem\u0171 garnit\u00fara nagyszer\u0171 v\u00e1laszt\u00e1s azok sz\u00e1m\u00e1ra, akik \u00e9rt\u00e9kelik a min\u0151s\u00e9get, a hossz\u00fa \u00e9lettartamot \u00e9s a puha tapint\u00e1st.","breadcrumb":{"@id":"https:\/\/aztex.ee\/hu\/pood\/agynemuk\/premium-agynemu-szett-bambusz-kobaltkek\/#breadcrumb"},"inLanguage":"hu","potentialAction":[{"@type":"ReadAction","target":["https:\/\/aztex.ee\/hu\/pood\/agynemuk\/premium-agynemu-szett-bambusz-kobaltkek\/"]}]},{"@type":"ImageObject","inLanguage":"hu","@id":"https:\/\/aztex.ee\/hu\/pood\/agynemuk\/premium-agynemu-szett-bambusz-kobaltkek\/#primaryimage","url":"https:\/\/aztex.ee\/wp-content\/uploads\/2025\/05\/Voodipesukomplekt-bambus-Koobaltsinine.jpg","contentUrl":"https:\/\/aztex.ee\/wp-content\/uploads\/2025\/05\/Voodipesukomplekt-bambus-Koobaltsinine.jpg","width":800,"height":800,"caption":"Voodipesukomplekt bambus Koobaltsinine"},{"@type":"BreadcrumbList","@id":"https:\/\/aztex.ee\/hu\/pood\/agynemuk\/premium-agynemu-szett-bambusz-kobaltkek\/#breadcrumb","itemListElement":[{"@type":"ListItem","position":1,"name":"F\u0151oldal","item":"https:\/\/aztex.ee\/hu\/"},{"@type":"ListItem","position":2,"name":"Web\u00e1ruh\u00e1z","item":"https:\/\/aztex.ee\/hu\/webaruhaz\/"},{"@type":"ListItem","position":3,"name":"Pr\u00e9mium \u00e1gynem\u0171 szett 100% bambusz | Kobaltk\u00e9k"}]},{"@type":"WebSite","@id":"https:\/\/aztex.ee\/hu\/#website","url":"https:\/\/aztex.ee\/hu\/","name":"AZTEX","description":"","publisher":{"@id":"https:\/\/aztex.ee\/hu\/#organization"},"potentialAction":[{"@type":"SearchAction","target":{"@type":"EntryPoint","urlTemplate":"https:\/\/aztex.ee\/hu\/?s={search_term_string}"},"query-input":{"@type":"PropertyValueSpecification","valueRequired":true,"valueName":"search_term_string"}}],"inLanguage":"hu"},{"@type":"Organization","@id":"https:\/\/aztex.ee\/hu\/#organization","name":"AZTEX","url":"https:\/\/aztex.ee\/hu\/","logo":{"@type":"ImageObject","inLanguage":"hu","@id":"https:\/\/aztex.ee\/hu\/#\/schema\/logo\/image\/","url":"https:\/\/aztex.ee\/wp-content\/uploads\/2026\/01\/AZTEX.png","contentUrl":"https:\/\/aztex.ee\/wp-content\/uploads\/2026\/01\/AZTEX.png","width":500,"height":500,"caption":"AZTEX"},"image":{"@id":"https:\/\/aztex.ee\/hu\/#\/schema\/logo\/image\/"},"sameAs":["https:\/\/www.facebook.com\/AztexEE","https:\/\/www.instagram.com\/aztexeesti\/","https:\/\/www.youtube.com\/@AZTEXEE","https:\/\/www.pinterest.com\/aztex_eesti\/","https:\/\/www.tiktok.com\/@aztexeesti","https:\/\/www.trustpilot.com\/review\/aztex.ee","https:\/\/www.linkedin.com\/company\/aztex-ee\/","https:\/\/www.wikidata.org\/wiki\/Q137560182"]}]}},"_links":{"self":[{"href":"https:\/\/aztex.ee\/hu\/wp-json\/wp\/v2\/product\/87176","targetHints":{"allow":["GET"]}}],"collection":[{"href":"https:\/\/aztex.ee\/hu\/wp-json\/wp\/v2\/product"}],"about":[{"href":"https:\/\/aztex.ee\/hu\/wp-json\/wp\/v2\/types\/product"}],"replies":[{"embeddable":true,"href":"https:\/\/aztex.ee\/hu\/wp-json\/wp\/v2\/comments?post=87176"}],"version-history":[{"count":0,"href":"https:\/\/aztex.ee\/hu\/wp-json\/wp\/v2\/product\/87176\/revisions"}],"wp:featuredmedia":[{"embeddable":true,"href":"https:\/\/aztex.ee\/hu\/wp-json\/wp\/v2\/media\/87189"}],"wp:attachment":[{"href":"https:\/\/aztex.ee\/hu\/wp-json\/wp\/v2\/media?parent=87176"}],"wp:term":[{"taxonomy":"product_brand","embeddable":true,"href":"https:\/\/aztex.ee\/hu\/wp-json\/wp\/v2\/product_brand?post=87176"},{"taxonomy":"product_cat","embeddable":true,"href":"https:\/\/aztex.ee\/hu\/wp-json\/wp\/v2\/product_cat?post=87176"},{"taxonomy":"product_tag","embeddable":true,"href":"https:\/\/aztex.ee\/hu\/wp-json\/wp\/v2\/product_tag?post=87176"}],"curies":[{"name":"wp","href":"https:\/\/api.w.org\/{rel}","templated":true}]}}