{"id":82547,"date":"2025-04-29T13:54:55","date_gmt":"2025-04-29T13:54:55","guid":{"rendered":"https:\/\/aztex.ee\/?post_type=product&#038;p=82547"},"modified":"2025-04-29T15:15:08","modified_gmt":"2025-04-29T15:15:08","slug":"tencel-parnahuzat-holdsarga","status":"publish","type":"product","link":"https:\/\/aztex.ee\/hu\/pood\/parnahuzatok\/tencel-parnahuzat-holdsarga\/","title":{"rendered":"Tencel p\u00e1rnahuzat \u2013 Holds\u00e1rga"},"content":{"rendered":"<p><strong>Term\u00e9szetesen puha<\/strong><\/p>\n<p>A Tencel sz\u00f6vet eukaliptusz cellul\u00f3zb\u00f3l k\u00e9sz\u00fcl, amelyet k\u00f6rnyezetbar\u00e1t Lyocell elj\u00e1r\u00e1ssal dolgoznak fel. A cellul\u00f3zt nem m\u00e9rgez\u0151 old\u00f3szerben oldj\u00e1k fel, majd sz\u00e1lakk\u00e1 pr\u00e9selik \u00e9s fonall\u00e1 dolgozz\u00e1k fel, \u00edgy az anyag puh\u00e1v\u00e1, l\u00e9legz\u0151v\u00e9, er\u0151ss\u00e9 \u00e9s \u00f6kol\u00f3giailag fenntarthat\u00f3 v\u00e1laszt\u00e1ss\u00e1 v\u00e1lik.<\/p>\n<p><strong>B\u0151rbar\u00e1t<\/strong><\/p>\n<p>A Tencel ide\u00e1lis v\u00e1laszt\u00e1s \u00e9rz\u00e9keny b\u0151rre, mivel hipoallerg\u00e9n. Sima fel\u00fclete cs\u00f6kkenti a s\u00farl\u00f3d\u00e1s okozta irrit\u00e1ci\u00f3t \u00e9s seg\u00edt fenntartani a b\u0151r term\u00e9szetes nedvess\u00e9gegyens\u00faly\u00e1t. A Tencel p\u00e1rnahuzat min\u0151s\u00e9gi alv\u00e1st biztos\u00edt, mik\u00f6zben \u00e1polja a b\u0151rt.<\/p>\n<p><strong>Eleg\u00e1ns megjelen\u00e9s<\/strong><\/p>\n<p>A Tencel p\u00e1rnahuzat j\u00f3l passzol minden \u00e1gynem\u0171garnit\u00far\u00e1hoz, egyszer\u0171 \u00e9s eleg\u00e1ns megjelen\u00e9st k\u00f6lcs\u00f6n\u00f6z a h\u00e1l\u00f3szob\u00e1nak, amely b\u00e1rmilyen bels\u0151 kialak\u00edt\u00e1st kieg\u00e9sz\u00edt. Klasszikus \u00e9s st\u00edlusos megjelen\u00e9se minden t\u00edpus\u00fa bels\u0151 t\u00e9rhez illeszkedik \u2013 a modernt\u0151l a hagyom\u00e1nyos h\u00e1l\u00f3szob\u00e1ig. A Tencel p\u00e1rnahuzat f\u00e9ny\u0171z\u0151 \u00e9s eleg\u00e1ns megjelen\u00e9s\u0171, amely az alv\u00e1s minden pillanat\u00e1t \u00e9lvezetesebb\u00e9 teszi.<\/p>\n<p><strong>Gondoskod\u00e1s<\/strong><\/p>\n<p>K\u00f6nnyen kezelhet\u0151 &#8211; alacsony h\u0151m\u00e9rs\u00e9kleten mos\u00f3g\u00e9pben moshat\u00f3, hogy meg\u0151rizze az anyag tulajdons\u00e1gait. L\u00e9gsz\u00e1r\u00edt\u00e1st javasolunk a tart\u00f3s tart\u00f3ss\u00e1g \u00e9s puhas\u00e1g \u00e9rdek\u00e9ben.<\/p>\n","protected":false},"excerpt":{"rendered":"<p>A Tencel p\u00e1rnahuzatok eukaliptusz rostokb\u00f3l k\u00e9sz\u00fclnek.<\/p>\n<ul>\n<li>Sz\u00edn: Holds\u00e1rga<\/li>\n<li>Anyaga: 100% Tencel<\/li>\n<li>Sz\u00e1lak sz\u00e1ma: 60S \/ 300TC<\/li>\n<\/ul>\n<p><img loading=\"lazy\" decoding=\"async\" class=\"alignnone wp-image-63145\" src=\"https:\/\/aztex.ee\/wp-content\/uploads\/2025\/03\/tencel-certified-400x129.png\" alt=\"\" width=\"131\" height=\"42\" srcset=\"https:\/\/aztex.ee\/wp-content\/uploads\/2025\/03\/tencel-certified-400x129.png 400w, https:\/\/aztex.ee\/wp-content\/uploads\/2025\/03\/tencel-certified-430x139.png 430w, https:\/\/aztex.ee\/wp-content\/uploads\/2025\/03\/tencel-certified-150x49.png 150w, https:\/\/aztex.ee\/wp-content\/uploads\/2025\/03\/tencel-certified.png 516w\" sizes=\"auto, (max-width: 131px) 100vw, 131px\" \/><img loading=\"lazy\" decoding=\"async\" class=\"alignnone wp-image-63168\" src=\"https:\/\/aztex.ee\/wp-content\/uploads\/2025\/03\/oeko-tex-standard-100.png\" alt=\"\" width=\"130\" height=\"43\" srcset=\"https:\/\/aztex.ee\/wp-content\/uploads\/2025\/03\/oeko-tex-standard-100.png 200w, https:\/\/aztex.ee\/wp-content\/uploads\/2025\/03\/oeko-tex-standard-100-150x50.png 150w\" sizes=\"auto, (max-width: 130px) 100vw, 130px\" \/><\/p>\n","protected":false},"featured_media":82639,"comment_status":"open","ping_status":"closed","template":"","meta":[],"product_brand":[],"product_cat":[1777,6032],"product_tag":[],"class_list":{"0":"post-82547","1":"product","2":"type-product","3":"status-publish","4":"has-post-thumbnail","6":"product_cat-parnahuzatok","7":"product_cat-tencel-parnahuzatok","9":"first","10":"instock","11":"shipping-taxable","12":"purchasable","13":"product-type-variable"},"yoast_head":"<!-- This site is optimized with the Yoast SEO plugin v27.6 - https:\/\/yoast.com\/product\/yoast-seo-wordpress\/ -->\n<title>TENCEL\u2122 Lyocell p\u00e1rnahuzat - Holds\u00e1rga | AZTEX<\/title>\n<meta name=\"description\" content=\"A Holds\u00e1rga TENCEL\u2122 Lyocell p\u00e1rnahuzat b\u0151rbar\u00e1t \u00e9s strapab\u00edr\u00f3 v\u00e1laszt\u00e1s, amely kellemes h\u0171v\u00f6ss\u00e9get biztos\u00edt alv\u00e1s k\u00f6zben, \u00e9s eleg\u00e1ns megjelen\u00e9st k\u00f6lcs\u00f6n\u00f6z a h\u00e1l\u00f3szob\u00e1nak.\" \/>\n<meta name=\"robots\" content=\"index, follow, max-snippet:-1, max-image-preview:large, max-video-preview:-1\" \/>\n<link rel=\"canonical\" href=\"https:\/\/aztex.ee\/hu\/pood\/parnahuzatok\/tencel-parnahuzat-holdsarga\/\" \/>\n<meta property=\"og:locale\" content=\"hu_HU\" \/>\n<meta property=\"og:type\" content=\"article\" \/>\n<meta property=\"og:title\" content=\"TENCEL\u2122 Lyocell p\u00e1rnahuzat - Holds\u00e1rga | AZTEX\" \/>\n<meta property=\"og:description\" content=\"A Holds\u00e1rga TENCEL\u2122 Lyocell p\u00e1rnahuzat b\u0151rbar\u00e1t \u00e9s strapab\u00edr\u00f3 v\u00e1laszt\u00e1s, amely kellemes h\u0171v\u00f6ss\u00e9get biztos\u00edt alv\u00e1s k\u00f6zben, \u00e9s eleg\u00e1ns megjelen\u00e9st k\u00f6lcs\u00f6n\u00f6z a h\u00e1l\u00f3szob\u00e1nak.\" \/>\n<meta property=\"og:url\" content=\"https:\/\/aztex.ee\/hu\/pood\/parnahuzatok\/tencel-parnahuzat-holdsarga\/\" \/>\n<meta property=\"og:site_name\" content=\"AZTEX\" \/>\n<meta property=\"article:publisher\" content=\"https:\/\/www.facebook.com\/AztexEE\" \/>\n<meta property=\"article:modified_time\" content=\"2025-04-29T15:15:08+00:00\" \/>\n<meta property=\"og:image\" content=\"https:\/\/aztex.ee\/wp-content\/uploads\/2025\/04\/Tencel-padjapuur-Kuukollane.jpg\" \/>\n\t<meta property=\"og:image:width\" content=\"800\" \/>\n\t<meta property=\"og:image:height\" content=\"800\" \/>\n\t<meta property=\"og:image:type\" content=\"image\/jpeg\" \/>\n<meta name=\"twitter:card\" content=\"summary_large_image\" \/>\n<meta name=\"twitter:label1\" content=\"Becs\u00fclt olvas\u00e1si id\u0151\" \/>\n\t<meta name=\"twitter:data1\" content=\"1 perc\" \/>\n<script type=\"application\/ld+json\" class=\"yoast-schema-graph\">{\"@context\":\"https:\\\/\\\/schema.org\",\"@graph\":[{\"@type\":[\"WebPage\",\"ItemPage\"],\"@id\":\"https:\\\/\\\/aztex.ee\\\/hu\\\/pood\\\/parnahuzatok\\\/tencel-parnahuzat-holdsarga\\\/\",\"url\":\"https:\\\/\\\/aztex.ee\\\/hu\\\/pood\\\/parnahuzatok\\\/tencel-parnahuzat-holdsarga\\\/\",\"name\":\"TENCEL\u2122 Lyocell p\u00e1rnahuzat - Holds\u00e1rga | AZTEX\",\"isPartOf\":{\"@id\":\"https:\\\/\\\/aztex.ee\\\/hu\\\/#website\"},\"primaryImageOfPage\":{\"@id\":\"https:\\\/\\\/aztex.ee\\\/hu\\\/pood\\\/parnahuzatok\\\/tencel-parnahuzat-holdsarga\\\/#primaryimage\"},\"image\":{\"@id\":\"https:\\\/\\\/aztex.ee\\\/hu\\\/pood\\\/parnahuzatok\\\/tencel-parnahuzat-holdsarga\\\/#primaryimage\"},\"thumbnailUrl\":\"https:\\\/\\\/aztex.ee\\\/wp-content\\\/uploads\\\/2025\\\/04\\\/Tencel-padjapuur-Kuukollane.jpg\",\"datePublished\":\"2025-04-29T13:54:55+00:00\",\"dateModified\":\"2025-04-29T15:15:08+00:00\",\"description\":\"A Holds\u00e1rga TENCEL\u2122 Lyocell p\u00e1rnahuzat b\u0151rbar\u00e1t \u00e9s strapab\u00edr\u00f3 v\u00e1laszt\u00e1s, amely kellemes h\u0171v\u00f6ss\u00e9get biztos\u00edt alv\u00e1s k\u00f6zben, \u00e9s eleg\u00e1ns megjelen\u00e9st k\u00f6lcs\u00f6n\u00f6z a h\u00e1l\u00f3szob\u00e1nak.\",\"breadcrumb\":{\"@id\":\"https:\\\/\\\/aztex.ee\\\/hu\\\/pood\\\/parnahuzatok\\\/tencel-parnahuzat-holdsarga\\\/#breadcrumb\"},\"inLanguage\":\"hu\",\"potentialAction\":[{\"@type\":\"ReadAction\",\"target\":[\"https:\\\/\\\/aztex.ee\\\/hu\\\/pood\\\/parnahuzatok\\\/tencel-parnahuzat-holdsarga\\\/\"]}]},{\"@type\":\"ImageObject\",\"inLanguage\":\"hu\",\"@id\":\"https:\\\/\\\/aztex.ee\\\/hu\\\/pood\\\/parnahuzatok\\\/tencel-parnahuzat-holdsarga\\\/#primaryimage\",\"url\":\"https:\\\/\\\/aztex.ee\\\/wp-content\\\/uploads\\\/2025\\\/04\\\/Tencel-padjapuur-Kuukollane.jpg\",\"contentUrl\":\"https:\\\/\\\/aztex.ee\\\/wp-content\\\/uploads\\\/2025\\\/04\\\/Tencel-padjapuur-Kuukollane.jpg\",\"width\":800,\"height\":800,\"caption\":\"Tencel padjap\u00fc\u00fcr Kuukollane\"},{\"@type\":\"BreadcrumbList\",\"@id\":\"https:\\\/\\\/aztex.ee\\\/hu\\\/pood\\\/parnahuzatok\\\/tencel-parnahuzat-holdsarga\\\/#breadcrumb\",\"itemListElement\":[{\"@type\":\"ListItem\",\"position\":1,\"name\":\"F\u0151oldal\",\"item\":\"https:\\\/\\\/aztex.ee\\\/hu\\\/\"},{\"@type\":\"ListItem\",\"position\":2,\"name\":\"Web\u00e1ruh\u00e1z\",\"item\":\"https:\\\/\\\/aztex.ee\\\/hu\\\/webaruhaz\\\/\"},{\"@type\":\"ListItem\",\"position\":3,\"name\":\"Tencel p\u00e1rnahuzat \u2013 Holds\u00e1rga\"}]},{\"@type\":\"WebSite\",\"@id\":\"https:\\\/\\\/aztex.ee\\\/hu\\\/#website\",\"url\":\"https:\\\/\\\/aztex.ee\\\/hu\\\/\",\"name\":\"AZTEX\",\"description\":\"\",\"publisher\":{\"@id\":\"https:\\\/\\\/aztex.ee\\\/hu\\\/#organization\"},\"potentialAction\":[{\"@type\":\"SearchAction\",\"target\":{\"@type\":\"EntryPoint\",\"urlTemplate\":\"https:\\\/\\\/aztex.ee\\\/hu\\\/?s={search_term_string}\"},\"query-input\":{\"@type\":\"PropertyValueSpecification\",\"valueRequired\":true,\"valueName\":\"search_term_string\"}}],\"inLanguage\":\"hu\"},{\"@type\":\"Organization\",\"@id\":\"https:\\\/\\\/aztex.ee\\\/hu\\\/#organization\",\"name\":\"AZTEX\",\"url\":\"https:\\\/\\\/aztex.ee\\\/hu\\\/\",\"logo\":{\"@type\":\"ImageObject\",\"inLanguage\":\"hu\",\"@id\":\"https:\\\/\\\/aztex.ee\\\/hu\\\/#\\\/schema\\\/logo\\\/image\\\/\",\"url\":\"https:\\\/\\\/aztex.ee\\\/wp-content\\\/uploads\\\/2026\\\/01\\\/AZTEX.png\",\"contentUrl\":\"https:\\\/\\\/aztex.ee\\\/wp-content\\\/uploads\\\/2026\\\/01\\\/AZTEX.png\",\"width\":500,\"height\":500,\"caption\":\"AZTEX\"},\"image\":{\"@id\":\"https:\\\/\\\/aztex.ee\\\/hu\\\/#\\\/schema\\\/logo\\\/image\\\/\"},\"sameAs\":[\"https:\\\/\\\/www.facebook.com\\\/AztexEE\",\"https:\\\/\\\/www.instagram.com\\\/aztexeesti\\\/\",\"https:\\\/\\\/www.youtube.com\\\/@AZTEXEE\",\"https:\\\/\\\/www.pinterest.com\\\/aztex_eesti\\\/\",\"https:\\\/\\\/www.tiktok.com\\\/@aztexeesti\",\"https:\\\/\\\/www.trustpilot.com\\\/review\\\/aztex.ee\",\"https:\\\/\\\/www.linkedin.com\\\/company\\\/aztex-ee\\\/\",\"https:\\\/\\\/www.wikidata.org\\\/wiki\\\/Q137560182\"]}]}<\/script>\n<!-- \/ Yoast SEO plugin. -->","yoast_head_json":{"title":"TENCEL\u2122 Lyocell p\u00e1rnahuzat - Holds\u00e1rga | AZTEX","description":"A Holds\u00e1rga TENCEL\u2122 Lyocell p\u00e1rnahuzat b\u0151rbar\u00e1t \u00e9s strapab\u00edr\u00f3 v\u00e1laszt\u00e1s, amely kellemes h\u0171v\u00f6ss\u00e9get biztos\u00edt alv\u00e1s k\u00f6zben, \u00e9s eleg\u00e1ns megjelen\u00e9st k\u00f6lcs\u00f6n\u00f6z a h\u00e1l\u00f3szob\u00e1nak.","robots":{"index":"index","follow":"follow","max-snippet":"max-snippet:-1","max-image-preview":"max-image-preview:large","max-video-preview":"max-video-preview:-1"},"canonical":"https:\/\/aztex.ee\/hu\/pood\/parnahuzatok\/tencel-parnahuzat-holdsarga\/","og_locale":"hu_HU","og_type":"article","og_title":"TENCEL\u2122 Lyocell p\u00e1rnahuzat - Holds\u00e1rga | AZTEX","og_description":"A Holds\u00e1rga TENCEL\u2122 Lyocell p\u00e1rnahuzat b\u0151rbar\u00e1t \u00e9s strapab\u00edr\u00f3 v\u00e1laszt\u00e1s, amely kellemes h\u0171v\u00f6ss\u00e9get biztos\u00edt alv\u00e1s k\u00f6zben, \u00e9s eleg\u00e1ns megjelen\u00e9st k\u00f6lcs\u00f6n\u00f6z a h\u00e1l\u00f3szob\u00e1nak.","og_url":"https:\/\/aztex.ee\/hu\/pood\/parnahuzatok\/tencel-parnahuzat-holdsarga\/","og_site_name":"AZTEX","article_publisher":"https:\/\/www.facebook.com\/AztexEE","article_modified_time":"2025-04-29T15:15:08+00:00","og_image":[{"width":800,"height":800,"url":"https:\/\/aztex.ee\/wp-content\/uploads\/2025\/04\/Tencel-padjapuur-Kuukollane.jpg","type":"image\/jpeg"}],"twitter_card":"summary_large_image","twitter_misc":{"Becs\u00fclt olvas\u00e1si id\u0151":"1 perc"},"schema":{"@context":"https:\/\/schema.org","@graph":[{"@type":["WebPage","ItemPage"],"@id":"https:\/\/aztex.ee\/hu\/pood\/parnahuzatok\/tencel-parnahuzat-holdsarga\/","url":"https:\/\/aztex.ee\/hu\/pood\/parnahuzatok\/tencel-parnahuzat-holdsarga\/","name":"TENCEL\u2122 Lyocell p\u00e1rnahuzat - Holds\u00e1rga | AZTEX","isPartOf":{"@id":"https:\/\/aztex.ee\/hu\/#website"},"primaryImageOfPage":{"@id":"https:\/\/aztex.ee\/hu\/pood\/parnahuzatok\/tencel-parnahuzat-holdsarga\/#primaryimage"},"image":{"@id":"https:\/\/aztex.ee\/hu\/pood\/parnahuzatok\/tencel-parnahuzat-holdsarga\/#primaryimage"},"thumbnailUrl":"https:\/\/aztex.ee\/wp-content\/uploads\/2025\/04\/Tencel-padjapuur-Kuukollane.jpg","datePublished":"2025-04-29T13:54:55+00:00","dateModified":"2025-04-29T15:15:08+00:00","description":"A Holds\u00e1rga TENCEL\u2122 Lyocell p\u00e1rnahuzat b\u0151rbar\u00e1t \u00e9s strapab\u00edr\u00f3 v\u00e1laszt\u00e1s, amely kellemes h\u0171v\u00f6ss\u00e9get biztos\u00edt alv\u00e1s k\u00f6zben, \u00e9s eleg\u00e1ns megjelen\u00e9st k\u00f6lcs\u00f6n\u00f6z a h\u00e1l\u00f3szob\u00e1nak.","breadcrumb":{"@id":"https:\/\/aztex.ee\/hu\/pood\/parnahuzatok\/tencel-parnahuzat-holdsarga\/#breadcrumb"},"inLanguage":"hu","potentialAction":[{"@type":"ReadAction","target":["https:\/\/aztex.ee\/hu\/pood\/parnahuzatok\/tencel-parnahuzat-holdsarga\/"]}]},{"@type":"ImageObject","inLanguage":"hu","@id":"https:\/\/aztex.ee\/hu\/pood\/parnahuzatok\/tencel-parnahuzat-holdsarga\/#primaryimage","url":"https:\/\/aztex.ee\/wp-content\/uploads\/2025\/04\/Tencel-padjapuur-Kuukollane.jpg","contentUrl":"https:\/\/aztex.ee\/wp-content\/uploads\/2025\/04\/Tencel-padjapuur-Kuukollane.jpg","width":800,"height":800,"caption":"Tencel padjap\u00fc\u00fcr Kuukollane"},{"@type":"BreadcrumbList","@id":"https:\/\/aztex.ee\/hu\/pood\/parnahuzatok\/tencel-parnahuzat-holdsarga\/#breadcrumb","itemListElement":[{"@type":"ListItem","position":1,"name":"F\u0151oldal","item":"https:\/\/aztex.ee\/hu\/"},{"@type":"ListItem","position":2,"name":"Web\u00e1ruh\u00e1z","item":"https:\/\/aztex.ee\/hu\/webaruhaz\/"},{"@type":"ListItem","position":3,"name":"Tencel p\u00e1rnahuzat \u2013 Holds\u00e1rga"}]},{"@type":"WebSite","@id":"https:\/\/aztex.ee\/hu\/#website","url":"https:\/\/aztex.ee\/hu\/","name":"AZTEX","description":"","publisher":{"@id":"https:\/\/aztex.ee\/hu\/#organization"},"potentialAction":[{"@type":"SearchAction","target":{"@type":"EntryPoint","urlTemplate":"https:\/\/aztex.ee\/hu\/?s={search_term_string}"},"query-input":{"@type":"PropertyValueSpecification","valueRequired":true,"valueName":"search_term_string"}}],"inLanguage":"hu"},{"@type":"Organization","@id":"https:\/\/aztex.ee\/hu\/#organization","name":"AZTEX","url":"https:\/\/aztex.ee\/hu\/","logo":{"@type":"ImageObject","inLanguage":"hu","@id":"https:\/\/aztex.ee\/hu\/#\/schema\/logo\/image\/","url":"https:\/\/aztex.ee\/wp-content\/uploads\/2026\/01\/AZTEX.png","contentUrl":"https:\/\/aztex.ee\/wp-content\/uploads\/2026\/01\/AZTEX.png","width":500,"height":500,"caption":"AZTEX"},"image":{"@id":"https:\/\/aztex.ee\/hu\/#\/schema\/logo\/image\/"},"sameAs":["https:\/\/www.facebook.com\/AztexEE","https:\/\/www.instagram.com\/aztexeesti\/","https:\/\/www.youtube.com\/@AZTEXEE","https:\/\/www.pinterest.com\/aztex_eesti\/","https:\/\/www.tiktok.com\/@aztexeesti","https:\/\/www.trustpilot.com\/review\/aztex.ee","https:\/\/www.linkedin.com\/company\/aztex-ee\/","https:\/\/www.wikidata.org\/wiki\/Q137560182"]}]}},"_links":{"self":[{"href":"https:\/\/aztex.ee\/hu\/wp-json\/wp\/v2\/product\/82547","targetHints":{"allow":["GET"]}}],"collection":[{"href":"https:\/\/aztex.ee\/hu\/wp-json\/wp\/v2\/product"}],"about":[{"href":"https:\/\/aztex.ee\/hu\/wp-json\/wp\/v2\/types\/product"}],"replies":[{"embeddable":true,"href":"https:\/\/aztex.ee\/hu\/wp-json\/wp\/v2\/comments?post=82547"}],"version-history":[{"count":0,"href":"https:\/\/aztex.ee\/hu\/wp-json\/wp\/v2\/product\/82547\/revisions"}],"wp:featuredmedia":[{"embeddable":true,"href":"https:\/\/aztex.ee\/hu\/wp-json\/wp\/v2\/media\/82639"}],"wp:attachment":[{"href":"https:\/\/aztex.ee\/hu\/wp-json\/wp\/v2\/media?parent=82547"}],"wp:term":[{"taxonomy":"product_brand","embeddable":true,"href":"https:\/\/aztex.ee\/hu\/wp-json\/wp\/v2\/product_brand?post=82547"},{"taxonomy":"product_cat","embeddable":true,"href":"https:\/\/aztex.ee\/hu\/wp-json\/wp\/v2\/product_cat?post=82547"},{"taxonomy":"product_tag","embeddable":true,"href":"https:\/\/aztex.ee\/hu\/wp-json\/wp\/v2\/product_tag?post=82547"}],"curies":[{"name":"wp","href":"https:\/\/api.w.org\/{rel}","templated":true}]}}