{"id":77587,"date":"2025-04-05T10:33:23","date_gmt":"2025-04-05T10:33:23","guid":{"rendered":"https:\/\/aztex.ee\/pood\/nem-kategorizalt\/bambusest-padjapuur-armee-roheline\/"},"modified":"2025-04-05T13:26:50","modified_gmt":"2025-04-05T13:26:50","slug":"bambusz-parnahuzat-hadsereg-zold","status":"publish","type":"product","link":"https:\/\/aztex.ee\/hu\/pood\/bambusz-parnahuzatok\/bambusz-parnahuzat-hadsereg-zold\/","title":{"rendered":"Bambusz p\u00e1rnahuzat \u2013 Hadsereg z\u00f6ld"},"content":{"rendered":"<p>A bambusz p\u00e1rnahuzat l\u00e9g\u00e1tereszt\u0151 \u00e9s b\u0151rbar\u00e1t, k\u00e9nyelmes \u00e9s friss\u00edt\u0151 alv\u00e1st biztos\u00edt. A bambuszsz\u00e1lak term\u00e9szetes tulajdons\u00e1gai seg\u00edtenek szab\u00e1lyozni a h\u0151m\u00e9rs\u00e9kletet \u00e9s felsz\u00edvj\u00e1k a nedvess\u00e9get, sz\u00e1razon \u00e9s tiszt\u00e1n tartj\u00e1k a p\u00e1rnahuzatot. Ezenk\u00edv\u00fcl antibakteri\u00e1lis \u00e9s hipoallerg\u00e9n, \u00edgy t\u00f6k\u00e9letes az \u00e9rz\u00e9keny b\u0151rre.<\/p>\n<p>A sima \u00e9s finom sz\u00f6vet kellemes tapint\u00e1s\u00fa \u00e9s k\u00f6nnyen \u00e1polhat\u00f3 &#8211; mos\u00f3g\u00e9pben moshat\u00f3 \u00e9s tart\u00f3s. A l\u00e1gy text\u00fara t\u00f6bbsz\u00f6ri mos\u00e1s ut\u00e1n is meg\u0151rzi min\u0151s\u00e9g\u00e9t, kellemes pihen\u00e9st biztos\u00edtva minden este.<\/p>\n<p>A bambusz p\u00e1rnahuzat minden h\u00e1l\u00f3szob\u00e1ba t\u00f6k\u00e9letes, praktikus \u00e9s eleg\u00e1ns megjelen\u00e9st biztos\u00edt. Semleges \u00e9s term\u00e9szetes t\u00f3nusai nyugodt \u00e9s meghitt hangulatot teremtenek, k\u00f6nnyed\u00e9n \u00f6sszeillesztve a k\u00fcl\u00f6nb\u00f6z\u0151 \u00e1gynem\u0171garnit\u00far\u00e1kat. \u00c9lvezze a puha \u00e9s friss \u00e9rz\u00e9st minden este, ami igaz\u00e1n felfriss\u00edti az alv\u00e1st.<\/p>\n","protected":false},"excerpt":{"rendered":"<p>A bambusz p\u00e1rnahuzat term\u00e9szetes, puha \u00e9s l\u00e9g\u00e1tereszt\u0151, min\u0151s\u00e9gi alv\u00e1st biztos\u00edt.<\/p>\n<ul>\n<li>Sz\u00edn: Hadsereg z\u00f6ld<\/li>\n<li>Anyaga: 100% bambusz<\/li>\n<li>Sz\u00e1lak sz\u00e1ma: 300 TC<\/li>\n<\/ul>\n<p><img loading=\"lazy\" decoding=\"async\" class=\"alignnone wp-image-20226\" src=\"https:\/\/aztex.ee\/wp-content\/uploads\/2024\/09\/oekotex100.png\" alt=\"\" width=\"196\" height=\"69\" srcset=\"https:\/\/aztex.ee\/wp-content\/uploads\/2024\/09\/oekotex100.png 204w, https:\/\/aztex.ee\/wp-content\/uploads\/2024\/09\/oekotex100-150x53.png 150w\" sizes=\"auto, (max-width: 196px) 100vw, 196px\" \/><img loading=\"lazy\" decoding=\"async\" class=\"alignnone wp-image-20260\" src=\"https:\/\/aztex.ee\/wp-content\/uploads\/2024\/09\/bambuuss.png\" alt=\"\" width=\"75\" height=\"75\" srcset=\"https:\/\/aztex.ee\/wp-content\/uploads\/2024\/09\/bambuuss.png 204w, https:\/\/aztex.ee\/wp-content\/uploads\/2024\/09\/bambuuss-150x150.png 150w\" sizes=\"auto, (max-width: 75px) 100vw, 75px\" \/><\/p>\n","protected":false},"featured_media":77548,"comment_status":"open","ping_status":"closed","template":"","meta":[],"product_brand":[],"product_cat":[520,1777],"product_tag":[],"class_list":{"0":"post-77587","1":"product","2":"type-product","3":"status-publish","4":"has-post-thumbnail","6":"product_cat-bambusz-parnahuzatok","7":"product_cat-parnahuzatok","9":"first","10":"instock","11":"shipping-taxable","12":"purchasable","13":"product-type-variable"},"yoast_head":"<!-- This site is optimized with the Yoast SEO plugin v27.6 - https:\/\/yoast.com\/product\/yoast-seo-wordpress\/ -->\n<title>Bambusz p\u00e1rnahuzat - Hadsereg z\u00f6ld | AZTEX<\/title>\n<meta name=\"description\" content=\"A bambusz p\u00e1rnahuzat puha, l\u00e9g\u00e1tereszt\u0151, b\u0151rbar\u00e1t \u00e9s antibakteri\u00e1lis. Ide\u00e1lis v\u00e1laszt\u00e1s \u00e9rz\u00e9keny b\u0151rre, frissess\u00e9get \u00e9s k\u00e9nyelmes alv\u00e1st biztos\u00edtva.\" \/>\n<meta name=\"robots\" content=\"index, follow, max-snippet:-1, max-image-preview:large, max-video-preview:-1\" \/>\n<link rel=\"canonical\" href=\"https:\/\/aztex.ee\/hu\/pood\/bambusz-parnahuzatok\/bambusz-parnahuzat-hadsereg-zold\/\" \/>\n<meta property=\"og:locale\" content=\"hu_HU\" \/>\n<meta property=\"og:type\" content=\"article\" \/>\n<meta property=\"og:title\" content=\"Bambusz p\u00e1rnahuzat - Hadsereg z\u00f6ld | AZTEX\" \/>\n<meta property=\"og:description\" content=\"A bambusz p\u00e1rnahuzat puha, l\u00e9g\u00e1tereszt\u0151, b\u0151rbar\u00e1t \u00e9s antibakteri\u00e1lis. Ide\u00e1lis v\u00e1laszt\u00e1s \u00e9rz\u00e9keny b\u0151rre, frissess\u00e9get \u00e9s k\u00e9nyelmes alv\u00e1st biztos\u00edtva.\" \/>\n<meta property=\"og:url\" content=\"https:\/\/aztex.ee\/hu\/pood\/bambusz-parnahuzatok\/bambusz-parnahuzat-hadsereg-zold\/\" \/>\n<meta property=\"og:site_name\" content=\"AZTEX\" \/>\n<meta property=\"article:publisher\" content=\"https:\/\/www.facebook.com\/AztexEE\" \/>\n<meta property=\"article:modified_time\" content=\"2025-04-05T13:26:50+00:00\" \/>\n<meta property=\"og:image\" content=\"https:\/\/aztex.ee\/wp-content\/uploads\/2025\/04\/Bambusest-padjapuur-Armee-roheline.jpg\" \/>\n\t<meta property=\"og:image:width\" content=\"800\" \/>\n\t<meta property=\"og:image:height\" content=\"800\" \/>\n\t<meta property=\"og:image:type\" content=\"image\/jpeg\" \/>\n<meta name=\"twitter:card\" content=\"summary_large_image\" \/>\n<meta name=\"twitter:label1\" content=\"Becs\u00fclt olvas\u00e1si id\u0151\" \/>\n\t<meta name=\"twitter:data1\" content=\"1 perc\" \/>\n<script type=\"application\/ld+json\" class=\"yoast-schema-graph\">{\"@context\":\"https:\\\/\\\/schema.org\",\"@graph\":[{\"@type\":[\"WebPage\",\"ItemPage\"],\"@id\":\"https:\\\/\\\/aztex.ee\\\/hu\\\/pood\\\/bambusz-parnahuzatok\\\/bambusz-parnahuzat-hadsereg-zold\\\/\",\"url\":\"https:\\\/\\\/aztex.ee\\\/hu\\\/pood\\\/bambusz-parnahuzatok\\\/bambusz-parnahuzat-hadsereg-zold\\\/\",\"name\":\"Bambusz p\u00e1rnahuzat - Hadsereg z\u00f6ld | AZTEX\",\"isPartOf\":{\"@id\":\"https:\\\/\\\/aztex.ee\\\/hu\\\/#website\"},\"primaryImageOfPage\":{\"@id\":\"https:\\\/\\\/aztex.ee\\\/hu\\\/pood\\\/bambusz-parnahuzatok\\\/bambusz-parnahuzat-hadsereg-zold\\\/#primaryimage\"},\"image\":{\"@id\":\"https:\\\/\\\/aztex.ee\\\/hu\\\/pood\\\/bambusz-parnahuzatok\\\/bambusz-parnahuzat-hadsereg-zold\\\/#primaryimage\"},\"thumbnailUrl\":\"https:\\\/\\\/aztex.ee\\\/wp-content\\\/uploads\\\/2025\\\/04\\\/Bambusest-padjapuur-Armee-roheline.jpg\",\"datePublished\":\"2025-04-05T10:33:23+00:00\",\"dateModified\":\"2025-04-05T13:26:50+00:00\",\"description\":\"A bambusz p\u00e1rnahuzat puha, l\u00e9g\u00e1tereszt\u0151, b\u0151rbar\u00e1t \u00e9s antibakteri\u00e1lis. Ide\u00e1lis v\u00e1laszt\u00e1s \u00e9rz\u00e9keny b\u0151rre, frissess\u00e9get \u00e9s k\u00e9nyelmes alv\u00e1st biztos\u00edtva.\",\"breadcrumb\":{\"@id\":\"https:\\\/\\\/aztex.ee\\\/hu\\\/pood\\\/bambusz-parnahuzatok\\\/bambusz-parnahuzat-hadsereg-zold\\\/#breadcrumb\"},\"inLanguage\":\"hu\",\"potentialAction\":[{\"@type\":\"ReadAction\",\"target\":[\"https:\\\/\\\/aztex.ee\\\/hu\\\/pood\\\/bambusz-parnahuzatok\\\/bambusz-parnahuzat-hadsereg-zold\\\/\"]}]},{\"@type\":\"ImageObject\",\"inLanguage\":\"hu\",\"@id\":\"https:\\\/\\\/aztex.ee\\\/hu\\\/pood\\\/bambusz-parnahuzatok\\\/bambusz-parnahuzat-hadsereg-zold\\\/#primaryimage\",\"url\":\"https:\\\/\\\/aztex.ee\\\/wp-content\\\/uploads\\\/2025\\\/04\\\/Bambusest-padjapuur-Armee-roheline.jpg\",\"contentUrl\":\"https:\\\/\\\/aztex.ee\\\/wp-content\\\/uploads\\\/2025\\\/04\\\/Bambusest-padjapuur-Armee-roheline.jpg\",\"width\":800,\"height\":800,\"caption\":\"Bambusest padjap\u00fc\u00fcr Armee roheline\"},{\"@type\":\"BreadcrumbList\",\"@id\":\"https:\\\/\\\/aztex.ee\\\/hu\\\/pood\\\/bambusz-parnahuzatok\\\/bambusz-parnahuzat-hadsereg-zold\\\/#breadcrumb\",\"itemListElement\":[{\"@type\":\"ListItem\",\"position\":1,\"name\":\"F\u0151oldal\",\"item\":\"https:\\\/\\\/aztex.ee\\\/hu\\\/\"},{\"@type\":\"ListItem\",\"position\":2,\"name\":\"Web\u00e1ruh\u00e1z\",\"item\":\"https:\\\/\\\/aztex.ee\\\/hu\\\/webaruhaz\\\/\"},{\"@type\":\"ListItem\",\"position\":3,\"name\":\"Bambusz p\u00e1rnahuzat \u2013 Hadsereg z\u00f6ld\"}]},{\"@type\":\"WebSite\",\"@id\":\"https:\\\/\\\/aztex.ee\\\/hu\\\/#website\",\"url\":\"https:\\\/\\\/aztex.ee\\\/hu\\\/\",\"name\":\"AZTEX\",\"description\":\"\",\"publisher\":{\"@id\":\"https:\\\/\\\/aztex.ee\\\/hu\\\/#organization\"},\"potentialAction\":[{\"@type\":\"SearchAction\",\"target\":{\"@type\":\"EntryPoint\",\"urlTemplate\":\"https:\\\/\\\/aztex.ee\\\/hu\\\/?s={search_term_string}\"},\"query-input\":{\"@type\":\"PropertyValueSpecification\",\"valueRequired\":true,\"valueName\":\"search_term_string\"}}],\"inLanguage\":\"hu\"},{\"@type\":\"Organization\",\"@id\":\"https:\\\/\\\/aztex.ee\\\/hu\\\/#organization\",\"name\":\"AZTEX\",\"url\":\"https:\\\/\\\/aztex.ee\\\/hu\\\/\",\"logo\":{\"@type\":\"ImageObject\",\"inLanguage\":\"hu\",\"@id\":\"https:\\\/\\\/aztex.ee\\\/hu\\\/#\\\/schema\\\/logo\\\/image\\\/\",\"url\":\"https:\\\/\\\/aztex.ee\\\/wp-content\\\/uploads\\\/2026\\\/01\\\/AZTEX.png\",\"contentUrl\":\"https:\\\/\\\/aztex.ee\\\/wp-content\\\/uploads\\\/2026\\\/01\\\/AZTEX.png\",\"width\":500,\"height\":500,\"caption\":\"AZTEX\"},\"image\":{\"@id\":\"https:\\\/\\\/aztex.ee\\\/hu\\\/#\\\/schema\\\/logo\\\/image\\\/\"},\"sameAs\":[\"https:\\\/\\\/www.facebook.com\\\/AztexEE\",\"https:\\\/\\\/www.instagram.com\\\/aztexeesti\\\/\",\"https:\\\/\\\/www.youtube.com\\\/@AZTEXEE\",\"https:\\\/\\\/www.pinterest.com\\\/aztex_eesti\\\/\",\"https:\\\/\\\/www.tiktok.com\\\/@aztexeesti\",\"https:\\\/\\\/www.trustpilot.com\\\/review\\\/aztex.ee\",\"https:\\\/\\\/www.linkedin.com\\\/company\\\/aztex-ee\\\/\",\"https:\\\/\\\/www.wikidata.org\\\/wiki\\\/Q137560182\"]}]}<\/script>\n<!-- \/ Yoast SEO plugin. -->","yoast_head_json":{"title":"Bambusz p\u00e1rnahuzat - Hadsereg z\u00f6ld | AZTEX","description":"A bambusz p\u00e1rnahuzat puha, l\u00e9g\u00e1tereszt\u0151, b\u0151rbar\u00e1t \u00e9s antibakteri\u00e1lis. Ide\u00e1lis v\u00e1laszt\u00e1s \u00e9rz\u00e9keny b\u0151rre, frissess\u00e9get \u00e9s k\u00e9nyelmes alv\u00e1st biztos\u00edtva.","robots":{"index":"index","follow":"follow","max-snippet":"max-snippet:-1","max-image-preview":"max-image-preview:large","max-video-preview":"max-video-preview:-1"},"canonical":"https:\/\/aztex.ee\/hu\/pood\/bambusz-parnahuzatok\/bambusz-parnahuzat-hadsereg-zold\/","og_locale":"hu_HU","og_type":"article","og_title":"Bambusz p\u00e1rnahuzat - Hadsereg z\u00f6ld | AZTEX","og_description":"A bambusz p\u00e1rnahuzat puha, l\u00e9g\u00e1tereszt\u0151, b\u0151rbar\u00e1t \u00e9s antibakteri\u00e1lis. Ide\u00e1lis v\u00e1laszt\u00e1s \u00e9rz\u00e9keny b\u0151rre, frissess\u00e9get \u00e9s k\u00e9nyelmes alv\u00e1st biztos\u00edtva.","og_url":"https:\/\/aztex.ee\/hu\/pood\/bambusz-parnahuzatok\/bambusz-parnahuzat-hadsereg-zold\/","og_site_name":"AZTEX","article_publisher":"https:\/\/www.facebook.com\/AztexEE","article_modified_time":"2025-04-05T13:26:50+00:00","og_image":[{"width":800,"height":800,"url":"https:\/\/aztex.ee\/wp-content\/uploads\/2025\/04\/Bambusest-padjapuur-Armee-roheline.jpg","type":"image\/jpeg"}],"twitter_card":"summary_large_image","twitter_misc":{"Becs\u00fclt olvas\u00e1si id\u0151":"1 perc"},"schema":{"@context":"https:\/\/schema.org","@graph":[{"@type":["WebPage","ItemPage"],"@id":"https:\/\/aztex.ee\/hu\/pood\/bambusz-parnahuzatok\/bambusz-parnahuzat-hadsereg-zold\/","url":"https:\/\/aztex.ee\/hu\/pood\/bambusz-parnahuzatok\/bambusz-parnahuzat-hadsereg-zold\/","name":"Bambusz p\u00e1rnahuzat - Hadsereg z\u00f6ld | AZTEX","isPartOf":{"@id":"https:\/\/aztex.ee\/hu\/#website"},"primaryImageOfPage":{"@id":"https:\/\/aztex.ee\/hu\/pood\/bambusz-parnahuzatok\/bambusz-parnahuzat-hadsereg-zold\/#primaryimage"},"image":{"@id":"https:\/\/aztex.ee\/hu\/pood\/bambusz-parnahuzatok\/bambusz-parnahuzat-hadsereg-zold\/#primaryimage"},"thumbnailUrl":"https:\/\/aztex.ee\/wp-content\/uploads\/2025\/04\/Bambusest-padjapuur-Armee-roheline.jpg","datePublished":"2025-04-05T10:33:23+00:00","dateModified":"2025-04-05T13:26:50+00:00","description":"A bambusz p\u00e1rnahuzat puha, l\u00e9g\u00e1tereszt\u0151, b\u0151rbar\u00e1t \u00e9s antibakteri\u00e1lis. Ide\u00e1lis v\u00e1laszt\u00e1s \u00e9rz\u00e9keny b\u0151rre, frissess\u00e9get \u00e9s k\u00e9nyelmes alv\u00e1st biztos\u00edtva.","breadcrumb":{"@id":"https:\/\/aztex.ee\/hu\/pood\/bambusz-parnahuzatok\/bambusz-parnahuzat-hadsereg-zold\/#breadcrumb"},"inLanguage":"hu","potentialAction":[{"@type":"ReadAction","target":["https:\/\/aztex.ee\/hu\/pood\/bambusz-parnahuzatok\/bambusz-parnahuzat-hadsereg-zold\/"]}]},{"@type":"ImageObject","inLanguage":"hu","@id":"https:\/\/aztex.ee\/hu\/pood\/bambusz-parnahuzatok\/bambusz-parnahuzat-hadsereg-zold\/#primaryimage","url":"https:\/\/aztex.ee\/wp-content\/uploads\/2025\/04\/Bambusest-padjapuur-Armee-roheline.jpg","contentUrl":"https:\/\/aztex.ee\/wp-content\/uploads\/2025\/04\/Bambusest-padjapuur-Armee-roheline.jpg","width":800,"height":800,"caption":"Bambusest padjap\u00fc\u00fcr Armee roheline"},{"@type":"BreadcrumbList","@id":"https:\/\/aztex.ee\/hu\/pood\/bambusz-parnahuzatok\/bambusz-parnahuzat-hadsereg-zold\/#breadcrumb","itemListElement":[{"@type":"ListItem","position":1,"name":"F\u0151oldal","item":"https:\/\/aztex.ee\/hu\/"},{"@type":"ListItem","position":2,"name":"Web\u00e1ruh\u00e1z","item":"https:\/\/aztex.ee\/hu\/webaruhaz\/"},{"@type":"ListItem","position":3,"name":"Bambusz p\u00e1rnahuzat \u2013 Hadsereg z\u00f6ld"}]},{"@type":"WebSite","@id":"https:\/\/aztex.ee\/hu\/#website","url":"https:\/\/aztex.ee\/hu\/","name":"AZTEX","description":"","publisher":{"@id":"https:\/\/aztex.ee\/hu\/#organization"},"potentialAction":[{"@type":"SearchAction","target":{"@type":"EntryPoint","urlTemplate":"https:\/\/aztex.ee\/hu\/?s={search_term_string}"},"query-input":{"@type":"PropertyValueSpecification","valueRequired":true,"valueName":"search_term_string"}}],"inLanguage":"hu"},{"@type":"Organization","@id":"https:\/\/aztex.ee\/hu\/#organization","name":"AZTEX","url":"https:\/\/aztex.ee\/hu\/","logo":{"@type":"ImageObject","inLanguage":"hu","@id":"https:\/\/aztex.ee\/hu\/#\/schema\/logo\/image\/","url":"https:\/\/aztex.ee\/wp-content\/uploads\/2026\/01\/AZTEX.png","contentUrl":"https:\/\/aztex.ee\/wp-content\/uploads\/2026\/01\/AZTEX.png","width":500,"height":500,"caption":"AZTEX"},"image":{"@id":"https:\/\/aztex.ee\/hu\/#\/schema\/logo\/image\/"},"sameAs":["https:\/\/www.facebook.com\/AztexEE","https:\/\/www.instagram.com\/aztexeesti\/","https:\/\/www.youtube.com\/@AZTEXEE","https:\/\/www.pinterest.com\/aztex_eesti\/","https:\/\/www.tiktok.com\/@aztexeesti","https:\/\/www.trustpilot.com\/review\/aztex.ee","https:\/\/www.linkedin.com\/company\/aztex-ee\/","https:\/\/www.wikidata.org\/wiki\/Q137560182"]}]}},"_links":{"self":[{"href":"https:\/\/aztex.ee\/hu\/wp-json\/wp\/v2\/product\/77587","targetHints":{"allow":["GET"]}}],"collection":[{"href":"https:\/\/aztex.ee\/hu\/wp-json\/wp\/v2\/product"}],"about":[{"href":"https:\/\/aztex.ee\/hu\/wp-json\/wp\/v2\/types\/product"}],"replies":[{"embeddable":true,"href":"https:\/\/aztex.ee\/hu\/wp-json\/wp\/v2\/comments?post=77587"}],"version-history":[{"count":0,"href":"https:\/\/aztex.ee\/hu\/wp-json\/wp\/v2\/product\/77587\/revisions"}],"wp:featuredmedia":[{"embeddable":true,"href":"https:\/\/aztex.ee\/hu\/wp-json\/wp\/v2\/media\/77548"}],"wp:attachment":[{"href":"https:\/\/aztex.ee\/hu\/wp-json\/wp\/v2\/media?parent=77587"}],"wp:term":[{"taxonomy":"product_brand","embeddable":true,"href":"https:\/\/aztex.ee\/hu\/wp-json\/wp\/v2\/product_brand?post=77587"},{"taxonomy":"product_cat","embeddable":true,"href":"https:\/\/aztex.ee\/hu\/wp-json\/wp\/v2\/product_cat?post=77587"},{"taxonomy":"product_tag","embeddable":true,"href":"https:\/\/aztex.ee\/hu\/wp-json\/wp\/v2\/product_tag?post=77587"}],"curies":[{"name":"wp","href":"https:\/\/api.w.org\/{rel}","templated":true}]}}