{"id":76117,"date":"2025-03-31T23:25:38","date_gmt":"2025-03-31T23:25:38","guid":{"rendered":"https:\/\/aztex.ee\/?post_type=product&#038;p=76117"},"modified":"2026-03-15T19:20:12","modified_gmt":"2026-03-15T19:20:12","slug":"puha-pamut-torolkozo","status":"publish","type":"product","link":"https:\/\/aztex.ee\/hu\/pood\/torolkozok-es-furdolepedok\/puha-pamut-torolkozo\/","title":{"rendered":"Pamut t\u00f6r\u00f6lk\u00f6z\u0151 35&#215;75 cm"},"content":{"rendered":"<p><strong>Pamut t\u00f6r\u00f6lk\u00f6z\u0151 \u2013 term\u00e9szetes \u00e9s puha<\/strong><\/p>\n<p>A pamut t\u00f6r\u00f6lk\u00f6z\u0151 t\u00f6k\u00e9letes v\u00e1laszt\u00e1s azok sz\u00e1m\u00e1ra, akik \u00e9rt\u00e9kelik a term\u00e9szetes \u00e9s fenntarthat\u00f3 anyagokat. A 100% pamut biol\u00f3giailag leboml\u00f3 \u00e9s vegyszermentes, \u00edgy k\u00f6rnyezetbar\u00e1t \u00e9s b\u0151rbar\u00e1t. Lehet\u0151v\u00e9 teszi a b\u0151r l\u00e9legz\u00e9s\u00e9t, nem hoz l\u00e9tre statikus elektromoss\u00e1got \u00e9s nem okoz irrit\u00e1ci\u00f3t, \u00edgy alkalmas \u00e9rz\u00e9keny \u00e9s allergi\u00e1s b\u0151rre is.<\/p>\n<p><strong>Gyeng\u00e9d \u00e9s puha<\/strong><\/p>\n<p>A pamut t\u00f6r\u00f6lk\u00f6z\u0151 puha \u00e9s puha text\u00far\u00e1ja luxus k\u00e9nyelmet biztos\u00edt minden haszn\u00e1lat sor\u00e1n. A term\u00e9szetes anyag k\u00edm\u00e9li a b\u0151rt \u00e9s kellemes ritu\u00e1l\u00e9 teszi a sz\u00e1r\u00edt\u00e1st. R\u00e1ad\u00e1sul a t\u00f6r\u00f6lk\u00f6z\u0151 t\u00f6bbsz\u00f6ri mos\u00e1s ut\u00e1n is meg\u0151rzi puhas\u00e1g\u00e1t, \u00edgy hossz\u00fa t\u00e1v\u00fa k\u00e9nyelmet biztos\u00edt a mindennapi \u00e9s a k\u00fcl\u00f6nleges pillanatokban egyar\u00e1nt.<\/p>\n<p><strong>Kiv\u00e1l\u00f3 nedvsz\u00edv\u00f3 k\u00e9pess\u00e9g \u00e9s gyors sz\u00e1rad\u00e1s<\/strong><\/p>\n<p>A pamut t\u00f6r\u00f6lk\u00f6z\u0151 gyorsan felsz\u00edvja a nedvess\u00e9get, \u00edgy seg\u00edti a b\u0151r term\u00e9szetes kisz\u00e1rad\u00e1s\u00e1t, t\u00falzott s\u00farl\u00f3d\u00e1s n\u00e9lk\u00fcl. L\u00e9g\u00e1tereszt\u0151 anyag\u00e1nak k\u00f6sz\u00f6nhet\u0151en nedves k\u00f6rnyezetben is gyorsan sz\u00e1rad, ami seg\u00edt megel\u0151zni a kellemetlen szagokat \u00e9s a pen\u00e9szt. Ez praktikus v\u00e1laszt\u00e1ss\u00e1 teszi a t\u00f6r\u00f6lk\u00f6z\u0151t otthoni haszn\u00e1latra, szaun\u00e1ban, medenc\u00e9n\u00e9l vagy strandon.<\/p>\n<p><strong>Tart\u00f3s \u00e9s hossz\u00fa \u00e9lettartam\u00fa<\/strong><\/p>\n<p>A pamut t\u00f6r\u00f6lk\u00f6z\u0151t tart\u00f3sra tervezt\u00e9k. A kiv\u00e1l\u00f3 min\u0151s\u00e9g\u0171 sz\u00e1lak \u00e9s a gondosan kidolgozott varratok gondoskodnak arr\u00f3l, hogy a t\u00f6r\u00f6lk\u00f6z\u0151 meg\u0151rizze form\u00e1j\u00e1t \u00e9s \u00e1llag\u00e1t gyakori mos\u00e1s ut\u00e1n is. Id\u0151t\u00e1ll\u00f3 diz\u00e1jnja \u00e9s tart\u00f3ss\u00e1ga ide\u00e1lis v\u00e1laszt\u00e1ss\u00e1 teszi mind a mindennapi haszn\u00e1latra, mind aj\u00e1nd\u00e9kba azoknak, akik \u00e9rt\u00e9kelik a min\u0151s\u00e9get \u00e9s a praktikumot.<\/p>\n<p><strong>Sokoldal\u00fa felhaszn\u00e1l\u00e1s<\/strong><\/p>\n<p>Ez a t\u00f6r\u00f6lk\u00f6z\u0151 t\u00f6bb, mint egy f\u00fcrd\u0151szobai kieg\u00e9sz\u00edt\u0151 \u2013 praktikus t\u00e1rs k\u00fcl\u00f6nf\u00e9le helyzetekben. Kiv\u00e1l\u00f3 nedvsz\u00edv\u00f3 k\u00e9pess\u00e9g\u00e9nek \u00e9s k\u00f6nnyeds\u00e9g\u00e9nek k\u00f6sz\u00f6nhet\u0151en ide\u00e1lis szaun\u00e1ba, medenc\u00e9be, strandra \u00e9s sportt\u00e1sk\u00e1ba. A kompakt \u00e9s gyorsan sz\u00e1rad\u00f3 t\u00f6r\u00f6lk\u00f6z\u0151 egyben ide\u00e1lis \u00fatit\u00e1rs, k\u00e9nyelmet \u00e9s funkcionalit\u00e1st biztos\u00edt, b\u00e1rhov\u00e1 is megy.<\/p>\n<p><strong>K\u00f6nny\u0171 \u00e1pol\u00e1s \u00e9s hosszan tart\u00f3 frissess\u00e9g<\/strong><\/p>\n<p>A pamut t\u00f6r\u00f6lk\u00f6z\u0151 k\u00f6nnyen kezelhet\u0151 &#8211; mos\u00f3g\u00e9pben moshat\u00f3, t\u00f6bbsz\u00f6ri mos\u00e1s ut\u00e1n is meg\u0151rzi puhas\u00e1g\u00e1t \u00e9s sz\u00edn\u00e9t. Javasoljuk, hogy alacsony h\u0151m\u00e9rs\u00e9kleten mosson, \u00e9s ker\u00fclje a t\u00falzott \u00f6bl\u00edt\u0151szer haszn\u00e1lat\u00e1t, hogy meg\u0151rizze a t\u00f6r\u00f6lk\u00f6z\u0151 nedvsz\u00edv\u00f3 k\u00e9pess\u00e9g\u00e9t \u00e9s l\u00e9g\u00e1tereszt\u0151 k\u00e9pess\u00e9g\u00e9t. Megfelel\u0151 gondoz\u00e1s mellett a t\u00f6r\u00f6lk\u00f6z\u0151 \u00e9vekig friss, puha \u00e9s kellemesen haszn\u00e1lhat\u00f3 marad.<\/p>\n<p>Ha puha, strapab\u00edr\u00f3 \u00e9s k\u00f6rnyezetbar\u00e1t t\u00f6r\u00f6lk\u00f6z\u0151t keres, ez egy nagyszer\u0171 v\u00e1laszt\u00e1s. Term\u00e9szetes \u00f6sszet\u00e9tele, gyors sz\u00e1rad\u00e1sa \u00e9s k\u00f6nny\u0171 kezelhet\u0151s\u00e9ge megb\u00edzhat\u00f3 term\u00e9kk\u00e9 teszik. Az id\u0151tlen kialak\u00edt\u00e1s \u00e9s min\u0151s\u00e9g biztos\u00edtja, hogy a t\u00f6r\u00f6lk\u00f6z\u0151 hossz\u00fa ideig k\u00e9nyelmes \u00e9s st\u00edlusos marad.<\/p>\n","protected":false},"excerpt":{"rendered":"<ul>\n<li>Anyaga: 100% pamut<\/li>\n<li>M\u00e9rete: 35\u00d775 cm \u00b13<\/li>\n<li>S\u00faly: 400g\/m2<\/li>\n<\/ul>\n","protected":false},"featured_media":76178,"comment_status":"open","ping_status":"closed","template":"","meta":[],"product_brand":[],"product_cat":[777,1732,482],"product_tag":[],"class_list":{"0":"post-76117","1":"product","2":"type-product","3":"status-publish","4":"has-post-thumbnail","6":"product_cat-torolkozo-35x75-cm","7":"product_cat-torolkozok","8":"product_cat-torolkozok-es-furdolepedok","10":"first","11":"instock","12":"shipping-taxable","13":"purchasable","14":"product-type-variable"},"yoast_head":"<!-- This site is optimized with the Yoast SEO plugin v27.3 - https:\/\/yoast.com\/product\/yoast-seo-wordpress\/ -->\n<title>Puha pamut t\u00f6r\u00f6lk\u00f6z\u0151 - 100% pamut | AZTEX<\/title>\n<meta name=\"description\" content=\"A kiv\u00e1l\u00f3 min\u0151s\u00e9g\u0171 pamut t\u00f6r\u00f6lk\u00f6z\u0151 puha \u00e9s tart\u00f3s, \u00edgy biztos\u00edtja a k\u00e9nyelmet, \u00edgy t\u00f6k\u00e9letes v\u00e1laszt\u00e1s minden pillanatra, amikor megb\u00edzhat\u00f3 \u00e9s kellemes\" \/>\n<meta name=\"robots\" content=\"index, follow, max-snippet:-1, max-image-preview:large, max-video-preview:-1\" \/>\n<link rel=\"canonical\" href=\"https:\/\/aztex.ee\/hu\/pood\/torolkozok-es-furdolepedok\/puha-pamut-torolkozo\/\" \/>\n<meta property=\"og:locale\" content=\"hu_HU\" \/>\n<meta property=\"og:type\" content=\"article\" \/>\n<meta property=\"og:title\" content=\"Puha pamut t\u00f6r\u00f6lk\u00f6z\u0151 - 100% pamut | AZTEX\" \/>\n<meta property=\"og:description\" content=\"A kiv\u00e1l\u00f3 min\u0151s\u00e9g\u0171 pamut t\u00f6r\u00f6lk\u00f6z\u0151 puha \u00e9s tart\u00f3s, \u00edgy biztos\u00edtja a k\u00e9nyelmet, \u00edgy t\u00f6k\u00e9letes v\u00e1laszt\u00e1s minden pillanatra, amikor megb\u00edzhat\u00f3 \u00e9s kellemes\" \/>\n<meta property=\"og:url\" content=\"https:\/\/aztex.ee\/hu\/pood\/torolkozok-es-furdolepedok\/puha-pamut-torolkozo\/\" \/>\n<meta property=\"og:site_name\" content=\"AZTEX\" \/>\n<meta property=\"article:publisher\" content=\"https:\/\/www.facebook.com\/AztexEE\" \/>\n<meta property=\"article:modified_time\" content=\"2026-03-15T19:20:12+00:00\" \/>\n<meta property=\"og:image\" content=\"https:\/\/aztex.ee\/wp-content\/uploads\/2025\/03\/Puuvillane-ratik.jpg\" \/>\n\t<meta property=\"og:image:width\" content=\"800\" \/>\n\t<meta property=\"og:image:height\" content=\"800\" \/>\n\t<meta property=\"og:image:type\" content=\"image\/jpeg\" \/>\n<meta name=\"twitter:card\" content=\"summary_large_image\" \/>\n<meta name=\"twitter:label1\" content=\"Becs\u00fclt olvas\u00e1si id\u0151\" \/>\n\t<meta name=\"twitter:data1\" content=\"3 perc\" \/>\n<script type=\"application\/ld+json\" class=\"yoast-schema-graph\">{\"@context\":\"https:\\\/\\\/schema.org\",\"@graph\":[{\"@type\":[\"WebPage\",\"ItemPage\"],\"@id\":\"https:\\\/\\\/aztex.ee\\\/hu\\\/pood\\\/torolkozok-es-furdolepedok\\\/puha-pamut-torolkozo\\\/\",\"url\":\"https:\\\/\\\/aztex.ee\\\/hu\\\/pood\\\/torolkozok-es-furdolepedok\\\/puha-pamut-torolkozo\\\/\",\"name\":\"Puha pamut t\u00f6r\u00f6lk\u00f6z\u0151 - 100% pamut | AZTEX\",\"isPartOf\":{\"@id\":\"https:\\\/\\\/aztex.ee\\\/hu\\\/#website\"},\"primaryImageOfPage\":{\"@id\":\"https:\\\/\\\/aztex.ee\\\/hu\\\/pood\\\/torolkozok-es-furdolepedok\\\/puha-pamut-torolkozo\\\/#primaryimage\"},\"image\":{\"@id\":\"https:\\\/\\\/aztex.ee\\\/hu\\\/pood\\\/torolkozok-es-furdolepedok\\\/puha-pamut-torolkozo\\\/#primaryimage\"},\"thumbnailUrl\":\"https:\\\/\\\/aztex.ee\\\/wp-content\\\/uploads\\\/2025\\\/03\\\/Puuvillane-ratik.jpg\",\"datePublished\":\"2025-03-31T23:25:38+00:00\",\"dateModified\":\"2026-03-15T19:20:12+00:00\",\"description\":\"A kiv\u00e1l\u00f3 min\u0151s\u00e9g\u0171 pamut t\u00f6r\u00f6lk\u00f6z\u0151 puha \u00e9s tart\u00f3s, \u00edgy biztos\u00edtja a k\u00e9nyelmet, \u00edgy t\u00f6k\u00e9letes v\u00e1laszt\u00e1s minden pillanatra, amikor megb\u00edzhat\u00f3 \u00e9s kellemes\",\"breadcrumb\":{\"@id\":\"https:\\\/\\\/aztex.ee\\\/hu\\\/pood\\\/torolkozok-es-furdolepedok\\\/puha-pamut-torolkozo\\\/#breadcrumb\"},\"inLanguage\":\"hu\",\"potentialAction\":[{\"@type\":\"ReadAction\",\"target\":[\"https:\\\/\\\/aztex.ee\\\/hu\\\/pood\\\/torolkozok-es-furdolepedok\\\/puha-pamut-torolkozo\\\/\"]}]},{\"@type\":\"ImageObject\",\"inLanguage\":\"hu\",\"@id\":\"https:\\\/\\\/aztex.ee\\\/hu\\\/pood\\\/torolkozok-es-furdolepedok\\\/puha-pamut-torolkozo\\\/#primaryimage\",\"url\":\"https:\\\/\\\/aztex.ee\\\/wp-content\\\/uploads\\\/2025\\\/03\\\/Puuvillane-ratik.jpg\",\"contentUrl\":\"https:\\\/\\\/aztex.ee\\\/wp-content\\\/uploads\\\/2025\\\/03\\\/Puuvillane-ratik.jpg\",\"width\":800,\"height\":800,\"caption\":\"Puuvillane r\u00e4tik\"},{\"@type\":\"BreadcrumbList\",\"@id\":\"https:\\\/\\\/aztex.ee\\\/hu\\\/pood\\\/torolkozok-es-furdolepedok\\\/puha-pamut-torolkozo\\\/#breadcrumb\",\"itemListElement\":[{\"@type\":\"ListItem\",\"position\":1,\"name\":\"F\u0151oldal\",\"item\":\"https:\\\/\\\/aztex.ee\\\/hu\\\/\"},{\"@type\":\"ListItem\",\"position\":2,\"name\":\"Web\u00e1ruh\u00e1z\",\"item\":\"https:\\\/\\\/aztex.ee\\\/hu\\\/webaruhaz\\\/\"},{\"@type\":\"ListItem\",\"position\":3,\"name\":\"Pamut t\u00f6r\u00f6lk\u00f6z\u0151 35&#215;75 cm\"}]},{\"@type\":\"WebSite\",\"@id\":\"https:\\\/\\\/aztex.ee\\\/hu\\\/#website\",\"url\":\"https:\\\/\\\/aztex.ee\\\/hu\\\/\",\"name\":\"AZTEX\",\"description\":\"\",\"publisher\":{\"@id\":\"https:\\\/\\\/aztex.ee\\\/hu\\\/#organization\"},\"potentialAction\":[{\"@type\":\"SearchAction\",\"target\":{\"@type\":\"EntryPoint\",\"urlTemplate\":\"https:\\\/\\\/aztex.ee\\\/hu\\\/?s={search_term_string}\"},\"query-input\":{\"@type\":\"PropertyValueSpecification\",\"valueRequired\":true,\"valueName\":\"search_term_string\"}}],\"inLanguage\":\"hu\"},{\"@type\":\"Organization\",\"@id\":\"https:\\\/\\\/aztex.ee\\\/hu\\\/#organization\",\"name\":\"AZTEX\",\"url\":\"https:\\\/\\\/aztex.ee\\\/hu\\\/\",\"logo\":{\"@type\":\"ImageObject\",\"inLanguage\":\"hu\",\"@id\":\"https:\\\/\\\/aztex.ee\\\/hu\\\/#\\\/schema\\\/logo\\\/image\\\/\",\"url\":\"https:\\\/\\\/aztex.ee\\\/wp-content\\\/uploads\\\/2026\\\/01\\\/AZTEX.png\",\"contentUrl\":\"https:\\\/\\\/aztex.ee\\\/wp-content\\\/uploads\\\/2026\\\/01\\\/AZTEX.png\",\"width\":500,\"height\":500,\"caption\":\"AZTEX\"},\"image\":{\"@id\":\"https:\\\/\\\/aztex.ee\\\/hu\\\/#\\\/schema\\\/logo\\\/image\\\/\"},\"sameAs\":[\"https:\\\/\\\/www.facebook.com\\\/AztexEE\",\"https:\\\/\\\/www.instagram.com\\\/aztexeesti\\\/\",\"https:\\\/\\\/www.youtube.com\\\/@AZTEXEE\",\"https:\\\/\\\/www.pinterest.com\\\/aztex_eesti\\\/\",\"https:\\\/\\\/www.tiktok.com\\\/@aztexeesti\",\"https:\\\/\\\/www.trustpilot.com\\\/review\\\/aztex.ee\",\"https:\\\/\\\/www.linkedin.com\\\/company\\\/aztex-ee\\\/\",\"https:\\\/\\\/www.wikidata.org\\\/wiki\\\/Q137560182\"]}]}<\/script>\n<!-- \/ Yoast SEO plugin. -->","yoast_head_json":{"title":"Puha pamut t\u00f6r\u00f6lk\u00f6z\u0151 - 100% pamut | AZTEX","description":"A kiv\u00e1l\u00f3 min\u0151s\u00e9g\u0171 pamut t\u00f6r\u00f6lk\u00f6z\u0151 puha \u00e9s tart\u00f3s, \u00edgy biztos\u00edtja a k\u00e9nyelmet, \u00edgy t\u00f6k\u00e9letes v\u00e1laszt\u00e1s minden pillanatra, amikor megb\u00edzhat\u00f3 \u00e9s kellemes","robots":{"index":"index","follow":"follow","max-snippet":"max-snippet:-1","max-image-preview":"max-image-preview:large","max-video-preview":"max-video-preview:-1"},"canonical":"https:\/\/aztex.ee\/hu\/pood\/torolkozok-es-furdolepedok\/puha-pamut-torolkozo\/","og_locale":"hu_HU","og_type":"article","og_title":"Puha pamut t\u00f6r\u00f6lk\u00f6z\u0151 - 100% pamut | AZTEX","og_description":"A kiv\u00e1l\u00f3 min\u0151s\u00e9g\u0171 pamut t\u00f6r\u00f6lk\u00f6z\u0151 puha \u00e9s tart\u00f3s, \u00edgy biztos\u00edtja a k\u00e9nyelmet, \u00edgy t\u00f6k\u00e9letes v\u00e1laszt\u00e1s minden pillanatra, amikor megb\u00edzhat\u00f3 \u00e9s kellemes","og_url":"https:\/\/aztex.ee\/hu\/pood\/torolkozok-es-furdolepedok\/puha-pamut-torolkozo\/","og_site_name":"AZTEX","article_publisher":"https:\/\/www.facebook.com\/AztexEE","article_modified_time":"2026-03-15T19:20:12+00:00","og_image":[{"width":800,"height":800,"url":"https:\/\/aztex.ee\/wp-content\/uploads\/2025\/03\/Puuvillane-ratik.jpg","type":"image\/jpeg"}],"twitter_card":"summary_large_image","twitter_misc":{"Becs\u00fclt olvas\u00e1si id\u0151":"3 perc"},"schema":{"@context":"https:\/\/schema.org","@graph":[{"@type":["WebPage","ItemPage"],"@id":"https:\/\/aztex.ee\/hu\/pood\/torolkozok-es-furdolepedok\/puha-pamut-torolkozo\/","url":"https:\/\/aztex.ee\/hu\/pood\/torolkozok-es-furdolepedok\/puha-pamut-torolkozo\/","name":"Puha pamut t\u00f6r\u00f6lk\u00f6z\u0151 - 100% pamut | AZTEX","isPartOf":{"@id":"https:\/\/aztex.ee\/hu\/#website"},"primaryImageOfPage":{"@id":"https:\/\/aztex.ee\/hu\/pood\/torolkozok-es-furdolepedok\/puha-pamut-torolkozo\/#primaryimage"},"image":{"@id":"https:\/\/aztex.ee\/hu\/pood\/torolkozok-es-furdolepedok\/puha-pamut-torolkozo\/#primaryimage"},"thumbnailUrl":"https:\/\/aztex.ee\/wp-content\/uploads\/2025\/03\/Puuvillane-ratik.jpg","datePublished":"2025-03-31T23:25:38+00:00","dateModified":"2026-03-15T19:20:12+00:00","description":"A kiv\u00e1l\u00f3 min\u0151s\u00e9g\u0171 pamut t\u00f6r\u00f6lk\u00f6z\u0151 puha \u00e9s tart\u00f3s, \u00edgy biztos\u00edtja a k\u00e9nyelmet, \u00edgy t\u00f6k\u00e9letes v\u00e1laszt\u00e1s minden pillanatra, amikor megb\u00edzhat\u00f3 \u00e9s kellemes","breadcrumb":{"@id":"https:\/\/aztex.ee\/hu\/pood\/torolkozok-es-furdolepedok\/puha-pamut-torolkozo\/#breadcrumb"},"inLanguage":"hu","potentialAction":[{"@type":"ReadAction","target":["https:\/\/aztex.ee\/hu\/pood\/torolkozok-es-furdolepedok\/puha-pamut-torolkozo\/"]}]},{"@type":"ImageObject","inLanguage":"hu","@id":"https:\/\/aztex.ee\/hu\/pood\/torolkozok-es-furdolepedok\/puha-pamut-torolkozo\/#primaryimage","url":"https:\/\/aztex.ee\/wp-content\/uploads\/2025\/03\/Puuvillane-ratik.jpg","contentUrl":"https:\/\/aztex.ee\/wp-content\/uploads\/2025\/03\/Puuvillane-ratik.jpg","width":800,"height":800,"caption":"Puuvillane r\u00e4tik"},{"@type":"BreadcrumbList","@id":"https:\/\/aztex.ee\/hu\/pood\/torolkozok-es-furdolepedok\/puha-pamut-torolkozo\/#breadcrumb","itemListElement":[{"@type":"ListItem","position":1,"name":"F\u0151oldal","item":"https:\/\/aztex.ee\/hu\/"},{"@type":"ListItem","position":2,"name":"Web\u00e1ruh\u00e1z","item":"https:\/\/aztex.ee\/hu\/webaruhaz\/"},{"@type":"ListItem","position":3,"name":"Pamut t\u00f6r\u00f6lk\u00f6z\u0151 35&#215;75 cm"}]},{"@type":"WebSite","@id":"https:\/\/aztex.ee\/hu\/#website","url":"https:\/\/aztex.ee\/hu\/","name":"AZTEX","description":"","publisher":{"@id":"https:\/\/aztex.ee\/hu\/#organization"},"potentialAction":[{"@type":"SearchAction","target":{"@type":"EntryPoint","urlTemplate":"https:\/\/aztex.ee\/hu\/?s={search_term_string}"},"query-input":{"@type":"PropertyValueSpecification","valueRequired":true,"valueName":"search_term_string"}}],"inLanguage":"hu"},{"@type":"Organization","@id":"https:\/\/aztex.ee\/hu\/#organization","name":"AZTEX","url":"https:\/\/aztex.ee\/hu\/","logo":{"@type":"ImageObject","inLanguage":"hu","@id":"https:\/\/aztex.ee\/hu\/#\/schema\/logo\/image\/","url":"https:\/\/aztex.ee\/wp-content\/uploads\/2026\/01\/AZTEX.png","contentUrl":"https:\/\/aztex.ee\/wp-content\/uploads\/2026\/01\/AZTEX.png","width":500,"height":500,"caption":"AZTEX"},"image":{"@id":"https:\/\/aztex.ee\/hu\/#\/schema\/logo\/image\/"},"sameAs":["https:\/\/www.facebook.com\/AztexEE","https:\/\/www.instagram.com\/aztexeesti\/","https:\/\/www.youtube.com\/@AZTEXEE","https:\/\/www.pinterest.com\/aztex_eesti\/","https:\/\/www.tiktok.com\/@aztexeesti","https:\/\/www.trustpilot.com\/review\/aztex.ee","https:\/\/www.linkedin.com\/company\/aztex-ee\/","https:\/\/www.wikidata.org\/wiki\/Q137560182"]}]}},"_links":{"self":[{"href":"https:\/\/aztex.ee\/hu\/wp-json\/wp\/v2\/product\/76117","targetHints":{"allow":["GET"]}}],"collection":[{"href":"https:\/\/aztex.ee\/hu\/wp-json\/wp\/v2\/product"}],"about":[{"href":"https:\/\/aztex.ee\/hu\/wp-json\/wp\/v2\/types\/product"}],"replies":[{"embeddable":true,"href":"https:\/\/aztex.ee\/hu\/wp-json\/wp\/v2\/comments?post=76117"}],"version-history":[{"count":0,"href":"https:\/\/aztex.ee\/hu\/wp-json\/wp\/v2\/product\/76117\/revisions"}],"wp:featuredmedia":[{"embeddable":true,"href":"https:\/\/aztex.ee\/hu\/wp-json\/wp\/v2\/media\/76178"}],"wp:attachment":[{"href":"https:\/\/aztex.ee\/hu\/wp-json\/wp\/v2\/media?parent=76117"}],"wp:term":[{"taxonomy":"product_brand","embeddable":true,"href":"https:\/\/aztex.ee\/hu\/wp-json\/wp\/v2\/product_brand?post=76117"},{"taxonomy":"product_cat","embeddable":true,"href":"https:\/\/aztex.ee\/hu\/wp-json\/wp\/v2\/product_cat?post=76117"},{"taxonomy":"product_tag","embeddable":true,"href":"https:\/\/aztex.ee\/hu\/wp-json\/wp\/v2\/product_tag?post=76117"}],"curies":[{"name":"wp","href":"https:\/\/api.w.org\/{rel}","templated":true}]}}