{"id":74574,"date":"2025-03-29T16:14:25","date_gmt":"2025-03-29T16:14:25","guid":{"rendered":"https:\/\/aztex.ee\/?post_type=product&#038;p=74574"},"modified":"2026-04-13T10:06:27","modified_gmt":"2026-04-13T10:06:27","slug":"frottir-torolkozo","status":"publish","type":"product","link":"https:\/\/aztex.ee\/hu\/pood\/torolkozok-es-furdolepedok\/frottir-torolkozo\/","title":{"rendered":"F\u00fcrd\u0151leped\u0151 70&#215;140 cm"},"content":{"rendered":"<p><strong>Pamut f\u00fcrd\u0151leped\u0151 \u2013 puhas\u00e1g \u00e9s praktikum egy\u00fctt<\/strong><\/p>\n<p>A pamut f\u00fcrd\u0151leped\u0151 term\u00e9szetes sz\u00e1lb\u00f3l k\u00e9sz\u00fclt, mely b\u0151rbar\u00e1t \u00e9s kiv\u00e1l\u00f3 l\u00e9g\u00e1tereszt\u0151 k\u00e9pess\u00e9ggel rendelkezik. L\u00e1gy \u00e9s finom text\u00far\u00e1ja \u00e9rz\u00e9keny b\u0151rre is alkalmass\u00e1 teszi, kellemes \u00e9rz\u00e9st biztos\u00edtva minden haszn\u00e1latn\u00e1l. A pamut term\u00e9szetes l\u00e9g\u00e1tereszt\u0151 k\u00e9pess\u00e9g\u00e9nek k\u00f6sz\u00f6nhet\u0151en a t\u00f6r\u00f6lk\u00f6z\u0151 gyorsan sz\u00e1rad \u00e9s hosszabb ideig friss marad.<\/p>\n<p><strong>J\u00f3 nedvsz\u00edv\u00f3 k\u00e9pess\u00e9g<\/strong><\/p>\n<p>A j\u00f3 min\u0151s\u00e9g\u0171 \u00e9s szoros sz\u00f6v\u00e9s\u0171 f\u00fcrd\u0151leped\u0151 hat\u00e9konyan sz\u00edvja fel a nedvess\u00e9get, seg\u00edti a test gyors kisz\u00e1rad\u00e1s\u00e1t zuhany, f\u00fcrd\u0151 vagy szauna ut\u00e1n. A puha pamutsz\u00e1lak kiv\u00e1l\u00f3 felsz\u00edv\u00f3d\u00e1st \u00e9s gyors sz\u00e1rad\u00e1st biztos\u00edtanak, \u00edgy t\u00f6k\u00e9letes mindennapi haszn\u00e1latra, de ak\u00e1r utaz\u00e1sra vagy gy\u00f3gyf\u00fcrd\u0151be is mag\u00e1val viheti.<\/p>\n<p><strong>Tart\u00f3s \u00e9s k\u00f6nnyen gondozhat\u00f3<\/strong><\/p>\n<p>A pamut strapab\u00edr\u00f3 \u00e9s hossz\u00fa \u00e9lettartam\u00fa anyag, amely kib\u00edrja a gyakori mos\u00e1st, \u00e9s \u00e9vek m\u00falva is meg\u0151rzi puhas\u00e1g\u00e1t \u00e9s min\u0151s\u00e9g\u00e9t. A f\u00fcrd\u0151leped\u0151 mos\u00f3g\u00e9pben moshat\u00f3 \u00e9s k\u00f6nnyen gondozhat\u00f3 \u2013 megfelel\u0151 mos\u00e1s \u00e9s sz\u00e1r\u00edt\u00e1s eset\u00e9n sok\u00e1ig friss \u00e9s puha marad. A kiv\u00e1l\u00f3 min\u0151s\u00e9g\u0171 anyag megtartja form\u00e1j\u00e1t \u00e9s sz\u00edn\u00e9t, \u00edgy hosszan tart\u00f3 \u00e9lvezetet biztos\u00edt.<\/p>\n<p><strong>Klasszikus v\u00e1laszt\u00e1s minden f\u00fcrd\u0151szob\u00e1ba<\/strong><\/p>\n<p>A pamut f\u00fcrd\u0151leped\u0151 egyes\u00edti a praktikum \u00e9s az id\u0151tlen st\u00edlust. Term\u00e9szetes sz\u00ednt\u00f3nusai \u00e9s klasszikus diz\u00e1jnja k\u00f6nnyed\u00e9n illeszkedik a k\u00fcl\u00f6nb\u00f6z\u0151 f\u00fcrd\u0151szobabels\u0151 kialak\u00edt\u00e1sokhoz, otthonoss\u00e1got \u00e9s eleganci\u00e1t adva a helyis\u00e9gnek. T\u00f6bbf\u00e9le \u00e1rnyalat k\u00f6z\u00fcl lehet v\u00e1lasztani, \u00edgy mindenki megtal\u00e1lhatja a sz\u00e1m\u00e1ra legmegfelel\u0151bbet.<\/p>\n<p>A pamut f\u00fcrd\u0151leped\u0151 ide\u00e1lis v\u00e1laszt\u00e1s azok sz\u00e1m\u00e1ra, akik \u00e9rt\u00e9kelik a k\u00e9nyelmet, a min\u0151s\u00e9get \u00e9s a tart\u00f3ss\u00e1got. Term\u00e9szetes \u00f6sszet\u00e9tele gondoskodik a b\u0151r gyeng\u00e9d \u00e1pol\u00e1s\u00e1r\u00f3l, kiv\u00e1l\u00f3 nedvsz\u00edv\u00f3 k\u00e9pess\u00e9ge \u00e9s k\u00f6nny\u0171 \u00e1pol\u00e1sa pedig praktikus mindennapi t\u00e1rss\u00e1 teszi. Ak\u00e1r aj\u00e1nd\u00e9kba, ak\u00e1r saj\u00e1t f\u00fcrd\u0151szob\u00e1ja fel\u00faj\u00edt\u00e1s\u00e1hoz \u2013 a kiv\u00e1l\u00f3 min\u0151s\u00e9g\u0171 pamut f\u00fcrd\u0151leped\u0151k mindig luxus \u00e9rz\u00e9st \u00e9s maxim\u00e1lis k\u00e9nyelmet biztos\u00edtanak.<\/p>\n","protected":false},"excerpt":{"rendered":"<ul>\n<li>Anyaga: 100% pamut<\/li>\n<li>M\u00e9rete: 70&#215;140 cm \u00b13<\/li>\n<li>S\u00faly: 400g\/m2<\/li>\n<\/ul>\n","protected":false},"featured_media":74648,"comment_status":"open","ping_status":"closed","template":"","meta":[],"product_brand":[],"product_cat":[1593,1710,482],"product_tag":[],"class_list":{"0":"post-74574","1":"product","2":"type-product","3":"status-publish","4":"has-post-thumbnail","6":"product_cat-furdolepedok","7":"product_cat-furdolepedok-70x140-cm","8":"product_cat-torolkozok-es-furdolepedok","10":"first","11":"instock","12":"shipping-taxable","13":"purchasable","14":"product-type-variable"},"yoast_head":"<!-- This site is optimized with the Yoast SEO plugin v27.3 - https:\/\/yoast.com\/product\/yoast-seo-wordpress\/ -->\n<title>Pamut t\u00f6r\u00f6lk\u00f6z\u0151 70x140 - Kiv\u00e1l\u00f3 min\u0151s\u00e9g\u0171 \u00e9s puha | AZTEX<\/title>\n<meta name=\"description\" content=\"A pamut f\u00fcrd\u0151leped\u0151 puha, nedvsz\u00edv\u00f3, tart\u00f3s \u00e9s t\u00f6k\u00e9letes meleg zuhany vagy pihentet\u0151 f\u00fcrd\u0151 ut\u00e1n. A term\u00e9szetes anyag gondoskodik a b\u0151r j\u00f3 k\u00f6z\u00e9rzet\u00e9r\u0151l ...\" \/>\n<meta name=\"robots\" content=\"index, follow, max-snippet:-1, max-image-preview:large, max-video-preview:-1\" \/>\n<link rel=\"canonical\" href=\"https:\/\/aztex.ee\/hu\/pood\/torolkozok-es-furdolepedok\/frottir-torolkozo\/\" \/>\n<meta property=\"og:locale\" content=\"hu_HU\" \/>\n<meta property=\"og:type\" content=\"article\" \/>\n<meta property=\"og:title\" content=\"Pamut t\u00f6r\u00f6lk\u00f6z\u0151 70x140 - Kiv\u00e1l\u00f3 min\u0151s\u00e9g\u0171 \u00e9s puha | AZTEX\" \/>\n<meta property=\"og:description\" content=\"A pamut f\u00fcrd\u0151leped\u0151 puha, nedvsz\u00edv\u00f3, tart\u00f3s \u00e9s t\u00f6k\u00e9letes meleg zuhany vagy pihentet\u0151 f\u00fcrd\u0151 ut\u00e1n. A term\u00e9szetes anyag gondoskodik a b\u0151r j\u00f3 k\u00f6z\u00e9rzet\u00e9r\u0151l ...\" \/>\n<meta property=\"og:url\" content=\"https:\/\/aztex.ee\/hu\/pood\/torolkozok-es-furdolepedok\/frottir-torolkozo\/\" \/>\n<meta property=\"og:site_name\" content=\"AZTEX\" \/>\n<meta property=\"article:publisher\" content=\"https:\/\/www.facebook.com\/AztexEE\" \/>\n<meta property=\"article:modified_time\" content=\"2026-04-13T10:06:27+00:00\" \/>\n<meta property=\"og:image\" content=\"https:\/\/aztex.ee\/wp-content\/uploads\/2025\/03\/Vanniratik-70x140-cm-2.jpg\" \/>\n\t<meta property=\"og:image:width\" content=\"800\" \/>\n\t<meta property=\"og:image:height\" content=\"800\" \/>\n\t<meta property=\"og:image:type\" content=\"image\/jpeg\" \/>\n<meta name=\"twitter:card\" content=\"summary_large_image\" \/>\n<meta name=\"twitter:label1\" content=\"Becs\u00fclt olvas\u00e1si id\u0151\" \/>\n\t<meta name=\"twitter:data1\" content=\"2 perc\" \/>\n<script type=\"application\/ld+json\" class=\"yoast-schema-graph\">{\"@context\":\"https:\\\/\\\/schema.org\",\"@graph\":[{\"@type\":[\"WebPage\",\"ItemPage\"],\"@id\":\"https:\\\/\\\/aztex.ee\\\/hu\\\/pood\\\/torolkozok-es-furdolepedok\\\/frottir-torolkozo\\\/\",\"url\":\"https:\\\/\\\/aztex.ee\\\/hu\\\/pood\\\/torolkozok-es-furdolepedok\\\/frottir-torolkozo\\\/\",\"name\":\"Pamut t\u00f6r\u00f6lk\u00f6z\u0151 70x140 - Kiv\u00e1l\u00f3 min\u0151s\u00e9g\u0171 \u00e9s puha | AZTEX\",\"isPartOf\":{\"@id\":\"https:\\\/\\\/aztex.ee\\\/hu\\\/#website\"},\"primaryImageOfPage\":{\"@id\":\"https:\\\/\\\/aztex.ee\\\/hu\\\/pood\\\/torolkozok-es-furdolepedok\\\/frottir-torolkozo\\\/#primaryimage\"},\"image\":{\"@id\":\"https:\\\/\\\/aztex.ee\\\/hu\\\/pood\\\/torolkozok-es-furdolepedok\\\/frottir-torolkozo\\\/#primaryimage\"},\"thumbnailUrl\":\"https:\\\/\\\/aztex.ee\\\/wp-content\\\/uploads\\\/2025\\\/03\\\/Vanniratik-70x140-cm-2.jpg\",\"datePublished\":\"2025-03-29T16:14:25+00:00\",\"dateModified\":\"2026-04-13T10:06:27+00:00\",\"description\":\"A pamut f\u00fcrd\u0151leped\u0151 puha, nedvsz\u00edv\u00f3, tart\u00f3s \u00e9s t\u00f6k\u00e9letes meleg zuhany vagy pihentet\u0151 f\u00fcrd\u0151 ut\u00e1n. A term\u00e9szetes anyag gondoskodik a b\u0151r j\u00f3 k\u00f6z\u00e9rzet\u00e9r\u0151l ...\",\"breadcrumb\":{\"@id\":\"https:\\\/\\\/aztex.ee\\\/hu\\\/pood\\\/torolkozok-es-furdolepedok\\\/frottir-torolkozo\\\/#breadcrumb\"},\"inLanguage\":\"hu\",\"potentialAction\":[{\"@type\":\"ReadAction\",\"target\":[\"https:\\\/\\\/aztex.ee\\\/hu\\\/pood\\\/torolkozok-es-furdolepedok\\\/frottir-torolkozo\\\/\"]}]},{\"@type\":\"ImageObject\",\"inLanguage\":\"hu\",\"@id\":\"https:\\\/\\\/aztex.ee\\\/hu\\\/pood\\\/torolkozok-es-furdolepedok\\\/frottir-torolkozo\\\/#primaryimage\",\"url\":\"https:\\\/\\\/aztex.ee\\\/wp-content\\\/uploads\\\/2025\\\/03\\\/Vanniratik-70x140-cm-2.jpg\",\"contentUrl\":\"https:\\\/\\\/aztex.ee\\\/wp-content\\\/uploads\\\/2025\\\/03\\\/Vanniratik-70x140-cm-2.jpg\",\"width\":800,\"height\":800,\"caption\":\"Vannir\u00e4tik 70x140 cm\"},{\"@type\":\"BreadcrumbList\",\"@id\":\"https:\\\/\\\/aztex.ee\\\/hu\\\/pood\\\/torolkozok-es-furdolepedok\\\/frottir-torolkozo\\\/#breadcrumb\",\"itemListElement\":[{\"@type\":\"ListItem\",\"position\":1,\"name\":\"F\u0151oldal\",\"item\":\"https:\\\/\\\/aztex.ee\\\/hu\\\/\"},{\"@type\":\"ListItem\",\"position\":2,\"name\":\"Web\u00e1ruh\u00e1z\",\"item\":\"https:\\\/\\\/aztex.ee\\\/hu\\\/webaruhaz\\\/\"},{\"@type\":\"ListItem\",\"position\":3,\"name\":\"F\u00fcrd\u0151leped\u0151 70&#215;140 cm\"}]},{\"@type\":\"WebSite\",\"@id\":\"https:\\\/\\\/aztex.ee\\\/hu\\\/#website\",\"url\":\"https:\\\/\\\/aztex.ee\\\/hu\\\/\",\"name\":\"AZTEX\",\"description\":\"\",\"publisher\":{\"@id\":\"https:\\\/\\\/aztex.ee\\\/hu\\\/#organization\"},\"potentialAction\":[{\"@type\":\"SearchAction\",\"target\":{\"@type\":\"EntryPoint\",\"urlTemplate\":\"https:\\\/\\\/aztex.ee\\\/hu\\\/?s={search_term_string}\"},\"query-input\":{\"@type\":\"PropertyValueSpecification\",\"valueRequired\":true,\"valueName\":\"search_term_string\"}}],\"inLanguage\":\"hu\"},{\"@type\":\"Organization\",\"@id\":\"https:\\\/\\\/aztex.ee\\\/hu\\\/#organization\",\"name\":\"AZTEX\",\"url\":\"https:\\\/\\\/aztex.ee\\\/hu\\\/\",\"logo\":{\"@type\":\"ImageObject\",\"inLanguage\":\"hu\",\"@id\":\"https:\\\/\\\/aztex.ee\\\/hu\\\/#\\\/schema\\\/logo\\\/image\\\/\",\"url\":\"https:\\\/\\\/aztex.ee\\\/wp-content\\\/uploads\\\/2026\\\/01\\\/AZTEX.png\",\"contentUrl\":\"https:\\\/\\\/aztex.ee\\\/wp-content\\\/uploads\\\/2026\\\/01\\\/AZTEX.png\",\"width\":500,\"height\":500,\"caption\":\"AZTEX\"},\"image\":{\"@id\":\"https:\\\/\\\/aztex.ee\\\/hu\\\/#\\\/schema\\\/logo\\\/image\\\/\"},\"sameAs\":[\"https:\\\/\\\/www.facebook.com\\\/AztexEE\",\"https:\\\/\\\/www.instagram.com\\\/aztexeesti\\\/\",\"https:\\\/\\\/www.youtube.com\\\/@AZTEXEE\",\"https:\\\/\\\/www.pinterest.com\\\/aztex_eesti\\\/\",\"https:\\\/\\\/www.tiktok.com\\\/@aztexeesti\",\"https:\\\/\\\/www.trustpilot.com\\\/review\\\/aztex.ee\",\"https:\\\/\\\/www.linkedin.com\\\/company\\\/aztex-ee\\\/\",\"https:\\\/\\\/www.wikidata.org\\\/wiki\\\/Q137560182\"]}]}<\/script>\n<!-- \/ Yoast SEO plugin. -->","yoast_head_json":{"title":"Pamut t\u00f6r\u00f6lk\u00f6z\u0151 70x140 - Kiv\u00e1l\u00f3 min\u0151s\u00e9g\u0171 \u00e9s puha | AZTEX","description":"A pamut f\u00fcrd\u0151leped\u0151 puha, nedvsz\u00edv\u00f3, tart\u00f3s \u00e9s t\u00f6k\u00e9letes meleg zuhany vagy pihentet\u0151 f\u00fcrd\u0151 ut\u00e1n. A term\u00e9szetes anyag gondoskodik a b\u0151r j\u00f3 k\u00f6z\u00e9rzet\u00e9r\u0151l ...","robots":{"index":"index","follow":"follow","max-snippet":"max-snippet:-1","max-image-preview":"max-image-preview:large","max-video-preview":"max-video-preview:-1"},"canonical":"https:\/\/aztex.ee\/hu\/pood\/torolkozok-es-furdolepedok\/frottir-torolkozo\/","og_locale":"hu_HU","og_type":"article","og_title":"Pamut t\u00f6r\u00f6lk\u00f6z\u0151 70x140 - Kiv\u00e1l\u00f3 min\u0151s\u00e9g\u0171 \u00e9s puha | AZTEX","og_description":"A pamut f\u00fcrd\u0151leped\u0151 puha, nedvsz\u00edv\u00f3, tart\u00f3s \u00e9s t\u00f6k\u00e9letes meleg zuhany vagy pihentet\u0151 f\u00fcrd\u0151 ut\u00e1n. A term\u00e9szetes anyag gondoskodik a b\u0151r j\u00f3 k\u00f6z\u00e9rzet\u00e9r\u0151l ...","og_url":"https:\/\/aztex.ee\/hu\/pood\/torolkozok-es-furdolepedok\/frottir-torolkozo\/","og_site_name":"AZTEX","article_publisher":"https:\/\/www.facebook.com\/AztexEE","article_modified_time":"2026-04-13T10:06:27+00:00","og_image":[{"width":800,"height":800,"url":"https:\/\/aztex.ee\/wp-content\/uploads\/2025\/03\/Vanniratik-70x140-cm-2.jpg","type":"image\/jpeg"}],"twitter_card":"summary_large_image","twitter_misc":{"Becs\u00fclt olvas\u00e1si id\u0151":"2 perc"},"schema":{"@context":"https:\/\/schema.org","@graph":[{"@type":["WebPage","ItemPage"],"@id":"https:\/\/aztex.ee\/hu\/pood\/torolkozok-es-furdolepedok\/frottir-torolkozo\/","url":"https:\/\/aztex.ee\/hu\/pood\/torolkozok-es-furdolepedok\/frottir-torolkozo\/","name":"Pamut t\u00f6r\u00f6lk\u00f6z\u0151 70x140 - Kiv\u00e1l\u00f3 min\u0151s\u00e9g\u0171 \u00e9s puha | AZTEX","isPartOf":{"@id":"https:\/\/aztex.ee\/hu\/#website"},"primaryImageOfPage":{"@id":"https:\/\/aztex.ee\/hu\/pood\/torolkozok-es-furdolepedok\/frottir-torolkozo\/#primaryimage"},"image":{"@id":"https:\/\/aztex.ee\/hu\/pood\/torolkozok-es-furdolepedok\/frottir-torolkozo\/#primaryimage"},"thumbnailUrl":"https:\/\/aztex.ee\/wp-content\/uploads\/2025\/03\/Vanniratik-70x140-cm-2.jpg","datePublished":"2025-03-29T16:14:25+00:00","dateModified":"2026-04-13T10:06:27+00:00","description":"A pamut f\u00fcrd\u0151leped\u0151 puha, nedvsz\u00edv\u00f3, tart\u00f3s \u00e9s t\u00f6k\u00e9letes meleg zuhany vagy pihentet\u0151 f\u00fcrd\u0151 ut\u00e1n. A term\u00e9szetes anyag gondoskodik a b\u0151r j\u00f3 k\u00f6z\u00e9rzet\u00e9r\u0151l ...","breadcrumb":{"@id":"https:\/\/aztex.ee\/hu\/pood\/torolkozok-es-furdolepedok\/frottir-torolkozo\/#breadcrumb"},"inLanguage":"hu","potentialAction":[{"@type":"ReadAction","target":["https:\/\/aztex.ee\/hu\/pood\/torolkozok-es-furdolepedok\/frottir-torolkozo\/"]}]},{"@type":"ImageObject","inLanguage":"hu","@id":"https:\/\/aztex.ee\/hu\/pood\/torolkozok-es-furdolepedok\/frottir-torolkozo\/#primaryimage","url":"https:\/\/aztex.ee\/wp-content\/uploads\/2025\/03\/Vanniratik-70x140-cm-2.jpg","contentUrl":"https:\/\/aztex.ee\/wp-content\/uploads\/2025\/03\/Vanniratik-70x140-cm-2.jpg","width":800,"height":800,"caption":"Vannir\u00e4tik 70x140 cm"},{"@type":"BreadcrumbList","@id":"https:\/\/aztex.ee\/hu\/pood\/torolkozok-es-furdolepedok\/frottir-torolkozo\/#breadcrumb","itemListElement":[{"@type":"ListItem","position":1,"name":"F\u0151oldal","item":"https:\/\/aztex.ee\/hu\/"},{"@type":"ListItem","position":2,"name":"Web\u00e1ruh\u00e1z","item":"https:\/\/aztex.ee\/hu\/webaruhaz\/"},{"@type":"ListItem","position":3,"name":"F\u00fcrd\u0151leped\u0151 70&#215;140 cm"}]},{"@type":"WebSite","@id":"https:\/\/aztex.ee\/hu\/#website","url":"https:\/\/aztex.ee\/hu\/","name":"AZTEX","description":"","publisher":{"@id":"https:\/\/aztex.ee\/hu\/#organization"},"potentialAction":[{"@type":"SearchAction","target":{"@type":"EntryPoint","urlTemplate":"https:\/\/aztex.ee\/hu\/?s={search_term_string}"},"query-input":{"@type":"PropertyValueSpecification","valueRequired":true,"valueName":"search_term_string"}}],"inLanguage":"hu"},{"@type":"Organization","@id":"https:\/\/aztex.ee\/hu\/#organization","name":"AZTEX","url":"https:\/\/aztex.ee\/hu\/","logo":{"@type":"ImageObject","inLanguage":"hu","@id":"https:\/\/aztex.ee\/hu\/#\/schema\/logo\/image\/","url":"https:\/\/aztex.ee\/wp-content\/uploads\/2026\/01\/AZTEX.png","contentUrl":"https:\/\/aztex.ee\/wp-content\/uploads\/2026\/01\/AZTEX.png","width":500,"height":500,"caption":"AZTEX"},"image":{"@id":"https:\/\/aztex.ee\/hu\/#\/schema\/logo\/image\/"},"sameAs":["https:\/\/www.facebook.com\/AztexEE","https:\/\/www.instagram.com\/aztexeesti\/","https:\/\/www.youtube.com\/@AZTEXEE","https:\/\/www.pinterest.com\/aztex_eesti\/","https:\/\/www.tiktok.com\/@aztexeesti","https:\/\/www.trustpilot.com\/review\/aztex.ee","https:\/\/www.linkedin.com\/company\/aztex-ee\/","https:\/\/www.wikidata.org\/wiki\/Q137560182"]}]}},"_links":{"self":[{"href":"https:\/\/aztex.ee\/hu\/wp-json\/wp\/v2\/product\/74574","targetHints":{"allow":["GET"]}}],"collection":[{"href":"https:\/\/aztex.ee\/hu\/wp-json\/wp\/v2\/product"}],"about":[{"href":"https:\/\/aztex.ee\/hu\/wp-json\/wp\/v2\/types\/product"}],"replies":[{"embeddable":true,"href":"https:\/\/aztex.ee\/hu\/wp-json\/wp\/v2\/comments?post=74574"}],"version-history":[{"count":0,"href":"https:\/\/aztex.ee\/hu\/wp-json\/wp\/v2\/product\/74574\/revisions"}],"wp:featuredmedia":[{"embeddable":true,"href":"https:\/\/aztex.ee\/hu\/wp-json\/wp\/v2\/media\/74648"}],"wp:attachment":[{"href":"https:\/\/aztex.ee\/hu\/wp-json\/wp\/v2\/media?parent=74574"}],"wp:term":[{"taxonomy":"product_brand","embeddable":true,"href":"https:\/\/aztex.ee\/hu\/wp-json\/wp\/v2\/product_brand?post=74574"},{"taxonomy":"product_cat","embeddable":true,"href":"https:\/\/aztex.ee\/hu\/wp-json\/wp\/v2\/product_cat?post=74574"},{"taxonomy":"product_tag","embeddable":true,"href":"https:\/\/aztex.ee\/hu\/wp-json\/wp\/v2\/product_tag?post=74574"}],"curies":[{"name":"wp","href":"https:\/\/api.w.org\/{rel}","templated":true}]}}