{"id":73700,"date":"2025-03-28T22:57:25","date_gmt":"2025-03-28T22:57:25","guid":{"rendered":"https:\/\/aztex.ee\/?post_type=product&#038;p=73700"},"modified":"2026-04-12T18:52:30","modified_gmt":"2026-04-12T18:52:30","slug":"furdolepedo","status":"publish","type":"product","link":"https:\/\/aztex.ee\/hu\/pood\/torolkozok-es-furdolepedok\/furdolepedo\/","title":{"rendered":"F\u00fcrd\u0151leped\u0151 70&#215;140 cm"},"content":{"rendered":"<p><strong>Pamut f\u00fcrd\u0151leped\u0151 &#8211; puha \u00e9s b\u0151rbar\u00e1t anyag<\/strong><\/p>\n<p>A pamut f\u00fcrd\u0151leped\u0151 100% kiv\u00e1l\u00f3 min\u0151s\u00e9g\u0171 pamutb\u00f3l k\u00e9sz\u00fclt, kiv\u00e9teles puhas\u00e1got \u00e9s k\u00e9nyelmet biztos\u00edt. Minden haszn\u00e1lat gyeng\u00e9d \u00e9rint\u00e9st k\u00f6lcs\u00f6n\u00f6z a b\u0151rnek, \u00edgy minden mos\u00e1s kellemes \u00e9lm\u00e9nny\u00e9 v\u00e1lik. A pamut b\u0151rbar\u00e1t \u00e9s \u00e9rz\u00e9keny b\u0151rre is alkalmas, hat\u00e9kony v\u00e9delmet ny\u00fajt az irrit\u00e1ci\u00f3 ellen.<\/p>\n<p><strong>Kiv\u00e1l\u00f3 nedvsz\u00edv\u00f3 k\u00e9pess\u00e9g \u00e9s gyors sz\u00e1rad\u00e1s<\/strong><\/p>\n<p>A f\u00fcrd\u0151leped\u0151 s\u0171r\u0171 sz\u00f6v\u00e9se kiv\u00e1l\u00f3 nedvsz\u00edv\u00f3 k\u00e9pess\u00e9get biztos\u00edt, amely seg\u00edt gyorsan felsz\u00edvni a nedvess\u00e9get \u00e9s kisz\u00e1r\u00edtani a testet. Ez k\u00fcl\u00f6n\u00f6sen fontos a friss \u00e9s gyors sz\u00e1rad\u00e1s \u00e9rdek\u00e9ben. Ezenk\u00edv\u00fcl a f\u00fcrd\u0151leped\u0151 gyorsan sz\u00e1rad, \u00edgy r\u00f6vid id\u0151n bel\u00fcl k\u00e9szen \u00e1ll a k\u00f6vetkez\u0151 haszn\u00e1latra, an\u00e9lk\u00fcl, hogy elvesz\u00edten\u00e9 puhas\u00e1g\u00e1t.<\/p>\n<p><strong>Hossz\u00fa \u00e9lettartam\u00fa \u00e9s tart\u00f3s<\/strong><\/p>\n<p>A kiv\u00e1l\u00f3 min\u0151s\u00e9g\u0171 pamutnak k\u00f6sz\u00f6nhet\u0151en ez a f\u00fcrd\u0151leped\u0151 rendk\u00edv\u00fcl tart\u00f3s, t\u00f6bbsz\u00f6ri mos\u00e1s ut\u00e1n is meg\u0151rzi megjelen\u00e9s\u00e9t \u00e9s tulajdons\u00e1gait. A f\u00fcrd\u0151leped\u0151 gyakori haszn\u00e1lat \u00e9s mos\u00e1s mellett sem vesz\u00edti el puhas\u00e1g\u00e1t, nedvsz\u00edv\u00f3 k\u00e9pess\u00e9g\u00e9t. Ez egy nagyszer\u0171 befektet\u00e9s, amely hosszan tart\u00f3 k\u00e9nyelmet \u00e9s tart\u00f3ss\u00e1got k\u00edn\u00e1l.<\/p>\n<p><strong>Sokoldal\u00fa felhaszn\u00e1l\u00e1s<\/strong><\/p>\n<p>A pamut f\u00fcrd\u0151leped\u0151 t\u00f6k\u00e9letes minden otthoni f\u00fcrd\u0151szob\u00e1ba, de gy\u00f3gyf\u00fcrd\u0151be, szaun\u00e1ba vagy strandra is kiv\u00e1l\u00f3 v\u00e1laszt\u00e1s. Legyen sz\u00f3 reggeli zuhanyr\u00f3l, esti f\u00fcrd\u00e9sr\u0151l vagy szabadnapr\u00f3l \u2013 ez a f\u00fcrd\u0151leped\u0151 extra l\u00e1gys\u00e1got \u00e9s melegs\u00e9get hoz minden pillanatba.<\/p>\n<p><strong>K\u00f6nny\u0171 gondoz\u00e1s<\/strong><\/p>\n<p>A f\u00fcrd\u0151leped\u0151 k\u00f6nnyen kezelhet\u0151 &#8211; mos\u00f3g\u00e9pben moshat\u00f3 \u00e9s gyorsan sz\u00e1rad, min\u0151s\u00e9g\u00e9t \u00e9s frissess\u00e9g\u00e9t minden haszn\u00e1latkor meg\u0151rzi. A pamut term\u00e9szetes tulajdons\u00e1ga ellen\u00e1ll a mos\u00e1snak, \u00edgy a f\u00fcrd\u0151leped\u0151 mindig k\u00e9szen \u00e1ll a k\u00f6vetkez\u0151 haszn\u00e1latra. Nem kell att\u00f3l tartani, hogy a sz\u00ednek kifakulnak, hiszen \u00fagy tervezt\u00e9k, hogy tart\u00f3s \u00e9s hossz\u00fa t\u00e1v\u00fa \u00e9lvezetet ny\u00fajtson.<\/p>\n<p>A pamut f\u00fcrd\u0151leped\u0151 t\u00f6k\u00e9letes kieg\u00e9sz\u00edt\u0151je minden f\u00fcrd\u0151szob\u00e1nak. Eleg\u00e1ns diz\u00e1jnja \u00e9s kiv\u00e1l\u00f3 min\u0151s\u00e9g\u0171 anyaga k\u00fcl\u00f6nlegess\u00e9 teszi a mindennapi rutinokat, meleget \u00e9s puhas\u00e1got biztos\u00edtva minden haszn\u00e1lat sor\u00e1n. A f\u00fcrd\u0151leped\u0151 tart\u00f3ss\u00e1ga \u00e9s k\u00f6nny\u0171 kezelhet\u0151s\u00e9ge hosszan tart\u00f3 \u00e9lvezetet biztos\u00edt, mindig k\u00e9szen \u00e1ll arra, hogy minden nap k\u00e9nyelmet hozzon.<\/p>\n","protected":false},"excerpt":{"rendered":"<ul>\n<li>Anyaga: 100% pamut<\/li>\n<li>M\u00e9rete: 70&#215;140 cm \u00b13<\/li>\n<li>S\u00faly: 450g\/m2<\/li>\n<\/ul>\n","protected":false},"featured_media":73774,"comment_status":"open","ping_status":"closed","template":"","meta":[],"product_brand":[],"product_cat":[1593,1710,482],"product_tag":[],"class_list":{"0":"post-73700","1":"product","2":"type-product","3":"status-publish","4":"has-post-thumbnail","6":"product_cat-furdolepedok","7":"product_cat-furdolepedok-70x140-cm","8":"product_cat-torolkozok-es-furdolepedok","10":"first","11":"instock","12":"shipping-taxable","13":"purchasable","14":"product-type-variable"},"yoast_head":"<!-- This site is optimized with the Yoast SEO plugin v27.3 - https:\/\/yoast.com\/product\/yoast-seo-wordpress\/ -->\n<title>Pamut f\u00fcrd\u0151leped\u0151 - Term\u00e9szetes \u00e9s Puha | AZTEX<\/title>\n<meta name=\"description\" content=\"A f\u00e9ny\u0171z\u0151, puha \u00e9s nagyon nedvsz\u00edv\u00f3 pamut f\u00fcrd\u0151leped\u0151 gyorsan sz\u00e1rad. Hosszan tart\u00f3 \u00e9s gyeng\u00e9d tapint\u00e1s\u00fa, t\u00f6k\u00e9letes mindennapi haszn\u00e1latra.\" \/>\n<meta name=\"robots\" content=\"index, follow, max-snippet:-1, max-image-preview:large, max-video-preview:-1\" \/>\n<link rel=\"canonical\" href=\"https:\/\/aztex.ee\/hu\/pood\/torolkozok-es-furdolepedok\/furdolepedo\/\" \/>\n<meta property=\"og:locale\" content=\"hu_HU\" \/>\n<meta property=\"og:type\" content=\"article\" \/>\n<meta property=\"og:title\" content=\"Pamut f\u00fcrd\u0151leped\u0151 - Term\u00e9szetes \u00e9s Puha | AZTEX\" \/>\n<meta property=\"og:description\" content=\"A f\u00e9ny\u0171z\u0151, puha \u00e9s nagyon nedvsz\u00edv\u00f3 pamut f\u00fcrd\u0151leped\u0151 gyorsan sz\u00e1rad. Hosszan tart\u00f3 \u00e9s gyeng\u00e9d tapint\u00e1s\u00fa, t\u00f6k\u00e9letes mindennapi haszn\u00e1latra.\" \/>\n<meta property=\"og:url\" content=\"https:\/\/aztex.ee\/hu\/pood\/torolkozok-es-furdolepedok\/furdolepedo\/\" \/>\n<meta property=\"og:site_name\" content=\"AZTEX\" \/>\n<meta property=\"article:publisher\" content=\"https:\/\/www.facebook.com\/AztexEE\" \/>\n<meta property=\"article:modified_time\" content=\"2026-04-12T18:52:30+00:00\" \/>\n<meta property=\"og:image\" content=\"https:\/\/aztex.ee\/wp-content\/uploads\/2025\/03\/Vanniratik-70x140-2.jpg\" \/>\n\t<meta property=\"og:image:width\" content=\"800\" \/>\n\t<meta property=\"og:image:height\" content=\"800\" \/>\n\t<meta property=\"og:image:type\" content=\"image\/jpeg\" \/>\n<meta name=\"twitter:card\" content=\"summary_large_image\" \/>\n<meta name=\"twitter:label1\" content=\"Becs\u00fclt olvas\u00e1si id\u0151\" \/>\n\t<meta name=\"twitter:data1\" content=\"2 perc\" \/>\n<script type=\"application\/ld+json\" class=\"yoast-schema-graph\">{\"@context\":\"https:\\\/\\\/schema.org\",\"@graph\":[{\"@type\":[\"WebPage\",\"ItemPage\"],\"@id\":\"https:\\\/\\\/aztex.ee\\\/hu\\\/pood\\\/torolkozok-es-furdolepedok\\\/furdolepedo\\\/\",\"url\":\"https:\\\/\\\/aztex.ee\\\/hu\\\/pood\\\/torolkozok-es-furdolepedok\\\/furdolepedo\\\/\",\"name\":\"Pamut f\u00fcrd\u0151leped\u0151 - Term\u00e9szetes \u00e9s Puha | AZTEX\",\"isPartOf\":{\"@id\":\"https:\\\/\\\/aztex.ee\\\/hu\\\/#website\"},\"primaryImageOfPage\":{\"@id\":\"https:\\\/\\\/aztex.ee\\\/hu\\\/pood\\\/torolkozok-es-furdolepedok\\\/furdolepedo\\\/#primaryimage\"},\"image\":{\"@id\":\"https:\\\/\\\/aztex.ee\\\/hu\\\/pood\\\/torolkozok-es-furdolepedok\\\/furdolepedo\\\/#primaryimage\"},\"thumbnailUrl\":\"https:\\\/\\\/aztex.ee\\\/wp-content\\\/uploads\\\/2025\\\/03\\\/Vanniratik-70x140-2.jpg\",\"datePublished\":\"2025-03-28T22:57:25+00:00\",\"dateModified\":\"2026-04-12T18:52:30+00:00\",\"description\":\"A f\u00e9ny\u0171z\u0151, puha \u00e9s nagyon nedvsz\u00edv\u00f3 pamut f\u00fcrd\u0151leped\u0151 gyorsan sz\u00e1rad. Hosszan tart\u00f3 \u00e9s gyeng\u00e9d tapint\u00e1s\u00fa, t\u00f6k\u00e9letes mindennapi haszn\u00e1latra.\",\"breadcrumb\":{\"@id\":\"https:\\\/\\\/aztex.ee\\\/hu\\\/pood\\\/torolkozok-es-furdolepedok\\\/furdolepedo\\\/#breadcrumb\"},\"inLanguage\":\"hu\",\"potentialAction\":[{\"@type\":\"ReadAction\",\"target\":[\"https:\\\/\\\/aztex.ee\\\/hu\\\/pood\\\/torolkozok-es-furdolepedok\\\/furdolepedo\\\/\"]}]},{\"@type\":\"ImageObject\",\"inLanguage\":\"hu\",\"@id\":\"https:\\\/\\\/aztex.ee\\\/hu\\\/pood\\\/torolkozok-es-furdolepedok\\\/furdolepedo\\\/#primaryimage\",\"url\":\"https:\\\/\\\/aztex.ee\\\/wp-content\\\/uploads\\\/2025\\\/03\\\/Vanniratik-70x140-2.jpg\",\"contentUrl\":\"https:\\\/\\\/aztex.ee\\\/wp-content\\\/uploads\\\/2025\\\/03\\\/Vanniratik-70x140-2.jpg\",\"width\":800,\"height\":800,\"caption\":\"Vannir\u00e4tik 70x140\"},{\"@type\":\"BreadcrumbList\",\"@id\":\"https:\\\/\\\/aztex.ee\\\/hu\\\/pood\\\/torolkozok-es-furdolepedok\\\/furdolepedo\\\/#breadcrumb\",\"itemListElement\":[{\"@type\":\"ListItem\",\"position\":1,\"name\":\"F\u0151oldal\",\"item\":\"https:\\\/\\\/aztex.ee\\\/hu\\\/\"},{\"@type\":\"ListItem\",\"position\":2,\"name\":\"Web\u00e1ruh\u00e1z\",\"item\":\"https:\\\/\\\/aztex.ee\\\/hu\\\/webaruhaz\\\/\"},{\"@type\":\"ListItem\",\"position\":3,\"name\":\"F\u00fcrd\u0151leped\u0151 70&#215;140 cm\"}]},{\"@type\":\"WebSite\",\"@id\":\"https:\\\/\\\/aztex.ee\\\/hu\\\/#website\",\"url\":\"https:\\\/\\\/aztex.ee\\\/hu\\\/\",\"name\":\"AZTEX\",\"description\":\"\",\"publisher\":{\"@id\":\"https:\\\/\\\/aztex.ee\\\/hu\\\/#organization\"},\"potentialAction\":[{\"@type\":\"SearchAction\",\"target\":{\"@type\":\"EntryPoint\",\"urlTemplate\":\"https:\\\/\\\/aztex.ee\\\/hu\\\/?s={search_term_string}\"},\"query-input\":{\"@type\":\"PropertyValueSpecification\",\"valueRequired\":true,\"valueName\":\"search_term_string\"}}],\"inLanguage\":\"hu\"},{\"@type\":\"Organization\",\"@id\":\"https:\\\/\\\/aztex.ee\\\/hu\\\/#organization\",\"name\":\"AZTEX\",\"url\":\"https:\\\/\\\/aztex.ee\\\/hu\\\/\",\"logo\":{\"@type\":\"ImageObject\",\"inLanguage\":\"hu\",\"@id\":\"https:\\\/\\\/aztex.ee\\\/hu\\\/#\\\/schema\\\/logo\\\/image\\\/\",\"url\":\"https:\\\/\\\/aztex.ee\\\/wp-content\\\/uploads\\\/2026\\\/01\\\/AZTEX.png\",\"contentUrl\":\"https:\\\/\\\/aztex.ee\\\/wp-content\\\/uploads\\\/2026\\\/01\\\/AZTEX.png\",\"width\":500,\"height\":500,\"caption\":\"AZTEX\"},\"image\":{\"@id\":\"https:\\\/\\\/aztex.ee\\\/hu\\\/#\\\/schema\\\/logo\\\/image\\\/\"},\"sameAs\":[\"https:\\\/\\\/www.facebook.com\\\/AztexEE\",\"https:\\\/\\\/www.instagram.com\\\/aztexeesti\\\/\",\"https:\\\/\\\/www.youtube.com\\\/@AZTEXEE\",\"https:\\\/\\\/www.pinterest.com\\\/aztex_eesti\\\/\",\"https:\\\/\\\/www.tiktok.com\\\/@aztexeesti\",\"https:\\\/\\\/www.trustpilot.com\\\/review\\\/aztex.ee\",\"https:\\\/\\\/www.linkedin.com\\\/company\\\/aztex-ee\\\/\",\"https:\\\/\\\/www.wikidata.org\\\/wiki\\\/Q137560182\"]}]}<\/script>\n<!-- \/ Yoast SEO plugin. -->","yoast_head_json":{"title":"Pamut f\u00fcrd\u0151leped\u0151 - Term\u00e9szetes \u00e9s Puha | AZTEX","description":"A f\u00e9ny\u0171z\u0151, puha \u00e9s nagyon nedvsz\u00edv\u00f3 pamut f\u00fcrd\u0151leped\u0151 gyorsan sz\u00e1rad. Hosszan tart\u00f3 \u00e9s gyeng\u00e9d tapint\u00e1s\u00fa, t\u00f6k\u00e9letes mindennapi haszn\u00e1latra.","robots":{"index":"index","follow":"follow","max-snippet":"max-snippet:-1","max-image-preview":"max-image-preview:large","max-video-preview":"max-video-preview:-1"},"canonical":"https:\/\/aztex.ee\/hu\/pood\/torolkozok-es-furdolepedok\/furdolepedo\/","og_locale":"hu_HU","og_type":"article","og_title":"Pamut f\u00fcrd\u0151leped\u0151 - Term\u00e9szetes \u00e9s Puha | AZTEX","og_description":"A f\u00e9ny\u0171z\u0151, puha \u00e9s nagyon nedvsz\u00edv\u00f3 pamut f\u00fcrd\u0151leped\u0151 gyorsan sz\u00e1rad. Hosszan tart\u00f3 \u00e9s gyeng\u00e9d tapint\u00e1s\u00fa, t\u00f6k\u00e9letes mindennapi haszn\u00e1latra.","og_url":"https:\/\/aztex.ee\/hu\/pood\/torolkozok-es-furdolepedok\/furdolepedo\/","og_site_name":"AZTEX","article_publisher":"https:\/\/www.facebook.com\/AztexEE","article_modified_time":"2026-04-12T18:52:30+00:00","og_image":[{"width":800,"height":800,"url":"https:\/\/aztex.ee\/wp-content\/uploads\/2025\/03\/Vanniratik-70x140-2.jpg","type":"image\/jpeg"}],"twitter_card":"summary_large_image","twitter_misc":{"Becs\u00fclt olvas\u00e1si id\u0151":"2 perc"},"schema":{"@context":"https:\/\/schema.org","@graph":[{"@type":["WebPage","ItemPage"],"@id":"https:\/\/aztex.ee\/hu\/pood\/torolkozok-es-furdolepedok\/furdolepedo\/","url":"https:\/\/aztex.ee\/hu\/pood\/torolkozok-es-furdolepedok\/furdolepedo\/","name":"Pamut f\u00fcrd\u0151leped\u0151 - Term\u00e9szetes \u00e9s Puha | AZTEX","isPartOf":{"@id":"https:\/\/aztex.ee\/hu\/#website"},"primaryImageOfPage":{"@id":"https:\/\/aztex.ee\/hu\/pood\/torolkozok-es-furdolepedok\/furdolepedo\/#primaryimage"},"image":{"@id":"https:\/\/aztex.ee\/hu\/pood\/torolkozok-es-furdolepedok\/furdolepedo\/#primaryimage"},"thumbnailUrl":"https:\/\/aztex.ee\/wp-content\/uploads\/2025\/03\/Vanniratik-70x140-2.jpg","datePublished":"2025-03-28T22:57:25+00:00","dateModified":"2026-04-12T18:52:30+00:00","description":"A f\u00e9ny\u0171z\u0151, puha \u00e9s nagyon nedvsz\u00edv\u00f3 pamut f\u00fcrd\u0151leped\u0151 gyorsan sz\u00e1rad. Hosszan tart\u00f3 \u00e9s gyeng\u00e9d tapint\u00e1s\u00fa, t\u00f6k\u00e9letes mindennapi haszn\u00e1latra.","breadcrumb":{"@id":"https:\/\/aztex.ee\/hu\/pood\/torolkozok-es-furdolepedok\/furdolepedo\/#breadcrumb"},"inLanguage":"hu","potentialAction":[{"@type":"ReadAction","target":["https:\/\/aztex.ee\/hu\/pood\/torolkozok-es-furdolepedok\/furdolepedo\/"]}]},{"@type":"ImageObject","inLanguage":"hu","@id":"https:\/\/aztex.ee\/hu\/pood\/torolkozok-es-furdolepedok\/furdolepedo\/#primaryimage","url":"https:\/\/aztex.ee\/wp-content\/uploads\/2025\/03\/Vanniratik-70x140-2.jpg","contentUrl":"https:\/\/aztex.ee\/wp-content\/uploads\/2025\/03\/Vanniratik-70x140-2.jpg","width":800,"height":800,"caption":"Vannir\u00e4tik 70x140"},{"@type":"BreadcrumbList","@id":"https:\/\/aztex.ee\/hu\/pood\/torolkozok-es-furdolepedok\/furdolepedo\/#breadcrumb","itemListElement":[{"@type":"ListItem","position":1,"name":"F\u0151oldal","item":"https:\/\/aztex.ee\/hu\/"},{"@type":"ListItem","position":2,"name":"Web\u00e1ruh\u00e1z","item":"https:\/\/aztex.ee\/hu\/webaruhaz\/"},{"@type":"ListItem","position":3,"name":"F\u00fcrd\u0151leped\u0151 70&#215;140 cm"}]},{"@type":"WebSite","@id":"https:\/\/aztex.ee\/hu\/#website","url":"https:\/\/aztex.ee\/hu\/","name":"AZTEX","description":"","publisher":{"@id":"https:\/\/aztex.ee\/hu\/#organization"},"potentialAction":[{"@type":"SearchAction","target":{"@type":"EntryPoint","urlTemplate":"https:\/\/aztex.ee\/hu\/?s={search_term_string}"},"query-input":{"@type":"PropertyValueSpecification","valueRequired":true,"valueName":"search_term_string"}}],"inLanguage":"hu"},{"@type":"Organization","@id":"https:\/\/aztex.ee\/hu\/#organization","name":"AZTEX","url":"https:\/\/aztex.ee\/hu\/","logo":{"@type":"ImageObject","inLanguage":"hu","@id":"https:\/\/aztex.ee\/hu\/#\/schema\/logo\/image\/","url":"https:\/\/aztex.ee\/wp-content\/uploads\/2026\/01\/AZTEX.png","contentUrl":"https:\/\/aztex.ee\/wp-content\/uploads\/2026\/01\/AZTEX.png","width":500,"height":500,"caption":"AZTEX"},"image":{"@id":"https:\/\/aztex.ee\/hu\/#\/schema\/logo\/image\/"},"sameAs":["https:\/\/www.facebook.com\/AztexEE","https:\/\/www.instagram.com\/aztexeesti\/","https:\/\/www.youtube.com\/@AZTEXEE","https:\/\/www.pinterest.com\/aztex_eesti\/","https:\/\/www.tiktok.com\/@aztexeesti","https:\/\/www.trustpilot.com\/review\/aztex.ee","https:\/\/www.linkedin.com\/company\/aztex-ee\/","https:\/\/www.wikidata.org\/wiki\/Q137560182"]}]}},"_links":{"self":[{"href":"https:\/\/aztex.ee\/hu\/wp-json\/wp\/v2\/product\/73700","targetHints":{"allow":["GET"]}}],"collection":[{"href":"https:\/\/aztex.ee\/hu\/wp-json\/wp\/v2\/product"}],"about":[{"href":"https:\/\/aztex.ee\/hu\/wp-json\/wp\/v2\/types\/product"}],"replies":[{"embeddable":true,"href":"https:\/\/aztex.ee\/hu\/wp-json\/wp\/v2\/comments?post=73700"}],"version-history":[{"count":0,"href":"https:\/\/aztex.ee\/hu\/wp-json\/wp\/v2\/product\/73700\/revisions"}],"wp:featuredmedia":[{"embeddable":true,"href":"https:\/\/aztex.ee\/hu\/wp-json\/wp\/v2\/media\/73774"}],"wp:attachment":[{"href":"https:\/\/aztex.ee\/hu\/wp-json\/wp\/v2\/media?parent=73700"}],"wp:term":[{"taxonomy":"product_brand","embeddable":true,"href":"https:\/\/aztex.ee\/hu\/wp-json\/wp\/v2\/product_brand?post=73700"},{"taxonomy":"product_cat","embeddable":true,"href":"https:\/\/aztex.ee\/hu\/wp-json\/wp\/v2\/product_cat?post=73700"},{"taxonomy":"product_tag","embeddable":true,"href":"https:\/\/aztex.ee\/hu\/wp-json\/wp\/v2\/product_tag?post=73700"}],"curies":[{"name":"wp","href":"https:\/\/api.w.org\/{rel}","templated":true}]}}