{"id":73168,"date":"2025-03-26T23:20:05","date_gmt":"2025-03-26T23:20:05","guid":{"rendered":"https:\/\/aztex.ee\/?post_type=product&#038;p=73168"},"modified":"2026-04-08T10:48:37","modified_gmt":"2026-04-08T10:48:37","slug":"pamut-torolkozo-35x75-cm","status":"publish","type":"product","link":"https:\/\/aztex.ee\/hu\/pood\/torolkozok-es-furdolepedok\/pamut-torolkozo-35x75-cm\/","title":{"rendered":"Pamut t\u00f6r\u00f6lk\u00f6z\u0151 35&#215;75 cm"},"content":{"rendered":"<p><strong>Pamut t\u00f6r\u00f6lk\u00f6z\u0151 \u2013 puhas\u00e1g \u00e9s tart\u00f3s min\u0151s\u00e9g<\/strong><\/p>\n<p>A pamut az egyik legn\u00e9pszer\u0171bb anyag a t\u00f6r\u00f6lk\u00f6z\u0151k k\u00e9sz\u00edt\u00e9s\u00e9hez, mivel term\u00e9szetesen puha, l\u00e9g\u00e1tereszt\u0151 \u00e9s b\u0151rbar\u00e1t. Ez a t\u00f6r\u00f6lk\u00f6z\u0151 kiv\u00e1l\u00f3 min\u0151s\u00e9g\u0171 pamutb\u00f3l k\u00e9sz\u00fclt, amely kellemesen gyeng\u00e9d a b\u0151r\u00f6n, \u00e9s \u00e9rz\u00e9keny b\u0151rre is alkalmas. A term\u00e9szetes sz\u00e1l lehet\u0151v\u00e9 teszi a leveg\u0151 \u00e1tjut\u00e1s\u00e1t, seg\u00edtve a t\u00f6r\u00fclk\u00f6z\u0151 gyors sz\u00e1rad\u00e1s\u00e1t \u00e9s maxim\u00e1lis k\u00e9nyelmet biztos\u00edt a mindennapi haszn\u00e1lat sor\u00e1n.<\/p>\n<p><strong>Kiv\u00e1l\u00f3 nedvsz\u00edv\u00f3 k\u00e9pess\u00e9g \u00e9s gyors sz\u00e1rad\u00e1s<\/strong><\/p>\n<p>A pamut t\u00f6r\u00f6lk\u00f6z\u0151 gyorsan \u00e9s hat\u00e9konyan sz\u00edvja fel a nedvess\u00e9get, \u00edgy a sz\u00e1r\u00edt\u00e1s k\u00fcl\u00f6n\u00f6sen k\u00e9nyelmes \u00e9s kellemes. Ennek k\u00f6sz\u00f6nhet\u0151en t\u00f6k\u00e9letes a f\u00fcrd\u0151szob\u00e1ba, szaun\u00e1ba \u00e9s strandra. Ezenk\u00edv\u00fcl a pamut t\u00f6r\u00f6lk\u00f6z\u0151 gyorsan sz\u00e1rad, ami seg\u00edt megel\u0151zni a kellemetlen szagokat \u00e9s hossz\u00fa ideig frissen tartja.<\/p>\n<p><strong>Tart\u00f3s \u00e9s kiv\u00e1l\u00f3 min\u0151s\u00e9g\u0171<\/strong><\/p>\n<p>A gondosan megv\u00e1lasztott anyag \u00e9s az er\u0151s varratok gondoskodnak arr\u00f3l, hogy a t\u00f6r\u00f6lk\u00f6z\u0151 ellen\u00e1lljon a gyakori mos\u00e1snak, hossz\u00fa ideig meg\u0151rizve puhas\u00e1g\u00e1t \u00e9s j\u00f3 nedvsz\u00edv\u00f3 k\u00e9pess\u00e9g\u00e9t. A kiv\u00e1l\u00f3 min\u0151s\u00e9g\u0171 sz\u00f6v\u00e9si technik\u00e1nak k\u00f6sz\u00f6nhet\u0151en a t\u00f6r\u00f6lk\u00f6z\u0151 nem t\u00f6m\u0151dik be gyorsan \u00e9s nem vesz\u00edti el eredeti form\u00e1j\u00e1t. Ez azt jelenti, hogy mindig puha \u00e9s megb\u00edzhat\u00f3 t\u00e1rs marad \u00e9veken \u00e1t.<\/p>\n<p><strong>St\u00edlusos \u00e9s sokoldal\u00fa<\/strong><\/p>\n<p>A pamut t\u00f6r\u00f6lk\u00f6z\u0151 sz\u00e1mos gy\u00f6ny\u00f6r\u0171 sz\u00ednben kaphat\u00f3, hogy b\u00e1rmely f\u00fcrd\u0151szob\u00e1t kieg\u00e9sz\u00edtse. A klasszikus \u00e9s id\u0151t\u00e1ll\u00f3 kialak\u00edt\u00e1snak k\u00f6sz\u00f6nhet\u0151en k\u00f6nnyen kombin\u00e1lhat\u00f3 m\u00e1s f\u00fcrd\u0151szobai text\u00edli\u00e1kkal.<\/p>\n<p><strong>K\u00f6nny\u0171 \u00e1pol\u00e1s \u00e9s hosszan tart\u00f3 frissess\u00e9g<\/strong><\/p>\n<p>A pamut t\u00f6r\u00f6lk\u00f6z\u0151 k\u00f6nnyen kezelhet\u0151, mos\u00f3g\u00e9pben moshat\u00f3, t\u00f6bb mos\u00e1s ut\u00e1n is meg\u0151rzi sz\u00edn\u00e9t \u00e9s puhas\u00e1g\u00e1t. A legjobb eredm\u00e9ny el\u00e9r\u00e9se \u00e9rdek\u00e9ben aj\u00e1nlatos alacsonyabb h\u0151m\u00e9rs\u00e9kleten mosni a t\u00f6r\u00f6lk\u00f6z\u0151t, \u00e9s ker\u00fclni kell az \u00f6bl\u00edt\u0151szer t\u00falzott haszn\u00e1lat\u00e1t, ami befoly\u00e1solhatja a nedvsz\u00edv\u00f3 k\u00e9pess\u00e9get. Megfelel\u0151 \u00e1pol\u00e1s mellett a t\u00f6r\u00f6lk\u00f6z\u0151 sok\u00e1ig puha, nedvsz\u00edv\u00f3 \u00e9s kellemesen friss marad.<\/p>\n<p>A pamut t\u00f6r\u00f6lk\u00f6z\u0151 term\u00e9szetes puhas\u00e1got, kiv\u00e1l\u00f3 nedvsz\u00edv\u00f3 k\u00e9pess\u00e9get \u00e9s tart\u00f3ss\u00e1got k\u00edn\u00e1l, \u00edgy megb\u00edzhat\u00f3 \u00e9s tart\u00f3s v\u00e1laszt\u00e1s a mindennapi haszn\u00e1latra.<\/p>\n","protected":false},"excerpt":{"rendered":"<ul>\n<li>Anyaga: 100% pamut<\/li>\n<li>M\u00e9rete: 35\u00d775 cm \u00b13<\/li>\n<li>S\u00faly: 450g\/m2<\/li>\n<\/ul>\n","protected":false},"featured_media":73268,"comment_status":"open","ping_status":"closed","template":"","meta":[],"product_brand":[],"product_cat":[777,1732,482],"product_tag":[],"class_list":{"0":"post-73168","1":"product","2":"type-product","3":"status-publish","4":"has-post-thumbnail","6":"product_cat-torolkozo-35x75-cm","7":"product_cat-torolkozok","8":"product_cat-torolkozok-es-furdolepedok","10":"first","11":"instock","12":"shipping-taxable","13":"purchasable","14":"product-type-variable"},"yoast_head":"<!-- This site is optimized with the Yoast SEO plugin v27.3 - https:\/\/yoast.com\/product\/yoast-seo-wordpress\/ -->\n<title>Pamut t\u00f6r\u00f6lk\u00f6z\u0151 35x75 cm 100% Organikus Pamut | AZTEX<\/title>\n<meta name=\"description\" content=\"A puha \u00e9s nagy nedvsz\u00edv\u00f3 k\u00e9pess\u00e9g\u0171 pamutt\u00f6rl\u0151 t\u00f6k\u00e9letes v\u00e1laszt\u00e1s a mindennapi haszn\u00e1latra, kiv\u00e9teles min\u0151s\u00e9get, hosszan tart\u00f3 k\u00e9nyelmet \u00e9s ...\" \/>\n<meta name=\"robots\" content=\"index, follow, max-snippet:-1, max-image-preview:large, max-video-preview:-1\" \/>\n<link rel=\"canonical\" href=\"https:\/\/aztex.ee\/hu\/pood\/torolkozok-es-furdolepedok\/pamut-torolkozo-35x75-cm\/\" \/>\n<meta property=\"og:locale\" content=\"hu_HU\" \/>\n<meta property=\"og:type\" content=\"article\" \/>\n<meta property=\"og:title\" content=\"Pamut t\u00f6r\u00f6lk\u00f6z\u0151 35x75 cm 100% Organikus Pamut | AZTEX\" \/>\n<meta property=\"og:description\" content=\"A puha \u00e9s nagy nedvsz\u00edv\u00f3 k\u00e9pess\u00e9g\u0171 pamutt\u00f6rl\u0151 t\u00f6k\u00e9letes v\u00e1laszt\u00e1s a mindennapi haszn\u00e1latra, kiv\u00e9teles min\u0151s\u00e9get, hosszan tart\u00f3 k\u00e9nyelmet \u00e9s ...\" \/>\n<meta property=\"og:url\" content=\"https:\/\/aztex.ee\/hu\/pood\/torolkozok-es-furdolepedok\/pamut-torolkozo-35x75-cm\/\" \/>\n<meta property=\"og:site_name\" content=\"AZTEX\" \/>\n<meta property=\"article:publisher\" content=\"https:\/\/www.facebook.com\/AztexEE\" \/>\n<meta property=\"article:modified_time\" content=\"2026-04-08T10:48:37+00:00\" \/>\n<meta property=\"og:image\" content=\"https:\/\/aztex.ee\/wp-content\/uploads\/2025\/03\/Puuvillane-ratik-35x75-cm.jpg\" \/>\n\t<meta property=\"og:image:width\" content=\"800\" \/>\n\t<meta property=\"og:image:height\" content=\"800\" \/>\n\t<meta property=\"og:image:type\" content=\"image\/jpeg\" \/>\n<meta name=\"twitter:card\" content=\"summary_large_image\" \/>\n<meta name=\"twitter:label1\" content=\"Becs\u00fclt olvas\u00e1si id\u0151\" \/>\n\t<meta name=\"twitter:data1\" content=\"2 perc\" \/>\n<script type=\"application\/ld+json\" class=\"yoast-schema-graph\">{\"@context\":\"https:\\\/\\\/schema.org\",\"@graph\":[{\"@type\":[\"WebPage\",\"ItemPage\"],\"@id\":\"https:\\\/\\\/aztex.ee\\\/hu\\\/pood\\\/torolkozok-es-furdolepedok\\\/pamut-torolkozo-35x75-cm\\\/\",\"url\":\"https:\\\/\\\/aztex.ee\\\/hu\\\/pood\\\/torolkozok-es-furdolepedok\\\/pamut-torolkozo-35x75-cm\\\/\",\"name\":\"Pamut t\u00f6r\u00f6lk\u00f6z\u0151 35x75 cm 100% Organikus Pamut | AZTEX\",\"isPartOf\":{\"@id\":\"https:\\\/\\\/aztex.ee\\\/hu\\\/#website\"},\"primaryImageOfPage\":{\"@id\":\"https:\\\/\\\/aztex.ee\\\/hu\\\/pood\\\/torolkozok-es-furdolepedok\\\/pamut-torolkozo-35x75-cm\\\/#primaryimage\"},\"image\":{\"@id\":\"https:\\\/\\\/aztex.ee\\\/hu\\\/pood\\\/torolkozok-es-furdolepedok\\\/pamut-torolkozo-35x75-cm\\\/#primaryimage\"},\"thumbnailUrl\":\"https:\\\/\\\/aztex.ee\\\/wp-content\\\/uploads\\\/2025\\\/03\\\/Puuvillane-ratik-35x75-cm.jpg\",\"datePublished\":\"2025-03-26T23:20:05+00:00\",\"dateModified\":\"2026-04-08T10:48:37+00:00\",\"description\":\"A puha \u00e9s nagy nedvsz\u00edv\u00f3 k\u00e9pess\u00e9g\u0171 pamutt\u00f6rl\u0151 t\u00f6k\u00e9letes v\u00e1laszt\u00e1s a mindennapi haszn\u00e1latra, kiv\u00e9teles min\u0151s\u00e9get, hosszan tart\u00f3 k\u00e9nyelmet \u00e9s ...\",\"breadcrumb\":{\"@id\":\"https:\\\/\\\/aztex.ee\\\/hu\\\/pood\\\/torolkozok-es-furdolepedok\\\/pamut-torolkozo-35x75-cm\\\/#breadcrumb\"},\"inLanguage\":\"hu\",\"potentialAction\":[{\"@type\":\"ReadAction\",\"target\":[\"https:\\\/\\\/aztex.ee\\\/hu\\\/pood\\\/torolkozok-es-furdolepedok\\\/pamut-torolkozo-35x75-cm\\\/\"]}]},{\"@type\":\"ImageObject\",\"inLanguage\":\"hu\",\"@id\":\"https:\\\/\\\/aztex.ee\\\/hu\\\/pood\\\/torolkozok-es-furdolepedok\\\/pamut-torolkozo-35x75-cm\\\/#primaryimage\",\"url\":\"https:\\\/\\\/aztex.ee\\\/wp-content\\\/uploads\\\/2025\\\/03\\\/Puuvillane-ratik-35x75-cm.jpg\",\"contentUrl\":\"https:\\\/\\\/aztex.ee\\\/wp-content\\\/uploads\\\/2025\\\/03\\\/Puuvillane-ratik-35x75-cm.jpg\",\"width\":800,\"height\":800,\"caption\":\"Puuvillane r\u00e4tik 35x75 cm\"},{\"@type\":\"BreadcrumbList\",\"@id\":\"https:\\\/\\\/aztex.ee\\\/hu\\\/pood\\\/torolkozok-es-furdolepedok\\\/pamut-torolkozo-35x75-cm\\\/#breadcrumb\",\"itemListElement\":[{\"@type\":\"ListItem\",\"position\":1,\"name\":\"F\u0151oldal\",\"item\":\"https:\\\/\\\/aztex.ee\\\/hu\\\/\"},{\"@type\":\"ListItem\",\"position\":2,\"name\":\"Web\u00e1ruh\u00e1z\",\"item\":\"https:\\\/\\\/aztex.ee\\\/hu\\\/webaruhaz\\\/\"},{\"@type\":\"ListItem\",\"position\":3,\"name\":\"Pamut t\u00f6r\u00f6lk\u00f6z\u0151 35&#215;75 cm\"}]},{\"@type\":\"WebSite\",\"@id\":\"https:\\\/\\\/aztex.ee\\\/hu\\\/#website\",\"url\":\"https:\\\/\\\/aztex.ee\\\/hu\\\/\",\"name\":\"AZTEX\",\"description\":\"\",\"publisher\":{\"@id\":\"https:\\\/\\\/aztex.ee\\\/hu\\\/#organization\"},\"potentialAction\":[{\"@type\":\"SearchAction\",\"target\":{\"@type\":\"EntryPoint\",\"urlTemplate\":\"https:\\\/\\\/aztex.ee\\\/hu\\\/?s={search_term_string}\"},\"query-input\":{\"@type\":\"PropertyValueSpecification\",\"valueRequired\":true,\"valueName\":\"search_term_string\"}}],\"inLanguage\":\"hu\"},{\"@type\":\"Organization\",\"@id\":\"https:\\\/\\\/aztex.ee\\\/hu\\\/#organization\",\"name\":\"AZTEX\",\"url\":\"https:\\\/\\\/aztex.ee\\\/hu\\\/\",\"logo\":{\"@type\":\"ImageObject\",\"inLanguage\":\"hu\",\"@id\":\"https:\\\/\\\/aztex.ee\\\/hu\\\/#\\\/schema\\\/logo\\\/image\\\/\",\"url\":\"https:\\\/\\\/aztex.ee\\\/wp-content\\\/uploads\\\/2026\\\/01\\\/AZTEX.png\",\"contentUrl\":\"https:\\\/\\\/aztex.ee\\\/wp-content\\\/uploads\\\/2026\\\/01\\\/AZTEX.png\",\"width\":500,\"height\":500,\"caption\":\"AZTEX\"},\"image\":{\"@id\":\"https:\\\/\\\/aztex.ee\\\/hu\\\/#\\\/schema\\\/logo\\\/image\\\/\"},\"sameAs\":[\"https:\\\/\\\/www.facebook.com\\\/AztexEE\",\"https:\\\/\\\/www.instagram.com\\\/aztexeesti\\\/\",\"https:\\\/\\\/www.youtube.com\\\/@AZTEXEE\",\"https:\\\/\\\/www.pinterest.com\\\/aztex_eesti\\\/\",\"https:\\\/\\\/www.tiktok.com\\\/@aztexeesti\",\"https:\\\/\\\/www.trustpilot.com\\\/review\\\/aztex.ee\",\"https:\\\/\\\/www.linkedin.com\\\/company\\\/aztex-ee\\\/\",\"https:\\\/\\\/www.wikidata.org\\\/wiki\\\/Q137560182\"]}]}<\/script>\n<!-- \/ Yoast SEO plugin. -->","yoast_head_json":{"title":"Pamut t\u00f6r\u00f6lk\u00f6z\u0151 35x75 cm 100% Organikus Pamut | AZTEX","description":"A puha \u00e9s nagy nedvsz\u00edv\u00f3 k\u00e9pess\u00e9g\u0171 pamutt\u00f6rl\u0151 t\u00f6k\u00e9letes v\u00e1laszt\u00e1s a mindennapi haszn\u00e1latra, kiv\u00e9teles min\u0151s\u00e9get, hosszan tart\u00f3 k\u00e9nyelmet \u00e9s ...","robots":{"index":"index","follow":"follow","max-snippet":"max-snippet:-1","max-image-preview":"max-image-preview:large","max-video-preview":"max-video-preview:-1"},"canonical":"https:\/\/aztex.ee\/hu\/pood\/torolkozok-es-furdolepedok\/pamut-torolkozo-35x75-cm\/","og_locale":"hu_HU","og_type":"article","og_title":"Pamut t\u00f6r\u00f6lk\u00f6z\u0151 35x75 cm 100% Organikus Pamut | AZTEX","og_description":"A puha \u00e9s nagy nedvsz\u00edv\u00f3 k\u00e9pess\u00e9g\u0171 pamutt\u00f6rl\u0151 t\u00f6k\u00e9letes v\u00e1laszt\u00e1s a mindennapi haszn\u00e1latra, kiv\u00e9teles min\u0151s\u00e9get, hosszan tart\u00f3 k\u00e9nyelmet \u00e9s ...","og_url":"https:\/\/aztex.ee\/hu\/pood\/torolkozok-es-furdolepedok\/pamut-torolkozo-35x75-cm\/","og_site_name":"AZTEX","article_publisher":"https:\/\/www.facebook.com\/AztexEE","article_modified_time":"2026-04-08T10:48:37+00:00","og_image":[{"width":800,"height":800,"url":"https:\/\/aztex.ee\/wp-content\/uploads\/2025\/03\/Puuvillane-ratik-35x75-cm.jpg","type":"image\/jpeg"}],"twitter_card":"summary_large_image","twitter_misc":{"Becs\u00fclt olvas\u00e1si id\u0151":"2 perc"},"schema":{"@context":"https:\/\/schema.org","@graph":[{"@type":["WebPage","ItemPage"],"@id":"https:\/\/aztex.ee\/hu\/pood\/torolkozok-es-furdolepedok\/pamut-torolkozo-35x75-cm\/","url":"https:\/\/aztex.ee\/hu\/pood\/torolkozok-es-furdolepedok\/pamut-torolkozo-35x75-cm\/","name":"Pamut t\u00f6r\u00f6lk\u00f6z\u0151 35x75 cm 100% Organikus Pamut | AZTEX","isPartOf":{"@id":"https:\/\/aztex.ee\/hu\/#website"},"primaryImageOfPage":{"@id":"https:\/\/aztex.ee\/hu\/pood\/torolkozok-es-furdolepedok\/pamut-torolkozo-35x75-cm\/#primaryimage"},"image":{"@id":"https:\/\/aztex.ee\/hu\/pood\/torolkozok-es-furdolepedok\/pamut-torolkozo-35x75-cm\/#primaryimage"},"thumbnailUrl":"https:\/\/aztex.ee\/wp-content\/uploads\/2025\/03\/Puuvillane-ratik-35x75-cm.jpg","datePublished":"2025-03-26T23:20:05+00:00","dateModified":"2026-04-08T10:48:37+00:00","description":"A puha \u00e9s nagy nedvsz\u00edv\u00f3 k\u00e9pess\u00e9g\u0171 pamutt\u00f6rl\u0151 t\u00f6k\u00e9letes v\u00e1laszt\u00e1s a mindennapi haszn\u00e1latra, kiv\u00e9teles min\u0151s\u00e9get, hosszan tart\u00f3 k\u00e9nyelmet \u00e9s ...","breadcrumb":{"@id":"https:\/\/aztex.ee\/hu\/pood\/torolkozok-es-furdolepedok\/pamut-torolkozo-35x75-cm\/#breadcrumb"},"inLanguage":"hu","potentialAction":[{"@type":"ReadAction","target":["https:\/\/aztex.ee\/hu\/pood\/torolkozok-es-furdolepedok\/pamut-torolkozo-35x75-cm\/"]}]},{"@type":"ImageObject","inLanguage":"hu","@id":"https:\/\/aztex.ee\/hu\/pood\/torolkozok-es-furdolepedok\/pamut-torolkozo-35x75-cm\/#primaryimage","url":"https:\/\/aztex.ee\/wp-content\/uploads\/2025\/03\/Puuvillane-ratik-35x75-cm.jpg","contentUrl":"https:\/\/aztex.ee\/wp-content\/uploads\/2025\/03\/Puuvillane-ratik-35x75-cm.jpg","width":800,"height":800,"caption":"Puuvillane r\u00e4tik 35x75 cm"},{"@type":"BreadcrumbList","@id":"https:\/\/aztex.ee\/hu\/pood\/torolkozok-es-furdolepedok\/pamut-torolkozo-35x75-cm\/#breadcrumb","itemListElement":[{"@type":"ListItem","position":1,"name":"F\u0151oldal","item":"https:\/\/aztex.ee\/hu\/"},{"@type":"ListItem","position":2,"name":"Web\u00e1ruh\u00e1z","item":"https:\/\/aztex.ee\/hu\/webaruhaz\/"},{"@type":"ListItem","position":3,"name":"Pamut t\u00f6r\u00f6lk\u00f6z\u0151 35&#215;75 cm"}]},{"@type":"WebSite","@id":"https:\/\/aztex.ee\/hu\/#website","url":"https:\/\/aztex.ee\/hu\/","name":"AZTEX","description":"","publisher":{"@id":"https:\/\/aztex.ee\/hu\/#organization"},"potentialAction":[{"@type":"SearchAction","target":{"@type":"EntryPoint","urlTemplate":"https:\/\/aztex.ee\/hu\/?s={search_term_string}"},"query-input":{"@type":"PropertyValueSpecification","valueRequired":true,"valueName":"search_term_string"}}],"inLanguage":"hu"},{"@type":"Organization","@id":"https:\/\/aztex.ee\/hu\/#organization","name":"AZTEX","url":"https:\/\/aztex.ee\/hu\/","logo":{"@type":"ImageObject","inLanguage":"hu","@id":"https:\/\/aztex.ee\/hu\/#\/schema\/logo\/image\/","url":"https:\/\/aztex.ee\/wp-content\/uploads\/2026\/01\/AZTEX.png","contentUrl":"https:\/\/aztex.ee\/wp-content\/uploads\/2026\/01\/AZTEX.png","width":500,"height":500,"caption":"AZTEX"},"image":{"@id":"https:\/\/aztex.ee\/hu\/#\/schema\/logo\/image\/"},"sameAs":["https:\/\/www.facebook.com\/AztexEE","https:\/\/www.instagram.com\/aztexeesti\/","https:\/\/www.youtube.com\/@AZTEXEE","https:\/\/www.pinterest.com\/aztex_eesti\/","https:\/\/www.tiktok.com\/@aztexeesti","https:\/\/www.trustpilot.com\/review\/aztex.ee","https:\/\/www.linkedin.com\/company\/aztex-ee\/","https:\/\/www.wikidata.org\/wiki\/Q137560182"]}]}},"_links":{"self":[{"href":"https:\/\/aztex.ee\/hu\/wp-json\/wp\/v2\/product\/73168","targetHints":{"allow":["GET"]}}],"collection":[{"href":"https:\/\/aztex.ee\/hu\/wp-json\/wp\/v2\/product"}],"about":[{"href":"https:\/\/aztex.ee\/hu\/wp-json\/wp\/v2\/types\/product"}],"replies":[{"embeddable":true,"href":"https:\/\/aztex.ee\/hu\/wp-json\/wp\/v2\/comments?post=73168"}],"version-history":[{"count":0,"href":"https:\/\/aztex.ee\/hu\/wp-json\/wp\/v2\/product\/73168\/revisions"}],"wp:featuredmedia":[{"embeddable":true,"href":"https:\/\/aztex.ee\/hu\/wp-json\/wp\/v2\/media\/73268"}],"wp:attachment":[{"href":"https:\/\/aztex.ee\/hu\/wp-json\/wp\/v2\/media?parent=73168"}],"wp:term":[{"taxonomy":"product_brand","embeddable":true,"href":"https:\/\/aztex.ee\/hu\/wp-json\/wp\/v2\/product_brand?post=73168"},{"taxonomy":"product_cat","embeddable":true,"href":"https:\/\/aztex.ee\/hu\/wp-json\/wp\/v2\/product_cat?post=73168"},{"taxonomy":"product_tag","embeddable":true,"href":"https:\/\/aztex.ee\/hu\/wp-json\/wp\/v2\/product_tag?post=73168"}],"curies":[{"name":"wp","href":"https:\/\/api.w.org\/{rel}","templated":true}]}}