{"id":71583,"date":"2025-03-25T16:35:27","date_gmt":"2025-03-25T16:35:27","guid":{"rendered":"https:\/\/aztex.ee\/?post_type=product&#038;p=71583"},"modified":"2025-07-25T11:53:05","modified_gmt":"2025-07-25T11:53:05","slug":"raschel-takaro-220x240-cm","status":"publish","type":"product","link":"https:\/\/aztex.ee\/hu\/pood\/takarok-es-pledek\/raschel-takaro-220x240-cm\/","title":{"rendered":"Raschel takar\u00f3 220&#215;240 cm | 3 kg"},"content":{"rendered":"<p><strong>Luxus \u00e9s puha Raschel takar\u00f3 &#8211; minden \u00e9vszakban k\u00e9nyelem<\/strong><\/p>\n<p>A 220&#215;240 cm-es Raschel takar\u00f3 ide\u00e1lis v\u00e1laszt\u00e1s azok sz\u00e1m\u00e1ra, akik \u00e9rt\u00e9kelik a melegs\u00e9get, a puhas\u00e1got \u00e9s a k\u00e9nyelmet. A speci\u00e1lis raschel sz\u00f6v\u00e9si technik\u00e1nak k\u00f6sz\u00f6nhet\u0151en ez a takar\u00f3 kiv\u00e9telesen s\u0171r\u0171 \u00e9s pihe-puha text\u00far\u00e1j\u00fa, ami seg\u00edt megtartani a h\u0151t \u00e9s kellemesen hangulatos \u00e9rz\u00e9st kelt. Remek t\u00e1rs a h\u0171v\u00f6s est\u00e9ken, pihen\u00e9st k\u00edn\u00e1l a h\u00e1l\u00f3szob\u00e1ban \u00e9s a nappali kanap\u00e9j\u00e1n egyar\u00e1nt.<\/p>\n<p><strong>Kiv\u00e1l\u00f3 min\u0151s\u00e9g\u0171 \u00e9s tart\u00f3s anyag<\/strong><\/p>\n<p>A takar\u00f3 puha \u00e9s s\u0171r\u0171 sz\u00e1lb\u00f3l k\u00e9sz\u00fclt, mely kiv\u00e9telesen kellemes tapint\u00e1st \u00e9s kiv\u00e1l\u00f3 h\u0151tart\u00e1st biztos\u00edt. Sima \u00e9s f\u00e9ny\u0171z\u0151 fel\u00fclete eleg\u00e1ns megjelen\u00e9st k\u00f6lcs\u00f6n\u00f6z a bels\u0151 t\u00e9rnek, \u00e9s k\u00fcl\u00f6n\u00f6sen kellemess\u00e9 teszi a takar\u00f3 haszn\u00e1lat\u00e1t. A strapab\u00edr\u00f3 anyag nem gy\u0171r\u0151dik, \u00e9s hosszan tart\u00f3 haszn\u00e1lat mellett is meg\u0151rzi sz\u00e9p megjelen\u00e9s\u00e9t. Ez megb\u00edzhat\u00f3 v\u00e1laszt\u00e1ss\u00e1 teszi, amely \u00e9vekig meleget \u00e9s otthonoss\u00e1got biztos\u00edt an\u00e9lk\u00fcl, hogy a min\u0151s\u00e9g rov\u00e1s\u00e1ra menne.<\/p>\n<p><strong>Sokoldal\u00fa \u00e9s st\u00edlusos v\u00e1laszt\u00e1s b\u00e1rmilyen bels\u0151 t\u00e9rbe<\/strong><\/p>\n<p>A takar\u00f3 220&#215;240 cm-es m\u00e9retei elegend\u0151 helyet biztos\u00edtanak egyed\u00fcl \u00e9s megosztva egyar\u00e1nt. Univerz\u00e1lis m\u00e9ret\u00e9nek k\u00f6sz\u00f6nhet\u0151en ide\u00e1lis v\u00e1laszt\u00e1s az \u00e1gyon alv\u00e1shoz, a kanap\u00e9n olvas\u00e1shoz vagy ak\u00e1r a teraszon val\u00f3 pihen\u00e9shez egy h\u0171v\u00f6s est\u00e9n. A puha \u00e9s meleg anyag kellemes v\u00e9delmet ny\u00fajt a testnek minden helyzetben. R\u00e1ad\u00e1sul nem csak praktikus, hanem st\u00edlusos bels\u0151 elem is, amely b\u00e1rmilyen enteri\u0151rt kieg\u00e9sz\u00edt, \u00e9s luxusosabb, otthonosabb \u00e9rz\u00e9st kelt.<\/p>\n<p><strong>K\u00f6nny\u0171 gondoz\u00e1s \u00e9s hosszan tart\u00f3 sz\u00e9ps\u00e9g<\/strong><\/p>\n<p>A takar\u00f3 sz\u00e9p megjelen\u00e9s\u00e9nek \u00e9s puhas\u00e1g\u00e1nak meg\u0151rz\u00e9se \u00e9rdek\u00e9ben k\u00e9zi mos\u00e1s vagy vegytiszt\u00edt\u00e1s javasolt. Mos\u00e1s ut\u00e1n a takar\u00f3t leveg\u0151n meg kell sz\u00e1r\u00edtani, ker\u00fclve a k\u00f6zvetlen h\u0151t, ami k\u00e1ros\u00edthatja az anyagot. A kiv\u00e1l\u00f3 min\u0151s\u00e9g\u0171 \u00e9s gondosan megmunk\u00e1lt anyagnak k\u00f6sz\u00f6nhet\u0151en a takar\u00f3 t\u00f6bbsz\u00f6ri haszn\u00e1lat ut\u00e1n is meg\u0151rzi puhas\u00e1g\u00e1t \u00e9s reprezentat\u00edv megjelen\u00e9s\u00e9t. Ez azt jelenti, hogy mindig \u00fagy fog kin\u00e9zni, mint az \u00faj, hossz\u00fa ideig k\u00e9nyelmet \u00e9s meleget biztos\u00edtva.<\/p>\n<p><strong>Tal\u00e1lja meg kedvenc st\u00edlus\u00e1t<\/strong><\/p>\n<p>A Raschel takar\u00f3k t\u00f6bbf\u00e9le sz\u00ednben \u00e9s mint\u00e1zatban kaphat\u00f3k, hogy minden \u00edzl\u00e9shez \u00e9s enteri\u0151rh\u00f6z megfeleljenek. A klasszikus egysz\u00edn\u0171 sz\u00ednek nyugodt \u00e9s eleg\u00e1ns megjelen\u00e9st k\u00f6lcs\u00f6n\u00f6znek a helyis\u00e9gnek, m\u00edg a mint\u00e1s opci\u00f3k \u00e9l\u00e9nks\u00e9get \u00e9s egy\u00e9nis\u00e9get adnak.<\/p>\n<p>A Raschel takar\u00f3k a t\u00f6k\u00e9letes v\u00e1laszt\u00e1s, amely \u00f6tv\u00f6zi az eleganci\u00e1t, a k\u00e9nyelmet \u00e9s a tart\u00f3ss\u00e1got. Ezzel a puha \u00e9s meleg anyaggal minden \u00e9vszakban \u00e9lvezheti a meghitts\u00e9get, kellemes \u00e9s luxus hangulatot teremtve otthon\u00e1ban.<\/p>\n","protected":false},"excerpt":{"rendered":"<ul>\n<li>Anyaga: Poli\u00e9szter<\/li>\n<li>M\u00e9rete: 220&#215;240 cm \u00b13<\/li>\n<li>S\u00faly: 3 kg<\/li>\n<\/ul>\n","protected":false},"featured_media":71657,"comment_status":"open","ping_status":"closed","template":"","meta":[],"product_brand":[],"product_cat":[3044,3108,1869],"product_tag":[],"class_list":{"0":"post-71583","1":"product","2":"type-product","3":"status-publish","4":"has-post-thumbnail","6":"product_cat-raschel-agytakarok","7":"product_cat-raschel-agytakarok-220x240-cm","8":"product_cat-takarok-es-pledek","10":"first","11":"instock","12":"shipping-taxable","13":"purchasable","14":"product-type-variable"},"yoast_head":"<!-- This site is optimized with the Yoast SEO plugin v27.4 - https:\/\/yoast.com\/product\/yoast-seo-wordpress\/ -->\n<title>Raschel takar\u00f3 220x240 cm | AZTEX<\/title>\n<meta name=\"description\" content=\"Meleg \u00e9s puha, ez a Raschel takar\u00f3 luxus k\u00e9nyelmet \u00e9s kiv\u00e1l\u00f3 melegs\u00e9get k\u00edn\u00e1l. Tart\u00f3s \u00e9s k\u00f6nnyen kezelhet\u0151 - t\u00f6k\u00e9letes v\u00e1laszt\u00e1s minden \u00e9vszakra!\" \/>\n<meta name=\"robots\" content=\"index, follow, max-snippet:-1, max-image-preview:large, max-video-preview:-1\" \/>\n<link rel=\"canonical\" href=\"https:\/\/aztex.ee\/hu\/pood\/takarok-es-pledek\/raschel-takaro-220x240-cm\/\" \/>\n<meta property=\"og:locale\" content=\"hu_HU\" \/>\n<meta property=\"og:type\" content=\"article\" \/>\n<meta property=\"og:title\" content=\"Raschel takar\u00f3 220x240 cm | AZTEX\" \/>\n<meta property=\"og:description\" content=\"Meleg \u00e9s puha, ez a Raschel takar\u00f3 luxus k\u00e9nyelmet \u00e9s kiv\u00e1l\u00f3 melegs\u00e9get k\u00edn\u00e1l. Tart\u00f3s \u00e9s k\u00f6nnyen kezelhet\u0151 - t\u00f6k\u00e9letes v\u00e1laszt\u00e1s minden \u00e9vszakra!\" \/>\n<meta property=\"og:url\" content=\"https:\/\/aztex.ee\/hu\/pood\/takarok-es-pledek\/raschel-takaro-220x240-cm\/\" \/>\n<meta property=\"og:site_name\" content=\"AZTEX\" \/>\n<meta property=\"article:publisher\" content=\"https:\/\/www.facebook.com\/AztexEE\" \/>\n<meta property=\"article:modified_time\" content=\"2025-07-25T11:53:05+00:00\" \/>\n<meta property=\"og:image\" content=\"https:\/\/aztex.ee\/wp-content\/uploads\/2025\/03\/Raschel-tekk-Black-Feather.jpg\" \/>\n\t<meta property=\"og:image:width\" content=\"800\" \/>\n\t<meta property=\"og:image:height\" content=\"800\" \/>\n\t<meta property=\"og:image:type\" content=\"image\/jpeg\" \/>\n<meta name=\"twitter:card\" content=\"summary_large_image\" \/>\n<meta name=\"twitter:label1\" content=\"Becs\u00fclt olvas\u00e1si id\u0151\" \/>\n\t<meta name=\"twitter:data1\" content=\"3 perc\" \/>\n<script type=\"application\/ld+json\" class=\"yoast-schema-graph\">{\"@context\":\"https:\\\/\\\/schema.org\",\"@graph\":[{\"@type\":[\"WebPage\",\"ItemPage\"],\"@id\":\"https:\\\/\\\/aztex.ee\\\/hu\\\/pood\\\/takarok-es-pledek\\\/raschel-takaro-220x240-cm\\\/\",\"url\":\"https:\\\/\\\/aztex.ee\\\/hu\\\/pood\\\/takarok-es-pledek\\\/raschel-takaro-220x240-cm\\\/\",\"name\":\"Raschel takar\u00f3 220x240 cm | AZTEX\",\"isPartOf\":{\"@id\":\"https:\\\/\\\/aztex.ee\\\/hu\\\/#website\"},\"primaryImageOfPage\":{\"@id\":\"https:\\\/\\\/aztex.ee\\\/hu\\\/pood\\\/takarok-es-pledek\\\/raschel-takaro-220x240-cm\\\/#primaryimage\"},\"image\":{\"@id\":\"https:\\\/\\\/aztex.ee\\\/hu\\\/pood\\\/takarok-es-pledek\\\/raschel-takaro-220x240-cm\\\/#primaryimage\"},\"thumbnailUrl\":\"https:\\\/\\\/aztex.ee\\\/wp-content\\\/uploads\\\/2025\\\/03\\\/Raschel-tekk-Black-Feather.jpg\",\"datePublished\":\"2025-03-25T16:35:27+00:00\",\"dateModified\":\"2025-07-25T11:53:05+00:00\",\"description\":\"Meleg \u00e9s puha, ez a Raschel takar\u00f3 luxus k\u00e9nyelmet \u00e9s kiv\u00e1l\u00f3 melegs\u00e9get k\u00edn\u00e1l. Tart\u00f3s \u00e9s k\u00f6nnyen kezelhet\u0151 - t\u00f6k\u00e9letes v\u00e1laszt\u00e1s minden \u00e9vszakra!\",\"breadcrumb\":{\"@id\":\"https:\\\/\\\/aztex.ee\\\/hu\\\/pood\\\/takarok-es-pledek\\\/raschel-takaro-220x240-cm\\\/#breadcrumb\"},\"inLanguage\":\"hu\",\"potentialAction\":[{\"@type\":\"ReadAction\",\"target\":[\"https:\\\/\\\/aztex.ee\\\/hu\\\/pood\\\/takarok-es-pledek\\\/raschel-takaro-220x240-cm\\\/\"]}]},{\"@type\":\"ImageObject\",\"inLanguage\":\"hu\",\"@id\":\"https:\\\/\\\/aztex.ee\\\/hu\\\/pood\\\/takarok-es-pledek\\\/raschel-takaro-220x240-cm\\\/#primaryimage\",\"url\":\"https:\\\/\\\/aztex.ee\\\/wp-content\\\/uploads\\\/2025\\\/03\\\/Raschel-tekk-Black-Feather.jpg\",\"contentUrl\":\"https:\\\/\\\/aztex.ee\\\/wp-content\\\/uploads\\\/2025\\\/03\\\/Raschel-tekk-Black-Feather.jpg\",\"width\":800,\"height\":800,\"caption\":\"Raschel tekk 220x240 cm\"},{\"@type\":\"BreadcrumbList\",\"@id\":\"https:\\\/\\\/aztex.ee\\\/hu\\\/pood\\\/takarok-es-pledek\\\/raschel-takaro-220x240-cm\\\/#breadcrumb\",\"itemListElement\":[{\"@type\":\"ListItem\",\"position\":1,\"name\":\"F\u0151oldal\",\"item\":\"https:\\\/\\\/aztex.ee\\\/hu\\\/\"},{\"@type\":\"ListItem\",\"position\":2,\"name\":\"Web\u00e1ruh\u00e1z\",\"item\":\"https:\\\/\\\/aztex.ee\\\/hu\\\/webaruhaz\\\/\"},{\"@type\":\"ListItem\",\"position\":3,\"name\":\"Raschel takar\u00f3 220&#215;240 cm | 3 kg\"}]},{\"@type\":\"WebSite\",\"@id\":\"https:\\\/\\\/aztex.ee\\\/hu\\\/#website\",\"url\":\"https:\\\/\\\/aztex.ee\\\/hu\\\/\",\"name\":\"AZTEX\",\"description\":\"\",\"publisher\":{\"@id\":\"https:\\\/\\\/aztex.ee\\\/hu\\\/#organization\"},\"potentialAction\":[{\"@type\":\"SearchAction\",\"target\":{\"@type\":\"EntryPoint\",\"urlTemplate\":\"https:\\\/\\\/aztex.ee\\\/hu\\\/?s={search_term_string}\"},\"query-input\":{\"@type\":\"PropertyValueSpecification\",\"valueRequired\":true,\"valueName\":\"search_term_string\"}}],\"inLanguage\":\"hu\"},{\"@type\":\"Organization\",\"@id\":\"https:\\\/\\\/aztex.ee\\\/hu\\\/#organization\",\"name\":\"AZTEX\",\"url\":\"https:\\\/\\\/aztex.ee\\\/hu\\\/\",\"logo\":{\"@type\":\"ImageObject\",\"inLanguage\":\"hu\",\"@id\":\"https:\\\/\\\/aztex.ee\\\/hu\\\/#\\\/schema\\\/logo\\\/image\\\/\",\"url\":\"https:\\\/\\\/aztex.ee\\\/wp-content\\\/uploads\\\/2026\\\/01\\\/AZTEX.png\",\"contentUrl\":\"https:\\\/\\\/aztex.ee\\\/wp-content\\\/uploads\\\/2026\\\/01\\\/AZTEX.png\",\"width\":500,\"height\":500,\"caption\":\"AZTEX\"},\"image\":{\"@id\":\"https:\\\/\\\/aztex.ee\\\/hu\\\/#\\\/schema\\\/logo\\\/image\\\/\"},\"sameAs\":[\"https:\\\/\\\/www.facebook.com\\\/AztexEE\",\"https:\\\/\\\/www.instagram.com\\\/aztexeesti\\\/\",\"https:\\\/\\\/www.youtube.com\\\/@AZTEXEE\",\"https:\\\/\\\/www.pinterest.com\\\/aztex_eesti\\\/\",\"https:\\\/\\\/www.tiktok.com\\\/@aztexeesti\",\"https:\\\/\\\/www.trustpilot.com\\\/review\\\/aztex.ee\",\"https:\\\/\\\/www.linkedin.com\\\/company\\\/aztex-ee\\\/\",\"https:\\\/\\\/www.wikidata.org\\\/wiki\\\/Q137560182\"]}]}<\/script>\n<!-- \/ Yoast SEO plugin. -->","yoast_head_json":{"title":"Raschel takar\u00f3 220x240 cm | AZTEX","description":"Meleg \u00e9s puha, ez a Raschel takar\u00f3 luxus k\u00e9nyelmet \u00e9s kiv\u00e1l\u00f3 melegs\u00e9get k\u00edn\u00e1l. Tart\u00f3s \u00e9s k\u00f6nnyen kezelhet\u0151 - t\u00f6k\u00e9letes v\u00e1laszt\u00e1s minden \u00e9vszakra!","robots":{"index":"index","follow":"follow","max-snippet":"max-snippet:-1","max-image-preview":"max-image-preview:large","max-video-preview":"max-video-preview:-1"},"canonical":"https:\/\/aztex.ee\/hu\/pood\/takarok-es-pledek\/raschel-takaro-220x240-cm\/","og_locale":"hu_HU","og_type":"article","og_title":"Raschel takar\u00f3 220x240 cm | AZTEX","og_description":"Meleg \u00e9s puha, ez a Raschel takar\u00f3 luxus k\u00e9nyelmet \u00e9s kiv\u00e1l\u00f3 melegs\u00e9get k\u00edn\u00e1l. Tart\u00f3s \u00e9s k\u00f6nnyen kezelhet\u0151 - t\u00f6k\u00e9letes v\u00e1laszt\u00e1s minden \u00e9vszakra!","og_url":"https:\/\/aztex.ee\/hu\/pood\/takarok-es-pledek\/raschel-takaro-220x240-cm\/","og_site_name":"AZTEX","article_publisher":"https:\/\/www.facebook.com\/AztexEE","article_modified_time":"2025-07-25T11:53:05+00:00","og_image":[{"width":800,"height":800,"url":"https:\/\/aztex.ee\/wp-content\/uploads\/2025\/03\/Raschel-tekk-Black-Feather.jpg","type":"image\/jpeg"}],"twitter_card":"summary_large_image","twitter_misc":{"Becs\u00fclt olvas\u00e1si id\u0151":"3 perc"},"schema":{"@context":"https:\/\/schema.org","@graph":[{"@type":["WebPage","ItemPage"],"@id":"https:\/\/aztex.ee\/hu\/pood\/takarok-es-pledek\/raschel-takaro-220x240-cm\/","url":"https:\/\/aztex.ee\/hu\/pood\/takarok-es-pledek\/raschel-takaro-220x240-cm\/","name":"Raschel takar\u00f3 220x240 cm | AZTEX","isPartOf":{"@id":"https:\/\/aztex.ee\/hu\/#website"},"primaryImageOfPage":{"@id":"https:\/\/aztex.ee\/hu\/pood\/takarok-es-pledek\/raschel-takaro-220x240-cm\/#primaryimage"},"image":{"@id":"https:\/\/aztex.ee\/hu\/pood\/takarok-es-pledek\/raschel-takaro-220x240-cm\/#primaryimage"},"thumbnailUrl":"https:\/\/aztex.ee\/wp-content\/uploads\/2025\/03\/Raschel-tekk-Black-Feather.jpg","datePublished":"2025-03-25T16:35:27+00:00","dateModified":"2025-07-25T11:53:05+00:00","description":"Meleg \u00e9s puha, ez a Raschel takar\u00f3 luxus k\u00e9nyelmet \u00e9s kiv\u00e1l\u00f3 melegs\u00e9get k\u00edn\u00e1l. Tart\u00f3s \u00e9s k\u00f6nnyen kezelhet\u0151 - t\u00f6k\u00e9letes v\u00e1laszt\u00e1s minden \u00e9vszakra!","breadcrumb":{"@id":"https:\/\/aztex.ee\/hu\/pood\/takarok-es-pledek\/raschel-takaro-220x240-cm\/#breadcrumb"},"inLanguage":"hu","potentialAction":[{"@type":"ReadAction","target":["https:\/\/aztex.ee\/hu\/pood\/takarok-es-pledek\/raschel-takaro-220x240-cm\/"]}]},{"@type":"ImageObject","inLanguage":"hu","@id":"https:\/\/aztex.ee\/hu\/pood\/takarok-es-pledek\/raschel-takaro-220x240-cm\/#primaryimage","url":"https:\/\/aztex.ee\/wp-content\/uploads\/2025\/03\/Raschel-tekk-Black-Feather.jpg","contentUrl":"https:\/\/aztex.ee\/wp-content\/uploads\/2025\/03\/Raschel-tekk-Black-Feather.jpg","width":800,"height":800,"caption":"Raschel tekk 220x240 cm"},{"@type":"BreadcrumbList","@id":"https:\/\/aztex.ee\/hu\/pood\/takarok-es-pledek\/raschel-takaro-220x240-cm\/#breadcrumb","itemListElement":[{"@type":"ListItem","position":1,"name":"F\u0151oldal","item":"https:\/\/aztex.ee\/hu\/"},{"@type":"ListItem","position":2,"name":"Web\u00e1ruh\u00e1z","item":"https:\/\/aztex.ee\/hu\/webaruhaz\/"},{"@type":"ListItem","position":3,"name":"Raschel takar\u00f3 220&#215;240 cm | 3 kg"}]},{"@type":"WebSite","@id":"https:\/\/aztex.ee\/hu\/#website","url":"https:\/\/aztex.ee\/hu\/","name":"AZTEX","description":"","publisher":{"@id":"https:\/\/aztex.ee\/hu\/#organization"},"potentialAction":[{"@type":"SearchAction","target":{"@type":"EntryPoint","urlTemplate":"https:\/\/aztex.ee\/hu\/?s={search_term_string}"},"query-input":{"@type":"PropertyValueSpecification","valueRequired":true,"valueName":"search_term_string"}}],"inLanguage":"hu"},{"@type":"Organization","@id":"https:\/\/aztex.ee\/hu\/#organization","name":"AZTEX","url":"https:\/\/aztex.ee\/hu\/","logo":{"@type":"ImageObject","inLanguage":"hu","@id":"https:\/\/aztex.ee\/hu\/#\/schema\/logo\/image\/","url":"https:\/\/aztex.ee\/wp-content\/uploads\/2026\/01\/AZTEX.png","contentUrl":"https:\/\/aztex.ee\/wp-content\/uploads\/2026\/01\/AZTEX.png","width":500,"height":500,"caption":"AZTEX"},"image":{"@id":"https:\/\/aztex.ee\/hu\/#\/schema\/logo\/image\/"},"sameAs":["https:\/\/www.facebook.com\/AztexEE","https:\/\/www.instagram.com\/aztexeesti\/","https:\/\/www.youtube.com\/@AZTEXEE","https:\/\/www.pinterest.com\/aztex_eesti\/","https:\/\/www.tiktok.com\/@aztexeesti","https:\/\/www.trustpilot.com\/review\/aztex.ee","https:\/\/www.linkedin.com\/company\/aztex-ee\/","https:\/\/www.wikidata.org\/wiki\/Q137560182"]}]}},"_links":{"self":[{"href":"https:\/\/aztex.ee\/hu\/wp-json\/wp\/v2\/product\/71583","targetHints":{"allow":["GET"]}}],"collection":[{"href":"https:\/\/aztex.ee\/hu\/wp-json\/wp\/v2\/product"}],"about":[{"href":"https:\/\/aztex.ee\/hu\/wp-json\/wp\/v2\/types\/product"}],"replies":[{"embeddable":true,"href":"https:\/\/aztex.ee\/hu\/wp-json\/wp\/v2\/comments?post=71583"}],"version-history":[{"count":0,"href":"https:\/\/aztex.ee\/hu\/wp-json\/wp\/v2\/product\/71583\/revisions"}],"wp:featuredmedia":[{"embeddable":true,"href":"https:\/\/aztex.ee\/hu\/wp-json\/wp\/v2\/media\/71657"}],"wp:attachment":[{"href":"https:\/\/aztex.ee\/hu\/wp-json\/wp\/v2\/media?parent=71583"}],"wp:term":[{"taxonomy":"product_brand","embeddable":true,"href":"https:\/\/aztex.ee\/hu\/wp-json\/wp\/v2\/product_brand?post=71583"},{"taxonomy":"product_cat","embeddable":true,"href":"https:\/\/aztex.ee\/hu\/wp-json\/wp\/v2\/product_cat?post=71583"},{"taxonomy":"product_tag","embeddable":true,"href":"https:\/\/aztex.ee\/hu\/wp-json\/wp\/v2\/product_tag?post=71583"}],"curies":[{"name":"wp","href":"https:\/\/api.w.org\/{rel}","templated":true}]}}