{"id":70527,"date":"2025-03-23T07:57:20","date_gmt":"2025-03-23T07:57:20","guid":{"rendered":"https:\/\/aztex.ee\/?post_type=product&#038;p=70527"},"modified":"2026-03-20T16:37:52","modified_gmt":"2026-03-20T16:37:52","slug":"pamut-torolkozo-50x90-cm","status":"publish","type":"product","link":"https:\/\/aztex.ee\/hu\/pood\/torolkozok-es-furdolepedok\/pamut-torolkozo-50x90-cm\/","title":{"rendered":"Pamut t\u00f6r\u00f6lk\u00f6z\u0151 50&#215;90 cm"},"content":{"rendered":"<p><strong>Pamut t\u00f6r\u00f6lk\u00f6z\u0151 \u2013 min\u0151s\u00e9g \u00e9s k\u00e9nyelem a mindennapokban<\/strong><\/p>\n<p>A pamut term\u00e9szetesen puha \u00e9s nagyon nedvsz\u00edv\u00f3 anyag, amely gyors \u00e9s gyeng\u00e9d sz\u00e1rad\u00e1st biztos\u00edt. Szerkezet\u00e9nek k\u00f6sz\u00f6nhet\u0151en hat\u00e9konyan sz\u00edvja fel a nedvess\u00e9get, sz\u00e1razon \u00e9s frissen hagyja a b\u0151rt. A hipoallerg\u00e9n \u00f6sszet\u00e9telnek k\u00f6sz\u00f6nhet\u0151en a pamut t\u00f6r\u00f6lk\u00f6z\u0151 m\u00e9g \u00e9rz\u00e9keny b\u0151r\u0171ek sz\u00e1m\u00e1ra is alkalmas. Term\u00e9szetes text\u00far\u00e1ja kellemes k\u00e9nyelmet biztos\u00edt a mindennapi haszn\u00e1latra, mik\u00f6zben hosszan tart\u00f3 \u00e9s tart\u00f3s, m\u00e9g gyakori mos\u00e1s ut\u00e1n is.<\/p>\n<p><strong>Gondoz\u00e1s \u00e9s tart\u00f3ss\u00e1g<\/strong><\/p>\n<p>A t\u00f6r\u00f6lk\u00f6z\u0151 puhas\u00e1g\u00e1nak \u00e9s nedvsz\u00edv\u00f3 k\u00e9pess\u00e9g\u00e9nek meg\u0151rz\u00e9se \u00e9rdek\u00e9ben aj\u00e1nlott 40-60 fokon mosni, \u00e9s ker\u00fclni az \u00f6bl\u00edt\u0151ket, amelyek cs\u00f6kkenthetik a nedvsz\u00edv\u00f3 k\u00e9pess\u00e9get. A sz\u00e1r\u00edt\u00f3g\u00e9p haszn\u00e1lat\u00e1val a t\u00f6r\u00f6lk\u00f6z\u0151 bolyhosabb lesz, m\u00edg a leveg\u0151s sz\u00e1r\u00edt\u00e1s seg\u00edt meg\u0151rizni a sz\u00e1lak term\u00e9szetes szerkezet\u00e9t. A rendszeres mos\u00e1s biztos\u00edtja, hogy a t\u00f6r\u00f6lk\u00f6z\u0151 tiszta \u00e9s tart\u00f3s marad.<\/p>\n<p><strong>K\u00f6rnyezetbar\u00e1t v\u00e1laszt\u00e1s<\/strong><\/p>\n<p>A pamut k\u00f6rnyezetbar\u00e1t anyag, k\u00fcl\u00f6n\u00f6sen, ha biopamutot v\u00e1lasztasz. Biol\u00f3giailag lebomlik, nem okoz hossz\u00fa t\u00e1v\u00fa term\u00e9szetk\u00e1rosod\u00e1st, \u00e9s seg\u00edt cs\u00f6kkenteni a gyakori cser\u00e9k sz\u00fcks\u00e9gess\u00e9g\u00e9t, \u00edgy er\u0151forr\u00e1sokat takar\u00edt meg \u00e9s cs\u00f6kkenti az \u00f6kol\u00f3giai l\u00e1bnyomot.<\/p>\n<p><strong>Praktikus \u00e9s sokoldal\u00fa<\/strong><\/p>\n<p>A pamut t\u00f6r\u00f6lk\u00f6z\u0151 megb\u00edzhat\u00f3 a mindennapi higi\u00e9ni\u00e1hoz, edz\u00e9s ut\u00e1n vagy utaz\u00e1s k\u00f6zben. A puhas\u00e1g \u00e9s a tart\u00f3ss\u00e1g biztos\u00edtja a hossz\u00fa t\u00e1v\u00fa haszn\u00e1latot, mik\u00f6zben alkalmas k\u00fcl\u00f6nf\u00e9le helyzetekre, ahol fontos a megb\u00edzhat\u00f3 \u00e9s k\u00edm\u00e9letes sz\u00e1r\u00edt\u00e1s.<\/p>\n<p><strong>Az arom\u00e1k \u00e9s a frissess\u00e9g megtart\u00e1sa<\/strong><\/p>\n<p>A pamut text\u00far\u00e1ja lehet\u0151v\u00e9 teszi a leveg\u0151 \u00e1raml\u00e1s\u00e1t, \u00edgy a t\u00f6r\u00f6lk\u00f6z\u0151 frissen \u00e9s sz\u00e1razon marad a napi haszn\u00e1lat sor\u00e1n is. A megfelel\u0151 mos\u00e1s \u00e9s sz\u00e1r\u00edt\u00e1s seg\u00edt megel\u0151zni a kellemetlen szagokat, hossz\u00fa ideig meg\u0151rzi a kellemes frissess\u00e9get. A term\u00e9szetes tulajdons\u00e1gok biztos\u00edtj\u00e1k, hogy a t\u00f6r\u00f6lk\u00f6z\u0151 hossz\u00fa haszn\u00e1lat mellett is tiszta \u00e9s friss maradjon.<\/p>\n<p>A pamut t\u00f6r\u00f6lk\u00f6z\u0151 t\u00f6k\u00e9letes egyens\u00falyt biztos\u00edt a min\u0151s\u00e9g, a k\u00e9nyelem \u00e9s a k\u00f6rnyezetbar\u00e1t k\u00f6z\u00f6tt, mik\u00f6zben tart\u00f3s \u00e9s praktikus a mindennapi tev\u00e9kenys\u00e9gekhez.<\/p>\n","protected":false},"excerpt":{"rendered":"<ul>\n<li>Anyaga: 100% pamut<\/li>\n<li>M\u00e9rete: 50&#215;90 cm \u00b13<\/li>\n<li>S\u00faly: 450g\/m2<\/li>\n<\/ul>\n","protected":false},"featured_media":70656,"comment_status":"open","ping_status":"closed","template":"","meta":[],"product_brand":[],"product_cat":[1687,1732,482],"product_tag":[],"class_list":{"0":"post-70527","1":"product","2":"type-product","3":"status-publish","4":"has-post-thumbnail","6":"product_cat-torolkozo-50x90-cm","7":"product_cat-torolkozok","8":"product_cat-torolkozok-es-furdolepedok","10":"first","11":"instock","12":"shipping-taxable","13":"purchasable","14":"product-type-variable"},"yoast_head":"<!-- This site is optimized with the Yoast SEO plugin v27.4 - https:\/\/yoast.com\/product\/yoast-seo-wordpress\/ -->\n<title>Pamut t\u00f6r\u00f6lk\u00f6z\u0151 50x90 cm | Term\u00e9szetes \u00e9s Puha - AZTEX<\/title>\n<meta name=\"description\" content=\"Puha \u00e9s nedvsz\u00edv\u00f3 pamut t\u00f6r\u00f6lk\u00f6z\u0151 mindennapi haszn\u00e1latra. B\u0151rbar\u00e1t, tart\u00f3s \u00e9s k\u00f6nnyen \u00e1polhat\u00f3 - t\u00f6k\u00e9letes v\u00e1laszt\u00e1s a f\u00fcrd\u0151szob\u00e1ba.\" \/>\n<meta name=\"robots\" content=\"index, follow, max-snippet:-1, max-image-preview:large, max-video-preview:-1\" \/>\n<link rel=\"canonical\" href=\"https:\/\/aztex.ee\/hu\/pood\/torolkozok-es-furdolepedok\/pamut-torolkozo-50x90-cm\/\" \/>\n<meta property=\"og:locale\" content=\"hu_HU\" \/>\n<meta property=\"og:type\" content=\"article\" \/>\n<meta property=\"og:title\" content=\"Pamut t\u00f6r\u00f6lk\u00f6z\u0151 50x90 cm | Term\u00e9szetes \u00e9s Puha - AZTEX\" \/>\n<meta property=\"og:description\" content=\"Puha \u00e9s nedvsz\u00edv\u00f3 pamut t\u00f6r\u00f6lk\u00f6z\u0151 mindennapi haszn\u00e1latra. B\u0151rbar\u00e1t, tart\u00f3s \u00e9s k\u00f6nnyen \u00e1polhat\u00f3 - t\u00f6k\u00e9letes v\u00e1laszt\u00e1s a f\u00fcrd\u0151szob\u00e1ba.\" \/>\n<meta property=\"og:url\" content=\"https:\/\/aztex.ee\/hu\/pood\/torolkozok-es-furdolepedok\/pamut-torolkozo-50x90-cm\/\" \/>\n<meta property=\"og:site_name\" content=\"AZTEX\" \/>\n<meta property=\"article:publisher\" content=\"https:\/\/www.facebook.com\/AztexEE\" \/>\n<meta property=\"article:modified_time\" content=\"2026-03-20T16:37:52+00:00\" \/>\n<meta property=\"og:image\" content=\"https:\/\/aztex.ee\/wp-content\/uploads\/2025\/03\/Puuvillane-ratik-50x90-cm.jpg\" \/>\n\t<meta property=\"og:image:width\" content=\"800\" \/>\n\t<meta property=\"og:image:height\" content=\"800\" \/>\n\t<meta property=\"og:image:type\" content=\"image\/jpeg\" \/>\n<meta name=\"twitter:card\" content=\"summary_large_image\" \/>\n<meta name=\"twitter:label1\" content=\"Becs\u00fclt olvas\u00e1si id\u0151\" \/>\n\t<meta name=\"twitter:data1\" content=\"2 perc\" \/>\n<script type=\"application\/ld+json\" class=\"yoast-schema-graph\">{\"@context\":\"https:\\\/\\\/schema.org\",\"@graph\":[{\"@type\":[\"WebPage\",\"ItemPage\"],\"@id\":\"https:\\\/\\\/aztex.ee\\\/hu\\\/pood\\\/torolkozok-es-furdolepedok\\\/pamut-torolkozo-50x90-cm\\\/\",\"url\":\"https:\\\/\\\/aztex.ee\\\/hu\\\/pood\\\/torolkozok-es-furdolepedok\\\/pamut-torolkozo-50x90-cm\\\/\",\"name\":\"Pamut t\u00f6r\u00f6lk\u00f6z\u0151 50x90 cm | Term\u00e9szetes \u00e9s Puha - AZTEX\",\"isPartOf\":{\"@id\":\"https:\\\/\\\/aztex.ee\\\/hu\\\/#website\"},\"primaryImageOfPage\":{\"@id\":\"https:\\\/\\\/aztex.ee\\\/hu\\\/pood\\\/torolkozok-es-furdolepedok\\\/pamut-torolkozo-50x90-cm\\\/#primaryimage\"},\"image\":{\"@id\":\"https:\\\/\\\/aztex.ee\\\/hu\\\/pood\\\/torolkozok-es-furdolepedok\\\/pamut-torolkozo-50x90-cm\\\/#primaryimage\"},\"thumbnailUrl\":\"https:\\\/\\\/aztex.ee\\\/wp-content\\\/uploads\\\/2025\\\/03\\\/Puuvillane-ratik-50x90-cm.jpg\",\"datePublished\":\"2025-03-23T07:57:20+00:00\",\"dateModified\":\"2026-03-20T16:37:52+00:00\",\"description\":\"Puha \u00e9s nedvsz\u00edv\u00f3 pamut t\u00f6r\u00f6lk\u00f6z\u0151 mindennapi haszn\u00e1latra. B\u0151rbar\u00e1t, tart\u00f3s \u00e9s k\u00f6nnyen \u00e1polhat\u00f3 - t\u00f6k\u00e9letes v\u00e1laszt\u00e1s a f\u00fcrd\u0151szob\u00e1ba.\",\"breadcrumb\":{\"@id\":\"https:\\\/\\\/aztex.ee\\\/hu\\\/pood\\\/torolkozok-es-furdolepedok\\\/pamut-torolkozo-50x90-cm\\\/#breadcrumb\"},\"inLanguage\":\"hu\",\"potentialAction\":[{\"@type\":\"ReadAction\",\"target\":[\"https:\\\/\\\/aztex.ee\\\/hu\\\/pood\\\/torolkozok-es-furdolepedok\\\/pamut-torolkozo-50x90-cm\\\/\"]}]},{\"@type\":\"ImageObject\",\"inLanguage\":\"hu\",\"@id\":\"https:\\\/\\\/aztex.ee\\\/hu\\\/pood\\\/torolkozok-es-furdolepedok\\\/pamut-torolkozo-50x90-cm\\\/#primaryimage\",\"url\":\"https:\\\/\\\/aztex.ee\\\/wp-content\\\/uploads\\\/2025\\\/03\\\/Puuvillane-ratik-50x90-cm.jpg\",\"contentUrl\":\"https:\\\/\\\/aztex.ee\\\/wp-content\\\/uploads\\\/2025\\\/03\\\/Puuvillane-ratik-50x90-cm.jpg\",\"width\":800,\"height\":800,\"caption\":\"Puuvillane r\u00e4tik 50x90 cm\"},{\"@type\":\"BreadcrumbList\",\"@id\":\"https:\\\/\\\/aztex.ee\\\/hu\\\/pood\\\/torolkozok-es-furdolepedok\\\/pamut-torolkozo-50x90-cm\\\/#breadcrumb\",\"itemListElement\":[{\"@type\":\"ListItem\",\"position\":1,\"name\":\"F\u0151oldal\",\"item\":\"https:\\\/\\\/aztex.ee\\\/hu\\\/\"},{\"@type\":\"ListItem\",\"position\":2,\"name\":\"Web\u00e1ruh\u00e1z\",\"item\":\"https:\\\/\\\/aztex.ee\\\/hu\\\/webaruhaz\\\/\"},{\"@type\":\"ListItem\",\"position\":3,\"name\":\"Pamut t\u00f6r\u00f6lk\u00f6z\u0151 50&#215;90 cm\"}]},{\"@type\":\"WebSite\",\"@id\":\"https:\\\/\\\/aztex.ee\\\/hu\\\/#website\",\"url\":\"https:\\\/\\\/aztex.ee\\\/hu\\\/\",\"name\":\"AZTEX\",\"description\":\"\",\"publisher\":{\"@id\":\"https:\\\/\\\/aztex.ee\\\/hu\\\/#organization\"},\"potentialAction\":[{\"@type\":\"SearchAction\",\"target\":{\"@type\":\"EntryPoint\",\"urlTemplate\":\"https:\\\/\\\/aztex.ee\\\/hu\\\/?s={search_term_string}\"},\"query-input\":{\"@type\":\"PropertyValueSpecification\",\"valueRequired\":true,\"valueName\":\"search_term_string\"}}],\"inLanguage\":\"hu\"},{\"@type\":\"Organization\",\"@id\":\"https:\\\/\\\/aztex.ee\\\/hu\\\/#organization\",\"name\":\"AZTEX\",\"url\":\"https:\\\/\\\/aztex.ee\\\/hu\\\/\",\"logo\":{\"@type\":\"ImageObject\",\"inLanguage\":\"hu\",\"@id\":\"https:\\\/\\\/aztex.ee\\\/hu\\\/#\\\/schema\\\/logo\\\/image\\\/\",\"url\":\"https:\\\/\\\/aztex.ee\\\/wp-content\\\/uploads\\\/2026\\\/01\\\/AZTEX.png\",\"contentUrl\":\"https:\\\/\\\/aztex.ee\\\/wp-content\\\/uploads\\\/2026\\\/01\\\/AZTEX.png\",\"width\":500,\"height\":500,\"caption\":\"AZTEX\"},\"image\":{\"@id\":\"https:\\\/\\\/aztex.ee\\\/hu\\\/#\\\/schema\\\/logo\\\/image\\\/\"},\"sameAs\":[\"https:\\\/\\\/www.facebook.com\\\/AztexEE\",\"https:\\\/\\\/www.instagram.com\\\/aztexeesti\\\/\",\"https:\\\/\\\/www.youtube.com\\\/@AZTEXEE\",\"https:\\\/\\\/www.pinterest.com\\\/aztex_eesti\\\/\",\"https:\\\/\\\/www.tiktok.com\\\/@aztexeesti\",\"https:\\\/\\\/www.trustpilot.com\\\/review\\\/aztex.ee\",\"https:\\\/\\\/www.linkedin.com\\\/company\\\/aztex-ee\\\/\",\"https:\\\/\\\/www.wikidata.org\\\/wiki\\\/Q137560182\"]}]}<\/script>\n<!-- \/ Yoast SEO plugin. -->","yoast_head_json":{"title":"Pamut t\u00f6r\u00f6lk\u00f6z\u0151 50x90 cm | Term\u00e9szetes \u00e9s Puha - AZTEX","description":"Puha \u00e9s nedvsz\u00edv\u00f3 pamut t\u00f6r\u00f6lk\u00f6z\u0151 mindennapi haszn\u00e1latra. B\u0151rbar\u00e1t, tart\u00f3s \u00e9s k\u00f6nnyen \u00e1polhat\u00f3 - t\u00f6k\u00e9letes v\u00e1laszt\u00e1s a f\u00fcrd\u0151szob\u00e1ba.","robots":{"index":"index","follow":"follow","max-snippet":"max-snippet:-1","max-image-preview":"max-image-preview:large","max-video-preview":"max-video-preview:-1"},"canonical":"https:\/\/aztex.ee\/hu\/pood\/torolkozok-es-furdolepedok\/pamut-torolkozo-50x90-cm\/","og_locale":"hu_HU","og_type":"article","og_title":"Pamut t\u00f6r\u00f6lk\u00f6z\u0151 50x90 cm | Term\u00e9szetes \u00e9s Puha - AZTEX","og_description":"Puha \u00e9s nedvsz\u00edv\u00f3 pamut t\u00f6r\u00f6lk\u00f6z\u0151 mindennapi haszn\u00e1latra. B\u0151rbar\u00e1t, tart\u00f3s \u00e9s k\u00f6nnyen \u00e1polhat\u00f3 - t\u00f6k\u00e9letes v\u00e1laszt\u00e1s a f\u00fcrd\u0151szob\u00e1ba.","og_url":"https:\/\/aztex.ee\/hu\/pood\/torolkozok-es-furdolepedok\/pamut-torolkozo-50x90-cm\/","og_site_name":"AZTEX","article_publisher":"https:\/\/www.facebook.com\/AztexEE","article_modified_time":"2026-03-20T16:37:52+00:00","og_image":[{"width":800,"height":800,"url":"https:\/\/aztex.ee\/wp-content\/uploads\/2025\/03\/Puuvillane-ratik-50x90-cm.jpg","type":"image\/jpeg"}],"twitter_card":"summary_large_image","twitter_misc":{"Becs\u00fclt olvas\u00e1si id\u0151":"2 perc"},"schema":{"@context":"https:\/\/schema.org","@graph":[{"@type":["WebPage","ItemPage"],"@id":"https:\/\/aztex.ee\/hu\/pood\/torolkozok-es-furdolepedok\/pamut-torolkozo-50x90-cm\/","url":"https:\/\/aztex.ee\/hu\/pood\/torolkozok-es-furdolepedok\/pamut-torolkozo-50x90-cm\/","name":"Pamut t\u00f6r\u00f6lk\u00f6z\u0151 50x90 cm | Term\u00e9szetes \u00e9s Puha - AZTEX","isPartOf":{"@id":"https:\/\/aztex.ee\/hu\/#website"},"primaryImageOfPage":{"@id":"https:\/\/aztex.ee\/hu\/pood\/torolkozok-es-furdolepedok\/pamut-torolkozo-50x90-cm\/#primaryimage"},"image":{"@id":"https:\/\/aztex.ee\/hu\/pood\/torolkozok-es-furdolepedok\/pamut-torolkozo-50x90-cm\/#primaryimage"},"thumbnailUrl":"https:\/\/aztex.ee\/wp-content\/uploads\/2025\/03\/Puuvillane-ratik-50x90-cm.jpg","datePublished":"2025-03-23T07:57:20+00:00","dateModified":"2026-03-20T16:37:52+00:00","description":"Puha \u00e9s nedvsz\u00edv\u00f3 pamut t\u00f6r\u00f6lk\u00f6z\u0151 mindennapi haszn\u00e1latra. B\u0151rbar\u00e1t, tart\u00f3s \u00e9s k\u00f6nnyen \u00e1polhat\u00f3 - t\u00f6k\u00e9letes v\u00e1laszt\u00e1s a f\u00fcrd\u0151szob\u00e1ba.","breadcrumb":{"@id":"https:\/\/aztex.ee\/hu\/pood\/torolkozok-es-furdolepedok\/pamut-torolkozo-50x90-cm\/#breadcrumb"},"inLanguage":"hu","potentialAction":[{"@type":"ReadAction","target":["https:\/\/aztex.ee\/hu\/pood\/torolkozok-es-furdolepedok\/pamut-torolkozo-50x90-cm\/"]}]},{"@type":"ImageObject","inLanguage":"hu","@id":"https:\/\/aztex.ee\/hu\/pood\/torolkozok-es-furdolepedok\/pamut-torolkozo-50x90-cm\/#primaryimage","url":"https:\/\/aztex.ee\/wp-content\/uploads\/2025\/03\/Puuvillane-ratik-50x90-cm.jpg","contentUrl":"https:\/\/aztex.ee\/wp-content\/uploads\/2025\/03\/Puuvillane-ratik-50x90-cm.jpg","width":800,"height":800,"caption":"Puuvillane r\u00e4tik 50x90 cm"},{"@type":"BreadcrumbList","@id":"https:\/\/aztex.ee\/hu\/pood\/torolkozok-es-furdolepedok\/pamut-torolkozo-50x90-cm\/#breadcrumb","itemListElement":[{"@type":"ListItem","position":1,"name":"F\u0151oldal","item":"https:\/\/aztex.ee\/hu\/"},{"@type":"ListItem","position":2,"name":"Web\u00e1ruh\u00e1z","item":"https:\/\/aztex.ee\/hu\/webaruhaz\/"},{"@type":"ListItem","position":3,"name":"Pamut t\u00f6r\u00f6lk\u00f6z\u0151 50&#215;90 cm"}]},{"@type":"WebSite","@id":"https:\/\/aztex.ee\/hu\/#website","url":"https:\/\/aztex.ee\/hu\/","name":"AZTEX","description":"","publisher":{"@id":"https:\/\/aztex.ee\/hu\/#organization"},"potentialAction":[{"@type":"SearchAction","target":{"@type":"EntryPoint","urlTemplate":"https:\/\/aztex.ee\/hu\/?s={search_term_string}"},"query-input":{"@type":"PropertyValueSpecification","valueRequired":true,"valueName":"search_term_string"}}],"inLanguage":"hu"},{"@type":"Organization","@id":"https:\/\/aztex.ee\/hu\/#organization","name":"AZTEX","url":"https:\/\/aztex.ee\/hu\/","logo":{"@type":"ImageObject","inLanguage":"hu","@id":"https:\/\/aztex.ee\/hu\/#\/schema\/logo\/image\/","url":"https:\/\/aztex.ee\/wp-content\/uploads\/2026\/01\/AZTEX.png","contentUrl":"https:\/\/aztex.ee\/wp-content\/uploads\/2026\/01\/AZTEX.png","width":500,"height":500,"caption":"AZTEX"},"image":{"@id":"https:\/\/aztex.ee\/hu\/#\/schema\/logo\/image\/"},"sameAs":["https:\/\/www.facebook.com\/AztexEE","https:\/\/www.instagram.com\/aztexeesti\/","https:\/\/www.youtube.com\/@AZTEXEE","https:\/\/www.pinterest.com\/aztex_eesti\/","https:\/\/www.tiktok.com\/@aztexeesti","https:\/\/www.trustpilot.com\/review\/aztex.ee","https:\/\/www.linkedin.com\/company\/aztex-ee\/","https:\/\/www.wikidata.org\/wiki\/Q137560182"]}]}},"_links":{"self":[{"href":"https:\/\/aztex.ee\/hu\/wp-json\/wp\/v2\/product\/70527","targetHints":{"allow":["GET"]}}],"collection":[{"href":"https:\/\/aztex.ee\/hu\/wp-json\/wp\/v2\/product"}],"about":[{"href":"https:\/\/aztex.ee\/hu\/wp-json\/wp\/v2\/types\/product"}],"replies":[{"embeddable":true,"href":"https:\/\/aztex.ee\/hu\/wp-json\/wp\/v2\/comments?post=70527"}],"version-history":[{"count":0,"href":"https:\/\/aztex.ee\/hu\/wp-json\/wp\/v2\/product\/70527\/revisions"}],"wp:featuredmedia":[{"embeddable":true,"href":"https:\/\/aztex.ee\/hu\/wp-json\/wp\/v2\/media\/70656"}],"wp:attachment":[{"href":"https:\/\/aztex.ee\/hu\/wp-json\/wp\/v2\/media?parent=70527"}],"wp:term":[{"taxonomy":"product_brand","embeddable":true,"href":"https:\/\/aztex.ee\/hu\/wp-json\/wp\/v2\/product_brand?post=70527"},{"taxonomy":"product_cat","embeddable":true,"href":"https:\/\/aztex.ee\/hu\/wp-json\/wp\/v2\/product_cat?post=70527"},{"taxonomy":"product_tag","embeddable":true,"href":"https:\/\/aztex.ee\/hu\/wp-json\/wp\/v2\/product_tag?post=70527"}],"curies":[{"name":"wp","href":"https:\/\/api.w.org\/{rel}","templated":true}]}}