{"id":69180,"date":"2025-03-20T07:14:30","date_gmt":"2025-03-20T07:14:30","guid":{"rendered":"https:\/\/aztex.ee\/?post_type=product&#038;p=69180"},"modified":"2026-03-27T14:59:31","modified_gmt":"2026-03-27T14:59:31","slug":"parna-takaro-2-az-1-ben","status":"publish","type":"product","link":"https:\/\/aztex.ee\/hu\/pood\/a-gyerekek-vilaga\/parna-takaro-2-az-1-ben\/","title":{"rendered":"P\u00e1rna Takar\u00f3 2 az 1-ben"},"content":{"rendered":"<p><strong>Gyermek p\u00e1rna \u00e9s takar\u00f3 2 az 1-ben \u2013 t\u00f6k\u00e9letes k\u00e9nyelem \u00e9s praktikum minden helyzetben<\/strong><\/p>\n<p><strong>Kompakt \u00e9s helytakar\u00e9kos megold\u00e1s minden k\u00f6rnyezethez<\/strong><\/p>\n<p>A 2 az 1-ben gyermek p\u00e1rna \u00e9s takar\u00f3 ide\u00e1lis megold\u00e1s azoknak a gyerekeknek, akiknek minden helyzetben k\u00e9nyelemre \u00e9s melegre van sz\u00fcks\u00e9g\u00fck. Kompakt \u00e9s k\u00f6nnyen hordozhat\u00f3 kialak\u00edt\u00e1s\u00e1nak k\u00f6sz\u00f6nhet\u0151en kiv\u00e1l\u00f3 v\u00e1laszt\u00e1s otthoni, utaz\u00e1si vagy gyerekszob\u00e1ba. A kiv\u00e9teles helytakar\u00e9kos kialak\u00edt\u00e1s biztos\u00edtja, hogy a term\u00e9k az aut\u00f3ban is t\u00f6k\u00e9letesen illeszkedjen, meleget \u00e9s k\u00e9nyelmet biztos\u00edtva a gyerekeknek b\u00e1rmikor, amikor a legnagyobb sz\u00fcks\u00e9g\u00fck van r\u00e1. Nem sz\u00e1m\u00edt, hogy otthon vagy \u00faton van \u2013 ez a 2 az 1-ben megold\u00e1s k\u00e9nyelmes nyaral\u00e1st biztos\u00edt b\u00e1rhol.<\/p>\n<p><strong>Sokoldal\u00fa \u00e9s praktikus minden helyzetben<\/strong><\/p>\n<p>Ez a sokoldal\u00fa term\u00e9k minden alkalomra alkalmas, bele\u00e9rtve a gyermekek mindennapjait is. Legyen sz\u00f3 otthoni pihen\u00e9sr\u0151l iskola ut\u00e1n vagy utaz\u00e1s k\u00f6zben \u2013 ez a term\u00e9k pontosan azt k\u00edn\u00e1lja, amire gyermek\u00e9nek b\u00e1rmikor sz\u00fcks\u00e9ge van. Kompakt \u00e9s k\u00f6nnyen haszn\u00e1lhat\u00f3, t\u00f6k\u00e9letes kempingez\u00e9shez, nyaral\u00e1shoz \u00e9s ak\u00e1r aut\u00f3s kir\u00e1ndul\u00e1sokhoz is. Ez a term\u00e9k meleget \u00e9s k\u00e9nyelmet biztos\u00edt a gyermekek sz\u00e1m\u00e1ra, ahol sz\u00fcks\u00e9g\u00fck van r\u00e1.<\/p>\n<p><strong>K\u00f6nnyen haszn\u00e1lhat\u00f3 \u00e9s karbantarthat\u00f3<\/strong><\/p>\n<p>A 2 az 1-ben gyermek p\u00e1rna \u00e9s takar\u00f3 a legjobb anyagokb\u00f3l k\u00e9sz\u00fclt, hogy biztos\u00edtsa a hosszan tart\u00f3 tart\u00f3ss\u00e1got. \u00dagy tervezt\u00e9k, hogy ne csak haszn\u00e1lhat\u00f3 legyen, hanem karbantarthat\u00f3 is. Gyerekes csal\u00e1dok sz\u00e1m\u00e1ra, ahol a gyorsas\u00e1g \u00e9s az egyszer\u0171s\u00e9g fontos, ez a term\u00e9k nagy k\u00e9nyelmet \u00e9s praktikuss\u00e1got k\u00edn\u00e1l. K\u00f6nny\u0171 gondoz\u00e1s\u00e1nak k\u00f6sz\u00f6nhet\u0151en k\u00f6nnyen moshat\u00f3, \u00edgy biztos\u00edtva a higi\u00e9ni\u00e1t \u00e9s a frissess\u00e9get a mindennapi haszn\u00e1lat sor\u00e1n.<\/p>\n<p><strong>T\u00f6k\u00e9letes \u00fatit\u00e1rs \u00e9s otthoni kieg\u00e9sz\u00edt\u0151 gyerekeknek<\/strong><\/p>\n<p>Ez a 2 az 1-ben p\u00e1rna \u00e9s takar\u00f3 ide\u00e1lis \u00fatit\u00e1rs, mivel k\u00f6nny\u0171, kompakt \u00e9s praktikus. Mindig vigye mag\u00e1val, hogy kikapcsol\u00f3d\u00e1st \u00e9s melegs\u00e9get biztos\u00edtson a gyermekek sz\u00e1m\u00e1ra. Otthon t\u00f6k\u00e9letesen kieg\u00e9sz\u00edti a gyerekszob\u00e1t, t\u00f6k\u00e9letes k\u00e9nyelmet biztos\u00edtva minden felhaszn\u00e1l\u00f3 sz\u00e1m\u00e1ra. Ak\u00e1r utaz\u00e1s, ak\u00e1r otthon pihen, a 2 az 1-ben p\u00e1rna \u00e9s takar\u00f3 minden pillanatot m\u00e9g \u00e9lvezetesebb\u00e9 tesz, t\u00f6k\u00e9letes t\u00e1rs minden apr\u00f3 kalandhoz.<\/p>\n","protected":false},"excerpt":{"rendered":"<ul>\n<li>Anyaga: Korall gyapj\u00fa<\/li>\n<li>M\u00e9rete: 40&#215;40 cm \u2013 nyitott 105&#215;155 cm<\/li>\n<li>S\u00faly: 1,1 kg<\/li>\n<\/ul>\n","protected":false},"featured_media":69306,"comment_status":"open","ping_status":"closed","template":"","meta":[],"product_brand":[],"product_cat":[2215,2237],"product_tag":[],"class_list":{"0":"post-69180","1":"product","2":"type-product","3":"status-publish","4":"has-post-thumbnail","6":"product_cat-a-gyerekek-vilaga","7":"product_cat-gyerek-takarok","9":"first","10":"instock","11":"shipping-taxable","12":"purchasable","13":"product-type-variable"},"yoast_head":"<!-- This site is optimized with the Yoast SEO plugin v27.3 - https:\/\/yoast.com\/product\/yoast-seo-wordpress\/ -->\n<title>P\u00e1rna Takar\u00f3 2 az 1-ben | AZTEX<\/title>\n<meta name=\"description\" content=\"A 2 az 1-ben gyermek p\u00e1rna \u00e9s takar\u00f3 egy kompakt, kiv\u00e1l\u00f3 min\u0151s\u00e9g\u0171 \u00e9s helytakar\u00e9kos megold\u00e1s, amely ide\u00e1lis otthoni vagy utaz\u00e1s k\u00f6zbeni pihen\u00e9sre.\" \/>\n<meta name=\"robots\" content=\"index, follow, max-snippet:-1, max-image-preview:large, max-video-preview:-1\" \/>\n<link rel=\"canonical\" href=\"https:\/\/aztex.ee\/hu\/pood\/a-gyerekek-vilaga\/parna-takaro-2-az-1-ben\/\" \/>\n<meta property=\"og:locale\" content=\"hu_HU\" \/>\n<meta property=\"og:type\" content=\"article\" \/>\n<meta property=\"og:title\" content=\"P\u00e1rna Takar\u00f3 2 az 1-ben | AZTEX\" \/>\n<meta property=\"og:description\" content=\"A 2 az 1-ben gyermek p\u00e1rna \u00e9s takar\u00f3 egy kompakt, kiv\u00e1l\u00f3 min\u0151s\u00e9g\u0171 \u00e9s helytakar\u00e9kos megold\u00e1s, amely ide\u00e1lis otthoni vagy utaz\u00e1s k\u00f6zbeni pihen\u00e9sre.\" \/>\n<meta property=\"og:url\" content=\"https:\/\/aztex.ee\/hu\/pood\/a-gyerekek-vilaga\/parna-takaro-2-az-1-ben\/\" \/>\n<meta property=\"og:site_name\" content=\"AZTEX\" \/>\n<meta property=\"article:publisher\" content=\"https:\/\/www.facebook.com\/AztexEE\" \/>\n<meta property=\"article:modified_time\" content=\"2026-03-27T14:59:31+00:00\" \/>\n<meta property=\"og:image\" content=\"https:\/\/aztex.ee\/wp-content\/uploads\/2025\/03\/Padi-ja-tekk-2-in-1.jpg\" \/>\n\t<meta property=\"og:image:width\" content=\"800\" \/>\n\t<meta property=\"og:image:height\" content=\"800\" \/>\n\t<meta property=\"og:image:type\" content=\"image\/jpeg\" \/>\n<meta name=\"twitter:card\" content=\"summary_large_image\" \/>\n<meta name=\"twitter:label1\" content=\"Becs\u00fclt olvas\u00e1si id\u0151\" \/>\n\t<meta name=\"twitter:data1\" content=\"2 perc\" \/>\n<script type=\"application\/ld+json\" class=\"yoast-schema-graph\">{\"@context\":\"https:\\\/\\\/schema.org\",\"@graph\":[{\"@type\":[\"WebPage\",\"ItemPage\"],\"@id\":\"https:\\\/\\\/aztex.ee\\\/hu\\\/pood\\\/a-gyerekek-vilaga\\\/parna-takaro-2-az-1-ben\\\/\",\"url\":\"https:\\\/\\\/aztex.ee\\\/hu\\\/pood\\\/a-gyerekek-vilaga\\\/parna-takaro-2-az-1-ben\\\/\",\"name\":\"P\u00e1rna Takar\u00f3 2 az 1-ben | AZTEX\",\"isPartOf\":{\"@id\":\"https:\\\/\\\/aztex.ee\\\/hu\\\/#website\"},\"primaryImageOfPage\":{\"@id\":\"https:\\\/\\\/aztex.ee\\\/hu\\\/pood\\\/a-gyerekek-vilaga\\\/parna-takaro-2-az-1-ben\\\/#primaryimage\"},\"image\":{\"@id\":\"https:\\\/\\\/aztex.ee\\\/hu\\\/pood\\\/a-gyerekek-vilaga\\\/parna-takaro-2-az-1-ben\\\/#primaryimage\"},\"thumbnailUrl\":\"https:\\\/\\\/aztex.ee\\\/wp-content\\\/uploads\\\/2025\\\/03\\\/Padi-ja-tekk-2-in-1.jpg\",\"datePublished\":\"2025-03-20T07:14:30+00:00\",\"dateModified\":\"2026-03-27T14:59:31+00:00\",\"description\":\"A 2 az 1-ben gyermek p\u00e1rna \u00e9s takar\u00f3 egy kompakt, kiv\u00e1l\u00f3 min\u0151s\u00e9g\u0171 \u00e9s helytakar\u00e9kos megold\u00e1s, amely ide\u00e1lis otthoni vagy utaz\u00e1s k\u00f6zbeni pihen\u00e9sre.\",\"breadcrumb\":{\"@id\":\"https:\\\/\\\/aztex.ee\\\/hu\\\/pood\\\/a-gyerekek-vilaga\\\/parna-takaro-2-az-1-ben\\\/#breadcrumb\"},\"inLanguage\":\"hu\",\"potentialAction\":[{\"@type\":\"ReadAction\",\"target\":[\"https:\\\/\\\/aztex.ee\\\/hu\\\/pood\\\/a-gyerekek-vilaga\\\/parna-takaro-2-az-1-ben\\\/\"]}]},{\"@type\":\"ImageObject\",\"inLanguage\":\"hu\",\"@id\":\"https:\\\/\\\/aztex.ee\\\/hu\\\/pood\\\/a-gyerekek-vilaga\\\/parna-takaro-2-az-1-ben\\\/#primaryimage\",\"url\":\"https:\\\/\\\/aztex.ee\\\/wp-content\\\/uploads\\\/2025\\\/03\\\/Padi-ja-tekk-2-in-1.jpg\",\"contentUrl\":\"https:\\\/\\\/aztex.ee\\\/wp-content\\\/uploads\\\/2025\\\/03\\\/Padi-ja-tekk-2-in-1.jpg\",\"width\":800,\"height\":800,\"caption\":\"Padi ja tekk 2 in 1\"},{\"@type\":\"BreadcrumbList\",\"@id\":\"https:\\\/\\\/aztex.ee\\\/hu\\\/pood\\\/a-gyerekek-vilaga\\\/parna-takaro-2-az-1-ben\\\/#breadcrumb\",\"itemListElement\":[{\"@type\":\"ListItem\",\"position\":1,\"name\":\"F\u0151oldal\",\"item\":\"https:\\\/\\\/aztex.ee\\\/hu\\\/\"},{\"@type\":\"ListItem\",\"position\":2,\"name\":\"Web\u00e1ruh\u00e1z\",\"item\":\"https:\\\/\\\/aztex.ee\\\/hu\\\/webaruhaz\\\/\"},{\"@type\":\"ListItem\",\"position\":3,\"name\":\"P\u00e1rna Takar\u00f3 2 az 1-ben\"}]},{\"@type\":\"WebSite\",\"@id\":\"https:\\\/\\\/aztex.ee\\\/hu\\\/#website\",\"url\":\"https:\\\/\\\/aztex.ee\\\/hu\\\/\",\"name\":\"AZTEX\",\"description\":\"\",\"publisher\":{\"@id\":\"https:\\\/\\\/aztex.ee\\\/hu\\\/#organization\"},\"potentialAction\":[{\"@type\":\"SearchAction\",\"target\":{\"@type\":\"EntryPoint\",\"urlTemplate\":\"https:\\\/\\\/aztex.ee\\\/hu\\\/?s={search_term_string}\"},\"query-input\":{\"@type\":\"PropertyValueSpecification\",\"valueRequired\":true,\"valueName\":\"search_term_string\"}}],\"inLanguage\":\"hu\"},{\"@type\":\"Organization\",\"@id\":\"https:\\\/\\\/aztex.ee\\\/hu\\\/#organization\",\"name\":\"AZTEX\",\"url\":\"https:\\\/\\\/aztex.ee\\\/hu\\\/\",\"logo\":{\"@type\":\"ImageObject\",\"inLanguage\":\"hu\",\"@id\":\"https:\\\/\\\/aztex.ee\\\/hu\\\/#\\\/schema\\\/logo\\\/image\\\/\",\"url\":\"https:\\\/\\\/aztex.ee\\\/wp-content\\\/uploads\\\/2026\\\/01\\\/AZTEX.png\",\"contentUrl\":\"https:\\\/\\\/aztex.ee\\\/wp-content\\\/uploads\\\/2026\\\/01\\\/AZTEX.png\",\"width\":500,\"height\":500,\"caption\":\"AZTEX\"},\"image\":{\"@id\":\"https:\\\/\\\/aztex.ee\\\/hu\\\/#\\\/schema\\\/logo\\\/image\\\/\"},\"sameAs\":[\"https:\\\/\\\/www.facebook.com\\\/AztexEE\",\"https:\\\/\\\/www.instagram.com\\\/aztexeesti\\\/\",\"https:\\\/\\\/www.youtube.com\\\/@AZTEXEE\",\"https:\\\/\\\/www.pinterest.com\\\/aztex_eesti\\\/\",\"https:\\\/\\\/www.tiktok.com\\\/@aztexeesti\",\"https:\\\/\\\/www.trustpilot.com\\\/review\\\/aztex.ee\",\"https:\\\/\\\/www.linkedin.com\\\/company\\\/aztex-ee\\\/\",\"https:\\\/\\\/www.wikidata.org\\\/wiki\\\/Q137560182\"]}]}<\/script>\n<!-- \/ Yoast SEO plugin. -->","yoast_head_json":{"title":"P\u00e1rna Takar\u00f3 2 az 1-ben | AZTEX","description":"A 2 az 1-ben gyermek p\u00e1rna \u00e9s takar\u00f3 egy kompakt, kiv\u00e1l\u00f3 min\u0151s\u00e9g\u0171 \u00e9s helytakar\u00e9kos megold\u00e1s, amely ide\u00e1lis otthoni vagy utaz\u00e1s k\u00f6zbeni pihen\u00e9sre.","robots":{"index":"index","follow":"follow","max-snippet":"max-snippet:-1","max-image-preview":"max-image-preview:large","max-video-preview":"max-video-preview:-1"},"canonical":"https:\/\/aztex.ee\/hu\/pood\/a-gyerekek-vilaga\/parna-takaro-2-az-1-ben\/","og_locale":"hu_HU","og_type":"article","og_title":"P\u00e1rna Takar\u00f3 2 az 1-ben | AZTEX","og_description":"A 2 az 1-ben gyermek p\u00e1rna \u00e9s takar\u00f3 egy kompakt, kiv\u00e1l\u00f3 min\u0151s\u00e9g\u0171 \u00e9s helytakar\u00e9kos megold\u00e1s, amely ide\u00e1lis otthoni vagy utaz\u00e1s k\u00f6zbeni pihen\u00e9sre.","og_url":"https:\/\/aztex.ee\/hu\/pood\/a-gyerekek-vilaga\/parna-takaro-2-az-1-ben\/","og_site_name":"AZTEX","article_publisher":"https:\/\/www.facebook.com\/AztexEE","article_modified_time":"2026-03-27T14:59:31+00:00","og_image":[{"width":800,"height":800,"url":"https:\/\/aztex.ee\/wp-content\/uploads\/2025\/03\/Padi-ja-tekk-2-in-1.jpg","type":"image\/jpeg"}],"twitter_card":"summary_large_image","twitter_misc":{"Becs\u00fclt olvas\u00e1si id\u0151":"2 perc"},"schema":{"@context":"https:\/\/schema.org","@graph":[{"@type":["WebPage","ItemPage"],"@id":"https:\/\/aztex.ee\/hu\/pood\/a-gyerekek-vilaga\/parna-takaro-2-az-1-ben\/","url":"https:\/\/aztex.ee\/hu\/pood\/a-gyerekek-vilaga\/parna-takaro-2-az-1-ben\/","name":"P\u00e1rna Takar\u00f3 2 az 1-ben | AZTEX","isPartOf":{"@id":"https:\/\/aztex.ee\/hu\/#website"},"primaryImageOfPage":{"@id":"https:\/\/aztex.ee\/hu\/pood\/a-gyerekek-vilaga\/parna-takaro-2-az-1-ben\/#primaryimage"},"image":{"@id":"https:\/\/aztex.ee\/hu\/pood\/a-gyerekek-vilaga\/parna-takaro-2-az-1-ben\/#primaryimage"},"thumbnailUrl":"https:\/\/aztex.ee\/wp-content\/uploads\/2025\/03\/Padi-ja-tekk-2-in-1.jpg","datePublished":"2025-03-20T07:14:30+00:00","dateModified":"2026-03-27T14:59:31+00:00","description":"A 2 az 1-ben gyermek p\u00e1rna \u00e9s takar\u00f3 egy kompakt, kiv\u00e1l\u00f3 min\u0151s\u00e9g\u0171 \u00e9s helytakar\u00e9kos megold\u00e1s, amely ide\u00e1lis otthoni vagy utaz\u00e1s k\u00f6zbeni pihen\u00e9sre.","breadcrumb":{"@id":"https:\/\/aztex.ee\/hu\/pood\/a-gyerekek-vilaga\/parna-takaro-2-az-1-ben\/#breadcrumb"},"inLanguage":"hu","potentialAction":[{"@type":"ReadAction","target":["https:\/\/aztex.ee\/hu\/pood\/a-gyerekek-vilaga\/parna-takaro-2-az-1-ben\/"]}]},{"@type":"ImageObject","inLanguage":"hu","@id":"https:\/\/aztex.ee\/hu\/pood\/a-gyerekek-vilaga\/parna-takaro-2-az-1-ben\/#primaryimage","url":"https:\/\/aztex.ee\/wp-content\/uploads\/2025\/03\/Padi-ja-tekk-2-in-1.jpg","contentUrl":"https:\/\/aztex.ee\/wp-content\/uploads\/2025\/03\/Padi-ja-tekk-2-in-1.jpg","width":800,"height":800,"caption":"Padi ja tekk 2 in 1"},{"@type":"BreadcrumbList","@id":"https:\/\/aztex.ee\/hu\/pood\/a-gyerekek-vilaga\/parna-takaro-2-az-1-ben\/#breadcrumb","itemListElement":[{"@type":"ListItem","position":1,"name":"F\u0151oldal","item":"https:\/\/aztex.ee\/hu\/"},{"@type":"ListItem","position":2,"name":"Web\u00e1ruh\u00e1z","item":"https:\/\/aztex.ee\/hu\/webaruhaz\/"},{"@type":"ListItem","position":3,"name":"P\u00e1rna Takar\u00f3 2 az 1-ben"}]},{"@type":"WebSite","@id":"https:\/\/aztex.ee\/hu\/#website","url":"https:\/\/aztex.ee\/hu\/","name":"AZTEX","description":"","publisher":{"@id":"https:\/\/aztex.ee\/hu\/#organization"},"potentialAction":[{"@type":"SearchAction","target":{"@type":"EntryPoint","urlTemplate":"https:\/\/aztex.ee\/hu\/?s={search_term_string}"},"query-input":{"@type":"PropertyValueSpecification","valueRequired":true,"valueName":"search_term_string"}}],"inLanguage":"hu"},{"@type":"Organization","@id":"https:\/\/aztex.ee\/hu\/#organization","name":"AZTEX","url":"https:\/\/aztex.ee\/hu\/","logo":{"@type":"ImageObject","inLanguage":"hu","@id":"https:\/\/aztex.ee\/hu\/#\/schema\/logo\/image\/","url":"https:\/\/aztex.ee\/wp-content\/uploads\/2026\/01\/AZTEX.png","contentUrl":"https:\/\/aztex.ee\/wp-content\/uploads\/2026\/01\/AZTEX.png","width":500,"height":500,"caption":"AZTEX"},"image":{"@id":"https:\/\/aztex.ee\/hu\/#\/schema\/logo\/image\/"},"sameAs":["https:\/\/www.facebook.com\/AztexEE","https:\/\/www.instagram.com\/aztexeesti\/","https:\/\/www.youtube.com\/@AZTEXEE","https:\/\/www.pinterest.com\/aztex_eesti\/","https:\/\/www.tiktok.com\/@aztexeesti","https:\/\/www.trustpilot.com\/review\/aztex.ee","https:\/\/www.linkedin.com\/company\/aztex-ee\/","https:\/\/www.wikidata.org\/wiki\/Q137560182"]}]}},"_links":{"self":[{"href":"https:\/\/aztex.ee\/hu\/wp-json\/wp\/v2\/product\/69180","targetHints":{"allow":["GET"]}}],"collection":[{"href":"https:\/\/aztex.ee\/hu\/wp-json\/wp\/v2\/product"}],"about":[{"href":"https:\/\/aztex.ee\/hu\/wp-json\/wp\/v2\/types\/product"}],"replies":[{"embeddable":true,"href":"https:\/\/aztex.ee\/hu\/wp-json\/wp\/v2\/comments?post=69180"}],"version-history":[{"count":0,"href":"https:\/\/aztex.ee\/hu\/wp-json\/wp\/v2\/product\/69180\/revisions"}],"wp:featuredmedia":[{"embeddable":true,"href":"https:\/\/aztex.ee\/hu\/wp-json\/wp\/v2\/media\/69306"}],"wp:attachment":[{"href":"https:\/\/aztex.ee\/hu\/wp-json\/wp\/v2\/media?parent=69180"}],"wp:term":[{"taxonomy":"product_brand","embeddable":true,"href":"https:\/\/aztex.ee\/hu\/wp-json\/wp\/v2\/product_brand?post=69180"},{"taxonomy":"product_cat","embeddable":true,"href":"https:\/\/aztex.ee\/hu\/wp-json\/wp\/v2\/product_cat?post=69180"},{"taxonomy":"product_tag","embeddable":true,"href":"https:\/\/aztex.ee\/hu\/wp-json\/wp\/v2\/product_tag?post=69180"}],"curies":[{"name":"wp","href":"https:\/\/api.w.org\/{rel}","templated":true}]}}