{"id":68830,"date":"2025-03-19T15:50:35","date_gmt":"2025-03-19T15:50:35","guid":{"rendered":"https:\/\/aztex.ee\/pood\/nem-kategorizalt\/laste-voodipesukomplekt\/"},"modified":"2026-03-08T15:03:16","modified_gmt":"2026-03-08T15:03:16","slug":"gyermek-agynemu-garnitura","status":"publish","type":"product","link":"https:\/\/aztex.ee\/hu\/pood\/a-gyerekek-vilaga\/gyermek-agynemu-garnitura\/","title":{"rendered":"Gyermek \u00e1gynem\u0171 garnit\u00fara"},"content":{"rendered":"<p><strong>Gyermek \u00e1gynem\u0171 garnit\u00fara &#8211; puhas\u00e1g \u00e9s \u00f6r\u00f6m minden \u00e1lomban<\/strong><\/p>\n<p><strong>100% pamut &#8211; term\u00e9szetesen puha \u00e9s l\u00e9g\u00e1tereszt\u0151<\/strong><\/p>\n<p>A gyermek alv\u00e1sa kulcsfontoss\u00e1g\u00fa a n\u00f6veked\u00e9shez \u00e9s a pihen\u00e9shez. A k\u00e9nyelmes \u00e9s b\u00e9k\u00e9s \u00e9jszaka \u00e9rdek\u00e9ben ez az \u00e1gynem\u0171 100%-ban l\u00e9g\u00e1tereszt\u0151 \u00e9s puha pamutb\u00f3l k\u00e9sz\u00fclt. A pamutsz\u00f6vet j\u00f3l felsz\u00edvja a nedvess\u00e9get, seg\u00edti a testet az optim\u00e1lis h\u0151m\u00e9rs\u00e9klet fenntart\u00e1s\u00e1ban \u00e9s m\u00e9g \u00e9rz\u00e9keny b\u0151r\u0171ek sz\u00e1m\u00e1ra is b\u0151rbar\u00e1t. Ez biztos\u00edtja a kellemes \u00e9s biztons\u00e1gos alv\u00e1st eg\u00e9sz \u00e9vben. Ny\u00e1ron h\u0171v\u00f6s, t\u00e9len melegen tartja. Ezenk\u00edv\u00fcl az \u00e1gynem\u0171 k\u00f6nny\u0171 \u00e9s finom, kellemes \u00e9s puha \u00e9rz\u00e9st biztos\u00edt a gyermek sz\u00e1m\u00e1ra, amely seg\u00edt ellazulni \u00e9s gyorsabban elaludni.<\/p>\n<p><strong>J\u00e1t\u00e9kos mint\u00e1k egy vid\u00e1m szob\u00e1hoz<\/strong><\/p>\n<p>A gyerekek j\u00e1t\u00e9kon, sz\u00edneken \u00e9s form\u00e1kon kereszt\u00fcl fedezik fel a vil\u00e1got. Ez az \u00e1gynem\u0171 garnit\u00fara aranyos \u00e9s vid\u00e1m mint\u00e1kkal rendelkezik, amelyek melegebb\u00e9 \u00e9s h\u00edvogat\u00f3bb\u00e1 teszik a h\u00e1l\u00f3szob\u00e1t. K\u00fcl\u00f6nf\u00e9le kialak\u00edt\u00e1sok k\u00f6z\u00fcl v\u00e1laszthat, hogy minden gyermek sz\u00e1m\u00e1ra tetsz\u0151 alv\u00e1si helyet biztos\u00edtson. A m\u00f3k\u00e1s mint\u00e1k nemcsak dekorat\u00edvak \u2013 hozz\u00e1j\u00e1rulnak a gyermek k\u00e9pzelet\u00e9nek fejleszt\u00e9s\u00e9hez is, az \u00e1gyat nem csak alv\u00f3 helly\u00e9, hanem kreat\u00edv k\u00f6rnyezett\u00e9 is var\u00e1zsolj\u00e1k, ahol kezd\u0151dhet a k\u00f6vetkez\u0151 kaland.<\/p>\n<p><strong>K\u00e9nyelem \u00e9s praktikuss\u00e1g a mindennapi haszn\u00e1latra<\/strong><\/p>\n<p>Gy\u00f6ny\u00f6r\u0171 megjelen\u00e9se mellett ez az \u00e1gynem\u0171 garnit\u00fara praktikus \u00e9s tart\u00f3s is. Mivel a gyermek\u00e1gynem\u0171 gyakori mos\u00e1st ig\u00e9nyel, a k\u00e9szlet k\u00f6nnyen kezelhet\u0151 anyagb\u00f3l k\u00e9sz\u00fclt \u2013 mos\u00f3g\u00e9pben moshat\u00f3, gyorsan sz\u00e1rad, t\u00f6bbsz\u00f6ri mos\u00e1s ut\u00e1n is meg\u0151rzi sz\u00edn\u00e9t \u00e9s puhas\u00e1g\u00e1t. A pamutsz\u00f6vet strapab\u00edr\u00f3 \u00e9s kop\u00e1s\u00e1ll\u00f3, ez\u00e9rt sok\u00e1ig sz\u00e9p marad \u00e9s kib\u00edrja az akt\u00edv haszn\u00e1latot. Az anyag nem vesz\u00edti el alakj\u00e1t \u00e9s nem v\u00e1lik \u00e9rdess\u00e9 a mos\u00e1s sor\u00e1n, mindig meg\u0151rzi kellemes puhas\u00e1g\u00e1t.<\/p>\n<p><strong>Minden gyerekszob\u00e1ba alkalmas \u2013 sz\u00e9les sz\u00edn- \u00e9s mintav\u00e1laszt\u00e9k<\/strong><\/p>\n<p>A gyermek \u00e1gynem\u0171 garnit\u00fara t\u00f6bbf\u00e9le sz\u00ednben \u00e9s mint\u00e1ban kaphat\u00f3, hogy minden gyerekszob\u00e1ba illeszkedjen. Mindegy, hogy a szoba minimalista vagy tele van \u00e9l\u00e9nk sz\u00ednekkel \u2013 ez a k\u00e9szlet meghitts\u00e9get \u00e9s kellemes l\u00e9gk\u00f6rt teremt, ahol a gyermek biztons\u00e1gban \u00e9s k\u00e9nyelmesen \u00e9rzi mag\u00e1t.<\/p>\n<p><strong>Pamut gyermek \u00e1gynem\u0171 garnit\u00fara &#8211; az \u00e1lmok val\u00f3ra v\u00e1l\u00e1s\u00e1nak kezdete<\/strong><\/p>\n<p>A j\u00f3 alv\u00e1s elengedhetetlen a gyermek j\u00f3l\u00e9t\u00e9hez \u00e9s fejl\u0151d\u00e9s\u00e9hez. A puha, l\u00e9g\u00e1tereszt\u0151 \u00e9s ig\u00e9nyesen kialak\u00edtott \u00e1gynem\u0171 garnit\u00fara minden este \u00f6rvendetes pillanatt\u00e1 teszi a lefekv\u00e9st, \u00e9s hozz\u00e1j\u00e1rul a nyugodt \u00e9s pihentet\u0151 alv\u00e1shoz.<\/p>\n","protected":false},"excerpt":{"rendered":"<ul>\n<li>Anyaga: 100% Pamut<\/li>\n<li>Paplanhuzat: 120&#215;150 cm<\/li>\n<li>Matrachuzat: 60&#215;135 cm<\/li>\n<li>P\u00e1rnahuzat: 30&#215;50 cm<\/li>\n<\/ul>\n","protected":false},"featured_media":68013,"comment_status":"open","ping_status":"closed","template":"","meta":[],"product_brand":[],"product_cat":[2215,2259],"product_tag":[],"class_list":{"0":"post-68830","1":"product","2":"type-product","3":"status-publish","4":"has-post-thumbnail","6":"product_cat-a-gyerekek-vilaga","7":"product_cat-gyerek-agynemu","9":"first","10":"instock","11":"shipping-taxable","12":"purchasable","13":"product-type-variable"},"yoast_head":"<!-- This site is optimized with the Yoast SEO plugin v27.6 - https:\/\/yoast.com\/product\/yoast-seo-wordpress\/ -->\n<title>Gyermek \u00e1gynem\u0171 garnit\u00fara | AZTEX<\/title>\n<meta name=\"description\" content=\"Ez a pamut gyerek \u00e1gynem\u0171 szett puha, l\u00e9g\u00e1tereszt\u0151 \u00e9s b\u0151rbar\u00e1t. Az aranyos mint\u00e1k, az egyszer\u0171 kezel\u00e9s \u00e9s a tart\u00f3s min\u0151s\u00e9g gondoskodik a nyugodt alv\u00e1sr\u00f3l\" \/>\n<meta name=\"robots\" content=\"index, follow, max-snippet:-1, max-image-preview:large, max-video-preview:-1\" \/>\n<link rel=\"canonical\" href=\"https:\/\/aztex.ee\/hu\/pood\/a-gyerekek-vilaga\/gyermek-agynemu-garnitura\/\" \/>\n<meta property=\"og:locale\" content=\"hu_HU\" \/>\n<meta property=\"og:type\" content=\"article\" \/>\n<meta property=\"og:title\" content=\"Gyermek \u00e1gynem\u0171 garnit\u00fara | AZTEX\" \/>\n<meta property=\"og:description\" content=\"Ez a pamut gyerek \u00e1gynem\u0171 szett puha, l\u00e9g\u00e1tereszt\u0151 \u00e9s b\u0151rbar\u00e1t. Az aranyos mint\u00e1k, az egyszer\u0171 kezel\u00e9s \u00e9s a tart\u00f3s min\u0151s\u00e9g gondoskodik a nyugodt alv\u00e1sr\u00f3l\" \/>\n<meta property=\"og:url\" content=\"https:\/\/aztex.ee\/hu\/pood\/a-gyerekek-vilaga\/gyermek-agynemu-garnitura\/\" \/>\n<meta property=\"og:site_name\" content=\"AZTEX\" \/>\n<meta property=\"article:publisher\" content=\"https:\/\/www.facebook.com\/AztexEE\" \/>\n<meta property=\"article:modified_time\" content=\"2026-03-08T15:03:16+00:00\" \/>\n<meta property=\"og:image\" content=\"https:\/\/aztex.ee\/wp-content\/uploads\/2025\/03\/Laste-voodipesukomplekt-Kosmos-1.jpg\" \/>\n\t<meta property=\"og:image:width\" content=\"800\" \/>\n\t<meta property=\"og:image:height\" content=\"800\" \/>\n\t<meta property=\"og:image:type\" content=\"image\/jpeg\" \/>\n<meta name=\"twitter:card\" content=\"summary_large_image\" \/>\n<meta name=\"twitter:label1\" content=\"Becs\u00fclt olvas\u00e1si id\u0151\" \/>\n\t<meta name=\"twitter:data1\" content=\"2 perc\" \/>\n<script type=\"application\/ld+json\" class=\"yoast-schema-graph\">{\"@context\":\"https:\\\/\\\/schema.org\",\"@graph\":[{\"@type\":[\"WebPage\",\"ItemPage\"],\"@id\":\"https:\\\/\\\/aztex.ee\\\/hu\\\/pood\\\/a-gyerekek-vilaga\\\/gyermek-agynemu-garnitura\\\/\",\"url\":\"https:\\\/\\\/aztex.ee\\\/hu\\\/pood\\\/a-gyerekek-vilaga\\\/gyermek-agynemu-garnitura\\\/\",\"name\":\"Gyermek \u00e1gynem\u0171 garnit\u00fara | AZTEX\",\"isPartOf\":{\"@id\":\"https:\\\/\\\/aztex.ee\\\/hu\\\/#website\"},\"primaryImageOfPage\":{\"@id\":\"https:\\\/\\\/aztex.ee\\\/hu\\\/pood\\\/a-gyerekek-vilaga\\\/gyermek-agynemu-garnitura\\\/#primaryimage\"},\"image\":{\"@id\":\"https:\\\/\\\/aztex.ee\\\/hu\\\/pood\\\/a-gyerekek-vilaga\\\/gyermek-agynemu-garnitura\\\/#primaryimage\"},\"thumbnailUrl\":\"https:\\\/\\\/aztex.ee\\\/wp-content\\\/uploads\\\/2025\\\/03\\\/Laste-voodipesukomplekt-Kosmos-1.jpg\",\"datePublished\":\"2025-03-19T15:50:35+00:00\",\"dateModified\":\"2026-03-08T15:03:16+00:00\",\"description\":\"Ez a pamut gyerek \u00e1gynem\u0171 szett puha, l\u00e9g\u00e1tereszt\u0151 \u00e9s b\u0151rbar\u00e1t. Az aranyos mint\u00e1k, az egyszer\u0171 kezel\u00e9s \u00e9s a tart\u00f3s min\u0151s\u00e9g gondoskodik a nyugodt alv\u00e1sr\u00f3l\",\"breadcrumb\":{\"@id\":\"https:\\\/\\\/aztex.ee\\\/hu\\\/pood\\\/a-gyerekek-vilaga\\\/gyermek-agynemu-garnitura\\\/#breadcrumb\"},\"inLanguage\":\"hu\",\"potentialAction\":[{\"@type\":\"ReadAction\",\"target\":[\"https:\\\/\\\/aztex.ee\\\/hu\\\/pood\\\/a-gyerekek-vilaga\\\/gyermek-agynemu-garnitura\\\/\"]}]},{\"@type\":\"ImageObject\",\"inLanguage\":\"hu\",\"@id\":\"https:\\\/\\\/aztex.ee\\\/hu\\\/pood\\\/a-gyerekek-vilaga\\\/gyermek-agynemu-garnitura\\\/#primaryimage\",\"url\":\"https:\\\/\\\/aztex.ee\\\/wp-content\\\/uploads\\\/2025\\\/03\\\/Laste-voodipesukomplekt-Kosmos-1.jpg\",\"contentUrl\":\"https:\\\/\\\/aztex.ee\\\/wp-content\\\/uploads\\\/2025\\\/03\\\/Laste-voodipesukomplekt-Kosmos-1.jpg\",\"width\":800,\"height\":800,\"caption\":\"Laste voodipesukomplekt\"},{\"@type\":\"BreadcrumbList\",\"@id\":\"https:\\\/\\\/aztex.ee\\\/hu\\\/pood\\\/a-gyerekek-vilaga\\\/gyermek-agynemu-garnitura\\\/#breadcrumb\",\"itemListElement\":[{\"@type\":\"ListItem\",\"position\":1,\"name\":\"F\u0151oldal\",\"item\":\"https:\\\/\\\/aztex.ee\\\/hu\\\/\"},{\"@type\":\"ListItem\",\"position\":2,\"name\":\"Web\u00e1ruh\u00e1z\",\"item\":\"https:\\\/\\\/aztex.ee\\\/hu\\\/webaruhaz\\\/\"},{\"@type\":\"ListItem\",\"position\":3,\"name\":\"Gyermek \u00e1gynem\u0171 garnit\u00fara\"}]},{\"@type\":\"WebSite\",\"@id\":\"https:\\\/\\\/aztex.ee\\\/hu\\\/#website\",\"url\":\"https:\\\/\\\/aztex.ee\\\/hu\\\/\",\"name\":\"AZTEX\",\"description\":\"\",\"publisher\":{\"@id\":\"https:\\\/\\\/aztex.ee\\\/hu\\\/#organization\"},\"potentialAction\":[{\"@type\":\"SearchAction\",\"target\":{\"@type\":\"EntryPoint\",\"urlTemplate\":\"https:\\\/\\\/aztex.ee\\\/hu\\\/?s={search_term_string}\"},\"query-input\":{\"@type\":\"PropertyValueSpecification\",\"valueRequired\":true,\"valueName\":\"search_term_string\"}}],\"inLanguage\":\"hu\"},{\"@type\":\"Organization\",\"@id\":\"https:\\\/\\\/aztex.ee\\\/hu\\\/#organization\",\"name\":\"AZTEX\",\"url\":\"https:\\\/\\\/aztex.ee\\\/hu\\\/\",\"logo\":{\"@type\":\"ImageObject\",\"inLanguage\":\"hu\",\"@id\":\"https:\\\/\\\/aztex.ee\\\/hu\\\/#\\\/schema\\\/logo\\\/image\\\/\",\"url\":\"https:\\\/\\\/aztex.ee\\\/wp-content\\\/uploads\\\/2026\\\/01\\\/AZTEX.png\",\"contentUrl\":\"https:\\\/\\\/aztex.ee\\\/wp-content\\\/uploads\\\/2026\\\/01\\\/AZTEX.png\",\"width\":500,\"height\":500,\"caption\":\"AZTEX\"},\"image\":{\"@id\":\"https:\\\/\\\/aztex.ee\\\/hu\\\/#\\\/schema\\\/logo\\\/image\\\/\"},\"sameAs\":[\"https:\\\/\\\/www.facebook.com\\\/AztexEE\",\"https:\\\/\\\/www.instagram.com\\\/aztexeesti\\\/\",\"https:\\\/\\\/www.youtube.com\\\/@AZTEXEE\",\"https:\\\/\\\/www.pinterest.com\\\/aztex_eesti\\\/\",\"https:\\\/\\\/www.tiktok.com\\\/@aztexeesti\",\"https:\\\/\\\/www.trustpilot.com\\\/review\\\/aztex.ee\",\"https:\\\/\\\/www.linkedin.com\\\/company\\\/aztex-ee\\\/\",\"https:\\\/\\\/www.wikidata.org\\\/wiki\\\/Q137560182\"]}]}<\/script>\n<!-- \/ Yoast SEO plugin. -->","yoast_head_json":{"title":"Gyermek \u00e1gynem\u0171 garnit\u00fara | AZTEX","description":"Ez a pamut gyerek \u00e1gynem\u0171 szett puha, l\u00e9g\u00e1tereszt\u0151 \u00e9s b\u0151rbar\u00e1t. Az aranyos mint\u00e1k, az egyszer\u0171 kezel\u00e9s \u00e9s a tart\u00f3s min\u0151s\u00e9g gondoskodik a nyugodt alv\u00e1sr\u00f3l","robots":{"index":"index","follow":"follow","max-snippet":"max-snippet:-1","max-image-preview":"max-image-preview:large","max-video-preview":"max-video-preview:-1"},"canonical":"https:\/\/aztex.ee\/hu\/pood\/a-gyerekek-vilaga\/gyermek-agynemu-garnitura\/","og_locale":"hu_HU","og_type":"article","og_title":"Gyermek \u00e1gynem\u0171 garnit\u00fara | AZTEX","og_description":"Ez a pamut gyerek \u00e1gynem\u0171 szett puha, l\u00e9g\u00e1tereszt\u0151 \u00e9s b\u0151rbar\u00e1t. Az aranyos mint\u00e1k, az egyszer\u0171 kezel\u00e9s \u00e9s a tart\u00f3s min\u0151s\u00e9g gondoskodik a nyugodt alv\u00e1sr\u00f3l","og_url":"https:\/\/aztex.ee\/hu\/pood\/a-gyerekek-vilaga\/gyermek-agynemu-garnitura\/","og_site_name":"AZTEX","article_publisher":"https:\/\/www.facebook.com\/AztexEE","article_modified_time":"2026-03-08T15:03:16+00:00","og_image":[{"width":800,"height":800,"url":"https:\/\/aztex.ee\/wp-content\/uploads\/2025\/03\/Laste-voodipesukomplekt-Kosmos-1.jpg","type":"image\/jpeg"}],"twitter_card":"summary_large_image","twitter_misc":{"Becs\u00fclt olvas\u00e1si id\u0151":"2 perc"},"schema":{"@context":"https:\/\/schema.org","@graph":[{"@type":["WebPage","ItemPage"],"@id":"https:\/\/aztex.ee\/hu\/pood\/a-gyerekek-vilaga\/gyermek-agynemu-garnitura\/","url":"https:\/\/aztex.ee\/hu\/pood\/a-gyerekek-vilaga\/gyermek-agynemu-garnitura\/","name":"Gyermek \u00e1gynem\u0171 garnit\u00fara | AZTEX","isPartOf":{"@id":"https:\/\/aztex.ee\/hu\/#website"},"primaryImageOfPage":{"@id":"https:\/\/aztex.ee\/hu\/pood\/a-gyerekek-vilaga\/gyermek-agynemu-garnitura\/#primaryimage"},"image":{"@id":"https:\/\/aztex.ee\/hu\/pood\/a-gyerekek-vilaga\/gyermek-agynemu-garnitura\/#primaryimage"},"thumbnailUrl":"https:\/\/aztex.ee\/wp-content\/uploads\/2025\/03\/Laste-voodipesukomplekt-Kosmos-1.jpg","datePublished":"2025-03-19T15:50:35+00:00","dateModified":"2026-03-08T15:03:16+00:00","description":"Ez a pamut gyerek \u00e1gynem\u0171 szett puha, l\u00e9g\u00e1tereszt\u0151 \u00e9s b\u0151rbar\u00e1t. Az aranyos mint\u00e1k, az egyszer\u0171 kezel\u00e9s \u00e9s a tart\u00f3s min\u0151s\u00e9g gondoskodik a nyugodt alv\u00e1sr\u00f3l","breadcrumb":{"@id":"https:\/\/aztex.ee\/hu\/pood\/a-gyerekek-vilaga\/gyermek-agynemu-garnitura\/#breadcrumb"},"inLanguage":"hu","potentialAction":[{"@type":"ReadAction","target":["https:\/\/aztex.ee\/hu\/pood\/a-gyerekek-vilaga\/gyermek-agynemu-garnitura\/"]}]},{"@type":"ImageObject","inLanguage":"hu","@id":"https:\/\/aztex.ee\/hu\/pood\/a-gyerekek-vilaga\/gyermek-agynemu-garnitura\/#primaryimage","url":"https:\/\/aztex.ee\/wp-content\/uploads\/2025\/03\/Laste-voodipesukomplekt-Kosmos-1.jpg","contentUrl":"https:\/\/aztex.ee\/wp-content\/uploads\/2025\/03\/Laste-voodipesukomplekt-Kosmos-1.jpg","width":800,"height":800,"caption":"Laste voodipesukomplekt"},{"@type":"BreadcrumbList","@id":"https:\/\/aztex.ee\/hu\/pood\/a-gyerekek-vilaga\/gyermek-agynemu-garnitura\/#breadcrumb","itemListElement":[{"@type":"ListItem","position":1,"name":"F\u0151oldal","item":"https:\/\/aztex.ee\/hu\/"},{"@type":"ListItem","position":2,"name":"Web\u00e1ruh\u00e1z","item":"https:\/\/aztex.ee\/hu\/webaruhaz\/"},{"@type":"ListItem","position":3,"name":"Gyermek \u00e1gynem\u0171 garnit\u00fara"}]},{"@type":"WebSite","@id":"https:\/\/aztex.ee\/hu\/#website","url":"https:\/\/aztex.ee\/hu\/","name":"AZTEX","description":"","publisher":{"@id":"https:\/\/aztex.ee\/hu\/#organization"},"potentialAction":[{"@type":"SearchAction","target":{"@type":"EntryPoint","urlTemplate":"https:\/\/aztex.ee\/hu\/?s={search_term_string}"},"query-input":{"@type":"PropertyValueSpecification","valueRequired":true,"valueName":"search_term_string"}}],"inLanguage":"hu"},{"@type":"Organization","@id":"https:\/\/aztex.ee\/hu\/#organization","name":"AZTEX","url":"https:\/\/aztex.ee\/hu\/","logo":{"@type":"ImageObject","inLanguage":"hu","@id":"https:\/\/aztex.ee\/hu\/#\/schema\/logo\/image\/","url":"https:\/\/aztex.ee\/wp-content\/uploads\/2026\/01\/AZTEX.png","contentUrl":"https:\/\/aztex.ee\/wp-content\/uploads\/2026\/01\/AZTEX.png","width":500,"height":500,"caption":"AZTEX"},"image":{"@id":"https:\/\/aztex.ee\/hu\/#\/schema\/logo\/image\/"},"sameAs":["https:\/\/www.facebook.com\/AztexEE","https:\/\/www.instagram.com\/aztexeesti\/","https:\/\/www.youtube.com\/@AZTEXEE","https:\/\/www.pinterest.com\/aztex_eesti\/","https:\/\/www.tiktok.com\/@aztexeesti","https:\/\/www.trustpilot.com\/review\/aztex.ee","https:\/\/www.linkedin.com\/company\/aztex-ee\/","https:\/\/www.wikidata.org\/wiki\/Q137560182"]}]}},"_links":{"self":[{"href":"https:\/\/aztex.ee\/hu\/wp-json\/wp\/v2\/product\/68830","targetHints":{"allow":["GET"]}}],"collection":[{"href":"https:\/\/aztex.ee\/hu\/wp-json\/wp\/v2\/product"}],"about":[{"href":"https:\/\/aztex.ee\/hu\/wp-json\/wp\/v2\/types\/product"}],"replies":[{"embeddable":true,"href":"https:\/\/aztex.ee\/hu\/wp-json\/wp\/v2\/comments?post=68830"}],"version-history":[{"count":0,"href":"https:\/\/aztex.ee\/hu\/wp-json\/wp\/v2\/product\/68830\/revisions"}],"wp:featuredmedia":[{"embeddable":true,"href":"https:\/\/aztex.ee\/hu\/wp-json\/wp\/v2\/media\/68013"}],"wp:attachment":[{"href":"https:\/\/aztex.ee\/hu\/wp-json\/wp\/v2\/media?parent=68830"}],"wp:term":[{"taxonomy":"product_brand","embeddable":true,"href":"https:\/\/aztex.ee\/hu\/wp-json\/wp\/v2\/product_brand?post=68830"},{"taxonomy":"product_cat","embeddable":true,"href":"https:\/\/aztex.ee\/hu\/wp-json\/wp\/v2\/product_cat?post=68830"},{"taxonomy":"product_tag","embeddable":true,"href":"https:\/\/aztex.ee\/hu\/wp-json\/wp\/v2\/product_tag?post=68830"}],"curies":[{"name":"wp","href":"https:\/\/api.w.org\/{rel}","templated":true}]}}