{"id":63687,"date":"2025-03-08T22:08:19","date_gmt":"2025-03-08T22:08:19","guid":{"rendered":"https:\/\/aztex.ee\/?post_type=product&#038;p=63687"},"modified":"2025-03-09T10:26:46","modified_gmt":"2025-03-09T10:26:46","slug":"agynemuhuzat-szett-tencel-szurkeskek","status":"publish","type":"product","link":"https:\/\/aztex.ee\/hu\/pood\/agynemuk\/agynemuhuzat-szett-tencel-szurkeskek\/","title":{"rendered":"\u00c1gynem\u0171huzat szett Tencel | Sz\u00fcrk\u00e9sk\u00e9k"},"content":{"rendered":"<p><strong>Luxus Eucalyptus Tencel \u00e1gynem\u0171 garnit\u00fara \u2013 selymesen puha, l\u00e9legz\u0151 \u00e9s kiv\u00e9telesen k\u00e9nyelmes<\/strong><\/p>\n<p><strong>Rendk\u00edv\u00fcli k\u00e9nyelem \u00e9s min\u0151s\u00e9g<\/strong><br \/>\nA Tencel \u00e1gynem\u0171 garnit\u00far\u00e1t \u00fagy tervezt\u00e9k, hogy biztos\u00edtsa a legpihentet\u0151bb \u00e9s leghelyesebb alv\u00e1st, kiv\u00e9teles k\u00e9nyelmet \u00e9s min\u0151s\u00e9get k\u00edn\u00e1lva. Tencel anyagb\u00f3l k\u00e9sz\u00fclt, amely az eukaliptuszf\u00e1b\u00f3l sz\u00e1rmazik, amely selymes puhas\u00e1g\u00e1r\u00f3l, l\u00e9g\u00e1tereszt\u0151 k\u00e9pess\u00e9g\u00e9r\u0151l \u00e9s nedvess\u00e9gelvezet\u0151 tulajdons\u00e1gair\u00f3l ismert. A Tencel \u00e1gynem\u0171 ny\u00e1ron h\u0171v\u00f6s, t\u00e9len pedig melegen tart, \u00edgy alv\u00e1sa mindig friss\u00edt\u0151 \u00e9s regener\u00e1l\u00f3.<\/p>\n<p><strong>Luxus text\u00fara \u00e9s eleg\u00e1ns megjelen\u00e9s<\/strong><br \/>\nAz anyag sima, finom \u00e9s kellemes a b\u0151r\u00f6n, igaz\u00e1n luxus \u00e9lm\u00e9nyt ny\u00fajtva alv\u00e1s k\u00f6zben. A Tencel \u00e1gynem\u0171 gy\u00f6ny\u00f6r\u0171en ter\u00fcl el, eleg\u00e1ns \u00e9s h\u00edvogat\u00f3 megjelen\u00e9st k\u00f6lcs\u00f6n\u00f6z az \u00e1gynak, st\u00edlusos helly\u00e9 var\u00e1zsolva a h\u00e1l\u00f3szob\u00e1t. A l\u00e9gs\u0171r\u0171s\u00e9g \u00e9s a k\u00f6nnyeds\u00e9g biztos\u00edtja az \u00e1lland\u00f3 l\u00e9gmozg\u00e1st, megakad\u00e1lyozza az \u00e9jszakai izzad\u00e1st \u00e9s az \u00e1gynem\u0171t mindig frissen tartja.<\/p>\n<p><strong>Tart\u00f3ss\u00e1g \u00e9s tart\u00f3ss\u00e1g<\/strong><br \/>\nA Tencel \u00e1gynem\u0171 tart\u00f3s \u00e9s tart\u00f3s \u2013 t\u00f6bbsz\u00f6ri mos\u00e1s ut\u00e1n is meg\u0151rzi puhas\u00e1g\u00e1t, gy\u00f6ny\u00f6r\u0171 burkolat\u00e1t \u00e9s min\u0151s\u00e9g\u00e9t. A minden \u00e9jszakai lefekv\u00e9s igazi \u00e9lvezett\u00e9 v\u00e1lik, mivel az \u00e1gynem\u0171 friss \u00e9s kellemes marad, \u00edgy a legjobb alv\u00e1si \u00e9lm\u00e9nyt ny\u00fajtja.<\/p>\n<p><strong>Ide\u00e1lis v\u00e1laszt\u00e1s a term\u00e9szet \u00e9s a k\u00e9nyelem szerelmeseinek<\/strong><br \/>\nA Tencel \u00e1gynem\u0171 garnit\u00fara ide\u00e1lis v\u00e1laszt\u00e1s azok sz\u00e1m\u00e1ra, akik \u00e9rt\u00e9kelik a term\u00e9szetes anyagokat, \u00e9s szeretn\u00e9k \u00e9lvezni a magasabb min\u0151s\u00e9get, a luxus k\u00e9nyelmet \u00e9s a t\u00f6k\u00e9letes alv\u00e1st.<\/p>\n","protected":false},"excerpt":{"rendered":"<p>100%-ban \u00f6kol\u00f3giai eukaliptusz Tencel \u00e1gynem\u0171 garnit\u00fara kiv\u00e9telesen puha, l\u00e9g\u00e1tereszt\u0151 \u00e9s f\u00e9ny\u0171z\u0151.<\/p>\n<ul>\n<li>Anyaga: 100% Tencel<\/li>\n<li>Sz\u00e1lak sz\u00e1ma: 60S \/ 300TC<\/li>\n<li>Paplanhuzat: 200\u00d7220 cm<\/li>\n<li>P\u00e1rnahuzat: 50\u00d770 cm (2 db)<\/li>\n<li>Leped\u0151: 220\u00d7240 cm<\/li>\n<\/ul>\n<p><img loading=\"lazy\" decoding=\"async\" class=\"alignnone wp-image-63145\" src=\"https:\/\/aztex.ee\/wp-content\/uploads\/2025\/03\/tencel-certified-400x129.png\" alt=\"\" width=\"131\" height=\"42\" srcset=\"https:\/\/aztex.ee\/wp-content\/uploads\/2025\/03\/tencel-certified-400x129.png 400w, https:\/\/aztex.ee\/wp-content\/uploads\/2025\/03\/tencel-certified-430x139.png 430w, https:\/\/aztex.ee\/wp-content\/uploads\/2025\/03\/tencel-certified-150x49.png 150w, https:\/\/aztex.ee\/wp-content\/uploads\/2025\/03\/tencel-certified.png 516w\" sizes=\"auto, (max-width: 131px) 100vw, 131px\" \/><img loading=\"lazy\" decoding=\"async\" class=\"alignnone wp-image-63168\" src=\"https:\/\/aztex.ee\/wp-content\/uploads\/2025\/03\/oeko-tex-standard-100.png\" alt=\"\" width=\"130\" height=\"43\" srcset=\"https:\/\/aztex.ee\/wp-content\/uploads\/2025\/03\/oeko-tex-standard-100.png 200w, https:\/\/aztex.ee\/wp-content\/uploads\/2025\/03\/oeko-tex-standard-100-150x50.png 150w\" sizes=\"auto, (max-width: 130px) 100vw, 130px\" \/><\/p>\n<p>A Tencel \u00e1gynem\u0171 garnit\u00fara ugyanabb\u00f3l a Tencel anyagb\u00f3l k\u00e9sz\u00fclt t\u00e1sk\u00e1ba van csomagolva, ami extra eleganci\u00e1t ad a term\u00e9knek \u00e9s m\u00e9g k\u00fcl\u00f6nlegesebb\u00e9 teszi.<\/p>\n","protected":false},"featured_media":63712,"comment_status":"open","ping_status":"closed","template":"","meta":[],"product_brand":[],"product_cat":[499,202,4562,208],"product_tag":[],"class_list":{"0":"post-63687","1":"product","2":"type-product","3":"status-publish","4":"has-post-thumbnail","6":"product_cat-agynemu-szettek","7":"product_cat-agynemuk","8":"product_cat-tencel-agynemu-szettek","9":"product_cat-tencel-agynemuk","11":"first","12":"instock","13":"shipping-taxable","14":"purchasable","15":"product-type-simple"},"yoast_head":"<!-- This site is optimized with the Yoast SEO plugin v27.4 - https:\/\/yoast.com\/product\/yoast-seo-wordpress\/ -->\n<title>\u00c1gynem\u0171huzat szett Tencel - Sz\u00fcrk\u00e9sk\u00e9k | AZTEX<\/title>\n<meta name=\"description\" content=\"Sz\u00fcrk\u00e9sk\u00e9k Tencel \u00e1gynem\u0171 garnit\u00fara selymesen puha, l\u00e9legz\u0151 \u00e9s gyeng\u00e9d a b\u0151rh\u00f6z. K\u00f6nny\u0171 \u00e9s sima text\u00far\u00e1ja friss \u00e9s k\u00e9nyelmes viseletet biztos\u00edt\" \/>\n<meta name=\"robots\" content=\"index, follow, max-snippet:-1, max-image-preview:large, max-video-preview:-1\" \/>\n<link rel=\"canonical\" href=\"https:\/\/aztex.ee\/hu\/pood\/agynemuk\/agynemuhuzat-szett-tencel-szurkeskek\/\" \/>\n<meta property=\"og:locale\" content=\"hu_HU\" \/>\n<meta property=\"og:type\" content=\"article\" \/>\n<meta property=\"og:title\" content=\"\u00c1gynem\u0171huzat szett Tencel - Sz\u00fcrk\u00e9sk\u00e9k | AZTEX\" \/>\n<meta property=\"og:description\" content=\"Sz\u00fcrk\u00e9sk\u00e9k Tencel \u00e1gynem\u0171 garnit\u00fara selymesen puha, l\u00e9legz\u0151 \u00e9s gyeng\u00e9d a b\u0151rh\u00f6z. K\u00f6nny\u0171 \u00e9s sima text\u00far\u00e1ja friss \u00e9s k\u00e9nyelmes viseletet biztos\u00edt\" \/>\n<meta property=\"og:url\" content=\"https:\/\/aztex.ee\/hu\/pood\/agynemuk\/agynemuhuzat-szett-tencel-szurkeskek\/\" \/>\n<meta property=\"og:site_name\" content=\"AZTEX\" \/>\n<meta property=\"article:publisher\" content=\"https:\/\/www.facebook.com\/AztexEE\" \/>\n<meta property=\"article:modified_time\" content=\"2025-03-09T10:26:46+00:00\" \/>\n<meta property=\"og:image\" content=\"https:\/\/aztex.ee\/wp-content\/uploads\/2025\/03\/Tencel-voodipesukomplekt-Hallikassinine.jpg\" \/>\n\t<meta property=\"og:image:width\" content=\"800\" \/>\n\t<meta property=\"og:image:height\" content=\"800\" \/>\n\t<meta property=\"og:image:type\" content=\"image\/jpeg\" \/>\n<meta name=\"twitter:card\" content=\"summary_large_image\" \/>\n<meta name=\"twitter:label1\" content=\"Becs\u00fclt olvas\u00e1si id\u0151\" \/>\n\t<meta name=\"twitter:data1\" content=\"2 perc\" \/>\n<script type=\"application\/ld+json\" class=\"yoast-schema-graph\">{\"@context\":\"https:\\\/\\\/schema.org\",\"@graph\":[{\"@type\":[\"WebPage\",\"ItemPage\"],\"@id\":\"https:\\\/\\\/aztex.ee\\\/hu\\\/pood\\\/agynemuk\\\/agynemuhuzat-szett-tencel-szurkeskek\\\/\",\"url\":\"https:\\\/\\\/aztex.ee\\\/hu\\\/pood\\\/agynemuk\\\/agynemuhuzat-szett-tencel-szurkeskek\\\/\",\"name\":\"\u00c1gynem\u0171huzat szett Tencel - Sz\u00fcrk\u00e9sk\u00e9k | AZTEX\",\"isPartOf\":{\"@id\":\"https:\\\/\\\/aztex.ee\\\/hu\\\/#website\"},\"primaryImageOfPage\":{\"@id\":\"https:\\\/\\\/aztex.ee\\\/hu\\\/pood\\\/agynemuk\\\/agynemuhuzat-szett-tencel-szurkeskek\\\/#primaryimage\"},\"image\":{\"@id\":\"https:\\\/\\\/aztex.ee\\\/hu\\\/pood\\\/agynemuk\\\/agynemuhuzat-szett-tencel-szurkeskek\\\/#primaryimage\"},\"thumbnailUrl\":\"https:\\\/\\\/aztex.ee\\\/wp-content\\\/uploads\\\/2025\\\/03\\\/Tencel-voodipesukomplekt-Hallikassinine.jpg\",\"datePublished\":\"2025-03-08T22:08:19+00:00\",\"dateModified\":\"2025-03-09T10:26:46+00:00\",\"description\":\"Sz\u00fcrk\u00e9sk\u00e9k Tencel \u00e1gynem\u0171 garnit\u00fara selymesen puha, l\u00e9legz\u0151 \u00e9s gyeng\u00e9d a b\u0151rh\u00f6z. K\u00f6nny\u0171 \u00e9s sima text\u00far\u00e1ja friss \u00e9s k\u00e9nyelmes viseletet biztos\u00edt\",\"breadcrumb\":{\"@id\":\"https:\\\/\\\/aztex.ee\\\/hu\\\/pood\\\/agynemuk\\\/agynemuhuzat-szett-tencel-szurkeskek\\\/#breadcrumb\"},\"inLanguage\":\"hu\",\"potentialAction\":[{\"@type\":\"ReadAction\",\"target\":[\"https:\\\/\\\/aztex.ee\\\/hu\\\/pood\\\/agynemuk\\\/agynemuhuzat-szett-tencel-szurkeskek\\\/\"]}]},{\"@type\":\"ImageObject\",\"inLanguage\":\"hu\",\"@id\":\"https:\\\/\\\/aztex.ee\\\/hu\\\/pood\\\/agynemuk\\\/agynemuhuzat-szett-tencel-szurkeskek\\\/#primaryimage\",\"url\":\"https:\\\/\\\/aztex.ee\\\/wp-content\\\/uploads\\\/2025\\\/03\\\/Tencel-voodipesukomplekt-Hallikassinine.jpg\",\"contentUrl\":\"https:\\\/\\\/aztex.ee\\\/wp-content\\\/uploads\\\/2025\\\/03\\\/Tencel-voodipesukomplekt-Hallikassinine.jpg\",\"width\":800,\"height\":800,\"caption\":\"Tencel voodipesukomplekt Hallikassinine\"},{\"@type\":\"BreadcrumbList\",\"@id\":\"https:\\\/\\\/aztex.ee\\\/hu\\\/pood\\\/agynemuk\\\/agynemuhuzat-szett-tencel-szurkeskek\\\/#breadcrumb\",\"itemListElement\":[{\"@type\":\"ListItem\",\"position\":1,\"name\":\"F\u0151oldal\",\"item\":\"https:\\\/\\\/aztex.ee\\\/hu\\\/\"},{\"@type\":\"ListItem\",\"position\":2,\"name\":\"Web\u00e1ruh\u00e1z\",\"item\":\"https:\\\/\\\/aztex.ee\\\/hu\\\/webaruhaz\\\/\"},{\"@type\":\"ListItem\",\"position\":3,\"name\":\"\u00c1gynem\u0171huzat szett Tencel | Sz\u00fcrk\u00e9sk\u00e9k\"}]},{\"@type\":\"WebSite\",\"@id\":\"https:\\\/\\\/aztex.ee\\\/hu\\\/#website\",\"url\":\"https:\\\/\\\/aztex.ee\\\/hu\\\/\",\"name\":\"AZTEX\",\"description\":\"\",\"publisher\":{\"@id\":\"https:\\\/\\\/aztex.ee\\\/hu\\\/#organization\"},\"potentialAction\":[{\"@type\":\"SearchAction\",\"target\":{\"@type\":\"EntryPoint\",\"urlTemplate\":\"https:\\\/\\\/aztex.ee\\\/hu\\\/?s={search_term_string}\"},\"query-input\":{\"@type\":\"PropertyValueSpecification\",\"valueRequired\":true,\"valueName\":\"search_term_string\"}}],\"inLanguage\":\"hu\"},{\"@type\":\"Organization\",\"@id\":\"https:\\\/\\\/aztex.ee\\\/hu\\\/#organization\",\"name\":\"AZTEX\",\"url\":\"https:\\\/\\\/aztex.ee\\\/hu\\\/\",\"logo\":{\"@type\":\"ImageObject\",\"inLanguage\":\"hu\",\"@id\":\"https:\\\/\\\/aztex.ee\\\/hu\\\/#\\\/schema\\\/logo\\\/image\\\/\",\"url\":\"https:\\\/\\\/aztex.ee\\\/wp-content\\\/uploads\\\/2026\\\/01\\\/AZTEX.png\",\"contentUrl\":\"https:\\\/\\\/aztex.ee\\\/wp-content\\\/uploads\\\/2026\\\/01\\\/AZTEX.png\",\"width\":500,\"height\":500,\"caption\":\"AZTEX\"},\"image\":{\"@id\":\"https:\\\/\\\/aztex.ee\\\/hu\\\/#\\\/schema\\\/logo\\\/image\\\/\"},\"sameAs\":[\"https:\\\/\\\/www.facebook.com\\\/AztexEE\",\"https:\\\/\\\/www.instagram.com\\\/aztexeesti\\\/\",\"https:\\\/\\\/www.youtube.com\\\/@AZTEXEE\",\"https:\\\/\\\/www.pinterest.com\\\/aztex_eesti\\\/\",\"https:\\\/\\\/www.tiktok.com\\\/@aztexeesti\",\"https:\\\/\\\/www.trustpilot.com\\\/review\\\/aztex.ee\",\"https:\\\/\\\/www.linkedin.com\\\/company\\\/aztex-ee\\\/\",\"https:\\\/\\\/www.wikidata.org\\\/wiki\\\/Q137560182\"]}]}<\/script>\n<!-- \/ Yoast SEO plugin. -->","yoast_head_json":{"title":"\u00c1gynem\u0171huzat szett Tencel - Sz\u00fcrk\u00e9sk\u00e9k | AZTEX","description":"Sz\u00fcrk\u00e9sk\u00e9k Tencel \u00e1gynem\u0171 garnit\u00fara selymesen puha, l\u00e9legz\u0151 \u00e9s gyeng\u00e9d a b\u0151rh\u00f6z. K\u00f6nny\u0171 \u00e9s sima text\u00far\u00e1ja friss \u00e9s k\u00e9nyelmes viseletet biztos\u00edt","robots":{"index":"index","follow":"follow","max-snippet":"max-snippet:-1","max-image-preview":"max-image-preview:large","max-video-preview":"max-video-preview:-1"},"canonical":"https:\/\/aztex.ee\/hu\/pood\/agynemuk\/agynemuhuzat-szett-tencel-szurkeskek\/","og_locale":"hu_HU","og_type":"article","og_title":"\u00c1gynem\u0171huzat szett Tencel - Sz\u00fcrk\u00e9sk\u00e9k | AZTEX","og_description":"Sz\u00fcrk\u00e9sk\u00e9k Tencel \u00e1gynem\u0171 garnit\u00fara selymesen puha, l\u00e9legz\u0151 \u00e9s gyeng\u00e9d a b\u0151rh\u00f6z. K\u00f6nny\u0171 \u00e9s sima text\u00far\u00e1ja friss \u00e9s k\u00e9nyelmes viseletet biztos\u00edt","og_url":"https:\/\/aztex.ee\/hu\/pood\/agynemuk\/agynemuhuzat-szett-tencel-szurkeskek\/","og_site_name":"AZTEX","article_publisher":"https:\/\/www.facebook.com\/AztexEE","article_modified_time":"2025-03-09T10:26:46+00:00","og_image":[{"width":800,"height":800,"url":"https:\/\/aztex.ee\/wp-content\/uploads\/2025\/03\/Tencel-voodipesukomplekt-Hallikassinine.jpg","type":"image\/jpeg"}],"twitter_card":"summary_large_image","twitter_misc":{"Becs\u00fclt olvas\u00e1si id\u0151":"2 perc"},"schema":{"@context":"https:\/\/schema.org","@graph":[{"@type":["WebPage","ItemPage"],"@id":"https:\/\/aztex.ee\/hu\/pood\/agynemuk\/agynemuhuzat-szett-tencel-szurkeskek\/","url":"https:\/\/aztex.ee\/hu\/pood\/agynemuk\/agynemuhuzat-szett-tencel-szurkeskek\/","name":"\u00c1gynem\u0171huzat szett Tencel - Sz\u00fcrk\u00e9sk\u00e9k | AZTEX","isPartOf":{"@id":"https:\/\/aztex.ee\/hu\/#website"},"primaryImageOfPage":{"@id":"https:\/\/aztex.ee\/hu\/pood\/agynemuk\/agynemuhuzat-szett-tencel-szurkeskek\/#primaryimage"},"image":{"@id":"https:\/\/aztex.ee\/hu\/pood\/agynemuk\/agynemuhuzat-szett-tencel-szurkeskek\/#primaryimage"},"thumbnailUrl":"https:\/\/aztex.ee\/wp-content\/uploads\/2025\/03\/Tencel-voodipesukomplekt-Hallikassinine.jpg","datePublished":"2025-03-08T22:08:19+00:00","dateModified":"2025-03-09T10:26:46+00:00","description":"Sz\u00fcrk\u00e9sk\u00e9k Tencel \u00e1gynem\u0171 garnit\u00fara selymesen puha, l\u00e9legz\u0151 \u00e9s gyeng\u00e9d a b\u0151rh\u00f6z. K\u00f6nny\u0171 \u00e9s sima text\u00far\u00e1ja friss \u00e9s k\u00e9nyelmes viseletet biztos\u00edt","breadcrumb":{"@id":"https:\/\/aztex.ee\/hu\/pood\/agynemuk\/agynemuhuzat-szett-tencel-szurkeskek\/#breadcrumb"},"inLanguage":"hu","potentialAction":[{"@type":"ReadAction","target":["https:\/\/aztex.ee\/hu\/pood\/agynemuk\/agynemuhuzat-szett-tencel-szurkeskek\/"]}]},{"@type":"ImageObject","inLanguage":"hu","@id":"https:\/\/aztex.ee\/hu\/pood\/agynemuk\/agynemuhuzat-szett-tencel-szurkeskek\/#primaryimage","url":"https:\/\/aztex.ee\/wp-content\/uploads\/2025\/03\/Tencel-voodipesukomplekt-Hallikassinine.jpg","contentUrl":"https:\/\/aztex.ee\/wp-content\/uploads\/2025\/03\/Tencel-voodipesukomplekt-Hallikassinine.jpg","width":800,"height":800,"caption":"Tencel voodipesukomplekt Hallikassinine"},{"@type":"BreadcrumbList","@id":"https:\/\/aztex.ee\/hu\/pood\/agynemuk\/agynemuhuzat-szett-tencel-szurkeskek\/#breadcrumb","itemListElement":[{"@type":"ListItem","position":1,"name":"F\u0151oldal","item":"https:\/\/aztex.ee\/hu\/"},{"@type":"ListItem","position":2,"name":"Web\u00e1ruh\u00e1z","item":"https:\/\/aztex.ee\/hu\/webaruhaz\/"},{"@type":"ListItem","position":3,"name":"\u00c1gynem\u0171huzat szett Tencel | Sz\u00fcrk\u00e9sk\u00e9k"}]},{"@type":"WebSite","@id":"https:\/\/aztex.ee\/hu\/#website","url":"https:\/\/aztex.ee\/hu\/","name":"AZTEX","description":"","publisher":{"@id":"https:\/\/aztex.ee\/hu\/#organization"},"potentialAction":[{"@type":"SearchAction","target":{"@type":"EntryPoint","urlTemplate":"https:\/\/aztex.ee\/hu\/?s={search_term_string}"},"query-input":{"@type":"PropertyValueSpecification","valueRequired":true,"valueName":"search_term_string"}}],"inLanguage":"hu"},{"@type":"Organization","@id":"https:\/\/aztex.ee\/hu\/#organization","name":"AZTEX","url":"https:\/\/aztex.ee\/hu\/","logo":{"@type":"ImageObject","inLanguage":"hu","@id":"https:\/\/aztex.ee\/hu\/#\/schema\/logo\/image\/","url":"https:\/\/aztex.ee\/wp-content\/uploads\/2026\/01\/AZTEX.png","contentUrl":"https:\/\/aztex.ee\/wp-content\/uploads\/2026\/01\/AZTEX.png","width":500,"height":500,"caption":"AZTEX"},"image":{"@id":"https:\/\/aztex.ee\/hu\/#\/schema\/logo\/image\/"},"sameAs":["https:\/\/www.facebook.com\/AztexEE","https:\/\/www.instagram.com\/aztexeesti\/","https:\/\/www.youtube.com\/@AZTEXEE","https:\/\/www.pinterest.com\/aztex_eesti\/","https:\/\/www.tiktok.com\/@aztexeesti","https:\/\/www.trustpilot.com\/review\/aztex.ee","https:\/\/www.linkedin.com\/company\/aztex-ee\/","https:\/\/www.wikidata.org\/wiki\/Q137560182"]}]}},"_links":{"self":[{"href":"https:\/\/aztex.ee\/hu\/wp-json\/wp\/v2\/product\/63687","targetHints":{"allow":["GET"]}}],"collection":[{"href":"https:\/\/aztex.ee\/hu\/wp-json\/wp\/v2\/product"}],"about":[{"href":"https:\/\/aztex.ee\/hu\/wp-json\/wp\/v2\/types\/product"}],"replies":[{"embeddable":true,"href":"https:\/\/aztex.ee\/hu\/wp-json\/wp\/v2\/comments?post=63687"}],"version-history":[{"count":0,"href":"https:\/\/aztex.ee\/hu\/wp-json\/wp\/v2\/product\/63687\/revisions"}],"wp:featuredmedia":[{"embeddable":true,"href":"https:\/\/aztex.ee\/hu\/wp-json\/wp\/v2\/media\/63712"}],"wp:attachment":[{"href":"https:\/\/aztex.ee\/hu\/wp-json\/wp\/v2\/media?parent=63687"}],"wp:term":[{"taxonomy":"product_brand","embeddable":true,"href":"https:\/\/aztex.ee\/hu\/wp-json\/wp\/v2\/product_brand?post=63687"},{"taxonomy":"product_cat","embeddable":true,"href":"https:\/\/aztex.ee\/hu\/wp-json\/wp\/v2\/product_cat?post=63687"},{"taxonomy":"product_tag","embeddable":true,"href":"https:\/\/aztex.ee\/hu\/wp-json\/wp\/v2\/product_tag?post=63687"}],"curies":[{"name":"wp","href":"https:\/\/api.w.org\/{rel}","templated":true}]}}