{"id":50138,"date":"2025-02-05T22:02:46","date_gmt":"2025-02-05T22:02:46","guid":{"rendered":"https:\/\/aztex.ee\/?post_type=product&#038;p=50138"},"modified":"2026-04-29T11:46:27","modified_gmt":"2026-04-29T11:46:27","slug":"raschel-takaro-200x230-cm","status":"publish","type":"product","link":"https:\/\/aztex.ee\/hu\/pood\/takarok-es-pledek\/raschel-takaro-200x230-cm\/","title":{"rendered":"Raschel takar\u00f3 200&#215;230 cm | 3,5 kg"},"content":{"rendered":"<p><strong>Raschel takar\u00f3 \u2013 luxus puhas\u00e1g \u00e9s st\u00edlus<\/strong><\/p>\n<p>A Raschel takar\u00f3 egy term\u00e9kben \u00f6tv\u00f6zi a melegs\u00e9get, a k\u00e9nyelmet \u00e9s a st\u00edlust. A f\u00e9ny\u0171z\u0151 puhas\u00e1g k\u00e9nyelmess\u00e9 \u00e9s \u00e9lvezetess\u00e9 teszi a mindennapi haszn\u00e1latot. A takar\u00f3 text\u00far\u00e1ja kellemes \u00e9lm\u00e9nyt ny\u00fajt, puha \u00e9s egyben kell\u0151en strapab\u00edr\u00f3 a hossz\u00fa t\u00e1v\u00fa haszn\u00e1lathoz. A k\u00fcl\u00f6nb\u00f6z\u0151 sz\u00ednt\u00f3nusok \u00e9s gy\u00f6ny\u00f6r\u0171 mint\u00e1k b\u00e1rmilyen bels\u0151 kialak\u00edt\u00e1sba illeszkednek, melegs\u00e9get, eleganci\u00e1t \u00e9s st\u00edlust k\u00f6lcs\u00f6n\u00f6zve a helyis\u00e9geknek.<\/p>\n<p>A Raschel takar\u00f3t nem csak az \u00e1gyban val\u00f3 haszn\u00e1latra tervezt\u00e9k, hanem a kanap\u00e9n vagy m\u00e1s olyan helyis\u00e9gekben is, ahol melegs\u00e9g \u00e9s f\u00e9ny\u0171z\u0151 hangulatot k\u00edv\u00e1nnak adni. A Raschel takar\u00f3 vastags\u00e1ga h\u0151tart\u00f3 hat\u00e1st biztos\u00edt, m\u00edg a puha text\u00fara minden haszn\u00e1latot k\u00fcl\u00f6nlegess\u00e9 \u00e9s k\u00e9nyelmess\u00e9 tesz.<\/p>\n<p><strong>Melegs\u00e9g \u00e9s k\u00e9nyelem<\/strong><\/p>\n<p>A Raschel takar\u00f3 kiv\u00e9teles meleget \u00e9s k\u00e9nyelmet k\u00edn\u00e1l, t\u00f6k\u00e9letes v\u00e1laszt\u00e1s a hidegebb napokra. H\u0151tart\u00f3 tulajdons\u00e1gai kellemes \u00e9s hangulatos k\u00f6rnyezetet biztos\u00edtanak, tov\u00e1bbi k\u00e9nyelmet biztos\u00edtva, ha meleg \u00e9s hangulatos k\u00f6rnyezetre van sz\u00fcks\u00e9g. A takar\u00f3 kialak\u00edt\u00e1s\u00e1t \u00fagy tervezt\u00e9k, hogy extra melegs\u00e9get biztos\u00edtson an\u00e9lk\u00fcl, hogy t\u00fal neh\u00e9z vagy k\u00e9nyelmetlen lenne.<\/p>\n<p><strong>Elegancia \u00e9s st\u00edlus minden szob\u00e1ban<\/strong><\/p>\n<p>A takar\u00f3 diz\u00e1jnja egyszer\u0171 \u00e9s eleg\u00e1ns, b\u00e1rmilyen bels\u0151 t\u00e9rbe illeszkedik. A klasszikus semlegest\u0151l a mer\u00e9szebb t\u00f3nusokig terjed\u0151 sz\u00ednv\u00e1laszt\u00e9k a Raschel takar\u00f3t b\u00e1rmilyen helyis\u00e9gbe alkalmass\u00e1 teszi, legyen az klasszikus, modern vagy minimalista. A takar\u00f3 melegs\u00e9get \u00e9s st\u00edlust k\u00f6lcs\u00f6n\u00f6z minden helyis\u00e9gnek, t\u00f6k\u00e9letes kieg\u00e9sz\u00edt\u0151je b\u00e1rmilyen bels\u0151 kialak\u00edt\u00e1snak. A takar\u00f3 diz\u00e1jnja b\u00e1rmilyen helyis\u00e9get kieg\u00e9sz\u00edt, melegs\u00e9get \u00e9s luxus hangulatot k\u00f6lcs\u00f6n\u00f6z. A Raschel takar\u00f3 az ide\u00e1lis term\u00e9k, amely a melegs\u00e9get, a k\u00e9nyelmet \u00e9s a st\u00edlust \u00f6tv\u00f6zi egyetlen luxus\u00e9lm\u00e9nyben.<\/p>\n","protected":false},"excerpt":{"rendered":"<ul>\n<li>Anyaga: Poli\u00e9szter<\/li>\n<li>M\u00e9rete: 200&#215;230 cm \u00b13<\/li>\n<li>S\u00faly: 3,5 kg<\/li>\n<\/ul>\n","protected":false},"featured_media":50245,"comment_status":"open","ping_status":"closed","template":"","meta":[],"product_brand":[],"product_cat":[3044,3087,1869],"product_tag":[],"class_list":{"0":"post-50138","1":"product","2":"type-product","3":"status-publish","4":"has-post-thumbnail","6":"product_cat-raschel-agytakarok","7":"product_cat-raschel-agytakarok-200x230-cm","8":"product_cat-takarok-es-pledek","10":"first","11":"instock","12":"shipping-taxable","13":"purchasable","14":"product-type-variable"},"yoast_head":"<!-- This site is optimized with the Yoast SEO plugin v27.6 - https:\/\/yoast.com\/product\/yoast-seo-wordpress\/ -->\n<title>K\u00e9tr\u00e9teg\u0171 puha takar\u00f3 200x230 cm | AZTEX<\/title>\n<meta name=\"description\" content=\"A Raschel takar\u00f3 a puhas\u00e1got \u00e9s az eleganci\u00e1t \u00f6tv\u00f6zi, \u00edgy b\u00e1rmilyen bels\u0151 t\u00e9rbe illeszkedik. Melegs\u00e9get \u00e9s luxus k\u00e9nyelmet k\u00edn\u00e1l, t\u00f6k\u00e9letes v\u00e1laszt\u00e1s ...\" \/>\n<meta name=\"robots\" content=\"index, follow, max-snippet:-1, max-image-preview:large, max-video-preview:-1\" \/>\n<link rel=\"canonical\" href=\"https:\/\/aztex.ee\/hu\/pood\/takarok-es-pledek\/raschel-takaro-200x230-cm\/\" \/>\n<meta property=\"og:locale\" content=\"hu_HU\" \/>\n<meta property=\"og:type\" content=\"article\" \/>\n<meta property=\"og:title\" content=\"K\u00e9tr\u00e9teg\u0171 puha takar\u00f3 200x230 cm | AZTEX\" \/>\n<meta property=\"og:description\" content=\"A Raschel takar\u00f3 a puhas\u00e1got \u00e9s az eleganci\u00e1t \u00f6tv\u00f6zi, \u00edgy b\u00e1rmilyen bels\u0151 t\u00e9rbe illeszkedik. Melegs\u00e9get \u00e9s luxus k\u00e9nyelmet k\u00edn\u00e1l, t\u00f6k\u00e9letes v\u00e1laszt\u00e1s ...\" \/>\n<meta property=\"og:url\" content=\"https:\/\/aztex.ee\/hu\/pood\/takarok-es-pledek\/raschel-takaro-200x230-cm\/\" \/>\n<meta property=\"og:site_name\" content=\"AZTEX\" \/>\n<meta property=\"article:publisher\" content=\"https:\/\/www.facebook.com\/AztexEE\" \/>\n<meta property=\"article:modified_time\" content=\"2026-04-29T11:46:27+00:00\" \/>\n<meta property=\"og:image\" content=\"https:\/\/aztex.ee\/wp-content\/uploads\/2025\/02\/Raschel-tekk.jpg\" \/>\n\t<meta property=\"og:image:width\" content=\"800\" \/>\n\t<meta property=\"og:image:height\" content=\"800\" \/>\n\t<meta property=\"og:image:type\" content=\"image\/jpeg\" \/>\n<meta name=\"twitter:card\" content=\"summary_large_image\" \/>\n<meta name=\"twitter:label1\" content=\"Becs\u00fclt olvas\u00e1si id\u0151\" \/>\n\t<meta name=\"twitter:data1\" content=\"2 perc\" \/>\n<script type=\"application\/ld+json\" class=\"yoast-schema-graph\">{\"@context\":\"https:\\\/\\\/schema.org\",\"@graph\":[{\"@type\":[\"WebPage\",\"ItemPage\"],\"@id\":\"https:\\\/\\\/aztex.ee\\\/hu\\\/pood\\\/takarok-es-pledek\\\/raschel-takaro-200x230-cm\\\/\",\"url\":\"https:\\\/\\\/aztex.ee\\\/hu\\\/pood\\\/takarok-es-pledek\\\/raschel-takaro-200x230-cm\\\/\",\"name\":\"K\u00e9tr\u00e9teg\u0171 puha takar\u00f3 200x230 cm | AZTEX\",\"isPartOf\":{\"@id\":\"https:\\\/\\\/aztex.ee\\\/hu\\\/#website\"},\"primaryImageOfPage\":{\"@id\":\"https:\\\/\\\/aztex.ee\\\/hu\\\/pood\\\/takarok-es-pledek\\\/raschel-takaro-200x230-cm\\\/#primaryimage\"},\"image\":{\"@id\":\"https:\\\/\\\/aztex.ee\\\/hu\\\/pood\\\/takarok-es-pledek\\\/raschel-takaro-200x230-cm\\\/#primaryimage\"},\"thumbnailUrl\":\"https:\\\/\\\/aztex.ee\\\/wp-content\\\/uploads\\\/2025\\\/02\\\/Raschel-tekk.jpg\",\"datePublished\":\"2025-02-05T22:02:46+00:00\",\"dateModified\":\"2026-04-29T11:46:27+00:00\",\"description\":\"A Raschel takar\u00f3 a puhas\u00e1got \u00e9s az eleganci\u00e1t \u00f6tv\u00f6zi, \u00edgy b\u00e1rmilyen bels\u0151 t\u00e9rbe illeszkedik. Melegs\u00e9get \u00e9s luxus k\u00e9nyelmet k\u00edn\u00e1l, t\u00f6k\u00e9letes v\u00e1laszt\u00e1s ...\",\"breadcrumb\":{\"@id\":\"https:\\\/\\\/aztex.ee\\\/hu\\\/pood\\\/takarok-es-pledek\\\/raschel-takaro-200x230-cm\\\/#breadcrumb\"},\"inLanguage\":\"hu\",\"potentialAction\":[{\"@type\":\"ReadAction\",\"target\":[\"https:\\\/\\\/aztex.ee\\\/hu\\\/pood\\\/takarok-es-pledek\\\/raschel-takaro-200x230-cm\\\/\"]}]},{\"@type\":\"ImageObject\",\"inLanguage\":\"hu\",\"@id\":\"https:\\\/\\\/aztex.ee\\\/hu\\\/pood\\\/takarok-es-pledek\\\/raschel-takaro-200x230-cm\\\/#primaryimage\",\"url\":\"https:\\\/\\\/aztex.ee\\\/wp-content\\\/uploads\\\/2025\\\/02\\\/Raschel-tekk.jpg\",\"contentUrl\":\"https:\\\/\\\/aztex.ee\\\/wp-content\\\/uploads\\\/2025\\\/02\\\/Raschel-tekk.jpg\",\"width\":800,\"height\":800,\"caption\":\"Raschel tekk\"},{\"@type\":\"BreadcrumbList\",\"@id\":\"https:\\\/\\\/aztex.ee\\\/hu\\\/pood\\\/takarok-es-pledek\\\/raschel-takaro-200x230-cm\\\/#breadcrumb\",\"itemListElement\":[{\"@type\":\"ListItem\",\"position\":1,\"name\":\"F\u0151oldal\",\"item\":\"https:\\\/\\\/aztex.ee\\\/hu\\\/\"},{\"@type\":\"ListItem\",\"position\":2,\"name\":\"Web\u00e1ruh\u00e1z\",\"item\":\"https:\\\/\\\/aztex.ee\\\/hu\\\/webaruhaz\\\/\"},{\"@type\":\"ListItem\",\"position\":3,\"name\":\"Raschel takar\u00f3 200&#215;230 cm | 3,5 kg\"}]},{\"@type\":\"WebSite\",\"@id\":\"https:\\\/\\\/aztex.ee\\\/hu\\\/#website\",\"url\":\"https:\\\/\\\/aztex.ee\\\/hu\\\/\",\"name\":\"AZTEX\",\"description\":\"\",\"publisher\":{\"@id\":\"https:\\\/\\\/aztex.ee\\\/hu\\\/#organization\"},\"potentialAction\":[{\"@type\":\"SearchAction\",\"target\":{\"@type\":\"EntryPoint\",\"urlTemplate\":\"https:\\\/\\\/aztex.ee\\\/hu\\\/?s={search_term_string}\"},\"query-input\":{\"@type\":\"PropertyValueSpecification\",\"valueRequired\":true,\"valueName\":\"search_term_string\"}}],\"inLanguage\":\"hu\"},{\"@type\":\"Organization\",\"@id\":\"https:\\\/\\\/aztex.ee\\\/hu\\\/#organization\",\"name\":\"AZTEX\",\"url\":\"https:\\\/\\\/aztex.ee\\\/hu\\\/\",\"logo\":{\"@type\":\"ImageObject\",\"inLanguage\":\"hu\",\"@id\":\"https:\\\/\\\/aztex.ee\\\/hu\\\/#\\\/schema\\\/logo\\\/image\\\/\",\"url\":\"https:\\\/\\\/aztex.ee\\\/wp-content\\\/uploads\\\/2026\\\/01\\\/AZTEX.png\",\"contentUrl\":\"https:\\\/\\\/aztex.ee\\\/wp-content\\\/uploads\\\/2026\\\/01\\\/AZTEX.png\",\"width\":500,\"height\":500,\"caption\":\"AZTEX\"},\"image\":{\"@id\":\"https:\\\/\\\/aztex.ee\\\/hu\\\/#\\\/schema\\\/logo\\\/image\\\/\"},\"sameAs\":[\"https:\\\/\\\/www.facebook.com\\\/AztexEE\",\"https:\\\/\\\/www.instagram.com\\\/aztexeesti\\\/\",\"https:\\\/\\\/www.youtube.com\\\/@AZTEXEE\",\"https:\\\/\\\/www.pinterest.com\\\/aztex_eesti\\\/\",\"https:\\\/\\\/www.tiktok.com\\\/@aztexeesti\",\"https:\\\/\\\/www.trustpilot.com\\\/review\\\/aztex.ee\",\"https:\\\/\\\/www.linkedin.com\\\/company\\\/aztex-ee\\\/\",\"https:\\\/\\\/www.wikidata.org\\\/wiki\\\/Q137560182\"]}]}<\/script>\n<!-- \/ Yoast SEO plugin. -->","yoast_head_json":{"title":"K\u00e9tr\u00e9teg\u0171 puha takar\u00f3 200x230 cm | AZTEX","description":"A Raschel takar\u00f3 a puhas\u00e1got \u00e9s az eleganci\u00e1t \u00f6tv\u00f6zi, \u00edgy b\u00e1rmilyen bels\u0151 t\u00e9rbe illeszkedik. Melegs\u00e9get \u00e9s luxus k\u00e9nyelmet k\u00edn\u00e1l, t\u00f6k\u00e9letes v\u00e1laszt\u00e1s ...","robots":{"index":"index","follow":"follow","max-snippet":"max-snippet:-1","max-image-preview":"max-image-preview:large","max-video-preview":"max-video-preview:-1"},"canonical":"https:\/\/aztex.ee\/hu\/pood\/takarok-es-pledek\/raschel-takaro-200x230-cm\/","og_locale":"hu_HU","og_type":"article","og_title":"K\u00e9tr\u00e9teg\u0171 puha takar\u00f3 200x230 cm | AZTEX","og_description":"A Raschel takar\u00f3 a puhas\u00e1got \u00e9s az eleganci\u00e1t \u00f6tv\u00f6zi, \u00edgy b\u00e1rmilyen bels\u0151 t\u00e9rbe illeszkedik. Melegs\u00e9get \u00e9s luxus k\u00e9nyelmet k\u00edn\u00e1l, t\u00f6k\u00e9letes v\u00e1laszt\u00e1s ...","og_url":"https:\/\/aztex.ee\/hu\/pood\/takarok-es-pledek\/raschel-takaro-200x230-cm\/","og_site_name":"AZTEX","article_publisher":"https:\/\/www.facebook.com\/AztexEE","article_modified_time":"2026-04-29T11:46:27+00:00","og_image":[{"width":800,"height":800,"url":"https:\/\/aztex.ee\/wp-content\/uploads\/2025\/02\/Raschel-tekk.jpg","type":"image\/jpeg"}],"twitter_card":"summary_large_image","twitter_misc":{"Becs\u00fclt olvas\u00e1si id\u0151":"2 perc"},"schema":{"@context":"https:\/\/schema.org","@graph":[{"@type":["WebPage","ItemPage"],"@id":"https:\/\/aztex.ee\/hu\/pood\/takarok-es-pledek\/raschel-takaro-200x230-cm\/","url":"https:\/\/aztex.ee\/hu\/pood\/takarok-es-pledek\/raschel-takaro-200x230-cm\/","name":"K\u00e9tr\u00e9teg\u0171 puha takar\u00f3 200x230 cm | AZTEX","isPartOf":{"@id":"https:\/\/aztex.ee\/hu\/#website"},"primaryImageOfPage":{"@id":"https:\/\/aztex.ee\/hu\/pood\/takarok-es-pledek\/raschel-takaro-200x230-cm\/#primaryimage"},"image":{"@id":"https:\/\/aztex.ee\/hu\/pood\/takarok-es-pledek\/raschel-takaro-200x230-cm\/#primaryimage"},"thumbnailUrl":"https:\/\/aztex.ee\/wp-content\/uploads\/2025\/02\/Raschel-tekk.jpg","datePublished":"2025-02-05T22:02:46+00:00","dateModified":"2026-04-29T11:46:27+00:00","description":"A Raschel takar\u00f3 a puhas\u00e1got \u00e9s az eleganci\u00e1t \u00f6tv\u00f6zi, \u00edgy b\u00e1rmilyen bels\u0151 t\u00e9rbe illeszkedik. Melegs\u00e9get \u00e9s luxus k\u00e9nyelmet k\u00edn\u00e1l, t\u00f6k\u00e9letes v\u00e1laszt\u00e1s ...","breadcrumb":{"@id":"https:\/\/aztex.ee\/hu\/pood\/takarok-es-pledek\/raschel-takaro-200x230-cm\/#breadcrumb"},"inLanguage":"hu","potentialAction":[{"@type":"ReadAction","target":["https:\/\/aztex.ee\/hu\/pood\/takarok-es-pledek\/raschel-takaro-200x230-cm\/"]}]},{"@type":"ImageObject","inLanguage":"hu","@id":"https:\/\/aztex.ee\/hu\/pood\/takarok-es-pledek\/raschel-takaro-200x230-cm\/#primaryimage","url":"https:\/\/aztex.ee\/wp-content\/uploads\/2025\/02\/Raschel-tekk.jpg","contentUrl":"https:\/\/aztex.ee\/wp-content\/uploads\/2025\/02\/Raschel-tekk.jpg","width":800,"height":800,"caption":"Raschel tekk"},{"@type":"BreadcrumbList","@id":"https:\/\/aztex.ee\/hu\/pood\/takarok-es-pledek\/raschel-takaro-200x230-cm\/#breadcrumb","itemListElement":[{"@type":"ListItem","position":1,"name":"F\u0151oldal","item":"https:\/\/aztex.ee\/hu\/"},{"@type":"ListItem","position":2,"name":"Web\u00e1ruh\u00e1z","item":"https:\/\/aztex.ee\/hu\/webaruhaz\/"},{"@type":"ListItem","position":3,"name":"Raschel takar\u00f3 200&#215;230 cm | 3,5 kg"}]},{"@type":"WebSite","@id":"https:\/\/aztex.ee\/hu\/#website","url":"https:\/\/aztex.ee\/hu\/","name":"AZTEX","description":"","publisher":{"@id":"https:\/\/aztex.ee\/hu\/#organization"},"potentialAction":[{"@type":"SearchAction","target":{"@type":"EntryPoint","urlTemplate":"https:\/\/aztex.ee\/hu\/?s={search_term_string}"},"query-input":{"@type":"PropertyValueSpecification","valueRequired":true,"valueName":"search_term_string"}}],"inLanguage":"hu"},{"@type":"Organization","@id":"https:\/\/aztex.ee\/hu\/#organization","name":"AZTEX","url":"https:\/\/aztex.ee\/hu\/","logo":{"@type":"ImageObject","inLanguage":"hu","@id":"https:\/\/aztex.ee\/hu\/#\/schema\/logo\/image\/","url":"https:\/\/aztex.ee\/wp-content\/uploads\/2026\/01\/AZTEX.png","contentUrl":"https:\/\/aztex.ee\/wp-content\/uploads\/2026\/01\/AZTEX.png","width":500,"height":500,"caption":"AZTEX"},"image":{"@id":"https:\/\/aztex.ee\/hu\/#\/schema\/logo\/image\/"},"sameAs":["https:\/\/www.facebook.com\/AztexEE","https:\/\/www.instagram.com\/aztexeesti\/","https:\/\/www.youtube.com\/@AZTEXEE","https:\/\/www.pinterest.com\/aztex_eesti\/","https:\/\/www.tiktok.com\/@aztexeesti","https:\/\/www.trustpilot.com\/review\/aztex.ee","https:\/\/www.linkedin.com\/company\/aztex-ee\/","https:\/\/www.wikidata.org\/wiki\/Q137560182"]}]}},"_links":{"self":[{"href":"https:\/\/aztex.ee\/hu\/wp-json\/wp\/v2\/product\/50138","targetHints":{"allow":["GET"]}}],"collection":[{"href":"https:\/\/aztex.ee\/hu\/wp-json\/wp\/v2\/product"}],"about":[{"href":"https:\/\/aztex.ee\/hu\/wp-json\/wp\/v2\/types\/product"}],"replies":[{"embeddable":true,"href":"https:\/\/aztex.ee\/hu\/wp-json\/wp\/v2\/comments?post=50138"}],"version-history":[{"count":0,"href":"https:\/\/aztex.ee\/hu\/wp-json\/wp\/v2\/product\/50138\/revisions"}],"wp:featuredmedia":[{"embeddable":true,"href":"https:\/\/aztex.ee\/hu\/wp-json\/wp\/v2\/media\/50245"}],"wp:attachment":[{"href":"https:\/\/aztex.ee\/hu\/wp-json\/wp\/v2\/media?parent=50138"}],"wp:term":[{"taxonomy":"product_brand","embeddable":true,"href":"https:\/\/aztex.ee\/hu\/wp-json\/wp\/v2\/product_brand?post=50138"},{"taxonomy":"product_cat","embeddable":true,"href":"https:\/\/aztex.ee\/hu\/wp-json\/wp\/v2\/product_cat?post=50138"},{"taxonomy":"product_tag","embeddable":true,"href":"https:\/\/aztex.ee\/hu\/wp-json\/wp\/v2\/product_tag?post=50138"}],"curies":[{"name":"wp","href":"https:\/\/api.w.org\/{rel}","templated":true}]}}