{"id":45990,"date":"2025-01-25T10:24:23","date_gmt":"2025-01-25T10:24:23","guid":{"rendered":"https:\/\/aztex.ee\/?post_type=product&#038;p=45990"},"modified":"2026-04-11T12:19:50","modified_gmt":"2026-04-11T12:19:50","slug":"bambusz-furdolepedo-70x140-cm","status":"publish","type":"product","link":"https:\/\/aztex.ee\/hu\/pood\/torolkozok-es-furdolepedok\/bambusz-furdolepedo-70x140-cm\/","title":{"rendered":"Bambusz f\u00fcrd\u0151leped\u0151 70&#215;140 cm"},"content":{"rendered":"<p><strong>Bambusz f\u00fcrd\u0151leped\u0151 \u2013 luxus \u00e9s praktikum a mindennapokban<\/strong><\/p>\n<p>A bambusz f\u00fcrd\u0151leped\u0151 a praktikum \u00e9s a luxus t\u00f6k\u00e9letes kombin\u00e1ci\u00f3ja, nem csup\u00e1n puhas\u00e1got k\u00edn\u00e1l. A 70&#215;140 cm-es f\u00fcrd\u0151leped\u0151 ide\u00e1lis v\u00e1laszt\u00e1s a mindennapi haszn\u00e1latra, kellemes k\u00e9nyelmet biztos\u00edt, mik\u00f6zben st\u00edlusos \u00e9s funkcion\u00e1lis kieg\u00e9sz\u00edt\u0151je a f\u00fcrd\u0151szob\u00e1nak.<\/p>\n<p><strong>Mi\u00e9rt v\u00e1lassz bambusz t\u00f6r\u00f6lk\u00f6z\u0151t?<\/strong><\/p>\n<p><strong>Szuper nedvsz\u00edv\u00f3 \u00e9s gyorsan sz\u00e1rad\u00f3:<\/strong><br \/>\nA bambuszsz\u00e1lak kiv\u00e9teles nedvsz\u00edv\u00f3 k\u00e9pess\u00e9g\u00fckr\u0151l ismertek. A t\u00f6r\u00f6lk\u00f6z\u0151 azonnal felsz\u00edvja a nedvess\u00e9get, sz\u00e1razon \u00e9s frissen hagyja a b\u0151rt, mik\u00f6zben maga a t\u00f6r\u00f6lk\u00f6z\u0151 gyorsabban sz\u00e1rad, mint a hagyom\u00e1nyos pamut t\u00f6r\u00f6lk\u00f6z\u0151k. Ez a funkci\u00f3 kiv\u00e1l\u00f3 v\u00e1laszt\u00e1ss\u00e1 teszi akt\u00edv \u00e9letm\u00f3dhoz \u00e9s gyakori haszn\u00e1lathoz is.<\/p>\n<p><strong>Term\u00e9szetes antibakteri\u00e1lis:<\/strong><br \/>\nA bambuszsz\u00e1lak term\u00e9szetes antibakteri\u00e1lis tulajdons\u00e1gai hosszabb ideig tartj\u00e1k frissen a t\u00f6r\u00f6lk\u00f6z\u0151t, megakad\u00e1lyozva a kellemetlen szagok kialakul\u00e1s\u00e1t, \u00e9s hosszabb haszn\u00e1lat ut\u00e1n is biztos\u00edtj\u00e1k a higi\u00e9ni\u00e1t. A bambusz f\u00fcrd\u0151leped\u0151 az \u00e9rz\u00e9keny b\u0151r\u0171ek sz\u00e1m\u00e1ra is remek v\u00e1laszt\u00e1s.<\/p>\n<p><strong>L\u00e1gys\u00e1g \u00e9s k\u00e9nyelem:<\/strong><br \/>\nA bambuszsz\u00e1lak selymes text\u00far\u00e1ja minden \u00e9rint\u00e9ssel k\u00e9nyezteti a b\u0151rt. A f\u00fcrd\u0151leped\u0151 ide\u00e1lis azok sz\u00e1m\u00e1ra, akik \u00e9rt\u00e9kelik a mindennapi luxus \u00e9rz\u00e9st, \u00e9s t\u00f6r\u0151dnek b\u0151r\u00fck j\u00f3 k\u00f6z\u00e9rzet\u00e9vel.<\/p>\n<p><strong>Id\u0151tlen \u00e9s st\u00edlusos design:<\/strong><br \/>\nA term\u00e9szetes megjelen\u00e9s \u00e9s a minimalista diz\u00e1jn miatt ez a f\u00fcrd\u0151leped\u0151 b\u00e1rmilyen f\u00fcrd\u0151szob\u00e1ba alkalmas &#8211; legyen az modern, klasszikus vagy term\u00e9szeti ihlet\u00e9s\u0171.<\/p>\n<p><strong>Tart\u00f3ss\u00e1g \u00e9s fenntarthat\u00f3s\u00e1g:<\/strong><br \/>\nA bambusz f\u00fcrd\u0151leped\u0151 nemcsak sz\u00e9p \u00e9s praktikus, hanem k\u00f6rnyezetbar\u00e1t v\u00e1laszt\u00e1s is. A bambusz egy gyorsan meg\u00fajul\u00f3 er\u0151forr\u00e1s, amely kevesebb vizet \u00e9s vegyszert haszn\u00e1l a termeszt\u00e9shez, mint a hagyom\u00e1nyos rostok. \u00cdgy \u00e9lvezheti a t\u00f6r\u00f6lk\u00f6z\u0151 luxus\u00e1t, tudva, hogy valami j\u00f3t tesz a term\u00e9szet\u00e9rt.<\/p>\n<p>Ez a t\u00f6r\u00f6lk\u00f6z\u0151 nem csak fogyaszt\u00e1si cikk \u2013 egy mindennapi \u00e9lvezet, amely egyes\u00edti a k\u00e9nyelmet, a min\u0151s\u00e9get \u00e9s a term\u00e9szet ir\u00e1nti t\u00f6r\u0151d\u00e9st. Ha egyszer kipr\u00f3b\u00e1lja, soha t\u00f6bb\u00e9 nem akar majd visszat\u00e9rni a hagyom\u00e1nyos t\u00f6r\u00f6lk\u00f6z\u0151kh\u00f6z. Rendeljen m\u00e9g ma, \u00e9s adjon puhas\u00e1got f\u00fcrd\u0151szob\u00e1j\u00e1nak, amely \u00e9vekig kitart!<\/p>\n","protected":false},"excerpt":{"rendered":"<ul>\n<li>Anyaga: 100% bambusz<\/li>\n<li>M\u00e9rete: 70\u00d7140 cm \u00b13<\/li>\n<li>S\u00faly: 520g\/m2<\/li>\n<\/ul>\n","protected":false},"featured_media":46111,"comment_status":"open","ping_status":"closed","template":"","meta":[],"product_brand":[],"product_cat":[1644,987,1593,1710,482],"product_tag":[],"class_list":{"0":"post-45990","1":"product","2":"type-product","3":"status-publish","4":"has-post-thumbnail","6":"product_cat-bambusz-furdolepedok","7":"product_cat-bambusz-torolkozok","8":"product_cat-furdolepedok","9":"product_cat-furdolepedok-70x140-cm","10":"product_cat-torolkozok-es-furdolepedok","12":"first","13":"instock","14":"shipping-taxable","15":"purchasable","16":"product-type-variable"},"yoast_head":"<!-- This site is optimized with the Yoast SEO plugin v27.4 - https:\/\/yoast.com\/product\/yoast-seo-wordpress\/ -->\n<title>Bambusz f\u00fcrd\u0151leped\u0151 70x140 cm | 100% bambusz - AZTEX<\/title>\n<meta name=\"description\" content=\"A 70x140 cm-es luxus \u00e9s puha bambusz f\u00fcrd\u0151leped\u0151 maxim\u00e1lis k\u00e9nyelmet, kiv\u00e1l\u00f3 nedvsz\u00edv\u00f3 k\u00e9pess\u00e9get \u00e9s k\u00edm\u00e9letes a b\u0151rh\u00f6z. | AZTEX lak\u00e1stextil\" \/>\n<meta name=\"robots\" content=\"index, follow, max-snippet:-1, max-image-preview:large, max-video-preview:-1\" \/>\n<link rel=\"canonical\" href=\"https:\/\/aztex.ee\/hu\/pood\/torolkozok-es-furdolepedok\/bambusz-furdolepedo-70x140-cm\/\" \/>\n<meta property=\"og:locale\" content=\"hu_HU\" \/>\n<meta property=\"og:type\" content=\"article\" \/>\n<meta property=\"og:title\" content=\"Bambusz f\u00fcrd\u0151leped\u0151 70x140 cm | 100% bambusz - AZTEX\" \/>\n<meta property=\"og:description\" content=\"A 70x140 cm-es luxus \u00e9s puha bambusz f\u00fcrd\u0151leped\u0151 maxim\u00e1lis k\u00e9nyelmet, kiv\u00e1l\u00f3 nedvsz\u00edv\u00f3 k\u00e9pess\u00e9get \u00e9s k\u00edm\u00e9letes a b\u0151rh\u00f6z. | AZTEX lak\u00e1stextil\" \/>\n<meta property=\"og:url\" content=\"https:\/\/aztex.ee\/hu\/pood\/torolkozok-es-furdolepedok\/bambusz-furdolepedo-70x140-cm\/\" \/>\n<meta property=\"og:site_name\" content=\"AZTEX\" \/>\n<meta property=\"article:publisher\" content=\"https:\/\/www.facebook.com\/AztexEE\" \/>\n<meta property=\"article:modified_time\" content=\"2026-04-11T12:19:50+00:00\" \/>\n<meta property=\"og:image\" content=\"https:\/\/aztex.ee\/wp-content\/uploads\/2025\/01\/Bambusest-vanniratikud.jpg\" \/>\n\t<meta property=\"og:image:width\" content=\"800\" \/>\n\t<meta property=\"og:image:height\" content=\"800\" \/>\n\t<meta property=\"og:image:type\" content=\"image\/jpeg\" \/>\n<meta name=\"twitter:card\" content=\"summary_large_image\" \/>\n<meta name=\"twitter:label1\" content=\"Becs\u00fclt olvas\u00e1si id\u0151\" \/>\n\t<meta name=\"twitter:data1\" content=\"2 perc\" \/>\n<script type=\"application\/ld+json\" class=\"yoast-schema-graph\">{\"@context\":\"https:\\\/\\\/schema.org\",\"@graph\":[{\"@type\":[\"WebPage\",\"ItemPage\"],\"@id\":\"https:\\\/\\\/aztex.ee\\\/hu\\\/pood\\\/torolkozok-es-furdolepedok\\\/bambusz-furdolepedo-70x140-cm\\\/\",\"url\":\"https:\\\/\\\/aztex.ee\\\/hu\\\/pood\\\/torolkozok-es-furdolepedok\\\/bambusz-furdolepedo-70x140-cm\\\/\",\"name\":\"Bambusz f\u00fcrd\u0151leped\u0151 70x140 cm | 100% bambusz - AZTEX\",\"isPartOf\":{\"@id\":\"https:\\\/\\\/aztex.ee\\\/hu\\\/#website\"},\"primaryImageOfPage\":{\"@id\":\"https:\\\/\\\/aztex.ee\\\/hu\\\/pood\\\/torolkozok-es-furdolepedok\\\/bambusz-furdolepedo-70x140-cm\\\/#primaryimage\"},\"image\":{\"@id\":\"https:\\\/\\\/aztex.ee\\\/hu\\\/pood\\\/torolkozok-es-furdolepedok\\\/bambusz-furdolepedo-70x140-cm\\\/#primaryimage\"},\"thumbnailUrl\":\"https:\\\/\\\/aztex.ee\\\/wp-content\\\/uploads\\\/2025\\\/01\\\/Bambusest-vanniratikud.jpg\",\"datePublished\":\"2025-01-25T10:24:23+00:00\",\"dateModified\":\"2026-04-11T12:19:50+00:00\",\"description\":\"A 70x140 cm-es luxus \u00e9s puha bambusz f\u00fcrd\u0151leped\u0151 maxim\u00e1lis k\u00e9nyelmet, kiv\u00e1l\u00f3 nedvsz\u00edv\u00f3 k\u00e9pess\u00e9get \u00e9s k\u00edm\u00e9letes a b\u0151rh\u00f6z. | AZTEX lak\u00e1stextil\",\"breadcrumb\":{\"@id\":\"https:\\\/\\\/aztex.ee\\\/hu\\\/pood\\\/torolkozok-es-furdolepedok\\\/bambusz-furdolepedo-70x140-cm\\\/#breadcrumb\"},\"inLanguage\":\"hu\",\"potentialAction\":[{\"@type\":\"ReadAction\",\"target\":[\"https:\\\/\\\/aztex.ee\\\/hu\\\/pood\\\/torolkozok-es-furdolepedok\\\/bambusz-furdolepedo-70x140-cm\\\/\"]}]},{\"@type\":\"ImageObject\",\"inLanguage\":\"hu\",\"@id\":\"https:\\\/\\\/aztex.ee\\\/hu\\\/pood\\\/torolkozok-es-furdolepedok\\\/bambusz-furdolepedo-70x140-cm\\\/#primaryimage\",\"url\":\"https:\\\/\\\/aztex.ee\\\/wp-content\\\/uploads\\\/2025\\\/01\\\/Bambusest-vanniratikud.jpg\",\"contentUrl\":\"https:\\\/\\\/aztex.ee\\\/wp-content\\\/uploads\\\/2025\\\/01\\\/Bambusest-vanniratikud.jpg\",\"width\":800,\"height\":800,\"caption\":\"Bambusest vannir\u00e4tikud\"},{\"@type\":\"BreadcrumbList\",\"@id\":\"https:\\\/\\\/aztex.ee\\\/hu\\\/pood\\\/torolkozok-es-furdolepedok\\\/bambusz-furdolepedo-70x140-cm\\\/#breadcrumb\",\"itemListElement\":[{\"@type\":\"ListItem\",\"position\":1,\"name\":\"F\u0151oldal\",\"item\":\"https:\\\/\\\/aztex.ee\\\/hu\\\/\"},{\"@type\":\"ListItem\",\"position\":2,\"name\":\"Web\u00e1ruh\u00e1z\",\"item\":\"https:\\\/\\\/aztex.ee\\\/hu\\\/webaruhaz\\\/\"},{\"@type\":\"ListItem\",\"position\":3,\"name\":\"Bambusz f\u00fcrd\u0151leped\u0151 70&#215;140 cm\"}]},{\"@type\":\"WebSite\",\"@id\":\"https:\\\/\\\/aztex.ee\\\/hu\\\/#website\",\"url\":\"https:\\\/\\\/aztex.ee\\\/hu\\\/\",\"name\":\"AZTEX\",\"description\":\"\",\"publisher\":{\"@id\":\"https:\\\/\\\/aztex.ee\\\/hu\\\/#organization\"},\"potentialAction\":[{\"@type\":\"SearchAction\",\"target\":{\"@type\":\"EntryPoint\",\"urlTemplate\":\"https:\\\/\\\/aztex.ee\\\/hu\\\/?s={search_term_string}\"},\"query-input\":{\"@type\":\"PropertyValueSpecification\",\"valueRequired\":true,\"valueName\":\"search_term_string\"}}],\"inLanguage\":\"hu\"},{\"@type\":\"Organization\",\"@id\":\"https:\\\/\\\/aztex.ee\\\/hu\\\/#organization\",\"name\":\"AZTEX\",\"url\":\"https:\\\/\\\/aztex.ee\\\/hu\\\/\",\"logo\":{\"@type\":\"ImageObject\",\"inLanguage\":\"hu\",\"@id\":\"https:\\\/\\\/aztex.ee\\\/hu\\\/#\\\/schema\\\/logo\\\/image\\\/\",\"url\":\"https:\\\/\\\/aztex.ee\\\/wp-content\\\/uploads\\\/2026\\\/01\\\/AZTEX.png\",\"contentUrl\":\"https:\\\/\\\/aztex.ee\\\/wp-content\\\/uploads\\\/2026\\\/01\\\/AZTEX.png\",\"width\":500,\"height\":500,\"caption\":\"AZTEX\"},\"image\":{\"@id\":\"https:\\\/\\\/aztex.ee\\\/hu\\\/#\\\/schema\\\/logo\\\/image\\\/\"},\"sameAs\":[\"https:\\\/\\\/www.facebook.com\\\/AztexEE\",\"https:\\\/\\\/www.instagram.com\\\/aztexeesti\\\/\",\"https:\\\/\\\/www.youtube.com\\\/@AZTEXEE\",\"https:\\\/\\\/www.pinterest.com\\\/aztex_eesti\\\/\",\"https:\\\/\\\/www.tiktok.com\\\/@aztexeesti\",\"https:\\\/\\\/www.trustpilot.com\\\/review\\\/aztex.ee\",\"https:\\\/\\\/www.linkedin.com\\\/company\\\/aztex-ee\\\/\",\"https:\\\/\\\/www.wikidata.org\\\/wiki\\\/Q137560182\"]}]}<\/script>\n<!-- \/ Yoast SEO plugin. -->","yoast_head_json":{"title":"Bambusz f\u00fcrd\u0151leped\u0151 70x140 cm | 100% bambusz - AZTEX","description":"A 70x140 cm-es luxus \u00e9s puha bambusz f\u00fcrd\u0151leped\u0151 maxim\u00e1lis k\u00e9nyelmet, kiv\u00e1l\u00f3 nedvsz\u00edv\u00f3 k\u00e9pess\u00e9get \u00e9s k\u00edm\u00e9letes a b\u0151rh\u00f6z. | AZTEX lak\u00e1stextil","robots":{"index":"index","follow":"follow","max-snippet":"max-snippet:-1","max-image-preview":"max-image-preview:large","max-video-preview":"max-video-preview:-1"},"canonical":"https:\/\/aztex.ee\/hu\/pood\/torolkozok-es-furdolepedok\/bambusz-furdolepedo-70x140-cm\/","og_locale":"hu_HU","og_type":"article","og_title":"Bambusz f\u00fcrd\u0151leped\u0151 70x140 cm | 100% bambusz - AZTEX","og_description":"A 70x140 cm-es luxus \u00e9s puha bambusz f\u00fcrd\u0151leped\u0151 maxim\u00e1lis k\u00e9nyelmet, kiv\u00e1l\u00f3 nedvsz\u00edv\u00f3 k\u00e9pess\u00e9get \u00e9s k\u00edm\u00e9letes a b\u0151rh\u00f6z. | AZTEX lak\u00e1stextil","og_url":"https:\/\/aztex.ee\/hu\/pood\/torolkozok-es-furdolepedok\/bambusz-furdolepedo-70x140-cm\/","og_site_name":"AZTEX","article_publisher":"https:\/\/www.facebook.com\/AztexEE","article_modified_time":"2026-04-11T12:19:50+00:00","og_image":[{"width":800,"height":800,"url":"https:\/\/aztex.ee\/wp-content\/uploads\/2025\/01\/Bambusest-vanniratikud.jpg","type":"image\/jpeg"}],"twitter_card":"summary_large_image","twitter_misc":{"Becs\u00fclt olvas\u00e1si id\u0151":"2 perc"},"schema":{"@context":"https:\/\/schema.org","@graph":[{"@type":["WebPage","ItemPage"],"@id":"https:\/\/aztex.ee\/hu\/pood\/torolkozok-es-furdolepedok\/bambusz-furdolepedo-70x140-cm\/","url":"https:\/\/aztex.ee\/hu\/pood\/torolkozok-es-furdolepedok\/bambusz-furdolepedo-70x140-cm\/","name":"Bambusz f\u00fcrd\u0151leped\u0151 70x140 cm | 100% bambusz - AZTEX","isPartOf":{"@id":"https:\/\/aztex.ee\/hu\/#website"},"primaryImageOfPage":{"@id":"https:\/\/aztex.ee\/hu\/pood\/torolkozok-es-furdolepedok\/bambusz-furdolepedo-70x140-cm\/#primaryimage"},"image":{"@id":"https:\/\/aztex.ee\/hu\/pood\/torolkozok-es-furdolepedok\/bambusz-furdolepedo-70x140-cm\/#primaryimage"},"thumbnailUrl":"https:\/\/aztex.ee\/wp-content\/uploads\/2025\/01\/Bambusest-vanniratikud.jpg","datePublished":"2025-01-25T10:24:23+00:00","dateModified":"2026-04-11T12:19:50+00:00","description":"A 70x140 cm-es luxus \u00e9s puha bambusz f\u00fcrd\u0151leped\u0151 maxim\u00e1lis k\u00e9nyelmet, kiv\u00e1l\u00f3 nedvsz\u00edv\u00f3 k\u00e9pess\u00e9get \u00e9s k\u00edm\u00e9letes a b\u0151rh\u00f6z. | AZTEX lak\u00e1stextil","breadcrumb":{"@id":"https:\/\/aztex.ee\/hu\/pood\/torolkozok-es-furdolepedok\/bambusz-furdolepedo-70x140-cm\/#breadcrumb"},"inLanguage":"hu","potentialAction":[{"@type":"ReadAction","target":["https:\/\/aztex.ee\/hu\/pood\/torolkozok-es-furdolepedok\/bambusz-furdolepedo-70x140-cm\/"]}]},{"@type":"ImageObject","inLanguage":"hu","@id":"https:\/\/aztex.ee\/hu\/pood\/torolkozok-es-furdolepedok\/bambusz-furdolepedo-70x140-cm\/#primaryimage","url":"https:\/\/aztex.ee\/wp-content\/uploads\/2025\/01\/Bambusest-vanniratikud.jpg","contentUrl":"https:\/\/aztex.ee\/wp-content\/uploads\/2025\/01\/Bambusest-vanniratikud.jpg","width":800,"height":800,"caption":"Bambusest vannir\u00e4tikud"},{"@type":"BreadcrumbList","@id":"https:\/\/aztex.ee\/hu\/pood\/torolkozok-es-furdolepedok\/bambusz-furdolepedo-70x140-cm\/#breadcrumb","itemListElement":[{"@type":"ListItem","position":1,"name":"F\u0151oldal","item":"https:\/\/aztex.ee\/hu\/"},{"@type":"ListItem","position":2,"name":"Web\u00e1ruh\u00e1z","item":"https:\/\/aztex.ee\/hu\/webaruhaz\/"},{"@type":"ListItem","position":3,"name":"Bambusz f\u00fcrd\u0151leped\u0151 70&#215;140 cm"}]},{"@type":"WebSite","@id":"https:\/\/aztex.ee\/hu\/#website","url":"https:\/\/aztex.ee\/hu\/","name":"AZTEX","description":"","publisher":{"@id":"https:\/\/aztex.ee\/hu\/#organization"},"potentialAction":[{"@type":"SearchAction","target":{"@type":"EntryPoint","urlTemplate":"https:\/\/aztex.ee\/hu\/?s={search_term_string}"},"query-input":{"@type":"PropertyValueSpecification","valueRequired":true,"valueName":"search_term_string"}}],"inLanguage":"hu"},{"@type":"Organization","@id":"https:\/\/aztex.ee\/hu\/#organization","name":"AZTEX","url":"https:\/\/aztex.ee\/hu\/","logo":{"@type":"ImageObject","inLanguage":"hu","@id":"https:\/\/aztex.ee\/hu\/#\/schema\/logo\/image\/","url":"https:\/\/aztex.ee\/wp-content\/uploads\/2026\/01\/AZTEX.png","contentUrl":"https:\/\/aztex.ee\/wp-content\/uploads\/2026\/01\/AZTEX.png","width":500,"height":500,"caption":"AZTEX"},"image":{"@id":"https:\/\/aztex.ee\/hu\/#\/schema\/logo\/image\/"},"sameAs":["https:\/\/www.facebook.com\/AztexEE","https:\/\/www.instagram.com\/aztexeesti\/","https:\/\/www.youtube.com\/@AZTEXEE","https:\/\/www.pinterest.com\/aztex_eesti\/","https:\/\/www.tiktok.com\/@aztexeesti","https:\/\/www.trustpilot.com\/review\/aztex.ee","https:\/\/www.linkedin.com\/company\/aztex-ee\/","https:\/\/www.wikidata.org\/wiki\/Q137560182"]}]}},"_links":{"self":[{"href":"https:\/\/aztex.ee\/hu\/wp-json\/wp\/v2\/product\/45990","targetHints":{"allow":["GET"]}}],"collection":[{"href":"https:\/\/aztex.ee\/hu\/wp-json\/wp\/v2\/product"}],"about":[{"href":"https:\/\/aztex.ee\/hu\/wp-json\/wp\/v2\/types\/product"}],"replies":[{"embeddable":true,"href":"https:\/\/aztex.ee\/hu\/wp-json\/wp\/v2\/comments?post=45990"}],"version-history":[{"count":0,"href":"https:\/\/aztex.ee\/hu\/wp-json\/wp\/v2\/product\/45990\/revisions"}],"wp:featuredmedia":[{"embeddable":true,"href":"https:\/\/aztex.ee\/hu\/wp-json\/wp\/v2\/media\/46111"}],"wp:attachment":[{"href":"https:\/\/aztex.ee\/hu\/wp-json\/wp\/v2\/media?parent=45990"}],"wp:term":[{"taxonomy":"product_brand","embeddable":true,"href":"https:\/\/aztex.ee\/hu\/wp-json\/wp\/v2\/product_brand?post=45990"},{"taxonomy":"product_cat","embeddable":true,"href":"https:\/\/aztex.ee\/hu\/wp-json\/wp\/v2\/product_cat?post=45990"},{"taxonomy":"product_tag","embeddable":true,"href":"https:\/\/aztex.ee\/hu\/wp-json\/wp\/v2\/product_tag?post=45990"}],"curies":[{"name":"wp","href":"https:\/\/api.w.org\/{rel}","templated":true}]}}