{"id":45757,"date":"2025-01-24T10:19:54","date_gmt":"2025-01-24T10:19:54","guid":{"rendered":"https:\/\/aztex.ee\/pood\/nem-kategorizalt\/vanniratik-80x160-cm\/"},"modified":"2026-04-09T15:47:41","modified_gmt":"2026-04-09T15:47:41","slug":"furdolepedo-80x160-cm","status":"publish","type":"product","link":"https:\/\/aztex.ee\/hu\/pood\/torolkozok-es-furdolepedok\/furdolepedo-80x160-cm\/","title":{"rendered":"F\u00fcrd\u0151leped\u0151 80&#215;160 cm"},"content":{"rendered":"<p><strong>Pamut f\u00fcrd\u0151leped\u0151 80\u00d7160 cm \u2013 a min\u0151s\u00e9g \u00e9s a k\u00e9nyelem t\u00f6k\u00e9letes egyens\u00falya.<\/strong><\/p>\n<p>Tapasztalja meg az igazi luxust \u00e9s a mindennapi k\u00e9nyelmet egy 100% pamut f\u00fcrd\u0151leped\u0151ben. Ez a kiv\u00e1l\u00f3 min\u0151s\u00e9g\u0171 pamutb\u00f3l k\u00e9sz\u00fclt f\u00fcrd\u0151leped\u0151 a tart\u00f3ss\u00e1got, a puhas\u00e1got \u00e9s a kiv\u00e1l\u00f3 nedvsz\u00edv\u00f3 k\u00e9pess\u00e9get \u00f6tv\u00f6zi, t\u00f6k\u00e9letes megold\u00e1st ny\u00fajtva minden pillanatra \u2013 legyen sz\u00f3 mindennapi haszn\u00e1latr\u00f3l vagy k\u00fcl\u00f6nlegesebb pillanatok \u00e9lvezet\u00e9r\u0151l.<\/p>\n<p><strong>Els\u0151 oszt\u00e1ly\u00fa anyag:<\/strong> A f\u00fcrd\u0151leped\u0151 100% pamutb\u00f3l k\u00e9sz\u00fclt, mely kiv\u00e9teles nedvsz\u00edv\u00f3 k\u00e9pess\u00e9get biztos\u00edt, mik\u00f6zben gyeng\u00e9d \u00e9s b\u0151rbar\u00e1t. A pamutsz\u00f6vet gyorsan \u00e9s hat\u00e9konyan sz\u00edvja fel a nedvess\u00e9get.<\/p>\n<p><strong>K\u00f6nnyen kezelhet\u0151, hosszan tart\u00f3 tart\u00f3ss\u00e1g:<\/strong> A g\u00e9pben moshat\u00f3 \u00e9s strapab\u00edr\u00f3 anyag biztos\u00edtja, hogy a f\u00fcrd\u0151leped\u0151 meg\u0151rizze min\u0151s\u00e9g\u00e9t \u00e9s megjelen\u00e9s\u00e9t t\u00f6bbsz\u00f6ri mos\u00e1s ut\u00e1n is. Hossz\u00fa \u00e9lettartama \u00e9s puhas\u00e1ga megb\u00edzhat\u00f3 t\u00e1rss\u00e1 teszi a mindennapokban.<\/p>\n<p><strong>T\u00f6k\u00e9letes m\u00e9ret \u00e9s k\u00e9nyelem:<\/strong> A 80\u00d7160 cm-es m\u00e9ret ide\u00e1lis mindennapi haszn\u00e1latra otthon, gy\u00f3gyf\u00fcrd\u0151ben vagy ak\u00e1r utaz\u00e1s k\u00f6zben is, minden helyzetben k\u00e9nyelmet biztos\u00edt.<\/p>\n<p><strong>Elegancia \u00e9s st\u00edlus:<\/strong> A f\u00fcrd\u0151leped\u0151 egyszer\u0171 \u00e9s id\u0151tlen kialak\u00edt\u00e1sa b\u00e1rmely f\u00fcrd\u0151szob\u00e1ba illeszkedik, meleget \u00e9s eleganci\u00e1t k\u00f6lcs\u00f6n\u00f6z a helyis\u00e9gnek. Ez egy olyan r\u00e9szlet, amely feldobja otthona bels\u0151 ter\u00e9t, ugyanakkor praktikum \u00e9s k\u00e9nyelmet biztos\u00edt.<\/p>\n<p>A pamut f\u00fcrd\u0151leped\u0151 ide\u00e1lis v\u00e1laszt\u00e1s mindennapi haszn\u00e1latra \u00e9s aj\u00e1nd\u00e9knak is. Kiv\u00e1l\u00f3 min\u0151s\u00e9g\u00e9nek \u00e9s st\u00edlus\u00e1nak egyens\u00falya minden f\u00fcrd\u0151szoba \u00e9rt\u00e9kes kieg\u00e9sz\u00edt\u0151j\u00e9v\u00e9 teszi, praktikus \u00e9s luxus egyar\u00e1nt.<\/p>\n","protected":false},"excerpt":{"rendered":"<ul>\n<li>Anyaga: 100% pamut<\/li>\n<li>M\u00e9rete: 80\u00d7160 cm \u00b13<\/li>\n<li>S\u00faly: 750g\/m2<\/li>\n<\/ul>\n","protected":false},"featured_media":44912,"comment_status":"open","ping_status":"closed","template":"","meta":[],"product_brand":[],"product_cat":[1593,1751,482],"product_tag":[],"class_list":{"0":"post-45757","1":"product","2":"type-product","3":"status-publish","4":"has-post-thumbnail","6":"product_cat-furdolepedok","7":"product_cat-furdolepedok-80x160-cm","8":"product_cat-torolkozok-es-furdolepedok","10":"first","11":"instock","12":"shipping-taxable","13":"purchasable","14":"product-type-variable"},"yoast_head":"<!-- This site is optimized with the Yoast SEO plugin v27.4 - https:\/\/yoast.com\/product\/yoast-seo-wordpress\/ -->\n<title>F\u00fcrd\u0151leped\u0151 80x160 cm | 100% pamut - AZTEX<\/title>\n<meta name=\"description\" content=\"100% pamut f\u00fcrd\u0151leped\u0151 80x160 cm m\u00e9ret\u0171, gyeng\u00e9d a b\u0151rh\u00f6z, puha text\u00far\u00e1j\u00e1val \u00e9s term\u00e9szetes anyag\u00e1val kellemes \u00e9rz\u00e9st kelt.\" \/>\n<meta name=\"robots\" content=\"index, follow, max-snippet:-1, max-image-preview:large, max-video-preview:-1\" \/>\n<link rel=\"canonical\" href=\"https:\/\/aztex.ee\/hu\/pood\/torolkozok-es-furdolepedok\/furdolepedo-80x160-cm\/\" \/>\n<meta property=\"og:locale\" content=\"hu_HU\" \/>\n<meta property=\"og:type\" content=\"article\" \/>\n<meta property=\"og:title\" content=\"F\u00fcrd\u0151leped\u0151 80x160 cm | 100% pamut - AZTEX\" \/>\n<meta property=\"og:description\" content=\"100% pamut f\u00fcrd\u0151leped\u0151 80x160 cm m\u00e9ret\u0171, gyeng\u00e9d a b\u0151rh\u00f6z, puha text\u00far\u00e1j\u00e1val \u00e9s term\u00e9szetes anyag\u00e1val kellemes \u00e9rz\u00e9st kelt.\" \/>\n<meta property=\"og:url\" content=\"https:\/\/aztex.ee\/hu\/pood\/torolkozok-es-furdolepedok\/furdolepedo-80x160-cm\/\" \/>\n<meta property=\"og:site_name\" content=\"AZTEX\" \/>\n<meta property=\"article:publisher\" content=\"https:\/\/www.facebook.com\/AztexEE\" \/>\n<meta property=\"article:modified_time\" content=\"2026-04-09T15:47:41+00:00\" \/>\n<meta property=\"og:image\" content=\"https:\/\/aztex.ee\/wp-content\/uploads\/2025\/01\/Vanniratikud-80x160-cm-1.jpg\" \/>\n\t<meta property=\"og:image:width\" content=\"800\" \/>\n\t<meta property=\"og:image:height\" content=\"800\" \/>\n\t<meta property=\"og:image:type\" content=\"image\/jpeg\" \/>\n<meta name=\"twitter:card\" content=\"summary_large_image\" \/>\n<meta name=\"twitter:label1\" content=\"Becs\u00fclt olvas\u00e1si id\u0151\" \/>\n\t<meta name=\"twitter:data1\" content=\"2 perc\" \/>\n<script type=\"application\/ld+json\" class=\"yoast-schema-graph\">{\"@context\":\"https:\\\/\\\/schema.org\",\"@graph\":[{\"@type\":[\"WebPage\",\"ItemPage\"],\"@id\":\"https:\\\/\\\/aztex.ee\\\/hu\\\/pood\\\/torolkozok-es-furdolepedok\\\/furdolepedo-80x160-cm\\\/\",\"url\":\"https:\\\/\\\/aztex.ee\\\/hu\\\/pood\\\/torolkozok-es-furdolepedok\\\/furdolepedo-80x160-cm\\\/\",\"name\":\"F\u00fcrd\u0151leped\u0151 80x160 cm | 100% pamut - AZTEX\",\"isPartOf\":{\"@id\":\"https:\\\/\\\/aztex.ee\\\/hu\\\/#website\"},\"primaryImageOfPage\":{\"@id\":\"https:\\\/\\\/aztex.ee\\\/hu\\\/pood\\\/torolkozok-es-furdolepedok\\\/furdolepedo-80x160-cm\\\/#primaryimage\"},\"image\":{\"@id\":\"https:\\\/\\\/aztex.ee\\\/hu\\\/pood\\\/torolkozok-es-furdolepedok\\\/furdolepedo-80x160-cm\\\/#primaryimage\"},\"thumbnailUrl\":\"https:\\\/\\\/aztex.ee\\\/wp-content\\\/uploads\\\/2025\\\/01\\\/Vanniratikud-80x160-cm-1.jpg\",\"datePublished\":\"2025-01-24T10:19:54+00:00\",\"dateModified\":\"2026-04-09T15:47:41+00:00\",\"description\":\"100% pamut f\u00fcrd\u0151leped\u0151 80x160 cm m\u00e9ret\u0171, gyeng\u00e9d a b\u0151rh\u00f6z, puha text\u00far\u00e1j\u00e1val \u00e9s term\u00e9szetes anyag\u00e1val kellemes \u00e9rz\u00e9st kelt.\",\"breadcrumb\":{\"@id\":\"https:\\\/\\\/aztex.ee\\\/hu\\\/pood\\\/torolkozok-es-furdolepedok\\\/furdolepedo-80x160-cm\\\/#breadcrumb\"},\"inLanguage\":\"hu\",\"potentialAction\":[{\"@type\":\"ReadAction\",\"target\":[\"https:\\\/\\\/aztex.ee\\\/hu\\\/pood\\\/torolkozok-es-furdolepedok\\\/furdolepedo-80x160-cm\\\/\"]}]},{\"@type\":\"ImageObject\",\"inLanguage\":\"hu\",\"@id\":\"https:\\\/\\\/aztex.ee\\\/hu\\\/pood\\\/torolkozok-es-furdolepedok\\\/furdolepedo-80x160-cm\\\/#primaryimage\",\"url\":\"https:\\\/\\\/aztex.ee\\\/wp-content\\\/uploads\\\/2025\\\/01\\\/Vanniratikud-80x160-cm-1.jpg\",\"contentUrl\":\"https:\\\/\\\/aztex.ee\\\/wp-content\\\/uploads\\\/2025\\\/01\\\/Vanniratikud-80x160-cm-1.jpg\",\"width\":800,\"height\":800,\"caption\":\"Vannir\u00e4tikud 80x160 cm\"},{\"@type\":\"BreadcrumbList\",\"@id\":\"https:\\\/\\\/aztex.ee\\\/hu\\\/pood\\\/torolkozok-es-furdolepedok\\\/furdolepedo-80x160-cm\\\/#breadcrumb\",\"itemListElement\":[{\"@type\":\"ListItem\",\"position\":1,\"name\":\"F\u0151oldal\",\"item\":\"https:\\\/\\\/aztex.ee\\\/hu\\\/\"},{\"@type\":\"ListItem\",\"position\":2,\"name\":\"Web\u00e1ruh\u00e1z\",\"item\":\"https:\\\/\\\/aztex.ee\\\/hu\\\/webaruhaz\\\/\"},{\"@type\":\"ListItem\",\"position\":3,\"name\":\"F\u00fcrd\u0151leped\u0151 80&#215;160 cm\"}]},{\"@type\":\"WebSite\",\"@id\":\"https:\\\/\\\/aztex.ee\\\/hu\\\/#website\",\"url\":\"https:\\\/\\\/aztex.ee\\\/hu\\\/\",\"name\":\"AZTEX\",\"description\":\"\",\"publisher\":{\"@id\":\"https:\\\/\\\/aztex.ee\\\/hu\\\/#organization\"},\"potentialAction\":[{\"@type\":\"SearchAction\",\"target\":{\"@type\":\"EntryPoint\",\"urlTemplate\":\"https:\\\/\\\/aztex.ee\\\/hu\\\/?s={search_term_string}\"},\"query-input\":{\"@type\":\"PropertyValueSpecification\",\"valueRequired\":true,\"valueName\":\"search_term_string\"}}],\"inLanguage\":\"hu\"},{\"@type\":\"Organization\",\"@id\":\"https:\\\/\\\/aztex.ee\\\/hu\\\/#organization\",\"name\":\"AZTEX\",\"url\":\"https:\\\/\\\/aztex.ee\\\/hu\\\/\",\"logo\":{\"@type\":\"ImageObject\",\"inLanguage\":\"hu\",\"@id\":\"https:\\\/\\\/aztex.ee\\\/hu\\\/#\\\/schema\\\/logo\\\/image\\\/\",\"url\":\"https:\\\/\\\/aztex.ee\\\/wp-content\\\/uploads\\\/2026\\\/01\\\/AZTEX.png\",\"contentUrl\":\"https:\\\/\\\/aztex.ee\\\/wp-content\\\/uploads\\\/2026\\\/01\\\/AZTEX.png\",\"width\":500,\"height\":500,\"caption\":\"AZTEX\"},\"image\":{\"@id\":\"https:\\\/\\\/aztex.ee\\\/hu\\\/#\\\/schema\\\/logo\\\/image\\\/\"},\"sameAs\":[\"https:\\\/\\\/www.facebook.com\\\/AztexEE\",\"https:\\\/\\\/www.instagram.com\\\/aztexeesti\\\/\",\"https:\\\/\\\/www.youtube.com\\\/@AZTEXEE\",\"https:\\\/\\\/www.pinterest.com\\\/aztex_eesti\\\/\",\"https:\\\/\\\/www.tiktok.com\\\/@aztexeesti\",\"https:\\\/\\\/www.trustpilot.com\\\/review\\\/aztex.ee\",\"https:\\\/\\\/www.linkedin.com\\\/company\\\/aztex-ee\\\/\",\"https:\\\/\\\/www.wikidata.org\\\/wiki\\\/Q137560182\"]}]}<\/script>\n<!-- \/ Yoast SEO plugin. -->","yoast_head_json":{"title":"F\u00fcrd\u0151leped\u0151 80x160 cm | 100% pamut - AZTEX","description":"100% pamut f\u00fcrd\u0151leped\u0151 80x160 cm m\u00e9ret\u0171, gyeng\u00e9d a b\u0151rh\u00f6z, puha text\u00far\u00e1j\u00e1val \u00e9s term\u00e9szetes anyag\u00e1val kellemes \u00e9rz\u00e9st kelt.","robots":{"index":"index","follow":"follow","max-snippet":"max-snippet:-1","max-image-preview":"max-image-preview:large","max-video-preview":"max-video-preview:-1"},"canonical":"https:\/\/aztex.ee\/hu\/pood\/torolkozok-es-furdolepedok\/furdolepedo-80x160-cm\/","og_locale":"hu_HU","og_type":"article","og_title":"F\u00fcrd\u0151leped\u0151 80x160 cm | 100% pamut - AZTEX","og_description":"100% pamut f\u00fcrd\u0151leped\u0151 80x160 cm m\u00e9ret\u0171, gyeng\u00e9d a b\u0151rh\u00f6z, puha text\u00far\u00e1j\u00e1val \u00e9s term\u00e9szetes anyag\u00e1val kellemes \u00e9rz\u00e9st kelt.","og_url":"https:\/\/aztex.ee\/hu\/pood\/torolkozok-es-furdolepedok\/furdolepedo-80x160-cm\/","og_site_name":"AZTEX","article_publisher":"https:\/\/www.facebook.com\/AztexEE","article_modified_time":"2026-04-09T15:47:41+00:00","og_image":[{"width":800,"height":800,"url":"https:\/\/aztex.ee\/wp-content\/uploads\/2025\/01\/Vanniratikud-80x160-cm-1.jpg","type":"image\/jpeg"}],"twitter_card":"summary_large_image","twitter_misc":{"Becs\u00fclt olvas\u00e1si id\u0151":"2 perc"},"schema":{"@context":"https:\/\/schema.org","@graph":[{"@type":["WebPage","ItemPage"],"@id":"https:\/\/aztex.ee\/hu\/pood\/torolkozok-es-furdolepedok\/furdolepedo-80x160-cm\/","url":"https:\/\/aztex.ee\/hu\/pood\/torolkozok-es-furdolepedok\/furdolepedo-80x160-cm\/","name":"F\u00fcrd\u0151leped\u0151 80x160 cm | 100% pamut - AZTEX","isPartOf":{"@id":"https:\/\/aztex.ee\/hu\/#website"},"primaryImageOfPage":{"@id":"https:\/\/aztex.ee\/hu\/pood\/torolkozok-es-furdolepedok\/furdolepedo-80x160-cm\/#primaryimage"},"image":{"@id":"https:\/\/aztex.ee\/hu\/pood\/torolkozok-es-furdolepedok\/furdolepedo-80x160-cm\/#primaryimage"},"thumbnailUrl":"https:\/\/aztex.ee\/wp-content\/uploads\/2025\/01\/Vanniratikud-80x160-cm-1.jpg","datePublished":"2025-01-24T10:19:54+00:00","dateModified":"2026-04-09T15:47:41+00:00","description":"100% pamut f\u00fcrd\u0151leped\u0151 80x160 cm m\u00e9ret\u0171, gyeng\u00e9d a b\u0151rh\u00f6z, puha text\u00far\u00e1j\u00e1val \u00e9s term\u00e9szetes anyag\u00e1val kellemes \u00e9rz\u00e9st kelt.","breadcrumb":{"@id":"https:\/\/aztex.ee\/hu\/pood\/torolkozok-es-furdolepedok\/furdolepedo-80x160-cm\/#breadcrumb"},"inLanguage":"hu","potentialAction":[{"@type":"ReadAction","target":["https:\/\/aztex.ee\/hu\/pood\/torolkozok-es-furdolepedok\/furdolepedo-80x160-cm\/"]}]},{"@type":"ImageObject","inLanguage":"hu","@id":"https:\/\/aztex.ee\/hu\/pood\/torolkozok-es-furdolepedok\/furdolepedo-80x160-cm\/#primaryimage","url":"https:\/\/aztex.ee\/wp-content\/uploads\/2025\/01\/Vanniratikud-80x160-cm-1.jpg","contentUrl":"https:\/\/aztex.ee\/wp-content\/uploads\/2025\/01\/Vanniratikud-80x160-cm-1.jpg","width":800,"height":800,"caption":"Vannir\u00e4tikud 80x160 cm"},{"@type":"BreadcrumbList","@id":"https:\/\/aztex.ee\/hu\/pood\/torolkozok-es-furdolepedok\/furdolepedo-80x160-cm\/#breadcrumb","itemListElement":[{"@type":"ListItem","position":1,"name":"F\u0151oldal","item":"https:\/\/aztex.ee\/hu\/"},{"@type":"ListItem","position":2,"name":"Web\u00e1ruh\u00e1z","item":"https:\/\/aztex.ee\/hu\/webaruhaz\/"},{"@type":"ListItem","position":3,"name":"F\u00fcrd\u0151leped\u0151 80&#215;160 cm"}]},{"@type":"WebSite","@id":"https:\/\/aztex.ee\/hu\/#website","url":"https:\/\/aztex.ee\/hu\/","name":"AZTEX","description":"","publisher":{"@id":"https:\/\/aztex.ee\/hu\/#organization"},"potentialAction":[{"@type":"SearchAction","target":{"@type":"EntryPoint","urlTemplate":"https:\/\/aztex.ee\/hu\/?s={search_term_string}"},"query-input":{"@type":"PropertyValueSpecification","valueRequired":true,"valueName":"search_term_string"}}],"inLanguage":"hu"},{"@type":"Organization","@id":"https:\/\/aztex.ee\/hu\/#organization","name":"AZTEX","url":"https:\/\/aztex.ee\/hu\/","logo":{"@type":"ImageObject","inLanguage":"hu","@id":"https:\/\/aztex.ee\/hu\/#\/schema\/logo\/image\/","url":"https:\/\/aztex.ee\/wp-content\/uploads\/2026\/01\/AZTEX.png","contentUrl":"https:\/\/aztex.ee\/wp-content\/uploads\/2026\/01\/AZTEX.png","width":500,"height":500,"caption":"AZTEX"},"image":{"@id":"https:\/\/aztex.ee\/hu\/#\/schema\/logo\/image\/"},"sameAs":["https:\/\/www.facebook.com\/AztexEE","https:\/\/www.instagram.com\/aztexeesti\/","https:\/\/www.youtube.com\/@AZTEXEE","https:\/\/www.pinterest.com\/aztex_eesti\/","https:\/\/www.tiktok.com\/@aztexeesti","https:\/\/www.trustpilot.com\/review\/aztex.ee","https:\/\/www.linkedin.com\/company\/aztex-ee\/","https:\/\/www.wikidata.org\/wiki\/Q137560182"]}]}},"_links":{"self":[{"href":"https:\/\/aztex.ee\/hu\/wp-json\/wp\/v2\/product\/45757","targetHints":{"allow":["GET"]}}],"collection":[{"href":"https:\/\/aztex.ee\/hu\/wp-json\/wp\/v2\/product"}],"about":[{"href":"https:\/\/aztex.ee\/hu\/wp-json\/wp\/v2\/types\/product"}],"replies":[{"embeddable":true,"href":"https:\/\/aztex.ee\/hu\/wp-json\/wp\/v2\/comments?post=45757"}],"version-history":[{"count":0,"href":"https:\/\/aztex.ee\/hu\/wp-json\/wp\/v2\/product\/45757\/revisions"}],"wp:featuredmedia":[{"embeddable":true,"href":"https:\/\/aztex.ee\/hu\/wp-json\/wp\/v2\/media\/44912"}],"wp:attachment":[{"href":"https:\/\/aztex.ee\/hu\/wp-json\/wp\/v2\/media?parent=45757"}],"wp:term":[{"taxonomy":"product_brand","embeddable":true,"href":"https:\/\/aztex.ee\/hu\/wp-json\/wp\/v2\/product_brand?post=45757"},{"taxonomy":"product_cat","embeddable":true,"href":"https:\/\/aztex.ee\/hu\/wp-json\/wp\/v2\/product_cat?post=45757"},{"taxonomy":"product_tag","embeddable":true,"href":"https:\/\/aztex.ee\/hu\/wp-json\/wp\/v2\/product_tag?post=45757"}],"curies":[{"name":"wp","href":"https:\/\/api.w.org\/{rel}","templated":true}]}}