{"id":42716,"date":"2025-01-13T10:15:39","date_gmt":"2025-01-13T10:15:39","guid":{"rendered":"https:\/\/aztex.ee\/?post_type=product&#038;p=42716"},"modified":"2026-03-22T17:46:20","modified_gmt":"2026-03-22T17:46:20","slug":"bambusz-torolkozo-keszlet-6-db","status":"publish","type":"product","link":"https:\/\/aztex.ee\/hu\/pood\/torolkozok-es-furdolepedok\/bambusz-torolkozo-keszlet-6-db\/","title":{"rendered":"Bambusz t\u00f6r\u00f6lk\u00f6z\u0151 k\u00e9szlet 6 db"},"content":{"rendered":"<p>6 db 35\u00d775 cm-es t\u00f6r\u00f6lk\u00f6z\u0151t tartalmaz\u00f3 bambusz t\u00f6r\u00f6lk\u00f6z\u0151 szett mindennapi haszn\u00e1latra vagy aj\u00e1nd\u00e9knak is remek v\u00e1laszt\u00e1s. Ezek a t\u00f6r\u00f6lk\u00f6z\u0151k bambuszsz\u00e1lb\u00f3l k\u00e9sz\u00fclnek, amely kiv\u00e9teles puhas\u00e1g\u00e1r\u00f3l \u00e9s b\u0151rbar\u00e1ts\u00e1g\u00e1r\u00f3l ismert. Term\u00e9szetes hipoallerg\u00e9n \u00e9s antibakteri\u00e1lis tulajdons\u00e1gaiknak k\u00f6sz\u00f6nhet\u0151en m\u00e9g a leg\u00e9rz\u00e9kenyebb b\u0151rre is alkalmasak, bele\u00e9rtve a csecsem\u0151ket \u00e9s a kisgyermekeket is, gyeng\u00e9d \u00e1pol\u00e1st \u00e9s k\u00e9nyelmet biztos\u00edtva.<\/p>\n<p>A bambusz t\u00f6r\u00f6lk\u00f6z\u0151k nedvsz\u00edv\u00f3 k\u00e9pess\u00e9ge leny\u0171g\u00f6z\u0151 &#8211; t\u00f6bbsz\u00f6r\u00f6sen t\u00f6bb vizet k\u00e9pesek felsz\u00edvni, mint a hagyom\u00e1nyos pamut t\u00f6r\u00f6lk\u00f6z\u0151k. R\u00e1ad\u00e1sul gyorsabban sz\u00e1radnak, \u00edgy a mindennapi haszn\u00e1lat sor\u00e1n is frissek \u00e9s kellemesek maradnak. A t\u00f6r\u00f6lk\u00f6z\u0151k k\u00f6nny\u0171s\u00e9ge \u00e9s hat\u00e9konys\u00e1ga kiv\u00e1l\u00f3 v\u00e1laszt\u00e1ss\u00e1 teszi \u0151ket otthon \u00e9s utaz\u00e1s k\u00f6zben is.<\/p>\n<p>K\u00f6nnyen kezelhet\u0151 &#8211; alacsony h\u0151m\u00e9rs\u00e9kleten mos\u00f3g\u00e9pben moshat\u00f3k, a t\u00f6r\u00f6lk\u00f6z\u0151k pedig t\u00f6bbsz\u00f6ri mos\u00e1s ut\u00e1n is meg\u0151rzik puhas\u00e1gukat \u00e9s kellemes megjelen\u00e9s\u00fcket. Sokoldal\u00fa kialak\u00edt\u00e1suk sokf\u00e9le f\u00fcrd\u0151szobast\u00edlushoz illeszkedik, legyen sz\u00f3 klasszikus monokr\u00f3m megold\u00e1sr\u00f3l vagy modern sz\u00edn\u00f6ssze\u00e1ll\u00edt\u00e1sokr\u00f3l, amelyek egy\u00e9nis\u00e9get \u00e9s l\u00e1tv\u00e1nyt ny\u00fajtanak.<\/p>\n<p>Ez a k\u00e9szlet a min\u0151s\u00e9g \u00e9s a felhaszn\u00e1l\u00f3bar\u00e1ts\u00e1g t\u00f6k\u00e9letes kombin\u00e1ci\u00f3j\u00e1t k\u00edn\u00e1lja, mik\u00f6zben tart\u00f3s \u00e9s eszt\u00e9tikus is. A bambusz t\u00f6r\u00f6lk\u00f6z\u0151k nemcsak praktikusak, hanem kellemesen is haszn\u00e1lhat\u00f3k, \u00edgy a mindennapi rutin m\u00e9g \u00e9lvezetesebb\u00e9 v\u00e1lik. Olyan emberek sz\u00e1m\u00e1ra k\u00e9sz\u00fcltek, akik \u00e9rt\u00e9kelik a funkcionalit\u00e1st \u00e9s a st\u00edlust egyar\u00e1nt.<\/p>\n","protected":false},"excerpt":{"rendered":"<ul>\n<li>Anyaga: 100% bambusz<\/li>\n<li>M\u00e9rete: 35\u00d775 cm \u00b13<\/li>\n<li>S\u00faly: 420g\/m2<\/li>\n<li>A k\u00e9szlet tartalma: 6 db<\/li>\n<\/ul>\n","protected":false},"featured_media":42833,"comment_status":"open","ping_status":"closed","template":"","meta":[],"product_brand":[],"product_cat":[1622,1666,987,777,1571,1732,482],"product_tag":[],"class_list":{"0":"post-42716","1":"product","2":"type-product","3":"status-publish","4":"has-post-thumbnail","6":"product_cat-bambusz-keztorlok","7":"product_cat-bambusz-torolkozo-szettek","8":"product_cat-bambusz-torolkozok","9":"product_cat-torolkozo-35x75-cm","10":"product_cat-torolkozo-szettek","11":"product_cat-torolkozok","12":"product_cat-torolkozok-es-furdolepedok","14":"first","15":"instock","16":"shipping-taxable","17":"purchasable","18":"product-type-variable"},"yoast_head":"<!-- This site is optimized with the Yoast SEO plugin v27.3 - https:\/\/yoast.com\/product\/yoast-seo-wordpress\/ -->\n<title>Bambusz t\u00f6r\u00f6lk\u00f6z\u0151 k\u00e9szlet 6 db | AZTEX<\/title>\n<meta name=\"description\" content=\"A 6 r\u00e9szes bambusz t\u00f6r\u00f6lk\u00f6z\u0151 k\u00e9szlet puha, tart\u00f3s, praktikus \u00e9s st\u00edlusos, ide\u00e1lis a k\u00e9z, az arc \u00e9s a test mindennapi sz\u00e1r\u00edt\u00e1s\u00e1hoz.\" \/>\n<meta name=\"robots\" content=\"index, follow, max-snippet:-1, max-image-preview:large, max-video-preview:-1\" \/>\n<link rel=\"canonical\" href=\"https:\/\/aztex.ee\/hu\/pood\/torolkozok-es-furdolepedok\/bambusz-torolkozo-keszlet-6-db\/\" \/>\n<meta property=\"og:locale\" content=\"hu_HU\" \/>\n<meta property=\"og:type\" content=\"article\" \/>\n<meta property=\"og:title\" content=\"Bambusz t\u00f6r\u00f6lk\u00f6z\u0151 k\u00e9szlet 6 db | AZTEX\" \/>\n<meta property=\"og:description\" content=\"A 6 r\u00e9szes bambusz t\u00f6r\u00f6lk\u00f6z\u0151 k\u00e9szlet puha, tart\u00f3s, praktikus \u00e9s st\u00edlusos, ide\u00e1lis a k\u00e9z, az arc \u00e9s a test mindennapi sz\u00e1r\u00edt\u00e1s\u00e1hoz.\" \/>\n<meta property=\"og:url\" content=\"https:\/\/aztex.ee\/hu\/pood\/torolkozok-es-furdolepedok\/bambusz-torolkozo-keszlet-6-db\/\" \/>\n<meta property=\"og:site_name\" content=\"AZTEX\" \/>\n<meta property=\"article:publisher\" content=\"https:\/\/www.facebook.com\/AztexEE\" \/>\n<meta property=\"article:modified_time\" content=\"2026-03-22T17:46:20+00:00\" \/>\n<meta property=\"og:image\" content=\"https:\/\/aztex.ee\/wp-content\/uploads\/2025\/01\/Bambusest-kateratikute-komplekt.jpg\" \/>\n\t<meta property=\"og:image:width\" content=\"800\" \/>\n\t<meta property=\"og:image:height\" content=\"800\" \/>\n\t<meta property=\"og:image:type\" content=\"image\/jpeg\" \/>\n<meta name=\"twitter:card\" content=\"summary_large_image\" \/>\n<meta name=\"twitter:label1\" content=\"Becs\u00fclt olvas\u00e1si id\u0151\" \/>\n\t<meta name=\"twitter:data1\" content=\"2 perc\" \/>\n<script type=\"application\/ld+json\" class=\"yoast-schema-graph\">{\"@context\":\"https:\\\/\\\/schema.org\",\"@graph\":[{\"@type\":[\"WebPage\",\"ItemPage\"],\"@id\":\"https:\\\/\\\/aztex.ee\\\/hu\\\/pood\\\/torolkozok-es-furdolepedok\\\/bambusz-torolkozo-keszlet-6-db\\\/\",\"url\":\"https:\\\/\\\/aztex.ee\\\/hu\\\/pood\\\/torolkozok-es-furdolepedok\\\/bambusz-torolkozo-keszlet-6-db\\\/\",\"name\":\"Bambusz t\u00f6r\u00f6lk\u00f6z\u0151 k\u00e9szlet 6 db | AZTEX\",\"isPartOf\":{\"@id\":\"https:\\\/\\\/aztex.ee\\\/hu\\\/#website\"},\"primaryImageOfPage\":{\"@id\":\"https:\\\/\\\/aztex.ee\\\/hu\\\/pood\\\/torolkozok-es-furdolepedok\\\/bambusz-torolkozo-keszlet-6-db\\\/#primaryimage\"},\"image\":{\"@id\":\"https:\\\/\\\/aztex.ee\\\/hu\\\/pood\\\/torolkozok-es-furdolepedok\\\/bambusz-torolkozo-keszlet-6-db\\\/#primaryimage\"},\"thumbnailUrl\":\"https:\\\/\\\/aztex.ee\\\/wp-content\\\/uploads\\\/2025\\\/01\\\/Bambusest-kateratikute-komplekt.jpg\",\"datePublished\":\"2025-01-13T10:15:39+00:00\",\"dateModified\":\"2026-03-22T17:46:20+00:00\",\"description\":\"A 6 r\u00e9szes bambusz t\u00f6r\u00f6lk\u00f6z\u0151 k\u00e9szlet puha, tart\u00f3s, praktikus \u00e9s st\u00edlusos, ide\u00e1lis a k\u00e9z, az arc \u00e9s a test mindennapi sz\u00e1r\u00edt\u00e1s\u00e1hoz.\",\"breadcrumb\":{\"@id\":\"https:\\\/\\\/aztex.ee\\\/hu\\\/pood\\\/torolkozok-es-furdolepedok\\\/bambusz-torolkozo-keszlet-6-db\\\/#breadcrumb\"},\"inLanguage\":\"hu\",\"potentialAction\":[{\"@type\":\"ReadAction\",\"target\":[\"https:\\\/\\\/aztex.ee\\\/hu\\\/pood\\\/torolkozok-es-furdolepedok\\\/bambusz-torolkozo-keszlet-6-db\\\/\"]}]},{\"@type\":\"ImageObject\",\"inLanguage\":\"hu\",\"@id\":\"https:\\\/\\\/aztex.ee\\\/hu\\\/pood\\\/torolkozok-es-furdolepedok\\\/bambusz-torolkozo-keszlet-6-db\\\/#primaryimage\",\"url\":\"https:\\\/\\\/aztex.ee\\\/wp-content\\\/uploads\\\/2025\\\/01\\\/Bambusest-kateratikute-komplekt.jpg\",\"contentUrl\":\"https:\\\/\\\/aztex.ee\\\/wp-content\\\/uploads\\\/2025\\\/01\\\/Bambusest-kateratikute-komplekt.jpg\",\"width\":800,\"height\":800,\"caption\":\"Bambusest k\u00e4ter\u00e4tikute komplekt 6 tk\"},{\"@type\":\"BreadcrumbList\",\"@id\":\"https:\\\/\\\/aztex.ee\\\/hu\\\/pood\\\/torolkozok-es-furdolepedok\\\/bambusz-torolkozo-keszlet-6-db\\\/#breadcrumb\",\"itemListElement\":[{\"@type\":\"ListItem\",\"position\":1,\"name\":\"F\u0151oldal\",\"item\":\"https:\\\/\\\/aztex.ee\\\/hu\\\/\"},{\"@type\":\"ListItem\",\"position\":2,\"name\":\"Web\u00e1ruh\u00e1z\",\"item\":\"https:\\\/\\\/aztex.ee\\\/hu\\\/webaruhaz\\\/\"},{\"@type\":\"ListItem\",\"position\":3,\"name\":\"Bambusz t\u00f6r\u00f6lk\u00f6z\u0151 k\u00e9szlet 6 db\"}]},{\"@type\":\"WebSite\",\"@id\":\"https:\\\/\\\/aztex.ee\\\/hu\\\/#website\",\"url\":\"https:\\\/\\\/aztex.ee\\\/hu\\\/\",\"name\":\"AZTEX\",\"description\":\"\",\"publisher\":{\"@id\":\"https:\\\/\\\/aztex.ee\\\/hu\\\/#organization\"},\"potentialAction\":[{\"@type\":\"SearchAction\",\"target\":{\"@type\":\"EntryPoint\",\"urlTemplate\":\"https:\\\/\\\/aztex.ee\\\/hu\\\/?s={search_term_string}\"},\"query-input\":{\"@type\":\"PropertyValueSpecification\",\"valueRequired\":true,\"valueName\":\"search_term_string\"}}],\"inLanguage\":\"hu\"},{\"@type\":\"Organization\",\"@id\":\"https:\\\/\\\/aztex.ee\\\/hu\\\/#organization\",\"name\":\"AZTEX\",\"url\":\"https:\\\/\\\/aztex.ee\\\/hu\\\/\",\"logo\":{\"@type\":\"ImageObject\",\"inLanguage\":\"hu\",\"@id\":\"https:\\\/\\\/aztex.ee\\\/hu\\\/#\\\/schema\\\/logo\\\/image\\\/\",\"url\":\"https:\\\/\\\/aztex.ee\\\/wp-content\\\/uploads\\\/2026\\\/01\\\/AZTEX.png\",\"contentUrl\":\"https:\\\/\\\/aztex.ee\\\/wp-content\\\/uploads\\\/2026\\\/01\\\/AZTEX.png\",\"width\":500,\"height\":500,\"caption\":\"AZTEX\"},\"image\":{\"@id\":\"https:\\\/\\\/aztex.ee\\\/hu\\\/#\\\/schema\\\/logo\\\/image\\\/\"},\"sameAs\":[\"https:\\\/\\\/www.facebook.com\\\/AztexEE\",\"https:\\\/\\\/www.instagram.com\\\/aztexeesti\\\/\",\"https:\\\/\\\/www.youtube.com\\\/@AZTEXEE\",\"https:\\\/\\\/www.pinterest.com\\\/aztex_eesti\\\/\",\"https:\\\/\\\/www.tiktok.com\\\/@aztexeesti\",\"https:\\\/\\\/www.trustpilot.com\\\/review\\\/aztex.ee\",\"https:\\\/\\\/www.linkedin.com\\\/company\\\/aztex-ee\\\/\",\"https:\\\/\\\/www.wikidata.org\\\/wiki\\\/Q137560182\"]}]}<\/script>\n<!-- \/ Yoast SEO plugin. -->","yoast_head_json":{"title":"Bambusz t\u00f6r\u00f6lk\u00f6z\u0151 k\u00e9szlet 6 db | AZTEX","description":"A 6 r\u00e9szes bambusz t\u00f6r\u00f6lk\u00f6z\u0151 k\u00e9szlet puha, tart\u00f3s, praktikus \u00e9s st\u00edlusos, ide\u00e1lis a k\u00e9z, az arc \u00e9s a test mindennapi sz\u00e1r\u00edt\u00e1s\u00e1hoz.","robots":{"index":"index","follow":"follow","max-snippet":"max-snippet:-1","max-image-preview":"max-image-preview:large","max-video-preview":"max-video-preview:-1"},"canonical":"https:\/\/aztex.ee\/hu\/pood\/torolkozok-es-furdolepedok\/bambusz-torolkozo-keszlet-6-db\/","og_locale":"hu_HU","og_type":"article","og_title":"Bambusz t\u00f6r\u00f6lk\u00f6z\u0151 k\u00e9szlet 6 db | AZTEX","og_description":"A 6 r\u00e9szes bambusz t\u00f6r\u00f6lk\u00f6z\u0151 k\u00e9szlet puha, tart\u00f3s, praktikus \u00e9s st\u00edlusos, ide\u00e1lis a k\u00e9z, az arc \u00e9s a test mindennapi sz\u00e1r\u00edt\u00e1s\u00e1hoz.","og_url":"https:\/\/aztex.ee\/hu\/pood\/torolkozok-es-furdolepedok\/bambusz-torolkozo-keszlet-6-db\/","og_site_name":"AZTEX","article_publisher":"https:\/\/www.facebook.com\/AztexEE","article_modified_time":"2026-03-22T17:46:20+00:00","og_image":[{"width":800,"height":800,"url":"https:\/\/aztex.ee\/wp-content\/uploads\/2025\/01\/Bambusest-kateratikute-komplekt.jpg","type":"image\/jpeg"}],"twitter_card":"summary_large_image","twitter_misc":{"Becs\u00fclt olvas\u00e1si id\u0151":"2 perc"},"schema":{"@context":"https:\/\/schema.org","@graph":[{"@type":["WebPage","ItemPage"],"@id":"https:\/\/aztex.ee\/hu\/pood\/torolkozok-es-furdolepedok\/bambusz-torolkozo-keszlet-6-db\/","url":"https:\/\/aztex.ee\/hu\/pood\/torolkozok-es-furdolepedok\/bambusz-torolkozo-keszlet-6-db\/","name":"Bambusz t\u00f6r\u00f6lk\u00f6z\u0151 k\u00e9szlet 6 db | AZTEX","isPartOf":{"@id":"https:\/\/aztex.ee\/hu\/#website"},"primaryImageOfPage":{"@id":"https:\/\/aztex.ee\/hu\/pood\/torolkozok-es-furdolepedok\/bambusz-torolkozo-keszlet-6-db\/#primaryimage"},"image":{"@id":"https:\/\/aztex.ee\/hu\/pood\/torolkozok-es-furdolepedok\/bambusz-torolkozo-keszlet-6-db\/#primaryimage"},"thumbnailUrl":"https:\/\/aztex.ee\/wp-content\/uploads\/2025\/01\/Bambusest-kateratikute-komplekt.jpg","datePublished":"2025-01-13T10:15:39+00:00","dateModified":"2026-03-22T17:46:20+00:00","description":"A 6 r\u00e9szes bambusz t\u00f6r\u00f6lk\u00f6z\u0151 k\u00e9szlet puha, tart\u00f3s, praktikus \u00e9s st\u00edlusos, ide\u00e1lis a k\u00e9z, az arc \u00e9s a test mindennapi sz\u00e1r\u00edt\u00e1s\u00e1hoz.","breadcrumb":{"@id":"https:\/\/aztex.ee\/hu\/pood\/torolkozok-es-furdolepedok\/bambusz-torolkozo-keszlet-6-db\/#breadcrumb"},"inLanguage":"hu","potentialAction":[{"@type":"ReadAction","target":["https:\/\/aztex.ee\/hu\/pood\/torolkozok-es-furdolepedok\/bambusz-torolkozo-keszlet-6-db\/"]}]},{"@type":"ImageObject","inLanguage":"hu","@id":"https:\/\/aztex.ee\/hu\/pood\/torolkozok-es-furdolepedok\/bambusz-torolkozo-keszlet-6-db\/#primaryimage","url":"https:\/\/aztex.ee\/wp-content\/uploads\/2025\/01\/Bambusest-kateratikute-komplekt.jpg","contentUrl":"https:\/\/aztex.ee\/wp-content\/uploads\/2025\/01\/Bambusest-kateratikute-komplekt.jpg","width":800,"height":800,"caption":"Bambusest k\u00e4ter\u00e4tikute komplekt 6 tk"},{"@type":"BreadcrumbList","@id":"https:\/\/aztex.ee\/hu\/pood\/torolkozok-es-furdolepedok\/bambusz-torolkozo-keszlet-6-db\/#breadcrumb","itemListElement":[{"@type":"ListItem","position":1,"name":"F\u0151oldal","item":"https:\/\/aztex.ee\/hu\/"},{"@type":"ListItem","position":2,"name":"Web\u00e1ruh\u00e1z","item":"https:\/\/aztex.ee\/hu\/webaruhaz\/"},{"@type":"ListItem","position":3,"name":"Bambusz t\u00f6r\u00f6lk\u00f6z\u0151 k\u00e9szlet 6 db"}]},{"@type":"WebSite","@id":"https:\/\/aztex.ee\/hu\/#website","url":"https:\/\/aztex.ee\/hu\/","name":"AZTEX","description":"","publisher":{"@id":"https:\/\/aztex.ee\/hu\/#organization"},"potentialAction":[{"@type":"SearchAction","target":{"@type":"EntryPoint","urlTemplate":"https:\/\/aztex.ee\/hu\/?s={search_term_string}"},"query-input":{"@type":"PropertyValueSpecification","valueRequired":true,"valueName":"search_term_string"}}],"inLanguage":"hu"},{"@type":"Organization","@id":"https:\/\/aztex.ee\/hu\/#organization","name":"AZTEX","url":"https:\/\/aztex.ee\/hu\/","logo":{"@type":"ImageObject","inLanguage":"hu","@id":"https:\/\/aztex.ee\/hu\/#\/schema\/logo\/image\/","url":"https:\/\/aztex.ee\/wp-content\/uploads\/2026\/01\/AZTEX.png","contentUrl":"https:\/\/aztex.ee\/wp-content\/uploads\/2026\/01\/AZTEX.png","width":500,"height":500,"caption":"AZTEX"},"image":{"@id":"https:\/\/aztex.ee\/hu\/#\/schema\/logo\/image\/"},"sameAs":["https:\/\/www.facebook.com\/AztexEE","https:\/\/www.instagram.com\/aztexeesti\/","https:\/\/www.youtube.com\/@AZTEXEE","https:\/\/www.pinterest.com\/aztex_eesti\/","https:\/\/www.tiktok.com\/@aztexeesti","https:\/\/www.trustpilot.com\/review\/aztex.ee","https:\/\/www.linkedin.com\/company\/aztex-ee\/","https:\/\/www.wikidata.org\/wiki\/Q137560182"]}]}},"_links":{"self":[{"href":"https:\/\/aztex.ee\/hu\/wp-json\/wp\/v2\/product\/42716","targetHints":{"allow":["GET"]}}],"collection":[{"href":"https:\/\/aztex.ee\/hu\/wp-json\/wp\/v2\/product"}],"about":[{"href":"https:\/\/aztex.ee\/hu\/wp-json\/wp\/v2\/types\/product"}],"replies":[{"embeddable":true,"href":"https:\/\/aztex.ee\/hu\/wp-json\/wp\/v2\/comments?post=42716"}],"version-history":[{"count":0,"href":"https:\/\/aztex.ee\/hu\/wp-json\/wp\/v2\/product\/42716\/revisions"}],"wp:featuredmedia":[{"embeddable":true,"href":"https:\/\/aztex.ee\/hu\/wp-json\/wp\/v2\/media\/42833"}],"wp:attachment":[{"href":"https:\/\/aztex.ee\/hu\/wp-json\/wp\/v2\/media?parent=42716"}],"wp:term":[{"taxonomy":"product_brand","embeddable":true,"href":"https:\/\/aztex.ee\/hu\/wp-json\/wp\/v2\/product_brand?post=42716"},{"taxonomy":"product_cat","embeddable":true,"href":"https:\/\/aztex.ee\/hu\/wp-json\/wp\/v2\/product_cat?post=42716"},{"taxonomy":"product_tag","embeddable":true,"href":"https:\/\/aztex.ee\/hu\/wp-json\/wp\/v2\/product_tag?post=42716"}],"curies":[{"name":"wp","href":"https:\/\/api.w.org\/{rel}","templated":true}]}}