{"id":41415,"date":"2024-12-29T19:21:50","date_gmt":"2024-12-29T19:21:50","guid":{"rendered":"https:\/\/aztex.ee\/?post_type=product&#038;p=41415"},"modified":"2026-03-21T17:22:30","modified_gmt":"2026-03-21T17:22:30","slug":"organikus-bambusz-torolkozo","status":"publish","type":"product","link":"https:\/\/aztex.ee\/hu\/pood\/torolkozok-es-furdolepedok\/organikus-bambusz-torolkozo\/","title":{"rendered":"Bambusz t\u00f6r\u00f6lk\u00f6z\u0151"},"content":{"rendered":"<p>Bambusz t\u00f6r\u00f6lk\u00f6z\u0151 \u2013 luxus \u00e9s k\u00f6rnyezetbar\u00e1t v\u00e1laszt\u00e1s<\/p>\n<p>A bambusz t\u00f6r\u00f6lk\u00f6z\u0151 t\u00f6k\u00e9letes v\u00e1laszt\u00e1s azok sz\u00e1m\u00e1ra, akik \u00e9rt\u00e9kelik a min\u0151s\u00e9get, a puhas\u00e1got \u00e9s a fenntarthat\u00f3s\u00e1got. A term\u00e9szetes bambuszsz\u00e1lb\u00f3l k\u00e9sz\u00fclt t\u00f6r\u00f6lk\u00f6z\u0151 k\u00f6rnyezetbar\u00e1t alternat\u00edv\u00e1ja a hagyom\u00e1nyos anyagoknak. A bambuszsz\u00e1lak term\u00e9szetesen puhaak, gyeng\u00e9d \u00e9s k\u00e9nyeztet\u0151 \u00e9rz\u00e9st biztos\u00edtanak a b\u0151rnek. Ez\u00e1ltal a bambusz t\u00f6r\u00f6lk\u00f6z\u0151 kiv\u00e1l\u00f3 az \u00e9rz\u00e9keny b\u0151r sz\u00e1m\u00e1ra, mivel nem irrit\u00e1lja a b\u0151rt, \u00e9s nem hagy \u00e9rdes \u00e9rzetet.<\/p>\n<p>A bambusz t\u00f6r\u00f6lk\u00f6z\u0151k kiv\u00e9teles nedvsz\u00edv\u00f3 k\u00e9pess\u00e9g\u00fckr\u0151l ismertek, ak\u00e1r h\u00e1romszor t\u00f6bb nedvess\u00e9get k\u00e9pesek felsz\u00edvni, mint a pamut t\u00f6r\u00f6lk\u00f6z\u0151k. Ez a tulajdons\u00e1g ide\u00e1liss\u00e1 teszi \u0151ket mindennapi haszn\u00e1latra a f\u00fcrd\u0151szob\u00e1ban, gy\u00f3gyf\u00fcrd\u0151ben vagy ak\u00e1r a strandon. R\u00e1ad\u00e1sul ezek a t\u00f6r\u00f6lk\u00f6z\u0151k gyorsan sz\u00e1radnak, ami seg\u00edt megel\u0151zni a nedvess\u00e9g okozta kellemetlen szagokat. A bambuszsz\u00e1lak term\u00e9szetes antibakteri\u00e1lis tulajdons\u00e1gai is seg\u00edtenek meg\u0151rizni a t\u00f6r\u00f6lk\u00f6z\u0151 higi\u00e9nikus \u00e9s frissess\u00e9g\u00e9t m\u00e9g t\u00f6bbsz\u00f6ri haszn\u00e1lat ut\u00e1n is.<\/p>\n<p>A bambusz t\u00f6r\u00f6lk\u00f6z\u0151k egyik legnagyobb el\u0151nye a k\u00f6rnyezetbar\u00e1ts\u00e1g. A bambusz egy gyorsan meg\u00fajul\u00f3 n\u00f6v\u00e9ny, amely peszticidek \u00e9s m\u0171tr\u00e1gy\u00e1k n\u00e9lk\u00fcl n\u00f6vekszik. A bambuszsz\u00e1lb\u00f3l k\u00e9sz\u00fclt term\u00e9kek biol\u00f3giailag lebomlanak \u00e9s cs\u00f6kkentik a k\u00f6rnyezetterhel\u00e9st, \u00edgy ide\u00e1lisak azok sz\u00e1m\u00e1ra, akik fogyaszt\u00e1si d\u00f6nt\u00e9s\u00fckkel \u00f3vj\u00e1k a term\u00e9szetet.<\/p>\n<p>A st\u00edlusosan megtervezett bambusz t\u00f6r\u00f6lk\u00f6z\u0151k minden otthonba illeszkednek, praktikuss\u00e1got \u00e9s eszt\u00e9tikai \u00e9lm\u00e9nyt k\u00edn\u00e1lva. A bambusz t\u00f6r\u00f6lk\u00f6z\u0151 is remek aj\u00e1nd\u00e9k, amely minden megaj\u00e1nd\u00e9kozottnak \u00f6r\u00f6met okoz.<\/p>\n<p>K\u00f6nnyen kezelhet\u0151 &#8211; a t\u00f6r\u00f6lk\u00f6z\u0151t k\u00edm\u00e9l\u0151 programmal 40\u00b0C-ig mossa, \u00e9s ker\u00fclje a magas h\u0151m\u00e9rs\u00e9kleten val\u00f3 sz\u00e1r\u00edt\u00e1st, hogy meg\u0151rizze puhas\u00e1g\u00e1t \u00e9s tart\u00f3ss\u00e1g\u00e1t. A bambusz t\u00f6r\u00f6lk\u00f6z\u0151 a term\u00e9szet sz\u00e9ps\u00e9g\u00e9t a praktikummal \u00f6tv\u00f6zi, felejthetetlen \u00e9lm\u00e9nyt ny\u00fajtva.<\/p>\n","protected":false},"excerpt":{"rendered":"<ul>\n<li>Anyaga: 100% bambusz<\/li>\n<li>M\u00e9rete: 35\u00d775 cm \u00b13<\/li>\n<li>S\u00faly: 420g\/m2<\/li>\n<\/ul>\n","protected":false},"featured_media":41622,"comment_status":"open","ping_status":"closed","template":"","meta":[],"product_brand":[],"product_cat":[1622,987,777,1732,482],"product_tag":[],"class_list":{"0":"post-41415","1":"product","2":"type-product","3":"status-publish","4":"has-post-thumbnail","6":"product_cat-bambusz-keztorlok","7":"product_cat-bambusz-torolkozok","8":"product_cat-torolkozo-35x75-cm","9":"product_cat-torolkozok","10":"product_cat-torolkozok-es-furdolepedok","12":"first","13":"instock","14":"shipping-taxable","15":"purchasable","16":"product-type-variable"},"yoast_head":"<!-- This site is optimized with the Yoast SEO plugin v27.4 - https:\/\/yoast.com\/product\/yoast-seo-wordpress\/ -->\n<title>Organikus bambusz t\u00f6r\u00f6lk\u00f6z\u0151 | AZTEX<\/title>\n<meta name=\"description\" content=\"A bambusz t\u00f6r\u00f6lk\u00f6z\u0151 puha \u00e9s b\u0151rbar\u00e1t, \u00edgy ide\u00e1lis mindennapi haszn\u00e1latra. Gyors sz\u00e1rad\u00e1s\u00e1nak k\u00f6sz\u00f6nhet\u0151en minden otthonba remek v\u00e1laszt\u00e1s.\" \/>\n<meta name=\"robots\" content=\"index, follow, max-snippet:-1, max-image-preview:large, max-video-preview:-1\" \/>\n<link rel=\"canonical\" href=\"https:\/\/aztex.ee\/hu\/pood\/torolkozok-es-furdolepedok\/organikus-bambusz-torolkozo\/\" \/>\n<meta property=\"og:locale\" content=\"hu_HU\" \/>\n<meta property=\"og:type\" content=\"article\" \/>\n<meta property=\"og:title\" content=\"Organikus bambusz t\u00f6r\u00f6lk\u00f6z\u0151 | AZTEX\" \/>\n<meta property=\"og:description\" content=\"A bambusz t\u00f6r\u00f6lk\u00f6z\u0151 puha \u00e9s b\u0151rbar\u00e1t, \u00edgy ide\u00e1lis mindennapi haszn\u00e1latra. Gyors sz\u00e1rad\u00e1s\u00e1nak k\u00f6sz\u00f6nhet\u0151en minden otthonba remek v\u00e1laszt\u00e1s.\" \/>\n<meta property=\"og:url\" content=\"https:\/\/aztex.ee\/hu\/pood\/torolkozok-es-furdolepedok\/organikus-bambusz-torolkozo\/\" \/>\n<meta property=\"og:site_name\" content=\"AZTEX\" \/>\n<meta property=\"article:publisher\" content=\"https:\/\/www.facebook.com\/AztexEE\" \/>\n<meta property=\"article:modified_time\" content=\"2026-03-21T17:22:30+00:00\" \/>\n<meta property=\"og:image\" content=\"https:\/\/aztex.ee\/wp-content\/uploads\/2024\/12\/Ratik-Bambusest.jpg\" \/>\n\t<meta property=\"og:image:width\" content=\"800\" \/>\n\t<meta property=\"og:image:height\" content=\"800\" \/>\n\t<meta property=\"og:image:type\" content=\"image\/jpeg\" \/>\n<meta name=\"twitter:card\" content=\"summary_large_image\" \/>\n<meta name=\"twitter:label1\" content=\"Becs\u00fclt olvas\u00e1si id\u0151\" \/>\n\t<meta name=\"twitter:data1\" content=\"2 perc\" \/>\n<script type=\"application\/ld+json\" class=\"yoast-schema-graph\">{\"@context\":\"https:\\\/\\\/schema.org\",\"@graph\":[{\"@type\":[\"WebPage\",\"ItemPage\"],\"@id\":\"https:\\\/\\\/aztex.ee\\\/hu\\\/pood\\\/torolkozok-es-furdolepedok\\\/organikus-bambusz-torolkozo\\\/\",\"url\":\"https:\\\/\\\/aztex.ee\\\/hu\\\/pood\\\/torolkozok-es-furdolepedok\\\/organikus-bambusz-torolkozo\\\/\",\"name\":\"Organikus bambusz t\u00f6r\u00f6lk\u00f6z\u0151 | AZTEX\",\"isPartOf\":{\"@id\":\"https:\\\/\\\/aztex.ee\\\/hu\\\/#website\"},\"primaryImageOfPage\":{\"@id\":\"https:\\\/\\\/aztex.ee\\\/hu\\\/pood\\\/torolkozok-es-furdolepedok\\\/organikus-bambusz-torolkozo\\\/#primaryimage\"},\"image\":{\"@id\":\"https:\\\/\\\/aztex.ee\\\/hu\\\/pood\\\/torolkozok-es-furdolepedok\\\/organikus-bambusz-torolkozo\\\/#primaryimage\"},\"thumbnailUrl\":\"https:\\\/\\\/aztex.ee\\\/wp-content\\\/uploads\\\/2024\\\/12\\\/Ratik-Bambusest.jpg\",\"datePublished\":\"2024-12-29T19:21:50+00:00\",\"dateModified\":\"2026-03-21T17:22:30+00:00\",\"description\":\"A bambusz t\u00f6r\u00f6lk\u00f6z\u0151 puha \u00e9s b\u0151rbar\u00e1t, \u00edgy ide\u00e1lis mindennapi haszn\u00e1latra. Gyors sz\u00e1rad\u00e1s\u00e1nak k\u00f6sz\u00f6nhet\u0151en minden otthonba remek v\u00e1laszt\u00e1s.\",\"breadcrumb\":{\"@id\":\"https:\\\/\\\/aztex.ee\\\/hu\\\/pood\\\/torolkozok-es-furdolepedok\\\/organikus-bambusz-torolkozo\\\/#breadcrumb\"},\"inLanguage\":\"hu\",\"potentialAction\":[{\"@type\":\"ReadAction\",\"target\":[\"https:\\\/\\\/aztex.ee\\\/hu\\\/pood\\\/torolkozok-es-furdolepedok\\\/organikus-bambusz-torolkozo\\\/\"]}]},{\"@type\":\"ImageObject\",\"inLanguage\":\"hu\",\"@id\":\"https:\\\/\\\/aztex.ee\\\/hu\\\/pood\\\/torolkozok-es-furdolepedok\\\/organikus-bambusz-torolkozo\\\/#primaryimage\",\"url\":\"https:\\\/\\\/aztex.ee\\\/wp-content\\\/uploads\\\/2024\\\/12\\\/Ratik-Bambusest.jpg\",\"contentUrl\":\"https:\\\/\\\/aztex.ee\\\/wp-content\\\/uploads\\\/2024\\\/12\\\/Ratik-Bambusest.jpg\",\"width\":800,\"height\":800,\"caption\":\"R\u00e4tik Bambusest\"},{\"@type\":\"BreadcrumbList\",\"@id\":\"https:\\\/\\\/aztex.ee\\\/hu\\\/pood\\\/torolkozok-es-furdolepedok\\\/organikus-bambusz-torolkozo\\\/#breadcrumb\",\"itemListElement\":[{\"@type\":\"ListItem\",\"position\":1,\"name\":\"F\u0151oldal\",\"item\":\"https:\\\/\\\/aztex.ee\\\/hu\\\/\"},{\"@type\":\"ListItem\",\"position\":2,\"name\":\"Web\u00e1ruh\u00e1z\",\"item\":\"https:\\\/\\\/aztex.ee\\\/hu\\\/webaruhaz\\\/\"},{\"@type\":\"ListItem\",\"position\":3,\"name\":\"Bambusz t\u00f6r\u00f6lk\u00f6z\u0151\"}]},{\"@type\":\"WebSite\",\"@id\":\"https:\\\/\\\/aztex.ee\\\/hu\\\/#website\",\"url\":\"https:\\\/\\\/aztex.ee\\\/hu\\\/\",\"name\":\"AZTEX\",\"description\":\"\",\"publisher\":{\"@id\":\"https:\\\/\\\/aztex.ee\\\/hu\\\/#organization\"},\"potentialAction\":[{\"@type\":\"SearchAction\",\"target\":{\"@type\":\"EntryPoint\",\"urlTemplate\":\"https:\\\/\\\/aztex.ee\\\/hu\\\/?s={search_term_string}\"},\"query-input\":{\"@type\":\"PropertyValueSpecification\",\"valueRequired\":true,\"valueName\":\"search_term_string\"}}],\"inLanguage\":\"hu\"},{\"@type\":\"Organization\",\"@id\":\"https:\\\/\\\/aztex.ee\\\/hu\\\/#organization\",\"name\":\"AZTEX\",\"url\":\"https:\\\/\\\/aztex.ee\\\/hu\\\/\",\"logo\":{\"@type\":\"ImageObject\",\"inLanguage\":\"hu\",\"@id\":\"https:\\\/\\\/aztex.ee\\\/hu\\\/#\\\/schema\\\/logo\\\/image\\\/\",\"url\":\"https:\\\/\\\/aztex.ee\\\/wp-content\\\/uploads\\\/2026\\\/01\\\/AZTEX.png\",\"contentUrl\":\"https:\\\/\\\/aztex.ee\\\/wp-content\\\/uploads\\\/2026\\\/01\\\/AZTEX.png\",\"width\":500,\"height\":500,\"caption\":\"AZTEX\"},\"image\":{\"@id\":\"https:\\\/\\\/aztex.ee\\\/hu\\\/#\\\/schema\\\/logo\\\/image\\\/\"},\"sameAs\":[\"https:\\\/\\\/www.facebook.com\\\/AztexEE\",\"https:\\\/\\\/www.instagram.com\\\/aztexeesti\\\/\",\"https:\\\/\\\/www.youtube.com\\\/@AZTEXEE\",\"https:\\\/\\\/www.pinterest.com\\\/aztex_eesti\\\/\",\"https:\\\/\\\/www.tiktok.com\\\/@aztexeesti\",\"https:\\\/\\\/www.trustpilot.com\\\/review\\\/aztex.ee\",\"https:\\\/\\\/www.linkedin.com\\\/company\\\/aztex-ee\\\/\",\"https:\\\/\\\/www.wikidata.org\\\/wiki\\\/Q137560182\"]}]}<\/script>\n<!-- \/ Yoast SEO plugin. -->","yoast_head_json":{"title":"Organikus bambusz t\u00f6r\u00f6lk\u00f6z\u0151 | AZTEX","description":"A bambusz t\u00f6r\u00f6lk\u00f6z\u0151 puha \u00e9s b\u0151rbar\u00e1t, \u00edgy ide\u00e1lis mindennapi haszn\u00e1latra. Gyors sz\u00e1rad\u00e1s\u00e1nak k\u00f6sz\u00f6nhet\u0151en minden otthonba remek v\u00e1laszt\u00e1s.","robots":{"index":"index","follow":"follow","max-snippet":"max-snippet:-1","max-image-preview":"max-image-preview:large","max-video-preview":"max-video-preview:-1"},"canonical":"https:\/\/aztex.ee\/hu\/pood\/torolkozok-es-furdolepedok\/organikus-bambusz-torolkozo\/","og_locale":"hu_HU","og_type":"article","og_title":"Organikus bambusz t\u00f6r\u00f6lk\u00f6z\u0151 | AZTEX","og_description":"A bambusz t\u00f6r\u00f6lk\u00f6z\u0151 puha \u00e9s b\u0151rbar\u00e1t, \u00edgy ide\u00e1lis mindennapi haszn\u00e1latra. Gyors sz\u00e1rad\u00e1s\u00e1nak k\u00f6sz\u00f6nhet\u0151en minden otthonba remek v\u00e1laszt\u00e1s.","og_url":"https:\/\/aztex.ee\/hu\/pood\/torolkozok-es-furdolepedok\/organikus-bambusz-torolkozo\/","og_site_name":"AZTEX","article_publisher":"https:\/\/www.facebook.com\/AztexEE","article_modified_time":"2026-03-21T17:22:30+00:00","og_image":[{"width":800,"height":800,"url":"https:\/\/aztex.ee\/wp-content\/uploads\/2024\/12\/Ratik-Bambusest.jpg","type":"image\/jpeg"}],"twitter_card":"summary_large_image","twitter_misc":{"Becs\u00fclt olvas\u00e1si id\u0151":"2 perc"},"schema":{"@context":"https:\/\/schema.org","@graph":[{"@type":["WebPage","ItemPage"],"@id":"https:\/\/aztex.ee\/hu\/pood\/torolkozok-es-furdolepedok\/organikus-bambusz-torolkozo\/","url":"https:\/\/aztex.ee\/hu\/pood\/torolkozok-es-furdolepedok\/organikus-bambusz-torolkozo\/","name":"Organikus bambusz t\u00f6r\u00f6lk\u00f6z\u0151 | AZTEX","isPartOf":{"@id":"https:\/\/aztex.ee\/hu\/#website"},"primaryImageOfPage":{"@id":"https:\/\/aztex.ee\/hu\/pood\/torolkozok-es-furdolepedok\/organikus-bambusz-torolkozo\/#primaryimage"},"image":{"@id":"https:\/\/aztex.ee\/hu\/pood\/torolkozok-es-furdolepedok\/organikus-bambusz-torolkozo\/#primaryimage"},"thumbnailUrl":"https:\/\/aztex.ee\/wp-content\/uploads\/2024\/12\/Ratik-Bambusest.jpg","datePublished":"2024-12-29T19:21:50+00:00","dateModified":"2026-03-21T17:22:30+00:00","description":"A bambusz t\u00f6r\u00f6lk\u00f6z\u0151 puha \u00e9s b\u0151rbar\u00e1t, \u00edgy ide\u00e1lis mindennapi haszn\u00e1latra. Gyors sz\u00e1rad\u00e1s\u00e1nak k\u00f6sz\u00f6nhet\u0151en minden otthonba remek v\u00e1laszt\u00e1s.","breadcrumb":{"@id":"https:\/\/aztex.ee\/hu\/pood\/torolkozok-es-furdolepedok\/organikus-bambusz-torolkozo\/#breadcrumb"},"inLanguage":"hu","potentialAction":[{"@type":"ReadAction","target":["https:\/\/aztex.ee\/hu\/pood\/torolkozok-es-furdolepedok\/organikus-bambusz-torolkozo\/"]}]},{"@type":"ImageObject","inLanguage":"hu","@id":"https:\/\/aztex.ee\/hu\/pood\/torolkozok-es-furdolepedok\/organikus-bambusz-torolkozo\/#primaryimage","url":"https:\/\/aztex.ee\/wp-content\/uploads\/2024\/12\/Ratik-Bambusest.jpg","contentUrl":"https:\/\/aztex.ee\/wp-content\/uploads\/2024\/12\/Ratik-Bambusest.jpg","width":800,"height":800,"caption":"R\u00e4tik Bambusest"},{"@type":"BreadcrumbList","@id":"https:\/\/aztex.ee\/hu\/pood\/torolkozok-es-furdolepedok\/organikus-bambusz-torolkozo\/#breadcrumb","itemListElement":[{"@type":"ListItem","position":1,"name":"F\u0151oldal","item":"https:\/\/aztex.ee\/hu\/"},{"@type":"ListItem","position":2,"name":"Web\u00e1ruh\u00e1z","item":"https:\/\/aztex.ee\/hu\/webaruhaz\/"},{"@type":"ListItem","position":3,"name":"Bambusz t\u00f6r\u00f6lk\u00f6z\u0151"}]},{"@type":"WebSite","@id":"https:\/\/aztex.ee\/hu\/#website","url":"https:\/\/aztex.ee\/hu\/","name":"AZTEX","description":"","publisher":{"@id":"https:\/\/aztex.ee\/hu\/#organization"},"potentialAction":[{"@type":"SearchAction","target":{"@type":"EntryPoint","urlTemplate":"https:\/\/aztex.ee\/hu\/?s={search_term_string}"},"query-input":{"@type":"PropertyValueSpecification","valueRequired":true,"valueName":"search_term_string"}}],"inLanguage":"hu"},{"@type":"Organization","@id":"https:\/\/aztex.ee\/hu\/#organization","name":"AZTEX","url":"https:\/\/aztex.ee\/hu\/","logo":{"@type":"ImageObject","inLanguage":"hu","@id":"https:\/\/aztex.ee\/hu\/#\/schema\/logo\/image\/","url":"https:\/\/aztex.ee\/wp-content\/uploads\/2026\/01\/AZTEX.png","contentUrl":"https:\/\/aztex.ee\/wp-content\/uploads\/2026\/01\/AZTEX.png","width":500,"height":500,"caption":"AZTEX"},"image":{"@id":"https:\/\/aztex.ee\/hu\/#\/schema\/logo\/image\/"},"sameAs":["https:\/\/www.facebook.com\/AztexEE","https:\/\/www.instagram.com\/aztexeesti\/","https:\/\/www.youtube.com\/@AZTEXEE","https:\/\/www.pinterest.com\/aztex_eesti\/","https:\/\/www.tiktok.com\/@aztexeesti","https:\/\/www.trustpilot.com\/review\/aztex.ee","https:\/\/www.linkedin.com\/company\/aztex-ee\/","https:\/\/www.wikidata.org\/wiki\/Q137560182"]}]}},"_links":{"self":[{"href":"https:\/\/aztex.ee\/hu\/wp-json\/wp\/v2\/product\/41415","targetHints":{"allow":["GET"]}}],"collection":[{"href":"https:\/\/aztex.ee\/hu\/wp-json\/wp\/v2\/product"}],"about":[{"href":"https:\/\/aztex.ee\/hu\/wp-json\/wp\/v2\/types\/product"}],"replies":[{"embeddable":true,"href":"https:\/\/aztex.ee\/hu\/wp-json\/wp\/v2\/comments?post=41415"}],"version-history":[{"count":0,"href":"https:\/\/aztex.ee\/hu\/wp-json\/wp\/v2\/product\/41415\/revisions"}],"wp:featuredmedia":[{"embeddable":true,"href":"https:\/\/aztex.ee\/hu\/wp-json\/wp\/v2\/media\/41622"}],"wp:attachment":[{"href":"https:\/\/aztex.ee\/hu\/wp-json\/wp\/v2\/media?parent=41415"}],"wp:term":[{"taxonomy":"product_brand","embeddable":true,"href":"https:\/\/aztex.ee\/hu\/wp-json\/wp\/v2\/product_brand?post=41415"},{"taxonomy":"product_cat","embeddable":true,"href":"https:\/\/aztex.ee\/hu\/wp-json\/wp\/v2\/product_cat?post=41415"},{"taxonomy":"product_tag","embeddable":true,"href":"https:\/\/aztex.ee\/hu\/wp-json\/wp\/v2\/product_tag?post=41415"}],"curies":[{"name":"wp","href":"https:\/\/api.w.org\/{rel}","templated":true}]}}