{"id":39765,"date":"2024-12-21T22:40:25","date_gmt":"2024-12-21T22:40:25","guid":{"rendered":"https:\/\/aztex.ee\/pood\/nem-kategorizalt\/bambusz-torolkozo\/"},"modified":"2026-04-08T10:48:37","modified_gmt":"2026-04-08T10:48:37","slug":"bambusz-torolkozo","status":"publish","type":"product","link":"https:\/\/aztex.ee\/hu\/pood\/torolkozok-es-furdolepedok\/bambusz-torolkozo\/","title":{"rendered":"Bambusz t\u00f6r\u00f6lk\u00f6z\u0151"},"content":{"rendered":"<p>A bambusz term\u00e9szetes puhas\u00e1ga \u00e9s eleganci\u00e1ja kiv\u00e1l\u00f3 min\u0151s\u00e9g\u0171 bambusz t\u00f6r\u00f6lk\u00f6z\u0151nkkel!<\/p>\n<p>A bambusz t\u00f6r\u00f6lk\u00f6z\u0151 100%-ban bambuszsz\u00e1lb\u00f3l k\u00e9sz\u00fclt, ami kiv\u00e9teles puhas\u00e1got \u00e9s tart\u00f3ss\u00e1got k\u00edn\u00e1l. A bambuszsz\u00e1lak kiv\u00e1l\u00f3 nedvsz\u00edv\u00f3 k\u00e9pess\u00e9ge biztos\u00edtja, hogy a t\u00f6r\u00f6lk\u00f6z\u0151 gyorsan sz\u00e1radjon, \u00e9s mindig k\u00e9szen \u00e1lljon a k\u00f6vetkez\u0151 haszn\u00e1latra. A bambusz term\u00e9szetes antibakteri\u00e1lis \u00e9s hipoallerg\u00e9n tulajdons\u00e1gai ide\u00e1liss\u00e1 teszik az \u00e9rz\u00e9keny b\u0151r sz\u00e1m\u00e1ra, seg\u00edt meg\u0151rizni a b\u0151r eg\u00e9szs\u00e9g\u00e9t \u00e9s frissess\u00e9g\u00e9t. Mind a mindennapi haszn\u00e1latra, mind az \u00e9rz\u00e9keny b\u0151rprobl\u00e9m\u00e1kkal k\u00fczd\u0151k sz\u00e1m\u00e1ra a legjobb v\u00e1laszt\u00e1s, akik gyeng\u00e9d \u00e9s \u00e1pol\u00f3 megold\u00e1st keresnek.<\/p>\n<p>A t\u00f6r\u00f6lk\u00f6z\u0151 praktikuss\u00e1ga nem korl\u00e1toz\u00f3dik a k\u00f6nny\u0171 haszn\u00e1lat\u00e1ra. A bambuszsz\u00e1lak tart\u00f3ss\u00e1g\u00e1nak k\u00f6sz\u00f6nhet\u0151en k\u00f6nnyen kezelhet\u0151 \u00e9s hossz\u00fa \u00e9lettartam\u00fa. A k\u00f6rnyezettudatos d\u00f6nt\u00e9s meghozatala soha nem volt ilyen egyszer\u0171 \u2013 a bambusz fenntarthat\u00f3 \u00e9s gyorsan meg\u00fajul\u00f3 anyag, amely \u00f6kol\u00f3giailag felel\u0151s \u00e9s eleg\u00e1ns v\u00e1laszt\u00e1ss\u00e1 teszi. A bambusz termeszt\u00e9se sor\u00e1n nem haszn\u00e1lnak peszticideket vagy gyomirt\u00f3 szereket, \u00edgy ez az anyag biztons\u00e1gos a k\u00f6rnyezetre \u00e9s az emberekre egyar\u00e1nt.<\/p>\n<p>Var\u00e1zsoljon luxus k\u00e9nyelemmel mindennapi \u00e9let\u00e9be, ami a f\u00fcrd\u0151szoba belsej\u00e9t is feldobja. A bambusz t\u00f6r\u00f6lk\u00f6z\u0151 eszt\u00e9tikus \u00e9s funkcion\u00e1lis kieg\u00e9sz\u00edt\u0151je minden otthonnak, a term\u00e9szetes min\u0151s\u00e9g \u00e9s a praktikus k\u00e9nyelem kombin\u00e1ci\u00f3j\u00e1t k\u00edn\u00e1lja. Eleg\u00e1ns diz\u00e1jnja \u00e9s puha tapint\u00e1sa harm\u00f3ni\u00e1t \u00e9s t\u00f6r\u0151d\u00e9st hoz a mindennapokba.<\/p>\n<p>Vigy\u00e1zz magadra \u00e9s a term\u00e9szetre ezzel a puha, tart\u00f3s \u00e9s k\u00f6rnyezetbar\u00e1t bambusz t\u00f6r\u00f6lk\u00f6z\u0151vel!<\/p>\n","protected":false},"excerpt":{"rendered":"<ul>\n<li>Anyaga: 100% bambusz<\/li>\n<li>M\u00e9rete: 35\u00d775 cm \u00b13<\/li>\n<li>S\u00faly: 420g\/m2<\/li>\n<\/ul>\n","protected":false},"featured_media":39085,"comment_status":"open","ping_status":"closed","template":"","meta":[],"product_brand":[],"product_cat":[1622,987,777,1732,482],"product_tag":[],"class_list":{"0":"post-39765","1":"product","2":"type-product","3":"status-publish","4":"has-post-thumbnail","6":"product_cat-bambusz-keztorlok","7":"product_cat-bambusz-torolkozok","8":"product_cat-torolkozo-35x75-cm","9":"product_cat-torolkozok","10":"product_cat-torolkozok-es-furdolepedok","12":"first","13":"instock","14":"shipping-taxable","15":"purchasable","16":"product-type-variable"},"yoast_head":"<!-- This site is optimized with the Yoast SEO plugin v27.4 - https:\/\/yoast.com\/product\/yoast-seo-wordpress\/ -->\n<title>Bambusz t\u00f6r\u00f6lk\u00f6z\u0151 | AZTEX<\/title>\n<meta name=\"description\" content=\"A bambusz t\u00f6r\u00f6lk\u00f6z\u0151 a term\u00e9szetes min\u0151s\u00e9g \u00e9s a praktikum t\u00f6k\u00e9letes kombin\u00e1ci\u00f3j\u00e1t k\u00edn\u00e1lja. Ez a t\u00f6r\u00f6lk\u00f6z\u0151 teljes eg\u00e9sz\u00e9ben bambuszsz\u00e1lb\u00f3l k\u00e9sz\u00fclt.\" \/>\n<meta name=\"robots\" content=\"index, follow, max-snippet:-1, max-image-preview:large, max-video-preview:-1\" \/>\n<link rel=\"canonical\" href=\"https:\/\/aztex.ee\/hu\/pood\/torolkozok-es-furdolepedok\/bambusz-torolkozo\/\" \/>\n<meta property=\"og:locale\" content=\"hu_HU\" \/>\n<meta property=\"og:type\" content=\"article\" \/>\n<meta property=\"og:title\" content=\"Bambusz t\u00f6r\u00f6lk\u00f6z\u0151 | AZTEX\" \/>\n<meta property=\"og:description\" content=\"A bambusz t\u00f6r\u00f6lk\u00f6z\u0151 a term\u00e9szetes min\u0151s\u00e9g \u00e9s a praktikum t\u00f6k\u00e9letes kombin\u00e1ci\u00f3j\u00e1t k\u00edn\u00e1lja. Ez a t\u00f6r\u00f6lk\u00f6z\u0151 teljes eg\u00e9sz\u00e9ben bambuszsz\u00e1lb\u00f3l k\u00e9sz\u00fclt.\" \/>\n<meta property=\"og:url\" content=\"https:\/\/aztex.ee\/hu\/pood\/torolkozok-es-furdolepedok\/bambusz-torolkozo\/\" \/>\n<meta property=\"og:site_name\" content=\"AZTEX\" \/>\n<meta property=\"article:publisher\" content=\"https:\/\/www.facebook.com\/AztexEE\" \/>\n<meta property=\"article:modified_time\" content=\"2026-04-08T10:48:37+00:00\" \/>\n<meta property=\"og:image\" content=\"https:\/\/aztex.ee\/wp-content\/uploads\/2024\/12\/Bambusest-ratikud-1-1.jpg\" \/>\n\t<meta property=\"og:image:width\" content=\"800\" \/>\n\t<meta property=\"og:image:height\" content=\"800\" \/>\n\t<meta property=\"og:image:type\" content=\"image\/jpeg\" \/>\n<meta name=\"twitter:card\" content=\"summary_large_image\" \/>\n<meta name=\"twitter:label1\" content=\"Becs\u00fclt olvas\u00e1si id\u0151\" \/>\n\t<meta name=\"twitter:data1\" content=\"2 perc\" \/>\n<script type=\"application\/ld+json\" class=\"yoast-schema-graph\">{\"@context\":\"https:\\\/\\\/schema.org\",\"@graph\":[{\"@type\":[\"WebPage\",\"ItemPage\"],\"@id\":\"https:\\\/\\\/aztex.ee\\\/hu\\\/pood\\\/torolkozok-es-furdolepedok\\\/bambusz-torolkozo\\\/\",\"url\":\"https:\\\/\\\/aztex.ee\\\/hu\\\/pood\\\/torolkozok-es-furdolepedok\\\/bambusz-torolkozo\\\/\",\"name\":\"Bambusz t\u00f6r\u00f6lk\u00f6z\u0151 | AZTEX\",\"isPartOf\":{\"@id\":\"https:\\\/\\\/aztex.ee\\\/hu\\\/#website\"},\"primaryImageOfPage\":{\"@id\":\"https:\\\/\\\/aztex.ee\\\/hu\\\/pood\\\/torolkozok-es-furdolepedok\\\/bambusz-torolkozo\\\/#primaryimage\"},\"image\":{\"@id\":\"https:\\\/\\\/aztex.ee\\\/hu\\\/pood\\\/torolkozok-es-furdolepedok\\\/bambusz-torolkozo\\\/#primaryimage\"},\"thumbnailUrl\":\"https:\\\/\\\/aztex.ee\\\/wp-content\\\/uploads\\\/2024\\\/12\\\/Bambusest-ratikud-1-1.jpg\",\"datePublished\":\"2024-12-21T22:40:25+00:00\",\"dateModified\":\"2026-04-08T10:48:37+00:00\",\"description\":\"A bambusz t\u00f6r\u00f6lk\u00f6z\u0151 a term\u00e9szetes min\u0151s\u00e9g \u00e9s a praktikum t\u00f6k\u00e9letes kombin\u00e1ci\u00f3j\u00e1t k\u00edn\u00e1lja. Ez a t\u00f6r\u00f6lk\u00f6z\u0151 teljes eg\u00e9sz\u00e9ben bambuszsz\u00e1lb\u00f3l k\u00e9sz\u00fclt.\",\"breadcrumb\":{\"@id\":\"https:\\\/\\\/aztex.ee\\\/hu\\\/pood\\\/torolkozok-es-furdolepedok\\\/bambusz-torolkozo\\\/#breadcrumb\"},\"inLanguage\":\"hu\",\"potentialAction\":[{\"@type\":\"ReadAction\",\"target\":[\"https:\\\/\\\/aztex.ee\\\/hu\\\/pood\\\/torolkozok-es-furdolepedok\\\/bambusz-torolkozo\\\/\"]}]},{\"@type\":\"ImageObject\",\"inLanguage\":\"hu\",\"@id\":\"https:\\\/\\\/aztex.ee\\\/hu\\\/pood\\\/torolkozok-es-furdolepedok\\\/bambusz-torolkozo\\\/#primaryimage\",\"url\":\"https:\\\/\\\/aztex.ee\\\/wp-content\\\/uploads\\\/2024\\\/12\\\/Bambusest-ratikud-1-1.jpg\",\"contentUrl\":\"https:\\\/\\\/aztex.ee\\\/wp-content\\\/uploads\\\/2024\\\/12\\\/Bambusest-ratikud-1-1.jpg\",\"width\":800,\"height\":800,\"caption\":\"Bambusz t\u00f6r\u00f6lk\u00f6z\u0151\"},{\"@type\":\"BreadcrumbList\",\"@id\":\"https:\\\/\\\/aztex.ee\\\/hu\\\/pood\\\/torolkozok-es-furdolepedok\\\/bambusz-torolkozo\\\/#breadcrumb\",\"itemListElement\":[{\"@type\":\"ListItem\",\"position\":1,\"name\":\"F\u0151oldal\",\"item\":\"https:\\\/\\\/aztex.ee\\\/hu\\\/\"},{\"@type\":\"ListItem\",\"position\":2,\"name\":\"Web\u00e1ruh\u00e1z\",\"item\":\"https:\\\/\\\/aztex.ee\\\/hu\\\/webaruhaz\\\/\"},{\"@type\":\"ListItem\",\"position\":3,\"name\":\"Bambusz t\u00f6r\u00f6lk\u00f6z\u0151\"}]},{\"@type\":\"WebSite\",\"@id\":\"https:\\\/\\\/aztex.ee\\\/hu\\\/#website\",\"url\":\"https:\\\/\\\/aztex.ee\\\/hu\\\/\",\"name\":\"AZTEX\",\"description\":\"\",\"publisher\":{\"@id\":\"https:\\\/\\\/aztex.ee\\\/hu\\\/#organization\"},\"potentialAction\":[{\"@type\":\"SearchAction\",\"target\":{\"@type\":\"EntryPoint\",\"urlTemplate\":\"https:\\\/\\\/aztex.ee\\\/hu\\\/?s={search_term_string}\"},\"query-input\":{\"@type\":\"PropertyValueSpecification\",\"valueRequired\":true,\"valueName\":\"search_term_string\"}}],\"inLanguage\":\"hu\"},{\"@type\":\"Organization\",\"@id\":\"https:\\\/\\\/aztex.ee\\\/hu\\\/#organization\",\"name\":\"AZTEX\",\"url\":\"https:\\\/\\\/aztex.ee\\\/hu\\\/\",\"logo\":{\"@type\":\"ImageObject\",\"inLanguage\":\"hu\",\"@id\":\"https:\\\/\\\/aztex.ee\\\/hu\\\/#\\\/schema\\\/logo\\\/image\\\/\",\"url\":\"https:\\\/\\\/aztex.ee\\\/wp-content\\\/uploads\\\/2026\\\/01\\\/AZTEX.png\",\"contentUrl\":\"https:\\\/\\\/aztex.ee\\\/wp-content\\\/uploads\\\/2026\\\/01\\\/AZTEX.png\",\"width\":500,\"height\":500,\"caption\":\"AZTEX\"},\"image\":{\"@id\":\"https:\\\/\\\/aztex.ee\\\/hu\\\/#\\\/schema\\\/logo\\\/image\\\/\"},\"sameAs\":[\"https:\\\/\\\/www.facebook.com\\\/AztexEE\",\"https:\\\/\\\/www.instagram.com\\\/aztexeesti\\\/\",\"https:\\\/\\\/www.youtube.com\\\/@AZTEXEE\",\"https:\\\/\\\/www.pinterest.com\\\/aztex_eesti\\\/\",\"https:\\\/\\\/www.tiktok.com\\\/@aztexeesti\",\"https:\\\/\\\/www.trustpilot.com\\\/review\\\/aztex.ee\",\"https:\\\/\\\/www.linkedin.com\\\/company\\\/aztex-ee\\\/\",\"https:\\\/\\\/www.wikidata.org\\\/wiki\\\/Q137560182\"]}]}<\/script>\n<!-- \/ Yoast SEO plugin. -->","yoast_head_json":{"title":"Bambusz t\u00f6r\u00f6lk\u00f6z\u0151 | AZTEX","description":"A bambusz t\u00f6r\u00f6lk\u00f6z\u0151 a term\u00e9szetes min\u0151s\u00e9g \u00e9s a praktikum t\u00f6k\u00e9letes kombin\u00e1ci\u00f3j\u00e1t k\u00edn\u00e1lja. Ez a t\u00f6r\u00f6lk\u00f6z\u0151 teljes eg\u00e9sz\u00e9ben bambuszsz\u00e1lb\u00f3l k\u00e9sz\u00fclt.","robots":{"index":"index","follow":"follow","max-snippet":"max-snippet:-1","max-image-preview":"max-image-preview:large","max-video-preview":"max-video-preview:-1"},"canonical":"https:\/\/aztex.ee\/hu\/pood\/torolkozok-es-furdolepedok\/bambusz-torolkozo\/","og_locale":"hu_HU","og_type":"article","og_title":"Bambusz t\u00f6r\u00f6lk\u00f6z\u0151 | AZTEX","og_description":"A bambusz t\u00f6r\u00f6lk\u00f6z\u0151 a term\u00e9szetes min\u0151s\u00e9g \u00e9s a praktikum t\u00f6k\u00e9letes kombin\u00e1ci\u00f3j\u00e1t k\u00edn\u00e1lja. Ez a t\u00f6r\u00f6lk\u00f6z\u0151 teljes eg\u00e9sz\u00e9ben bambuszsz\u00e1lb\u00f3l k\u00e9sz\u00fclt.","og_url":"https:\/\/aztex.ee\/hu\/pood\/torolkozok-es-furdolepedok\/bambusz-torolkozo\/","og_site_name":"AZTEX","article_publisher":"https:\/\/www.facebook.com\/AztexEE","article_modified_time":"2026-04-08T10:48:37+00:00","og_image":[{"width":800,"height":800,"url":"https:\/\/aztex.ee\/wp-content\/uploads\/2024\/12\/Bambusest-ratikud-1-1.jpg","type":"image\/jpeg"}],"twitter_card":"summary_large_image","twitter_misc":{"Becs\u00fclt olvas\u00e1si id\u0151":"2 perc"},"schema":{"@context":"https:\/\/schema.org","@graph":[{"@type":["WebPage","ItemPage"],"@id":"https:\/\/aztex.ee\/hu\/pood\/torolkozok-es-furdolepedok\/bambusz-torolkozo\/","url":"https:\/\/aztex.ee\/hu\/pood\/torolkozok-es-furdolepedok\/bambusz-torolkozo\/","name":"Bambusz t\u00f6r\u00f6lk\u00f6z\u0151 | AZTEX","isPartOf":{"@id":"https:\/\/aztex.ee\/hu\/#website"},"primaryImageOfPage":{"@id":"https:\/\/aztex.ee\/hu\/pood\/torolkozok-es-furdolepedok\/bambusz-torolkozo\/#primaryimage"},"image":{"@id":"https:\/\/aztex.ee\/hu\/pood\/torolkozok-es-furdolepedok\/bambusz-torolkozo\/#primaryimage"},"thumbnailUrl":"https:\/\/aztex.ee\/wp-content\/uploads\/2024\/12\/Bambusest-ratikud-1-1.jpg","datePublished":"2024-12-21T22:40:25+00:00","dateModified":"2026-04-08T10:48:37+00:00","description":"A bambusz t\u00f6r\u00f6lk\u00f6z\u0151 a term\u00e9szetes min\u0151s\u00e9g \u00e9s a praktikum t\u00f6k\u00e9letes kombin\u00e1ci\u00f3j\u00e1t k\u00edn\u00e1lja. Ez a t\u00f6r\u00f6lk\u00f6z\u0151 teljes eg\u00e9sz\u00e9ben bambuszsz\u00e1lb\u00f3l k\u00e9sz\u00fclt.","breadcrumb":{"@id":"https:\/\/aztex.ee\/hu\/pood\/torolkozok-es-furdolepedok\/bambusz-torolkozo\/#breadcrumb"},"inLanguage":"hu","potentialAction":[{"@type":"ReadAction","target":["https:\/\/aztex.ee\/hu\/pood\/torolkozok-es-furdolepedok\/bambusz-torolkozo\/"]}]},{"@type":"ImageObject","inLanguage":"hu","@id":"https:\/\/aztex.ee\/hu\/pood\/torolkozok-es-furdolepedok\/bambusz-torolkozo\/#primaryimage","url":"https:\/\/aztex.ee\/wp-content\/uploads\/2024\/12\/Bambusest-ratikud-1-1.jpg","contentUrl":"https:\/\/aztex.ee\/wp-content\/uploads\/2024\/12\/Bambusest-ratikud-1-1.jpg","width":800,"height":800,"caption":"Bambusz t\u00f6r\u00f6lk\u00f6z\u0151"},{"@type":"BreadcrumbList","@id":"https:\/\/aztex.ee\/hu\/pood\/torolkozok-es-furdolepedok\/bambusz-torolkozo\/#breadcrumb","itemListElement":[{"@type":"ListItem","position":1,"name":"F\u0151oldal","item":"https:\/\/aztex.ee\/hu\/"},{"@type":"ListItem","position":2,"name":"Web\u00e1ruh\u00e1z","item":"https:\/\/aztex.ee\/hu\/webaruhaz\/"},{"@type":"ListItem","position":3,"name":"Bambusz t\u00f6r\u00f6lk\u00f6z\u0151"}]},{"@type":"WebSite","@id":"https:\/\/aztex.ee\/hu\/#website","url":"https:\/\/aztex.ee\/hu\/","name":"AZTEX","description":"","publisher":{"@id":"https:\/\/aztex.ee\/hu\/#organization"},"potentialAction":[{"@type":"SearchAction","target":{"@type":"EntryPoint","urlTemplate":"https:\/\/aztex.ee\/hu\/?s={search_term_string}"},"query-input":{"@type":"PropertyValueSpecification","valueRequired":true,"valueName":"search_term_string"}}],"inLanguage":"hu"},{"@type":"Organization","@id":"https:\/\/aztex.ee\/hu\/#organization","name":"AZTEX","url":"https:\/\/aztex.ee\/hu\/","logo":{"@type":"ImageObject","inLanguage":"hu","@id":"https:\/\/aztex.ee\/hu\/#\/schema\/logo\/image\/","url":"https:\/\/aztex.ee\/wp-content\/uploads\/2026\/01\/AZTEX.png","contentUrl":"https:\/\/aztex.ee\/wp-content\/uploads\/2026\/01\/AZTEX.png","width":500,"height":500,"caption":"AZTEX"},"image":{"@id":"https:\/\/aztex.ee\/hu\/#\/schema\/logo\/image\/"},"sameAs":["https:\/\/www.facebook.com\/AztexEE","https:\/\/www.instagram.com\/aztexeesti\/","https:\/\/www.youtube.com\/@AZTEXEE","https:\/\/www.pinterest.com\/aztex_eesti\/","https:\/\/www.tiktok.com\/@aztexeesti","https:\/\/www.trustpilot.com\/review\/aztex.ee","https:\/\/www.linkedin.com\/company\/aztex-ee\/","https:\/\/www.wikidata.org\/wiki\/Q137560182"]}]}},"_links":{"self":[{"href":"https:\/\/aztex.ee\/hu\/wp-json\/wp\/v2\/product\/39765","targetHints":{"allow":["GET"]}}],"collection":[{"href":"https:\/\/aztex.ee\/hu\/wp-json\/wp\/v2\/product"}],"about":[{"href":"https:\/\/aztex.ee\/hu\/wp-json\/wp\/v2\/types\/product"}],"replies":[{"embeddable":true,"href":"https:\/\/aztex.ee\/hu\/wp-json\/wp\/v2\/comments?post=39765"}],"version-history":[{"count":0,"href":"https:\/\/aztex.ee\/hu\/wp-json\/wp\/v2\/product\/39765\/revisions"}],"wp:featuredmedia":[{"embeddable":true,"href":"https:\/\/aztex.ee\/hu\/wp-json\/wp\/v2\/media\/39085"}],"wp:attachment":[{"href":"https:\/\/aztex.ee\/hu\/wp-json\/wp\/v2\/media?parent=39765"}],"wp:term":[{"taxonomy":"product_brand","embeddable":true,"href":"https:\/\/aztex.ee\/hu\/wp-json\/wp\/v2\/product_brand?post=39765"},{"taxonomy":"product_cat","embeddable":true,"href":"https:\/\/aztex.ee\/hu\/wp-json\/wp\/v2\/product_cat?post=39765"},{"taxonomy":"product_tag","embeddable":true,"href":"https:\/\/aztex.ee\/hu\/wp-json\/wp\/v2\/product_tag?post=39765"}],"curies":[{"name":"wp","href":"https:\/\/api.w.org\/{rel}","templated":true}]}}