{"id":31564,"date":"2024-11-11T15:15:25","date_gmt":"2024-11-11T15:15:25","guid":{"rendered":"https:\/\/aztex.ee\/?post_type=product&#038;p=31564"},"modified":"2026-01-27T17:54:15","modified_gmt":"2026-01-27T17:54:15","slug":"paplanhuzat-szett-wild-rose","status":"publish","type":"product","link":"https:\/\/aztex.ee\/hu\/pood\/agynemuk\/paplanhuzat-szett-wild-rose\/","title":{"rendered":"Paplanhuzat szett | Wild rose"},"content":{"rendered":"<p>A 100% pamut \u00e1gynem\u0171garnit\u00fara term\u00e9szetes puhas\u00e1got \u00e9s k\u00e9nyelmet k\u00f6lcs\u00f6n\u00f6z h\u00e1l\u00f3szob\u00e1j\u00e1nak, amit igaz\u00e1n \u00e9lvezni fog. Ez az \u00e1gynem\u0171 l\u00e9legz\u0151, val\u00f3di pamutb\u00f3l k\u00e9sz\u00fclt, amely seg\u00edt a testnek fenntartani az ide\u00e1lis h\u0151m\u00e9rs\u00e9kletet az \u00e9jszaka folyam\u00e1n, meleg \u00e9jszak\u00e1kon h\u0171v\u00f6ss\u00e9get, h\u0171v\u00f6sebbeken pedig meleget biztos\u00edt. Kiv\u00e1l\u00f3 v\u00e1laszt\u00e1s azoknak, akik term\u00e9szetes anyagot keresnek, amely m\u00e9g az \u00e9rz\u00e9keny b\u0151r\u00f6n is k\u00edm\u00e9letes.<\/p>\n<p>Az \u00e1gynem\u0171 id\u0151tlen \u00e9s eleg\u00e1ns diz\u00e1jnja minden h\u00e1l\u00f3szob\u00e1t feldob, puhas\u00e1got \u00e9s nyugalmat hoz a helyis\u00e9gbe. A kiv\u00e1l\u00f3 min\u0151s\u00e9g\u0171 pamut tart\u00f3s marad, \u00e9s minden mos\u00e1skor m\u00e9g puh\u00e1bb lesz, tart\u00f3s luxus\u00e9rzetet biztos\u00edtva. \u00c9lvezze az igaz\u00e1n hangulatos \u00e9s term\u00e9szetk\u00f6zeli vak\u00e1ci\u00f3t minden este 100% pamut \u00e1gynem\u0171vel.<\/p>\n","protected":false},"excerpt":{"rendered":"<p>Term\u00e9szetesen puha \u00e9s l\u00e9g\u00e1tereszt\u0151 100% pamut \u00e1gynem\u0171garnit\u00fara, amely k\u00e9nyelmes \u00e9s pihentet\u0151 alv\u00e1st biztos\u00edt.<\/p>\n<ul>\n<li>Anyaga: 100% pamut<\/li>\n<li>Sz\u00f6vet: Szat\u00e9n<\/li>\n<li>Sz\u00e1lak sz\u00e1ma: 255 TC<\/li>\n<li>Paplanhuzat: 200\u00d7230 cm<\/li>\n<li>P\u00e1rnahuzat: 50\u00d775 cm (2db)<\/li>\n<li>Leped\u0151: Nem tartoz\u00e9k<\/li>\n<li>K\u00e9nyelem: L\u00e9g\u00e1tereszt\u0151 \u00e9s puha text\u00fara<\/li>\n<\/ul>\n<p><img loading=\"lazy\" decoding=\"async\" class=\"alignnone size-full wp-image-30412\" src=\"https:\/\/aztex.ee\/wp-content\/uploads\/2024\/11\/100puuvilll.png\" alt=\"\" width=\"275\" height=\"76\" srcset=\"https:\/\/aztex.ee\/wp-content\/uploads\/2024\/11\/100puuvilll.png 275w, https:\/\/aztex.ee\/wp-content\/uploads\/2024\/11\/100puuvilll-150x41.png 150w\" sizes=\"auto, (max-width: 275px) 100vw, 275px\" \/><\/p>\n","protected":false},"featured_media":31585,"comment_status":"open","ping_status":"closed","template":"","meta":[],"product_brand":[],"product_cat":[499,202,277,205,383,600],"product_tag":[],"class_list":{"0":"post-31564","1":"product","2":"type-product","3":"status-publish","4":"has-post-thumbnail","6":"product_cat-agynemu-szettek","7":"product_cat-agynemuk","8":"product_cat-pamut-agynemu-200-230","9":"product_cat-pamut-agynemuk","10":"product_cat-szaten-agynemu","11":"product_cat-szaten-agynemu-szettek","13":"first","14":"instock","15":"shipping-taxable","16":"purchasable","17":"product-type-simple"},"yoast_head":"<!-- This site is optimized with the Yoast SEO plugin v27.3 - https:\/\/yoast.com\/product\/yoast-seo-wordpress\/ -->\n<title>Paplanhuzat szett | Wild rose | AZTEX<\/title>\n<meta name=\"description\" content=\"Pamut \u00e1gynem\u0171 garnit\u00fara Wild rose 200x230 cm, t\u00f6k\u00e9letes v\u00e1laszt\u00e1s a puha \u00e9s k\u00e9nyelmes alv\u00e1shoz. 100% pamut text\u00far\u00e1j\u00e1val min\u0151s\u00e9gi alv\u00e1s\u00e9lm\u00e9nyt k\u00edn\u00e1l...\" \/>\n<meta name=\"robots\" content=\"index, follow, max-snippet:-1, max-image-preview:large, max-video-preview:-1\" \/>\n<link rel=\"canonical\" href=\"https:\/\/aztex.ee\/hu\/pood\/agynemuk\/paplanhuzat-szett-wild-rose\/\" \/>\n<meta property=\"og:locale\" content=\"hu_HU\" \/>\n<meta property=\"og:type\" content=\"article\" \/>\n<meta property=\"og:title\" content=\"Paplanhuzat szett | Wild rose | AZTEX\" \/>\n<meta property=\"og:description\" content=\"Pamut \u00e1gynem\u0171 garnit\u00fara Wild rose 200x230 cm, t\u00f6k\u00e9letes v\u00e1laszt\u00e1s a puha \u00e9s k\u00e9nyelmes alv\u00e1shoz. 100% pamut text\u00far\u00e1j\u00e1val min\u0151s\u00e9gi alv\u00e1s\u00e9lm\u00e9nyt k\u00edn\u00e1l...\" \/>\n<meta property=\"og:url\" content=\"https:\/\/aztex.ee\/hu\/pood\/agynemuk\/paplanhuzat-szett-wild-rose\/\" \/>\n<meta property=\"og:site_name\" content=\"AZTEX\" \/>\n<meta property=\"article:publisher\" content=\"https:\/\/www.facebook.com\/AztexEE\" \/>\n<meta property=\"article:modified_time\" content=\"2026-01-27T17:54:15+00:00\" \/>\n<meta property=\"og:image\" content=\"https:\/\/aztex.ee\/wp-content\/uploads\/2024\/11\/Voodipesukomplekt-3-1.jpg\" \/>\n\t<meta property=\"og:image:width\" content=\"800\" \/>\n\t<meta property=\"og:image:height\" content=\"800\" \/>\n\t<meta property=\"og:image:type\" content=\"image\/jpeg\" \/>\n<meta name=\"twitter:card\" content=\"summary_large_image\" \/>\n<meta name=\"twitter:label1\" content=\"Becs\u00fclt olvas\u00e1si id\u0151\" \/>\n\t<meta name=\"twitter:data1\" content=\"1 perc\" \/>\n<script type=\"application\/ld+json\" class=\"yoast-schema-graph\">{\"@context\":\"https:\\\/\\\/schema.org\",\"@graph\":[{\"@type\":[\"WebPage\",\"ItemPage\"],\"@id\":\"https:\\\/\\\/aztex.ee\\\/hu\\\/pood\\\/agynemuk\\\/paplanhuzat-szett-wild-rose\\\/\",\"url\":\"https:\\\/\\\/aztex.ee\\\/hu\\\/pood\\\/agynemuk\\\/paplanhuzat-szett-wild-rose\\\/\",\"name\":\"Paplanhuzat szett | Wild rose | AZTEX\",\"isPartOf\":{\"@id\":\"https:\\\/\\\/aztex.ee\\\/hu\\\/#website\"},\"primaryImageOfPage\":{\"@id\":\"https:\\\/\\\/aztex.ee\\\/hu\\\/pood\\\/agynemuk\\\/paplanhuzat-szett-wild-rose\\\/#primaryimage\"},\"image\":{\"@id\":\"https:\\\/\\\/aztex.ee\\\/hu\\\/pood\\\/agynemuk\\\/paplanhuzat-szett-wild-rose\\\/#primaryimage\"},\"thumbnailUrl\":\"https:\\\/\\\/aztex.ee\\\/wp-content\\\/uploads\\\/2024\\\/11\\\/Voodipesukomplekt-3-1.jpg\",\"datePublished\":\"2024-11-11T15:15:25+00:00\",\"dateModified\":\"2026-01-27T17:54:15+00:00\",\"description\":\"Pamut \u00e1gynem\u0171 garnit\u00fara Wild rose 200x230 cm, t\u00f6k\u00e9letes v\u00e1laszt\u00e1s a puha \u00e9s k\u00e9nyelmes alv\u00e1shoz. 100% pamut text\u00far\u00e1j\u00e1val min\u0151s\u00e9gi alv\u00e1s\u00e9lm\u00e9nyt k\u00edn\u00e1l...\",\"breadcrumb\":{\"@id\":\"https:\\\/\\\/aztex.ee\\\/hu\\\/pood\\\/agynemuk\\\/paplanhuzat-szett-wild-rose\\\/#breadcrumb\"},\"inLanguage\":\"hu\",\"potentialAction\":[{\"@type\":\"ReadAction\",\"target\":[\"https:\\\/\\\/aztex.ee\\\/hu\\\/pood\\\/agynemuk\\\/paplanhuzat-szett-wild-rose\\\/\"]}]},{\"@type\":\"ImageObject\",\"inLanguage\":\"hu\",\"@id\":\"https:\\\/\\\/aztex.ee\\\/hu\\\/pood\\\/agynemuk\\\/paplanhuzat-szett-wild-rose\\\/#primaryimage\",\"url\":\"https:\\\/\\\/aztex.ee\\\/wp-content\\\/uploads\\\/2024\\\/11\\\/Voodipesukomplekt-3-1.jpg\",\"contentUrl\":\"https:\\\/\\\/aztex.ee\\\/wp-content\\\/uploads\\\/2024\\\/11\\\/Voodipesukomplekt-3-1.jpg\",\"width\":800,\"height\":800,\"caption\":\"Voodipesukomplekt\"},{\"@type\":\"BreadcrumbList\",\"@id\":\"https:\\\/\\\/aztex.ee\\\/hu\\\/pood\\\/agynemuk\\\/paplanhuzat-szett-wild-rose\\\/#breadcrumb\",\"itemListElement\":[{\"@type\":\"ListItem\",\"position\":1,\"name\":\"F\u0151oldal\",\"item\":\"https:\\\/\\\/aztex.ee\\\/hu\\\/\"},{\"@type\":\"ListItem\",\"position\":2,\"name\":\"Web\u00e1ruh\u00e1z\",\"item\":\"https:\\\/\\\/aztex.ee\\\/hu\\\/webaruhaz\\\/\"},{\"@type\":\"ListItem\",\"position\":3,\"name\":\"Paplanhuzat szett | Wild rose\"}]},{\"@type\":\"WebSite\",\"@id\":\"https:\\\/\\\/aztex.ee\\\/hu\\\/#website\",\"url\":\"https:\\\/\\\/aztex.ee\\\/hu\\\/\",\"name\":\"AZTEX\",\"description\":\"\",\"publisher\":{\"@id\":\"https:\\\/\\\/aztex.ee\\\/hu\\\/#organization\"},\"potentialAction\":[{\"@type\":\"SearchAction\",\"target\":{\"@type\":\"EntryPoint\",\"urlTemplate\":\"https:\\\/\\\/aztex.ee\\\/hu\\\/?s={search_term_string}\"},\"query-input\":{\"@type\":\"PropertyValueSpecification\",\"valueRequired\":true,\"valueName\":\"search_term_string\"}}],\"inLanguage\":\"hu\"},{\"@type\":\"Organization\",\"@id\":\"https:\\\/\\\/aztex.ee\\\/hu\\\/#organization\",\"name\":\"AZTEX\",\"url\":\"https:\\\/\\\/aztex.ee\\\/hu\\\/\",\"logo\":{\"@type\":\"ImageObject\",\"inLanguage\":\"hu\",\"@id\":\"https:\\\/\\\/aztex.ee\\\/hu\\\/#\\\/schema\\\/logo\\\/image\\\/\",\"url\":\"https:\\\/\\\/aztex.ee\\\/wp-content\\\/uploads\\\/2026\\\/01\\\/AZTEX.png\",\"contentUrl\":\"https:\\\/\\\/aztex.ee\\\/wp-content\\\/uploads\\\/2026\\\/01\\\/AZTEX.png\",\"width\":500,\"height\":500,\"caption\":\"AZTEX\"},\"image\":{\"@id\":\"https:\\\/\\\/aztex.ee\\\/hu\\\/#\\\/schema\\\/logo\\\/image\\\/\"},\"sameAs\":[\"https:\\\/\\\/www.facebook.com\\\/AztexEE\",\"https:\\\/\\\/www.instagram.com\\\/aztexeesti\\\/\",\"https:\\\/\\\/www.youtube.com\\\/@AZTEXEE\",\"https:\\\/\\\/www.pinterest.com\\\/aztex_eesti\\\/\",\"https:\\\/\\\/www.tiktok.com\\\/@aztexeesti\",\"https:\\\/\\\/www.trustpilot.com\\\/review\\\/aztex.ee\",\"https:\\\/\\\/www.linkedin.com\\\/company\\\/aztex-ee\\\/\",\"https:\\\/\\\/www.wikidata.org\\\/wiki\\\/Q137560182\"]}]}<\/script>\n<!-- \/ Yoast SEO plugin. -->","yoast_head_json":{"title":"Paplanhuzat szett | Wild rose | AZTEX","description":"Pamut \u00e1gynem\u0171 garnit\u00fara Wild rose 200x230 cm, t\u00f6k\u00e9letes v\u00e1laszt\u00e1s a puha \u00e9s k\u00e9nyelmes alv\u00e1shoz. 100% pamut text\u00far\u00e1j\u00e1val min\u0151s\u00e9gi alv\u00e1s\u00e9lm\u00e9nyt k\u00edn\u00e1l...","robots":{"index":"index","follow":"follow","max-snippet":"max-snippet:-1","max-image-preview":"max-image-preview:large","max-video-preview":"max-video-preview:-1"},"canonical":"https:\/\/aztex.ee\/hu\/pood\/agynemuk\/paplanhuzat-szett-wild-rose\/","og_locale":"hu_HU","og_type":"article","og_title":"Paplanhuzat szett | Wild rose | AZTEX","og_description":"Pamut \u00e1gynem\u0171 garnit\u00fara Wild rose 200x230 cm, t\u00f6k\u00e9letes v\u00e1laszt\u00e1s a puha \u00e9s k\u00e9nyelmes alv\u00e1shoz. 100% pamut text\u00far\u00e1j\u00e1val min\u0151s\u00e9gi alv\u00e1s\u00e9lm\u00e9nyt k\u00edn\u00e1l...","og_url":"https:\/\/aztex.ee\/hu\/pood\/agynemuk\/paplanhuzat-szett-wild-rose\/","og_site_name":"AZTEX","article_publisher":"https:\/\/www.facebook.com\/AztexEE","article_modified_time":"2026-01-27T17:54:15+00:00","og_image":[{"width":800,"height":800,"url":"https:\/\/aztex.ee\/wp-content\/uploads\/2024\/11\/Voodipesukomplekt-3-1.jpg","type":"image\/jpeg"}],"twitter_card":"summary_large_image","twitter_misc":{"Becs\u00fclt olvas\u00e1si id\u0151":"1 perc"},"schema":{"@context":"https:\/\/schema.org","@graph":[{"@type":["WebPage","ItemPage"],"@id":"https:\/\/aztex.ee\/hu\/pood\/agynemuk\/paplanhuzat-szett-wild-rose\/","url":"https:\/\/aztex.ee\/hu\/pood\/agynemuk\/paplanhuzat-szett-wild-rose\/","name":"Paplanhuzat szett | Wild rose | AZTEX","isPartOf":{"@id":"https:\/\/aztex.ee\/hu\/#website"},"primaryImageOfPage":{"@id":"https:\/\/aztex.ee\/hu\/pood\/agynemuk\/paplanhuzat-szett-wild-rose\/#primaryimage"},"image":{"@id":"https:\/\/aztex.ee\/hu\/pood\/agynemuk\/paplanhuzat-szett-wild-rose\/#primaryimage"},"thumbnailUrl":"https:\/\/aztex.ee\/wp-content\/uploads\/2024\/11\/Voodipesukomplekt-3-1.jpg","datePublished":"2024-11-11T15:15:25+00:00","dateModified":"2026-01-27T17:54:15+00:00","description":"Pamut \u00e1gynem\u0171 garnit\u00fara Wild rose 200x230 cm, t\u00f6k\u00e9letes v\u00e1laszt\u00e1s a puha \u00e9s k\u00e9nyelmes alv\u00e1shoz. 100% pamut text\u00far\u00e1j\u00e1val min\u0151s\u00e9gi alv\u00e1s\u00e9lm\u00e9nyt k\u00edn\u00e1l...","breadcrumb":{"@id":"https:\/\/aztex.ee\/hu\/pood\/agynemuk\/paplanhuzat-szett-wild-rose\/#breadcrumb"},"inLanguage":"hu","potentialAction":[{"@type":"ReadAction","target":["https:\/\/aztex.ee\/hu\/pood\/agynemuk\/paplanhuzat-szett-wild-rose\/"]}]},{"@type":"ImageObject","inLanguage":"hu","@id":"https:\/\/aztex.ee\/hu\/pood\/agynemuk\/paplanhuzat-szett-wild-rose\/#primaryimage","url":"https:\/\/aztex.ee\/wp-content\/uploads\/2024\/11\/Voodipesukomplekt-3-1.jpg","contentUrl":"https:\/\/aztex.ee\/wp-content\/uploads\/2024\/11\/Voodipesukomplekt-3-1.jpg","width":800,"height":800,"caption":"Voodipesukomplekt"},{"@type":"BreadcrumbList","@id":"https:\/\/aztex.ee\/hu\/pood\/agynemuk\/paplanhuzat-szett-wild-rose\/#breadcrumb","itemListElement":[{"@type":"ListItem","position":1,"name":"F\u0151oldal","item":"https:\/\/aztex.ee\/hu\/"},{"@type":"ListItem","position":2,"name":"Web\u00e1ruh\u00e1z","item":"https:\/\/aztex.ee\/hu\/webaruhaz\/"},{"@type":"ListItem","position":3,"name":"Paplanhuzat szett | Wild rose"}]},{"@type":"WebSite","@id":"https:\/\/aztex.ee\/hu\/#website","url":"https:\/\/aztex.ee\/hu\/","name":"AZTEX","description":"","publisher":{"@id":"https:\/\/aztex.ee\/hu\/#organization"},"potentialAction":[{"@type":"SearchAction","target":{"@type":"EntryPoint","urlTemplate":"https:\/\/aztex.ee\/hu\/?s={search_term_string}"},"query-input":{"@type":"PropertyValueSpecification","valueRequired":true,"valueName":"search_term_string"}}],"inLanguage":"hu"},{"@type":"Organization","@id":"https:\/\/aztex.ee\/hu\/#organization","name":"AZTEX","url":"https:\/\/aztex.ee\/hu\/","logo":{"@type":"ImageObject","inLanguage":"hu","@id":"https:\/\/aztex.ee\/hu\/#\/schema\/logo\/image\/","url":"https:\/\/aztex.ee\/wp-content\/uploads\/2026\/01\/AZTEX.png","contentUrl":"https:\/\/aztex.ee\/wp-content\/uploads\/2026\/01\/AZTEX.png","width":500,"height":500,"caption":"AZTEX"},"image":{"@id":"https:\/\/aztex.ee\/hu\/#\/schema\/logo\/image\/"},"sameAs":["https:\/\/www.facebook.com\/AztexEE","https:\/\/www.instagram.com\/aztexeesti\/","https:\/\/www.youtube.com\/@AZTEXEE","https:\/\/www.pinterest.com\/aztex_eesti\/","https:\/\/www.tiktok.com\/@aztexeesti","https:\/\/www.trustpilot.com\/review\/aztex.ee","https:\/\/www.linkedin.com\/company\/aztex-ee\/","https:\/\/www.wikidata.org\/wiki\/Q137560182"]}]}},"_links":{"self":[{"href":"https:\/\/aztex.ee\/hu\/wp-json\/wp\/v2\/product\/31564","targetHints":{"allow":["GET"]}}],"collection":[{"href":"https:\/\/aztex.ee\/hu\/wp-json\/wp\/v2\/product"}],"about":[{"href":"https:\/\/aztex.ee\/hu\/wp-json\/wp\/v2\/types\/product"}],"replies":[{"embeddable":true,"href":"https:\/\/aztex.ee\/hu\/wp-json\/wp\/v2\/comments?post=31564"}],"version-history":[{"count":0,"href":"https:\/\/aztex.ee\/hu\/wp-json\/wp\/v2\/product\/31564\/revisions"}],"wp:featuredmedia":[{"embeddable":true,"href":"https:\/\/aztex.ee\/hu\/wp-json\/wp\/v2\/media\/31585"}],"wp:attachment":[{"href":"https:\/\/aztex.ee\/hu\/wp-json\/wp\/v2\/media?parent=31564"}],"wp:term":[{"taxonomy":"product_brand","embeddable":true,"href":"https:\/\/aztex.ee\/hu\/wp-json\/wp\/v2\/product_brand?post=31564"},{"taxonomy":"product_cat","embeddable":true,"href":"https:\/\/aztex.ee\/hu\/wp-json\/wp\/v2\/product_cat?post=31564"},{"taxonomy":"product_tag","embeddable":true,"href":"https:\/\/aztex.ee\/hu\/wp-json\/wp\/v2\/product_tag?post=31564"}],"curies":[{"name":"wp","href":"https:\/\/api.w.org\/{rel}","templated":true}]}}