{"id":24806,"date":"2024-09-29T09:47:19","date_gmt":"2024-09-29T09:47:19","guid":{"rendered":"https:\/\/aztex.ee\/?post_type=product&#038;p=24806"},"modified":"2026-03-31T14:45:38","modified_gmt":"2026-03-31T14:45:38","slug":"szaten-agynemu-szett-marsh","status":"publish","type":"product","link":"https:\/\/aztex.ee\/hu\/pood\/agynemuk\/szaten-agynemu-szett-marsh\/","title":{"rendered":"Szat\u00e9n \u00e1gynem\u0171 szett | Marsh"},"content":{"rendered":"<p>Szat\u00e9n \u00e1gynem\u0171garnit\u00fara t\u00f6k\u00e9letes v\u00e1laszt\u00e1s, ha l\u00e1gys\u00e1got \u00e9s eleganci\u00e1t keres h\u00e1l\u00f3szob\u00e1j\u00e1ban. Kiv\u00e1l\u00f3 min\u0151s\u00e9g\u0171 pamutb\u00f3l k\u00e9sz\u00fclt, amely simogatja a b\u0151rt \u00e9s luxus alv\u00e1si \u00e9lm\u00e9nyt biztos\u00edt. A l\u00e9g\u00e1tereszt\u0151 anyag szab\u00e1lyozza a testh\u0151m\u00e9rs\u00e9kletet, \u00edgy minden \u00e9vszakban k\u00e9nyelmesen aludhat \u2013 legyen az ny\u00e1ron h\u0171v\u00f6sebb vagy t\u00e9len melegebb. Ezenk\u00edv\u00fcl az \u00e1gynem\u0171 k\u00f6nnyen kezelhet\u0151 \u00e9s mos\u00f3g\u00e9pben moshat\u00f3, \u00edgy t\u00f6k\u00e9letes a mindennapi haszn\u00e1latra. Friss\u00edtse h\u00e1l\u00f3szob\u00e1j\u00e1t gy\u00f6ny\u00f6r\u0171 szat\u00e9n \u00e1gynem\u0171garnit\u00far\u00e1nkkal, \u00e9s \u00e9lvezze azt a luxus k\u00e9nyelmet, amire mindig is v\u00e1gyott!<\/p>\n","protected":false},"excerpt":{"rendered":"<p>A szat\u00e9n \u00e1gynem\u0171k\u00e9szlet gyeng\u00e9d a b\u0151rh\u00f6z \u00e9s l\u00e9g\u00e1tereszt\u0151, ide\u00e1lis alv\u00e1si k\u00f6rnyezetet biztos\u00edtva.<\/p>\n<ul>\n<li>Anyaga: 100% pamut<\/li>\n<li>Sz\u00f6vet: Szat\u00e9n<\/li>\n<li>Sz\u00e1lak sz\u00e1ma: 300 TC<\/li>\n<li>Paplanhuzat: 200\u00d7220 cm<\/li>\n<li>P\u00e1rnahuzat: 50\u00d775 cm (2db)<\/li>\n<li>Leped\u0151: Nem tartoz\u00e9k<\/li>\n<li>K\u00e9nyelem: L\u00e9g\u00e1tereszt\u0151 \u00e9s puha text\u00fara<\/li>\n<\/ul>\n<p><img loading=\"lazy\" decoding=\"async\" class=\"alignnone size-full wp-image-24732\" src=\"https:\/\/aztex.ee\/wp-content\/uploads\/2024\/09\/cottonlogo33.png\" alt=\"\" width=\"165\" height=\"73\" srcset=\"https:\/\/aztex.ee\/wp-content\/uploads\/2024\/09\/cottonlogo33.png 165w, https:\/\/aztex.ee\/wp-content\/uploads\/2024\/09\/cottonlogo33-150x66.png 150w\" sizes=\"auto, (max-width: 165px) 100vw, 165px\" \/><\/p>\n","protected":false},"featured_media":24887,"comment_status":"open","ping_status":"closed","template":"","meta":[],"product_brand":[],"product_cat":[499,202,276,205,383,600],"product_tag":[],"class_list":{"0":"post-24806","1":"product","2":"type-product","3":"status-publish","4":"has-post-thumbnail","6":"product_cat-agynemu-szettek","7":"product_cat-agynemuk","8":"product_cat-pamut-agynemu-200-220","9":"product_cat-pamut-agynemuk","10":"product_cat-szaten-agynemu","11":"product_cat-szaten-agynemu-szettek","13":"first","14":"instock","15":"shipping-taxable","16":"purchasable","17":"product-type-simple"},"yoast_head":"<!-- This site is optimized with the Yoast SEO plugin v27.3 - https:\/\/yoast.com\/product\/yoast-seo-wordpress\/ -->\n<title>Szat\u00e9n \u00e1gynem\u0171 szett | Marsh | AZTEX<\/title>\n<meta name=\"description\" content=\"100% pamut szat\u00e9n \u00e1gynem\u0171garnit\u00fara eleg\u00e1ns levendula mint\u00e1kkal term\u00e9szet ihlette eleganci\u00e1t hoz h\u00e1l\u00f3szob\u00e1j\u00e1ba. Puha text\u00far\u00e1j\u00e1nak \u00e9s l\u00e9legz\u0151 ....\" \/>\n<meta name=\"robots\" content=\"index, follow, max-snippet:-1, max-image-preview:large, max-video-preview:-1\" \/>\n<link rel=\"canonical\" href=\"https:\/\/aztex.ee\/hu\/pood\/agynemuk\/szaten-agynemu-szett-marsh\/\" \/>\n<meta property=\"og:locale\" content=\"hu_HU\" \/>\n<meta property=\"og:type\" content=\"article\" \/>\n<meta property=\"og:title\" content=\"Szat\u00e9n \u00e1gynem\u0171 szett | Marsh | AZTEX\" \/>\n<meta property=\"og:description\" content=\"100% pamut szat\u00e9n \u00e1gynem\u0171garnit\u00fara eleg\u00e1ns levendula mint\u00e1kkal term\u00e9szet ihlette eleganci\u00e1t hoz h\u00e1l\u00f3szob\u00e1j\u00e1ba. Puha text\u00far\u00e1j\u00e1nak \u00e9s l\u00e9legz\u0151 ....\" \/>\n<meta property=\"og:url\" content=\"https:\/\/aztex.ee\/hu\/pood\/agynemuk\/szaten-agynemu-szett-marsh\/\" \/>\n<meta property=\"og:site_name\" content=\"AZTEX\" \/>\n<meta property=\"article:publisher\" content=\"https:\/\/www.facebook.com\/AztexEE\" \/>\n<meta property=\"article:modified_time\" content=\"2026-03-31T14:45:38+00:00\" \/>\n<meta property=\"og:image\" content=\"https:\/\/aztex.ee\/wp-content\/uploads\/2024\/09\/Satiinist-voodipesukomplekt-200x220-4.jpg\" \/>\n\t<meta property=\"og:image:width\" content=\"800\" \/>\n\t<meta property=\"og:image:height\" content=\"800\" \/>\n\t<meta property=\"og:image:type\" content=\"image\/jpeg\" \/>\n<meta name=\"twitter:card\" content=\"summary_large_image\" \/>\n<meta name=\"twitter:label1\" content=\"Becs\u00fclt olvas\u00e1si id\u0151\" \/>\n\t<meta name=\"twitter:data1\" content=\"1 perc\" \/>\n<script type=\"application\/ld+json\" class=\"yoast-schema-graph\">{\"@context\":\"https:\\\/\\\/schema.org\",\"@graph\":[{\"@type\":[\"WebPage\",\"ItemPage\"],\"@id\":\"https:\\\/\\\/aztex.ee\\\/hu\\\/pood\\\/agynemuk\\\/szaten-agynemu-szett-marsh\\\/\",\"url\":\"https:\\\/\\\/aztex.ee\\\/hu\\\/pood\\\/agynemuk\\\/szaten-agynemu-szett-marsh\\\/\",\"name\":\"Szat\u00e9n \u00e1gynem\u0171 szett | Marsh | AZTEX\",\"isPartOf\":{\"@id\":\"https:\\\/\\\/aztex.ee\\\/hu\\\/#website\"},\"primaryImageOfPage\":{\"@id\":\"https:\\\/\\\/aztex.ee\\\/hu\\\/pood\\\/agynemuk\\\/szaten-agynemu-szett-marsh\\\/#primaryimage\"},\"image\":{\"@id\":\"https:\\\/\\\/aztex.ee\\\/hu\\\/pood\\\/agynemuk\\\/szaten-agynemu-szett-marsh\\\/#primaryimage\"},\"thumbnailUrl\":\"https:\\\/\\\/aztex.ee\\\/wp-content\\\/uploads\\\/2024\\\/09\\\/Satiinist-voodipesukomplekt-200x220-4.jpg\",\"datePublished\":\"2024-09-29T09:47:19+00:00\",\"dateModified\":\"2026-03-31T14:45:38+00:00\",\"description\":\"100% pamut szat\u00e9n \u00e1gynem\u0171garnit\u00fara eleg\u00e1ns levendula mint\u00e1kkal term\u00e9szet ihlette eleganci\u00e1t hoz h\u00e1l\u00f3szob\u00e1j\u00e1ba. Puha text\u00far\u00e1j\u00e1nak \u00e9s l\u00e9legz\u0151 ....\",\"breadcrumb\":{\"@id\":\"https:\\\/\\\/aztex.ee\\\/hu\\\/pood\\\/agynemuk\\\/szaten-agynemu-szett-marsh\\\/#breadcrumb\"},\"inLanguage\":\"hu\",\"potentialAction\":[{\"@type\":\"ReadAction\",\"target\":[\"https:\\\/\\\/aztex.ee\\\/hu\\\/pood\\\/agynemuk\\\/szaten-agynemu-szett-marsh\\\/\"]}]},{\"@type\":\"ImageObject\",\"inLanguage\":\"hu\",\"@id\":\"https:\\\/\\\/aztex.ee\\\/hu\\\/pood\\\/agynemuk\\\/szaten-agynemu-szett-marsh\\\/#primaryimage\",\"url\":\"https:\\\/\\\/aztex.ee\\\/wp-content\\\/uploads\\\/2024\\\/09\\\/Satiinist-voodipesukomplekt-200x220-4.jpg\",\"contentUrl\":\"https:\\\/\\\/aztex.ee\\\/wp-content\\\/uploads\\\/2024\\\/09\\\/Satiinist-voodipesukomplekt-200x220-4.jpg\",\"width\":800,\"height\":800},{\"@type\":\"BreadcrumbList\",\"@id\":\"https:\\\/\\\/aztex.ee\\\/hu\\\/pood\\\/agynemuk\\\/szaten-agynemu-szett-marsh\\\/#breadcrumb\",\"itemListElement\":[{\"@type\":\"ListItem\",\"position\":1,\"name\":\"F\u0151oldal\",\"item\":\"https:\\\/\\\/aztex.ee\\\/hu\\\/\"},{\"@type\":\"ListItem\",\"position\":2,\"name\":\"Web\u00e1ruh\u00e1z\",\"item\":\"https:\\\/\\\/aztex.ee\\\/hu\\\/webaruhaz\\\/\"},{\"@type\":\"ListItem\",\"position\":3,\"name\":\"Szat\u00e9n \u00e1gynem\u0171 szett | Marsh\"}]},{\"@type\":\"WebSite\",\"@id\":\"https:\\\/\\\/aztex.ee\\\/hu\\\/#website\",\"url\":\"https:\\\/\\\/aztex.ee\\\/hu\\\/\",\"name\":\"AZTEX\",\"description\":\"\",\"publisher\":{\"@id\":\"https:\\\/\\\/aztex.ee\\\/hu\\\/#organization\"},\"potentialAction\":[{\"@type\":\"SearchAction\",\"target\":{\"@type\":\"EntryPoint\",\"urlTemplate\":\"https:\\\/\\\/aztex.ee\\\/hu\\\/?s={search_term_string}\"},\"query-input\":{\"@type\":\"PropertyValueSpecification\",\"valueRequired\":true,\"valueName\":\"search_term_string\"}}],\"inLanguage\":\"hu\"},{\"@type\":\"Organization\",\"@id\":\"https:\\\/\\\/aztex.ee\\\/hu\\\/#organization\",\"name\":\"AZTEX\",\"url\":\"https:\\\/\\\/aztex.ee\\\/hu\\\/\",\"logo\":{\"@type\":\"ImageObject\",\"inLanguage\":\"hu\",\"@id\":\"https:\\\/\\\/aztex.ee\\\/hu\\\/#\\\/schema\\\/logo\\\/image\\\/\",\"url\":\"https:\\\/\\\/aztex.ee\\\/wp-content\\\/uploads\\\/2026\\\/01\\\/AZTEX.png\",\"contentUrl\":\"https:\\\/\\\/aztex.ee\\\/wp-content\\\/uploads\\\/2026\\\/01\\\/AZTEX.png\",\"width\":500,\"height\":500,\"caption\":\"AZTEX\"},\"image\":{\"@id\":\"https:\\\/\\\/aztex.ee\\\/hu\\\/#\\\/schema\\\/logo\\\/image\\\/\"},\"sameAs\":[\"https:\\\/\\\/www.facebook.com\\\/AztexEE\",\"https:\\\/\\\/www.instagram.com\\\/aztexeesti\\\/\",\"https:\\\/\\\/www.youtube.com\\\/@AZTEXEE\",\"https:\\\/\\\/www.pinterest.com\\\/aztex_eesti\\\/\",\"https:\\\/\\\/www.tiktok.com\\\/@aztexeesti\",\"https:\\\/\\\/www.trustpilot.com\\\/review\\\/aztex.ee\",\"https:\\\/\\\/www.linkedin.com\\\/company\\\/aztex-ee\\\/\",\"https:\\\/\\\/www.wikidata.org\\\/wiki\\\/Q137560182\"]}]}<\/script>\n<!-- \/ Yoast SEO plugin. -->","yoast_head_json":{"title":"Szat\u00e9n \u00e1gynem\u0171 szett | Marsh | AZTEX","description":"100% pamut szat\u00e9n \u00e1gynem\u0171garnit\u00fara eleg\u00e1ns levendula mint\u00e1kkal term\u00e9szet ihlette eleganci\u00e1t hoz h\u00e1l\u00f3szob\u00e1j\u00e1ba. Puha text\u00far\u00e1j\u00e1nak \u00e9s l\u00e9legz\u0151 ....","robots":{"index":"index","follow":"follow","max-snippet":"max-snippet:-1","max-image-preview":"max-image-preview:large","max-video-preview":"max-video-preview:-1"},"canonical":"https:\/\/aztex.ee\/hu\/pood\/agynemuk\/szaten-agynemu-szett-marsh\/","og_locale":"hu_HU","og_type":"article","og_title":"Szat\u00e9n \u00e1gynem\u0171 szett | Marsh | AZTEX","og_description":"100% pamut szat\u00e9n \u00e1gynem\u0171garnit\u00fara eleg\u00e1ns levendula mint\u00e1kkal term\u00e9szet ihlette eleganci\u00e1t hoz h\u00e1l\u00f3szob\u00e1j\u00e1ba. Puha text\u00far\u00e1j\u00e1nak \u00e9s l\u00e9legz\u0151 ....","og_url":"https:\/\/aztex.ee\/hu\/pood\/agynemuk\/szaten-agynemu-szett-marsh\/","og_site_name":"AZTEX","article_publisher":"https:\/\/www.facebook.com\/AztexEE","article_modified_time":"2026-03-31T14:45:38+00:00","og_image":[{"width":800,"height":800,"url":"https:\/\/aztex.ee\/wp-content\/uploads\/2024\/09\/Satiinist-voodipesukomplekt-200x220-4.jpg","type":"image\/jpeg"}],"twitter_card":"summary_large_image","twitter_misc":{"Becs\u00fclt olvas\u00e1si id\u0151":"1 perc"},"schema":{"@context":"https:\/\/schema.org","@graph":[{"@type":["WebPage","ItemPage"],"@id":"https:\/\/aztex.ee\/hu\/pood\/agynemuk\/szaten-agynemu-szett-marsh\/","url":"https:\/\/aztex.ee\/hu\/pood\/agynemuk\/szaten-agynemu-szett-marsh\/","name":"Szat\u00e9n \u00e1gynem\u0171 szett | Marsh | AZTEX","isPartOf":{"@id":"https:\/\/aztex.ee\/hu\/#website"},"primaryImageOfPage":{"@id":"https:\/\/aztex.ee\/hu\/pood\/agynemuk\/szaten-agynemu-szett-marsh\/#primaryimage"},"image":{"@id":"https:\/\/aztex.ee\/hu\/pood\/agynemuk\/szaten-agynemu-szett-marsh\/#primaryimage"},"thumbnailUrl":"https:\/\/aztex.ee\/wp-content\/uploads\/2024\/09\/Satiinist-voodipesukomplekt-200x220-4.jpg","datePublished":"2024-09-29T09:47:19+00:00","dateModified":"2026-03-31T14:45:38+00:00","description":"100% pamut szat\u00e9n \u00e1gynem\u0171garnit\u00fara eleg\u00e1ns levendula mint\u00e1kkal term\u00e9szet ihlette eleganci\u00e1t hoz h\u00e1l\u00f3szob\u00e1j\u00e1ba. Puha text\u00far\u00e1j\u00e1nak \u00e9s l\u00e9legz\u0151 ....","breadcrumb":{"@id":"https:\/\/aztex.ee\/hu\/pood\/agynemuk\/szaten-agynemu-szett-marsh\/#breadcrumb"},"inLanguage":"hu","potentialAction":[{"@type":"ReadAction","target":["https:\/\/aztex.ee\/hu\/pood\/agynemuk\/szaten-agynemu-szett-marsh\/"]}]},{"@type":"ImageObject","inLanguage":"hu","@id":"https:\/\/aztex.ee\/hu\/pood\/agynemuk\/szaten-agynemu-szett-marsh\/#primaryimage","url":"https:\/\/aztex.ee\/wp-content\/uploads\/2024\/09\/Satiinist-voodipesukomplekt-200x220-4.jpg","contentUrl":"https:\/\/aztex.ee\/wp-content\/uploads\/2024\/09\/Satiinist-voodipesukomplekt-200x220-4.jpg","width":800,"height":800},{"@type":"BreadcrumbList","@id":"https:\/\/aztex.ee\/hu\/pood\/agynemuk\/szaten-agynemu-szett-marsh\/#breadcrumb","itemListElement":[{"@type":"ListItem","position":1,"name":"F\u0151oldal","item":"https:\/\/aztex.ee\/hu\/"},{"@type":"ListItem","position":2,"name":"Web\u00e1ruh\u00e1z","item":"https:\/\/aztex.ee\/hu\/webaruhaz\/"},{"@type":"ListItem","position":3,"name":"Szat\u00e9n \u00e1gynem\u0171 szett | Marsh"}]},{"@type":"WebSite","@id":"https:\/\/aztex.ee\/hu\/#website","url":"https:\/\/aztex.ee\/hu\/","name":"AZTEX","description":"","publisher":{"@id":"https:\/\/aztex.ee\/hu\/#organization"},"potentialAction":[{"@type":"SearchAction","target":{"@type":"EntryPoint","urlTemplate":"https:\/\/aztex.ee\/hu\/?s={search_term_string}"},"query-input":{"@type":"PropertyValueSpecification","valueRequired":true,"valueName":"search_term_string"}}],"inLanguage":"hu"},{"@type":"Organization","@id":"https:\/\/aztex.ee\/hu\/#organization","name":"AZTEX","url":"https:\/\/aztex.ee\/hu\/","logo":{"@type":"ImageObject","inLanguage":"hu","@id":"https:\/\/aztex.ee\/hu\/#\/schema\/logo\/image\/","url":"https:\/\/aztex.ee\/wp-content\/uploads\/2026\/01\/AZTEX.png","contentUrl":"https:\/\/aztex.ee\/wp-content\/uploads\/2026\/01\/AZTEX.png","width":500,"height":500,"caption":"AZTEX"},"image":{"@id":"https:\/\/aztex.ee\/hu\/#\/schema\/logo\/image\/"},"sameAs":["https:\/\/www.facebook.com\/AztexEE","https:\/\/www.instagram.com\/aztexeesti\/","https:\/\/www.youtube.com\/@AZTEXEE","https:\/\/www.pinterest.com\/aztex_eesti\/","https:\/\/www.tiktok.com\/@aztexeesti","https:\/\/www.trustpilot.com\/review\/aztex.ee","https:\/\/www.linkedin.com\/company\/aztex-ee\/","https:\/\/www.wikidata.org\/wiki\/Q137560182"]}]}},"_links":{"self":[{"href":"https:\/\/aztex.ee\/hu\/wp-json\/wp\/v2\/product\/24806","targetHints":{"allow":["GET"]}}],"collection":[{"href":"https:\/\/aztex.ee\/hu\/wp-json\/wp\/v2\/product"}],"about":[{"href":"https:\/\/aztex.ee\/hu\/wp-json\/wp\/v2\/types\/product"}],"replies":[{"embeddable":true,"href":"https:\/\/aztex.ee\/hu\/wp-json\/wp\/v2\/comments?post=24806"}],"version-history":[{"count":0,"href":"https:\/\/aztex.ee\/hu\/wp-json\/wp\/v2\/product\/24806\/revisions"}],"wp:featuredmedia":[{"embeddable":true,"href":"https:\/\/aztex.ee\/hu\/wp-json\/wp\/v2\/media\/24887"}],"wp:attachment":[{"href":"https:\/\/aztex.ee\/hu\/wp-json\/wp\/v2\/media?parent=24806"}],"wp:term":[{"taxonomy":"product_brand","embeddable":true,"href":"https:\/\/aztex.ee\/hu\/wp-json\/wp\/v2\/product_brand?post=24806"},{"taxonomy":"product_cat","embeddable":true,"href":"https:\/\/aztex.ee\/hu\/wp-json\/wp\/v2\/product_cat?post=24806"},{"taxonomy":"product_tag","embeddable":true,"href":"https:\/\/aztex.ee\/hu\/wp-json\/wp\/v2\/product_tag?post=24806"}],"curies":[{"name":"wp","href":"https:\/\/api.w.org\/{rel}","templated":true}]}}