{"id":22948,"date":"2024-09-19T08:18:25","date_gmt":"2024-09-19T08:18:25","guid":{"rendered":"https:\/\/aztex.ee\/?post_type=product&#038;p=22948"},"modified":"2026-03-16T20:50:57","modified_gmt":"2026-03-16T20:50:57","slug":"agynemukeszlet-retro","status":"publish","type":"product","link":"https:\/\/aztex.ee\/hu\/pood\/agynemuk\/agynemukeszlet-retro\/","title":{"rendered":"\u00c1gynem\u0171k\u00e9szlet | Retro"},"content":{"rendered":"<p>Az egyiptomi pamut \u00e1gynem\u0171garnit\u00fara luxust \u00e9s k\u00e9nyelmet hoz h\u00e1l\u00f3szob\u00e1j\u00e1ba. 100% egyiptomi pamutb\u00f3l k\u00e9sz\u00fclt, amely kiv\u00e9teles min\u0151s\u00e9g\u00e9r\u0151l \u00e9s tart\u00f3ss\u00e1g\u00e1r\u00f3l ismert, \u00e9s ez a k\u00e9szlet biztos\u00edtja a legjobb alv\u00e1si \u00e9lm\u00e9nyt.<br \/>\nAz egyiptomi pamut \u00e1gynem\u0171garnit\u00fara a legnagyobb luxust \u00e9s k\u00e9nyelmet k\u00edn\u00e1lja, \u00edgy minden este k\u00fcl\u00f6nleges. Puha \u00e9s l\u00e9g\u00e1tereszt\u0151 anyaga nyugodt alv\u00e1st biztos\u00edt, eleg\u00e1ns megjelen\u00e9se pedig st\u00edlusoss\u00e1 teszi h\u00e1l\u00f3szob\u00e1j\u00e1t. V\u00e1lasszon egyiptomi pamutot, \u00e9s \u00e9lvezze a min\u0151s\u00e9get, amely \u00e9vekig kitart.<\/p>\n","protected":false},"excerpt":{"rendered":"<p>Ez az \u00e1gynem\u0171garnit\u00fara eleganci\u00e1val \u00e9s k\u00e9nyelemmel gazdag\u00edtja h\u00e1l\u00f3szob\u00e1j\u00e1t.<\/p>\n<ul>\n<li>Anyaga: 100% Egyiptomi pamut<\/li>\n<li>Sz\u00f6vet: Mako szat\u00e9n<\/li>\n<li>Sz\u00e1lak sz\u00e1ma: 400 TC<\/li>\n<li>Paplanhuzat: 200\u00d7220 cm<\/li>\n<li>P\u00e1rnahuzat: 50\u00d775 cm (2db)<\/li>\n<li>Leped\u0151: Nem tartoz\u00e9k<\/li>\n<li>K\u00e9nyelem: L\u00e9g\u00e1tereszt\u0151 \u00e9s puha text\u00fara<\/li>\n<\/ul>\n<p><img loading=\"lazy\" decoding=\"async\" class=\"alignnone wp-image-21477\" src=\"https:\/\/aztex.ee\/wp-content\/uploads\/2024\/09\/cotton-sertifika.png\" alt=\"\" width=\"196\" height=\"67\" srcset=\"https:\/\/aztex.ee\/wp-content\/uploads\/2024\/09\/cotton-sertifika.png 250w, https:\/\/aztex.ee\/wp-content\/uploads\/2024\/09\/cotton-sertifika-150x51.png 150w\" sizes=\"auto, (max-width: 196px) 100vw, 196px\" \/><\/p>\n","protected":false},"featured_media":22965,"comment_status":"open","ping_status":"closed","template":"","meta":[],"product_brand":[],"product_cat":[499,202,318,276,205,383,600],"product_tag":[],"class_list":{"0":"post-22948","1":"product","2":"type-product","3":"status-publish","4":"has-post-thumbnail","6":"product_cat-agynemu-szettek","7":"product_cat-agynemuk","8":"product_cat-mako-szaten-agynemu","9":"product_cat-pamut-agynemu-200-220","10":"product_cat-pamut-agynemuk","11":"product_cat-szaten-agynemu","12":"product_cat-szaten-agynemu-szettek","14":"first","15":"instock","16":"shipping-taxable","17":"purchasable","18":"product-type-simple"},"yoast_head":"<!-- This site is optimized with the Yoast SEO plugin v27.3 - https:\/\/yoast.com\/product\/yoast-seo-wordpress\/ -->\n<title>\u00c1gynem\u0171k\u00e9szlet | Retro | AZTEX<\/title>\n<meta name=\"description\" content=\"Az egyiptomi pamut \u00e1gynem\u0171garnit\u00fara luxust \u00e9s k\u00e9nyelmet hoz h\u00e1l\u00f3szob\u00e1j\u00e1ba. 100% egyiptomi pamutb\u00f3l k\u00e9sz\u00fclt, amely kiv\u00e9teles...\" \/>\n<meta name=\"robots\" content=\"index, follow, max-snippet:-1, max-image-preview:large, max-video-preview:-1\" \/>\n<link rel=\"canonical\" href=\"https:\/\/aztex.ee\/hu\/pood\/agynemuk\/agynemukeszlet-retro\/\" \/>\n<meta property=\"og:locale\" content=\"hu_HU\" \/>\n<meta property=\"og:type\" content=\"article\" \/>\n<meta property=\"og:title\" content=\"\u00c1gynem\u0171k\u00e9szlet | Retro | AZTEX\" \/>\n<meta property=\"og:description\" content=\"Az egyiptomi pamut \u00e1gynem\u0171garnit\u00fara luxust \u00e9s k\u00e9nyelmet hoz h\u00e1l\u00f3szob\u00e1j\u00e1ba. 100% egyiptomi pamutb\u00f3l k\u00e9sz\u00fclt, amely kiv\u00e9teles...\" \/>\n<meta property=\"og:url\" content=\"https:\/\/aztex.ee\/hu\/pood\/agynemuk\/agynemukeszlet-retro\/\" \/>\n<meta property=\"og:site_name\" content=\"AZTEX\" \/>\n<meta property=\"article:publisher\" content=\"https:\/\/www.facebook.com\/AztexEE\" \/>\n<meta property=\"article:modified_time\" content=\"2026-03-16T20:50:57+00:00\" \/>\n<meta property=\"og:image\" content=\"https:\/\/aztex.ee\/wp-content\/uploads\/2024\/09\/voodipesukomplekt-puuvill-6.jpg\" \/>\n\t<meta property=\"og:image:width\" content=\"800\" \/>\n\t<meta property=\"og:image:height\" content=\"800\" \/>\n\t<meta property=\"og:image:type\" content=\"image\/jpeg\" \/>\n<meta name=\"twitter:card\" content=\"summary_large_image\" \/>\n<meta name=\"twitter:label1\" content=\"Becs\u00fclt olvas\u00e1si id\u0151\" \/>\n\t<meta name=\"twitter:data1\" content=\"1 perc\" \/>\n<script type=\"application\/ld+json\" class=\"yoast-schema-graph\">{\"@context\":\"https:\\\/\\\/schema.org\",\"@graph\":[{\"@type\":[\"WebPage\",\"ItemPage\"],\"@id\":\"https:\\\/\\\/aztex.ee\\\/hu\\\/pood\\\/agynemuk\\\/agynemukeszlet-retro\\\/\",\"url\":\"https:\\\/\\\/aztex.ee\\\/hu\\\/pood\\\/agynemuk\\\/agynemukeszlet-retro\\\/\",\"name\":\"\u00c1gynem\u0171k\u00e9szlet | Retro | AZTEX\",\"isPartOf\":{\"@id\":\"https:\\\/\\\/aztex.ee\\\/hu\\\/#website\"},\"primaryImageOfPage\":{\"@id\":\"https:\\\/\\\/aztex.ee\\\/hu\\\/pood\\\/agynemuk\\\/agynemukeszlet-retro\\\/#primaryimage\"},\"image\":{\"@id\":\"https:\\\/\\\/aztex.ee\\\/hu\\\/pood\\\/agynemuk\\\/agynemukeszlet-retro\\\/#primaryimage\"},\"thumbnailUrl\":\"https:\\\/\\\/aztex.ee\\\/wp-content\\\/uploads\\\/2024\\\/09\\\/voodipesukomplekt-puuvill-6.jpg\",\"datePublished\":\"2024-09-19T08:18:25+00:00\",\"dateModified\":\"2026-03-16T20:50:57+00:00\",\"description\":\"Az egyiptomi pamut \u00e1gynem\u0171garnit\u00fara luxust \u00e9s k\u00e9nyelmet hoz h\u00e1l\u00f3szob\u00e1j\u00e1ba. 100% egyiptomi pamutb\u00f3l k\u00e9sz\u00fclt, amely kiv\u00e9teles...\",\"breadcrumb\":{\"@id\":\"https:\\\/\\\/aztex.ee\\\/hu\\\/pood\\\/agynemuk\\\/agynemukeszlet-retro\\\/#breadcrumb\"},\"inLanguage\":\"hu\",\"potentialAction\":[{\"@type\":\"ReadAction\",\"target\":[\"https:\\\/\\\/aztex.ee\\\/hu\\\/pood\\\/agynemuk\\\/agynemukeszlet-retro\\\/\"]}]},{\"@type\":\"ImageObject\",\"inLanguage\":\"hu\",\"@id\":\"https:\\\/\\\/aztex.ee\\\/hu\\\/pood\\\/agynemuk\\\/agynemukeszlet-retro\\\/#primaryimage\",\"url\":\"https:\\\/\\\/aztex.ee\\\/wp-content\\\/uploads\\\/2024\\\/09\\\/voodipesukomplekt-puuvill-6.jpg\",\"contentUrl\":\"https:\\\/\\\/aztex.ee\\\/wp-content\\\/uploads\\\/2024\\\/09\\\/voodipesukomplekt-puuvill-6.jpg\",\"width\":800,\"height\":800},{\"@type\":\"BreadcrumbList\",\"@id\":\"https:\\\/\\\/aztex.ee\\\/hu\\\/pood\\\/agynemuk\\\/agynemukeszlet-retro\\\/#breadcrumb\",\"itemListElement\":[{\"@type\":\"ListItem\",\"position\":1,\"name\":\"F\u0151oldal\",\"item\":\"https:\\\/\\\/aztex.ee\\\/hu\\\/\"},{\"@type\":\"ListItem\",\"position\":2,\"name\":\"Web\u00e1ruh\u00e1z\",\"item\":\"https:\\\/\\\/aztex.ee\\\/hu\\\/webaruhaz\\\/\"},{\"@type\":\"ListItem\",\"position\":3,\"name\":\"\u00c1gynem\u0171k\u00e9szlet | Retro\"}]},{\"@type\":\"WebSite\",\"@id\":\"https:\\\/\\\/aztex.ee\\\/hu\\\/#website\",\"url\":\"https:\\\/\\\/aztex.ee\\\/hu\\\/\",\"name\":\"AZTEX\",\"description\":\"\",\"publisher\":{\"@id\":\"https:\\\/\\\/aztex.ee\\\/hu\\\/#organization\"},\"potentialAction\":[{\"@type\":\"SearchAction\",\"target\":{\"@type\":\"EntryPoint\",\"urlTemplate\":\"https:\\\/\\\/aztex.ee\\\/hu\\\/?s={search_term_string}\"},\"query-input\":{\"@type\":\"PropertyValueSpecification\",\"valueRequired\":true,\"valueName\":\"search_term_string\"}}],\"inLanguage\":\"hu\"},{\"@type\":\"Organization\",\"@id\":\"https:\\\/\\\/aztex.ee\\\/hu\\\/#organization\",\"name\":\"AZTEX\",\"url\":\"https:\\\/\\\/aztex.ee\\\/hu\\\/\",\"logo\":{\"@type\":\"ImageObject\",\"inLanguage\":\"hu\",\"@id\":\"https:\\\/\\\/aztex.ee\\\/hu\\\/#\\\/schema\\\/logo\\\/image\\\/\",\"url\":\"https:\\\/\\\/aztex.ee\\\/wp-content\\\/uploads\\\/2026\\\/01\\\/AZTEX.png\",\"contentUrl\":\"https:\\\/\\\/aztex.ee\\\/wp-content\\\/uploads\\\/2026\\\/01\\\/AZTEX.png\",\"width\":500,\"height\":500,\"caption\":\"AZTEX\"},\"image\":{\"@id\":\"https:\\\/\\\/aztex.ee\\\/hu\\\/#\\\/schema\\\/logo\\\/image\\\/\"},\"sameAs\":[\"https:\\\/\\\/www.facebook.com\\\/AztexEE\",\"https:\\\/\\\/www.instagram.com\\\/aztexeesti\\\/\",\"https:\\\/\\\/www.youtube.com\\\/@AZTEXEE\",\"https:\\\/\\\/www.pinterest.com\\\/aztex_eesti\\\/\",\"https:\\\/\\\/www.tiktok.com\\\/@aztexeesti\",\"https:\\\/\\\/www.trustpilot.com\\\/review\\\/aztex.ee\",\"https:\\\/\\\/www.linkedin.com\\\/company\\\/aztex-ee\\\/\",\"https:\\\/\\\/www.wikidata.org\\\/wiki\\\/Q137560182\"]}]}<\/script>\n<!-- \/ Yoast SEO plugin. -->","yoast_head_json":{"title":"\u00c1gynem\u0171k\u00e9szlet | Retro | AZTEX","description":"Az egyiptomi pamut \u00e1gynem\u0171garnit\u00fara luxust \u00e9s k\u00e9nyelmet hoz h\u00e1l\u00f3szob\u00e1j\u00e1ba. 100% egyiptomi pamutb\u00f3l k\u00e9sz\u00fclt, amely kiv\u00e9teles...","robots":{"index":"index","follow":"follow","max-snippet":"max-snippet:-1","max-image-preview":"max-image-preview:large","max-video-preview":"max-video-preview:-1"},"canonical":"https:\/\/aztex.ee\/hu\/pood\/agynemuk\/agynemukeszlet-retro\/","og_locale":"hu_HU","og_type":"article","og_title":"\u00c1gynem\u0171k\u00e9szlet | Retro | AZTEX","og_description":"Az egyiptomi pamut \u00e1gynem\u0171garnit\u00fara luxust \u00e9s k\u00e9nyelmet hoz h\u00e1l\u00f3szob\u00e1j\u00e1ba. 100% egyiptomi pamutb\u00f3l k\u00e9sz\u00fclt, amely kiv\u00e9teles...","og_url":"https:\/\/aztex.ee\/hu\/pood\/agynemuk\/agynemukeszlet-retro\/","og_site_name":"AZTEX","article_publisher":"https:\/\/www.facebook.com\/AztexEE","article_modified_time":"2026-03-16T20:50:57+00:00","og_image":[{"width":800,"height":800,"url":"https:\/\/aztex.ee\/wp-content\/uploads\/2024\/09\/voodipesukomplekt-puuvill-6.jpg","type":"image\/jpeg"}],"twitter_card":"summary_large_image","twitter_misc":{"Becs\u00fclt olvas\u00e1si id\u0151":"1 perc"},"schema":{"@context":"https:\/\/schema.org","@graph":[{"@type":["WebPage","ItemPage"],"@id":"https:\/\/aztex.ee\/hu\/pood\/agynemuk\/agynemukeszlet-retro\/","url":"https:\/\/aztex.ee\/hu\/pood\/agynemuk\/agynemukeszlet-retro\/","name":"\u00c1gynem\u0171k\u00e9szlet | Retro | AZTEX","isPartOf":{"@id":"https:\/\/aztex.ee\/hu\/#website"},"primaryImageOfPage":{"@id":"https:\/\/aztex.ee\/hu\/pood\/agynemuk\/agynemukeszlet-retro\/#primaryimage"},"image":{"@id":"https:\/\/aztex.ee\/hu\/pood\/agynemuk\/agynemukeszlet-retro\/#primaryimage"},"thumbnailUrl":"https:\/\/aztex.ee\/wp-content\/uploads\/2024\/09\/voodipesukomplekt-puuvill-6.jpg","datePublished":"2024-09-19T08:18:25+00:00","dateModified":"2026-03-16T20:50:57+00:00","description":"Az egyiptomi pamut \u00e1gynem\u0171garnit\u00fara luxust \u00e9s k\u00e9nyelmet hoz h\u00e1l\u00f3szob\u00e1j\u00e1ba. 100% egyiptomi pamutb\u00f3l k\u00e9sz\u00fclt, amely kiv\u00e9teles...","breadcrumb":{"@id":"https:\/\/aztex.ee\/hu\/pood\/agynemuk\/agynemukeszlet-retro\/#breadcrumb"},"inLanguage":"hu","potentialAction":[{"@type":"ReadAction","target":["https:\/\/aztex.ee\/hu\/pood\/agynemuk\/agynemukeszlet-retro\/"]}]},{"@type":"ImageObject","inLanguage":"hu","@id":"https:\/\/aztex.ee\/hu\/pood\/agynemuk\/agynemukeszlet-retro\/#primaryimage","url":"https:\/\/aztex.ee\/wp-content\/uploads\/2024\/09\/voodipesukomplekt-puuvill-6.jpg","contentUrl":"https:\/\/aztex.ee\/wp-content\/uploads\/2024\/09\/voodipesukomplekt-puuvill-6.jpg","width":800,"height":800},{"@type":"BreadcrumbList","@id":"https:\/\/aztex.ee\/hu\/pood\/agynemuk\/agynemukeszlet-retro\/#breadcrumb","itemListElement":[{"@type":"ListItem","position":1,"name":"F\u0151oldal","item":"https:\/\/aztex.ee\/hu\/"},{"@type":"ListItem","position":2,"name":"Web\u00e1ruh\u00e1z","item":"https:\/\/aztex.ee\/hu\/webaruhaz\/"},{"@type":"ListItem","position":3,"name":"\u00c1gynem\u0171k\u00e9szlet | Retro"}]},{"@type":"WebSite","@id":"https:\/\/aztex.ee\/hu\/#website","url":"https:\/\/aztex.ee\/hu\/","name":"AZTEX","description":"","publisher":{"@id":"https:\/\/aztex.ee\/hu\/#organization"},"potentialAction":[{"@type":"SearchAction","target":{"@type":"EntryPoint","urlTemplate":"https:\/\/aztex.ee\/hu\/?s={search_term_string}"},"query-input":{"@type":"PropertyValueSpecification","valueRequired":true,"valueName":"search_term_string"}}],"inLanguage":"hu"},{"@type":"Organization","@id":"https:\/\/aztex.ee\/hu\/#organization","name":"AZTEX","url":"https:\/\/aztex.ee\/hu\/","logo":{"@type":"ImageObject","inLanguage":"hu","@id":"https:\/\/aztex.ee\/hu\/#\/schema\/logo\/image\/","url":"https:\/\/aztex.ee\/wp-content\/uploads\/2026\/01\/AZTEX.png","contentUrl":"https:\/\/aztex.ee\/wp-content\/uploads\/2026\/01\/AZTEX.png","width":500,"height":500,"caption":"AZTEX"},"image":{"@id":"https:\/\/aztex.ee\/hu\/#\/schema\/logo\/image\/"},"sameAs":["https:\/\/www.facebook.com\/AztexEE","https:\/\/www.instagram.com\/aztexeesti\/","https:\/\/www.youtube.com\/@AZTEXEE","https:\/\/www.pinterest.com\/aztex_eesti\/","https:\/\/www.tiktok.com\/@aztexeesti","https:\/\/www.trustpilot.com\/review\/aztex.ee","https:\/\/www.linkedin.com\/company\/aztex-ee\/","https:\/\/www.wikidata.org\/wiki\/Q137560182"]}]}},"_links":{"self":[{"href":"https:\/\/aztex.ee\/hu\/wp-json\/wp\/v2\/product\/22948","targetHints":{"allow":["GET"]}}],"collection":[{"href":"https:\/\/aztex.ee\/hu\/wp-json\/wp\/v2\/product"}],"about":[{"href":"https:\/\/aztex.ee\/hu\/wp-json\/wp\/v2\/types\/product"}],"replies":[{"embeddable":true,"href":"https:\/\/aztex.ee\/hu\/wp-json\/wp\/v2\/comments?post=22948"}],"version-history":[{"count":0,"href":"https:\/\/aztex.ee\/hu\/wp-json\/wp\/v2\/product\/22948\/revisions"}],"wp:featuredmedia":[{"embeddable":true,"href":"https:\/\/aztex.ee\/hu\/wp-json\/wp\/v2\/media\/22965"}],"wp:attachment":[{"href":"https:\/\/aztex.ee\/hu\/wp-json\/wp\/v2\/media?parent=22948"}],"wp:term":[{"taxonomy":"product_brand","embeddable":true,"href":"https:\/\/aztex.ee\/hu\/wp-json\/wp\/v2\/product_brand?post=22948"},{"taxonomy":"product_cat","embeddable":true,"href":"https:\/\/aztex.ee\/hu\/wp-json\/wp\/v2\/product_cat?post=22948"},{"taxonomy":"product_tag","embeddable":true,"href":"https:\/\/aztex.ee\/hu\/wp-json\/wp\/v2\/product_tag?post=22948"}],"curies":[{"name":"wp","href":"https:\/\/api.w.org\/{rel}","templated":true}]}}