{"id":108465,"date":"2026-03-28T20:24:37","date_gmt":"2026-03-28T20:24:37","guid":{"rendered":"https:\/\/aztex.ee\/?post_type=product&#038;p=108465"},"modified":"2026-03-28T21:26:44","modified_gmt":"2026-03-28T21:26:44","slug":"bambusz-lepedo-nude-szin","status":"publish","type":"product","link":"https:\/\/aztex.ee\/hu\/pood\/bambusz-lepedok\/bambusz-lepedo-nude-szin\/","title":{"rendered":"Bambusz leped\u0151 \u2013 Nude sz\u00edn"},"content":{"rendered":"<p>A bambusz term\u00e9szetesen puha, l\u00e9g\u00e1tereszt\u0151 \u00e9s tart\u00f3s, \u00edgy ide\u00e1lis v\u00e1laszt\u00e1s otthoni textilekhez. A bambuszsz\u00e1lak selymesen simaak \u00e9s gyeng\u00e9den fekszenek a b\u0151r\u00f6n, luxus k\u00e9nyelmet biztos\u00edtva a mindennapi haszn\u00e1lat sor\u00e1n. Ezenk\u00edv\u00fcl ez az anyag kiv\u00e1l\u00f3 nedvess\u00e9gfelvev\u0151 k\u00e9pess\u00e9ggel rendelkezik, seg\u00edt sz\u00e1razon tartani a b\u0151rt, \u00e9s eg\u00e9sz \u00e9jszaka friss \u00e9rz\u00e9st biztos\u00edt.<\/p>\n<p>A bambusz egyik k\u00fcl\u00f6nleges tulajdons\u00e1ga a term\u00e9szetes antibakteri\u00e1lis \u00e9s hipoallerg\u00e9n tulajdons\u00e1gai. Ez seg\u00edt cs\u00f6kkenteni a kellemetlen szagok \u00e9s bakt\u00e9riumok terjed\u00e9s\u00e9t, \u00edgy a bambuszb\u00f3l k\u00e9sz\u00fclt term\u00e9kek k\u00fcl\u00f6n\u00f6sen alkalmasak az \u00e9rz\u00e9keny b\u0151r\u0171ek sz\u00e1m\u00e1ra. Ezenk\u00edv\u00fcl a bambuszsz\u00e1lak szab\u00e1lyozhatj\u00e1k a h\u0151m\u00e9rs\u00e9kletet, ny\u00e1ron h\u0171v\u00f6ss\u00e9get \u00e9s t\u00e9len meleget biztos\u00edtanak.<\/p>\n<p>A bambusz egy fenntarthat\u00f3 anyag, amely gyorsan n\u00f6vekszik, \u00e9s l\u00e9nyegesen kevesebb vizet ig\u00e9nyel a n\u00f6veked\u00e9s\u00e9hez, mint sok m\u00e1s sz\u00e1l. Ez teszi a bambusz text\u00edli\u00e1kat k\u00f6rnyezetbar\u00e1t v\u00e1laszt\u00e1ss\u00e1, amely \u00f6tv\u00f6zi a term\u00e9szetk\u00f6zeli \u00e9letm\u00f3dot a pr\u00e9mium k\u00e9nyelemmel.<\/p>\n","protected":false},"excerpt":{"rendered":"<p>A bambusz leped\u0151 gondoskodik a friss alv\u00e1sr\u00f3l, antibakteri\u00e1lis \u00e9s selymesen sima.<\/p>\n<ul>\n<li>Sz\u00edn: Nude sz\u00edn<\/li>\n<li>Anyaga: 100% bambusz<\/li>\n<li>Sz\u00e1lak sz\u00e1ma: 300 TC<\/li>\n<li>M\u00e9rete: 220&#215;240 cm \u00b13<\/li>\n<\/ul>\n<p><img loading=\"lazy\" decoding=\"async\" class=\"alignnone wp-image-20226\" src=\"https:\/\/aztex.ee\/wp-content\/uploads\/2024\/09\/oekotex100.png\" alt=\"\" width=\"196\" height=\"69\" srcset=\"https:\/\/aztex.ee\/wp-content\/uploads\/2024\/09\/oekotex100.png 204w, https:\/\/aztex.ee\/wp-content\/uploads\/2024\/09\/oekotex100-150x53.png 150w\" sizes=\"auto, (max-width: 196px) 100vw, 196px\" \/><img loading=\"lazy\" decoding=\"async\" class=\"alignnone wp-image-20260\" src=\"https:\/\/aztex.ee\/wp-content\/uploads\/2024\/09\/bambuuss.png\" alt=\"\" width=\"75\" height=\"75\" srcset=\"https:\/\/aztex.ee\/wp-content\/uploads\/2024\/09\/bambuuss.png 204w, https:\/\/aztex.ee\/wp-content\/uploads\/2024\/09\/bambuuss-150x150.png 150w\" sizes=\"auto, (max-width: 75px) 100vw, 75px\" \/><\/p>\n","protected":false},"featured_media":108486,"comment_status":"open","ping_status":"closed","template":"","meta":[],"product_brand":[],"product_cat":[539,1799],"product_tag":[],"class_list":{"0":"post-108465","1":"product","2":"type-product","3":"status-publish","4":"has-post-thumbnail","6":"product_cat-bambusz-lepedok","7":"product_cat-lepedok","9":"first","10":"instock","11":"shipping-taxable","12":"purchasable","13":"product-type-simple"},"yoast_head":"<!-- This site is optimized with the Yoast SEO plugin v27.6 - https:\/\/yoast.com\/product\/yoast-seo-wordpress\/ -->\n<title>Bambusz lyocell leped\u0151 | AZTEX<\/title>\n<meta name=\"description\" content=\"K\u00f6rnyezetbar\u00e1t bambusz leped\u0151, amely sima \u00e9s puha, hagyja l\u00e9legezni a b\u0151rt. Nyugodt alv\u00e1st, hosszan tart\u00f3 frissess\u00e9get biztos\u00edt, \u00e9s eleg\u00e1ns megjelen\u00e9st ad az \u00e1gynak.\" \/>\n<meta name=\"robots\" content=\"index, follow, max-snippet:-1, max-image-preview:large, max-video-preview:-1\" \/>\n<link rel=\"canonical\" href=\"https:\/\/aztex.ee\/hu\/pood\/bambusz-lepedok\/bambusz-lepedo-nude-szin\/\" \/>\n<meta property=\"og:locale\" content=\"hu_HU\" \/>\n<meta property=\"og:type\" content=\"article\" \/>\n<meta property=\"og:title\" content=\"Bambusz lyocell leped\u0151 | AZTEX\" \/>\n<meta property=\"og:description\" content=\"K\u00f6rnyezetbar\u00e1t bambusz leped\u0151, amely sima \u00e9s puha, hagyja l\u00e9legezni a b\u0151rt. Nyugodt alv\u00e1st, hosszan tart\u00f3 frissess\u00e9get biztos\u00edt, \u00e9s eleg\u00e1ns megjelen\u00e9st ad az \u00e1gynak.\" \/>\n<meta property=\"og:url\" content=\"https:\/\/aztex.ee\/hu\/pood\/bambusz-lepedok\/bambusz-lepedo-nude-szin\/\" \/>\n<meta property=\"og:site_name\" content=\"AZTEX\" \/>\n<meta property=\"article:publisher\" content=\"https:\/\/www.facebook.com\/AztexEE\" \/>\n<meta property=\"article:modified_time\" content=\"2026-03-28T21:26:44+00:00\" \/>\n<meta property=\"og:image\" content=\"https:\/\/aztex.ee\/wp-content\/uploads\/2026\/03\/Bambusest-lyocell-voodilina.jpg\" \/>\n\t<meta property=\"og:image:width\" content=\"800\" \/>\n\t<meta property=\"og:image:height\" content=\"800\" \/>\n\t<meta property=\"og:image:type\" content=\"image\/jpeg\" \/>\n<meta name=\"twitter:card\" content=\"summary_large_image\" \/>\n<meta name=\"twitter:label1\" content=\"Becs\u00fclt olvas\u00e1si id\u0151\" \/>\n\t<meta name=\"twitter:data1\" content=\"1 perc\" \/>\n<script type=\"application\/ld+json\" class=\"yoast-schema-graph\">{\"@context\":\"https:\\\/\\\/schema.org\",\"@graph\":[{\"@type\":[\"WebPage\",\"ItemPage\"],\"@id\":\"https:\\\/\\\/aztex.ee\\\/hu\\\/pood\\\/bambusz-lepedok\\\/bambusz-lepedo-nude-szin\\\/\",\"url\":\"https:\\\/\\\/aztex.ee\\\/hu\\\/pood\\\/bambusz-lepedok\\\/bambusz-lepedo-nude-szin\\\/\",\"name\":\"Bambusz lyocell leped\u0151 | AZTEX\",\"isPartOf\":{\"@id\":\"https:\\\/\\\/aztex.ee\\\/hu\\\/#website\"},\"primaryImageOfPage\":{\"@id\":\"https:\\\/\\\/aztex.ee\\\/hu\\\/pood\\\/bambusz-lepedok\\\/bambusz-lepedo-nude-szin\\\/#primaryimage\"},\"image\":{\"@id\":\"https:\\\/\\\/aztex.ee\\\/hu\\\/pood\\\/bambusz-lepedok\\\/bambusz-lepedo-nude-szin\\\/#primaryimage\"},\"thumbnailUrl\":\"https:\\\/\\\/aztex.ee\\\/wp-content\\\/uploads\\\/2026\\\/03\\\/Bambusest-lyocell-voodilina.jpg\",\"datePublished\":\"2026-03-28T20:24:37+00:00\",\"dateModified\":\"2026-03-28T21:26:44+00:00\",\"description\":\"K\u00f6rnyezetbar\u00e1t bambusz leped\u0151, amely sima \u00e9s puha, hagyja l\u00e9legezni a b\u0151rt. Nyugodt alv\u00e1st, hosszan tart\u00f3 frissess\u00e9get biztos\u00edt, \u00e9s eleg\u00e1ns megjelen\u00e9st ad az \u00e1gynak.\",\"breadcrumb\":{\"@id\":\"https:\\\/\\\/aztex.ee\\\/hu\\\/pood\\\/bambusz-lepedok\\\/bambusz-lepedo-nude-szin\\\/#breadcrumb\"},\"inLanguage\":\"hu\",\"potentialAction\":[{\"@type\":\"ReadAction\",\"target\":[\"https:\\\/\\\/aztex.ee\\\/hu\\\/pood\\\/bambusz-lepedok\\\/bambusz-lepedo-nude-szin\\\/\"]}]},{\"@type\":\"ImageObject\",\"inLanguage\":\"hu\",\"@id\":\"https:\\\/\\\/aztex.ee\\\/hu\\\/pood\\\/bambusz-lepedok\\\/bambusz-lepedo-nude-szin\\\/#primaryimage\",\"url\":\"https:\\\/\\\/aztex.ee\\\/wp-content\\\/uploads\\\/2026\\\/03\\\/Bambusest-lyocell-voodilina.jpg\",\"contentUrl\":\"https:\\\/\\\/aztex.ee\\\/wp-content\\\/uploads\\\/2026\\\/03\\\/Bambusest-lyocell-voodilina.jpg\",\"width\":800,\"height\":800,\"caption\":\"Bambusest lyocell voodilina\"},{\"@type\":\"BreadcrumbList\",\"@id\":\"https:\\\/\\\/aztex.ee\\\/hu\\\/pood\\\/bambusz-lepedok\\\/bambusz-lepedo-nude-szin\\\/#breadcrumb\",\"itemListElement\":[{\"@type\":\"ListItem\",\"position\":1,\"name\":\"F\u0151oldal\",\"item\":\"https:\\\/\\\/aztex.ee\\\/hu\\\/\"},{\"@type\":\"ListItem\",\"position\":2,\"name\":\"Web\u00e1ruh\u00e1z\",\"item\":\"https:\\\/\\\/aztex.ee\\\/hu\\\/webaruhaz\\\/\"},{\"@type\":\"ListItem\",\"position\":3,\"name\":\"Bambusz leped\u0151 \u2013 Nude sz\u00edn\"}]},{\"@type\":\"WebSite\",\"@id\":\"https:\\\/\\\/aztex.ee\\\/hu\\\/#website\",\"url\":\"https:\\\/\\\/aztex.ee\\\/hu\\\/\",\"name\":\"AZTEX\",\"description\":\"\",\"publisher\":{\"@id\":\"https:\\\/\\\/aztex.ee\\\/hu\\\/#organization\"},\"potentialAction\":[{\"@type\":\"SearchAction\",\"target\":{\"@type\":\"EntryPoint\",\"urlTemplate\":\"https:\\\/\\\/aztex.ee\\\/hu\\\/?s={search_term_string}\"},\"query-input\":{\"@type\":\"PropertyValueSpecification\",\"valueRequired\":true,\"valueName\":\"search_term_string\"}}],\"inLanguage\":\"hu\"},{\"@type\":\"Organization\",\"@id\":\"https:\\\/\\\/aztex.ee\\\/hu\\\/#organization\",\"name\":\"AZTEX\",\"url\":\"https:\\\/\\\/aztex.ee\\\/hu\\\/\",\"logo\":{\"@type\":\"ImageObject\",\"inLanguage\":\"hu\",\"@id\":\"https:\\\/\\\/aztex.ee\\\/hu\\\/#\\\/schema\\\/logo\\\/image\\\/\",\"url\":\"https:\\\/\\\/aztex.ee\\\/wp-content\\\/uploads\\\/2026\\\/01\\\/AZTEX.png\",\"contentUrl\":\"https:\\\/\\\/aztex.ee\\\/wp-content\\\/uploads\\\/2026\\\/01\\\/AZTEX.png\",\"width\":500,\"height\":500,\"caption\":\"AZTEX\"},\"image\":{\"@id\":\"https:\\\/\\\/aztex.ee\\\/hu\\\/#\\\/schema\\\/logo\\\/image\\\/\"},\"sameAs\":[\"https:\\\/\\\/www.facebook.com\\\/AztexEE\",\"https:\\\/\\\/www.instagram.com\\\/aztexeesti\\\/\",\"https:\\\/\\\/www.youtube.com\\\/@AZTEXEE\",\"https:\\\/\\\/www.pinterest.com\\\/aztex_eesti\\\/\",\"https:\\\/\\\/www.tiktok.com\\\/@aztexeesti\",\"https:\\\/\\\/www.trustpilot.com\\\/review\\\/aztex.ee\",\"https:\\\/\\\/www.linkedin.com\\\/company\\\/aztex-ee\\\/\",\"https:\\\/\\\/www.wikidata.org\\\/wiki\\\/Q137560182\"]}]}<\/script>\n<!-- \/ Yoast SEO plugin. -->","yoast_head_json":{"title":"Bambusz lyocell leped\u0151 | AZTEX","description":"K\u00f6rnyezetbar\u00e1t bambusz leped\u0151, amely sima \u00e9s puha, hagyja l\u00e9legezni a b\u0151rt. Nyugodt alv\u00e1st, hosszan tart\u00f3 frissess\u00e9get biztos\u00edt, \u00e9s eleg\u00e1ns megjelen\u00e9st ad az \u00e1gynak.","robots":{"index":"index","follow":"follow","max-snippet":"max-snippet:-1","max-image-preview":"max-image-preview:large","max-video-preview":"max-video-preview:-1"},"canonical":"https:\/\/aztex.ee\/hu\/pood\/bambusz-lepedok\/bambusz-lepedo-nude-szin\/","og_locale":"hu_HU","og_type":"article","og_title":"Bambusz lyocell leped\u0151 | AZTEX","og_description":"K\u00f6rnyezetbar\u00e1t bambusz leped\u0151, amely sima \u00e9s puha, hagyja l\u00e9legezni a b\u0151rt. Nyugodt alv\u00e1st, hosszan tart\u00f3 frissess\u00e9get biztos\u00edt, \u00e9s eleg\u00e1ns megjelen\u00e9st ad az \u00e1gynak.","og_url":"https:\/\/aztex.ee\/hu\/pood\/bambusz-lepedok\/bambusz-lepedo-nude-szin\/","og_site_name":"AZTEX","article_publisher":"https:\/\/www.facebook.com\/AztexEE","article_modified_time":"2026-03-28T21:26:44+00:00","og_image":[{"width":800,"height":800,"url":"https:\/\/aztex.ee\/wp-content\/uploads\/2026\/03\/Bambusest-lyocell-voodilina.jpg","type":"image\/jpeg"}],"twitter_card":"summary_large_image","twitter_misc":{"Becs\u00fclt olvas\u00e1si id\u0151":"1 perc"},"schema":{"@context":"https:\/\/schema.org","@graph":[{"@type":["WebPage","ItemPage"],"@id":"https:\/\/aztex.ee\/hu\/pood\/bambusz-lepedok\/bambusz-lepedo-nude-szin\/","url":"https:\/\/aztex.ee\/hu\/pood\/bambusz-lepedok\/bambusz-lepedo-nude-szin\/","name":"Bambusz lyocell leped\u0151 | AZTEX","isPartOf":{"@id":"https:\/\/aztex.ee\/hu\/#website"},"primaryImageOfPage":{"@id":"https:\/\/aztex.ee\/hu\/pood\/bambusz-lepedok\/bambusz-lepedo-nude-szin\/#primaryimage"},"image":{"@id":"https:\/\/aztex.ee\/hu\/pood\/bambusz-lepedok\/bambusz-lepedo-nude-szin\/#primaryimage"},"thumbnailUrl":"https:\/\/aztex.ee\/wp-content\/uploads\/2026\/03\/Bambusest-lyocell-voodilina.jpg","datePublished":"2026-03-28T20:24:37+00:00","dateModified":"2026-03-28T21:26:44+00:00","description":"K\u00f6rnyezetbar\u00e1t bambusz leped\u0151, amely sima \u00e9s puha, hagyja l\u00e9legezni a b\u0151rt. Nyugodt alv\u00e1st, hosszan tart\u00f3 frissess\u00e9get biztos\u00edt, \u00e9s eleg\u00e1ns megjelen\u00e9st ad az \u00e1gynak.","breadcrumb":{"@id":"https:\/\/aztex.ee\/hu\/pood\/bambusz-lepedok\/bambusz-lepedo-nude-szin\/#breadcrumb"},"inLanguage":"hu","potentialAction":[{"@type":"ReadAction","target":["https:\/\/aztex.ee\/hu\/pood\/bambusz-lepedok\/bambusz-lepedo-nude-szin\/"]}]},{"@type":"ImageObject","inLanguage":"hu","@id":"https:\/\/aztex.ee\/hu\/pood\/bambusz-lepedok\/bambusz-lepedo-nude-szin\/#primaryimage","url":"https:\/\/aztex.ee\/wp-content\/uploads\/2026\/03\/Bambusest-lyocell-voodilina.jpg","contentUrl":"https:\/\/aztex.ee\/wp-content\/uploads\/2026\/03\/Bambusest-lyocell-voodilina.jpg","width":800,"height":800,"caption":"Bambusest lyocell voodilina"},{"@type":"BreadcrumbList","@id":"https:\/\/aztex.ee\/hu\/pood\/bambusz-lepedok\/bambusz-lepedo-nude-szin\/#breadcrumb","itemListElement":[{"@type":"ListItem","position":1,"name":"F\u0151oldal","item":"https:\/\/aztex.ee\/hu\/"},{"@type":"ListItem","position":2,"name":"Web\u00e1ruh\u00e1z","item":"https:\/\/aztex.ee\/hu\/webaruhaz\/"},{"@type":"ListItem","position":3,"name":"Bambusz leped\u0151 \u2013 Nude sz\u00edn"}]},{"@type":"WebSite","@id":"https:\/\/aztex.ee\/hu\/#website","url":"https:\/\/aztex.ee\/hu\/","name":"AZTEX","description":"","publisher":{"@id":"https:\/\/aztex.ee\/hu\/#organization"},"potentialAction":[{"@type":"SearchAction","target":{"@type":"EntryPoint","urlTemplate":"https:\/\/aztex.ee\/hu\/?s={search_term_string}"},"query-input":{"@type":"PropertyValueSpecification","valueRequired":true,"valueName":"search_term_string"}}],"inLanguage":"hu"},{"@type":"Organization","@id":"https:\/\/aztex.ee\/hu\/#organization","name":"AZTEX","url":"https:\/\/aztex.ee\/hu\/","logo":{"@type":"ImageObject","inLanguage":"hu","@id":"https:\/\/aztex.ee\/hu\/#\/schema\/logo\/image\/","url":"https:\/\/aztex.ee\/wp-content\/uploads\/2026\/01\/AZTEX.png","contentUrl":"https:\/\/aztex.ee\/wp-content\/uploads\/2026\/01\/AZTEX.png","width":500,"height":500,"caption":"AZTEX"},"image":{"@id":"https:\/\/aztex.ee\/hu\/#\/schema\/logo\/image\/"},"sameAs":["https:\/\/www.facebook.com\/AztexEE","https:\/\/www.instagram.com\/aztexeesti\/","https:\/\/www.youtube.com\/@AZTEXEE","https:\/\/www.pinterest.com\/aztex_eesti\/","https:\/\/www.tiktok.com\/@aztexeesti","https:\/\/www.trustpilot.com\/review\/aztex.ee","https:\/\/www.linkedin.com\/company\/aztex-ee\/","https:\/\/www.wikidata.org\/wiki\/Q137560182"]}]}},"_links":{"self":[{"href":"https:\/\/aztex.ee\/hu\/wp-json\/wp\/v2\/product\/108465","targetHints":{"allow":["GET"]}}],"collection":[{"href":"https:\/\/aztex.ee\/hu\/wp-json\/wp\/v2\/product"}],"about":[{"href":"https:\/\/aztex.ee\/hu\/wp-json\/wp\/v2\/types\/product"}],"replies":[{"embeddable":true,"href":"https:\/\/aztex.ee\/hu\/wp-json\/wp\/v2\/comments?post=108465"}],"version-history":[{"count":2,"href":"https:\/\/aztex.ee\/hu\/wp-json\/wp\/v2\/product\/108465\/revisions"}],"predecessor-version":[{"id":108560,"href":"https:\/\/aztex.ee\/hu\/wp-json\/wp\/v2\/product\/108465\/revisions\/108560"}],"wp:featuredmedia":[{"embeddable":true,"href":"https:\/\/aztex.ee\/hu\/wp-json\/wp\/v2\/media\/108486"}],"wp:attachment":[{"href":"https:\/\/aztex.ee\/hu\/wp-json\/wp\/v2\/media?parent=108465"}],"wp:term":[{"taxonomy":"product_brand","embeddable":true,"href":"https:\/\/aztex.ee\/hu\/wp-json\/wp\/v2\/product_brand?post=108465"},{"taxonomy":"product_cat","embeddable":true,"href":"https:\/\/aztex.ee\/hu\/wp-json\/wp\/v2\/product_cat?post=108465"},{"taxonomy":"product_tag","embeddable":true,"href":"https:\/\/aztex.ee\/hu\/wp-json\/wp\/v2\/product_tag?post=108465"}],"curies":[{"name":"wp","href":"https:\/\/api.w.org\/{rel}","templated":true}]}}