{"id":103506,"date":"2026-02-17T16:48:25","date_gmt":"2026-02-17T16:48:25","guid":{"rendered":"https:\/\/aztex.ee\/?post_type=product&#038;p=103506"},"modified":"2026-02-17T17:25:29","modified_gmt":"2026-02-17T17:25:29","slug":"lenvaszon-lepedo-jegkek","status":"publish","type":"product","link":"https:\/\/aztex.ee\/hu\/pood\/lepedok\/lenvaszon-lepedo-jegkek\/","title":{"rendered":"Lenv\u00e1szon leped\u0151 | J\u00e9gk\u00e9k"},"content":{"rendered":"<p><strong>Lenv\u00e1szon leped\u0151 \u2013 term\u00e9szetes k\u00e9nyelem<\/strong><\/p>\n<p><strong>100% term\u00e9szetes francia len<\/strong><\/p>\n<p>A lenv\u00e1szon leped\u0151 gondosan v\u00e1logatott lenv\u00e1szon anyagb\u00f3l k\u00e9sz\u00fcl, amelyet er\u0151s \u00e9s tart\u00f3s szerkezet jellemez, mik\u00f6zben puha \u00e9s kellemes a b\u0151rh\u00f6z. A francia lenv\u00e1szon kiv\u00e9teles min\u0151s\u00e9g\u00e9\u00e9rt \u00e9s hossz\u00fa \u00e9lettartam\u00e1\u00e9rt ismert \u2013 minden sz\u00e1l meg\u0151rzi szil\u00e1rds\u00e1g\u00e1t m\u00e9g ism\u00e9telt mos\u00e1sok ut\u00e1n is, \u00e9s a leped\u0151 \u00e9vekig sz\u00e9p marad. A lenv\u00e1szon leped\u0151 term\u00e9szetes \u00e9s b\u0151rbar\u00e1t, \u00edgy minden este k\u00e9nyelmes \u00e9s nyugodt alv\u00e1sban lehet r\u00e9szed. A l\u00e9g\u00e1tereszt\u0151 anyagnak k\u00f6sz\u00f6nhet\u0151en a len szab\u00e1lyozza a testh\u0151m\u00e9rs\u00e9kletet \u00e9s lehet\u0151v\u00e9 teszi a b\u0151r szabad l\u00e9gz\u00e9s\u00e9t, \u00edgy ide\u00e1lis v\u00e1laszt\u00e1s allergi\u00e1sok sz\u00e1m\u00e1ra. Ez a leped\u0151 \u00f6tv\u00f6zi a praktikumot, a hossz\u00fa t\u00e1v\u00fa tart\u00f3ss\u00e1got \u00e9s a luxus\u00e9rzetet, ami minden \u00e9jszak\u00e1t k\u00fcl\u00f6nlegess\u00e9 tesz.<\/p>\n<p><strong>Term\u00e9szetes frissess\u00e9g \u00e9s kiegyens\u00falyozott alv\u00e1s<\/strong><\/p>\n<p>A lenv\u00e1szon leped\u0151 legnagyobb el\u0151nye, hogy term\u00e9szetes m\u00f3don k\u00e9pes szab\u00e1lyozni mind a testh\u0151m\u00e9rs\u00e9kletet, mind a p\u00e1ratartalmat. A melegebb \u00e9jszak\u00e1kon a lenv\u00e1szon leped\u0151k h\u0171v\u00f6sebben tartj\u00e1k a testet, a h\u0171v\u00f6sebb napokon pedig kellemes meleget tartanak fenn, kiegyens\u00falyozott \u00e9s b\u00e9k\u00e9s alv\u00e1si k\u00f6rnyezetet biztos\u00edtva. Kiv\u00e1l\u00f3 nedvsz\u00edv\u00f3 k\u00e9pess\u00e9g\u00fcknek \u00e9s gyors sz\u00e1rad\u00e1si sebess\u00e9g\u00fcknek k\u00f6sz\u00f6nhet\u0151en a leped\u0151 eg\u00e9sz \u00e9jjel friss, sz\u00e1raz \u00e9s k\u00e9nyelmes marad. A lenv\u00e1szon anyag cs\u00f6kkenti az izzad\u00e1st \u00e9s a t\u00falzott nedvess\u00e9g felhalmoz\u00f3d\u00e1s\u00e1t, \u00edgy az \u00e1gy kellemesen h\u0171v\u00f6s \u00e9s friss marad. Ez az ide\u00e1lis megold\u00e1s azok sz\u00e1m\u00e1ra, akik \u00e9rt\u00e9kelik a min\u0151s\u00e9gi alv\u00e1st, \u00e9s reggel kipihenten szeretn\u00e9nek \u00e9bredni.<\/p>\n<p><strong>Id\u0151vel puh\u00e1bb \u00e9s szebb<\/strong><\/p>\n<p>A kezdetben er\u0151s \u00e9s textur\u00e1lt lenv\u00e1szon minden mos\u00e1ssal puh\u00e1bb lesz, an\u00e9lk\u00fcl, hogy vesz\u00edtene tart\u00f3ss\u00e1g\u00e1b\u00f3l. A sz\u00e1lak megtartj\u00e1k form\u00e1jukat \u00e9s szerkezet\u00fcket, de id\u0151vel term\u00e9szetes, enyh\u00e9n \u00e9l\u00e9nk megjelen\u00e9st k\u00f6lcs\u00f6n\u00f6znek az \u00e1gynak. A lenv\u00e1szon nem vesz\u00edt az \u00e9rt\u00e9k\u00e9b\u0151l &#8211; minden haszn\u00e1lat \u00e9s mos\u00e1s m\u00e9g kellemesebb\u00e9 \u00e9s k\u00e9nyelmesebb\u00e9 teszi ezt az \u00e1gynem\u0171t. Ennek k\u00f6sz\u00f6nhet\u0151en az \u00e1gynem\u0171 \u00e9vekig sz\u00e9p, k\u00e9nyelmes \u00e9s megb\u00edzhat\u00f3 marad, praktikuss\u00e1got \u00e9s eszt\u00e9tikai \u00e9lvezetet ny\u00fajtva.<\/p>\n<p><strong>B\u00e1rmilyen enteri\u0151rbe illik<\/strong><\/p>\n<p>A lenv\u00e1szon anyag term\u00e9szetes text\u00far\u00e1ja \u00e9s a nyugodt t\u00f3nussk\u00e1l\u00e1ja alkalmass\u00e1 teszi az \u00e1gynem\u0171t b\u00e1rmilyen h\u00e1l\u00f3szob\u00e1ba, legyen az modern, minimalista vagy klasszikus. A nyugodt sz\u00ednv\u00e1laszt\u00e9k puhas\u00e1got \u00e9s egyens\u00falyt k\u00f6lcs\u00f6n\u00f6z a szob\u00e1nak an\u00e9lk\u00fcl, hogy kit\u0171nne. A lenv\u00e1szon leped\u0151 t\u00f6k\u00e9letesen illenek a k\u00fcl\u00f6nb\u00f6z\u0151 \u00e1gynem\u0171garnit\u00far\u00e1khoz \u00e9s bels\u0151 elemekhez, teljes \u00e9s harmonikus benyom\u00e1st keltve. Az id\u0151tlen diz\u00e1jn \u00e9s a term\u00e9szetes t\u00f3nusok kombin\u00e1ci\u00f3j\u00e1nak k\u00f6sz\u00f6nhet\u0151en ez az \u00e1gynem\u0171 egy olyan befektet\u00e9s, amely soha nem megy ki a divatb\u00f3l, \u00e9s b\u00e1rmikor kieg\u00e9sz\u00edti a szob\u00e1t.<\/p>\n<p><strong>K\u00f6nny\u0171 kezelhet\u0151s\u00e9g \u00e9s hossz\u00fa \u00e9lettartam<\/strong><\/p>\n<p>A lenv\u00e1szon leped\u0151 ellen\u00e1llnak a gyakori mos\u00e1snak. Az anyag mos\u00f3g\u00e9pben moshat\u00f3, gyorsan sz\u00e1rad, \u00e9s nem ig\u00e9nyel vasal\u00e1st &#8211; a term\u00e9szetes gy\u0171r\u0151d\u00e9s a lenv\u00e1szon term\u00e9szet\u00e9nek r\u00e9sze, \u00e9s egyedi, hiteles megjelen\u00e9st k\u00f6lcs\u00f6n\u00f6z neki. Az er\u0151s sz\u00e1laknak k\u00f6sz\u00f6nhet\u0151en a lenv\u00e1szon hossz\u00fa ideig meg\u0151rzi form\u00e1j\u00e1t, sz\u00edn\u00e9t \u00e9s min\u0151s\u00e9g\u00e9t, \u00edgy szil\u00e1rd \u00e9s tart\u00f3s \u00e9rt\u00e9ket k\u00e9pvisel. Ez teszi a lenv\u00e1szon leped\u0151 praktikus, k\u00e9nyelmes \u00e9s eleg\u00e1ns v\u00e1laszt\u00e1ss\u00e1 b\u00e1rmely h\u00e1l\u00f3szob\u00e1ba, \u00f6tv\u00f6zve a tart\u00f3ss\u00e1got, a luxus \u00e9rzetet \u00e9s a mindennapi k\u00e9nyelmet.<\/p>\n","protected":false},"excerpt":{"rendered":"<p>A lenv\u00e1szon leped\u0151 b\u0151rbar\u00e1t a 100% term\u00e9szetes sz\u00e1laknak k\u00f6sz\u00f6nhet\u0151en.<\/p>\n<ul>\n<li>Sz\u00edn: J\u00e9gk\u00e9k<\/li>\n<li>Anyaga: 100% len, 160 g\/m2<\/li>\n<li>M\u00e9ret: 220\u00d7240 cm<\/li>\n<\/ul>\n<p><img loading=\"lazy\" decoding=\"async\" class=\"alignnone wp-image-20226\" src=\"https:\/\/aztex.ee\/wp-content\/uploads\/2024\/09\/oekotex100.png\" alt=\"\" width=\"113\" height=\"40\" srcset=\"https:\/\/aztex.ee\/wp-content\/uploads\/2024\/09\/oekotex100.png 204w, https:\/\/aztex.ee\/wp-content\/uploads\/2024\/09\/oekotex100-150x53.png 150w\" sizes=\"auto, (max-width: 113px) 100vw, 113px\" \/><img loading=\"lazy\" decoding=\"async\" class=\"alignnone wp-image-100270\" src=\"https:\/\/aztex.ee\/wp-content\/uploads\/2026\/01\/europeanflaxaztex.png\" alt=\"\" width=\"182\" height=\"40\" srcset=\"https:\/\/aztex.ee\/wp-content\/uploads\/2026\/01\/europeanflaxaztex.png 352w, https:\/\/aztex.ee\/wp-content\/uploads\/2026\/01\/europeanflaxaztex-150x33.png 150w\" sizes=\"auto, (max-width: 182px) 100vw, 182px\" \/><\/p>\n","protected":false},"featured_media":103527,"comment_status":"open","ping_status":"closed","template":"","meta":[],"product_brand":[],"product_cat":[6767,1799],"product_tag":[],"class_list":{"0":"post-103506","1":"product","2":"type-product","3":"status-publish","4":"has-post-thumbnail","6":"product_cat-lenvaszon-lepedok","7":"product_cat-lepedok","9":"first","10":"instock","11":"sale","12":"shipping-taxable","13":"purchasable","14":"product-type-simple"},"yoast_head":"<!-- This site is optimized with the Yoast SEO plugin v27.3 - https:\/\/yoast.com\/product\/yoast-seo-wordpress\/ -->\n<title>Eleg\u00e1ns len leped\u0151 \u2013 J\u00e9gk\u00e9k | AZTEX<\/title>\n<meta name=\"description\" content=\"Eleg\u00e1ns 100% len leped\u0151, organikus eur\u00f3pai lenb\u0151l k\u00e9sz\u00edtve. Term\u00e9szetesen l\u00e9g\u00e1tereszt\u0151 \u00e9s nedvsz\u00edv\u00f3, kiegyens\u00falyozott k\u00e9nyelmet biztos\u00edt eg\u00e9sz \u00e9vben.\" \/>\n<meta name=\"robots\" content=\"index, follow, max-snippet:-1, max-image-preview:large, max-video-preview:-1\" \/>\n<link rel=\"canonical\" href=\"https:\/\/aztex.ee\/hu\/pood\/lepedok\/lenvaszon-lepedo-jegkek\/\" \/>\n<meta property=\"og:locale\" content=\"hu_HU\" \/>\n<meta property=\"og:type\" content=\"article\" \/>\n<meta property=\"og:title\" content=\"Eleg\u00e1ns len leped\u0151 \u2013 J\u00e9gk\u00e9k | AZTEX\" \/>\n<meta property=\"og:description\" content=\"Eleg\u00e1ns 100% len leped\u0151, organikus eur\u00f3pai lenb\u0151l k\u00e9sz\u00edtve. Term\u00e9szetesen l\u00e9g\u00e1tereszt\u0151 \u00e9s nedvsz\u00edv\u00f3, kiegyens\u00falyozott k\u00e9nyelmet biztos\u00edt eg\u00e9sz \u00e9vben.\" \/>\n<meta property=\"og:url\" content=\"https:\/\/aztex.ee\/hu\/pood\/lepedok\/lenvaszon-lepedo-jegkek\/\" \/>\n<meta property=\"og:site_name\" content=\"AZTEX\" \/>\n<meta property=\"article:publisher\" content=\"https:\/\/www.facebook.com\/AztexEE\" \/>\n<meta property=\"article:modified_time\" content=\"2026-02-17T17:25:29+00:00\" \/>\n<meta property=\"og:image\" content=\"https:\/\/aztex.ee\/wp-content\/uploads\/2026\/02\/Linane-voodilina-Jaasinine.jpg\" \/>\n\t<meta property=\"og:image:width\" content=\"800\" \/>\n\t<meta property=\"og:image:height\" content=\"800\" \/>\n\t<meta property=\"og:image:type\" content=\"image\/jpeg\" \/>\n<meta name=\"twitter:card\" content=\"summary_large_image\" \/>\n<meta name=\"twitter:label1\" content=\"Becs\u00fclt olvas\u00e1si id\u0151\" \/>\n\t<meta name=\"twitter:data1\" content=\"3 perc\" \/>\n<script type=\"application\/ld+json\" class=\"yoast-schema-graph\">{\"@context\":\"https:\\\/\\\/schema.org\",\"@graph\":[{\"@type\":[\"WebPage\",\"ItemPage\"],\"@id\":\"https:\\\/\\\/aztex.ee\\\/hu\\\/pood\\\/lepedok\\\/lenvaszon-lepedo-jegkek\\\/\",\"url\":\"https:\\\/\\\/aztex.ee\\\/hu\\\/pood\\\/lepedok\\\/lenvaszon-lepedo-jegkek\\\/\",\"name\":\"Eleg\u00e1ns len leped\u0151 \u2013 J\u00e9gk\u00e9k | AZTEX\",\"isPartOf\":{\"@id\":\"https:\\\/\\\/aztex.ee\\\/hu\\\/#website\"},\"primaryImageOfPage\":{\"@id\":\"https:\\\/\\\/aztex.ee\\\/hu\\\/pood\\\/lepedok\\\/lenvaszon-lepedo-jegkek\\\/#primaryimage\"},\"image\":{\"@id\":\"https:\\\/\\\/aztex.ee\\\/hu\\\/pood\\\/lepedok\\\/lenvaszon-lepedo-jegkek\\\/#primaryimage\"},\"thumbnailUrl\":\"https:\\\/\\\/aztex.ee\\\/wp-content\\\/uploads\\\/2026\\\/02\\\/Linane-voodilina-Jaasinine.jpg\",\"datePublished\":\"2026-02-17T16:48:25+00:00\",\"dateModified\":\"2026-02-17T17:25:29+00:00\",\"description\":\"Eleg\u00e1ns 100% len leped\u0151, organikus eur\u00f3pai lenb\u0151l k\u00e9sz\u00edtve. Term\u00e9szetesen l\u00e9g\u00e1tereszt\u0151 \u00e9s nedvsz\u00edv\u00f3, kiegyens\u00falyozott k\u00e9nyelmet biztos\u00edt eg\u00e9sz \u00e9vben.\",\"breadcrumb\":{\"@id\":\"https:\\\/\\\/aztex.ee\\\/hu\\\/pood\\\/lepedok\\\/lenvaszon-lepedo-jegkek\\\/#breadcrumb\"},\"inLanguage\":\"hu\",\"potentialAction\":[{\"@type\":\"ReadAction\",\"target\":[\"https:\\\/\\\/aztex.ee\\\/hu\\\/pood\\\/lepedok\\\/lenvaszon-lepedo-jegkek\\\/\"]}]},{\"@type\":\"ImageObject\",\"inLanguage\":\"hu\",\"@id\":\"https:\\\/\\\/aztex.ee\\\/hu\\\/pood\\\/lepedok\\\/lenvaszon-lepedo-jegkek\\\/#primaryimage\",\"url\":\"https:\\\/\\\/aztex.ee\\\/wp-content\\\/uploads\\\/2026\\\/02\\\/Linane-voodilina-Jaasinine.jpg\",\"contentUrl\":\"https:\\\/\\\/aztex.ee\\\/wp-content\\\/uploads\\\/2026\\\/02\\\/Linane-voodilina-Jaasinine.jpg\",\"width\":800,\"height\":800,\"caption\":\"Linane voodilina J\u00e4\u00e4sinine\"},{\"@type\":\"BreadcrumbList\",\"@id\":\"https:\\\/\\\/aztex.ee\\\/hu\\\/pood\\\/lepedok\\\/lenvaszon-lepedo-jegkek\\\/#breadcrumb\",\"itemListElement\":[{\"@type\":\"ListItem\",\"position\":1,\"name\":\"F\u0151oldal\",\"item\":\"https:\\\/\\\/aztex.ee\\\/hu\\\/\"},{\"@type\":\"ListItem\",\"position\":2,\"name\":\"Web\u00e1ruh\u00e1z\",\"item\":\"https:\\\/\\\/aztex.ee\\\/hu\\\/webaruhaz\\\/\"},{\"@type\":\"ListItem\",\"position\":3,\"name\":\"Lenv\u00e1szon leped\u0151 | J\u00e9gk\u00e9k\"}]},{\"@type\":\"WebSite\",\"@id\":\"https:\\\/\\\/aztex.ee\\\/hu\\\/#website\",\"url\":\"https:\\\/\\\/aztex.ee\\\/hu\\\/\",\"name\":\"AZTEX\",\"description\":\"\",\"publisher\":{\"@id\":\"https:\\\/\\\/aztex.ee\\\/hu\\\/#organization\"},\"potentialAction\":[{\"@type\":\"SearchAction\",\"target\":{\"@type\":\"EntryPoint\",\"urlTemplate\":\"https:\\\/\\\/aztex.ee\\\/hu\\\/?s={search_term_string}\"},\"query-input\":{\"@type\":\"PropertyValueSpecification\",\"valueRequired\":true,\"valueName\":\"search_term_string\"}}],\"inLanguage\":\"hu\"},{\"@type\":\"Organization\",\"@id\":\"https:\\\/\\\/aztex.ee\\\/hu\\\/#organization\",\"name\":\"AZTEX\",\"url\":\"https:\\\/\\\/aztex.ee\\\/hu\\\/\",\"logo\":{\"@type\":\"ImageObject\",\"inLanguage\":\"hu\",\"@id\":\"https:\\\/\\\/aztex.ee\\\/hu\\\/#\\\/schema\\\/logo\\\/image\\\/\",\"url\":\"https:\\\/\\\/aztex.ee\\\/wp-content\\\/uploads\\\/2026\\\/01\\\/AZTEX.png\",\"contentUrl\":\"https:\\\/\\\/aztex.ee\\\/wp-content\\\/uploads\\\/2026\\\/01\\\/AZTEX.png\",\"width\":500,\"height\":500,\"caption\":\"AZTEX\"},\"image\":{\"@id\":\"https:\\\/\\\/aztex.ee\\\/hu\\\/#\\\/schema\\\/logo\\\/image\\\/\"},\"sameAs\":[\"https:\\\/\\\/www.facebook.com\\\/AztexEE\",\"https:\\\/\\\/www.instagram.com\\\/aztexeesti\\\/\",\"https:\\\/\\\/www.youtube.com\\\/@AZTEXEE\",\"https:\\\/\\\/www.pinterest.com\\\/aztex_eesti\\\/\",\"https:\\\/\\\/www.tiktok.com\\\/@aztexeesti\",\"https:\\\/\\\/www.trustpilot.com\\\/review\\\/aztex.ee\",\"https:\\\/\\\/www.linkedin.com\\\/company\\\/aztex-ee\\\/\",\"https:\\\/\\\/www.wikidata.org\\\/wiki\\\/Q137560182\"]}]}<\/script>\n<!-- \/ Yoast SEO plugin. -->","yoast_head_json":{"title":"Eleg\u00e1ns len leped\u0151 \u2013 J\u00e9gk\u00e9k | AZTEX","description":"Eleg\u00e1ns 100% len leped\u0151, organikus eur\u00f3pai lenb\u0151l k\u00e9sz\u00edtve. Term\u00e9szetesen l\u00e9g\u00e1tereszt\u0151 \u00e9s nedvsz\u00edv\u00f3, kiegyens\u00falyozott k\u00e9nyelmet biztos\u00edt eg\u00e9sz \u00e9vben.","robots":{"index":"index","follow":"follow","max-snippet":"max-snippet:-1","max-image-preview":"max-image-preview:large","max-video-preview":"max-video-preview:-1"},"canonical":"https:\/\/aztex.ee\/hu\/pood\/lepedok\/lenvaszon-lepedo-jegkek\/","og_locale":"hu_HU","og_type":"article","og_title":"Eleg\u00e1ns len leped\u0151 \u2013 J\u00e9gk\u00e9k | AZTEX","og_description":"Eleg\u00e1ns 100% len leped\u0151, organikus eur\u00f3pai lenb\u0151l k\u00e9sz\u00edtve. Term\u00e9szetesen l\u00e9g\u00e1tereszt\u0151 \u00e9s nedvsz\u00edv\u00f3, kiegyens\u00falyozott k\u00e9nyelmet biztos\u00edt eg\u00e9sz \u00e9vben.","og_url":"https:\/\/aztex.ee\/hu\/pood\/lepedok\/lenvaszon-lepedo-jegkek\/","og_site_name":"AZTEX","article_publisher":"https:\/\/www.facebook.com\/AztexEE","article_modified_time":"2026-02-17T17:25:29+00:00","og_image":[{"width":800,"height":800,"url":"https:\/\/aztex.ee\/wp-content\/uploads\/2026\/02\/Linane-voodilina-Jaasinine.jpg","type":"image\/jpeg"}],"twitter_card":"summary_large_image","twitter_misc":{"Becs\u00fclt olvas\u00e1si id\u0151":"3 perc"},"schema":{"@context":"https:\/\/schema.org","@graph":[{"@type":["WebPage","ItemPage"],"@id":"https:\/\/aztex.ee\/hu\/pood\/lepedok\/lenvaszon-lepedo-jegkek\/","url":"https:\/\/aztex.ee\/hu\/pood\/lepedok\/lenvaszon-lepedo-jegkek\/","name":"Eleg\u00e1ns len leped\u0151 \u2013 J\u00e9gk\u00e9k | AZTEX","isPartOf":{"@id":"https:\/\/aztex.ee\/hu\/#website"},"primaryImageOfPage":{"@id":"https:\/\/aztex.ee\/hu\/pood\/lepedok\/lenvaszon-lepedo-jegkek\/#primaryimage"},"image":{"@id":"https:\/\/aztex.ee\/hu\/pood\/lepedok\/lenvaszon-lepedo-jegkek\/#primaryimage"},"thumbnailUrl":"https:\/\/aztex.ee\/wp-content\/uploads\/2026\/02\/Linane-voodilina-Jaasinine.jpg","datePublished":"2026-02-17T16:48:25+00:00","dateModified":"2026-02-17T17:25:29+00:00","description":"Eleg\u00e1ns 100% len leped\u0151, organikus eur\u00f3pai lenb\u0151l k\u00e9sz\u00edtve. Term\u00e9szetesen l\u00e9g\u00e1tereszt\u0151 \u00e9s nedvsz\u00edv\u00f3, kiegyens\u00falyozott k\u00e9nyelmet biztos\u00edt eg\u00e9sz \u00e9vben.","breadcrumb":{"@id":"https:\/\/aztex.ee\/hu\/pood\/lepedok\/lenvaszon-lepedo-jegkek\/#breadcrumb"},"inLanguage":"hu","potentialAction":[{"@type":"ReadAction","target":["https:\/\/aztex.ee\/hu\/pood\/lepedok\/lenvaszon-lepedo-jegkek\/"]}]},{"@type":"ImageObject","inLanguage":"hu","@id":"https:\/\/aztex.ee\/hu\/pood\/lepedok\/lenvaszon-lepedo-jegkek\/#primaryimage","url":"https:\/\/aztex.ee\/wp-content\/uploads\/2026\/02\/Linane-voodilina-Jaasinine.jpg","contentUrl":"https:\/\/aztex.ee\/wp-content\/uploads\/2026\/02\/Linane-voodilina-Jaasinine.jpg","width":800,"height":800,"caption":"Linane voodilina J\u00e4\u00e4sinine"},{"@type":"BreadcrumbList","@id":"https:\/\/aztex.ee\/hu\/pood\/lepedok\/lenvaszon-lepedo-jegkek\/#breadcrumb","itemListElement":[{"@type":"ListItem","position":1,"name":"F\u0151oldal","item":"https:\/\/aztex.ee\/hu\/"},{"@type":"ListItem","position":2,"name":"Web\u00e1ruh\u00e1z","item":"https:\/\/aztex.ee\/hu\/webaruhaz\/"},{"@type":"ListItem","position":3,"name":"Lenv\u00e1szon leped\u0151 | J\u00e9gk\u00e9k"}]},{"@type":"WebSite","@id":"https:\/\/aztex.ee\/hu\/#website","url":"https:\/\/aztex.ee\/hu\/","name":"AZTEX","description":"","publisher":{"@id":"https:\/\/aztex.ee\/hu\/#organization"},"potentialAction":[{"@type":"SearchAction","target":{"@type":"EntryPoint","urlTemplate":"https:\/\/aztex.ee\/hu\/?s={search_term_string}"},"query-input":{"@type":"PropertyValueSpecification","valueRequired":true,"valueName":"search_term_string"}}],"inLanguage":"hu"},{"@type":"Organization","@id":"https:\/\/aztex.ee\/hu\/#organization","name":"AZTEX","url":"https:\/\/aztex.ee\/hu\/","logo":{"@type":"ImageObject","inLanguage":"hu","@id":"https:\/\/aztex.ee\/hu\/#\/schema\/logo\/image\/","url":"https:\/\/aztex.ee\/wp-content\/uploads\/2026\/01\/AZTEX.png","contentUrl":"https:\/\/aztex.ee\/wp-content\/uploads\/2026\/01\/AZTEX.png","width":500,"height":500,"caption":"AZTEX"},"image":{"@id":"https:\/\/aztex.ee\/hu\/#\/schema\/logo\/image\/"},"sameAs":["https:\/\/www.facebook.com\/AztexEE","https:\/\/www.instagram.com\/aztexeesti\/","https:\/\/www.youtube.com\/@AZTEXEE","https:\/\/www.pinterest.com\/aztex_eesti\/","https:\/\/www.tiktok.com\/@aztexeesti","https:\/\/www.trustpilot.com\/review\/aztex.ee","https:\/\/www.linkedin.com\/company\/aztex-ee\/","https:\/\/www.wikidata.org\/wiki\/Q137560182"]}]}},"_links":{"self":[{"href":"https:\/\/aztex.ee\/hu\/wp-json\/wp\/v2\/product\/103506","targetHints":{"allow":["GET"]}}],"collection":[{"href":"https:\/\/aztex.ee\/hu\/wp-json\/wp\/v2\/product"}],"about":[{"href":"https:\/\/aztex.ee\/hu\/wp-json\/wp\/v2\/types\/product"}],"replies":[{"embeddable":true,"href":"https:\/\/aztex.ee\/hu\/wp-json\/wp\/v2\/comments?post=103506"}],"version-history":[{"count":2,"href":"https:\/\/aztex.ee\/hu\/wp-json\/wp\/v2\/product\/103506\/revisions"}],"predecessor-version":[{"id":103604,"href":"https:\/\/aztex.ee\/hu\/wp-json\/wp\/v2\/product\/103506\/revisions\/103604"}],"wp:featuredmedia":[{"embeddable":true,"href":"https:\/\/aztex.ee\/hu\/wp-json\/wp\/v2\/media\/103527"}],"wp:attachment":[{"href":"https:\/\/aztex.ee\/hu\/wp-json\/wp\/v2\/media?parent=103506"}],"wp:term":[{"taxonomy":"product_brand","embeddable":true,"href":"https:\/\/aztex.ee\/hu\/wp-json\/wp\/v2\/product_brand?post=103506"},{"taxonomy":"product_cat","embeddable":true,"href":"https:\/\/aztex.ee\/hu\/wp-json\/wp\/v2\/product_cat?post=103506"},{"taxonomy":"product_tag","embeddable":true,"href":"https:\/\/aztex.ee\/hu\/wp-json\/wp\/v2\/product_tag?post=103506"}],"curies":[{"name":"wp","href":"https:\/\/api.w.org\/{rel}","templated":true}]}}