{"id":100475,"date":"2026-01-27T07:27:51","date_gmt":"2026-01-27T07:27:51","guid":{"rendered":"https:\/\/aztex.ee\/?post_type=product&#038;p=100475"},"modified":"2026-02-12T17:29:28","modified_gmt":"2026-02-12T17:29:28","slug":"len-agynemuhuzat-garnitura-feher","status":"publish","type":"product","link":"https:\/\/aztex.ee\/hu\/pood\/agynemuk\/len-agynemuhuzat-garnitura-feher\/","title":{"rendered":"Len \u00e1gynem\u0171huzat garnit\u00fara | Feh\u00e9r"},"content":{"rendered":"<p><strong>Term\u00e9szetes anyag<\/strong><\/p>\n<p>A lenv\u00e1szon \u00e1gynem\u0171garnit\u00fara 100%-ban lenv\u00e1szon anyagb\u00f3l k\u00e9sz\u00fclt, amely \u00f6kol\u00f3giai, l\u00e9g\u00e1tereszt\u0151 \u00e9s b\u0151rbar\u00e1t. A lenv\u00e1szon \u00e1gynem\u0171 seg\u00edt kiegyens\u00falyozni a testh\u0151m\u00e9rs\u00e9kletet, cs\u00f6kkenti az izzad\u00e1st \u00e9s kellemes alv\u00e1st biztos\u00edt minden este. Term\u00e9szetes tulajdons\u00e1gainak k\u00f6sz\u00f6nhet\u0151en j\u00f3l illik az \u00e9rz\u00e9keny b\u0151rh\u00f6z, \u00e9s seg\u00edt fenntartani a b\u0151r term\u00e9szetes egyens\u00faly\u00e1t. Ide\u00e1lis v\u00e1laszt\u00e1s olyan h\u00e1l\u00f3szob\u00e1ba, ahol a k\u00e9nyelem \u00e9s a kiv\u00e1l\u00f3 min\u0151s\u00e9g\u0171 anyag fontos.<\/p>\n<p><strong>K\u00e9nyelem \u00e9s l\u00e9g\u00e1tereszt\u0151 k\u00e9pess\u00e9g<\/strong><\/p>\n<p>A lenv\u00e1szon \u00e1gynem\u0171 term\u00e9szetes l\u00e9g\u00e1tereszt\u0151 k\u00e9pess\u00e9ggel rendelkezik, amely k\u00f6nny\u0171 \u00e9s kellemes \u00e9rz\u00e9st biztos\u00edt eg\u00e9sz \u00e9jszaka. Az anyag nem tapad a b\u0151rh\u00f6z, lehet\u0151v\u00e9 teszi a szabad leveg\u0151\u00e1raml\u00e1st, \u00e9s el\u0151seg\u00edti a nyugodt \u00e9s m\u00e9ly alv\u00e1st. A puha \u00e9s szell\u0151s anyag praktikuss\u00e1 \u00e9s k\u00e9nyelmess\u00e9 teszi a lenv\u00e1szon \u00e1gynem\u0171t a mindennapi haszn\u00e1latban.<\/p>\n<p><strong>Tart\u00f3s \u00e9s kiv\u00e1l\u00f3 min\u0151s\u00e9g\u0171<\/strong><\/p>\n<p>A lenv\u00e1szon \u00e1gynem\u0171garnit\u00fara kiv\u00e9telesen tart\u00f3s, \u00e9s ism\u00e9telt mos\u00e1s ut\u00e1n is meg\u0151rzi min\u0151s\u00e9g\u00e9t. Id\u0151vel az anyag puh\u00e1bb\u00e1 \u00e9s m\u00e9g k\u00e9nyelmesebb\u00e9 v\u00e1lik, mik\u00f6zben meg\u0151rzi term\u00e9szetes text\u00far\u00e1j\u00e1t. Ez teszi a lenv\u00e1szon \u00e1gynem\u0171t megb\u00edzhat\u00f3 \u00e9s tart\u00f3s v\u00e1laszt\u00e1ss\u00e1.<\/p>\n<p><strong>Elegancia \u00e9s term\u00e9szetes sz\u00e9ps\u00e9g<\/strong><\/p>\n<p>A lenv\u00e1szon \u00e1gynem\u0171garnit\u00fara nyugodt \u00e9s finom st\u00edlust k\u00f6lcs\u00f6n\u00f6z a h\u00e1l\u00f3szob\u00e1nak, illeszkedve mind a klasszikus, mind a modern enteri\u0151r\u00f6kbe. A term\u00e9szetes megjelen\u00e9s \u00e9s a puha text\u00fara \u00f6tv\u00f6zi a k\u00e9nyelmet, a praktikumot \u00e9s a st\u00edlusos diz\u00e1jnt, \u00edgy a szoba otthonos \u00e9s h\u00edvogat\u00f3 lesz.<\/p>\n<p><strong>A sz\u00f6vet text\u00far\u00e1ja<\/strong><\/p>\n<p>A lenv\u00e1szon term\u00e9szetes szerkezete karaktert \u00e9s puhas\u00e1got k\u00f6lcs\u00f6n\u00f6z az \u00e1gynem\u0171nek. Az enyh\u00e9n gy\u0171r\u00f6tt \u00e9s l\u00e9gies anyag kellemes \u00e9rzetet teremt a mindennapi haszn\u00e1lat sor\u00e1n, \u00edgy a lenv\u00e1szon \u00e1gynem\u0171 praktikus, k\u00e9nyelmes \u00e9s egyben st\u00edlusos megold\u00e1s b\u00e1rmely h\u00e1l\u00f3szob\u00e1ba.<\/p>\n<p><strong>K\u00f6nny\u0171 kezelhet\u0151s\u00e9g \u00e9s praktikum<\/strong><\/p>\n<p>A lenv\u00e1szon \u00e1gynem\u0171 gyorsan sz\u00e1rad, nem ig\u00e9nyel vasal\u00e1st, \u00e9s term\u00e9szetesen antibakteri\u00e1lis. Ennek k\u00f6sz\u00f6nhet\u0151en a h\u00e1l\u00f3szoba tiszta \u00e9s friss marad, \u00edgy a lenv\u00e1szon \u00e1gynem\u0171 praktikus mindennapi megold\u00e1s.<\/p>\n","protected":false},"excerpt":{"rendered":"<p>Ez a len \u00e1gynem\u0171huzat garnit\u00fara l\u00e9g\u00e1tereszt\u0151 k\u00e9nyelmet, term\u00e9szetes puhas\u00e1got \u00e9s hossz\u00fa \u00e9lettartamot biztos\u00edt a hangulatos h\u00e1l\u00f3szob\u00e1hoz.<\/p>\n<ul>\n<li>Sz\u00edn: Feh\u00e9r<\/li>\n<li>Anyaga: 100% len, 160 g\/m2<\/li>\n<li>Paplanhuzat: 200\u00d7220 cm<\/li>\n<li>P\u00e1rnahuzat: 50\u00d770 cm (2 db)<\/li>\n<\/ul>\n<p><img loading=\"lazy\" decoding=\"async\" class=\"alignnone wp-image-20226\" src=\"https:\/\/aztex.ee\/wp-content\/uploads\/2024\/09\/oekotex100.png\" alt=\"\" width=\"113\" height=\"40\" srcset=\"https:\/\/aztex.ee\/wp-content\/uploads\/2024\/09\/oekotex100.png 204w, https:\/\/aztex.ee\/wp-content\/uploads\/2024\/09\/oekotex100-150x53.png 150w\" sizes=\"auto, (max-width: 113px) 100vw, 113px\" \/><img loading=\"lazy\" decoding=\"async\" class=\"alignnone wp-image-100270\" src=\"https:\/\/aztex.ee\/wp-content\/uploads\/2026\/01\/europeanflaxaztex.png\" alt=\"\" width=\"182\" height=\"40\" srcset=\"https:\/\/aztex.ee\/wp-content\/uploads\/2026\/01\/europeanflaxaztex.png 352w, https:\/\/aztex.ee\/wp-content\/uploads\/2026\/01\/europeanflaxaztex-150x33.png 150w\" sizes=\"auto, (max-width: 182px) 100vw, 182px\" \/><\/p>\n","protected":false},"featured_media":100498,"comment_status":"open","ping_status":"closed","template":"","meta":[],"product_brand":[],"product_cat":[499,202,6596,6615],"product_tag":[],"class_list":{"0":"post-100475","1":"product","2":"type-product","3":"status-publish","4":"has-post-thumbnail","6":"product_cat-agynemu-szettek","7":"product_cat-agynemuk","8":"product_cat-len-agynemu","9":"product_cat-len-agynemuhuzatok","11":"first","12":"instock","13":"sale","14":"shipping-taxable","15":"purchasable","16":"product-type-simple"},"yoast_head":"<!-- This site is optimized with the Yoast SEO plugin v27.3 - https:\/\/yoast.com\/product\/yoast-seo-wordpress\/ -->\n<title>Francia Len \u00c1gynem\u0171 Szett - Feh\u00e9r | AZTEX<\/title>\n<meta name=\"description\" content=\"Luxus francia len \u00e1gynem\u0171szett, amely 100% term\u00e9szetes francia len sz\u00f6vetb\u0151l k\u00e9sz\u00fcl, kiv\u00e1l\u00f3 l\u00e9g\u00e1tereszt\u0151 k\u00e9pess\u00e9get, term\u00e9szetes h\u0171s \u00e9rzetet \u00e9s hossz\u00fa \u00e9lettartamot biztos\u00edt.\" \/>\n<meta name=\"robots\" content=\"index, follow, max-snippet:-1, max-image-preview:large, max-video-preview:-1\" \/>\n<link rel=\"canonical\" href=\"https:\/\/aztex.ee\/hu\/pood\/agynemuk\/len-agynemuhuzat-garnitura-feher\/\" \/>\n<meta property=\"og:locale\" content=\"hu_HU\" \/>\n<meta property=\"og:type\" content=\"article\" \/>\n<meta property=\"og:title\" content=\"Francia Len \u00c1gynem\u0171 Szett - Feh\u00e9r | AZTEX\" \/>\n<meta property=\"og:description\" content=\"Luxus francia len \u00e1gynem\u0171szett, amely 100% term\u00e9szetes francia len sz\u00f6vetb\u0151l k\u00e9sz\u00fcl, kiv\u00e1l\u00f3 l\u00e9g\u00e1tereszt\u0151 k\u00e9pess\u00e9get, term\u00e9szetes h\u0171s \u00e9rzetet \u00e9s hossz\u00fa \u00e9lettartamot biztos\u00edt.\" \/>\n<meta property=\"og:url\" content=\"https:\/\/aztex.ee\/hu\/pood\/agynemuk\/len-agynemuhuzat-garnitura-feher\/\" \/>\n<meta property=\"og:site_name\" content=\"AZTEX\" \/>\n<meta property=\"article:publisher\" content=\"https:\/\/www.facebook.com\/AztexEE\" \/>\n<meta property=\"article:modified_time\" content=\"2026-02-12T17:29:28+00:00\" \/>\n<meta property=\"og:image\" content=\"https:\/\/aztex.ee\/wp-content\/uploads\/2026\/01\/Linane-voodipesukomplekt-Valge.jpg\" \/>\n\t<meta property=\"og:image:width\" content=\"800\" \/>\n\t<meta property=\"og:image:height\" content=\"800\" \/>\n\t<meta property=\"og:image:type\" content=\"image\/jpeg\" \/>\n<meta name=\"twitter:card\" content=\"summary_large_image\" \/>\n<meta name=\"twitter:label1\" content=\"Becs\u00fclt olvas\u00e1si id\u0151\" \/>\n\t<meta name=\"twitter:data1\" content=\"2 perc\" \/>\n<script type=\"application\/ld+json\" class=\"yoast-schema-graph\">{\"@context\":\"https:\\\/\\\/schema.org\",\"@graph\":[{\"@type\":[\"WebPage\",\"ItemPage\"],\"@id\":\"https:\\\/\\\/aztex.ee\\\/hu\\\/pood\\\/agynemuk\\\/len-agynemuhuzat-garnitura-feher\\\/\",\"url\":\"https:\\\/\\\/aztex.ee\\\/hu\\\/pood\\\/agynemuk\\\/len-agynemuhuzat-garnitura-feher\\\/\",\"name\":\"Francia Len \u00c1gynem\u0171 Szett - Feh\u00e9r | AZTEX\",\"isPartOf\":{\"@id\":\"https:\\\/\\\/aztex.ee\\\/hu\\\/#website\"},\"primaryImageOfPage\":{\"@id\":\"https:\\\/\\\/aztex.ee\\\/hu\\\/pood\\\/agynemuk\\\/len-agynemuhuzat-garnitura-feher\\\/#primaryimage\"},\"image\":{\"@id\":\"https:\\\/\\\/aztex.ee\\\/hu\\\/pood\\\/agynemuk\\\/len-agynemuhuzat-garnitura-feher\\\/#primaryimage\"},\"thumbnailUrl\":\"https:\\\/\\\/aztex.ee\\\/wp-content\\\/uploads\\\/2026\\\/01\\\/Linane-voodipesukomplekt-Valge.jpg\",\"datePublished\":\"2026-01-27T07:27:51+00:00\",\"dateModified\":\"2026-02-12T17:29:28+00:00\",\"description\":\"Luxus francia len \u00e1gynem\u0171szett, amely 100% term\u00e9szetes francia len sz\u00f6vetb\u0151l k\u00e9sz\u00fcl, kiv\u00e1l\u00f3 l\u00e9g\u00e1tereszt\u0151 k\u00e9pess\u00e9get, term\u00e9szetes h\u0171s \u00e9rzetet \u00e9s hossz\u00fa \u00e9lettartamot biztos\u00edt.\",\"breadcrumb\":{\"@id\":\"https:\\\/\\\/aztex.ee\\\/hu\\\/pood\\\/agynemuk\\\/len-agynemuhuzat-garnitura-feher\\\/#breadcrumb\"},\"inLanguage\":\"hu\",\"potentialAction\":[{\"@type\":\"ReadAction\",\"target\":[\"https:\\\/\\\/aztex.ee\\\/hu\\\/pood\\\/agynemuk\\\/len-agynemuhuzat-garnitura-feher\\\/\"]}]},{\"@type\":\"ImageObject\",\"inLanguage\":\"hu\",\"@id\":\"https:\\\/\\\/aztex.ee\\\/hu\\\/pood\\\/agynemuk\\\/len-agynemuhuzat-garnitura-feher\\\/#primaryimage\",\"url\":\"https:\\\/\\\/aztex.ee\\\/wp-content\\\/uploads\\\/2026\\\/01\\\/Linane-voodipesukomplekt-Valge.jpg\",\"contentUrl\":\"https:\\\/\\\/aztex.ee\\\/wp-content\\\/uploads\\\/2026\\\/01\\\/Linane-voodipesukomplekt-Valge.jpg\",\"width\":800,\"height\":800,\"caption\":\"Linane voodipesukomplekt Valge\"},{\"@type\":\"BreadcrumbList\",\"@id\":\"https:\\\/\\\/aztex.ee\\\/hu\\\/pood\\\/agynemuk\\\/len-agynemuhuzat-garnitura-feher\\\/#breadcrumb\",\"itemListElement\":[{\"@type\":\"ListItem\",\"position\":1,\"name\":\"F\u0151oldal\",\"item\":\"https:\\\/\\\/aztex.ee\\\/hu\\\/\"},{\"@type\":\"ListItem\",\"position\":2,\"name\":\"Web\u00e1ruh\u00e1z\",\"item\":\"https:\\\/\\\/aztex.ee\\\/hu\\\/webaruhaz\\\/\"},{\"@type\":\"ListItem\",\"position\":3,\"name\":\"Len \u00e1gynem\u0171huzat garnit\u00fara | Feh\u00e9r\"}]},{\"@type\":\"WebSite\",\"@id\":\"https:\\\/\\\/aztex.ee\\\/hu\\\/#website\",\"url\":\"https:\\\/\\\/aztex.ee\\\/hu\\\/\",\"name\":\"AZTEX\",\"description\":\"\",\"publisher\":{\"@id\":\"https:\\\/\\\/aztex.ee\\\/hu\\\/#organization\"},\"potentialAction\":[{\"@type\":\"SearchAction\",\"target\":{\"@type\":\"EntryPoint\",\"urlTemplate\":\"https:\\\/\\\/aztex.ee\\\/hu\\\/?s={search_term_string}\"},\"query-input\":{\"@type\":\"PropertyValueSpecification\",\"valueRequired\":true,\"valueName\":\"search_term_string\"}}],\"inLanguage\":\"hu\"},{\"@type\":\"Organization\",\"@id\":\"https:\\\/\\\/aztex.ee\\\/hu\\\/#organization\",\"name\":\"AZTEX\",\"url\":\"https:\\\/\\\/aztex.ee\\\/hu\\\/\",\"logo\":{\"@type\":\"ImageObject\",\"inLanguage\":\"hu\",\"@id\":\"https:\\\/\\\/aztex.ee\\\/hu\\\/#\\\/schema\\\/logo\\\/image\\\/\",\"url\":\"https:\\\/\\\/aztex.ee\\\/wp-content\\\/uploads\\\/2026\\\/01\\\/AZTEX.png\",\"contentUrl\":\"https:\\\/\\\/aztex.ee\\\/wp-content\\\/uploads\\\/2026\\\/01\\\/AZTEX.png\",\"width\":500,\"height\":500,\"caption\":\"AZTEX\"},\"image\":{\"@id\":\"https:\\\/\\\/aztex.ee\\\/hu\\\/#\\\/schema\\\/logo\\\/image\\\/\"},\"sameAs\":[\"https:\\\/\\\/www.facebook.com\\\/AztexEE\",\"https:\\\/\\\/www.instagram.com\\\/aztexeesti\\\/\",\"https:\\\/\\\/www.youtube.com\\\/@AZTEXEE\",\"https:\\\/\\\/www.pinterest.com\\\/aztex_eesti\\\/\",\"https:\\\/\\\/www.tiktok.com\\\/@aztexeesti\",\"https:\\\/\\\/www.trustpilot.com\\\/review\\\/aztex.ee\",\"https:\\\/\\\/www.linkedin.com\\\/company\\\/aztex-ee\\\/\",\"https:\\\/\\\/www.wikidata.org\\\/wiki\\\/Q137560182\"]}]}<\/script>\n<!-- \/ Yoast SEO plugin. -->","yoast_head_json":{"title":"Francia Len \u00c1gynem\u0171 Szett - Feh\u00e9r | AZTEX","description":"Luxus francia len \u00e1gynem\u0171szett, amely 100% term\u00e9szetes francia len sz\u00f6vetb\u0151l k\u00e9sz\u00fcl, kiv\u00e1l\u00f3 l\u00e9g\u00e1tereszt\u0151 k\u00e9pess\u00e9get, term\u00e9szetes h\u0171s \u00e9rzetet \u00e9s hossz\u00fa \u00e9lettartamot biztos\u00edt.","robots":{"index":"index","follow":"follow","max-snippet":"max-snippet:-1","max-image-preview":"max-image-preview:large","max-video-preview":"max-video-preview:-1"},"canonical":"https:\/\/aztex.ee\/hu\/pood\/agynemuk\/len-agynemuhuzat-garnitura-feher\/","og_locale":"hu_HU","og_type":"article","og_title":"Francia Len \u00c1gynem\u0171 Szett - Feh\u00e9r | AZTEX","og_description":"Luxus francia len \u00e1gynem\u0171szett, amely 100% term\u00e9szetes francia len sz\u00f6vetb\u0151l k\u00e9sz\u00fcl, kiv\u00e1l\u00f3 l\u00e9g\u00e1tereszt\u0151 k\u00e9pess\u00e9get, term\u00e9szetes h\u0171s \u00e9rzetet \u00e9s hossz\u00fa \u00e9lettartamot biztos\u00edt.","og_url":"https:\/\/aztex.ee\/hu\/pood\/agynemuk\/len-agynemuhuzat-garnitura-feher\/","og_site_name":"AZTEX","article_publisher":"https:\/\/www.facebook.com\/AztexEE","article_modified_time":"2026-02-12T17:29:28+00:00","og_image":[{"width":800,"height":800,"url":"https:\/\/aztex.ee\/wp-content\/uploads\/2026\/01\/Linane-voodipesukomplekt-Valge.jpg","type":"image\/jpeg"}],"twitter_card":"summary_large_image","twitter_misc":{"Becs\u00fclt olvas\u00e1si id\u0151":"2 perc"},"schema":{"@context":"https:\/\/schema.org","@graph":[{"@type":["WebPage","ItemPage"],"@id":"https:\/\/aztex.ee\/hu\/pood\/agynemuk\/len-agynemuhuzat-garnitura-feher\/","url":"https:\/\/aztex.ee\/hu\/pood\/agynemuk\/len-agynemuhuzat-garnitura-feher\/","name":"Francia Len \u00c1gynem\u0171 Szett - Feh\u00e9r | AZTEX","isPartOf":{"@id":"https:\/\/aztex.ee\/hu\/#website"},"primaryImageOfPage":{"@id":"https:\/\/aztex.ee\/hu\/pood\/agynemuk\/len-agynemuhuzat-garnitura-feher\/#primaryimage"},"image":{"@id":"https:\/\/aztex.ee\/hu\/pood\/agynemuk\/len-agynemuhuzat-garnitura-feher\/#primaryimage"},"thumbnailUrl":"https:\/\/aztex.ee\/wp-content\/uploads\/2026\/01\/Linane-voodipesukomplekt-Valge.jpg","datePublished":"2026-01-27T07:27:51+00:00","dateModified":"2026-02-12T17:29:28+00:00","description":"Luxus francia len \u00e1gynem\u0171szett, amely 100% term\u00e9szetes francia len sz\u00f6vetb\u0151l k\u00e9sz\u00fcl, kiv\u00e1l\u00f3 l\u00e9g\u00e1tereszt\u0151 k\u00e9pess\u00e9get, term\u00e9szetes h\u0171s \u00e9rzetet \u00e9s hossz\u00fa \u00e9lettartamot biztos\u00edt.","breadcrumb":{"@id":"https:\/\/aztex.ee\/hu\/pood\/agynemuk\/len-agynemuhuzat-garnitura-feher\/#breadcrumb"},"inLanguage":"hu","potentialAction":[{"@type":"ReadAction","target":["https:\/\/aztex.ee\/hu\/pood\/agynemuk\/len-agynemuhuzat-garnitura-feher\/"]}]},{"@type":"ImageObject","inLanguage":"hu","@id":"https:\/\/aztex.ee\/hu\/pood\/agynemuk\/len-agynemuhuzat-garnitura-feher\/#primaryimage","url":"https:\/\/aztex.ee\/wp-content\/uploads\/2026\/01\/Linane-voodipesukomplekt-Valge.jpg","contentUrl":"https:\/\/aztex.ee\/wp-content\/uploads\/2026\/01\/Linane-voodipesukomplekt-Valge.jpg","width":800,"height":800,"caption":"Linane voodipesukomplekt Valge"},{"@type":"BreadcrumbList","@id":"https:\/\/aztex.ee\/hu\/pood\/agynemuk\/len-agynemuhuzat-garnitura-feher\/#breadcrumb","itemListElement":[{"@type":"ListItem","position":1,"name":"F\u0151oldal","item":"https:\/\/aztex.ee\/hu\/"},{"@type":"ListItem","position":2,"name":"Web\u00e1ruh\u00e1z","item":"https:\/\/aztex.ee\/hu\/webaruhaz\/"},{"@type":"ListItem","position":3,"name":"Len \u00e1gynem\u0171huzat garnit\u00fara | Feh\u00e9r"}]},{"@type":"WebSite","@id":"https:\/\/aztex.ee\/hu\/#website","url":"https:\/\/aztex.ee\/hu\/","name":"AZTEX","description":"","publisher":{"@id":"https:\/\/aztex.ee\/hu\/#organization"},"potentialAction":[{"@type":"SearchAction","target":{"@type":"EntryPoint","urlTemplate":"https:\/\/aztex.ee\/hu\/?s={search_term_string}"},"query-input":{"@type":"PropertyValueSpecification","valueRequired":true,"valueName":"search_term_string"}}],"inLanguage":"hu"},{"@type":"Organization","@id":"https:\/\/aztex.ee\/hu\/#organization","name":"AZTEX","url":"https:\/\/aztex.ee\/hu\/","logo":{"@type":"ImageObject","inLanguage":"hu","@id":"https:\/\/aztex.ee\/hu\/#\/schema\/logo\/image\/","url":"https:\/\/aztex.ee\/wp-content\/uploads\/2026\/01\/AZTEX.png","contentUrl":"https:\/\/aztex.ee\/wp-content\/uploads\/2026\/01\/AZTEX.png","width":500,"height":500,"caption":"AZTEX"},"image":{"@id":"https:\/\/aztex.ee\/hu\/#\/schema\/logo\/image\/"},"sameAs":["https:\/\/www.facebook.com\/AztexEE","https:\/\/www.instagram.com\/aztexeesti\/","https:\/\/www.youtube.com\/@AZTEXEE","https:\/\/www.pinterest.com\/aztex_eesti\/","https:\/\/www.tiktok.com\/@aztexeesti","https:\/\/www.trustpilot.com\/review\/aztex.ee","https:\/\/www.linkedin.com\/company\/aztex-ee\/","https:\/\/www.wikidata.org\/wiki\/Q137560182"]}]}},"_links":{"self":[{"href":"https:\/\/aztex.ee\/hu\/wp-json\/wp\/v2\/product\/100475","targetHints":{"allow":["GET"]}}],"collection":[{"href":"https:\/\/aztex.ee\/hu\/wp-json\/wp\/v2\/product"}],"about":[{"href":"https:\/\/aztex.ee\/hu\/wp-json\/wp\/v2\/types\/product"}],"replies":[{"embeddable":true,"href":"https:\/\/aztex.ee\/hu\/wp-json\/wp\/v2\/comments?post=100475"}],"version-history":[{"count":3,"href":"https:\/\/aztex.ee\/hu\/wp-json\/wp\/v2\/product\/100475\/revisions"}],"predecessor-version":[{"id":100610,"href":"https:\/\/aztex.ee\/hu\/wp-json\/wp\/v2\/product\/100475\/revisions\/100610"}],"wp:featuredmedia":[{"embeddable":true,"href":"https:\/\/aztex.ee\/hu\/wp-json\/wp\/v2\/media\/100498"}],"wp:attachment":[{"href":"https:\/\/aztex.ee\/hu\/wp-json\/wp\/v2\/media?parent=100475"}],"wp:term":[{"taxonomy":"product_brand","embeddable":true,"href":"https:\/\/aztex.ee\/hu\/wp-json\/wp\/v2\/product_brand?post=100475"},{"taxonomy":"product_cat","embeddable":true,"href":"https:\/\/aztex.ee\/hu\/wp-json\/wp\/v2\/product_cat?post=100475"},{"taxonomy":"product_tag","embeddable":true,"href":"https:\/\/aztex.ee\/hu\/wp-json\/wp\/v2\/product_tag?post=100475"}],"curies":[{"name":"wp","href":"https:\/\/api.w.org\/{rel}","templated":true}]}}