{"id":19717,"date":"2024-08-03T17:33:06","date_gmt":"2024-08-03T17:33:06","guid":{"rendered":"https:\/\/aztex.ee\/adatvedelmi-iranyelvek\/"},"modified":"2024-10-01T20:20:24","modified_gmt":"2024-10-01T20:20:24","slug":"adatvedelmi-iranyelvek","status":"publish","type":"page","link":"https:\/\/aztex.ee\/hu\/adatvedelmi-iranyelvek\/","title":{"rendered":"Adatv\u00e9delmi ir\u00e1nyelvek"},"content":{"rendered":"\n<ol class=\"wp-block-list\">\n<li><strong>\u00c1ltal\u00e1nos rendelkez\u00e9sek<\/strong><\/li>\n<\/ol>\n\n\n\n<p>1.1. Ez az adatv\u00e9delmi szab\u00e1lyzat szab\u00e1lyozza a szem\u00e9lyes adatok gy\u0171jt\u00e9s\u00e9re, feldolgoz\u00e1s\u00e1ra \u00e9s t\u00e1rol\u00e1s\u00e1ra vonatkoz\u00f3 elveket. A szem\u00e9lyes adatokat a felel\u0151s szem\u00e9lyesadat-feldolgoz\u00f3, a <strong>Minu Baltic O\u00dc <\/strong>(a tov\u00e1bbiakban: adatfeldolgoz\u00f3) gy\u0171jti, dolgozza fel \u00e9s t\u00e1rolja.<\/p>\n\n\n\n<p>1.2. Az adatkezel\u00e9si t\u00e1j\u00e9koztat\u00f3 \u00e9rtelm\u00e9ben \u00e9rintett az az \u00fcgyf\u00e9l vagy m\u00e1s term\u00e9szetes szem\u00e9ly, akinek szem\u00e9lyes adatait az adatfeldolgoz\u00f3 kezeli.<\/p>\n\n\n\n<p>1.3. Az adatv\u00e9delmi szab\u00e1lyzat \u00e9rtelm\u00e9ben v\u00e1s\u00e1rl\u00f3 az, aki \u00e1rut vagy szolg\u00e1ltat\u00e1st v\u00e1s\u00e1rol az adatfeldolgoz\u00f3 weboldal\u00e1r\u00f3l.<\/p>\n\n\n\n<p>1.4. Az adatfeldolgoz\u00f3 k\u00f6veti a jogszab\u00e1lyokban r\u00f6gz\u00edtett adatkezel\u00e9si elveket, t\u00f6bbek k\u00f6z\u00f6tt az adatfeldolgoz\u00f3 a szem\u00e9lyes adatokat jogszer\u0171en, tisztess\u00e9gesen \u00e9s biztons\u00e1gosan kezeli. Az adatfeldolgoz\u00f3 meg tudja er\u0151s\u00edteni, hogy a szem\u00e9lyes adatok kezel\u00e9se a jogszab\u00e1lyoknak megfelel\u0151en t\u00f6rt\u00e9nt.<\/p>\n\n\n\n<p>2. <strong>Szem\u00e9lyes adatok gy\u0171jt\u00e9se, feldolgoz\u00e1sa \u00e9s t\u00e1rol\u00e1sa<\/strong><\/p>\n\n\n\n<p>2.1. Az adatfeldolgoz\u00f3 \u00e1ltal gy\u0171jt\u00f6tt, feldolgozott \u00e9s t\u00e1rolt szem\u00e9lyes adatokat elektronikusan, els\u0151sorban a weboldalon \u00e9s e-mailen kereszt\u00fcl gy\u0171jti.<\/p>\n\n\n\n<p>2.2. Az \u00e9rintett szem\u00e9lyes adatainak megoszt\u00e1s\u00e1val jogot ad az adatfeldolgoz\u00f3nak arra, hogy az adatkezel\u00e9si t\u00e1j\u00e9koztat\u00f3ban meghat\u00e1rozott c\u00e9lb\u00f3l szem\u00e9lyes adatokat gy\u0171jts\u00f6n, rendszerezzen, felhaszn\u00e1ljon \u00e9s kezeljen, amelyeket az \u00e9rintett \u00e1ruv\u00e1s\u00e1rl\u00e1skor vagy k\u00f6zvetve megoszt az adatfeldolgoz\u00f3val, ill. szolg\u00e1ltat\u00e1sok a weboldalon.<\/p>\n\n\n\n<p>2.3. Az \u00e9rintett felel\u0151s az\u00e9rt, hogy az \u00e1ltala megadott adatok pontosak, helyesek \u00e9s teljesek legyenek. A tudatos hamis adatok megad\u00e1sa az Adatv\u00e9delmi szab\u00e1lyzat megs\u00e9rt\u00e9s\u00e9nek min\u0151s\u00fcl. Az \u00e9rintett k\u00f6teles halad\u00e9ktalanul \u00e9rtes\u00edteni az adatfeldolgoz\u00f3t a megadott adatokban bek\u00f6vetkezett v\u00e1ltoz\u00e1sokr\u00f3l.<\/p>\n\n\n\n<p>2.4. Az adatfeldolgoz\u00f3 nem v\u00e1llal felel\u0151ss\u00e9get az \u00e9rintett hamis adatszolg\u00e1ltat\u00e1sa \u00e1ltal az \u00e9rintettet vagy harmadik feleket \u00e9rt k\u00e1rok\u00e9rt.<\/p>\n\n\n\n<p>3. <strong>Az \u00fcgyfelek szem\u00e9lyes adatainak feldolgoz\u00e1sa<\/strong><\/p>\n\n\n\n<p>3.1. Az adatfeldolgoz\u00f3 az \u00e9rintett al\u00e1bbi szem\u00e9lyes adatait kezelheti:<\/p>\n\n\n\n<p>3.1.1. Ut\u00f3- \u00e9s vezet\u00e9kn\u00e9v;<\/p>\n\n\n\n<p>3.1.2. Telefonsz\u00e1m;<\/p>\n\n\n\n<p>3.1.3. E-mail c\u00edm;<\/p>\n\n\n\n<p>3.1.4. Sz\u00e1ll\u00edt\u00e1si c\u00edm;<\/p>\n\n\n\n<p>3.1.5. Foly\u00f3sz\u00e1mla sz\u00e1ma;<\/p>\n\n\n\n<p>3.1.6. Fizet\u00e9si k\u00e1rtya adatai;<\/p>\n\n\n\n<p>3.2. A fentieken t\u00falmen\u0151en az adatfeldolgoz\u00f3 jogosult az \u00fcgyf\u00e9lr\u0151l nyilv\u00e1nos nyilv\u00e1ntart\u00e1sokban el\u00e9rhet\u0151 adatokat gy\u0171jteni.<\/p>\n\n\n\n<p>3.3. A szem\u00e9lyes adatok kezel\u00e9s\u00e9nek jogalapja a Szem\u00e9lyes adatok v\u00e9delm\u00e9r\u0151l sz\u00f3l\u00f3 \u00e1ltal\u00e1nos rendelet 6. cikk (1) bekezd\u00e9s a), b), c) \u00e9s f) pontja:<\/p>\n\n\n\n<p>a) az \u00e9rintett hozz\u00e1j\u00e1rult szem\u00e9lyes adatainak egy vagy t\u00f6bb meghat\u00e1rozott c\u00e9lb\u00f3l t\u00f6rt\u00e9n\u0151 kezel\u00e9s\u00e9hez;<\/p>\n\n\n\n<p>b) a szem\u00e9lyes adatok kezel\u00e9se az \u00e9rintett r\u00e9szv\u00e9tel\u00e9vel k\u00f6t\u00f6tt szerz\u0151d\u00e9s teljes\u00edt\u00e9s\u00e9hez vagy a szerz\u0151d\u00e9s megk\u00f6t\u00e9s\u00e9t megel\u0151z\u0151, az \u00e9rintett k\u00e9relm\u00e9nek megfelel\u0151 int\u00e9zked\u00e9sek megt\u00e9tel\u00e9hez sz\u00fcks\u00e9ges;<\/p>\n\n\n\n<p>c) a szem\u00e9lyes adatok kezel\u00e9se az adatkezel\u0151 jogszab\u00e1lyi k\u00f6telezetts\u00e9g\u00e9nek teljes\u00edt\u00e9s\u00e9hez sz\u00fcks\u00e9ges;<\/p>\n\n\n\n<p>f) a szem\u00e9lyes adatok kezel\u00e9se az adatkezel\u0151 vagy harmadik szem\u00e9ly jogos \u00e9rdeke eset\u00e9n sz\u00fcks\u00e9ges, kiv\u00e9ve, ha ezt az \u00e9rdeket fel\u00fclm\u00falja az \u00e9rintett \u00e9rdekei vagy azok az alapvet\u0151 jogok \u00e9s szabads\u00e1gok, amelyek \u00e9rdek\u00e9ben a szem\u00e9lyes adatokat v\u00e9deni kell , k\u00fcl\u00f6n\u00f6sen, ha az \u00e9rintett gyermek.<\/p>\n\n\n\n<p>3.4. A szem\u00e9lyes adatok kezel\u00e9se az adatkezel\u00e9s c\u00e9lj\u00e1nak megfelel\u0151en:<\/p>\n\n\n\n<p>3.4.1. A feldolgoz\u00e1s c\u00e9lja \u2013 biztons\u00e1g \u00e9s biztons\u00e1g<br>A szem\u00e9lyes adatok t\u00e1rol\u00e1s\u00e1nak maxim\u00e1lis id\u0151tartama \u2013 a jogszab\u00e1lyban meghat\u00e1rozott hat\u00e1rid\u0151k szerint<\/p>\n\n\n\n<p>3.4.2. A feldolgoz\u00e1s c\u00e9lja \u2013 megrendel\u00e9s feldolgoz\u00e1sa<br>A szem\u00e9lyes adatok t\u00e1rol\u00e1s\u00e1nak maxim\u00e1lis id\u0151tartama \u2013 <strong>12 h\u00f3nap<\/strong><\/p>\n\n\n\n<p>3.4.3. Az adatkezel\u00e9s c\u00e9lja \u2013 az e-shop szolg\u00e1ltat\u00e1sok m\u0171k\u00f6d\u00e9s\u00e9nek biztos\u00edt\u00e1sa<br>A szem\u00e9lyes adatok t\u00e1rol\u00e1s\u00e1nak maxim\u00e1lis id\u0151tartama \u2013 <strong>12 h\u00f3nap<\/strong><\/p>\n\n\n\n<p>3.4.4. A feldolgoz\u00e1s c\u00e9lja \u2013 \u00fcgyf\u00e9lkezel\u00e9s<br>A szem\u00e9lyes adatok t\u00e1rol\u00e1s\u00e1nak maxim\u00e1lis id\u0151tartama \u2013 <strong>12 h\u00f3nap<\/strong><\/p>\n\n\n\n<p>3.4.5. A feldolgoz\u00e1s c\u00e9lja \u2013 p\u00e9nz\u00fcgyi tev\u00e9kenys\u00e9g, k\u00f6nyvel\u00e9s<br>A szem\u00e9lyes adatok t\u00e1rol\u00e1s\u00e1nak maxim\u00e1lis id\u0151tartama \u2013 a jogszab\u00e1lyban meghat\u00e1rozott hat\u00e1rid\u0151k szerint<\/p>\n\n\n\n<p>3.4.6. A feldolgoz\u00e1s c\u00e9lja \u2013 marketing<br>A szem\u00e9lyes adatok t\u00e1rol\u00e1s\u00e1nak maxim\u00e1lis id\u0151tartama \u2013 <strong>12 h\u00f3nap<\/strong><\/p>\n\n\n\n<p>3.5. Az adatfeldolgoz\u00f3 jogosult az \u00fcgyfelek szem\u00e9lyes adatait harmadik felekkel megosztani, \u00edgy p\u00e9ld\u00e1ul felhatalmazott adatfeldolgoz\u00f3kkal, k\u00f6nyvel\u0151kkel, sz\u00e1ll\u00edtm\u00e1nyoz\u00f3- \u00e9s fut\u00e1rc\u00e9gekkel, transzferszolg\u00e1ltat\u00e1st ny\u00fajt\u00f3 t\u00e1rsas\u00e1gokkal. Az adatfeldolgoz\u00f3 a szem\u00e9lyes adatok kezel\u0151je. Az adatfeldolgoz\u00f3 a fizet\u00e9shez sz\u00fcks\u00e9ges szem\u00e9lyes adatokat tov\u00e1bb\u00edtja a <strong>Maksekeskus AS<\/strong> felhatalmazott adatfeldolgoz\u00f3nak.<\/p>\n\n\n\n<p>3.6. Az adatfeldolgoz\u00f3 az \u00e9rintett szem\u00e9lyes adatainak feldolgoz\u00e1sa \u00e9s t\u00e1rol\u00e1sa sor\u00e1n olyan szervez\u00e9si \u00e9s technikai int\u00e9zked\u00e9seket hajt v\u00e9gre, amelyek biztos\u00edtj\u00e1k a szem\u00e9lyes adatok v\u00e9delm\u00e9t a v\u00e9letlen vagy jogellenes megsemmis\u00fcl\u00e9s, m\u00f3dos\u00edt\u00e1s, nyilv\u00e1noss\u00e1gra hozatal \u00e9s minden egy\u00e9b jogellenes kezel\u00e9s ellen.<\/p>\n\n\n\n<p>3.7. Az adatfeldolgoz\u00f3 az \u00e9rintettek adatait az adatkezel\u00e9s c\u00e9lj\u00e1t\u00f3l f\u00fcgg\u0151en, de legfeljebb 1 \u00e9vig t\u00e1rolja.<\/p>\n\n\n\n<p>4. <strong>Az \u00e9rintett jogai<\/strong><\/p>\n\n\n\n<p>4.1. Az \u00e9rintettnek joga van szem\u00e9lyes adataihoz hozz\u00e1f\u00e9rni, \u00e9s azokhoz betekinteni.<\/p>\n\n\n\n<p>4.2. Az \u00e9rintett jogosult arra, hogy t\u00e1j\u00e9koztat\u00e1st kapjon szem\u00e9lyes adatainak kezel\u00e9s\u00e9r\u0151l.<\/p>\n\n\n\n<p>4.3. Az \u00e9rintett jogosult a pontatlan adatok kieg\u00e9sz\u00edt\u00e9s\u00e9re vagy helyesb\u00edt\u00e9s\u00e9re.<\/p>\n\n\n\n<p>4.4. Ha az adatfeldolgoz\u00f3 az \u00e9rintett szem\u00e9lyes adatait az \u00e9rintett hozz\u00e1j\u00e1rul\u00e1sa alapj\u00e1n dolgozza fel, az \u00e9rintett jogosult a hozz\u00e1j\u00e1rul\u00e1s\u00e1t b\u00e1rmikor visszavonni.<\/p>\n\n\n\n<p>4.5. Az \u00e9rintett jogai gyakorl\u00e1sa \u00e9rdek\u00e9ben kapcsolatba l\u00e9phet az e-\u00e1ruh\u00e1z \u00fcgyf\u00e9lszolg\u00e1lat\u00e1val az <strong>info@aztex.ee<\/strong> c\u00edmen<\/p>\n\n\n\n<p>4.6. Az \u00e9rintett jogainak v\u00e9delme \u00e9rdek\u00e9ben panasszal \u00e9lhet az Adatv\u00e9delmi Fel\u00fcgyel\u0151s\u00e9gn\u00e9l.<\/p>\n\n\n\n<p>5. <strong>Z\u00e1r\u00f3 rendelkez\u00e9sek<\/strong><\/p>\n\n\n\n<p>5.1. Jelen adatv\u00e9delmi felt\u00e9telek a term\u00e9szetes szem\u00e9lyek szem\u00e9lyes adatok feldolgoz\u00e1sa sor\u00e1n t\u00f6rt\u00e9n\u0151 v\u00e9delm\u00e9r\u0151l, valamint az ilyen adatok szabad \u00e1raml\u00e1s\u00e1r\u00f3l sz\u00f3l\u00f3 2016\/679\/EU eur\u00f3pai parlamenti \u00e9s tan\u00e1csi rendelettel \u00f6sszhangban ker\u00fcltek kialak\u00edt\u00e1sra. a 95\/46\/EC\/EC ir\u00e1nyelv (\u00c1ltal\u00e1nos Adatv\u00e9delmi Rendelet), az \u00c9szt K\u00f6zt\u00e1rsas\u00e1g szem\u00e9lyes adatok v\u00e9delm\u00e9r\u0151l sz\u00f3l\u00f3 t\u00f6rv\u00e9ny\u00e9nek, valamint az \u00c9szt K\u00f6zt\u00e1rsas\u00e1g \u00e9s az Eur\u00f3pai Uni\u00f3 jogszab\u00e1lyainak hat\u00e1lyon k\u00edv\u00fcl helyez\u00e9se.<\/p>\n\n\n\n<p>5.2. Az adatfeldolgoz\u00f3 jogosult az adatv\u00e9delmi felt\u00e9teleket r\u00e9szben vagy eg\u00e9szben megv\u00e1ltoztatni \u00fagy, hogy a v\u00e1ltoz\u00e1sokr\u00f3l az \u00e9rintetteket az <strong>aztex.ee<\/strong> weboldalon kereszt\u00fcl \u00e9rtes\u00edti.<\/p>\n","protected":false},"excerpt":{"rendered":"<p>1.1. Ez az adatv\u00e9delmi szab\u00e1lyzat szab\u00e1lyozza a szem\u00e9lyes adatok gy\u0171jt\u00e9s\u00e9re, feldolgoz\u00e1s\u00e1ra \u00e9s t\u00e1rol\u00e1s\u00e1ra vonatkoz\u00f3 elveket. A szem\u00e9lyes adatokat a felel\u0151s<\/p>\n","protected":false},"author":1,"featured_media":0,"parent":0,"menu_order":0,"comment_status":"closed","ping_status":"closed","template":"","meta":{"footnotes":""},"class_list":["post-19717","page","type-page","status-publish","hentry"],"yoast_head":"<!-- This site is optimized with the Yoast SEO plugin v27.4 - https:\/\/yoast.com\/product\/yoast-seo-wordpress\/ -->\n<title>Adatv\u00e9delmi ir\u00e1nyelvek | AZTEX<\/title>\n<meta name=\"description\" content=\"Ez az adatv\u00e9delmi szab\u00e1lyzat szab\u00e1lyozza a szem\u00e9lyes adatok gy\u0171jt\u00e9s\u00e9re, feldolgoz\u00e1s\u00e1ra \u00e9s t\u00e1rol\u00e1s\u00e1ra vonatkoz\u00f3 elveket. .....\" \/>\n<meta name=\"robots\" content=\"index, follow, max-snippet:-1, max-image-preview:large, max-video-preview:-1\" \/>\n<link rel=\"canonical\" href=\"https:\/\/aztex.ee\/hu\/adatvedelmi-iranyelvek\/\" \/>\n<meta property=\"og:locale\" content=\"hu_HU\" \/>\n<meta property=\"og:type\" content=\"article\" \/>\n<meta property=\"og:title\" content=\"Adatv\u00e9delmi ir\u00e1nyelvek | AZTEX\" \/>\n<meta property=\"og:description\" content=\"Ez az adatv\u00e9delmi szab\u00e1lyzat szab\u00e1lyozza a szem\u00e9lyes adatok gy\u0171jt\u00e9s\u00e9re, feldolgoz\u00e1s\u00e1ra \u00e9s t\u00e1rol\u00e1s\u00e1ra vonatkoz\u00f3 elveket. .....\" \/>\n<meta property=\"og:url\" content=\"https:\/\/aztex.ee\/hu\/adatvedelmi-iranyelvek\/\" \/>\n<meta property=\"og:site_name\" content=\"AZTEX\" \/>\n<meta property=\"article:publisher\" content=\"https:\/\/www.facebook.com\/AztexEE\" \/>\n<meta property=\"article:modified_time\" content=\"2024-10-01T20:20:24+00:00\" \/>\n<meta name=\"twitter:card\" content=\"summary_large_image\" \/>\n<meta name=\"twitter:label1\" content=\"Becs\u00fclt olvas\u00e1si id\u0151\" \/>\n\t<meta name=\"twitter:data1\" content=\"5 perc\" \/>\n<script type=\"application\/ld+json\" class=\"yoast-schema-graph\">{\"@context\":\"https:\\\/\\\/schema.org\",\"@graph\":[{\"@type\":\"WebPage\",\"@id\":\"https:\\\/\\\/aztex.ee\\\/hu\\\/adatvedelmi-iranyelvek\\\/\",\"url\":\"https:\\\/\\\/aztex.ee\\\/hu\\\/adatvedelmi-iranyelvek\\\/\",\"name\":\"Adatv\u00e9delmi ir\u00e1nyelvek | AZTEX\",\"isPartOf\":{\"@id\":\"https:\\\/\\\/aztex.ee\\\/hu\\\/#website\"},\"datePublished\":\"2024-08-03T17:33:06+00:00\",\"dateModified\":\"2024-10-01T20:20:24+00:00\",\"description\":\"Ez az adatv\u00e9delmi szab\u00e1lyzat szab\u00e1lyozza a szem\u00e9lyes adatok gy\u0171jt\u00e9s\u00e9re, feldolgoz\u00e1s\u00e1ra \u00e9s t\u00e1rol\u00e1s\u00e1ra vonatkoz\u00f3 elveket. .....\",\"breadcrumb\":{\"@id\":\"https:\\\/\\\/aztex.ee\\\/hu\\\/adatvedelmi-iranyelvek\\\/#breadcrumb\"},\"inLanguage\":\"hu\",\"potentialAction\":[{\"@type\":\"ReadAction\",\"target\":[\"https:\\\/\\\/aztex.ee\\\/hu\\\/adatvedelmi-iranyelvek\\\/\"]}]},{\"@type\":\"BreadcrumbList\",\"@id\":\"https:\\\/\\\/aztex.ee\\\/hu\\\/adatvedelmi-iranyelvek\\\/#breadcrumb\",\"itemListElement\":[{\"@type\":\"ListItem\",\"position\":1,\"name\":\"F\u0151oldal\",\"item\":\"https:\\\/\\\/aztex.ee\\\/hu\\\/\"},{\"@type\":\"ListItem\",\"position\":2,\"name\":\"Adatv\u00e9delmi ir\u00e1nyelvek\"}]},{\"@type\":\"WebSite\",\"@id\":\"https:\\\/\\\/aztex.ee\\\/hu\\\/#website\",\"url\":\"https:\\\/\\\/aztex.ee\\\/hu\\\/\",\"name\":\"AZTEX\",\"description\":\"\",\"publisher\":{\"@id\":\"https:\\\/\\\/aztex.ee\\\/hu\\\/#organization\"},\"potentialAction\":[{\"@type\":\"SearchAction\",\"target\":{\"@type\":\"EntryPoint\",\"urlTemplate\":\"https:\\\/\\\/aztex.ee\\\/hu\\\/?s={search_term_string}\"},\"query-input\":{\"@type\":\"PropertyValueSpecification\",\"valueRequired\":true,\"valueName\":\"search_term_string\"}}],\"inLanguage\":\"hu\"},{\"@type\":\"Organization\",\"@id\":\"https:\\\/\\\/aztex.ee\\\/hu\\\/#organization\",\"name\":\"AZTEX\",\"url\":\"https:\\\/\\\/aztex.ee\\\/hu\\\/\",\"logo\":{\"@type\":\"ImageObject\",\"inLanguage\":\"hu\",\"@id\":\"https:\\\/\\\/aztex.ee\\\/hu\\\/#\\\/schema\\\/logo\\\/image\\\/\",\"url\":\"https:\\\/\\\/aztex.ee\\\/wp-content\\\/uploads\\\/2026\\\/01\\\/AZTEX.png\",\"contentUrl\":\"https:\\\/\\\/aztex.ee\\\/wp-content\\\/uploads\\\/2026\\\/01\\\/AZTEX.png\",\"width\":500,\"height\":500,\"caption\":\"AZTEX\"},\"image\":{\"@id\":\"https:\\\/\\\/aztex.ee\\\/hu\\\/#\\\/schema\\\/logo\\\/image\\\/\"},\"sameAs\":[\"https:\\\/\\\/www.facebook.com\\\/AztexEE\",\"https:\\\/\\\/www.instagram.com\\\/aztexeesti\\\/\",\"https:\\\/\\\/www.youtube.com\\\/@AZTEXEE\",\"https:\\\/\\\/www.pinterest.com\\\/aztex_eesti\\\/\",\"https:\\\/\\\/www.tiktok.com\\\/@aztexeesti\",\"https:\\\/\\\/www.trustpilot.com\\\/review\\\/aztex.ee\",\"https:\\\/\\\/www.linkedin.com\\\/company\\\/aztex-ee\\\/\",\"https:\\\/\\\/www.wikidata.org\\\/wiki\\\/Q137560182\"]}]}<\/script>\n<!-- \/ Yoast SEO plugin. -->","yoast_head_json":{"title":"Adatv\u00e9delmi ir\u00e1nyelvek | AZTEX","description":"Ez az adatv\u00e9delmi szab\u00e1lyzat szab\u00e1lyozza a szem\u00e9lyes adatok gy\u0171jt\u00e9s\u00e9re, feldolgoz\u00e1s\u00e1ra \u00e9s t\u00e1rol\u00e1s\u00e1ra vonatkoz\u00f3 elveket. .....","robots":{"index":"index","follow":"follow","max-snippet":"max-snippet:-1","max-image-preview":"max-image-preview:large","max-video-preview":"max-video-preview:-1"},"canonical":"https:\/\/aztex.ee\/hu\/adatvedelmi-iranyelvek\/","og_locale":"hu_HU","og_type":"article","og_title":"Adatv\u00e9delmi ir\u00e1nyelvek | AZTEX","og_description":"Ez az adatv\u00e9delmi szab\u00e1lyzat szab\u00e1lyozza a szem\u00e9lyes adatok gy\u0171jt\u00e9s\u00e9re, feldolgoz\u00e1s\u00e1ra \u00e9s t\u00e1rol\u00e1s\u00e1ra vonatkoz\u00f3 elveket. .....","og_url":"https:\/\/aztex.ee\/hu\/adatvedelmi-iranyelvek\/","og_site_name":"AZTEX","article_publisher":"https:\/\/www.facebook.com\/AztexEE","article_modified_time":"2024-10-01T20:20:24+00:00","twitter_card":"summary_large_image","twitter_misc":{"Becs\u00fclt olvas\u00e1si id\u0151":"5 perc"},"schema":{"@context":"https:\/\/schema.org","@graph":[{"@type":"WebPage","@id":"https:\/\/aztex.ee\/hu\/adatvedelmi-iranyelvek\/","url":"https:\/\/aztex.ee\/hu\/adatvedelmi-iranyelvek\/","name":"Adatv\u00e9delmi ir\u00e1nyelvek | AZTEX","isPartOf":{"@id":"https:\/\/aztex.ee\/hu\/#website"},"datePublished":"2024-08-03T17:33:06+00:00","dateModified":"2024-10-01T20:20:24+00:00","description":"Ez az adatv\u00e9delmi szab\u00e1lyzat szab\u00e1lyozza a szem\u00e9lyes adatok gy\u0171jt\u00e9s\u00e9re, feldolgoz\u00e1s\u00e1ra \u00e9s t\u00e1rol\u00e1s\u00e1ra vonatkoz\u00f3 elveket. .....","breadcrumb":{"@id":"https:\/\/aztex.ee\/hu\/adatvedelmi-iranyelvek\/#breadcrumb"},"inLanguage":"hu","potentialAction":[{"@type":"ReadAction","target":["https:\/\/aztex.ee\/hu\/adatvedelmi-iranyelvek\/"]}]},{"@type":"BreadcrumbList","@id":"https:\/\/aztex.ee\/hu\/adatvedelmi-iranyelvek\/#breadcrumb","itemListElement":[{"@type":"ListItem","position":1,"name":"F\u0151oldal","item":"https:\/\/aztex.ee\/hu\/"},{"@type":"ListItem","position":2,"name":"Adatv\u00e9delmi ir\u00e1nyelvek"}]},{"@type":"WebSite","@id":"https:\/\/aztex.ee\/hu\/#website","url":"https:\/\/aztex.ee\/hu\/","name":"AZTEX","description":"","publisher":{"@id":"https:\/\/aztex.ee\/hu\/#organization"},"potentialAction":[{"@type":"SearchAction","target":{"@type":"EntryPoint","urlTemplate":"https:\/\/aztex.ee\/hu\/?s={search_term_string}"},"query-input":{"@type":"PropertyValueSpecification","valueRequired":true,"valueName":"search_term_string"}}],"inLanguage":"hu"},{"@type":"Organization","@id":"https:\/\/aztex.ee\/hu\/#organization","name":"AZTEX","url":"https:\/\/aztex.ee\/hu\/","logo":{"@type":"ImageObject","inLanguage":"hu","@id":"https:\/\/aztex.ee\/hu\/#\/schema\/logo\/image\/","url":"https:\/\/aztex.ee\/wp-content\/uploads\/2026\/01\/AZTEX.png","contentUrl":"https:\/\/aztex.ee\/wp-content\/uploads\/2026\/01\/AZTEX.png","width":500,"height":500,"caption":"AZTEX"},"image":{"@id":"https:\/\/aztex.ee\/hu\/#\/schema\/logo\/image\/"},"sameAs":["https:\/\/www.facebook.com\/AztexEE","https:\/\/www.instagram.com\/aztexeesti\/","https:\/\/www.youtube.com\/@AZTEXEE","https:\/\/www.pinterest.com\/aztex_eesti\/","https:\/\/www.tiktok.com\/@aztexeesti","https:\/\/www.trustpilot.com\/review\/aztex.ee","https:\/\/www.linkedin.com\/company\/aztex-ee\/","https:\/\/www.wikidata.org\/wiki\/Q137560182"]}]}},"_links":{"self":[{"href":"https:\/\/aztex.ee\/hu\/wp-json\/wp\/v2\/pages\/19717","targetHints":{"allow":["GET"]}}],"collection":[{"href":"https:\/\/aztex.ee\/hu\/wp-json\/wp\/v2\/pages"}],"about":[{"href":"https:\/\/aztex.ee\/hu\/wp-json\/wp\/v2\/types\/page"}],"author":[{"embeddable":true,"href":"https:\/\/aztex.ee\/hu\/wp-json\/wp\/v2\/users\/1"}],"replies":[{"embeddable":true,"href":"https:\/\/aztex.ee\/hu\/wp-json\/wp\/v2\/comments?post=19717"}],"version-history":[{"count":0,"href":"https:\/\/aztex.ee\/hu\/wp-json\/wp\/v2\/pages\/19717\/revisions"}],"wp:attachment":[{"href":"https:\/\/aztex.ee\/hu\/wp-json\/wp\/v2\/media?parent=19717"}],"curies":[{"name":"wp","href":"https:\/\/api.w.org\/{rel}","templated":true}]}}