{"id":19698,"date":"2021-08-26T12:26:53","date_gmt":"2021-08-26T12:26:53","guid":{"rendered":"https:\/\/aztex.ee\/kivansaglista\/"},"modified":"2024-12-13T10:48:04","modified_gmt":"2024-12-13T10:48:04","slug":"kivansaglista","status":"publish","type":"page","link":"https:\/\/aztex.ee\/hu\/kivansaglista\/","title":{"rendered":"K\u00edv\u00e1ns\u00e1glista"},"content":{"rendered":"\t\t\n\t\t\n\n\t\t\t\t<div class=\"\" >\n\t\t\t\t\t\t<div class=\"wd-wishlist-content\">\n\t\t\t\t\t\t\t\t\t\n\t\t<div class=\"wd-empty-block wd-empty-wishlist\">\n\n\t\t<h2 class=\"wd-empty-block-title\">\n\t\t\tEz a k\u00edv\u00e1ns\u00e1glista \u00fcres.\t\t<\/h2>\n\n\t\t\t\t\t<p class=\"wd-empty-block-text\">\n\t\t\t\tM\u00e9g nincs term\u00e9k a k\u00edv\u00e1ns\u00e1glist\u00e1don.<br> A \"Web\u00e1ruh\u00e1z\" oldalunkon sok \u00e9rdekes term\u00e9ket tal\u00e1lsz.\t\t\t<\/p>\n\t\t\n\t\t\n\t\t\t\t\t<a class=\"button btn btn-accent wd-empty-block-btn\" href=\"https:\/\/aztex.ee\/hu\/webaruhaz\/\">\n\t\t\t\tGyer\u00fcnk a b\u00fatorboltba\t\t\t<\/a>\n\t\t\n\t\t\t\t\t<\/div>\n\t\t\t\t\t\t\t\t\t\t\t<\/div>\n\t\t\t\t<\/div>\n\t\t\n","protected":false},"excerpt":{"rendered":"","protected":false},"author":1,"featured_media":0,"parent":0,"menu_order":0,"comment_status":"closed","ping_status":"closed","template":"","meta":{"footnotes":""},"class_list":["post-19698","page","type-page","status-publish","hentry"],"yoast_head":"<!-- This site is optimized with the Yoast SEO plugin v27.4 - https:\/\/yoast.com\/product\/yoast-seo-wordpress\/ -->\n<title>K\u00edv\u00e1ns\u00e1glista | AZTEX<\/title>\n<meta name=\"robots\" content=\"index, follow, max-snippet:-1, max-image-preview:large, max-video-preview:-1\" \/>\n<link rel=\"canonical\" href=\"https:\/\/aztex.ee\/hu\/kivansaglista\/\" \/>\n<meta property=\"og:locale\" content=\"hu_HU\" \/>\n<meta property=\"og:type\" content=\"article\" \/>\n<meta property=\"og:title\" content=\"K\u00edv\u00e1ns\u00e1glista | AZTEX\" \/>\n<meta property=\"og:url\" content=\"https:\/\/aztex.ee\/hu\/kivansaglista\/\" \/>\n<meta property=\"og:site_name\" content=\"AZTEX\" \/>\n<meta property=\"article:publisher\" content=\"https:\/\/www.facebook.com\/AztexEE\" \/>\n<meta property=\"article:modified_time\" content=\"2024-12-13T10:48:04+00:00\" \/>\n<meta name=\"twitter:card\" content=\"summary_large_image\" \/>\n<meta name=\"twitter:label1\" content=\"Becs\u00fclt olvas\u00e1si id\u0151\" \/>\n\t<meta name=\"twitter:data1\" content=\"1 perc\" \/>\n<script type=\"application\/ld+json\" class=\"yoast-schema-graph\">{\"@context\":\"https:\\\/\\\/schema.org\",\"@graph\":[{\"@type\":\"WebPage\",\"@id\":\"https:\\\/\\\/aztex.ee\\\/hu\\\/kivansaglista\\\/\",\"url\":\"https:\\\/\\\/aztex.ee\\\/hu\\\/kivansaglista\\\/\",\"name\":\"K\u00edv\u00e1ns\u00e1glista | AZTEX\",\"isPartOf\":{\"@id\":\"https:\\\/\\\/aztex.ee\\\/hu\\\/#website\"},\"datePublished\":\"2021-08-26T12:26:53+00:00\",\"dateModified\":\"2024-12-13T10:48:04+00:00\",\"breadcrumb\":{\"@id\":\"https:\\\/\\\/aztex.ee\\\/hu\\\/kivansaglista\\\/#breadcrumb\"},\"inLanguage\":\"hu\",\"potentialAction\":[{\"@type\":\"ReadAction\",\"target\":[\"https:\\\/\\\/aztex.ee\\\/hu\\\/kivansaglista\\\/\"]}]},{\"@type\":\"BreadcrumbList\",\"@id\":\"https:\\\/\\\/aztex.ee\\\/hu\\\/kivansaglista\\\/#breadcrumb\",\"itemListElement\":[{\"@type\":\"ListItem\",\"position\":1,\"name\":\"F\u0151oldal\",\"item\":\"https:\\\/\\\/aztex.ee\\\/hu\\\/\"},{\"@type\":\"ListItem\",\"position\":2,\"name\":\"K\u00edv\u00e1ns\u00e1glista\"}]},{\"@type\":\"WebSite\",\"@id\":\"https:\\\/\\\/aztex.ee\\\/hu\\\/#website\",\"url\":\"https:\\\/\\\/aztex.ee\\\/hu\\\/\",\"name\":\"AZTEX\",\"description\":\"\",\"publisher\":{\"@id\":\"https:\\\/\\\/aztex.ee\\\/hu\\\/#organization\"},\"potentialAction\":[{\"@type\":\"SearchAction\",\"target\":{\"@type\":\"EntryPoint\",\"urlTemplate\":\"https:\\\/\\\/aztex.ee\\\/hu\\\/?s={search_term_string}\"},\"query-input\":{\"@type\":\"PropertyValueSpecification\",\"valueRequired\":true,\"valueName\":\"search_term_string\"}}],\"inLanguage\":\"hu\"},{\"@type\":\"Organization\",\"@id\":\"https:\\\/\\\/aztex.ee\\\/hu\\\/#organization\",\"name\":\"AZTEX\",\"url\":\"https:\\\/\\\/aztex.ee\\\/hu\\\/\",\"logo\":{\"@type\":\"ImageObject\",\"inLanguage\":\"hu\",\"@id\":\"https:\\\/\\\/aztex.ee\\\/hu\\\/#\\\/schema\\\/logo\\\/image\\\/\",\"url\":\"https:\\\/\\\/aztex.ee\\\/wp-content\\\/uploads\\\/2026\\\/01\\\/AZTEX.png\",\"contentUrl\":\"https:\\\/\\\/aztex.ee\\\/wp-content\\\/uploads\\\/2026\\\/01\\\/AZTEX.png\",\"width\":500,\"height\":500,\"caption\":\"AZTEX\"},\"image\":{\"@id\":\"https:\\\/\\\/aztex.ee\\\/hu\\\/#\\\/schema\\\/logo\\\/image\\\/\"},\"sameAs\":[\"https:\\\/\\\/www.facebook.com\\\/AztexEE\",\"https:\\\/\\\/www.instagram.com\\\/aztexeesti\\\/\",\"https:\\\/\\\/www.youtube.com\\\/@AZTEXEE\",\"https:\\\/\\\/www.pinterest.com\\\/aztex_eesti\\\/\",\"https:\\\/\\\/www.tiktok.com\\\/@aztexeesti\",\"https:\\\/\\\/www.trustpilot.com\\\/review\\\/aztex.ee\",\"https:\\\/\\\/www.linkedin.com\\\/company\\\/aztex-ee\\\/\",\"https:\\\/\\\/www.wikidata.org\\\/wiki\\\/Q137560182\"]}]}<\/script>\n<!-- \/ Yoast SEO plugin. -->","yoast_head_json":{"title":"K\u00edv\u00e1ns\u00e1glista | AZTEX","robots":{"index":"index","follow":"follow","max-snippet":"max-snippet:-1","max-image-preview":"max-image-preview:large","max-video-preview":"max-video-preview:-1"},"canonical":"https:\/\/aztex.ee\/hu\/kivansaglista\/","og_locale":"hu_HU","og_type":"article","og_title":"K\u00edv\u00e1ns\u00e1glista | AZTEX","og_url":"https:\/\/aztex.ee\/hu\/kivansaglista\/","og_site_name":"AZTEX","article_publisher":"https:\/\/www.facebook.com\/AztexEE","article_modified_time":"2024-12-13T10:48:04+00:00","twitter_card":"summary_large_image","twitter_misc":{"Becs\u00fclt olvas\u00e1si id\u0151":"1 perc"},"schema":{"@context":"https:\/\/schema.org","@graph":[{"@type":"WebPage","@id":"https:\/\/aztex.ee\/hu\/kivansaglista\/","url":"https:\/\/aztex.ee\/hu\/kivansaglista\/","name":"K\u00edv\u00e1ns\u00e1glista | AZTEX","isPartOf":{"@id":"https:\/\/aztex.ee\/hu\/#website"},"datePublished":"2021-08-26T12:26:53+00:00","dateModified":"2024-12-13T10:48:04+00:00","breadcrumb":{"@id":"https:\/\/aztex.ee\/hu\/kivansaglista\/#breadcrumb"},"inLanguage":"hu","potentialAction":[{"@type":"ReadAction","target":["https:\/\/aztex.ee\/hu\/kivansaglista\/"]}]},{"@type":"BreadcrumbList","@id":"https:\/\/aztex.ee\/hu\/kivansaglista\/#breadcrumb","itemListElement":[{"@type":"ListItem","position":1,"name":"F\u0151oldal","item":"https:\/\/aztex.ee\/hu\/"},{"@type":"ListItem","position":2,"name":"K\u00edv\u00e1ns\u00e1glista"}]},{"@type":"WebSite","@id":"https:\/\/aztex.ee\/hu\/#website","url":"https:\/\/aztex.ee\/hu\/","name":"AZTEX","description":"","publisher":{"@id":"https:\/\/aztex.ee\/hu\/#organization"},"potentialAction":[{"@type":"SearchAction","target":{"@type":"EntryPoint","urlTemplate":"https:\/\/aztex.ee\/hu\/?s={search_term_string}"},"query-input":{"@type":"PropertyValueSpecification","valueRequired":true,"valueName":"search_term_string"}}],"inLanguage":"hu"},{"@type":"Organization","@id":"https:\/\/aztex.ee\/hu\/#organization","name":"AZTEX","url":"https:\/\/aztex.ee\/hu\/","logo":{"@type":"ImageObject","inLanguage":"hu","@id":"https:\/\/aztex.ee\/hu\/#\/schema\/logo\/image\/","url":"https:\/\/aztex.ee\/wp-content\/uploads\/2026\/01\/AZTEX.png","contentUrl":"https:\/\/aztex.ee\/wp-content\/uploads\/2026\/01\/AZTEX.png","width":500,"height":500,"caption":"AZTEX"},"image":{"@id":"https:\/\/aztex.ee\/hu\/#\/schema\/logo\/image\/"},"sameAs":["https:\/\/www.facebook.com\/AztexEE","https:\/\/www.instagram.com\/aztexeesti\/","https:\/\/www.youtube.com\/@AZTEXEE","https:\/\/www.pinterest.com\/aztex_eesti\/","https:\/\/www.tiktok.com\/@aztexeesti","https:\/\/www.trustpilot.com\/review\/aztex.ee","https:\/\/www.linkedin.com\/company\/aztex-ee\/","https:\/\/www.wikidata.org\/wiki\/Q137560182"]}]}},"_links":{"self":[{"href":"https:\/\/aztex.ee\/hu\/wp-json\/wp\/v2\/pages\/19698","targetHints":{"allow":["GET"]}}],"collection":[{"href":"https:\/\/aztex.ee\/hu\/wp-json\/wp\/v2\/pages"}],"about":[{"href":"https:\/\/aztex.ee\/hu\/wp-json\/wp\/v2\/types\/page"}],"author":[{"embeddable":true,"href":"https:\/\/aztex.ee\/hu\/wp-json\/wp\/v2\/users\/1"}],"replies":[{"embeddable":true,"href":"https:\/\/aztex.ee\/hu\/wp-json\/wp\/v2\/comments?post=19698"}],"version-history":[{"count":0,"href":"https:\/\/aztex.ee\/hu\/wp-json\/wp\/v2\/pages\/19698\/revisions"}],"wp:attachment":[{"href":"https:\/\/aztex.ee\/hu\/wp-json\/wp\/v2\/media?parent=19698"}],"curies":[{"name":"wp","href":"https:\/\/api.w.org\/{rel}","templated":true}]}}