{"id":107152,"date":"2026-03-16T07:17:40","date_gmt":"2026-03-16T07:17:40","guid":{"rendered":"https:\/\/aztex.ee\/meist\/"},"modified":"2026-03-16T10:18:15","modified_gmt":"2026-03-16T10:18:15","slug":"aztex-rol","status":"publish","type":"page","link":"https:\/\/aztex.ee\/hu\/aztex-rol\/","title":{"rendered":"AZTEX-r\u0151l"},"content":{"rendered":"\n<p class=\"wp-block-wd-paragraph wd-1413b7d2\">Az <strong>AZTEX<\/strong> egy nemzetk\u00f6zi <strong>lak\u00e1stextil m\u00e1rka<\/strong>, amely kiv\u00e1l\u00f3 min\u0151s\u00e9g\u0171 \u00e1gynem\u0171ket \u00e9s lak\u00e1stextil term\u00e9keket k\u00edn\u00e1l v\u00e1s\u00e1rl\u00f3inak vil\u00e1gszerte. A m\u00e1rka az <strong>AZTEX Eesti O\u00dc<\/strong> al\u00e1 tartozik, amely a <strong>Minu Baltic O\u00dc<\/strong> le\u00e1nyv\u00e1llalata. Az AZTEX alap\u00edt\u00f3ja <strong>Farid Ismayilov<\/strong> v\u00e1llalkoz\u00f3.<\/p>\n\n\n\n<p class=\"wp-block-wd-paragraph wd-9f5d4977\">C\u00e9lunk, hogy olyan kiv\u00e1l\u00f3 min\u0151s\u00e9g\u0171 \u00e9s megb\u00edzhat\u00f3 lak\u00e1stextil term\u00e9keket k\u00edn\u00e1ljunk, amelyek seg\u00edtenek a <strong>k\u00e9nyelmes \u00e9s eg\u00e9szs\u00e9ges otthoni k\u00f6rnyezet<\/strong> megteremt\u00e9s\u00e9ben. Hisz\u00fcnk abban, hogy a pihentet\u0151 alv\u00e1s \u00e9s a meghitt otthon alapja a pr\u00e9mium alapanyagokn\u00e1l \u00e9s a gondosan kiv\u00e1lasztott term\u00e9kekn\u00e9l kezd\u0151dik.<\/p>\n\n\n\n<p class=\"wp-block-wd-paragraph wd-094fd5a2\">Ma az AZTEX <strong>t\u00f6bb mint 35 orsz\u00e1gban<\/strong> \u00e9rt\u00e9kes\u00edti term\u00e9keit vil\u00e1gszerte, t\u00f6bbek k\u00f6z\u00f6tt a k\u00f6vetkez\u0151 orsz\u00e1gokban: <strong>Magyarorsz\u00e1g, \u00c9sztorsz\u00e1g, Sv\u00e9dorsz\u00e1g, D\u00e1nia, Norv\u00e9gia, Finnorsz\u00e1g, Lengyelorsz\u00e1g, Csehorsz\u00e1g, Hollandia, Szlov\u00e1kia, N\u00e9metorsz\u00e1g, Ausztria, Sv\u00e1jc, Izland, Fer\u00f6er-szigetek, Lettorsz\u00e1g, Litv\u00e1nia, Koszov\u00f3, Bulg\u00e1ria, Rom\u00e1nia, Franciaorsz\u00e1g, Egyes\u00fclt Kir\u00e1lys\u00e1g, Szlov\u00e9nia, \u00c9szak-Maced\u00f3nia, Horv\u00e1torsz\u00e1g, Olaszorsz\u00e1g, Spanyolorsz\u00e1g, Bosznia-Hercegovina, Szerbia, Montenegr\u00f3, G\u00f6r\u00f6gorsz\u00e1g, Alb\u00e1nia, M\u00e1lta, Portug\u00e1lia, \u00cdrorsz\u00e1g, Egyes\u00fclt \u00c1llamok, Kanada \u00e9s Mexik\u00f3.<\/strong><\/p>\n\n\n\n<p class=\"wp-block-wd-paragraph wd-78d5ca00\">Az AZTEX a min\u0151s\u00e9gre, a k\u00e9nyelemre \u00e9s a term\u00e9szetes alapanyagokra \u00f6sszpontos\u00edt. Term\u00e9kk\u00edn\u00e1latunkban olyan gondosan v\u00e1logatott sz\u00f6vetek tal\u00e1lhat\u00f3k, mint a <strong>pamut, len, bambusz, Tencel (Lyocell), kender \u00e9s selyem.<\/strong> Ezek az anyagok l\u00e9g\u00e1tereszt\u0151k, b\u0151rbar\u00e1tok \u00e9s tart\u00f3sak, \u00edgy biztos\u00edtva a k\u00e9nyelmes \u00e9s pr\u00e9mium alv\u00e1s\u00e9lm\u00e9nyt.<\/p>\n\n\n\n<p class=\"wp-block-wd-paragraph wd-b12e8f42\">Sz\u00e1munkra alapvet\u0151 fontoss\u00e1g\u00fa, hogy a lak\u00e1stextil ne csak praktikus, hanem eszt\u00e9tikus \u00e9s tart\u00f3s is legyen. Ez\u00e9rt kiemelt figyelmet ford\u00edtunk mind az anyagok min\u0151s\u00e9g\u00e9re, mind term\u00e9keink kialak\u00edt\u00e1s\u00e1ra.<\/p>\n\n\n\n<h3 class=\"wp-block-wd-title title wd-87f0675f\"><strong>Mi\u00e9rt b\u00edznak benn\u00fcnk v\u00e1s\u00e1rl\u00f3ink?<\/strong><\/h3>\n\n\n\n<p class=\"wp-block-wd-paragraph wd-ab329688\"><strong>Kiv\u00e1l\u00f3 min\u0151s\u00e9g\u0171 alapanyagok<\/strong> Term\u00e9keinket nagy gonddal v\u00e1logatjuk \u00f6ssze, hogy garant\u00e1ljuk tart\u00f3ss\u00e1gukat \u00e9s k\u00e9nyelm\u00fcket.<\/p>\n\n\n\n<p class=\"wp-block-wd-paragraph wd-0a51da99\"><strong>Nemzetk\u00f6zi tapasztalat<\/strong> Vil\u00e1gszerte kiszolg\u00e1ljuk \u00fcgyfeleinket, \u00e9s <strong>19 k\u00fcl\u00f6nb\u00f6z\u0151 nyelven<\/strong> ny\u00fajtunk t\u00e1mogat\u00e1st.<\/p>\n\n\n\n<p class=\"wp-block-wd-paragraph wd-b5c28535\"><strong>Vev\u0151i el\u00e9gedetts\u00e9g<\/strong> A <strong><a href=\"https:\/\/www.trustpilot.com\/review\/aztex.ee\" type=\"link\" id=\"https:\/\/www.trustpilot.com\/review\/aztex.ee\" target=\"_blank\" rel=\"noreferrer noopener\">Trustpilot-on el\u00e9rt 4.8 \/ 5-\u00f6s \u00e9rt\u00e9kel\u00e9s\u00fcnk<\/a><\/strong> bizonyja, hogy v\u00e1s\u00e1rl\u00f3ink nagyra \u00e9rt\u00e9kelik term\u00e9keink min\u0151s\u00e9g\u00e9t \u00e9s szolg\u00e1ltat\u00e1sunkat.<\/p>\n\n\n\n<p class=\"wp-block-wd-paragraph wd-2884740a\">K\u00f6sz\u00f6nj\u00fck, hogy az <strong>AZTEX<\/strong>-et v\u00e1lasztotta otthona sz\u00e9p\u00edt\u00e9s\u00e9hez. K\u00fcldet\u00e9s\u00fcnk, hogy megb\u00edzhat\u00f3 \u00e9s min\u0151s\u00e9gi v\u00e1laszt\u00e1st k\u00edn\u00e1ljunk a lak\u00e1stextilek vil\u00e1g\u00e1ban.<\/p>\n","protected":false},"excerpt":{"rendered":"","protected":false},"author":1,"featured_media":0,"parent":0,"menu_order":0,"comment_status":"closed","ping_status":"closed","template":"","meta":{"footnotes":""},"class_list":["post-107152","page","type-page","status-publish","hentry"],"yoast_head":"<!-- This site is optimized with the Yoast SEO plugin v27.6 - https:\/\/yoast.com\/product\/yoast-seo-wordpress\/ -->\n<title>AZTEX-r\u0151l | Min\u0151s\u00e9gi lak\u00e1stextilek \u00e9s \u00e1gynem\u0171k<\/title>\n<meta name=\"description\" content=\"Az AZTEX egy nemzetk\u00f6zi lak\u00e1stextil m\u00e1rka, amely kiv\u00e1l\u00f3 min\u0151s\u00e9g\u0171 \u00e1gynem\u0171ket \u00e9s lak\u00e1stextil term\u00e9keket k\u00edn\u00e1l v\u00e1s\u00e1rl\u00f3inak vil\u00e1gszerte. A m\u00e1rka az AZTEX Eesti O\u00dc al\u00e1 tartozik, amely a Minu Baltic O\u00dc le\u00e1nyv\u00e1llalata. Az AZTEX alap\u00edt\u00f3ja Farid Ismayilov v\u00e1llalkoz\u00f3.\" \/>\n<meta name=\"robots\" content=\"index, follow, max-snippet:-1, max-image-preview:large, max-video-preview:-1\" \/>\n<link rel=\"canonical\" href=\"https:\/\/aztex.ee\/hu\/aztex-rol\/\" \/>\n<meta property=\"og:locale\" content=\"hu_HU\" \/>\n<meta property=\"og:type\" content=\"article\" \/>\n<meta property=\"og:title\" content=\"AZTEX-r\u0151l | Min\u0151s\u00e9gi lak\u00e1stextilek \u00e9s \u00e1gynem\u0171k\" \/>\n<meta property=\"og:description\" content=\"Az AZTEX egy nemzetk\u00f6zi lak\u00e1stextil m\u00e1rka, amely kiv\u00e1l\u00f3 min\u0151s\u00e9g\u0171 \u00e1gynem\u0171ket \u00e9s lak\u00e1stextil term\u00e9keket k\u00edn\u00e1l v\u00e1s\u00e1rl\u00f3inak vil\u00e1gszerte. A m\u00e1rka az AZTEX Eesti O\u00dc al\u00e1 tartozik, amely a Minu Baltic O\u00dc le\u00e1nyv\u00e1llalata. Az AZTEX alap\u00edt\u00f3ja Farid Ismayilov v\u00e1llalkoz\u00f3.\" \/>\n<meta property=\"og:url\" content=\"https:\/\/aztex.ee\/hu\/aztex-rol\/\" \/>\n<meta property=\"og:site_name\" content=\"AZTEX\" \/>\n<meta property=\"article:publisher\" content=\"https:\/\/www.facebook.com\/AztexEE\" \/>\n<meta property=\"article:modified_time\" content=\"2026-03-16T10:18:15+00:00\" \/>\n<meta name=\"twitter:card\" content=\"summary_large_image\" \/>\n<meta name=\"twitter:label1\" content=\"Becs\u00fclt olvas\u00e1si id\u0151\" \/>\n\t<meta name=\"twitter:data1\" content=\"2 perc\" \/>\n<script type=\"application\/ld+json\" class=\"yoast-schema-graph\">{\"@context\":\"https:\\\/\\\/schema.org\",\"@graph\":[{\"@type\":\"WebPage\",\"@id\":\"https:\\\/\\\/aztex.ee\\\/hu\\\/aztex-rol\\\/\",\"url\":\"https:\\\/\\\/aztex.ee\\\/hu\\\/aztex-rol\\\/\",\"name\":\"AZTEX-r\u0151l | Min\u0151s\u00e9gi lak\u00e1stextilek \u00e9s \u00e1gynem\u0171k\",\"isPartOf\":{\"@id\":\"https:\\\/\\\/aztex.ee\\\/hu\\\/#website\"},\"datePublished\":\"2026-03-16T07:17:40+00:00\",\"dateModified\":\"2026-03-16T10:18:15+00:00\",\"description\":\"Az AZTEX egy nemzetk\u00f6zi lak\u00e1stextil m\u00e1rka, amely kiv\u00e1l\u00f3 min\u0151s\u00e9g\u0171 \u00e1gynem\u0171ket \u00e9s lak\u00e1stextil term\u00e9keket k\u00edn\u00e1l v\u00e1s\u00e1rl\u00f3inak vil\u00e1gszerte. A m\u00e1rka az AZTEX Eesti O\u00dc al\u00e1 tartozik, amely a Minu Baltic O\u00dc le\u00e1nyv\u00e1llalata. Az AZTEX alap\u00edt\u00f3ja Farid Ismayilov v\u00e1llalkoz\u00f3.\",\"breadcrumb\":{\"@id\":\"https:\\\/\\\/aztex.ee\\\/hu\\\/aztex-rol\\\/#breadcrumb\"},\"inLanguage\":\"hu\",\"potentialAction\":[{\"@type\":\"ReadAction\",\"target\":[\"https:\\\/\\\/aztex.ee\\\/hu\\\/aztex-rol\\\/\"]}]},{\"@type\":\"BreadcrumbList\",\"@id\":\"https:\\\/\\\/aztex.ee\\\/hu\\\/aztex-rol\\\/#breadcrumb\",\"itemListElement\":[{\"@type\":\"ListItem\",\"position\":1,\"name\":\"F\u0151oldal\",\"item\":\"https:\\\/\\\/aztex.ee\\\/hu\\\/\"},{\"@type\":\"ListItem\",\"position\":2,\"name\":\"AZTEX-r\u0151l\"}]},{\"@type\":\"WebSite\",\"@id\":\"https:\\\/\\\/aztex.ee\\\/hu\\\/#website\",\"url\":\"https:\\\/\\\/aztex.ee\\\/hu\\\/\",\"name\":\"AZTEX\",\"description\":\"\",\"publisher\":{\"@id\":\"https:\\\/\\\/aztex.ee\\\/hu\\\/#organization\"},\"potentialAction\":[{\"@type\":\"SearchAction\",\"target\":{\"@type\":\"EntryPoint\",\"urlTemplate\":\"https:\\\/\\\/aztex.ee\\\/hu\\\/?s={search_term_string}\"},\"query-input\":{\"@type\":\"PropertyValueSpecification\",\"valueRequired\":true,\"valueName\":\"search_term_string\"}}],\"inLanguage\":\"hu\"},{\"@type\":\"Organization\",\"@id\":\"https:\\\/\\\/aztex.ee\\\/hu\\\/#organization\",\"name\":\"AZTEX\",\"url\":\"https:\\\/\\\/aztex.ee\\\/hu\\\/\",\"logo\":{\"@type\":\"ImageObject\",\"inLanguage\":\"hu\",\"@id\":\"https:\\\/\\\/aztex.ee\\\/hu\\\/#\\\/schema\\\/logo\\\/image\\\/\",\"url\":\"https:\\\/\\\/aztex.ee\\\/wp-content\\\/uploads\\\/2026\\\/01\\\/AZTEX.png\",\"contentUrl\":\"https:\\\/\\\/aztex.ee\\\/wp-content\\\/uploads\\\/2026\\\/01\\\/AZTEX.png\",\"width\":500,\"height\":500,\"caption\":\"AZTEX\"},\"image\":{\"@id\":\"https:\\\/\\\/aztex.ee\\\/hu\\\/#\\\/schema\\\/logo\\\/image\\\/\"},\"sameAs\":[\"https:\\\/\\\/www.facebook.com\\\/AztexEE\",\"https:\\\/\\\/www.instagram.com\\\/aztexeesti\\\/\",\"https:\\\/\\\/www.youtube.com\\\/@AZTEXEE\",\"https:\\\/\\\/www.pinterest.com\\\/aztex_eesti\\\/\",\"https:\\\/\\\/www.tiktok.com\\\/@aztexeesti\",\"https:\\\/\\\/www.trustpilot.com\\\/review\\\/aztex.ee\",\"https:\\\/\\\/www.linkedin.com\\\/company\\\/aztex-ee\\\/\",\"https:\\\/\\\/www.wikidata.org\\\/wiki\\\/Q137560182\"]}]}<\/script>\n<!-- \/ Yoast SEO plugin. -->","yoast_head_json":{"title":"AZTEX-r\u0151l | Min\u0151s\u00e9gi lak\u00e1stextilek \u00e9s \u00e1gynem\u0171k","description":"Az AZTEX egy nemzetk\u00f6zi lak\u00e1stextil m\u00e1rka, amely kiv\u00e1l\u00f3 min\u0151s\u00e9g\u0171 \u00e1gynem\u0171ket \u00e9s lak\u00e1stextil term\u00e9keket k\u00edn\u00e1l v\u00e1s\u00e1rl\u00f3inak vil\u00e1gszerte. A m\u00e1rka az AZTEX Eesti O\u00dc al\u00e1 tartozik, amely a Minu Baltic O\u00dc le\u00e1nyv\u00e1llalata. Az AZTEX alap\u00edt\u00f3ja Farid Ismayilov v\u00e1llalkoz\u00f3.","robots":{"index":"index","follow":"follow","max-snippet":"max-snippet:-1","max-image-preview":"max-image-preview:large","max-video-preview":"max-video-preview:-1"},"canonical":"https:\/\/aztex.ee\/hu\/aztex-rol\/","og_locale":"hu_HU","og_type":"article","og_title":"AZTEX-r\u0151l | Min\u0151s\u00e9gi lak\u00e1stextilek \u00e9s \u00e1gynem\u0171k","og_description":"Az AZTEX egy nemzetk\u00f6zi lak\u00e1stextil m\u00e1rka, amely kiv\u00e1l\u00f3 min\u0151s\u00e9g\u0171 \u00e1gynem\u0171ket \u00e9s lak\u00e1stextil term\u00e9keket k\u00edn\u00e1l v\u00e1s\u00e1rl\u00f3inak vil\u00e1gszerte. A m\u00e1rka az AZTEX Eesti O\u00dc al\u00e1 tartozik, amely a Minu Baltic O\u00dc le\u00e1nyv\u00e1llalata. Az AZTEX alap\u00edt\u00f3ja Farid Ismayilov v\u00e1llalkoz\u00f3.","og_url":"https:\/\/aztex.ee\/hu\/aztex-rol\/","og_site_name":"AZTEX","article_publisher":"https:\/\/www.facebook.com\/AztexEE","article_modified_time":"2026-03-16T10:18:15+00:00","twitter_card":"summary_large_image","twitter_misc":{"Becs\u00fclt olvas\u00e1si id\u0151":"2 perc"},"schema":{"@context":"https:\/\/schema.org","@graph":[{"@type":"WebPage","@id":"https:\/\/aztex.ee\/hu\/aztex-rol\/","url":"https:\/\/aztex.ee\/hu\/aztex-rol\/","name":"AZTEX-r\u0151l | Min\u0151s\u00e9gi lak\u00e1stextilek \u00e9s \u00e1gynem\u0171k","isPartOf":{"@id":"https:\/\/aztex.ee\/hu\/#website"},"datePublished":"2026-03-16T07:17:40+00:00","dateModified":"2026-03-16T10:18:15+00:00","description":"Az AZTEX egy nemzetk\u00f6zi lak\u00e1stextil m\u00e1rka, amely kiv\u00e1l\u00f3 min\u0151s\u00e9g\u0171 \u00e1gynem\u0171ket \u00e9s lak\u00e1stextil term\u00e9keket k\u00edn\u00e1l v\u00e1s\u00e1rl\u00f3inak vil\u00e1gszerte. A m\u00e1rka az AZTEX Eesti O\u00dc al\u00e1 tartozik, amely a Minu Baltic O\u00dc le\u00e1nyv\u00e1llalata. Az AZTEX alap\u00edt\u00f3ja Farid Ismayilov v\u00e1llalkoz\u00f3.","breadcrumb":{"@id":"https:\/\/aztex.ee\/hu\/aztex-rol\/#breadcrumb"},"inLanguage":"hu","potentialAction":[{"@type":"ReadAction","target":["https:\/\/aztex.ee\/hu\/aztex-rol\/"]}]},{"@type":"BreadcrumbList","@id":"https:\/\/aztex.ee\/hu\/aztex-rol\/#breadcrumb","itemListElement":[{"@type":"ListItem","position":1,"name":"F\u0151oldal","item":"https:\/\/aztex.ee\/hu\/"},{"@type":"ListItem","position":2,"name":"AZTEX-r\u0151l"}]},{"@type":"WebSite","@id":"https:\/\/aztex.ee\/hu\/#website","url":"https:\/\/aztex.ee\/hu\/","name":"AZTEX","description":"","publisher":{"@id":"https:\/\/aztex.ee\/hu\/#organization"},"potentialAction":[{"@type":"SearchAction","target":{"@type":"EntryPoint","urlTemplate":"https:\/\/aztex.ee\/hu\/?s={search_term_string}"},"query-input":{"@type":"PropertyValueSpecification","valueRequired":true,"valueName":"search_term_string"}}],"inLanguage":"hu"},{"@type":"Organization","@id":"https:\/\/aztex.ee\/hu\/#organization","name":"AZTEX","url":"https:\/\/aztex.ee\/hu\/","logo":{"@type":"ImageObject","inLanguage":"hu","@id":"https:\/\/aztex.ee\/hu\/#\/schema\/logo\/image\/","url":"https:\/\/aztex.ee\/wp-content\/uploads\/2026\/01\/AZTEX.png","contentUrl":"https:\/\/aztex.ee\/wp-content\/uploads\/2026\/01\/AZTEX.png","width":500,"height":500,"caption":"AZTEX"},"image":{"@id":"https:\/\/aztex.ee\/hu\/#\/schema\/logo\/image\/"},"sameAs":["https:\/\/www.facebook.com\/AztexEE","https:\/\/www.instagram.com\/aztexeesti\/","https:\/\/www.youtube.com\/@AZTEXEE","https:\/\/www.pinterest.com\/aztex_eesti\/","https:\/\/www.tiktok.com\/@aztexeesti","https:\/\/www.trustpilot.com\/review\/aztex.ee","https:\/\/www.linkedin.com\/company\/aztex-ee\/","https:\/\/www.wikidata.org\/wiki\/Q137560182"]}]}},"_links":{"self":[{"href":"https:\/\/aztex.ee\/hu\/wp-json\/wp\/v2\/pages\/107152","targetHints":{"allow":["GET"]}}],"collection":[{"href":"https:\/\/aztex.ee\/hu\/wp-json\/wp\/v2\/pages"}],"about":[{"href":"https:\/\/aztex.ee\/hu\/wp-json\/wp\/v2\/types\/page"}],"author":[{"embeddable":true,"href":"https:\/\/aztex.ee\/hu\/wp-json\/wp\/v2\/users\/1"}],"replies":[{"embeddable":true,"href":"https:\/\/aztex.ee\/hu\/wp-json\/wp\/v2\/comments?post=107152"}],"version-history":[{"count":4,"href":"https:\/\/aztex.ee\/hu\/wp-json\/wp\/v2\/pages\/107152\/revisions"}],"predecessor-version":[{"id":107213,"href":"https:\/\/aztex.ee\/hu\/wp-json\/wp\/v2\/pages\/107152\/revisions\/107213"}],"wp:attachment":[{"href":"https:\/\/aztex.ee\/hu\/wp-json\/wp\/v2\/media?parent=107152"}],"curies":[{"name":"wp","href":"https:\/\/api.w.org\/{rel}","templated":true}]}}